{"id":1056,"date":"2020-03-16T13:18:28","date_gmt":"2020-03-16T13:18:28","guid":{"rendered":"https:\/\/www.accartbooks.com\/uk\/?post_type=product&#038;p=1056"},"modified":"2026-03-31T17:10:20","modified_gmt":"2026-03-31T17:10:20","slug":"jean-leon-gerome-2","status":"publish","type":"product","link":"https:\/\/www.accartbooks.com\/uk\/book\/jean-leon-gerome-2\/","title":{"rendered":"Jean-L\u00e9on G\u00e9r\u00f4me"},"content":{"rendered":"<div>Jean-Leon G&eacute;r&ocirc;me has become a popular artist. Progressively more young people are showing interest in his work, and collectors worldwide are hunting down pieces of ever increasing value. Lost works are appearing on the market, and galleries are showcasing all they own. \n<\/div>\n<div>\n<\/div>\n<div>This volume is a condensed presentation of his monographs together with a catalogue raisonn&eacute;. It comprises a complete overview of G&eacute;r&ocirc;me&#8217;s life and long career.<\/div>\n","protected":false},"excerpt":{"rendered":"<p>Gerald M. Ackerman presents a complete overview of the popular artist Jean-Leon Gerome&#8217;s life and long career.<\/p>\n","protected":false},"featured_media":1057,"template":"","meta":{"_acf_changed":false,"_relevanssi_hide_post":"","_relevanssi_hide_content":"","_relevanssi_pin_for_all":"","_relevanssi_pin_keywords":"","_relevanssi_unpin_keywords":"","_relevanssi_related_keywords":"","_relevanssi_related_include_ids":"","_relevanssi_related_exclude_ids":"","_relevanssi_related_no_append":"","_relevanssi_related_not_related":"","_relevanssi_related_posts":"","_relevanssi_noindex_reason":""},"product_brand":[],"product_cat":[5568],"product_tag":[],"class_list":{"0":"post-1056","1":"product","2":"type-product","3":"status-publish","4":"has-post-thumbnail","6":"product_cat-art","7":"author-by-author-gerald-m-ackermann","8":"publisher-acr-edition","9":"series-pocket-colour-series","11":"first","12":"instock","13":"shipping-taxable","14":"purchasable","15":"product-type-simple"},"acf":[],"yoast_head":"<!-- This site is optimized with the Yoast SEO plugin v27.0 - https:\/\/yoast.com\/product\/yoast-seo-wordpress\/ -->\n<title>Jean-L\u00e9on G\u00e9r\u00f4me - ACC Art Books UK<\/title>\n<meta name=\"description\" content=\"Title: Jean-L\u00e9on G\u00e9r\u00f4me, Pages: 192 Pages, Publish Date: 1st Nov 2008, Author: Gerald M. Ackermann, ISBN: 9782867701016. Gerald M. Ackerman presents a complete overview of the popular artist Jean-Leon Gerome&#039;s life and long career.\" \/>\n<meta name=\"robots\" content=\"index, follow, max-snippet:-1, max-image-preview:large, max-video-preview:-1\" \/>\n<link rel=\"canonical\" href=\"https:\/\/www.accartbooks.com\/uk\/book\/jean-leon-gerome-2\/\" \/>\n<meta property=\"og:locale\" content=\"en_GB\" \/>\n<meta property=\"og:type\" content=\"article\" \/>\n<meta property=\"og:title\" content=\"Jean-L\u00e9on G\u00e9r\u00f4me - ACC Art Books UK\" \/>\n<meta property=\"og:description\" content=\"Title: Jean-L\u00e9on G\u00e9r\u00f4me, Pages: 192 Pages, Publish Date: 1st Nov 2008, Author: Gerald M. Ackermann, ISBN: 9782867701016. Gerald M. Ackerman presents a complete overview of the popular artist Jean-Leon Gerome&#039;s life and long career.\" \/>\n<meta property=\"og:url\" content=\"https:\/\/www.accartbooks.com\/uk\/book\/jean-leon-gerome-2\/\" \/>\n<meta property=\"og:site_name\" content=\"ACC Art Books UK\" \/>\n<meta property=\"article:publisher\" content=\"https:\/\/www.facebook.com\/ACCArtBooks\/\" \/>\n<meta property=\"article:modified_time\" content=\"2026-03-31T17:10:20+00:00\" \/>\n<meta property=\"og:image\" content=\"https:\/\/www.accartbooks.com\/app\/uploads\/books\/9782867701016-04-1.jpg\" \/>\n\t<meta property=\"og:image:width\" content=\"465\" \/>\n\t<meta property=\"og:image:height\" content=\"709\" \/>\n\t<meta property=\"og:image:type\" content=\"image\/jpeg\" \/>\n<meta name=\"twitter:card\" content=\"summary_large_image\" \/>\n<meta name=\"twitter:site\" content=\"@accartbooks\" \/>\n<script type=\"application\/ld+json\" class=\"yoast-schema-graph\">{\"@context\":\"https:\/\/schema.org\",\"@graph\":[{\"@type\":\"WebPage\",\"@id\":\"https:\/\/www.accartbooks.com\/uk\/book\/jean-leon-gerome-2\/\",\"url\":\"https:\/\/www.accartbooks.com\/uk\/book\/jean-leon-gerome-2\/\",\"name\":\"Jean-L\u00e9on G\u00e9r\u00f4me - ACC Art Books UK\",\"isPartOf\":{\"@id\":\"https:\/\/www.accartbooks.com\/uk\/#website\"},\"primaryImageOfPage\":{\"@id\":\"https:\/\/www.accartbooks.com\/uk\/book\/jean-leon-gerome-2\/#primaryimage\"},\"image\":{\"@id\":\"https:\/\/www.accartbooks.com\/uk\/book\/jean-leon-gerome-2\/#primaryimage\"},\"thumbnailUrl\":\"https:\/\/www.accartbooks.com\/app\/uploads\/books\/9782867701016-04-1.jpg\",\"datePublished\":\"2020-03-16T13:18:28+00:00\",\"dateModified\":\"2026-03-31T17:10:20+00:00\",\"description\":\"Title: Jean-L\u00e9on G\u00e9r\u00f4me, Pages: 192 Pages, Publish Date: 1st Nov 2008, Author: Gerald M. Ackermann, ISBN: 9782867701016. Gerald M. Ackerman presents a complete overview of the popular artist Jean-Leon Gerome's life and long career.\",\"breadcrumb\":{\"@id\":\"https:\/\/www.accartbooks.com\/uk\/book\/jean-leon-gerome-2\/#breadcrumb\"},\"inLanguage\":\"en-GB\",\"potentialAction\":[{\"@type\":\"ReadAction\",\"target\":[\"https:\/\/www.accartbooks.com\/uk\/book\/jean-leon-gerome-2\/\"]}]},{\"@type\":\"ImageObject\",\"inLanguage\":\"en-GB\",\"@id\":\"https:\/\/www.accartbooks.com\/uk\/book\/jean-leon-gerome-2\/#primaryimage\",\"url\":\"https:\/\/www.accartbooks.com\/app\/uploads\/books\/9782867701016-04-1.jpg\",\"contentUrl\":\"https:\/\/www.accartbooks.com\/app\/uploads\/books\/9782867701016-04-1.jpg\",\"width\":465,\"height\":709},{\"@type\":\"BreadcrumbList\",\"@id\":\"https:\/\/www.accartbooks.com\/uk\/book\/jean-leon-gerome-2\/#breadcrumb\",\"itemListElement\":[{\"@type\":\"ListItem\",\"position\":1,\"name\":\"Home\",\"item\":\"https:\/\/www.accartbooks.com\/uk\/\"},{\"@type\":\"ListItem\",\"position\":2,\"name\":\"Books\",\"item\":\"https:\/\/www.accartbooks.com\/uk\/books\/\"},{\"@type\":\"ListItem\",\"position\":3,\"name\":\"Jean-L\u00e9on G\u00e9r\u00f4me\"}]},{\"@type\":\"WebSite\",\"@id\":\"https:\/\/www.accartbooks.com\/uk\/#website\",\"url\":\"https:\/\/www.accartbooks.com\/uk\/\",\"name\":\"ACC Art Books UK\",\"description\":\"One of the world\u2019s leading publishers and distributors of books on the arts and visual culture\",\"publisher\":{\"@id\":\"https:\/\/www.accartbooks.com\/uk\/#organization\"},\"potentialAction\":[{\"@type\":\"SearchAction\",\"target\":{\"@type\":\"EntryPoint\",\"urlTemplate\":\"https:\/\/www.accartbooks.com\/uk\/?s={search_term_string}\"},\"query-input\":{\"@type\":\"PropertyValueSpecification\",\"valueRequired\":true,\"valueName\":\"search_term_string\"}}],\"inLanguage\":\"en-GB\"},{\"@type\":\"Organization\",\"@id\":\"https:\/\/www.accartbooks.com\/uk\/#organization\",\"name\":\"ACC Art Books UK\",\"url\":\"https:\/\/www.accartbooks.com\/uk\/\",\"logo\":{\"@type\":\"ImageObject\",\"inLanguage\":\"en-GB\",\"@id\":\"https:\/\/www.accartbooks.com\/uk\/#\/schema\/logo\/image\/\",\"url\":\"https:\/\/www.accartbooks.com\/app\/uploads\/2020\/05\/Acc-Logo.png\",\"contentUrl\":\"https:\/\/www.accartbooks.com\/app\/uploads\/2020\/05\/Acc-Logo.png\",\"width\":64,\"height\":100,\"caption\":\"ACC Art Books UK\"},\"image\":{\"@id\":\"https:\/\/www.accartbooks.com\/uk\/#\/schema\/logo\/image\/\"},\"sameAs\":[\"https:\/\/www.facebook.com\/ACCArtBooks\/\",\"https:\/\/x.com\/accartbooks\"]}]}<\/script>\n<!-- \/ Yoast SEO plugin. -->","yoast_head_json":{"title":"Jean-L\u00e9on G\u00e9r\u00f4me - ACC Art Books UK","description":"Title: Jean-L\u00e9on G\u00e9r\u00f4me, Pages: 192 Pages, Publish Date: 1st Nov 2008, Author: Gerald M. Ackermann, ISBN: 9782867701016. Gerald M. Ackerman presents a complete overview of the popular artist Jean-Leon Gerome's life and long career.","robots":{"index":"index","follow":"follow","max-snippet":"max-snippet:-1","max-image-preview":"max-image-preview:large","max-video-preview":"max-video-preview:-1"},"canonical":"https:\/\/www.accartbooks.com\/uk\/book\/jean-leon-gerome-2\/","og_locale":"en_GB","og_type":"article","og_title":"Jean-L\u00e9on G\u00e9r\u00f4me - ACC Art Books UK","og_description":"Title: Jean-L\u00e9on G\u00e9r\u00f4me, Pages: 192 Pages, Publish Date: 1st Nov 2008, Author: Gerald M. Ackermann, ISBN: 9782867701016. Gerald M. Ackerman presents a complete overview of the popular artist Jean-Leon Gerome's life and long career.","og_url":"https:\/\/www.accartbooks.com\/uk\/book\/jean-leon-gerome-2\/","og_site_name":"ACC Art Books UK","article_publisher":"https:\/\/www.facebook.com\/ACCArtBooks\/","article_modified_time":"2026-03-31T17:10:20+00:00","og_image":[{"width":465,"height":709,"url":"https:\/\/www.accartbooks.com\/app\/uploads\/books\/9782867701016-04-1.jpg","type":"image\/jpeg"}],"twitter_card":"summary_large_image","twitter_site":"@accartbooks","schema":{"@context":"https:\/\/schema.org","@graph":[{"@type":"WebPage","@id":"https:\/\/www.accartbooks.com\/uk\/book\/jean-leon-gerome-2\/","url":"https:\/\/www.accartbooks.com\/uk\/book\/jean-leon-gerome-2\/","name":"Jean-L\u00e9on G\u00e9r\u00f4me - ACC Art Books UK","isPartOf":{"@id":"https:\/\/www.accartbooks.com\/uk\/#website"},"primaryImageOfPage":{"@id":"https:\/\/www.accartbooks.com\/uk\/book\/jean-leon-gerome-2\/#primaryimage"},"image":{"@id":"https:\/\/www.accartbooks.com\/uk\/book\/jean-leon-gerome-2\/#primaryimage"},"thumbnailUrl":"https:\/\/www.accartbooks.com\/app\/uploads\/books\/9782867701016-04-1.jpg","datePublished":"2020-03-16T13:18:28+00:00","dateModified":"2026-03-31T17:10:20+00:00","description":"Title: Jean-L\u00e9on G\u00e9r\u00f4me, Pages: 192 Pages, Publish Date: 1st Nov 2008, Author: Gerald M. Ackermann, ISBN: 9782867701016. Gerald M. Ackerman presents a complete overview of the popular artist Jean-Leon Gerome's life and long career.","breadcrumb":{"@id":"https:\/\/www.accartbooks.com\/uk\/book\/jean-leon-gerome-2\/#breadcrumb"},"inLanguage":"en-GB","potentialAction":[{"@type":"ReadAction","target":["https:\/\/www.accartbooks.com\/uk\/book\/jean-leon-gerome-2\/"]}]},{"@type":"ImageObject","inLanguage":"en-GB","@id":"https:\/\/www.accartbooks.com\/uk\/book\/jean-leon-gerome-2\/#primaryimage","url":"https:\/\/www.accartbooks.com\/app\/uploads\/books\/9782867701016-04-1.jpg","contentUrl":"https:\/\/www.accartbooks.com\/app\/uploads\/books\/9782867701016-04-1.jpg","width":465,"height":709},{"@type":"BreadcrumbList","@id":"https:\/\/www.accartbooks.com\/uk\/book\/jean-leon-gerome-2\/#breadcrumb","itemListElement":[{"@type":"ListItem","position":1,"name":"Home","item":"https:\/\/www.accartbooks.com\/uk\/"},{"@type":"ListItem","position":2,"name":"Books","item":"https:\/\/www.accartbooks.com\/uk\/books\/"},{"@type":"ListItem","position":3,"name":"Jean-L\u00e9on G\u00e9r\u00f4me"}]},{"@type":"WebSite","@id":"https:\/\/www.accartbooks.com\/uk\/#website","url":"https:\/\/www.accartbooks.com\/uk\/","name":"ACC Art Books UK","description":"One of the world\u2019s leading publishers and distributors of books on the arts and visual culture","publisher":{"@id":"https:\/\/www.accartbooks.com\/uk\/#organization"},"potentialAction":[{"@type":"SearchAction","target":{"@type":"EntryPoint","urlTemplate":"https:\/\/www.accartbooks.com\/uk\/?s={search_term_string}"},"query-input":{"@type":"PropertyValueSpecification","valueRequired":true,"valueName":"search_term_string"}}],"inLanguage":"en-GB"},{"@type":"Organization","@id":"https:\/\/www.accartbooks.com\/uk\/#organization","name":"ACC Art Books UK","url":"https:\/\/www.accartbooks.com\/uk\/","logo":{"@type":"ImageObject","inLanguage":"en-GB","@id":"https:\/\/www.accartbooks.com\/uk\/#\/schema\/logo\/image\/","url":"https:\/\/www.accartbooks.com\/app\/uploads\/2020\/05\/Acc-Logo.png","contentUrl":"https:\/\/www.accartbooks.com\/app\/uploads\/2020\/05\/Acc-Logo.png","width":64,"height":100,"caption":"ACC Art Books UK"},"image":{"@id":"https:\/\/www.accartbooks.com\/uk\/#\/schema\/logo\/image\/"},"sameAs":["https:\/\/www.facebook.com\/ACCArtBooks\/","https:\/\/x.com\/accartbooks"]}]}},"_links":{"self":[{"href":"https:\/\/www.accartbooks.com\/uk\/wp-json\/wp\/v2\/product\/1056","targetHints":{"allow":["GET"]}}],"collection":[{"href":"https:\/\/www.accartbooks.com\/uk\/wp-json\/wp\/v2\/product"}],"about":[{"href":"https:\/\/www.accartbooks.com\/uk\/wp-json\/wp\/v2\/types\/product"}],"wp:featuredmedia":[{"embeddable":true,"href":"https:\/\/www.accartbooks.com\/uk\/wp-json\/wp\/v2\/media\/1057"}],"wp:attachment":[{"href":"https:\/\/www.accartbooks.com\/uk\/wp-json\/wp\/v2\/media?parent=1056"}],"wp:term":[{"taxonomy":"product_brand","embeddable":true,"href":"https:\/\/www.accartbooks.com\/uk\/wp-json\/wp\/v2\/product_brand?post=1056"},{"taxonomy":"product_cat","embeddable":true,"href":"https:\/\/www.accartbooks.com\/uk\/wp-json\/wp\/v2\/product_cat?post=1056"},{"taxonomy":"product_tag","embeddable":true,"href":"https:\/\/www.accartbooks.com\/uk\/wp-json\/wp\/v2\/product_tag?post=1056"}],"curies":[{"name":"wp","href":"https:\/\/api.w.org\/{rel}","templated":true}]}}