{"id":1060,"date":"2020-03-16T13:18:33","date_gmt":"2020-03-16T13:18:33","guid":{"rendered":"https:\/\/www.accartbooks.com\/uk\/?post_type=product&#038;p=1060"},"modified":"2024-03-22T19:23:14","modified_gmt":"2024-03-22T19:23:14","slug":"lart-du-siege-au-xviiie-siecle-en-france","status":"publish","type":"product","link":"https:\/\/www.accartbooks.com\/uk\/book\/lart-du-siege-au-xviiie-siecle-en-france\/","title":{"rendered":"L&#8217;Art du Si\u00e8ge au XVIIIe Si\u00e8cle en France"},"content":{"rendered":"<p><b>This book<\/b> focuses on the production of chairs, discussing the work of Avisse, Blanchard, Boucault, Carpentier, Cresson, Delanois, Foliot, Gourdin and Tilliard and recreates the environment centred around the leading figure Nicolas Heurtaut. Sculptors, gilders and upholsterers are the other professions which contribute to the elaboration of a chair. The book&#8217;s theoretical section is completed with more technical observations, notably on the art of distinguishing an authentic piece from an imitation. The period covered extends from the end of the regency style to the beginning of neo-classicism (1730-1775).   Text in French.<\/p>\n","protected":false},"excerpt":{"rendered":"<p>A study of chair-carpenters, that recreates the environment centred around the leading figure Nicolas Heurtaut. The period covered extends from the end of the regency style to the beginning of neo-classicism (1730-1775).<\/p>\n","protected":false},"featured_media":1061,"template":"","meta":{"_acf_changed":false,"_relevanssi_hide_post":"","_relevanssi_hide_content":"","_relevanssi_pin_for_all":"","_relevanssi_pin_keywords":"","_relevanssi_unpin_keywords":"","_relevanssi_related_keywords":"","_relevanssi_related_include_ids":"","_relevanssi_related_exclude_ids":"","_relevanssi_related_no_append":"","_relevanssi_related_not_related":"","_relevanssi_related_posts":"","_relevanssi_noindex_reason":""},"product_brand":[],"product_cat":[21060],"product_tag":[],"class_list":{"0":"post-1060","1":"product","2":"type-product","3":"status-publish","4":"has-post-thumbnail","6":"product_cat-decorative-arts","7":"author-by-author-bill-g-b-pallot","8":"publisher-acr-edition","10":"first","11":"instock","12":"shipping-taxable","13":"purchasable","14":"product-type-simple"},"acf":[],"yoast_head":"<!-- This site is optimized with the Yoast SEO plugin v27.0 - https:\/\/yoast.com\/product\/yoast-seo-wordpress\/ -->\n<title>L&#039;Art du Si\u00e8ge au XVIIIe Si\u00e8cle en France - ACC Art Books UK<\/title>\n<meta name=\"description\" content=\"Title: L&#039;Art du Si\u00e8ge au XVIIIe Si\u00e8cle en France, Pages: 332 Pages, Publish Date: 8th Mar 2010, Author: Bill G.B. Pallot, ISBN: 9782867700231. A study of chair-carpenters, that recreates the environment centred around the leading figure Nicolas Heurtaut. The period covered extends from the end of the regency style to the beginning of neo-classicism (1730-1775).\" \/>\n<meta name=\"robots\" content=\"index, follow, max-snippet:-1, max-image-preview:large, max-video-preview:-1\" \/>\n<link rel=\"canonical\" href=\"https:\/\/www.accartbooks.com\/uk\/book\/lart-du-siege-au-xviiie-siecle-en-france\/\" \/>\n<meta property=\"og:locale\" content=\"en_GB\" \/>\n<meta property=\"og:type\" content=\"article\" \/>\n<meta property=\"og:title\" content=\"L&#039;Art du Si\u00e8ge au XVIIIe Si\u00e8cle en France - ACC Art Books UK\" \/>\n<meta property=\"og:description\" content=\"Title: L&#039;Art du Si\u00e8ge au XVIIIe Si\u00e8cle en France, Pages: 332 Pages, Publish Date: 8th Mar 2010, Author: Bill G.B. Pallot, ISBN: 9782867700231. A study of chair-carpenters, that recreates the environment centred around the leading figure Nicolas Heurtaut. The period covered extends from the end of the regency style to the beginning of neo-classicism (1730-1775).\" \/>\n<meta property=\"og:url\" content=\"https:\/\/www.accartbooks.com\/uk\/book\/lart-du-siege-au-xviiie-siecle-en-france\/\" \/>\n<meta property=\"og:site_name\" content=\"ACC Art Books UK\" \/>\n<meta property=\"article:publisher\" content=\"https:\/\/www.facebook.com\/ACCArtBooks\/\" \/>\n<meta property=\"article:modified_time\" content=\"2024-03-22T19:23:14+00:00\" \/>\n<meta property=\"og:image\" content=\"https:\/\/www.accartbooks.com\/app\/uploads\/books\/9782867700231-04-1.jpg\" \/>\n\t<meta property=\"og:image:width\" content=\"600\" \/>\n\t<meta property=\"og:image:height\" content=\"766\" \/>\n\t<meta property=\"og:image:type\" content=\"image\/jpeg\" \/>\n<meta name=\"twitter:card\" content=\"summary_large_image\" \/>\n<meta name=\"twitter:site\" content=\"@accartbooks\" \/>\n<script type=\"application\/ld+json\" class=\"yoast-schema-graph\">{\"@context\":\"https:\/\/schema.org\",\"@graph\":[{\"@type\":\"WebPage\",\"@id\":\"https:\/\/www.accartbooks.com\/uk\/book\/lart-du-siege-au-xviiie-siecle-en-france\/\",\"url\":\"https:\/\/www.accartbooks.com\/uk\/book\/lart-du-siege-au-xviiie-siecle-en-france\/\",\"name\":\"L'Art du Si\u00e8ge au XVIIIe Si\u00e8cle en France - ACC Art Books UK\",\"isPartOf\":{\"@id\":\"https:\/\/www.accartbooks.com\/uk\/#website\"},\"primaryImageOfPage\":{\"@id\":\"https:\/\/www.accartbooks.com\/uk\/book\/lart-du-siege-au-xviiie-siecle-en-france\/#primaryimage\"},\"image\":{\"@id\":\"https:\/\/www.accartbooks.com\/uk\/book\/lart-du-siege-au-xviiie-siecle-en-france\/#primaryimage\"},\"thumbnailUrl\":\"https:\/\/www.accartbooks.com\/app\/uploads\/books\/9782867700231-04-1.jpg\",\"datePublished\":\"2020-03-16T13:18:33+00:00\",\"dateModified\":\"2024-03-22T19:23:14+00:00\",\"description\":\"Title: L'Art du Si\u00e8ge au XVIIIe Si\u00e8cle en France, Pages: 332 Pages, Publish Date: 8th Mar 2010, Author: Bill G.B. Pallot, ISBN: 9782867700231. A study of chair-carpenters, that recreates the environment centred around the leading figure Nicolas Heurtaut. The period covered extends from the end of the regency style to the beginning of neo-classicism (1730-1775).\",\"breadcrumb\":{\"@id\":\"https:\/\/www.accartbooks.com\/uk\/book\/lart-du-siege-au-xviiie-siecle-en-france\/#breadcrumb\"},\"inLanguage\":\"en-GB\",\"potentialAction\":[{\"@type\":\"ReadAction\",\"target\":[\"https:\/\/www.accartbooks.com\/uk\/book\/lart-du-siege-au-xviiie-siecle-en-france\/\"]}]},{\"@type\":\"ImageObject\",\"inLanguage\":\"en-GB\",\"@id\":\"https:\/\/www.accartbooks.com\/uk\/book\/lart-du-siege-au-xviiie-siecle-en-france\/#primaryimage\",\"url\":\"https:\/\/www.accartbooks.com\/app\/uploads\/books\/9782867700231-04-1.jpg\",\"contentUrl\":\"https:\/\/www.accartbooks.com\/app\/uploads\/books\/9782867700231-04-1.jpg\",\"width\":600,\"height\":766},{\"@type\":\"BreadcrumbList\",\"@id\":\"https:\/\/www.accartbooks.com\/uk\/book\/lart-du-siege-au-xviiie-siecle-en-france\/#breadcrumb\",\"itemListElement\":[{\"@type\":\"ListItem\",\"position\":1,\"name\":\"Home\",\"item\":\"https:\/\/www.accartbooks.com\/uk\/\"},{\"@type\":\"ListItem\",\"position\":2,\"name\":\"Books\",\"item\":\"https:\/\/www.accartbooks.com\/uk\/books\/\"},{\"@type\":\"ListItem\",\"position\":3,\"name\":\"L&#8217;Art du Si\u00e8ge au XVIIIe Si\u00e8cle en France\"}]},{\"@type\":\"WebSite\",\"@id\":\"https:\/\/www.accartbooks.com\/uk\/#website\",\"url\":\"https:\/\/www.accartbooks.com\/uk\/\",\"name\":\"ACC Art Books UK\",\"description\":\"One of the world\u2019s leading publishers and distributors of books on the arts and visual culture\",\"publisher\":{\"@id\":\"https:\/\/www.accartbooks.com\/uk\/#organization\"},\"potentialAction\":[{\"@type\":\"SearchAction\",\"target\":{\"@type\":\"EntryPoint\",\"urlTemplate\":\"https:\/\/www.accartbooks.com\/uk\/?s={search_term_string}\"},\"query-input\":{\"@type\":\"PropertyValueSpecification\",\"valueRequired\":true,\"valueName\":\"search_term_string\"}}],\"inLanguage\":\"en-GB\"},{\"@type\":\"Organization\",\"@id\":\"https:\/\/www.accartbooks.com\/uk\/#organization\",\"name\":\"ACC Art Books UK\",\"url\":\"https:\/\/www.accartbooks.com\/uk\/\",\"logo\":{\"@type\":\"ImageObject\",\"inLanguage\":\"en-GB\",\"@id\":\"https:\/\/www.accartbooks.com\/uk\/#\/schema\/logo\/image\/\",\"url\":\"https:\/\/www.accartbooks.com\/app\/uploads\/2020\/05\/Acc-Logo.png\",\"contentUrl\":\"https:\/\/www.accartbooks.com\/app\/uploads\/2020\/05\/Acc-Logo.png\",\"width\":64,\"height\":100,\"caption\":\"ACC Art Books UK\"},\"image\":{\"@id\":\"https:\/\/www.accartbooks.com\/uk\/#\/schema\/logo\/image\/\"},\"sameAs\":[\"https:\/\/www.facebook.com\/ACCArtBooks\/\",\"https:\/\/x.com\/accartbooks\"]}]}<\/script>\n<!-- \/ Yoast SEO plugin. -->","yoast_head_json":{"title":"L'Art du Si\u00e8ge au XVIIIe Si\u00e8cle en France - ACC Art Books UK","description":"Title: L'Art du Si\u00e8ge au XVIIIe Si\u00e8cle en France, Pages: 332 Pages, Publish Date: 8th Mar 2010, Author: Bill G.B. Pallot, ISBN: 9782867700231. A study of chair-carpenters, that recreates the environment centred around the leading figure Nicolas Heurtaut. The period covered extends from the end of the regency style to the beginning of neo-classicism (1730-1775).","robots":{"index":"index","follow":"follow","max-snippet":"max-snippet:-1","max-image-preview":"max-image-preview:large","max-video-preview":"max-video-preview:-1"},"canonical":"https:\/\/www.accartbooks.com\/uk\/book\/lart-du-siege-au-xviiie-siecle-en-france\/","og_locale":"en_GB","og_type":"article","og_title":"L'Art du Si\u00e8ge au XVIIIe Si\u00e8cle en France - ACC Art Books UK","og_description":"Title: L'Art du Si\u00e8ge au XVIIIe Si\u00e8cle en France, Pages: 332 Pages, Publish Date: 8th Mar 2010, Author: Bill G.B. Pallot, ISBN: 9782867700231. A study of chair-carpenters, that recreates the environment centred around the leading figure Nicolas Heurtaut. The period covered extends from the end of the regency style to the beginning of neo-classicism (1730-1775).","og_url":"https:\/\/www.accartbooks.com\/uk\/book\/lart-du-siege-au-xviiie-siecle-en-france\/","og_site_name":"ACC Art Books UK","article_publisher":"https:\/\/www.facebook.com\/ACCArtBooks\/","article_modified_time":"2024-03-22T19:23:14+00:00","og_image":[{"width":600,"height":766,"url":"https:\/\/www.accartbooks.com\/app\/uploads\/books\/9782867700231-04-1.jpg","type":"image\/jpeg"}],"twitter_card":"summary_large_image","twitter_site":"@accartbooks","schema":{"@context":"https:\/\/schema.org","@graph":[{"@type":"WebPage","@id":"https:\/\/www.accartbooks.com\/uk\/book\/lart-du-siege-au-xviiie-siecle-en-france\/","url":"https:\/\/www.accartbooks.com\/uk\/book\/lart-du-siege-au-xviiie-siecle-en-france\/","name":"L'Art du Si\u00e8ge au XVIIIe Si\u00e8cle en France - ACC Art Books UK","isPartOf":{"@id":"https:\/\/www.accartbooks.com\/uk\/#website"},"primaryImageOfPage":{"@id":"https:\/\/www.accartbooks.com\/uk\/book\/lart-du-siege-au-xviiie-siecle-en-france\/#primaryimage"},"image":{"@id":"https:\/\/www.accartbooks.com\/uk\/book\/lart-du-siege-au-xviiie-siecle-en-france\/#primaryimage"},"thumbnailUrl":"https:\/\/www.accartbooks.com\/app\/uploads\/books\/9782867700231-04-1.jpg","datePublished":"2020-03-16T13:18:33+00:00","dateModified":"2024-03-22T19:23:14+00:00","description":"Title: L'Art du Si\u00e8ge au XVIIIe Si\u00e8cle en France, Pages: 332 Pages, Publish Date: 8th Mar 2010, Author: Bill G.B. Pallot, ISBN: 9782867700231. A study of chair-carpenters, that recreates the environment centred around the leading figure Nicolas Heurtaut. The period covered extends from the end of the regency style to the beginning of neo-classicism (1730-1775).","breadcrumb":{"@id":"https:\/\/www.accartbooks.com\/uk\/book\/lart-du-siege-au-xviiie-siecle-en-france\/#breadcrumb"},"inLanguage":"en-GB","potentialAction":[{"@type":"ReadAction","target":["https:\/\/www.accartbooks.com\/uk\/book\/lart-du-siege-au-xviiie-siecle-en-france\/"]}]},{"@type":"ImageObject","inLanguage":"en-GB","@id":"https:\/\/www.accartbooks.com\/uk\/book\/lart-du-siege-au-xviiie-siecle-en-france\/#primaryimage","url":"https:\/\/www.accartbooks.com\/app\/uploads\/books\/9782867700231-04-1.jpg","contentUrl":"https:\/\/www.accartbooks.com\/app\/uploads\/books\/9782867700231-04-1.jpg","width":600,"height":766},{"@type":"BreadcrumbList","@id":"https:\/\/www.accartbooks.com\/uk\/book\/lart-du-siege-au-xviiie-siecle-en-france\/#breadcrumb","itemListElement":[{"@type":"ListItem","position":1,"name":"Home","item":"https:\/\/www.accartbooks.com\/uk\/"},{"@type":"ListItem","position":2,"name":"Books","item":"https:\/\/www.accartbooks.com\/uk\/books\/"},{"@type":"ListItem","position":3,"name":"L&#8217;Art du Si\u00e8ge au XVIIIe Si\u00e8cle en France"}]},{"@type":"WebSite","@id":"https:\/\/www.accartbooks.com\/uk\/#website","url":"https:\/\/www.accartbooks.com\/uk\/","name":"ACC Art Books UK","description":"One of the world\u2019s leading publishers and distributors of books on the arts and visual culture","publisher":{"@id":"https:\/\/www.accartbooks.com\/uk\/#organization"},"potentialAction":[{"@type":"SearchAction","target":{"@type":"EntryPoint","urlTemplate":"https:\/\/www.accartbooks.com\/uk\/?s={search_term_string}"},"query-input":{"@type":"PropertyValueSpecification","valueRequired":true,"valueName":"search_term_string"}}],"inLanguage":"en-GB"},{"@type":"Organization","@id":"https:\/\/www.accartbooks.com\/uk\/#organization","name":"ACC Art Books UK","url":"https:\/\/www.accartbooks.com\/uk\/","logo":{"@type":"ImageObject","inLanguage":"en-GB","@id":"https:\/\/www.accartbooks.com\/uk\/#\/schema\/logo\/image\/","url":"https:\/\/www.accartbooks.com\/app\/uploads\/2020\/05\/Acc-Logo.png","contentUrl":"https:\/\/www.accartbooks.com\/app\/uploads\/2020\/05\/Acc-Logo.png","width":64,"height":100,"caption":"ACC Art Books UK"},"image":{"@id":"https:\/\/www.accartbooks.com\/uk\/#\/schema\/logo\/image\/"},"sameAs":["https:\/\/www.facebook.com\/ACCArtBooks\/","https:\/\/x.com\/accartbooks"]}]}},"_links":{"self":[{"href":"https:\/\/www.accartbooks.com\/uk\/wp-json\/wp\/v2\/product\/1060","targetHints":{"allow":["GET"]}}],"collection":[{"href":"https:\/\/www.accartbooks.com\/uk\/wp-json\/wp\/v2\/product"}],"about":[{"href":"https:\/\/www.accartbooks.com\/uk\/wp-json\/wp\/v2\/types\/product"}],"wp:featuredmedia":[{"embeddable":true,"href":"https:\/\/www.accartbooks.com\/uk\/wp-json\/wp\/v2\/media\/1061"}],"wp:attachment":[{"href":"https:\/\/www.accartbooks.com\/uk\/wp-json\/wp\/v2\/media?parent=1060"}],"wp:term":[{"taxonomy":"product_brand","embeddable":true,"href":"https:\/\/www.accartbooks.com\/uk\/wp-json\/wp\/v2\/product_brand?post=1060"},{"taxonomy":"product_cat","embeddable":true,"href":"https:\/\/www.accartbooks.com\/uk\/wp-json\/wp\/v2\/product_cat?post=1060"},{"taxonomy":"product_tag","embeddable":true,"href":"https:\/\/www.accartbooks.com\/uk\/wp-json\/wp\/v2\/product_tag?post=1060"}],"curies":[{"name":"wp","href":"https:\/\/api.w.org\/{rel}","templated":true}]}}