{"id":10836,"date":"2020-03-16T21:57:44","date_gmt":"2020-03-16T21:57:44","guid":{"rendered":"https:\/\/www.accartbooks.com\/uk\/?post_type=product&#038;p=10836"},"modified":"2026-03-28T17:11:48","modified_gmt":"2026-03-28T17:11:48","slug":"brick-stone-metal-wood","status":"publish","type":"product","link":"https:\/\/www.accartbooks.com\/uk\/book\/brick-stone-metal-wood\/","title":{"rendered":"Brick Stone Metal Wood"},"content":{"rendered":"<p>The buildings of the past were constructed with readily available and local materials, such as stone, wood, or handmade bricks. Architects in the modern era, however, can choose from an ever increasing number of new materials, each one allowing for different advances in design.  And yet the traditional materials have never been entirely supplanted; they still form an important part of the architectural range and are still used by architects the world over. The humble brick, for example, has remained a constant throughout the history of architecture, as has timber with its flexibility and warm tones. But today such elements can be used in conjunction with newer materials to highlight their natural beauty in many different ways: creating a stunning metal facade, wrapping a building with a cool, sleek stone finish, designing a wall with an eye-catching interesting texture, or adding depth or warmth to an internal design. Traditional metals are also finding new use, being employed to coat a structure in a light metal skin that reflects the sunlight, or embedded onto a building to add interest and texture. This book journeys through a curated selection of stunning examples from across the world, showcasing how each material is creatively used over a diverse range of building types and styles, and illustrating the myriad possibilities and forms available to the modern architect who chooses to rework these age-old materials into a brand-new decorative yet functional form.<\/p>\n","protected":false},"excerpt":{"rendered":"<p><i>Brick Stone Metal Wood<\/i> offers a compelling illustrative journey, using a wide range of examples from across the world, of what can be achieved by using traditional materials in conjunction with modern materials to create a contemporary and modern structure.<\/p>\n","protected":false},"featured_media":10837,"template":"","meta":{"_acf_changed":false,"_relevanssi_hide_post":"","_relevanssi_hide_content":"","_relevanssi_pin_for_all":"","_relevanssi_pin_keywords":"","_relevanssi_unpin_keywords":"","_relevanssi_related_keywords":"","_relevanssi_related_include_ids":"","_relevanssi_related_exclude_ids":"","_relevanssi_related_no_append":"","_relevanssi_related_not_related":"","_relevanssi_related_posts":"","_relevanssi_noindex_reason":""},"product_brand":[],"product_cat":[5559],"product_tag":[],"class_list":{"0":"post-10836","1":"product","2":"type-product","3":"status-publish","4":"has-post-thumbnail","6":"product_cat-architecture-landscape-design","7":"author-introduction-by-begona-de-abajo-castrillo","8":"author-introduction-by-carlos-garcia-fernandez","9":"publisher-the-images-publishing-group","11":"first","12":"instock","13":"shipping-taxable","14":"purchasable","15":"product-type-simple"},"acf":[],"yoast_head":"<!-- This site is optimized with the Yoast SEO plugin v27.0 - https:\/\/yoast.com\/product\/yoast-seo-wordpress\/ -->\n<title>Brick Stone Metal Wood - ACC Art Books UK<\/title>\n<meta name=\"description\" content=\"Title: Brick Stone Metal Wood, Pages: 256 Pages, Publish Date: 8th May 2019, Author: Introduction by Bego\u00f1a de Abajo Castrillo, Introduction by Carlos Garc\u00eda Fern\u00e1ndez, ISBN: 9781864708370. Brick Stone Metal Wood offers a compelling illustrative journey, using a wide range of examples from across the world, of what can be achieved by using traditional materials in conjunction with modern materials to create a contemporary and modern structure.\" \/>\n<meta name=\"robots\" content=\"index, follow, max-snippet:-1, max-image-preview:large, max-video-preview:-1\" \/>\n<link rel=\"canonical\" href=\"https:\/\/www.accartbooks.com\/uk\/book\/brick-stone-metal-wood\/\" \/>\n<meta property=\"og:locale\" content=\"en_GB\" \/>\n<meta property=\"og:type\" content=\"article\" \/>\n<meta property=\"og:title\" content=\"Brick Stone Metal Wood - ACC Art Books UK\" \/>\n<meta property=\"og:description\" content=\"Title: Brick Stone Metal Wood, Pages: 256 Pages, Publish Date: 8th May 2019, Author: Introduction by Bego\u00f1a de Abajo Castrillo, Introduction by Carlos Garc\u00eda Fern\u00e1ndez, ISBN: 9781864708370. Brick Stone Metal Wood offers a compelling illustrative journey, using a wide range of examples from across the world, of what can be achieved by using traditional materials in conjunction with modern materials to create a contemporary and modern structure.\" \/>\n<meta property=\"og:url\" content=\"https:\/\/www.accartbooks.com\/uk\/book\/brick-stone-metal-wood\/\" \/>\n<meta property=\"og:site_name\" content=\"ACC Art Books UK\" \/>\n<meta property=\"article:publisher\" content=\"https:\/\/www.facebook.com\/ACCArtBooks\/\" \/>\n<meta property=\"article:modified_time\" content=\"2026-03-28T17:11:48+00:00\" \/>\n<meta property=\"og:image\" content=\"https:\/\/www.accartbooks.com\/app\/uploads\/books\/9781864708370-04-1.jpg\" \/>\n\t<meta property=\"og:image:width\" content=\"762\" \/>\n\t<meta property=\"og:image:height\" content=\"1000\" \/>\n\t<meta property=\"og:image:type\" content=\"image\/jpeg\" \/>\n<meta name=\"twitter:card\" content=\"summary_large_image\" \/>\n<meta name=\"twitter:site\" content=\"@accartbooks\" \/>\n<meta name=\"twitter:label1\" content=\"Estimated reading time\" \/>\n\t<meta name=\"twitter:data1\" content=\"1 minute\" \/>\n<script type=\"application\/ld+json\" class=\"yoast-schema-graph\">{\"@context\":\"https:\/\/schema.org\",\"@graph\":[{\"@type\":\"WebPage\",\"@id\":\"https:\/\/www.accartbooks.com\/uk\/book\/brick-stone-metal-wood\/\",\"url\":\"https:\/\/www.accartbooks.com\/uk\/book\/brick-stone-metal-wood\/\",\"name\":\"Brick Stone Metal Wood - ACC Art Books UK\",\"isPartOf\":{\"@id\":\"https:\/\/www.accartbooks.com\/uk\/#website\"},\"primaryImageOfPage\":{\"@id\":\"https:\/\/www.accartbooks.com\/uk\/book\/brick-stone-metal-wood\/#primaryimage\"},\"image\":{\"@id\":\"https:\/\/www.accartbooks.com\/uk\/book\/brick-stone-metal-wood\/#primaryimage\"},\"thumbnailUrl\":\"https:\/\/www.accartbooks.com\/app\/uploads\/books\/9781864708370-04-1.jpg\",\"datePublished\":\"2020-03-16T21:57:44+00:00\",\"dateModified\":\"2026-03-28T17:11:48+00:00\",\"description\":\"Title: Brick Stone Metal Wood, Pages: 256 Pages, Publish Date: 8th May 2019, Author: Introduction by Bego\u00f1a de Abajo Castrillo, Introduction by Carlos Garc\u00eda Fern\u00e1ndez, ISBN: 9781864708370. Brick Stone Metal Wood offers a compelling illustrative journey, using a wide range of examples from across the world, of what can be achieved by using traditional materials in conjunction with modern materials to create a contemporary and modern structure.\",\"breadcrumb\":{\"@id\":\"https:\/\/www.accartbooks.com\/uk\/book\/brick-stone-metal-wood\/#breadcrumb\"},\"inLanguage\":\"en-GB\",\"potentialAction\":[{\"@type\":\"ReadAction\",\"target\":[\"https:\/\/www.accartbooks.com\/uk\/book\/brick-stone-metal-wood\/\"]}]},{\"@type\":\"ImageObject\",\"inLanguage\":\"en-GB\",\"@id\":\"https:\/\/www.accartbooks.com\/uk\/book\/brick-stone-metal-wood\/#primaryimage\",\"url\":\"https:\/\/www.accartbooks.com\/app\/uploads\/books\/9781864708370-04-1.jpg\",\"contentUrl\":\"https:\/\/www.accartbooks.com\/app\/uploads\/books\/9781864708370-04-1.jpg\",\"width\":762,\"height\":1000},{\"@type\":\"BreadcrumbList\",\"@id\":\"https:\/\/www.accartbooks.com\/uk\/book\/brick-stone-metal-wood\/#breadcrumb\",\"itemListElement\":[{\"@type\":\"ListItem\",\"position\":1,\"name\":\"Home\",\"item\":\"https:\/\/www.accartbooks.com\/uk\/\"},{\"@type\":\"ListItem\",\"position\":2,\"name\":\"Books\",\"item\":\"https:\/\/www.accartbooks.com\/uk\/books\/\"},{\"@type\":\"ListItem\",\"position\":3,\"name\":\"Brick Stone Metal Wood\"}]},{\"@type\":\"WebSite\",\"@id\":\"https:\/\/www.accartbooks.com\/uk\/#website\",\"url\":\"https:\/\/www.accartbooks.com\/uk\/\",\"name\":\"ACC Art Books UK\",\"description\":\"One of the world\u2019s leading publishers and distributors of books on the arts and visual culture\",\"publisher\":{\"@id\":\"https:\/\/www.accartbooks.com\/uk\/#organization\"},\"potentialAction\":[{\"@type\":\"SearchAction\",\"target\":{\"@type\":\"EntryPoint\",\"urlTemplate\":\"https:\/\/www.accartbooks.com\/uk\/?s={search_term_string}\"},\"query-input\":{\"@type\":\"PropertyValueSpecification\",\"valueRequired\":true,\"valueName\":\"search_term_string\"}}],\"inLanguage\":\"en-GB\"},{\"@type\":\"Organization\",\"@id\":\"https:\/\/www.accartbooks.com\/uk\/#organization\",\"name\":\"ACC Art Books UK\",\"url\":\"https:\/\/www.accartbooks.com\/uk\/\",\"logo\":{\"@type\":\"ImageObject\",\"inLanguage\":\"en-GB\",\"@id\":\"https:\/\/www.accartbooks.com\/uk\/#\/schema\/logo\/image\/\",\"url\":\"https:\/\/www.accartbooks.com\/app\/uploads\/2020\/05\/Acc-Logo.png\",\"contentUrl\":\"https:\/\/www.accartbooks.com\/app\/uploads\/2020\/05\/Acc-Logo.png\",\"width\":64,\"height\":100,\"caption\":\"ACC Art Books UK\"},\"image\":{\"@id\":\"https:\/\/www.accartbooks.com\/uk\/#\/schema\/logo\/image\/\"},\"sameAs\":[\"https:\/\/www.facebook.com\/ACCArtBooks\/\",\"https:\/\/x.com\/accartbooks\"]}]}<\/script>\n<!-- \/ Yoast SEO plugin. -->","yoast_head_json":{"title":"Brick Stone Metal Wood - ACC Art Books UK","description":"Title: Brick Stone Metal Wood, Pages: 256 Pages, Publish Date: 8th May 2019, Author: Introduction by Bego\u00f1a de Abajo Castrillo, Introduction by Carlos Garc\u00eda Fern\u00e1ndez, ISBN: 9781864708370. Brick Stone Metal Wood offers a compelling illustrative journey, using a wide range of examples from across the world, of what can be achieved by using traditional materials in conjunction with modern materials to create a contemporary and modern structure.","robots":{"index":"index","follow":"follow","max-snippet":"max-snippet:-1","max-image-preview":"max-image-preview:large","max-video-preview":"max-video-preview:-1"},"canonical":"https:\/\/www.accartbooks.com\/uk\/book\/brick-stone-metal-wood\/","og_locale":"en_GB","og_type":"article","og_title":"Brick Stone Metal Wood - ACC Art Books UK","og_description":"Title: Brick Stone Metal Wood, Pages: 256 Pages, Publish Date: 8th May 2019, Author: Introduction by Bego\u00f1a de Abajo Castrillo, Introduction by Carlos Garc\u00eda Fern\u00e1ndez, ISBN: 9781864708370. Brick Stone Metal Wood offers a compelling illustrative journey, using a wide range of examples from across the world, of what can be achieved by using traditional materials in conjunction with modern materials to create a contemporary and modern structure.","og_url":"https:\/\/www.accartbooks.com\/uk\/book\/brick-stone-metal-wood\/","og_site_name":"ACC Art Books UK","article_publisher":"https:\/\/www.facebook.com\/ACCArtBooks\/","article_modified_time":"2026-03-28T17:11:48+00:00","og_image":[{"width":762,"height":1000,"url":"https:\/\/www.accartbooks.com\/app\/uploads\/books\/9781864708370-04-1.jpg","type":"image\/jpeg"}],"twitter_card":"summary_large_image","twitter_site":"@accartbooks","twitter_misc":{"Estimated reading time":"1 minute"},"schema":{"@context":"https:\/\/schema.org","@graph":[{"@type":"WebPage","@id":"https:\/\/www.accartbooks.com\/uk\/book\/brick-stone-metal-wood\/","url":"https:\/\/www.accartbooks.com\/uk\/book\/brick-stone-metal-wood\/","name":"Brick Stone Metal Wood - ACC Art Books UK","isPartOf":{"@id":"https:\/\/www.accartbooks.com\/uk\/#website"},"primaryImageOfPage":{"@id":"https:\/\/www.accartbooks.com\/uk\/book\/brick-stone-metal-wood\/#primaryimage"},"image":{"@id":"https:\/\/www.accartbooks.com\/uk\/book\/brick-stone-metal-wood\/#primaryimage"},"thumbnailUrl":"https:\/\/www.accartbooks.com\/app\/uploads\/books\/9781864708370-04-1.jpg","datePublished":"2020-03-16T21:57:44+00:00","dateModified":"2026-03-28T17:11:48+00:00","description":"Title: Brick Stone Metal Wood, Pages: 256 Pages, Publish Date: 8th May 2019, Author: Introduction by Bego\u00f1a de Abajo Castrillo, Introduction by Carlos Garc\u00eda Fern\u00e1ndez, ISBN: 9781864708370. Brick Stone Metal Wood offers a compelling illustrative journey, using a wide range of examples from across the world, of what can be achieved by using traditional materials in conjunction with modern materials to create a contemporary and modern structure.","breadcrumb":{"@id":"https:\/\/www.accartbooks.com\/uk\/book\/brick-stone-metal-wood\/#breadcrumb"},"inLanguage":"en-GB","potentialAction":[{"@type":"ReadAction","target":["https:\/\/www.accartbooks.com\/uk\/book\/brick-stone-metal-wood\/"]}]},{"@type":"ImageObject","inLanguage":"en-GB","@id":"https:\/\/www.accartbooks.com\/uk\/book\/brick-stone-metal-wood\/#primaryimage","url":"https:\/\/www.accartbooks.com\/app\/uploads\/books\/9781864708370-04-1.jpg","contentUrl":"https:\/\/www.accartbooks.com\/app\/uploads\/books\/9781864708370-04-1.jpg","width":762,"height":1000},{"@type":"BreadcrumbList","@id":"https:\/\/www.accartbooks.com\/uk\/book\/brick-stone-metal-wood\/#breadcrumb","itemListElement":[{"@type":"ListItem","position":1,"name":"Home","item":"https:\/\/www.accartbooks.com\/uk\/"},{"@type":"ListItem","position":2,"name":"Books","item":"https:\/\/www.accartbooks.com\/uk\/books\/"},{"@type":"ListItem","position":3,"name":"Brick Stone Metal Wood"}]},{"@type":"WebSite","@id":"https:\/\/www.accartbooks.com\/uk\/#website","url":"https:\/\/www.accartbooks.com\/uk\/","name":"ACC Art Books UK","description":"One of the world\u2019s leading publishers and distributors of books on the arts and visual culture","publisher":{"@id":"https:\/\/www.accartbooks.com\/uk\/#organization"},"potentialAction":[{"@type":"SearchAction","target":{"@type":"EntryPoint","urlTemplate":"https:\/\/www.accartbooks.com\/uk\/?s={search_term_string}"},"query-input":{"@type":"PropertyValueSpecification","valueRequired":true,"valueName":"search_term_string"}}],"inLanguage":"en-GB"},{"@type":"Organization","@id":"https:\/\/www.accartbooks.com\/uk\/#organization","name":"ACC Art Books UK","url":"https:\/\/www.accartbooks.com\/uk\/","logo":{"@type":"ImageObject","inLanguage":"en-GB","@id":"https:\/\/www.accartbooks.com\/uk\/#\/schema\/logo\/image\/","url":"https:\/\/www.accartbooks.com\/app\/uploads\/2020\/05\/Acc-Logo.png","contentUrl":"https:\/\/www.accartbooks.com\/app\/uploads\/2020\/05\/Acc-Logo.png","width":64,"height":100,"caption":"ACC Art Books UK"},"image":{"@id":"https:\/\/www.accartbooks.com\/uk\/#\/schema\/logo\/image\/"},"sameAs":["https:\/\/www.facebook.com\/ACCArtBooks\/","https:\/\/x.com\/accartbooks"]}]}},"_links":{"self":[{"href":"https:\/\/www.accartbooks.com\/uk\/wp-json\/wp\/v2\/product\/10836","targetHints":{"allow":["GET"]}}],"collection":[{"href":"https:\/\/www.accartbooks.com\/uk\/wp-json\/wp\/v2\/product"}],"about":[{"href":"https:\/\/www.accartbooks.com\/uk\/wp-json\/wp\/v2\/types\/product"}],"wp:featuredmedia":[{"embeddable":true,"href":"https:\/\/www.accartbooks.com\/uk\/wp-json\/wp\/v2\/media\/10837"}],"wp:attachment":[{"href":"https:\/\/www.accartbooks.com\/uk\/wp-json\/wp\/v2\/media?parent=10836"}],"wp:term":[{"taxonomy":"product_brand","embeddable":true,"href":"https:\/\/www.accartbooks.com\/uk\/wp-json\/wp\/v2\/product_brand?post=10836"},{"taxonomy":"product_cat","embeddable":true,"href":"https:\/\/www.accartbooks.com\/uk\/wp-json\/wp\/v2\/product_cat?post=10836"},{"taxonomy":"product_tag","embeddable":true,"href":"https:\/\/www.accartbooks.com\/uk\/wp-json\/wp\/v2\/product_tag?post=10836"}],"curies":[{"name":"wp","href":"https:\/\/api.w.org\/{rel}","templated":true}]}}