{"id":13749,"date":"2020-06-02T16:43:08","date_gmt":"2020-06-02T16:43:08","guid":{"rendered":"https:\/\/www.accartbooks.com\/uk\/book\/resonances\/"},"modified":"2025-07-29T18:11:14","modified_gmt":"2025-07-29T18:11:14","slug":"resonances","status":"publish","type":"product","link":"https:\/\/www.accartbooks.com\/uk\/book\/resonances\/","title":{"rendered":"Resonances"},"content":{"rendered":"<div>\n<p>Following on from the success of the exhibition <em>Before Time Began<\/em>,  Fondation Opale is taking on a new challenge with a show that  juxtaposes contemporary Aboriginal art with prominent examples of  contemporary art created in a Western and Asian tradition. This  beautifully illustrated catalogue includes more than eighty works by  over 54 artists from two separate collections, both of which are  outstanding in their own right: the collection of Aboriginal art  belonging to B&eacute;reng&egrave;re Primat and the contemporary art collection  amassed by Garance Primat. The works play off each other with powerful  effect. Insightful pairings suggest an underlying unity, a merging of  mankind, heaven, earth, and the whole cosmos.<\/p>\n<p>The Aboriginal  artists represented include: Rover Thomas, Gulumbu Yunupingu, Clifford  Possum Tjapaltjarri, Judy Watson, Sally Gabori, Emily Kame Kngwarrey,  Paddy Bedford, Nonggirrnga Marawili, Ronnie Tjampitjinpa, and John  Mawurndjul. The artists working in the Western and Oriental traditions  include: Jean Dubuffet, Kiki Smith, Anselm Kiefer, Sol Lewitt, Yayoi  Kusama, Giuseppe Penone, and Anish Kapoor.<\/p>\n<p>Published to accompany an exhibition at Fondation Opale, Lens &#8211; Crans Montana, 14 June 2020 &#8211; 4 April 4 2021.<\/p>\n<\/div>\n","protected":false},"excerpt":{"rendered":"<p>Contemporary Aboriginal and Western artwork from two important private collections on view at the Fondation Opale.<\/p>\n","protected":false},"featured_media":13750,"template":"","meta":{"_acf_changed":false,"_relevanssi_hide_post":"","_relevanssi_hide_content":"","_relevanssi_pin_for_all":"","_relevanssi_pin_keywords":"","_relevanssi_unpin_keywords":"","_relevanssi_related_keywords":"","_relevanssi_related_include_ids":"","_relevanssi_related_exclude_ids":"","_relevanssi_related_no_append":"","_relevanssi_related_not_related":"","_relevanssi_related_posts":"","_relevanssi_noindex_reason":""},"product_brand":[],"product_cat":[5568],"product_tag":[],"class_list":{"0":"post-13749","1":"product","2":"type-product","3":"status-publish","4":"has-post-thumbnail","6":"product_cat-art","7":"author-edited-by-georges-petitjean","8":"author-text-by-berengere-primat","9":"author-text-by-garance-primat","10":"author-text-by-georges-petitjean","11":"author-text-by-herve-mikaeloff","12":"author-text-by-ingrid-pux","13":"author-text-by-jean-hubert-martin","14":"publisher-five-continents-editions","16":"first","17":"instock","18":"shipping-taxable","19":"purchasable","20":"product-type-simple"},"acf":[],"yoast_head":"<!-- This site is optimized with the Yoast SEO plugin v27.0 - https:\/\/yoast.com\/product\/yoast-seo-wordpress\/ -->\n<title>Resonances - ACC Art Books UK<\/title>\n<meta name=\"description\" content=\"Title: Resonances, Pages: 180 Pages, Publish Date: 29th Jun 2020, Author: Edited by Georges Petitjean, Text by B\u00e9reng\u00e8re Primat, Text by Garance Primat, Text by Georges Petitjean, Text by Herv\u00e9 Mikaeloff, Text by Ingrid Pux, Text by Jean-Hubert Martin, ISBN: 9788874399345. Contemporary Aboriginal and Western artwork from two important private collections on view at the Fondation Opale.\" \/>\n<meta name=\"robots\" content=\"index, follow, max-snippet:-1, max-image-preview:large, max-video-preview:-1\" \/>\n<link rel=\"canonical\" href=\"https:\/\/www.accartbooks.com\/uk\/book\/resonances\/\" \/>\n<meta property=\"og:locale\" content=\"en_GB\" \/>\n<meta property=\"og:type\" content=\"article\" \/>\n<meta property=\"og:title\" content=\"Resonances - ACC Art Books UK\" \/>\n<meta property=\"og:description\" content=\"Title: Resonances, Pages: 180 Pages, Publish Date: 29th Jun 2020, Author: Edited by Georges Petitjean, Text by B\u00e9reng\u00e8re Primat, Text by Garance Primat, Text by Georges Petitjean, Text by Herv\u00e9 Mikaeloff, Text by Ingrid Pux, Text by Jean-Hubert Martin, ISBN: 9788874399345. Contemporary Aboriginal and Western artwork from two important private collections on view at the Fondation Opale.\" \/>\n<meta property=\"og:url\" content=\"https:\/\/www.accartbooks.com\/uk\/book\/resonances\/\" \/>\n<meta property=\"og:site_name\" content=\"ACC Art Books UK\" \/>\n<meta property=\"article:publisher\" content=\"https:\/\/www.facebook.com\/ACCArtBooks\/\" \/>\n<meta property=\"article:modified_time\" content=\"2025-07-29T18:11:14+00:00\" \/>\n<meta property=\"og:image\" content=\"https:\/\/www.accartbooks.com\/app\/uploads\/books\/9788874399345-04-1.jpg\" \/>\n\t<meta property=\"og:image:width\" content=\"841\" \/>\n\t<meta property=\"og:image:height\" content=\"1000\" \/>\n\t<meta property=\"og:image:type\" content=\"image\/jpeg\" \/>\n<meta name=\"twitter:card\" content=\"summary_large_image\" \/>\n<meta name=\"twitter:site\" content=\"@accartbooks\" \/>\n<meta name=\"twitter:label1\" content=\"Estimated reading time\" \/>\n\t<meta name=\"twitter:data1\" content=\"1 minute\" \/>\n<script type=\"application\/ld+json\" class=\"yoast-schema-graph\">{\"@context\":\"https:\/\/schema.org\",\"@graph\":[{\"@type\":\"WebPage\",\"@id\":\"https:\/\/www.accartbooks.com\/uk\/book\/resonances\/\",\"url\":\"https:\/\/www.accartbooks.com\/uk\/book\/resonances\/\",\"name\":\"Resonances - ACC Art Books UK\",\"isPartOf\":{\"@id\":\"https:\/\/www.accartbooks.com\/uk\/#website\"},\"primaryImageOfPage\":{\"@id\":\"https:\/\/www.accartbooks.com\/uk\/book\/resonances\/#primaryimage\"},\"image\":{\"@id\":\"https:\/\/www.accartbooks.com\/uk\/book\/resonances\/#primaryimage\"},\"thumbnailUrl\":\"https:\/\/www.accartbooks.com\/app\/uploads\/books\/9788874399345-04-1.jpg\",\"datePublished\":\"2020-06-02T16:43:08+00:00\",\"dateModified\":\"2025-07-29T18:11:14+00:00\",\"description\":\"Title: Resonances, Pages: 180 Pages, Publish Date: 29th Jun 2020, Author: Edited by Georges Petitjean, Text by B\u00e9reng\u00e8re Primat, Text by Garance Primat, Text by Georges Petitjean, Text by Herv\u00e9 Mikaeloff, Text by Ingrid Pux, Text by Jean-Hubert Martin, ISBN: 9788874399345. Contemporary Aboriginal and Western artwork from two important private collections on view at the Fondation Opale.\",\"breadcrumb\":{\"@id\":\"https:\/\/www.accartbooks.com\/uk\/book\/resonances\/#breadcrumb\"},\"inLanguage\":\"en-GB\",\"potentialAction\":[{\"@type\":\"ReadAction\",\"target\":[\"https:\/\/www.accartbooks.com\/uk\/book\/resonances\/\"]}]},{\"@type\":\"ImageObject\",\"inLanguage\":\"en-GB\",\"@id\":\"https:\/\/www.accartbooks.com\/uk\/book\/resonances\/#primaryimage\",\"url\":\"https:\/\/www.accartbooks.com\/app\/uploads\/books\/9788874399345-04-1.jpg\",\"contentUrl\":\"https:\/\/www.accartbooks.com\/app\/uploads\/books\/9788874399345-04-1.jpg\",\"width\":841,\"height\":1000},{\"@type\":\"BreadcrumbList\",\"@id\":\"https:\/\/www.accartbooks.com\/uk\/book\/resonances\/#breadcrumb\",\"itemListElement\":[{\"@type\":\"ListItem\",\"position\":1,\"name\":\"Home\",\"item\":\"https:\/\/www.accartbooks.com\/uk\/\"},{\"@type\":\"ListItem\",\"position\":2,\"name\":\"Books\",\"item\":\"https:\/\/www.accartbooks.com\/uk\/books\/\"},{\"@type\":\"ListItem\",\"position\":3,\"name\":\"Resonances\"}]},{\"@type\":\"WebSite\",\"@id\":\"https:\/\/www.accartbooks.com\/uk\/#website\",\"url\":\"https:\/\/www.accartbooks.com\/uk\/\",\"name\":\"ACC Art Books UK\",\"description\":\"One of the world\u2019s leading publishers and distributors of books on the arts and visual culture\",\"publisher\":{\"@id\":\"https:\/\/www.accartbooks.com\/uk\/#organization\"},\"potentialAction\":[{\"@type\":\"SearchAction\",\"target\":{\"@type\":\"EntryPoint\",\"urlTemplate\":\"https:\/\/www.accartbooks.com\/uk\/?s={search_term_string}\"},\"query-input\":{\"@type\":\"PropertyValueSpecification\",\"valueRequired\":true,\"valueName\":\"search_term_string\"}}],\"inLanguage\":\"en-GB\"},{\"@type\":\"Organization\",\"@id\":\"https:\/\/www.accartbooks.com\/uk\/#organization\",\"name\":\"ACC Art Books UK\",\"url\":\"https:\/\/www.accartbooks.com\/uk\/\",\"logo\":{\"@type\":\"ImageObject\",\"inLanguage\":\"en-GB\",\"@id\":\"https:\/\/www.accartbooks.com\/uk\/#\/schema\/logo\/image\/\",\"url\":\"https:\/\/www.accartbooks.com\/app\/uploads\/2020\/05\/Acc-Logo.png\",\"contentUrl\":\"https:\/\/www.accartbooks.com\/app\/uploads\/2020\/05\/Acc-Logo.png\",\"width\":64,\"height\":100,\"caption\":\"ACC Art Books UK\"},\"image\":{\"@id\":\"https:\/\/www.accartbooks.com\/uk\/#\/schema\/logo\/image\/\"},\"sameAs\":[\"https:\/\/www.facebook.com\/ACCArtBooks\/\",\"https:\/\/x.com\/accartbooks\"]}]}<\/script>\n<!-- \/ Yoast SEO plugin. -->","yoast_head_json":{"title":"Resonances - ACC Art Books UK","description":"Title: Resonances, Pages: 180 Pages, Publish Date: 29th Jun 2020, Author: Edited by Georges Petitjean, Text by B\u00e9reng\u00e8re Primat, Text by Garance Primat, Text by Georges Petitjean, Text by Herv\u00e9 Mikaeloff, Text by Ingrid Pux, Text by Jean-Hubert Martin, ISBN: 9788874399345. Contemporary Aboriginal and Western artwork from two important private collections on view at the Fondation Opale.","robots":{"index":"index","follow":"follow","max-snippet":"max-snippet:-1","max-image-preview":"max-image-preview:large","max-video-preview":"max-video-preview:-1"},"canonical":"https:\/\/www.accartbooks.com\/uk\/book\/resonances\/","og_locale":"en_GB","og_type":"article","og_title":"Resonances - ACC Art Books UK","og_description":"Title: Resonances, Pages: 180 Pages, Publish Date: 29th Jun 2020, Author: Edited by Georges Petitjean, Text by B\u00e9reng\u00e8re Primat, Text by Garance Primat, Text by Georges Petitjean, Text by Herv\u00e9 Mikaeloff, Text by Ingrid Pux, Text by Jean-Hubert Martin, ISBN: 9788874399345. Contemporary Aboriginal and Western artwork from two important private collections on view at the Fondation Opale.","og_url":"https:\/\/www.accartbooks.com\/uk\/book\/resonances\/","og_site_name":"ACC Art Books UK","article_publisher":"https:\/\/www.facebook.com\/ACCArtBooks\/","article_modified_time":"2025-07-29T18:11:14+00:00","og_image":[{"width":841,"height":1000,"url":"https:\/\/www.accartbooks.com\/app\/uploads\/books\/9788874399345-04-1.jpg","type":"image\/jpeg"}],"twitter_card":"summary_large_image","twitter_site":"@accartbooks","twitter_misc":{"Estimated reading time":"1 minute"},"schema":{"@context":"https:\/\/schema.org","@graph":[{"@type":"WebPage","@id":"https:\/\/www.accartbooks.com\/uk\/book\/resonances\/","url":"https:\/\/www.accartbooks.com\/uk\/book\/resonances\/","name":"Resonances - ACC Art Books UK","isPartOf":{"@id":"https:\/\/www.accartbooks.com\/uk\/#website"},"primaryImageOfPage":{"@id":"https:\/\/www.accartbooks.com\/uk\/book\/resonances\/#primaryimage"},"image":{"@id":"https:\/\/www.accartbooks.com\/uk\/book\/resonances\/#primaryimage"},"thumbnailUrl":"https:\/\/www.accartbooks.com\/app\/uploads\/books\/9788874399345-04-1.jpg","datePublished":"2020-06-02T16:43:08+00:00","dateModified":"2025-07-29T18:11:14+00:00","description":"Title: Resonances, Pages: 180 Pages, Publish Date: 29th Jun 2020, Author: Edited by Georges Petitjean, Text by B\u00e9reng\u00e8re Primat, Text by Garance Primat, Text by Georges Petitjean, Text by Herv\u00e9 Mikaeloff, Text by Ingrid Pux, Text by Jean-Hubert Martin, ISBN: 9788874399345. Contemporary Aboriginal and Western artwork from two important private collections on view at the Fondation Opale.","breadcrumb":{"@id":"https:\/\/www.accartbooks.com\/uk\/book\/resonances\/#breadcrumb"},"inLanguage":"en-GB","potentialAction":[{"@type":"ReadAction","target":["https:\/\/www.accartbooks.com\/uk\/book\/resonances\/"]}]},{"@type":"ImageObject","inLanguage":"en-GB","@id":"https:\/\/www.accartbooks.com\/uk\/book\/resonances\/#primaryimage","url":"https:\/\/www.accartbooks.com\/app\/uploads\/books\/9788874399345-04-1.jpg","contentUrl":"https:\/\/www.accartbooks.com\/app\/uploads\/books\/9788874399345-04-1.jpg","width":841,"height":1000},{"@type":"BreadcrumbList","@id":"https:\/\/www.accartbooks.com\/uk\/book\/resonances\/#breadcrumb","itemListElement":[{"@type":"ListItem","position":1,"name":"Home","item":"https:\/\/www.accartbooks.com\/uk\/"},{"@type":"ListItem","position":2,"name":"Books","item":"https:\/\/www.accartbooks.com\/uk\/books\/"},{"@type":"ListItem","position":3,"name":"Resonances"}]},{"@type":"WebSite","@id":"https:\/\/www.accartbooks.com\/uk\/#website","url":"https:\/\/www.accartbooks.com\/uk\/","name":"ACC Art Books UK","description":"One of the world\u2019s leading publishers and distributors of books on the arts and visual culture","publisher":{"@id":"https:\/\/www.accartbooks.com\/uk\/#organization"},"potentialAction":[{"@type":"SearchAction","target":{"@type":"EntryPoint","urlTemplate":"https:\/\/www.accartbooks.com\/uk\/?s={search_term_string}"},"query-input":{"@type":"PropertyValueSpecification","valueRequired":true,"valueName":"search_term_string"}}],"inLanguage":"en-GB"},{"@type":"Organization","@id":"https:\/\/www.accartbooks.com\/uk\/#organization","name":"ACC Art Books UK","url":"https:\/\/www.accartbooks.com\/uk\/","logo":{"@type":"ImageObject","inLanguage":"en-GB","@id":"https:\/\/www.accartbooks.com\/uk\/#\/schema\/logo\/image\/","url":"https:\/\/www.accartbooks.com\/app\/uploads\/2020\/05\/Acc-Logo.png","contentUrl":"https:\/\/www.accartbooks.com\/app\/uploads\/2020\/05\/Acc-Logo.png","width":64,"height":100,"caption":"ACC Art Books UK"},"image":{"@id":"https:\/\/www.accartbooks.com\/uk\/#\/schema\/logo\/image\/"},"sameAs":["https:\/\/www.facebook.com\/ACCArtBooks\/","https:\/\/x.com\/accartbooks"]}]}},"_links":{"self":[{"href":"https:\/\/www.accartbooks.com\/uk\/wp-json\/wp\/v2\/product\/13749","targetHints":{"allow":["GET"]}}],"collection":[{"href":"https:\/\/www.accartbooks.com\/uk\/wp-json\/wp\/v2\/product"}],"about":[{"href":"https:\/\/www.accartbooks.com\/uk\/wp-json\/wp\/v2\/types\/product"}],"wp:featuredmedia":[{"embeddable":true,"href":"https:\/\/www.accartbooks.com\/uk\/wp-json\/wp\/v2\/media\/13750"}],"wp:attachment":[{"href":"https:\/\/www.accartbooks.com\/uk\/wp-json\/wp\/v2\/media?parent=13749"}],"wp:term":[{"taxonomy":"product_brand","embeddable":true,"href":"https:\/\/www.accartbooks.com\/uk\/wp-json\/wp\/v2\/product_brand?post=13749"},{"taxonomy":"product_cat","embeddable":true,"href":"https:\/\/www.accartbooks.com\/uk\/wp-json\/wp\/v2\/product_cat?post=13749"},{"taxonomy":"product_tag","embeddable":true,"href":"https:\/\/www.accartbooks.com\/uk\/wp-json\/wp\/v2\/product_tag?post=13749"}],"curies":[{"name":"wp","href":"https:\/\/api.w.org\/{rel}","templated":true}]}}