{"id":14034,"date":"2020-06-02T17:07:38","date_gmt":"2020-06-02T17:07:38","guid":{"rendered":"https:\/\/www.accartbooks.com\/uk\/book\/tobias-barmann\/"},"modified":"2022-03-28T09:10:18","modified_gmt":"2022-03-28T09:10:18","slug":"tobias-barmann","status":"publish","type":"product","link":"https:\/\/www.accartbooks.com\/uk\/book\/tobias-barmann\/","title":{"rendered":"Tobias B\u00e4rmann"},"content":{"rendered":"<p>In his new book of photographs Tobias B\u00e4rmann goes on the search for the  hidden sides of Los Angeles, City of Dreams. He traverses the gigantic  metropolis, designed to accommodate cars, on a bicycle. By slowing down  he discovers the aesthetics of transition and incompletion outside of  the city&#8217;s glamorous surface. Many of the motifs are evidence of the  past acts of unknown protagonists. With a cryptic eye for the poetry of  the ephemeral and the supposedly trivial, B\u00e4rmann steers our attention  to everything that our civilisation seems to evoke accidentally.<\/p>\n","protected":false},"excerpt":{"rendered":"<p>Tobias B\u00e4rmann&#8217;s street photography reveals the unknown side of Los Angeles, exploring the City of Dreams by bicycle.<\/p>\n","protected":false},"featured_media":14035,"template":"","meta":{"_acf_changed":false,"_relevanssi_hide_post":"","_relevanssi_hide_content":"","_relevanssi_pin_for_all":"","_relevanssi_pin_keywords":"","_relevanssi_unpin_keywords":"","_relevanssi_related_keywords":"","_relevanssi_related_include_ids":"","_relevanssi_related_exclude_ids":"","_relevanssi_related_no_append":"","_relevanssi_related_not_related":"","_relevanssi_related_posts":"","_relevanssi_noindex_reason":""},"product_brand":[],"product_cat":[5568],"product_tag":[],"class_list":{"0":"post-14034","1":"product","2":"type-product","3":"status-publish","4":"has-post-thumbnail","6":"product_cat-art","7":"author-text-by-anna-czerlitzki","8":"publisher-kerber-verlag","10":"first","11":"instock","12":"shipping-taxable","13":"purchasable","14":"product-type-simple"},"acf":[],"yoast_head":"<!-- This site is optimized with the Yoast SEO plugin v27.0 - https:\/\/yoast.com\/product\/yoast-seo-wordpress\/ -->\n<title>Tobias B\u00e4rmann - ACC Art Books UK<\/title>\n<meta name=\"description\" content=\"Title: Tobias B\u00e4rmann, Pages: 104 Pages, Publish Date: 24th Feb 2020, Author: Text by Anna Czerlitzki, ISBN: 9783735606389. Tobias B\u00e4rmann&#039;s street photography reveals the unknown side of Los Angeles, exploring the City of Dreams by bicycle.\" \/>\n<meta name=\"robots\" content=\"index, follow, max-snippet:-1, max-image-preview:large, max-video-preview:-1\" \/>\n<link rel=\"canonical\" href=\"https:\/\/www.accartbooks.com\/uk\/book\/tobias-barmann\/\" \/>\n<meta property=\"og:locale\" content=\"en_GB\" \/>\n<meta property=\"og:type\" content=\"article\" \/>\n<meta property=\"og:title\" content=\"Tobias B\u00e4rmann - ACC Art Books UK\" \/>\n<meta property=\"og:description\" content=\"Title: Tobias B\u00e4rmann, Pages: 104 Pages, Publish Date: 24th Feb 2020, Author: Text by Anna Czerlitzki, ISBN: 9783735606389. Tobias B\u00e4rmann&#039;s street photography reveals the unknown side of Los Angeles, exploring the City of Dreams by bicycle.\" \/>\n<meta property=\"og:url\" content=\"https:\/\/www.accartbooks.com\/uk\/book\/tobias-barmann\/\" \/>\n<meta property=\"og:site_name\" content=\"ACC Art Books UK\" \/>\n<meta property=\"article:publisher\" content=\"https:\/\/www.facebook.com\/ACCArtBooks\/\" \/>\n<meta property=\"article:modified_time\" content=\"2022-03-28T09:10:18+00:00\" \/>\n<meta property=\"og:image\" content=\"https:\/\/www.accartbooks.com\/app\/uploads\/books\/9783735606389-04-1.jpg\" \/>\n\t<meta property=\"og:image:width\" content=\"750\" \/>\n\t<meta property=\"og:image:height\" content=\"1000\" \/>\n\t<meta property=\"og:image:type\" content=\"image\/jpeg\" \/>\n<meta name=\"twitter:card\" content=\"summary_large_image\" \/>\n<meta name=\"twitter:site\" content=\"@accartbooks\" \/>\n<script type=\"application\/ld+json\" class=\"yoast-schema-graph\">{\"@context\":\"https:\/\/schema.org\",\"@graph\":[{\"@type\":\"WebPage\",\"@id\":\"https:\/\/www.accartbooks.com\/uk\/book\/tobias-barmann\/\",\"url\":\"https:\/\/www.accartbooks.com\/uk\/book\/tobias-barmann\/\",\"name\":\"Tobias B\u00e4rmann - ACC Art Books UK\",\"isPartOf\":{\"@id\":\"https:\/\/www.accartbooks.com\/uk\/#website\"},\"primaryImageOfPage\":{\"@id\":\"https:\/\/www.accartbooks.com\/uk\/book\/tobias-barmann\/#primaryimage\"},\"image\":{\"@id\":\"https:\/\/www.accartbooks.com\/uk\/book\/tobias-barmann\/#primaryimage\"},\"thumbnailUrl\":\"https:\/\/www.accartbooks.com\/app\/uploads\/books\/9783735606389-04-1.jpg\",\"datePublished\":\"2020-06-02T17:07:38+00:00\",\"dateModified\":\"2022-03-28T09:10:18+00:00\",\"description\":\"Title: Tobias B\u00e4rmann, Pages: 104 Pages, Publish Date: 24th Feb 2020, Author: Text by Anna Czerlitzki, ISBN: 9783735606389. Tobias B\u00e4rmann's street photography reveals the unknown side of Los Angeles, exploring the City of Dreams by bicycle.\",\"breadcrumb\":{\"@id\":\"https:\/\/www.accartbooks.com\/uk\/book\/tobias-barmann\/#breadcrumb\"},\"inLanguage\":\"en-GB\",\"potentialAction\":[{\"@type\":\"ReadAction\",\"target\":[\"https:\/\/www.accartbooks.com\/uk\/book\/tobias-barmann\/\"]}]},{\"@type\":\"ImageObject\",\"inLanguage\":\"en-GB\",\"@id\":\"https:\/\/www.accartbooks.com\/uk\/book\/tobias-barmann\/#primaryimage\",\"url\":\"https:\/\/www.accartbooks.com\/app\/uploads\/books\/9783735606389-04-1.jpg\",\"contentUrl\":\"https:\/\/www.accartbooks.com\/app\/uploads\/books\/9783735606389-04-1.jpg\",\"width\":750,\"height\":1000},{\"@type\":\"BreadcrumbList\",\"@id\":\"https:\/\/www.accartbooks.com\/uk\/book\/tobias-barmann\/#breadcrumb\",\"itemListElement\":[{\"@type\":\"ListItem\",\"position\":1,\"name\":\"Home\",\"item\":\"https:\/\/www.accartbooks.com\/uk\/\"},{\"@type\":\"ListItem\",\"position\":2,\"name\":\"Books\",\"item\":\"https:\/\/www.accartbooks.com\/uk\/books\/\"},{\"@type\":\"ListItem\",\"position\":3,\"name\":\"Tobias B\u00e4rmann\"}]},{\"@type\":\"WebSite\",\"@id\":\"https:\/\/www.accartbooks.com\/uk\/#website\",\"url\":\"https:\/\/www.accartbooks.com\/uk\/\",\"name\":\"ACC Art Books UK\",\"description\":\"One of the world\u2019s leading publishers and distributors of books on the arts and visual culture\",\"publisher\":{\"@id\":\"https:\/\/www.accartbooks.com\/uk\/#organization\"},\"potentialAction\":[{\"@type\":\"SearchAction\",\"target\":{\"@type\":\"EntryPoint\",\"urlTemplate\":\"https:\/\/www.accartbooks.com\/uk\/?s={search_term_string}\"},\"query-input\":{\"@type\":\"PropertyValueSpecification\",\"valueRequired\":true,\"valueName\":\"search_term_string\"}}],\"inLanguage\":\"en-GB\"},{\"@type\":\"Organization\",\"@id\":\"https:\/\/www.accartbooks.com\/uk\/#organization\",\"name\":\"ACC Art Books UK\",\"url\":\"https:\/\/www.accartbooks.com\/uk\/\",\"logo\":{\"@type\":\"ImageObject\",\"inLanguage\":\"en-GB\",\"@id\":\"https:\/\/www.accartbooks.com\/uk\/#\/schema\/logo\/image\/\",\"url\":\"https:\/\/www.accartbooks.com\/app\/uploads\/2020\/05\/Acc-Logo.png\",\"contentUrl\":\"https:\/\/www.accartbooks.com\/app\/uploads\/2020\/05\/Acc-Logo.png\",\"width\":64,\"height\":100,\"caption\":\"ACC Art Books UK\"},\"image\":{\"@id\":\"https:\/\/www.accartbooks.com\/uk\/#\/schema\/logo\/image\/\"},\"sameAs\":[\"https:\/\/www.facebook.com\/ACCArtBooks\/\",\"https:\/\/x.com\/accartbooks\"]}]}<\/script>\n<!-- \/ Yoast SEO plugin. -->","yoast_head_json":{"title":"Tobias B\u00e4rmann - ACC Art Books UK","description":"Title: Tobias B\u00e4rmann, Pages: 104 Pages, Publish Date: 24th Feb 2020, Author: Text by Anna Czerlitzki, ISBN: 9783735606389. Tobias B\u00e4rmann's street photography reveals the unknown side of Los Angeles, exploring the City of Dreams by bicycle.","robots":{"index":"index","follow":"follow","max-snippet":"max-snippet:-1","max-image-preview":"max-image-preview:large","max-video-preview":"max-video-preview:-1"},"canonical":"https:\/\/www.accartbooks.com\/uk\/book\/tobias-barmann\/","og_locale":"en_GB","og_type":"article","og_title":"Tobias B\u00e4rmann - ACC Art Books UK","og_description":"Title: Tobias B\u00e4rmann, Pages: 104 Pages, Publish Date: 24th Feb 2020, Author: Text by Anna Czerlitzki, ISBN: 9783735606389. Tobias B\u00e4rmann's street photography reveals the unknown side of Los Angeles, exploring the City of Dreams by bicycle.","og_url":"https:\/\/www.accartbooks.com\/uk\/book\/tobias-barmann\/","og_site_name":"ACC Art Books UK","article_publisher":"https:\/\/www.facebook.com\/ACCArtBooks\/","article_modified_time":"2022-03-28T09:10:18+00:00","og_image":[{"width":750,"height":1000,"url":"https:\/\/www.accartbooks.com\/app\/uploads\/books\/9783735606389-04-1.jpg","type":"image\/jpeg"}],"twitter_card":"summary_large_image","twitter_site":"@accartbooks","schema":{"@context":"https:\/\/schema.org","@graph":[{"@type":"WebPage","@id":"https:\/\/www.accartbooks.com\/uk\/book\/tobias-barmann\/","url":"https:\/\/www.accartbooks.com\/uk\/book\/tobias-barmann\/","name":"Tobias B\u00e4rmann - ACC Art Books UK","isPartOf":{"@id":"https:\/\/www.accartbooks.com\/uk\/#website"},"primaryImageOfPage":{"@id":"https:\/\/www.accartbooks.com\/uk\/book\/tobias-barmann\/#primaryimage"},"image":{"@id":"https:\/\/www.accartbooks.com\/uk\/book\/tobias-barmann\/#primaryimage"},"thumbnailUrl":"https:\/\/www.accartbooks.com\/app\/uploads\/books\/9783735606389-04-1.jpg","datePublished":"2020-06-02T17:07:38+00:00","dateModified":"2022-03-28T09:10:18+00:00","description":"Title: Tobias B\u00e4rmann, Pages: 104 Pages, Publish Date: 24th Feb 2020, Author: Text by Anna Czerlitzki, ISBN: 9783735606389. Tobias B\u00e4rmann's street photography reveals the unknown side of Los Angeles, exploring the City of Dreams by bicycle.","breadcrumb":{"@id":"https:\/\/www.accartbooks.com\/uk\/book\/tobias-barmann\/#breadcrumb"},"inLanguage":"en-GB","potentialAction":[{"@type":"ReadAction","target":["https:\/\/www.accartbooks.com\/uk\/book\/tobias-barmann\/"]}]},{"@type":"ImageObject","inLanguage":"en-GB","@id":"https:\/\/www.accartbooks.com\/uk\/book\/tobias-barmann\/#primaryimage","url":"https:\/\/www.accartbooks.com\/app\/uploads\/books\/9783735606389-04-1.jpg","contentUrl":"https:\/\/www.accartbooks.com\/app\/uploads\/books\/9783735606389-04-1.jpg","width":750,"height":1000},{"@type":"BreadcrumbList","@id":"https:\/\/www.accartbooks.com\/uk\/book\/tobias-barmann\/#breadcrumb","itemListElement":[{"@type":"ListItem","position":1,"name":"Home","item":"https:\/\/www.accartbooks.com\/uk\/"},{"@type":"ListItem","position":2,"name":"Books","item":"https:\/\/www.accartbooks.com\/uk\/books\/"},{"@type":"ListItem","position":3,"name":"Tobias B\u00e4rmann"}]},{"@type":"WebSite","@id":"https:\/\/www.accartbooks.com\/uk\/#website","url":"https:\/\/www.accartbooks.com\/uk\/","name":"ACC Art Books UK","description":"One of the world\u2019s leading publishers and distributors of books on the arts and visual culture","publisher":{"@id":"https:\/\/www.accartbooks.com\/uk\/#organization"},"potentialAction":[{"@type":"SearchAction","target":{"@type":"EntryPoint","urlTemplate":"https:\/\/www.accartbooks.com\/uk\/?s={search_term_string}"},"query-input":{"@type":"PropertyValueSpecification","valueRequired":true,"valueName":"search_term_string"}}],"inLanguage":"en-GB"},{"@type":"Organization","@id":"https:\/\/www.accartbooks.com\/uk\/#organization","name":"ACC Art Books UK","url":"https:\/\/www.accartbooks.com\/uk\/","logo":{"@type":"ImageObject","inLanguage":"en-GB","@id":"https:\/\/www.accartbooks.com\/uk\/#\/schema\/logo\/image\/","url":"https:\/\/www.accartbooks.com\/app\/uploads\/2020\/05\/Acc-Logo.png","contentUrl":"https:\/\/www.accartbooks.com\/app\/uploads\/2020\/05\/Acc-Logo.png","width":64,"height":100,"caption":"ACC Art Books UK"},"image":{"@id":"https:\/\/www.accartbooks.com\/uk\/#\/schema\/logo\/image\/"},"sameAs":["https:\/\/www.facebook.com\/ACCArtBooks\/","https:\/\/x.com\/accartbooks"]}]}},"_links":{"self":[{"href":"https:\/\/www.accartbooks.com\/uk\/wp-json\/wp\/v2\/product\/14034","targetHints":{"allow":["GET"]}}],"collection":[{"href":"https:\/\/www.accartbooks.com\/uk\/wp-json\/wp\/v2\/product"}],"about":[{"href":"https:\/\/www.accartbooks.com\/uk\/wp-json\/wp\/v2\/types\/product"}],"wp:featuredmedia":[{"embeddable":true,"href":"https:\/\/www.accartbooks.com\/uk\/wp-json\/wp\/v2\/media\/14035"}],"wp:attachment":[{"href":"https:\/\/www.accartbooks.com\/uk\/wp-json\/wp\/v2\/media?parent=14034"}],"wp:term":[{"taxonomy":"product_brand","embeddable":true,"href":"https:\/\/www.accartbooks.com\/uk\/wp-json\/wp\/v2\/product_brand?post=14034"},{"taxonomy":"product_cat","embeddable":true,"href":"https:\/\/www.accartbooks.com\/uk\/wp-json\/wp\/v2\/product_cat?post=14034"},{"taxonomy":"product_tag","embeddable":true,"href":"https:\/\/www.accartbooks.com\/uk\/wp-json\/wp\/v2\/product_tag?post=14034"}],"curies":[{"name":"wp","href":"https:\/\/api.w.org\/{rel}","templated":true}]}}