{"id":14633,"date":"2020-06-02T19:04:35","date_gmt":"2020-06-02T19:04:35","guid":{"rendered":"https:\/\/www.accartbooks.com\/uk\/book\/steel-cities\/"},"modified":"2022-07-26T13:11:34","modified_gmt":"2022-07-26T13:11:34","slug":"steel-cities","status":"publish","type":"product","link":"https:\/\/www.accartbooks.com\/uk\/book\/steel-cities\/","title":{"rendered":"Steel Cities"},"content":{"rendered":"<div >\n<p>In the countries of Central and  Eastern Europe, a certain type of industry has rapidly developed &#8211; an  industry that produces nothing physical. Storing, packaging,  classifying, assembling, and other ancillary processes of manufacturing  and distribution are carried out 24\/7 in extensive logistics parks.  Their vast sites, often brightly lit during night hours, have doubled in  terms of area covered every four years during the past two decades.  These Steel Cities, as some locals have termed them, occupying  increasing amounts of what had been fertile farmland, deeply affect the  lives of local residents, and create entirely new relationships.<\/p>\n<p>This  book investigates the Steel Cities&#8217; impact on landscape and society  from various perspectives. It reveals the architectural and spatial,  legal, economic, social, and environmental ramifications of the  logistics system in this region and elsewhere. It examines these  logistics centres on three scales: as an architectonic-landscape entity  the size of a small town, as a network that reshapes the map of Europe  so to define its own territoriality, and as part of the everyday life of  the workers inside and the residents around them.<\/p>\n<p>Text in English and Czech.<\/p>\n<\/div>\n","protected":false},"excerpt":{"rendered":"<p>A study on the fast development of the logistics industry in Central and Eastern Europe and the transformation of farmland into vast &#8216;Steel Cities&#8217; caused by it, highlighting its hugely problematic effects on the built environment, landscapes, societies and individuals. Text in English and Czech.<\/p>\n","protected":false},"featured_media":14634,"template":"","meta":{"_acf_changed":false,"_relevanssi_hide_post":"","_relevanssi_hide_content":"","_relevanssi_pin_for_all":"","_relevanssi_pin_keywords":"","_relevanssi_unpin_keywords":"","_relevanssi_related_keywords":"","_relevanssi_related_include_ids":"","_relevanssi_related_exclude_ids":"","_relevanssi_related_no_append":"","_relevanssi_related_not_related":"","_relevanssi_related_posts":"","_relevanssi_noindex_reason":""},"product_brand":[],"product_cat":[5559],"product_tag":[],"class_list":{"0":"post-14633","1":"product","2":"type-product","3":"status-publish","4":"has-post-thumbnail","6":"product_cat-architecture-landscape-design","7":"author-edited-by-katerina-frejlachova","8":"author-edited-by-martin-spicak","9":"author-edited-by-miroslav-pazdera","10":"author-edited-by-tadeas-riha","11":"publisher-park-books","13":"first","14":"instock","15":"shipping-taxable","16":"purchasable","17":"product-type-simple"},"acf":[],"yoast_head":"<!-- This site is optimized with the Yoast SEO plugin v27.0 - https:\/\/yoast.com\/product\/yoast-seo-wordpress\/ -->\n<title>Steel Cities - ACC Art Books UK<\/title>\n<meta name=\"description\" content=\"Title: Steel Cities, Pages: 364 Pages, Publish Date: 6th Apr 2020, Author: Edited by Katerina Frejlachov\u00e1, Edited by Martin Spic\u00e1k, Edited by Miroslav Pazdera, Edited by Tade\u00e1s R\u00edha, ISBN: 9783038601890. A study on the fast development of the logistics industry in Central and Eastern Europe and the transformation of farmland into vast &#039;Steel Cities&#039; caused by it, highlighting its hugely problematic effects on the built environment, landscapes, societies and individuals. Text in English and Czech.\" \/>\n<meta name=\"robots\" content=\"index, follow, max-snippet:-1, max-image-preview:large, max-video-preview:-1\" \/>\n<link rel=\"canonical\" href=\"https:\/\/www.accartbooks.com\/uk\/book\/steel-cities\/\" \/>\n<meta property=\"og:locale\" content=\"en_GB\" \/>\n<meta property=\"og:type\" content=\"article\" \/>\n<meta property=\"og:title\" content=\"Steel Cities - ACC Art Books UK\" \/>\n<meta property=\"og:description\" content=\"Title: Steel Cities, Pages: 364 Pages, Publish Date: 6th Apr 2020, Author: Edited by Katerina Frejlachov\u00e1, Edited by Martin Spic\u00e1k, Edited by Miroslav Pazdera, Edited by Tade\u00e1s R\u00edha, ISBN: 9783038601890. A study on the fast development of the logistics industry in Central and Eastern Europe and the transformation of farmland into vast &#039;Steel Cities&#039; caused by it, highlighting its hugely problematic effects on the built environment, landscapes, societies and individuals. Text in English and Czech.\" \/>\n<meta property=\"og:url\" content=\"https:\/\/www.accartbooks.com\/uk\/book\/steel-cities\/\" \/>\n<meta property=\"og:site_name\" content=\"ACC Art Books UK\" \/>\n<meta property=\"article:publisher\" content=\"https:\/\/www.facebook.com\/ACCArtBooks\/\" \/>\n<meta property=\"article:modified_time\" content=\"2022-07-26T13:11:34+00:00\" \/>\n<meta property=\"og:image\" content=\"https:\/\/www.accartbooks.com\/app\/uploads\/books\/9783038601890-04-1.jpg\" \/>\n\t<meta property=\"og:image:width\" content=\"729\" \/>\n\t<meta property=\"og:image:height\" content=\"1000\" \/>\n\t<meta property=\"og:image:type\" content=\"image\/jpeg\" \/>\n<meta name=\"twitter:card\" content=\"summary_large_image\" \/>\n<meta name=\"twitter:site\" content=\"@accartbooks\" \/>\n<meta name=\"twitter:label1\" content=\"Estimated reading time\" \/>\n\t<meta name=\"twitter:data1\" content=\"1 minute\" \/>\n<script type=\"application\/ld+json\" class=\"yoast-schema-graph\">{\"@context\":\"https:\/\/schema.org\",\"@graph\":[{\"@type\":\"WebPage\",\"@id\":\"https:\/\/www.accartbooks.com\/uk\/book\/steel-cities\/\",\"url\":\"https:\/\/www.accartbooks.com\/uk\/book\/steel-cities\/\",\"name\":\"Steel Cities - ACC Art Books UK\",\"isPartOf\":{\"@id\":\"https:\/\/www.accartbooks.com\/uk\/#website\"},\"primaryImageOfPage\":{\"@id\":\"https:\/\/www.accartbooks.com\/uk\/book\/steel-cities\/#primaryimage\"},\"image\":{\"@id\":\"https:\/\/www.accartbooks.com\/uk\/book\/steel-cities\/#primaryimage\"},\"thumbnailUrl\":\"https:\/\/www.accartbooks.com\/app\/uploads\/books\/9783038601890-04-1.jpg\",\"datePublished\":\"2020-06-02T19:04:35+00:00\",\"dateModified\":\"2022-07-26T13:11:34+00:00\",\"description\":\"Title: Steel Cities, Pages: 364 Pages, Publish Date: 6th Apr 2020, Author: Edited by Katerina Frejlachov\u00e1, Edited by Martin Spic\u00e1k, Edited by Miroslav Pazdera, Edited by Tade\u00e1s R\u00edha, ISBN: 9783038601890. A study on the fast development of the logistics industry in Central and Eastern Europe and the transformation of farmland into vast 'Steel Cities' caused by it, highlighting its hugely problematic effects on the built environment, landscapes, societies and individuals. Text in English and Czech.\",\"breadcrumb\":{\"@id\":\"https:\/\/www.accartbooks.com\/uk\/book\/steel-cities\/#breadcrumb\"},\"inLanguage\":\"en-GB\",\"potentialAction\":[{\"@type\":\"ReadAction\",\"target\":[\"https:\/\/www.accartbooks.com\/uk\/book\/steel-cities\/\"]}]},{\"@type\":\"ImageObject\",\"inLanguage\":\"en-GB\",\"@id\":\"https:\/\/www.accartbooks.com\/uk\/book\/steel-cities\/#primaryimage\",\"url\":\"https:\/\/www.accartbooks.com\/app\/uploads\/books\/9783038601890-04-1.jpg\",\"contentUrl\":\"https:\/\/www.accartbooks.com\/app\/uploads\/books\/9783038601890-04-1.jpg\",\"width\":729,\"height\":1000},{\"@type\":\"BreadcrumbList\",\"@id\":\"https:\/\/www.accartbooks.com\/uk\/book\/steel-cities\/#breadcrumb\",\"itemListElement\":[{\"@type\":\"ListItem\",\"position\":1,\"name\":\"Home\",\"item\":\"https:\/\/www.accartbooks.com\/uk\/\"},{\"@type\":\"ListItem\",\"position\":2,\"name\":\"Books\",\"item\":\"https:\/\/www.accartbooks.com\/uk\/books\/\"},{\"@type\":\"ListItem\",\"position\":3,\"name\":\"Steel Cities\"}]},{\"@type\":\"WebSite\",\"@id\":\"https:\/\/www.accartbooks.com\/uk\/#website\",\"url\":\"https:\/\/www.accartbooks.com\/uk\/\",\"name\":\"ACC Art Books UK\",\"description\":\"One of the world\u2019s leading publishers and distributors of books on the arts and visual culture\",\"publisher\":{\"@id\":\"https:\/\/www.accartbooks.com\/uk\/#organization\"},\"potentialAction\":[{\"@type\":\"SearchAction\",\"target\":{\"@type\":\"EntryPoint\",\"urlTemplate\":\"https:\/\/www.accartbooks.com\/uk\/?s={search_term_string}\"},\"query-input\":{\"@type\":\"PropertyValueSpecification\",\"valueRequired\":true,\"valueName\":\"search_term_string\"}}],\"inLanguage\":\"en-GB\"},{\"@type\":\"Organization\",\"@id\":\"https:\/\/www.accartbooks.com\/uk\/#organization\",\"name\":\"ACC Art Books UK\",\"url\":\"https:\/\/www.accartbooks.com\/uk\/\",\"logo\":{\"@type\":\"ImageObject\",\"inLanguage\":\"en-GB\",\"@id\":\"https:\/\/www.accartbooks.com\/uk\/#\/schema\/logo\/image\/\",\"url\":\"https:\/\/www.accartbooks.com\/app\/uploads\/2020\/05\/Acc-Logo.png\",\"contentUrl\":\"https:\/\/www.accartbooks.com\/app\/uploads\/2020\/05\/Acc-Logo.png\",\"width\":64,\"height\":100,\"caption\":\"ACC Art Books UK\"},\"image\":{\"@id\":\"https:\/\/www.accartbooks.com\/uk\/#\/schema\/logo\/image\/\"},\"sameAs\":[\"https:\/\/www.facebook.com\/ACCArtBooks\/\",\"https:\/\/x.com\/accartbooks\"]}]}<\/script>\n<!-- \/ Yoast SEO plugin. -->","yoast_head_json":{"title":"Steel Cities - ACC Art Books UK","description":"Title: Steel Cities, Pages: 364 Pages, Publish Date: 6th Apr 2020, Author: Edited by Katerina Frejlachov\u00e1, Edited by Martin Spic\u00e1k, Edited by Miroslav Pazdera, Edited by Tade\u00e1s R\u00edha, ISBN: 9783038601890. A study on the fast development of the logistics industry in Central and Eastern Europe and the transformation of farmland into vast 'Steel Cities' caused by it, highlighting its hugely problematic effects on the built environment, landscapes, societies and individuals. Text in English and Czech.","robots":{"index":"index","follow":"follow","max-snippet":"max-snippet:-1","max-image-preview":"max-image-preview:large","max-video-preview":"max-video-preview:-1"},"canonical":"https:\/\/www.accartbooks.com\/uk\/book\/steel-cities\/","og_locale":"en_GB","og_type":"article","og_title":"Steel Cities - ACC Art Books UK","og_description":"Title: Steel Cities, Pages: 364 Pages, Publish Date: 6th Apr 2020, Author: Edited by Katerina Frejlachov\u00e1, Edited by Martin Spic\u00e1k, Edited by Miroslav Pazdera, Edited by Tade\u00e1s R\u00edha, ISBN: 9783038601890. A study on the fast development of the logistics industry in Central and Eastern Europe and the transformation of farmland into vast 'Steel Cities' caused by it, highlighting its hugely problematic effects on the built environment, landscapes, societies and individuals. Text in English and Czech.","og_url":"https:\/\/www.accartbooks.com\/uk\/book\/steel-cities\/","og_site_name":"ACC Art Books UK","article_publisher":"https:\/\/www.facebook.com\/ACCArtBooks\/","article_modified_time":"2022-07-26T13:11:34+00:00","og_image":[{"width":729,"height":1000,"url":"https:\/\/www.accartbooks.com\/app\/uploads\/books\/9783038601890-04-1.jpg","type":"image\/jpeg"}],"twitter_card":"summary_large_image","twitter_site":"@accartbooks","twitter_misc":{"Estimated reading time":"1 minute"},"schema":{"@context":"https:\/\/schema.org","@graph":[{"@type":"WebPage","@id":"https:\/\/www.accartbooks.com\/uk\/book\/steel-cities\/","url":"https:\/\/www.accartbooks.com\/uk\/book\/steel-cities\/","name":"Steel Cities - ACC Art Books UK","isPartOf":{"@id":"https:\/\/www.accartbooks.com\/uk\/#website"},"primaryImageOfPage":{"@id":"https:\/\/www.accartbooks.com\/uk\/book\/steel-cities\/#primaryimage"},"image":{"@id":"https:\/\/www.accartbooks.com\/uk\/book\/steel-cities\/#primaryimage"},"thumbnailUrl":"https:\/\/www.accartbooks.com\/app\/uploads\/books\/9783038601890-04-1.jpg","datePublished":"2020-06-02T19:04:35+00:00","dateModified":"2022-07-26T13:11:34+00:00","description":"Title: Steel Cities, Pages: 364 Pages, Publish Date: 6th Apr 2020, Author: Edited by Katerina Frejlachov\u00e1, Edited by Martin Spic\u00e1k, Edited by Miroslav Pazdera, Edited by Tade\u00e1s R\u00edha, ISBN: 9783038601890. A study on the fast development of the logistics industry in Central and Eastern Europe and the transformation of farmland into vast 'Steel Cities' caused by it, highlighting its hugely problematic effects on the built environment, landscapes, societies and individuals. Text in English and Czech.","breadcrumb":{"@id":"https:\/\/www.accartbooks.com\/uk\/book\/steel-cities\/#breadcrumb"},"inLanguage":"en-GB","potentialAction":[{"@type":"ReadAction","target":["https:\/\/www.accartbooks.com\/uk\/book\/steel-cities\/"]}]},{"@type":"ImageObject","inLanguage":"en-GB","@id":"https:\/\/www.accartbooks.com\/uk\/book\/steel-cities\/#primaryimage","url":"https:\/\/www.accartbooks.com\/app\/uploads\/books\/9783038601890-04-1.jpg","contentUrl":"https:\/\/www.accartbooks.com\/app\/uploads\/books\/9783038601890-04-1.jpg","width":729,"height":1000},{"@type":"BreadcrumbList","@id":"https:\/\/www.accartbooks.com\/uk\/book\/steel-cities\/#breadcrumb","itemListElement":[{"@type":"ListItem","position":1,"name":"Home","item":"https:\/\/www.accartbooks.com\/uk\/"},{"@type":"ListItem","position":2,"name":"Books","item":"https:\/\/www.accartbooks.com\/uk\/books\/"},{"@type":"ListItem","position":3,"name":"Steel Cities"}]},{"@type":"WebSite","@id":"https:\/\/www.accartbooks.com\/uk\/#website","url":"https:\/\/www.accartbooks.com\/uk\/","name":"ACC Art Books UK","description":"One of the world\u2019s leading publishers and distributors of books on the arts and visual culture","publisher":{"@id":"https:\/\/www.accartbooks.com\/uk\/#organization"},"potentialAction":[{"@type":"SearchAction","target":{"@type":"EntryPoint","urlTemplate":"https:\/\/www.accartbooks.com\/uk\/?s={search_term_string}"},"query-input":{"@type":"PropertyValueSpecification","valueRequired":true,"valueName":"search_term_string"}}],"inLanguage":"en-GB"},{"@type":"Organization","@id":"https:\/\/www.accartbooks.com\/uk\/#organization","name":"ACC Art Books UK","url":"https:\/\/www.accartbooks.com\/uk\/","logo":{"@type":"ImageObject","inLanguage":"en-GB","@id":"https:\/\/www.accartbooks.com\/uk\/#\/schema\/logo\/image\/","url":"https:\/\/www.accartbooks.com\/app\/uploads\/2020\/05\/Acc-Logo.png","contentUrl":"https:\/\/www.accartbooks.com\/app\/uploads\/2020\/05\/Acc-Logo.png","width":64,"height":100,"caption":"ACC Art Books UK"},"image":{"@id":"https:\/\/www.accartbooks.com\/uk\/#\/schema\/logo\/image\/"},"sameAs":["https:\/\/www.facebook.com\/ACCArtBooks\/","https:\/\/x.com\/accartbooks"]}]}},"_links":{"self":[{"href":"https:\/\/www.accartbooks.com\/uk\/wp-json\/wp\/v2\/product\/14633","targetHints":{"allow":["GET"]}}],"collection":[{"href":"https:\/\/www.accartbooks.com\/uk\/wp-json\/wp\/v2\/product"}],"about":[{"href":"https:\/\/www.accartbooks.com\/uk\/wp-json\/wp\/v2\/types\/product"}],"wp:featuredmedia":[{"embeddable":true,"href":"https:\/\/www.accartbooks.com\/uk\/wp-json\/wp\/v2\/media\/14634"}],"wp:attachment":[{"href":"https:\/\/www.accartbooks.com\/uk\/wp-json\/wp\/v2\/media?parent=14633"}],"wp:term":[{"taxonomy":"product_brand","embeddable":true,"href":"https:\/\/www.accartbooks.com\/uk\/wp-json\/wp\/v2\/product_brand?post=14633"},{"taxonomy":"product_cat","embeddable":true,"href":"https:\/\/www.accartbooks.com\/uk\/wp-json\/wp\/v2\/product_cat?post=14633"},{"taxonomy":"product_tag","embeddable":true,"href":"https:\/\/www.accartbooks.com\/uk\/wp-json\/wp\/v2\/product_tag?post=14633"}],"curies":[{"name":"wp","href":"https:\/\/api.w.org\/{rel}","templated":true}]}}