{"id":14880,"date":"2020-06-03T01:19:01","date_gmt":"2020-06-03T01:19:01","guid":{"rendered":"https:\/\/www.accartbooks.com\/uk\/book\/miquel-barcelo\/"},"modified":"2026-04-17T17:10:26","modified_gmt":"2026-04-17T17:10:26","slug":"miquel-barcelo","status":"publish","type":"product","link":"https:\/\/www.accartbooks.com\/uk\/book\/miquel-barcelo\/","title":{"rendered":"Miquel Barcel\u00f3"},"content":{"rendered":"<div>\n<p>Miquel Barcel&oacute; is one of the most  interesting artists active today. For over 40 years, his poetics has  embodied different languages such as painting, sculpture, graphics and  publishing, in a great and very original artistic pathway.<\/p>\n<p>The  International museum of Ceramics in Faenza (MIC) devoted an outstanding  solo exhibition to the Spanish artist. Curated by Irene Biolchini and  C&eacute;cile Pocheau Lesteven, it was the first anthological event devoted to  Barcel&oacute;&#8217;s ceramic production, from his debut to the present day. The  event included a special project created by the artist just for the MIC  Faenza in a dialogue with works in the collection, covering the history  of ceramics. This selection of key ceramic pieces from the MIC  collection, dating back to 3000 BC, alongside the works of Barcel&oacute; are  all presented here through illustrations and accompanying text.<\/p>\n<p>Text in English and Italian.<\/p>\n<\/div>\n","protected":false},"excerpt":{"rendered":"<p>A monograph of works by ceramic artist Miquel Barcel&oacute;, following an exhibition at The International museum of Ceramics in Faenza (MIC). Text in English and Italian.<\/p>\n","protected":false},"featured_media":14881,"template":"","meta":{"_acf_changed":false,"_relevanssi_hide_post":"","_relevanssi_hide_content":"","_relevanssi_pin_for_all":"","_relevanssi_pin_keywords":"","_relevanssi_unpin_keywords":"","_relevanssi_related_keywords":"","_relevanssi_related_include_ids":"","_relevanssi_related_exclude_ids":"","_relevanssi_related_no_append":"","_relevanssi_related_not_related":"","_relevanssi_related_posts":"","_relevanssi_noindex_reason":""},"product_brand":[],"product_cat":[21060],"product_tag":[],"class_list":{"0":"post-14880","1":"product","2":"type-product","3":"status-publish","4":"has-post-thumbnail","6":"product_cat-decorative-arts","7":"author-edited-by-cecile-pocheau-lesteve","8":"author-edited-by-irene-biolchini","9":"publisher-silvana","11":"first","12":"instock","13":"shipping-taxable","14":"purchasable","15":"product-type-simple"},"acf":[],"yoast_head":"<!-- This site is optimized with the Yoast SEO plugin v27.0 - https:\/\/yoast.com\/product\/yoast-seo-wordpress\/ -->\n<title>Miquel Barcel\u00f3 - ACC Art Books UK<\/title>\n<meta name=\"description\" content=\"Title: Miquel Barcel\u00f3, Pages: 160 Pages, Publish Date: 12th Dec 2019, Author: Edited by C\u00e9cile Pocheau Lesteve, Edited by Irene Biolchini, ISBN: 9788836643745. A monograph of works by ceramic artist Miquel Barcel&oacute;, following an exhibition at The International museum of Ceramics in Faenza (MIC). Text in English and Italian.\" \/>\n<meta name=\"robots\" content=\"index, follow, max-snippet:-1, max-image-preview:large, max-video-preview:-1\" \/>\n<link rel=\"canonical\" href=\"https:\/\/www.accartbooks.com\/uk\/book\/miquel-barcelo\/\" \/>\n<meta property=\"og:locale\" content=\"en_GB\" \/>\n<meta property=\"og:type\" content=\"article\" \/>\n<meta property=\"og:title\" content=\"Miquel Barcel\u00f3 - ACC Art Books UK\" \/>\n<meta property=\"og:description\" content=\"Title: Miquel Barcel\u00f3, Pages: 160 Pages, Publish Date: 12th Dec 2019, Author: Edited by C\u00e9cile Pocheau Lesteve, Edited by Irene Biolchini, ISBN: 9788836643745. A monograph of works by ceramic artist Miquel Barcel&oacute;, following an exhibition at The International museum of Ceramics in Faenza (MIC). Text in English and Italian.\" \/>\n<meta property=\"og:url\" content=\"https:\/\/www.accartbooks.com\/uk\/book\/miquel-barcelo\/\" \/>\n<meta property=\"og:site_name\" content=\"ACC Art Books UK\" \/>\n<meta property=\"article:publisher\" content=\"https:\/\/www.facebook.com\/ACCArtBooks\/\" \/>\n<meta property=\"article:modified_time\" content=\"2026-04-17T17:10:26+00:00\" \/>\n<meta property=\"og:image\" content=\"https:\/\/www.accartbooks.com\/app\/uploads\/books\/9788836643745-04-1.jpg\" \/>\n\t<meta property=\"og:image:width\" content=\"683\" \/>\n\t<meta property=\"og:image:height\" content=\"1000\" \/>\n\t<meta property=\"og:image:type\" content=\"image\/jpeg\" \/>\n<meta name=\"twitter:card\" content=\"summary_large_image\" \/>\n<meta name=\"twitter:site\" content=\"@accartbooks\" \/>\n<meta name=\"twitter:label1\" content=\"Estimated reading time\" \/>\n\t<meta name=\"twitter:data1\" content=\"1 minute\" \/>\n<script type=\"application\/ld+json\" class=\"yoast-schema-graph\">{\"@context\":\"https:\/\/schema.org\",\"@graph\":[{\"@type\":\"WebPage\",\"@id\":\"https:\/\/www.accartbooks.com\/uk\/book\/miquel-barcelo\/\",\"url\":\"https:\/\/www.accartbooks.com\/uk\/book\/miquel-barcelo\/\",\"name\":\"Miquel Barcel\u00f3 - ACC Art Books UK\",\"isPartOf\":{\"@id\":\"https:\/\/www.accartbooks.com\/uk\/#website\"},\"primaryImageOfPage\":{\"@id\":\"https:\/\/www.accartbooks.com\/uk\/book\/miquel-barcelo\/#primaryimage\"},\"image\":{\"@id\":\"https:\/\/www.accartbooks.com\/uk\/book\/miquel-barcelo\/#primaryimage\"},\"thumbnailUrl\":\"https:\/\/www.accartbooks.com\/app\/uploads\/books\/9788836643745-04-1.jpg\",\"datePublished\":\"2020-06-03T01:19:01+00:00\",\"dateModified\":\"2026-04-17T17:10:26+00:00\",\"description\":\"Title: Miquel Barcel\u00f3, Pages: 160 Pages, Publish Date: 12th Dec 2019, Author: Edited by C\u00e9cile Pocheau Lesteve, Edited by Irene Biolchini, ISBN: 9788836643745. A monograph of works by ceramic artist Miquel Barcel&oacute;, following an exhibition at The International museum of Ceramics in Faenza (MIC). Text in English and Italian.\",\"breadcrumb\":{\"@id\":\"https:\/\/www.accartbooks.com\/uk\/book\/miquel-barcelo\/#breadcrumb\"},\"inLanguage\":\"en-GB\",\"potentialAction\":[{\"@type\":\"ReadAction\",\"target\":[\"https:\/\/www.accartbooks.com\/uk\/book\/miquel-barcelo\/\"]}]},{\"@type\":\"ImageObject\",\"inLanguage\":\"en-GB\",\"@id\":\"https:\/\/www.accartbooks.com\/uk\/book\/miquel-barcelo\/#primaryimage\",\"url\":\"https:\/\/www.accartbooks.com\/app\/uploads\/books\/9788836643745-04-1.jpg\",\"contentUrl\":\"https:\/\/www.accartbooks.com\/app\/uploads\/books\/9788836643745-04-1.jpg\",\"width\":683,\"height\":1000},{\"@type\":\"BreadcrumbList\",\"@id\":\"https:\/\/www.accartbooks.com\/uk\/book\/miquel-barcelo\/#breadcrumb\",\"itemListElement\":[{\"@type\":\"ListItem\",\"position\":1,\"name\":\"Home\",\"item\":\"https:\/\/www.accartbooks.com\/uk\/\"},{\"@type\":\"ListItem\",\"position\":2,\"name\":\"Books\",\"item\":\"https:\/\/www.accartbooks.com\/uk\/books\/\"},{\"@type\":\"ListItem\",\"position\":3,\"name\":\"Miquel Barcel\u00f3\"}]},{\"@type\":\"WebSite\",\"@id\":\"https:\/\/www.accartbooks.com\/uk\/#website\",\"url\":\"https:\/\/www.accartbooks.com\/uk\/\",\"name\":\"ACC Art Books UK\",\"description\":\"One of the world\u2019s leading publishers and distributors of books on the arts and visual culture\",\"publisher\":{\"@id\":\"https:\/\/www.accartbooks.com\/uk\/#organization\"},\"potentialAction\":[{\"@type\":\"SearchAction\",\"target\":{\"@type\":\"EntryPoint\",\"urlTemplate\":\"https:\/\/www.accartbooks.com\/uk\/?s={search_term_string}\"},\"query-input\":{\"@type\":\"PropertyValueSpecification\",\"valueRequired\":true,\"valueName\":\"search_term_string\"}}],\"inLanguage\":\"en-GB\"},{\"@type\":\"Organization\",\"@id\":\"https:\/\/www.accartbooks.com\/uk\/#organization\",\"name\":\"ACC Art Books UK\",\"url\":\"https:\/\/www.accartbooks.com\/uk\/\",\"logo\":{\"@type\":\"ImageObject\",\"inLanguage\":\"en-GB\",\"@id\":\"https:\/\/www.accartbooks.com\/uk\/#\/schema\/logo\/image\/\",\"url\":\"https:\/\/www.accartbooks.com\/app\/uploads\/2020\/05\/Acc-Logo.png\",\"contentUrl\":\"https:\/\/www.accartbooks.com\/app\/uploads\/2020\/05\/Acc-Logo.png\",\"width\":64,\"height\":100,\"caption\":\"ACC Art Books UK\"},\"image\":{\"@id\":\"https:\/\/www.accartbooks.com\/uk\/#\/schema\/logo\/image\/\"},\"sameAs\":[\"https:\/\/www.facebook.com\/ACCArtBooks\/\",\"https:\/\/x.com\/accartbooks\"]}]}<\/script>\n<!-- \/ Yoast SEO plugin. -->","yoast_head_json":{"title":"Miquel Barcel\u00f3 - ACC Art Books UK","description":"Title: Miquel Barcel\u00f3, Pages: 160 Pages, Publish Date: 12th Dec 2019, Author: Edited by C\u00e9cile Pocheau Lesteve, Edited by Irene Biolchini, ISBN: 9788836643745. A monograph of works by ceramic artist Miquel Barcel&oacute;, following an exhibition at The International museum of Ceramics in Faenza (MIC). Text in English and Italian.","robots":{"index":"index","follow":"follow","max-snippet":"max-snippet:-1","max-image-preview":"max-image-preview:large","max-video-preview":"max-video-preview:-1"},"canonical":"https:\/\/www.accartbooks.com\/uk\/book\/miquel-barcelo\/","og_locale":"en_GB","og_type":"article","og_title":"Miquel Barcel\u00f3 - ACC Art Books UK","og_description":"Title: Miquel Barcel\u00f3, Pages: 160 Pages, Publish Date: 12th Dec 2019, Author: Edited by C\u00e9cile Pocheau Lesteve, Edited by Irene Biolchini, ISBN: 9788836643745. A monograph of works by ceramic artist Miquel Barcel&oacute;, following an exhibition at The International museum of Ceramics in Faenza (MIC). Text in English and Italian.","og_url":"https:\/\/www.accartbooks.com\/uk\/book\/miquel-barcelo\/","og_site_name":"ACC Art Books UK","article_publisher":"https:\/\/www.facebook.com\/ACCArtBooks\/","article_modified_time":"2026-04-17T17:10:26+00:00","og_image":[{"width":683,"height":1000,"url":"https:\/\/www.accartbooks.com\/app\/uploads\/books\/9788836643745-04-1.jpg","type":"image\/jpeg"}],"twitter_card":"summary_large_image","twitter_site":"@accartbooks","twitter_misc":{"Estimated reading time":"1 minute"},"schema":{"@context":"https:\/\/schema.org","@graph":[{"@type":"WebPage","@id":"https:\/\/www.accartbooks.com\/uk\/book\/miquel-barcelo\/","url":"https:\/\/www.accartbooks.com\/uk\/book\/miquel-barcelo\/","name":"Miquel Barcel\u00f3 - ACC Art Books UK","isPartOf":{"@id":"https:\/\/www.accartbooks.com\/uk\/#website"},"primaryImageOfPage":{"@id":"https:\/\/www.accartbooks.com\/uk\/book\/miquel-barcelo\/#primaryimage"},"image":{"@id":"https:\/\/www.accartbooks.com\/uk\/book\/miquel-barcelo\/#primaryimage"},"thumbnailUrl":"https:\/\/www.accartbooks.com\/app\/uploads\/books\/9788836643745-04-1.jpg","datePublished":"2020-06-03T01:19:01+00:00","dateModified":"2026-04-17T17:10:26+00:00","description":"Title: Miquel Barcel\u00f3, Pages: 160 Pages, Publish Date: 12th Dec 2019, Author: Edited by C\u00e9cile Pocheau Lesteve, Edited by Irene Biolchini, ISBN: 9788836643745. A monograph of works by ceramic artist Miquel Barcel&oacute;, following an exhibition at The International museum of Ceramics in Faenza (MIC). Text in English and Italian.","breadcrumb":{"@id":"https:\/\/www.accartbooks.com\/uk\/book\/miquel-barcelo\/#breadcrumb"},"inLanguage":"en-GB","potentialAction":[{"@type":"ReadAction","target":["https:\/\/www.accartbooks.com\/uk\/book\/miquel-barcelo\/"]}]},{"@type":"ImageObject","inLanguage":"en-GB","@id":"https:\/\/www.accartbooks.com\/uk\/book\/miquel-barcelo\/#primaryimage","url":"https:\/\/www.accartbooks.com\/app\/uploads\/books\/9788836643745-04-1.jpg","contentUrl":"https:\/\/www.accartbooks.com\/app\/uploads\/books\/9788836643745-04-1.jpg","width":683,"height":1000},{"@type":"BreadcrumbList","@id":"https:\/\/www.accartbooks.com\/uk\/book\/miquel-barcelo\/#breadcrumb","itemListElement":[{"@type":"ListItem","position":1,"name":"Home","item":"https:\/\/www.accartbooks.com\/uk\/"},{"@type":"ListItem","position":2,"name":"Books","item":"https:\/\/www.accartbooks.com\/uk\/books\/"},{"@type":"ListItem","position":3,"name":"Miquel Barcel\u00f3"}]},{"@type":"WebSite","@id":"https:\/\/www.accartbooks.com\/uk\/#website","url":"https:\/\/www.accartbooks.com\/uk\/","name":"ACC Art Books UK","description":"One of the world\u2019s leading publishers and distributors of books on the arts and visual culture","publisher":{"@id":"https:\/\/www.accartbooks.com\/uk\/#organization"},"potentialAction":[{"@type":"SearchAction","target":{"@type":"EntryPoint","urlTemplate":"https:\/\/www.accartbooks.com\/uk\/?s={search_term_string}"},"query-input":{"@type":"PropertyValueSpecification","valueRequired":true,"valueName":"search_term_string"}}],"inLanguage":"en-GB"},{"@type":"Organization","@id":"https:\/\/www.accartbooks.com\/uk\/#organization","name":"ACC Art Books UK","url":"https:\/\/www.accartbooks.com\/uk\/","logo":{"@type":"ImageObject","inLanguage":"en-GB","@id":"https:\/\/www.accartbooks.com\/uk\/#\/schema\/logo\/image\/","url":"https:\/\/www.accartbooks.com\/app\/uploads\/2020\/05\/Acc-Logo.png","contentUrl":"https:\/\/www.accartbooks.com\/app\/uploads\/2020\/05\/Acc-Logo.png","width":64,"height":100,"caption":"ACC Art Books UK"},"image":{"@id":"https:\/\/www.accartbooks.com\/uk\/#\/schema\/logo\/image\/"},"sameAs":["https:\/\/www.facebook.com\/ACCArtBooks\/","https:\/\/x.com\/accartbooks"]}]}},"_links":{"self":[{"href":"https:\/\/www.accartbooks.com\/uk\/wp-json\/wp\/v2\/product\/14880","targetHints":{"allow":["GET"]}}],"collection":[{"href":"https:\/\/www.accartbooks.com\/uk\/wp-json\/wp\/v2\/product"}],"about":[{"href":"https:\/\/www.accartbooks.com\/uk\/wp-json\/wp\/v2\/types\/product"}],"wp:featuredmedia":[{"embeddable":true,"href":"https:\/\/www.accartbooks.com\/uk\/wp-json\/wp\/v2\/media\/14881"}],"wp:attachment":[{"href":"https:\/\/www.accartbooks.com\/uk\/wp-json\/wp\/v2\/media?parent=14880"}],"wp:term":[{"taxonomy":"product_brand","embeddable":true,"href":"https:\/\/www.accartbooks.com\/uk\/wp-json\/wp\/v2\/product_brand?post=14880"},{"taxonomy":"product_cat","embeddable":true,"href":"https:\/\/www.accartbooks.com\/uk\/wp-json\/wp\/v2\/product_cat?post=14880"},{"taxonomy":"product_tag","embeddable":true,"href":"https:\/\/www.accartbooks.com\/uk\/wp-json\/wp\/v2\/product_tag?post=14880"}],"curies":[{"name":"wp","href":"https:\/\/api.w.org\/{rel}","templated":true}]}}