{"id":14952,"date":"2020-06-03T01:52:11","date_gmt":"2020-06-03T01:52:11","guid":{"rendered":"https:\/\/www.accartbooks.com\/uk\/book\/andres-pereira-paz\/"},"modified":"2025-02-28T18:10:38","modified_gmt":"2025-02-28T18:10:38","slug":"andres-pereira-paz","status":"publish","type":"product","link":"https:\/\/www.accartbooks.com\/uk\/book\/andres-pereira-paz\/","title":{"rendered":"Andr\u00e9s Pereira Paz"},"content":{"rendered":"<div>\n<p>This book documents the project  Radio Carabuco of the Bolivian artist Andr&eacute;s Pereira Paz, which he  created during his residency at K&uuml;nstlerhaus Bethanien in Berlin. A  podcast (www.radiocarabuco.com) developed in collaboration with  international artists, researchers, and activists forms the centerpiece  of the project.<\/p>\n<p>Pereira Paz&#8217;s critical reflections were inspired  by Jos&eacute; L&oacute;pez de los R&iacute;os&#8217;s painting of a vision of hell, commissioned  by the Catholic Church during the colonial era. Created in the Andes  town of Carabuco in 1664, the work is still on display at the local  church. Like many paintings from that period, the Christian motif was  brought to Latin America by the Spanish colonial rulers to convert the  indigenous population from paganism to Christianity and to peddle  propaganda for Catholicism&#8217;s message of salvation.<\/p>\n<p>The episodes of  Pereira Paz&#8217;s podcast investigate the methods and consequences of  religious and cultural colonialism and scrutinise various political and  societal perspectives, in particular with regard to his native country  of Bolivia. The rejection and suppression of everything that is  perceived as &#8216;other&#8217; is a key theme of his work, which also addresses  the question of whether the traditional Western idea of &#8216;hell&#8217; has  potentially become a symbolic place of active resistance against  propaganda, censorship, and discrimination that should be defended as  effectively as possible.<\/p>\n<\/div>\n","protected":false},"excerpt":{"rendered":"<p>This book documents the project Radio Carabuco of the Bolivian artist Andr&eacute;s Pereira Paz, which he created during his residency at K&uuml;nstlerhaus Bethanien in Berlin.<\/p>\n","protected":false},"featured_media":14953,"template":"","meta":{"_acf_changed":false,"_relevanssi_hide_post":"","_relevanssi_hide_content":"","_relevanssi_pin_for_all":"","_relevanssi_pin_keywords":"","_relevanssi_unpin_keywords":"","_relevanssi_related_keywords":"","_relevanssi_related_include_ids":"","_relevanssi_related_exclude_ids":"","_relevanssi_related_no_append":"","_relevanssi_related_not_related":"","_relevanssi_related_posts":"","_relevanssi_noindex_reason":""},"product_brand":[],"product_cat":[5568],"product_tag":[],"class_list":{"0":"post-14952","1":"product","2":"type-product","3":"status-publish","4":"has-post-thumbnail","6":"product_cat-art","7":"author-by-author-christoph-tannert","8":"author-by-author-daniela-leykam","9":"author-by-author-kunstlerhaus-bethanien","10":"publisher-verlag-kettler","12":"first","13":"instock","14":"shipping-taxable","15":"purchasable","16":"product-type-simple"},"acf":[],"yoast_head":"<!-- This site is optimized with the Yoast SEO plugin v27.0 - https:\/\/yoast.com\/product\/yoast-seo-wordpress\/ -->\n<title>Andr\u00e9s Pereira Paz - ACC Art Books UK<\/title>\n<meta name=\"description\" content=\"Title: Andr\u00e9s Pereira Paz, Pages: 64 Pages, Publish Date: 13th Apr 2020, Author: Christoph Tannert, Daniela Leykam, K\u00fcnstlerhaus Bethanien, ISBN: 9783862067848. This book documents the project Radio Carabuco of the Bolivian artist Andr&eacute;s Pereira Paz, which he created during his residency at K&uuml;nstlerhaus Bethanien in Berlin.\" \/>\n<meta name=\"robots\" content=\"index, follow, max-snippet:-1, max-image-preview:large, max-video-preview:-1\" \/>\n<link rel=\"canonical\" href=\"https:\/\/www.accartbooks.com\/uk\/book\/andres-pereira-paz\/\" \/>\n<meta property=\"og:locale\" content=\"en_GB\" \/>\n<meta property=\"og:type\" content=\"article\" \/>\n<meta property=\"og:title\" content=\"Andr\u00e9s Pereira Paz - ACC Art Books UK\" \/>\n<meta property=\"og:description\" content=\"Title: Andr\u00e9s Pereira Paz, Pages: 64 Pages, Publish Date: 13th Apr 2020, Author: Christoph Tannert, Daniela Leykam, K\u00fcnstlerhaus Bethanien, ISBN: 9783862067848. This book documents the project Radio Carabuco of the Bolivian artist Andr&eacute;s Pereira Paz, which he created during his residency at K&uuml;nstlerhaus Bethanien in Berlin.\" \/>\n<meta property=\"og:url\" content=\"https:\/\/www.accartbooks.com\/uk\/book\/andres-pereira-paz\/\" \/>\n<meta property=\"og:site_name\" content=\"ACC Art Books UK\" \/>\n<meta property=\"article:publisher\" content=\"https:\/\/www.facebook.com\/ACCArtBooks\/\" \/>\n<meta property=\"article:modified_time\" content=\"2025-02-28T18:10:38+00:00\" \/>\n<meta property=\"og:image\" content=\"https:\/\/www.accartbooks.com\/app\/uploads\/books\/9783862067848-04-1.jpg\" \/>\n\t<meta property=\"og:image:width\" content=\"837\" \/>\n\t<meta property=\"og:image:height\" content=\"1000\" \/>\n\t<meta property=\"og:image:type\" content=\"image\/jpeg\" \/>\n<meta name=\"twitter:card\" content=\"summary_large_image\" \/>\n<meta name=\"twitter:site\" content=\"@accartbooks\" \/>\n<meta name=\"twitter:label1\" content=\"Estimated reading time\" \/>\n\t<meta name=\"twitter:data1\" content=\"1 minute\" \/>\n<script type=\"application\/ld+json\" class=\"yoast-schema-graph\">{\"@context\":\"https:\/\/schema.org\",\"@graph\":[{\"@type\":\"WebPage\",\"@id\":\"https:\/\/www.accartbooks.com\/uk\/book\/andres-pereira-paz\/\",\"url\":\"https:\/\/www.accartbooks.com\/uk\/book\/andres-pereira-paz\/\",\"name\":\"Andr\u00e9s Pereira Paz - ACC Art Books UK\",\"isPartOf\":{\"@id\":\"https:\/\/www.accartbooks.com\/uk\/#website\"},\"primaryImageOfPage\":{\"@id\":\"https:\/\/www.accartbooks.com\/uk\/book\/andres-pereira-paz\/#primaryimage\"},\"image\":{\"@id\":\"https:\/\/www.accartbooks.com\/uk\/book\/andres-pereira-paz\/#primaryimage\"},\"thumbnailUrl\":\"https:\/\/www.accartbooks.com\/app\/uploads\/books\/9783862067848-04-1.jpg\",\"datePublished\":\"2020-06-03T01:52:11+00:00\",\"dateModified\":\"2025-02-28T18:10:38+00:00\",\"description\":\"Title: Andr\u00e9s Pereira Paz, Pages: 64 Pages, Publish Date: 13th Apr 2020, Author: Christoph Tannert, Daniela Leykam, K\u00fcnstlerhaus Bethanien, ISBN: 9783862067848. This book documents the project Radio Carabuco of the Bolivian artist Andr&eacute;s Pereira Paz, which he created during his residency at K&uuml;nstlerhaus Bethanien in Berlin.\",\"breadcrumb\":{\"@id\":\"https:\/\/www.accartbooks.com\/uk\/book\/andres-pereira-paz\/#breadcrumb\"},\"inLanguage\":\"en-GB\",\"potentialAction\":[{\"@type\":\"ReadAction\",\"target\":[\"https:\/\/www.accartbooks.com\/uk\/book\/andres-pereira-paz\/\"]}]},{\"@type\":\"ImageObject\",\"inLanguage\":\"en-GB\",\"@id\":\"https:\/\/www.accartbooks.com\/uk\/book\/andres-pereira-paz\/#primaryimage\",\"url\":\"https:\/\/www.accartbooks.com\/app\/uploads\/books\/9783862067848-04-1.jpg\",\"contentUrl\":\"https:\/\/www.accartbooks.com\/app\/uploads\/books\/9783862067848-04-1.jpg\",\"width\":837,\"height\":1000},{\"@type\":\"BreadcrumbList\",\"@id\":\"https:\/\/www.accartbooks.com\/uk\/book\/andres-pereira-paz\/#breadcrumb\",\"itemListElement\":[{\"@type\":\"ListItem\",\"position\":1,\"name\":\"Home\",\"item\":\"https:\/\/www.accartbooks.com\/uk\/\"},{\"@type\":\"ListItem\",\"position\":2,\"name\":\"Books\",\"item\":\"https:\/\/www.accartbooks.com\/uk\/books\/\"},{\"@type\":\"ListItem\",\"position\":3,\"name\":\"Andr\u00e9s Pereira Paz\"}]},{\"@type\":\"WebSite\",\"@id\":\"https:\/\/www.accartbooks.com\/uk\/#website\",\"url\":\"https:\/\/www.accartbooks.com\/uk\/\",\"name\":\"ACC Art Books UK\",\"description\":\"One of the world\u2019s leading publishers and distributors of books on the arts and visual culture\",\"publisher\":{\"@id\":\"https:\/\/www.accartbooks.com\/uk\/#organization\"},\"potentialAction\":[{\"@type\":\"SearchAction\",\"target\":{\"@type\":\"EntryPoint\",\"urlTemplate\":\"https:\/\/www.accartbooks.com\/uk\/?s={search_term_string}\"},\"query-input\":{\"@type\":\"PropertyValueSpecification\",\"valueRequired\":true,\"valueName\":\"search_term_string\"}}],\"inLanguage\":\"en-GB\"},{\"@type\":\"Organization\",\"@id\":\"https:\/\/www.accartbooks.com\/uk\/#organization\",\"name\":\"ACC Art Books UK\",\"url\":\"https:\/\/www.accartbooks.com\/uk\/\",\"logo\":{\"@type\":\"ImageObject\",\"inLanguage\":\"en-GB\",\"@id\":\"https:\/\/www.accartbooks.com\/uk\/#\/schema\/logo\/image\/\",\"url\":\"https:\/\/www.accartbooks.com\/app\/uploads\/2020\/05\/Acc-Logo.png\",\"contentUrl\":\"https:\/\/www.accartbooks.com\/app\/uploads\/2020\/05\/Acc-Logo.png\",\"width\":64,\"height\":100,\"caption\":\"ACC Art Books UK\"},\"image\":{\"@id\":\"https:\/\/www.accartbooks.com\/uk\/#\/schema\/logo\/image\/\"},\"sameAs\":[\"https:\/\/www.facebook.com\/ACCArtBooks\/\",\"https:\/\/x.com\/accartbooks\"]}]}<\/script>\n<!-- \/ Yoast SEO plugin. -->","yoast_head_json":{"title":"Andr\u00e9s Pereira Paz - ACC Art Books UK","description":"Title: Andr\u00e9s Pereira Paz, Pages: 64 Pages, Publish Date: 13th Apr 2020, Author: Christoph Tannert, Daniela Leykam, K\u00fcnstlerhaus Bethanien, ISBN: 9783862067848. This book documents the project Radio Carabuco of the Bolivian artist Andr&eacute;s Pereira Paz, which he created during his residency at K&uuml;nstlerhaus Bethanien in Berlin.","robots":{"index":"index","follow":"follow","max-snippet":"max-snippet:-1","max-image-preview":"max-image-preview:large","max-video-preview":"max-video-preview:-1"},"canonical":"https:\/\/www.accartbooks.com\/uk\/book\/andres-pereira-paz\/","og_locale":"en_GB","og_type":"article","og_title":"Andr\u00e9s Pereira Paz - ACC Art Books UK","og_description":"Title: Andr\u00e9s Pereira Paz, Pages: 64 Pages, Publish Date: 13th Apr 2020, Author: Christoph Tannert, Daniela Leykam, K\u00fcnstlerhaus Bethanien, ISBN: 9783862067848. This book documents the project Radio Carabuco of the Bolivian artist Andr&eacute;s Pereira Paz, which he created during his residency at K&uuml;nstlerhaus Bethanien in Berlin.","og_url":"https:\/\/www.accartbooks.com\/uk\/book\/andres-pereira-paz\/","og_site_name":"ACC Art Books UK","article_publisher":"https:\/\/www.facebook.com\/ACCArtBooks\/","article_modified_time":"2025-02-28T18:10:38+00:00","og_image":[{"width":837,"height":1000,"url":"https:\/\/www.accartbooks.com\/app\/uploads\/books\/9783862067848-04-1.jpg","type":"image\/jpeg"}],"twitter_card":"summary_large_image","twitter_site":"@accartbooks","twitter_misc":{"Estimated reading time":"1 minute"},"schema":{"@context":"https:\/\/schema.org","@graph":[{"@type":"WebPage","@id":"https:\/\/www.accartbooks.com\/uk\/book\/andres-pereira-paz\/","url":"https:\/\/www.accartbooks.com\/uk\/book\/andres-pereira-paz\/","name":"Andr\u00e9s Pereira Paz - ACC Art Books UK","isPartOf":{"@id":"https:\/\/www.accartbooks.com\/uk\/#website"},"primaryImageOfPage":{"@id":"https:\/\/www.accartbooks.com\/uk\/book\/andres-pereira-paz\/#primaryimage"},"image":{"@id":"https:\/\/www.accartbooks.com\/uk\/book\/andres-pereira-paz\/#primaryimage"},"thumbnailUrl":"https:\/\/www.accartbooks.com\/app\/uploads\/books\/9783862067848-04-1.jpg","datePublished":"2020-06-03T01:52:11+00:00","dateModified":"2025-02-28T18:10:38+00:00","description":"Title: Andr\u00e9s Pereira Paz, Pages: 64 Pages, Publish Date: 13th Apr 2020, Author: Christoph Tannert, Daniela Leykam, K\u00fcnstlerhaus Bethanien, ISBN: 9783862067848. This book documents the project Radio Carabuco of the Bolivian artist Andr&eacute;s Pereira Paz, which he created during his residency at K&uuml;nstlerhaus Bethanien in Berlin.","breadcrumb":{"@id":"https:\/\/www.accartbooks.com\/uk\/book\/andres-pereira-paz\/#breadcrumb"},"inLanguage":"en-GB","potentialAction":[{"@type":"ReadAction","target":["https:\/\/www.accartbooks.com\/uk\/book\/andres-pereira-paz\/"]}]},{"@type":"ImageObject","inLanguage":"en-GB","@id":"https:\/\/www.accartbooks.com\/uk\/book\/andres-pereira-paz\/#primaryimage","url":"https:\/\/www.accartbooks.com\/app\/uploads\/books\/9783862067848-04-1.jpg","contentUrl":"https:\/\/www.accartbooks.com\/app\/uploads\/books\/9783862067848-04-1.jpg","width":837,"height":1000},{"@type":"BreadcrumbList","@id":"https:\/\/www.accartbooks.com\/uk\/book\/andres-pereira-paz\/#breadcrumb","itemListElement":[{"@type":"ListItem","position":1,"name":"Home","item":"https:\/\/www.accartbooks.com\/uk\/"},{"@type":"ListItem","position":2,"name":"Books","item":"https:\/\/www.accartbooks.com\/uk\/books\/"},{"@type":"ListItem","position":3,"name":"Andr\u00e9s Pereira Paz"}]},{"@type":"WebSite","@id":"https:\/\/www.accartbooks.com\/uk\/#website","url":"https:\/\/www.accartbooks.com\/uk\/","name":"ACC Art Books UK","description":"One of the world\u2019s leading publishers and distributors of books on the arts and visual culture","publisher":{"@id":"https:\/\/www.accartbooks.com\/uk\/#organization"},"potentialAction":[{"@type":"SearchAction","target":{"@type":"EntryPoint","urlTemplate":"https:\/\/www.accartbooks.com\/uk\/?s={search_term_string}"},"query-input":{"@type":"PropertyValueSpecification","valueRequired":true,"valueName":"search_term_string"}}],"inLanguage":"en-GB"},{"@type":"Organization","@id":"https:\/\/www.accartbooks.com\/uk\/#organization","name":"ACC Art Books UK","url":"https:\/\/www.accartbooks.com\/uk\/","logo":{"@type":"ImageObject","inLanguage":"en-GB","@id":"https:\/\/www.accartbooks.com\/uk\/#\/schema\/logo\/image\/","url":"https:\/\/www.accartbooks.com\/app\/uploads\/2020\/05\/Acc-Logo.png","contentUrl":"https:\/\/www.accartbooks.com\/app\/uploads\/2020\/05\/Acc-Logo.png","width":64,"height":100,"caption":"ACC Art Books UK"},"image":{"@id":"https:\/\/www.accartbooks.com\/uk\/#\/schema\/logo\/image\/"},"sameAs":["https:\/\/www.facebook.com\/ACCArtBooks\/","https:\/\/x.com\/accartbooks"]}]}},"_links":{"self":[{"href":"https:\/\/www.accartbooks.com\/uk\/wp-json\/wp\/v2\/product\/14952","targetHints":{"allow":["GET"]}}],"collection":[{"href":"https:\/\/www.accartbooks.com\/uk\/wp-json\/wp\/v2\/product"}],"about":[{"href":"https:\/\/www.accartbooks.com\/uk\/wp-json\/wp\/v2\/types\/product"}],"wp:featuredmedia":[{"embeddable":true,"href":"https:\/\/www.accartbooks.com\/uk\/wp-json\/wp\/v2\/media\/14953"}],"wp:attachment":[{"href":"https:\/\/www.accartbooks.com\/uk\/wp-json\/wp\/v2\/media?parent=14952"}],"wp:term":[{"taxonomy":"product_brand","embeddable":true,"href":"https:\/\/www.accartbooks.com\/uk\/wp-json\/wp\/v2\/product_brand?post=14952"},{"taxonomy":"product_cat","embeddable":true,"href":"https:\/\/www.accartbooks.com\/uk\/wp-json\/wp\/v2\/product_cat?post=14952"},{"taxonomy":"product_tag","embeddable":true,"href":"https:\/\/www.accartbooks.com\/uk\/wp-json\/wp\/v2\/product_tag?post=14952"}],"curies":[{"name":"wp","href":"https:\/\/api.w.org\/{rel}","templated":true}]}}