{"id":15143,"date":"2020-06-05T23:48:48","date_gmt":"2020-06-05T23:48:48","guid":{"rendered":"https:\/\/www.accartbooks.com\/uk\/book\/musee-cantonal-des-beaux-arts-de-lausanne-2\/"},"modified":"2022-11-03T15:39:06","modified_gmt":"2022-11-03T15:39:06","slug":"musee-cantonal-des-beaux-arts-de-lausanne-2","status":"publish","type":"product","link":"https:\/\/www.accartbooks.com\/uk\/book\/musee-cantonal-des-beaux-arts-de-lausanne-2\/","title":{"rendered":"Mus\u00e9e Cantonal des Beaux-Arts de Lausanne"},"content":{"rendered":"<p>Founded in 1841 and located since October 2019 in a striking new  building by celebrated Spanish-Italian architects Barozzi Veiga, the  Mus\u00e9e Cantonal des Beaux-Arts in Lausanne (MCBA) is one of Switzerland&#8217;s  major public art galleries. It is home to an impressive permanent  collection spanning eight centuries of art history that comprises  manifold works by Swiss and international artists. This compact guide  introduces 212 works from all periods represented in the collection with  image and a concise text about its history and reception. An essay on  the museum&#8217;s development over 170 years as well as an index of artists  round out the book.<\/p>\n","protected":false},"excerpt":{"rendered":"<p>A guide to the permanent collection of Lausanne&#8217;s Mus\u00e9e Cantonal des Beaux-Arts in Lausanne (MCBA), one of Switzerland&#8217;s major public art museums.<\/p>\n","protected":false},"featured_media":15144,"template":"","meta":{"_acf_changed":false,"_relevanssi_hide_post":"","_relevanssi_hide_content":"","_relevanssi_pin_for_all":"","_relevanssi_pin_keywords":"","_relevanssi_unpin_keywords":"","_relevanssi_related_keywords":"","_relevanssi_related_include_ids":"","_relevanssi_related_exclude_ids":"","_relevanssi_related_no_append":"","_relevanssi_related_not_related":"","_relevanssi_related_posts":"","_relevanssi_noindex_reason":""},"product_brand":[],"product_cat":[5550],"product_tag":[],"class_list":{"0":"post-15143","1":"product","2":"type-product","3":"status-publish","4":"has-post-thumbnail","6":"product_cat-travel","7":"author-edited-by-musee-cantonal-des-beaux-arts-de-lausanne","8":"publisher-scheidegger-und-spiess-ag-verlag","10":"first","11":"instock","12":"shipping-taxable","13":"purchasable","14":"product-type-simple"},"acf":[],"yoast_head":"<!-- This site is optimized with the Yoast SEO plugin v27.0 - https:\/\/yoast.com\/product\/yoast-seo-wordpress\/ -->\n<title>Mus\u00e9e Cantonal des Beaux-Arts de Lausanne - ACC Art Books UK<\/title>\n<meta name=\"description\" content=\"Title: Mus\u00e9e Cantonal des Beaux-Arts de Lausanne, Pages: 248 Pages, Publish Date: 8th Apr 2020, Author: Edited by Mus\u00e9e Cantonal des Beaux-Arts de Lausanne, ISBN: 9783858818508. A guide to the permanent collection of Lausanne&#039;s Mus\u00e9e Cantonal des Beaux-Arts in Lausanne (MCBA), one of Switzerland&#039;s major public art museums.\" \/>\n<meta name=\"robots\" content=\"index, follow, max-snippet:-1, max-image-preview:large, max-video-preview:-1\" \/>\n<link rel=\"canonical\" href=\"https:\/\/www.accartbooks.com\/uk\/book\/musee-cantonal-des-beaux-arts-de-lausanne-2\/\" \/>\n<meta property=\"og:locale\" content=\"en_GB\" \/>\n<meta property=\"og:type\" content=\"article\" \/>\n<meta property=\"og:title\" content=\"Mus\u00e9e Cantonal des Beaux-Arts de Lausanne - ACC Art Books UK\" \/>\n<meta property=\"og:description\" content=\"Title: Mus\u00e9e Cantonal des Beaux-Arts de Lausanne, Pages: 248 Pages, Publish Date: 8th Apr 2020, Author: Edited by Mus\u00e9e Cantonal des Beaux-Arts de Lausanne, ISBN: 9783858818508. A guide to the permanent collection of Lausanne&#039;s Mus\u00e9e Cantonal des Beaux-Arts in Lausanne (MCBA), one of Switzerland&#039;s major public art museums.\" \/>\n<meta property=\"og:url\" content=\"https:\/\/www.accartbooks.com\/uk\/book\/musee-cantonal-des-beaux-arts-de-lausanne-2\/\" \/>\n<meta property=\"og:site_name\" content=\"ACC Art Books UK\" \/>\n<meta property=\"article:publisher\" content=\"https:\/\/www.facebook.com\/ACCArtBooks\/\" \/>\n<meta property=\"article:modified_time\" content=\"2022-11-03T15:39:06+00:00\" \/>\n<meta property=\"og:image\" content=\"https:\/\/www.accartbooks.com\/app\/uploads\/books\/9783858818508-04-1.jpg\" \/>\n\t<meta property=\"og:image:width\" content=\"613\" \/>\n\t<meta property=\"og:image:height\" content=\"1000\" \/>\n\t<meta property=\"og:image:type\" content=\"image\/jpeg\" \/>\n<meta name=\"twitter:card\" content=\"summary_large_image\" \/>\n<meta name=\"twitter:site\" content=\"@accartbooks\" \/>\n<script type=\"application\/ld+json\" class=\"yoast-schema-graph\">{\"@context\":\"https:\/\/schema.org\",\"@graph\":[{\"@type\":\"WebPage\",\"@id\":\"https:\/\/www.accartbooks.com\/uk\/book\/musee-cantonal-des-beaux-arts-de-lausanne-2\/\",\"url\":\"https:\/\/www.accartbooks.com\/uk\/book\/musee-cantonal-des-beaux-arts-de-lausanne-2\/\",\"name\":\"Mus\u00e9e Cantonal des Beaux-Arts de Lausanne - ACC Art Books UK\",\"isPartOf\":{\"@id\":\"https:\/\/www.accartbooks.com\/uk\/#website\"},\"primaryImageOfPage\":{\"@id\":\"https:\/\/www.accartbooks.com\/uk\/book\/musee-cantonal-des-beaux-arts-de-lausanne-2\/#primaryimage\"},\"image\":{\"@id\":\"https:\/\/www.accartbooks.com\/uk\/book\/musee-cantonal-des-beaux-arts-de-lausanne-2\/#primaryimage\"},\"thumbnailUrl\":\"https:\/\/www.accartbooks.com\/app\/uploads\/books\/9783858818508-04-1.jpg\",\"datePublished\":\"2020-06-05T23:48:48+00:00\",\"dateModified\":\"2022-11-03T15:39:06+00:00\",\"description\":\"Title: Mus\u00e9e Cantonal des Beaux-Arts de Lausanne, Pages: 248 Pages, Publish Date: 8th Apr 2020, Author: Edited by Mus\u00e9e Cantonal des Beaux-Arts de Lausanne, ISBN: 9783858818508. A guide to the permanent collection of Lausanne's Mus\u00e9e Cantonal des Beaux-Arts in Lausanne (MCBA), one of Switzerland's major public art museums.\",\"breadcrumb\":{\"@id\":\"https:\/\/www.accartbooks.com\/uk\/book\/musee-cantonal-des-beaux-arts-de-lausanne-2\/#breadcrumb\"},\"inLanguage\":\"en-GB\",\"potentialAction\":[{\"@type\":\"ReadAction\",\"target\":[\"https:\/\/www.accartbooks.com\/uk\/book\/musee-cantonal-des-beaux-arts-de-lausanne-2\/\"]}]},{\"@type\":\"ImageObject\",\"inLanguage\":\"en-GB\",\"@id\":\"https:\/\/www.accartbooks.com\/uk\/book\/musee-cantonal-des-beaux-arts-de-lausanne-2\/#primaryimage\",\"url\":\"https:\/\/www.accartbooks.com\/app\/uploads\/books\/9783858818508-04-1.jpg\",\"contentUrl\":\"https:\/\/www.accartbooks.com\/app\/uploads\/books\/9783858818508-04-1.jpg\",\"width\":613,\"height\":1000},{\"@type\":\"BreadcrumbList\",\"@id\":\"https:\/\/www.accartbooks.com\/uk\/book\/musee-cantonal-des-beaux-arts-de-lausanne-2\/#breadcrumb\",\"itemListElement\":[{\"@type\":\"ListItem\",\"position\":1,\"name\":\"Home\",\"item\":\"https:\/\/www.accartbooks.com\/uk\/\"},{\"@type\":\"ListItem\",\"position\":2,\"name\":\"Books\",\"item\":\"https:\/\/www.accartbooks.com\/uk\/books\/\"},{\"@type\":\"ListItem\",\"position\":3,\"name\":\"Mus\u00e9e Cantonal des Beaux-Arts de Lausanne\"}]},{\"@type\":\"WebSite\",\"@id\":\"https:\/\/www.accartbooks.com\/uk\/#website\",\"url\":\"https:\/\/www.accartbooks.com\/uk\/\",\"name\":\"ACC Art Books UK\",\"description\":\"One of the world\u2019s leading publishers and distributors of books on the arts and visual culture\",\"publisher\":{\"@id\":\"https:\/\/www.accartbooks.com\/uk\/#organization\"},\"potentialAction\":[{\"@type\":\"SearchAction\",\"target\":{\"@type\":\"EntryPoint\",\"urlTemplate\":\"https:\/\/www.accartbooks.com\/uk\/?s={search_term_string}\"},\"query-input\":{\"@type\":\"PropertyValueSpecification\",\"valueRequired\":true,\"valueName\":\"search_term_string\"}}],\"inLanguage\":\"en-GB\"},{\"@type\":\"Organization\",\"@id\":\"https:\/\/www.accartbooks.com\/uk\/#organization\",\"name\":\"ACC Art Books UK\",\"url\":\"https:\/\/www.accartbooks.com\/uk\/\",\"logo\":{\"@type\":\"ImageObject\",\"inLanguage\":\"en-GB\",\"@id\":\"https:\/\/www.accartbooks.com\/uk\/#\/schema\/logo\/image\/\",\"url\":\"https:\/\/www.accartbooks.com\/app\/uploads\/2020\/05\/Acc-Logo.png\",\"contentUrl\":\"https:\/\/www.accartbooks.com\/app\/uploads\/2020\/05\/Acc-Logo.png\",\"width\":64,\"height\":100,\"caption\":\"ACC Art Books UK\"},\"image\":{\"@id\":\"https:\/\/www.accartbooks.com\/uk\/#\/schema\/logo\/image\/\"},\"sameAs\":[\"https:\/\/www.facebook.com\/ACCArtBooks\/\",\"https:\/\/x.com\/accartbooks\"]}]}<\/script>\n<!-- \/ Yoast SEO plugin. -->","yoast_head_json":{"title":"Mus\u00e9e Cantonal des Beaux-Arts de Lausanne - ACC Art Books UK","description":"Title: Mus\u00e9e Cantonal des Beaux-Arts de Lausanne, Pages: 248 Pages, Publish Date: 8th Apr 2020, Author: Edited by Mus\u00e9e Cantonal des Beaux-Arts de Lausanne, ISBN: 9783858818508. A guide to the permanent collection of Lausanne's Mus\u00e9e Cantonal des Beaux-Arts in Lausanne (MCBA), one of Switzerland's major public art museums.","robots":{"index":"index","follow":"follow","max-snippet":"max-snippet:-1","max-image-preview":"max-image-preview:large","max-video-preview":"max-video-preview:-1"},"canonical":"https:\/\/www.accartbooks.com\/uk\/book\/musee-cantonal-des-beaux-arts-de-lausanne-2\/","og_locale":"en_GB","og_type":"article","og_title":"Mus\u00e9e Cantonal des Beaux-Arts de Lausanne - ACC Art Books UK","og_description":"Title: Mus\u00e9e Cantonal des Beaux-Arts de Lausanne, Pages: 248 Pages, Publish Date: 8th Apr 2020, Author: Edited by Mus\u00e9e Cantonal des Beaux-Arts de Lausanne, ISBN: 9783858818508. A guide to the permanent collection of Lausanne's Mus\u00e9e Cantonal des Beaux-Arts in Lausanne (MCBA), one of Switzerland's major public art museums.","og_url":"https:\/\/www.accartbooks.com\/uk\/book\/musee-cantonal-des-beaux-arts-de-lausanne-2\/","og_site_name":"ACC Art Books UK","article_publisher":"https:\/\/www.facebook.com\/ACCArtBooks\/","article_modified_time":"2022-11-03T15:39:06+00:00","og_image":[{"width":613,"height":1000,"url":"https:\/\/www.accartbooks.com\/app\/uploads\/books\/9783858818508-04-1.jpg","type":"image\/jpeg"}],"twitter_card":"summary_large_image","twitter_site":"@accartbooks","schema":{"@context":"https:\/\/schema.org","@graph":[{"@type":"WebPage","@id":"https:\/\/www.accartbooks.com\/uk\/book\/musee-cantonal-des-beaux-arts-de-lausanne-2\/","url":"https:\/\/www.accartbooks.com\/uk\/book\/musee-cantonal-des-beaux-arts-de-lausanne-2\/","name":"Mus\u00e9e Cantonal des Beaux-Arts de Lausanne - ACC Art Books UK","isPartOf":{"@id":"https:\/\/www.accartbooks.com\/uk\/#website"},"primaryImageOfPage":{"@id":"https:\/\/www.accartbooks.com\/uk\/book\/musee-cantonal-des-beaux-arts-de-lausanne-2\/#primaryimage"},"image":{"@id":"https:\/\/www.accartbooks.com\/uk\/book\/musee-cantonal-des-beaux-arts-de-lausanne-2\/#primaryimage"},"thumbnailUrl":"https:\/\/www.accartbooks.com\/app\/uploads\/books\/9783858818508-04-1.jpg","datePublished":"2020-06-05T23:48:48+00:00","dateModified":"2022-11-03T15:39:06+00:00","description":"Title: Mus\u00e9e Cantonal des Beaux-Arts de Lausanne, Pages: 248 Pages, Publish Date: 8th Apr 2020, Author: Edited by Mus\u00e9e Cantonal des Beaux-Arts de Lausanne, ISBN: 9783858818508. A guide to the permanent collection of Lausanne's Mus\u00e9e Cantonal des Beaux-Arts in Lausanne (MCBA), one of Switzerland's major public art museums.","breadcrumb":{"@id":"https:\/\/www.accartbooks.com\/uk\/book\/musee-cantonal-des-beaux-arts-de-lausanne-2\/#breadcrumb"},"inLanguage":"en-GB","potentialAction":[{"@type":"ReadAction","target":["https:\/\/www.accartbooks.com\/uk\/book\/musee-cantonal-des-beaux-arts-de-lausanne-2\/"]}]},{"@type":"ImageObject","inLanguage":"en-GB","@id":"https:\/\/www.accartbooks.com\/uk\/book\/musee-cantonal-des-beaux-arts-de-lausanne-2\/#primaryimage","url":"https:\/\/www.accartbooks.com\/app\/uploads\/books\/9783858818508-04-1.jpg","contentUrl":"https:\/\/www.accartbooks.com\/app\/uploads\/books\/9783858818508-04-1.jpg","width":613,"height":1000},{"@type":"BreadcrumbList","@id":"https:\/\/www.accartbooks.com\/uk\/book\/musee-cantonal-des-beaux-arts-de-lausanne-2\/#breadcrumb","itemListElement":[{"@type":"ListItem","position":1,"name":"Home","item":"https:\/\/www.accartbooks.com\/uk\/"},{"@type":"ListItem","position":2,"name":"Books","item":"https:\/\/www.accartbooks.com\/uk\/books\/"},{"@type":"ListItem","position":3,"name":"Mus\u00e9e Cantonal des Beaux-Arts de Lausanne"}]},{"@type":"WebSite","@id":"https:\/\/www.accartbooks.com\/uk\/#website","url":"https:\/\/www.accartbooks.com\/uk\/","name":"ACC Art Books UK","description":"One of the world\u2019s leading publishers and distributors of books on the arts and visual culture","publisher":{"@id":"https:\/\/www.accartbooks.com\/uk\/#organization"},"potentialAction":[{"@type":"SearchAction","target":{"@type":"EntryPoint","urlTemplate":"https:\/\/www.accartbooks.com\/uk\/?s={search_term_string}"},"query-input":{"@type":"PropertyValueSpecification","valueRequired":true,"valueName":"search_term_string"}}],"inLanguage":"en-GB"},{"@type":"Organization","@id":"https:\/\/www.accartbooks.com\/uk\/#organization","name":"ACC Art Books UK","url":"https:\/\/www.accartbooks.com\/uk\/","logo":{"@type":"ImageObject","inLanguage":"en-GB","@id":"https:\/\/www.accartbooks.com\/uk\/#\/schema\/logo\/image\/","url":"https:\/\/www.accartbooks.com\/app\/uploads\/2020\/05\/Acc-Logo.png","contentUrl":"https:\/\/www.accartbooks.com\/app\/uploads\/2020\/05\/Acc-Logo.png","width":64,"height":100,"caption":"ACC Art Books UK"},"image":{"@id":"https:\/\/www.accartbooks.com\/uk\/#\/schema\/logo\/image\/"},"sameAs":["https:\/\/www.facebook.com\/ACCArtBooks\/","https:\/\/x.com\/accartbooks"]}]}},"_links":{"self":[{"href":"https:\/\/www.accartbooks.com\/uk\/wp-json\/wp\/v2\/product\/15143","targetHints":{"allow":["GET"]}}],"collection":[{"href":"https:\/\/www.accartbooks.com\/uk\/wp-json\/wp\/v2\/product"}],"about":[{"href":"https:\/\/www.accartbooks.com\/uk\/wp-json\/wp\/v2\/types\/product"}],"wp:featuredmedia":[{"embeddable":true,"href":"https:\/\/www.accartbooks.com\/uk\/wp-json\/wp\/v2\/media\/15144"}],"wp:attachment":[{"href":"https:\/\/www.accartbooks.com\/uk\/wp-json\/wp\/v2\/media?parent=15143"}],"wp:term":[{"taxonomy":"product_brand","embeddable":true,"href":"https:\/\/www.accartbooks.com\/uk\/wp-json\/wp\/v2\/product_brand?post=15143"},{"taxonomy":"product_cat","embeddable":true,"href":"https:\/\/www.accartbooks.com\/uk\/wp-json\/wp\/v2\/product_cat?post=15143"},{"taxonomy":"product_tag","embeddable":true,"href":"https:\/\/www.accartbooks.com\/uk\/wp-json\/wp\/v2\/product_tag?post=15143"}],"curies":[{"name":"wp","href":"https:\/\/api.w.org\/{rel}","templated":true}]}}