{"id":16534,"date":"2020-08-13T07:10:09","date_gmt":"2020-08-13T07:10:09","guid":{"rendered":"https:\/\/www.accartbooks.com\/uk\/book\/bente-saetrang\/"},"modified":"2026-03-20T18:10:33","modified_gmt":"2026-03-20T18:10:33","slug":"bente-saetrang","status":"publish","type":"product","link":"https:\/\/www.accartbooks.com\/uk\/book\/bente-saetrang\/","title":{"rendered":"Bente S\u00e6trang"},"content":{"rendered":"<p>This monograph presents the Norwegian artist Bente S&aelig;trang (b. 1946) and her forty years of commitment to the medium of textile. S&aelig;trang is known for her intensive investigation of trompe l&#8217;oeil drapery, bold textile printing, monumental abstract colour studies, and juicy charcoal drawings. She was Norway&#8217;s first professor of textile art, and her political engagement and unique knowledge of colour and textile qualities permeate her work. Through essays, poems, interviews, montages, and rich imagery, this monograph sheds light on the different phases of S&aelig;trang&#8217;s artistic practice and provides an excellent overview of this exciting artistic work.<\/p>\n<p>Text in English and Norwegian.<\/p>\n<p>Published to accompany an exhibition at Kunstnerforbundet, Oslo (NO), between 22 October and 22 November 2020.<\/p>\n","protected":false},"excerpt":{"rendered":"<p>This monograph presents the Norwegian artist Bente S&aelig;trang (b. 1946) and her 40 years of commitment to the medium of textile. Text in English and Norwegian.<\/p>\n","protected":false},"featured_media":16535,"template":"","meta":{"_acf_changed":false,"_relevanssi_hide_post":"","_relevanssi_hide_content":"","_relevanssi_pin_for_all":"","_relevanssi_pin_keywords":"","_relevanssi_unpin_keywords":"","_relevanssi_related_keywords":"","_relevanssi_related_include_ids":"","_relevanssi_related_exclude_ids":"","_relevanssi_related_no_append":"","_relevanssi_related_not_related":"","_relevanssi_related_posts":"","_relevanssi_noindex_reason":""},"product_brand":[],"product_cat":[5568],"product_tag":[],"class_list":{"0":"post-16534","1":"product","2":"type-product","3":"status-publish","4":"has-post-thumbnail","6":"product_cat-art","7":"author-edited-by-nina-m-schjonsby","8":"publisher-arnoldsche-art-publishers","10":"first","11":"instock","12":"shipping-taxable","13":"purchasable","14":"product-type-simple"},"acf":[],"yoast_head":"<!-- This site is optimized with the Yoast SEO plugin v27.0 - https:\/\/yoast.com\/product\/yoast-seo-wordpress\/ -->\n<title>Bente S\u00e6trang - ACC Art Books UK<\/title>\n<meta name=\"description\" content=\"Title: Bente S\u00e6trang, Pages: 260 Pages, Publish Date: 16th Nov 2020, Author: Edited by Nina M. Schj\u00f8nsby, ISBN: 9783897906105. This monograph presents the Norwegian artist Bente S&aelig;trang (b. 1946) and her 40 years of commitment to the medium of textile. Text in English and Norwegian.\" \/>\n<meta name=\"robots\" content=\"index, follow, max-snippet:-1, max-image-preview:large, max-video-preview:-1\" \/>\n<link rel=\"canonical\" href=\"https:\/\/www.accartbooks.com\/uk\/book\/bente-saetrang\/\" \/>\n<meta property=\"og:locale\" content=\"en_GB\" \/>\n<meta property=\"og:type\" content=\"article\" \/>\n<meta property=\"og:title\" content=\"Bente S\u00e6trang - ACC Art Books UK\" \/>\n<meta property=\"og:description\" content=\"Title: Bente S\u00e6trang, Pages: 260 Pages, Publish Date: 16th Nov 2020, Author: Edited by Nina M. Schj\u00f8nsby, ISBN: 9783897906105. This monograph presents the Norwegian artist Bente S&aelig;trang (b. 1946) and her 40 years of commitment to the medium of textile. Text in English and Norwegian.\" \/>\n<meta property=\"og:url\" content=\"https:\/\/www.accartbooks.com\/uk\/book\/bente-saetrang\/\" \/>\n<meta property=\"og:site_name\" content=\"ACC Art Books UK\" \/>\n<meta property=\"article:publisher\" content=\"https:\/\/www.facebook.com\/ACCArtBooks\/\" \/>\n<meta property=\"article:modified_time\" content=\"2026-03-20T18:10:33+00:00\" \/>\n<meta property=\"og:image\" content=\"https:\/\/www.accartbooks.com\/app\/uploads\/books\/9783897906105-04-1.jpg\" \/>\n\t<meta property=\"og:image:width\" content=\"734\" \/>\n\t<meta property=\"og:image:height\" content=\"1000\" \/>\n\t<meta property=\"og:image:type\" content=\"image\/jpeg\" \/>\n<meta name=\"twitter:card\" content=\"summary_large_image\" \/>\n<meta name=\"twitter:site\" content=\"@accartbooks\" \/>\n<meta name=\"twitter:label1\" content=\"Estimated reading time\" \/>\n\t<meta name=\"twitter:data1\" content=\"1 minute\" \/>\n<script type=\"application\/ld+json\" class=\"yoast-schema-graph\">{\"@context\":\"https:\/\/schema.org\",\"@graph\":[{\"@type\":\"WebPage\",\"@id\":\"https:\/\/www.accartbooks.com\/uk\/book\/bente-saetrang\/\",\"url\":\"https:\/\/www.accartbooks.com\/uk\/book\/bente-saetrang\/\",\"name\":\"Bente S\u00e6trang - ACC Art Books UK\",\"isPartOf\":{\"@id\":\"https:\/\/www.accartbooks.com\/uk\/#website\"},\"primaryImageOfPage\":{\"@id\":\"https:\/\/www.accartbooks.com\/uk\/book\/bente-saetrang\/#primaryimage\"},\"image\":{\"@id\":\"https:\/\/www.accartbooks.com\/uk\/book\/bente-saetrang\/#primaryimage\"},\"thumbnailUrl\":\"https:\/\/www.accartbooks.com\/app\/uploads\/books\/9783897906105-04-1.jpg\",\"datePublished\":\"2020-08-13T07:10:09+00:00\",\"dateModified\":\"2026-03-20T18:10:33+00:00\",\"description\":\"Title: Bente S\u00e6trang, Pages: 260 Pages, Publish Date: 16th Nov 2020, Author: Edited by Nina M. Schj\u00f8nsby, ISBN: 9783897906105. This monograph presents the Norwegian artist Bente S&aelig;trang (b. 1946) and her 40 years of commitment to the medium of textile. Text in English and Norwegian.\",\"breadcrumb\":{\"@id\":\"https:\/\/www.accartbooks.com\/uk\/book\/bente-saetrang\/#breadcrumb\"},\"inLanguage\":\"en-GB\",\"potentialAction\":[{\"@type\":\"ReadAction\",\"target\":[\"https:\/\/www.accartbooks.com\/uk\/book\/bente-saetrang\/\"]}]},{\"@type\":\"ImageObject\",\"inLanguage\":\"en-GB\",\"@id\":\"https:\/\/www.accartbooks.com\/uk\/book\/bente-saetrang\/#primaryimage\",\"url\":\"https:\/\/www.accartbooks.com\/app\/uploads\/books\/9783897906105-04-1.jpg\",\"contentUrl\":\"https:\/\/www.accartbooks.com\/app\/uploads\/books\/9783897906105-04-1.jpg\",\"width\":734,\"height\":1000},{\"@type\":\"BreadcrumbList\",\"@id\":\"https:\/\/www.accartbooks.com\/uk\/book\/bente-saetrang\/#breadcrumb\",\"itemListElement\":[{\"@type\":\"ListItem\",\"position\":1,\"name\":\"Home\",\"item\":\"https:\/\/www.accartbooks.com\/uk\/\"},{\"@type\":\"ListItem\",\"position\":2,\"name\":\"Books\",\"item\":\"https:\/\/www.accartbooks.com\/uk\/books\/\"},{\"@type\":\"ListItem\",\"position\":3,\"name\":\"Bente S\u00e6trang\"}]},{\"@type\":\"WebSite\",\"@id\":\"https:\/\/www.accartbooks.com\/uk\/#website\",\"url\":\"https:\/\/www.accartbooks.com\/uk\/\",\"name\":\"ACC Art Books UK\",\"description\":\"One of the world\u2019s leading publishers and distributors of books on the arts and visual culture\",\"publisher\":{\"@id\":\"https:\/\/www.accartbooks.com\/uk\/#organization\"},\"potentialAction\":[{\"@type\":\"SearchAction\",\"target\":{\"@type\":\"EntryPoint\",\"urlTemplate\":\"https:\/\/www.accartbooks.com\/uk\/?s={search_term_string}\"},\"query-input\":{\"@type\":\"PropertyValueSpecification\",\"valueRequired\":true,\"valueName\":\"search_term_string\"}}],\"inLanguage\":\"en-GB\"},{\"@type\":\"Organization\",\"@id\":\"https:\/\/www.accartbooks.com\/uk\/#organization\",\"name\":\"ACC Art Books UK\",\"url\":\"https:\/\/www.accartbooks.com\/uk\/\",\"logo\":{\"@type\":\"ImageObject\",\"inLanguage\":\"en-GB\",\"@id\":\"https:\/\/www.accartbooks.com\/uk\/#\/schema\/logo\/image\/\",\"url\":\"https:\/\/www.accartbooks.com\/app\/uploads\/2020\/05\/Acc-Logo.png\",\"contentUrl\":\"https:\/\/www.accartbooks.com\/app\/uploads\/2020\/05\/Acc-Logo.png\",\"width\":64,\"height\":100,\"caption\":\"ACC Art Books UK\"},\"image\":{\"@id\":\"https:\/\/www.accartbooks.com\/uk\/#\/schema\/logo\/image\/\"},\"sameAs\":[\"https:\/\/www.facebook.com\/ACCArtBooks\/\",\"https:\/\/x.com\/accartbooks\"]}]}<\/script>\n<!-- \/ Yoast SEO plugin. -->","yoast_head_json":{"title":"Bente S\u00e6trang - ACC Art Books UK","description":"Title: Bente S\u00e6trang, Pages: 260 Pages, Publish Date: 16th Nov 2020, Author: Edited by Nina M. Schj\u00f8nsby, ISBN: 9783897906105. This monograph presents the Norwegian artist Bente S&aelig;trang (b. 1946) and her 40 years of commitment to the medium of textile. Text in English and Norwegian.","robots":{"index":"index","follow":"follow","max-snippet":"max-snippet:-1","max-image-preview":"max-image-preview:large","max-video-preview":"max-video-preview:-1"},"canonical":"https:\/\/www.accartbooks.com\/uk\/book\/bente-saetrang\/","og_locale":"en_GB","og_type":"article","og_title":"Bente S\u00e6trang - ACC Art Books UK","og_description":"Title: Bente S\u00e6trang, Pages: 260 Pages, Publish Date: 16th Nov 2020, Author: Edited by Nina M. Schj\u00f8nsby, ISBN: 9783897906105. This monograph presents the Norwegian artist Bente S&aelig;trang (b. 1946) and her 40 years of commitment to the medium of textile. Text in English and Norwegian.","og_url":"https:\/\/www.accartbooks.com\/uk\/book\/bente-saetrang\/","og_site_name":"ACC Art Books UK","article_publisher":"https:\/\/www.facebook.com\/ACCArtBooks\/","article_modified_time":"2026-03-20T18:10:33+00:00","og_image":[{"width":734,"height":1000,"url":"https:\/\/www.accartbooks.com\/app\/uploads\/books\/9783897906105-04-1.jpg","type":"image\/jpeg"}],"twitter_card":"summary_large_image","twitter_site":"@accartbooks","twitter_misc":{"Estimated reading time":"1 minute"},"schema":{"@context":"https:\/\/schema.org","@graph":[{"@type":"WebPage","@id":"https:\/\/www.accartbooks.com\/uk\/book\/bente-saetrang\/","url":"https:\/\/www.accartbooks.com\/uk\/book\/bente-saetrang\/","name":"Bente S\u00e6trang - ACC Art Books UK","isPartOf":{"@id":"https:\/\/www.accartbooks.com\/uk\/#website"},"primaryImageOfPage":{"@id":"https:\/\/www.accartbooks.com\/uk\/book\/bente-saetrang\/#primaryimage"},"image":{"@id":"https:\/\/www.accartbooks.com\/uk\/book\/bente-saetrang\/#primaryimage"},"thumbnailUrl":"https:\/\/www.accartbooks.com\/app\/uploads\/books\/9783897906105-04-1.jpg","datePublished":"2020-08-13T07:10:09+00:00","dateModified":"2026-03-20T18:10:33+00:00","description":"Title: Bente S\u00e6trang, Pages: 260 Pages, Publish Date: 16th Nov 2020, Author: Edited by Nina M. Schj\u00f8nsby, ISBN: 9783897906105. This monograph presents the Norwegian artist Bente S&aelig;trang (b. 1946) and her 40 years of commitment to the medium of textile. Text in English and Norwegian.","breadcrumb":{"@id":"https:\/\/www.accartbooks.com\/uk\/book\/bente-saetrang\/#breadcrumb"},"inLanguage":"en-GB","potentialAction":[{"@type":"ReadAction","target":["https:\/\/www.accartbooks.com\/uk\/book\/bente-saetrang\/"]}]},{"@type":"ImageObject","inLanguage":"en-GB","@id":"https:\/\/www.accartbooks.com\/uk\/book\/bente-saetrang\/#primaryimage","url":"https:\/\/www.accartbooks.com\/app\/uploads\/books\/9783897906105-04-1.jpg","contentUrl":"https:\/\/www.accartbooks.com\/app\/uploads\/books\/9783897906105-04-1.jpg","width":734,"height":1000},{"@type":"BreadcrumbList","@id":"https:\/\/www.accartbooks.com\/uk\/book\/bente-saetrang\/#breadcrumb","itemListElement":[{"@type":"ListItem","position":1,"name":"Home","item":"https:\/\/www.accartbooks.com\/uk\/"},{"@type":"ListItem","position":2,"name":"Books","item":"https:\/\/www.accartbooks.com\/uk\/books\/"},{"@type":"ListItem","position":3,"name":"Bente S\u00e6trang"}]},{"@type":"WebSite","@id":"https:\/\/www.accartbooks.com\/uk\/#website","url":"https:\/\/www.accartbooks.com\/uk\/","name":"ACC Art Books UK","description":"One of the world\u2019s leading publishers and distributors of books on the arts and visual culture","publisher":{"@id":"https:\/\/www.accartbooks.com\/uk\/#organization"},"potentialAction":[{"@type":"SearchAction","target":{"@type":"EntryPoint","urlTemplate":"https:\/\/www.accartbooks.com\/uk\/?s={search_term_string}"},"query-input":{"@type":"PropertyValueSpecification","valueRequired":true,"valueName":"search_term_string"}}],"inLanguage":"en-GB"},{"@type":"Organization","@id":"https:\/\/www.accartbooks.com\/uk\/#organization","name":"ACC Art Books UK","url":"https:\/\/www.accartbooks.com\/uk\/","logo":{"@type":"ImageObject","inLanguage":"en-GB","@id":"https:\/\/www.accartbooks.com\/uk\/#\/schema\/logo\/image\/","url":"https:\/\/www.accartbooks.com\/app\/uploads\/2020\/05\/Acc-Logo.png","contentUrl":"https:\/\/www.accartbooks.com\/app\/uploads\/2020\/05\/Acc-Logo.png","width":64,"height":100,"caption":"ACC Art Books UK"},"image":{"@id":"https:\/\/www.accartbooks.com\/uk\/#\/schema\/logo\/image\/"},"sameAs":["https:\/\/www.facebook.com\/ACCArtBooks\/","https:\/\/x.com\/accartbooks"]}]}},"_links":{"self":[{"href":"https:\/\/www.accartbooks.com\/uk\/wp-json\/wp\/v2\/product\/16534","targetHints":{"allow":["GET"]}}],"collection":[{"href":"https:\/\/www.accartbooks.com\/uk\/wp-json\/wp\/v2\/product"}],"about":[{"href":"https:\/\/www.accartbooks.com\/uk\/wp-json\/wp\/v2\/types\/product"}],"wp:featuredmedia":[{"embeddable":true,"href":"https:\/\/www.accartbooks.com\/uk\/wp-json\/wp\/v2\/media\/16535"}],"wp:attachment":[{"href":"https:\/\/www.accartbooks.com\/uk\/wp-json\/wp\/v2\/media?parent=16534"}],"wp:term":[{"taxonomy":"product_brand","embeddable":true,"href":"https:\/\/www.accartbooks.com\/uk\/wp-json\/wp\/v2\/product_brand?post=16534"},{"taxonomy":"product_cat","embeddable":true,"href":"https:\/\/www.accartbooks.com\/uk\/wp-json\/wp\/v2\/product_cat?post=16534"},{"taxonomy":"product_tag","embeddable":true,"href":"https:\/\/www.accartbooks.com\/uk\/wp-json\/wp\/v2\/product_tag?post=16534"}],"curies":[{"name":"wp","href":"https:\/\/api.w.org\/{rel}","templated":true}]}}