{"id":16749,"date":"2020-08-14T17:10:42","date_gmt":"2020-08-14T17:10:42","guid":{"rendered":"https:\/\/www.accartbooks.com\/uk\/book\/le-corbusier-de-la-solution-elegante-a-loeuvre-ouvert\/"},"modified":"2025-10-23T11:11:07","modified_gmt":"2025-10-23T11:11:07","slug":"le-corbusier-de-la-solution-elegante-a-loeuvre-ouvert","status":"publish","type":"product","link":"https:\/\/www.accartbooks.com\/uk\/book\/le-corbusier-de-la-solution-elegante-a-loeuvre-ouvert\/","title":{"rendered":"Le Corbusier. De la solution \u00e9l\u00e9gante \u00e0 l&#8217;oeuvre ouvert"},"content":{"rendered":"<p>Bruno Reichlin ranks among the world&#8217;s most distinguished architectural theorists. His occupation with protagonists of 20th-century architecture &#8211; such as Eileen Gray, Ludwig Mies van der Rohe, Philip Johnson and, above all, Le Corbusier &#8211; and their work is guided by a method that looks at the characteristics of a building as well as at its theoretical foundations. Reichlin&#8217;s writings and his own built work as a practicing architect is marked by a deep understanding for how buildings materialise signs and symbols and by a referential framework that includes also literature, film and visual art.<\/p>\n<p>This book collects Reichlin&#8217;s 13 essays on Le Corbusier, written over the period of four decades. Taking as examples the villas La Roche, Mandrot, and Savoye; Harvard University&#8217;s Carpenter Center for Visual Arts; the Petite Maison on Lake Geneva; and the project for a hospital in Venice, he explores aspects of Le Corbusier&#8217;s creativity to reveal underlying principles and their manifestation in the realised buildings. Rich archival materials as well as analytical plans and diagrams round out the volume.<\/p>\n<p>Text in French.<\/p>\n","protected":false},"excerpt":{"rendered":"<p>The collected essays on Le Corbusier by distinguished Swiss architectural theorist Bruno Reichlin, illustrated with rich archival materials as well as analytical plans and diagrams round out the volume. Text in French.<\/p>\n","protected":false},"featured_media":42224,"template":"","meta":{"_acf_changed":false,"_relevanssi_hide_post":"","_relevanssi_hide_content":"","_relevanssi_pin_for_all":"","_relevanssi_pin_keywords":"","_relevanssi_unpin_keywords":"","_relevanssi_related_keywords":"","_relevanssi_related_include_ids":"","_relevanssi_related_exclude_ids":"","_relevanssi_related_no_append":"","_relevanssi_related_not_related":"","_relevanssi_related_posts":"","_relevanssi_noindex_reason":""},"product_brand":[],"product_cat":[5559],"product_tag":[],"class_list":{"0":"post-16749","1":"product","2":"type-product","3":"status-publish","4":"has-post-thumbnail","6":"product_cat-architecture-landscape-design","7":"author-by-author-bruno-reichlin","8":"publisher-scheidegger-und-spiess-ag-verlag","10":"first","11":"instock","12":"shipping-taxable","13":"purchasable","14":"product-type-simple"},"acf":[],"yoast_head":"<!-- This site is optimized with the Yoast SEO plugin v27.0 - https:\/\/yoast.com\/product\/yoast-seo-wordpress\/ -->\n<title>Le Corbusier. De la solution \u00e9l\u00e9gante \u00e0 l&#039;oeuvre ouvert - ACC Art Books UK<\/title>\n<meta name=\"description\" content=\"Title: Le Corbusier. De la solution \u00e9l\u00e9gante \u00e0 l&#039;oeuvre ouvert, Pages: 496 Pages, Publish Date: 31st Jan 2023, Author: Bruno Reichlin, ISBN: 9783858818546. The collected essays on Le Corbusier by distinguished Swiss architectural theorist Bruno Reichlin, illustrated with rich archival materials as well as analytical plans and diagrams round out the volume. Text in French.\" \/>\n<meta name=\"robots\" content=\"index, follow, max-snippet:-1, max-image-preview:large, max-video-preview:-1\" \/>\n<link rel=\"canonical\" href=\"https:\/\/www.accartbooks.com\/uk\/book\/le-corbusier-de-la-solution-elegante-a-loeuvre-ouvert\/\" \/>\n<meta property=\"og:locale\" content=\"en_GB\" \/>\n<meta property=\"og:type\" content=\"article\" \/>\n<meta property=\"og:title\" content=\"Le Corbusier. De la solution \u00e9l\u00e9gante \u00e0 l&#039;oeuvre ouvert - ACC Art Books UK\" \/>\n<meta property=\"og:description\" content=\"Title: Le Corbusier. De la solution \u00e9l\u00e9gante \u00e0 l&#039;oeuvre ouvert, Pages: 496 Pages, Publish Date: 31st Jan 2023, Author: Bruno Reichlin, ISBN: 9783858818546. The collected essays on Le Corbusier by distinguished Swiss architectural theorist Bruno Reichlin, illustrated with rich archival materials as well as analytical plans and diagrams round out the volume. Text in French.\" \/>\n<meta property=\"og:url\" content=\"https:\/\/www.accartbooks.com\/uk\/book\/le-corbusier-de-la-solution-elegante-a-loeuvre-ouvert\/\" \/>\n<meta property=\"og:site_name\" content=\"ACC Art Books UK\" \/>\n<meta property=\"article:publisher\" content=\"https:\/\/www.facebook.com\/ACCArtBooks\/\" \/>\n<meta property=\"article:modified_time\" content=\"2025-10-23T11:11:07+00:00\" \/>\n<meta property=\"og:image\" content=\"https:\/\/www.accartbooks.com\/app\/uploads\/books\/9783858818546-04-2.jpg\" \/>\n\t<meta property=\"og:image:width\" content=\"682\" \/>\n\t<meta property=\"og:image:height\" content=\"1000\" \/>\n\t<meta property=\"og:image:type\" content=\"image\/jpeg\" \/>\n<meta name=\"twitter:card\" content=\"summary_large_image\" \/>\n<meta name=\"twitter:site\" content=\"@accartbooks\" \/>\n<meta name=\"twitter:label1\" content=\"Estimated reading time\" \/>\n\t<meta name=\"twitter:data1\" content=\"1 minute\" \/>\n<script type=\"application\/ld+json\" class=\"yoast-schema-graph\">{\"@context\":\"https:\/\/schema.org\",\"@graph\":[{\"@type\":\"WebPage\",\"@id\":\"https:\/\/www.accartbooks.com\/uk\/book\/le-corbusier-de-la-solution-elegante-a-loeuvre-ouvert\/\",\"url\":\"https:\/\/www.accartbooks.com\/uk\/book\/le-corbusier-de-la-solution-elegante-a-loeuvre-ouvert\/\",\"name\":\"Le Corbusier. De la solution \u00e9l\u00e9gante \u00e0 l'oeuvre ouvert - ACC Art Books UK\",\"isPartOf\":{\"@id\":\"https:\/\/www.accartbooks.com\/uk\/#website\"},\"primaryImageOfPage\":{\"@id\":\"https:\/\/www.accartbooks.com\/uk\/book\/le-corbusier-de-la-solution-elegante-a-loeuvre-ouvert\/#primaryimage\"},\"image\":{\"@id\":\"https:\/\/www.accartbooks.com\/uk\/book\/le-corbusier-de-la-solution-elegante-a-loeuvre-ouvert\/#primaryimage\"},\"thumbnailUrl\":\"https:\/\/www.accartbooks.com\/app\/uploads\/books\/9783858818546-04-1.jpg\",\"datePublished\":\"2020-08-14T17:10:42+00:00\",\"dateModified\":\"2025-10-23T11:11:07+00:00\",\"description\":\"Title: Le Corbusier. De la solution \u00e9l\u00e9gante \u00e0 l'oeuvre ouvert, Pages: 496 Pages, Publish Date: 31st Jan 2023, Author: Bruno Reichlin, ISBN: 9783858818546. The collected essays on Le Corbusier by distinguished Swiss architectural theorist Bruno Reichlin, illustrated with rich archival materials as well as analytical plans and diagrams round out the volume. Text in French.\",\"breadcrumb\":{\"@id\":\"https:\/\/www.accartbooks.com\/uk\/book\/le-corbusier-de-la-solution-elegante-a-loeuvre-ouvert\/#breadcrumb\"},\"inLanguage\":\"en-GB\",\"potentialAction\":[{\"@type\":\"ReadAction\",\"target\":[\"https:\/\/www.accartbooks.com\/uk\/book\/le-corbusier-de-la-solution-elegante-a-loeuvre-ouvert\/\"]}]},{\"@type\":\"ImageObject\",\"inLanguage\":\"en-GB\",\"@id\":\"https:\/\/www.accartbooks.com\/uk\/book\/le-corbusier-de-la-solution-elegante-a-loeuvre-ouvert\/#primaryimage\",\"url\":\"https:\/\/www.accartbooks.com\/app\/uploads\/books\/9783858818546-04-1.jpg\",\"contentUrl\":\"https:\/\/www.accartbooks.com\/app\/uploads\/books\/9783858818546-04-1.jpg\",\"width\":968,\"height\":1400},{\"@type\":\"BreadcrumbList\",\"@id\":\"https:\/\/www.accartbooks.com\/uk\/book\/le-corbusier-de-la-solution-elegante-a-loeuvre-ouvert\/#breadcrumb\",\"itemListElement\":[{\"@type\":\"ListItem\",\"position\":1,\"name\":\"Home\",\"item\":\"https:\/\/www.accartbooks.com\/uk\/\"},{\"@type\":\"ListItem\",\"position\":2,\"name\":\"Books\",\"item\":\"https:\/\/www.accartbooks.com\/uk\/books\/\"},{\"@type\":\"ListItem\",\"position\":3,\"name\":\"Le Corbusier. De la solution \u00e9l\u00e9gante \u00e0 l&#8217;oeuvre ouvert\"}]},{\"@type\":\"WebSite\",\"@id\":\"https:\/\/www.accartbooks.com\/uk\/#website\",\"url\":\"https:\/\/www.accartbooks.com\/uk\/\",\"name\":\"ACC Art Books UK\",\"description\":\"One of the world\u2019s leading publishers and distributors of books on the arts and visual culture\",\"publisher\":{\"@id\":\"https:\/\/www.accartbooks.com\/uk\/#organization\"},\"potentialAction\":[{\"@type\":\"SearchAction\",\"target\":{\"@type\":\"EntryPoint\",\"urlTemplate\":\"https:\/\/www.accartbooks.com\/uk\/?s={search_term_string}\"},\"query-input\":{\"@type\":\"PropertyValueSpecification\",\"valueRequired\":true,\"valueName\":\"search_term_string\"}}],\"inLanguage\":\"en-GB\"},{\"@type\":\"Organization\",\"@id\":\"https:\/\/www.accartbooks.com\/uk\/#organization\",\"name\":\"ACC Art Books UK\",\"url\":\"https:\/\/www.accartbooks.com\/uk\/\",\"logo\":{\"@type\":\"ImageObject\",\"inLanguage\":\"en-GB\",\"@id\":\"https:\/\/www.accartbooks.com\/uk\/#\/schema\/logo\/image\/\",\"url\":\"https:\/\/www.accartbooks.com\/app\/uploads\/2020\/05\/Acc-Logo.png\",\"contentUrl\":\"https:\/\/www.accartbooks.com\/app\/uploads\/2020\/05\/Acc-Logo.png\",\"width\":64,\"height\":100,\"caption\":\"ACC Art Books UK\"},\"image\":{\"@id\":\"https:\/\/www.accartbooks.com\/uk\/#\/schema\/logo\/image\/\"},\"sameAs\":[\"https:\/\/www.facebook.com\/ACCArtBooks\/\",\"https:\/\/x.com\/accartbooks\"]}]}<\/script>\n<!-- \/ Yoast SEO plugin. -->","yoast_head_json":{"title":"Le Corbusier. De la solution \u00e9l\u00e9gante \u00e0 l'oeuvre ouvert - ACC Art Books UK","description":"Title: Le Corbusier. De la solution \u00e9l\u00e9gante \u00e0 l'oeuvre ouvert, Pages: 496 Pages, Publish Date: 31st Jan 2023, Author: Bruno Reichlin, ISBN: 9783858818546. The collected essays on Le Corbusier by distinguished Swiss architectural theorist Bruno Reichlin, illustrated with rich archival materials as well as analytical plans and diagrams round out the volume. Text in French.","robots":{"index":"index","follow":"follow","max-snippet":"max-snippet:-1","max-image-preview":"max-image-preview:large","max-video-preview":"max-video-preview:-1"},"canonical":"https:\/\/www.accartbooks.com\/uk\/book\/le-corbusier-de-la-solution-elegante-a-loeuvre-ouvert\/","og_locale":"en_GB","og_type":"article","og_title":"Le Corbusier. De la solution \u00e9l\u00e9gante \u00e0 l'oeuvre ouvert - ACC Art Books UK","og_description":"Title: Le Corbusier. De la solution \u00e9l\u00e9gante \u00e0 l'oeuvre ouvert, Pages: 496 Pages, Publish Date: 31st Jan 2023, Author: Bruno Reichlin, ISBN: 9783858818546. The collected essays on Le Corbusier by distinguished Swiss architectural theorist Bruno Reichlin, illustrated with rich archival materials as well as analytical plans and diagrams round out the volume. Text in French.","og_url":"https:\/\/www.accartbooks.com\/uk\/book\/le-corbusier-de-la-solution-elegante-a-loeuvre-ouvert\/","og_site_name":"ACC Art Books UK","article_publisher":"https:\/\/www.facebook.com\/ACCArtBooks\/","article_modified_time":"2025-10-23T11:11:07+00:00","og_image":[{"width":682,"height":1000,"url":"https:\/\/www.accartbooks.com\/app\/uploads\/books\/9783858818546-04-2.jpg","type":"image\/jpeg"}],"twitter_card":"summary_large_image","twitter_site":"@accartbooks","twitter_misc":{"Estimated reading time":"1 minute"},"schema":{"@context":"https:\/\/schema.org","@graph":[{"@type":"WebPage","@id":"https:\/\/www.accartbooks.com\/uk\/book\/le-corbusier-de-la-solution-elegante-a-loeuvre-ouvert\/","url":"https:\/\/www.accartbooks.com\/uk\/book\/le-corbusier-de-la-solution-elegante-a-loeuvre-ouvert\/","name":"Le Corbusier. De la solution \u00e9l\u00e9gante \u00e0 l'oeuvre ouvert - ACC Art Books UK","isPartOf":{"@id":"https:\/\/www.accartbooks.com\/uk\/#website"},"primaryImageOfPage":{"@id":"https:\/\/www.accartbooks.com\/uk\/book\/le-corbusier-de-la-solution-elegante-a-loeuvre-ouvert\/#primaryimage"},"image":{"@id":"https:\/\/www.accartbooks.com\/uk\/book\/le-corbusier-de-la-solution-elegante-a-loeuvre-ouvert\/#primaryimage"},"thumbnailUrl":"https:\/\/www.accartbooks.com\/app\/uploads\/books\/9783858818546-04-1.jpg","datePublished":"2020-08-14T17:10:42+00:00","dateModified":"2025-10-23T11:11:07+00:00","description":"Title: Le Corbusier. De la solution \u00e9l\u00e9gante \u00e0 l'oeuvre ouvert, Pages: 496 Pages, Publish Date: 31st Jan 2023, Author: Bruno Reichlin, ISBN: 9783858818546. The collected essays on Le Corbusier by distinguished Swiss architectural theorist Bruno Reichlin, illustrated with rich archival materials as well as analytical plans and diagrams round out the volume. Text in French.","breadcrumb":{"@id":"https:\/\/www.accartbooks.com\/uk\/book\/le-corbusier-de-la-solution-elegante-a-loeuvre-ouvert\/#breadcrumb"},"inLanguage":"en-GB","potentialAction":[{"@type":"ReadAction","target":["https:\/\/www.accartbooks.com\/uk\/book\/le-corbusier-de-la-solution-elegante-a-loeuvre-ouvert\/"]}]},{"@type":"ImageObject","inLanguage":"en-GB","@id":"https:\/\/www.accartbooks.com\/uk\/book\/le-corbusier-de-la-solution-elegante-a-loeuvre-ouvert\/#primaryimage","url":"https:\/\/www.accartbooks.com\/app\/uploads\/books\/9783858818546-04-1.jpg","contentUrl":"https:\/\/www.accartbooks.com\/app\/uploads\/books\/9783858818546-04-1.jpg","width":968,"height":1400},{"@type":"BreadcrumbList","@id":"https:\/\/www.accartbooks.com\/uk\/book\/le-corbusier-de-la-solution-elegante-a-loeuvre-ouvert\/#breadcrumb","itemListElement":[{"@type":"ListItem","position":1,"name":"Home","item":"https:\/\/www.accartbooks.com\/uk\/"},{"@type":"ListItem","position":2,"name":"Books","item":"https:\/\/www.accartbooks.com\/uk\/books\/"},{"@type":"ListItem","position":3,"name":"Le Corbusier. De la solution \u00e9l\u00e9gante \u00e0 l&#8217;oeuvre ouvert"}]},{"@type":"WebSite","@id":"https:\/\/www.accartbooks.com\/uk\/#website","url":"https:\/\/www.accartbooks.com\/uk\/","name":"ACC Art Books UK","description":"One of the world\u2019s leading publishers and distributors of books on the arts and visual culture","publisher":{"@id":"https:\/\/www.accartbooks.com\/uk\/#organization"},"potentialAction":[{"@type":"SearchAction","target":{"@type":"EntryPoint","urlTemplate":"https:\/\/www.accartbooks.com\/uk\/?s={search_term_string}"},"query-input":{"@type":"PropertyValueSpecification","valueRequired":true,"valueName":"search_term_string"}}],"inLanguage":"en-GB"},{"@type":"Organization","@id":"https:\/\/www.accartbooks.com\/uk\/#organization","name":"ACC Art Books UK","url":"https:\/\/www.accartbooks.com\/uk\/","logo":{"@type":"ImageObject","inLanguage":"en-GB","@id":"https:\/\/www.accartbooks.com\/uk\/#\/schema\/logo\/image\/","url":"https:\/\/www.accartbooks.com\/app\/uploads\/2020\/05\/Acc-Logo.png","contentUrl":"https:\/\/www.accartbooks.com\/app\/uploads\/2020\/05\/Acc-Logo.png","width":64,"height":100,"caption":"ACC Art Books UK"},"image":{"@id":"https:\/\/www.accartbooks.com\/uk\/#\/schema\/logo\/image\/"},"sameAs":["https:\/\/www.facebook.com\/ACCArtBooks\/","https:\/\/x.com\/accartbooks"]}]}},"_links":{"self":[{"href":"https:\/\/www.accartbooks.com\/uk\/wp-json\/wp\/v2\/product\/16749","targetHints":{"allow":["GET"]}}],"collection":[{"href":"https:\/\/www.accartbooks.com\/uk\/wp-json\/wp\/v2\/product"}],"about":[{"href":"https:\/\/www.accartbooks.com\/uk\/wp-json\/wp\/v2\/types\/product"}],"wp:featuredmedia":[{"embeddable":true,"href":"https:\/\/www.accartbooks.com\/uk\/wp-json\/wp\/v2\/media\/42224"}],"wp:attachment":[{"href":"https:\/\/www.accartbooks.com\/uk\/wp-json\/wp\/v2\/media?parent=16749"}],"wp:term":[{"taxonomy":"product_brand","embeddable":true,"href":"https:\/\/www.accartbooks.com\/uk\/wp-json\/wp\/v2\/product_brand?post=16749"},{"taxonomy":"product_cat","embeddable":true,"href":"https:\/\/www.accartbooks.com\/uk\/wp-json\/wp\/v2\/product_cat?post=16749"},{"taxonomy":"product_tag","embeddable":true,"href":"https:\/\/www.accartbooks.com\/uk\/wp-json\/wp\/v2\/product_tag?post=16749"}],"curies":[{"name":"wp","href":"https:\/\/api.w.org\/{rel}","templated":true}]}}