{"id":16751,"date":"2020-08-14T17:10:43","date_gmt":"2020-08-14T17:10:43","guid":{"rendered":"https:\/\/www.accartbooks.com\/uk\/book\/le-nouveau-kunsthaus-zurich\/"},"modified":"2026-02-24T12:12:14","modified_gmt":"2026-02-24T12:12:14","slug":"le-nouveau-kunsthaus-zurich","status":"publish","type":"product","link":"https:\/\/www.accartbooks.com\/uk\/book\/le-nouveau-kunsthaus-zurich\/","title":{"rendered":"Le nouveau Kunsthaus Z\u00fcrich"},"content":{"rendered":"<p>The completion of David Chipperfield&#8217;s distinctive new building for Kunsthaus Z&uuml;rich in December 2020 has nearly doubled the museum&#8217;s overall space. In combination with the preceding refurbishments of the earlier buildings, this has made it fit to meet the demands of an art museum in the 21st century.<\/p>\n<p>A sequel to <em>The Architectural History of the Kunsthaus Z&uuml;rich 1910-2020<\/em>, this book comprehensively introduces the new Kunsthaus Z&uuml;rich, demonstrating how the task of building an art museum in the 21st century can be fulfilled. Concise texts, statements by protagonists and by future users and visitors as well as numerous illustrations trace the project&#8217;s evolution and the construction process and look at the completed building from various perspectives. The book also highlights what features contemporary museum infrastructure has to offer and the architectural and urban design qualities it requires, and what financial and organisational challenges the entire undertaking implied. A conversation between experts exploring the expanded museum&#8217;s impact on its immediate neighbourhood and Zurich&#8217;s urban fabric as a whole rounds out the volume.<\/p>\n<p>Text in French.<\/p>\n","protected":false},"excerpt":{"rendered":"<p>An introduction to the new Kunsthaus Z&uuml;rich as an art museum for the 21st century, published to coincide with the completion and opening to the public of David Chipperfield&#8217;s distinctive new extension building in December 2020. Text in French.<\/p>\n","protected":false},"featured_media":18856,"template":"","meta":{"_acf_changed":false,"_relevanssi_hide_post":"","_relevanssi_hide_content":"","_relevanssi_pin_for_all":"","_relevanssi_pin_keywords":"","_relevanssi_unpin_keywords":"","_relevanssi_related_keywords":"","_relevanssi_related_include_ids":"","_relevanssi_related_exclude_ids":"","_relevanssi_related_no_append":"","_relevanssi_related_not_related":"","_relevanssi_related_posts":"","_relevanssi_noindex_reason":""},"product_brand":[],"product_cat":[5559],"product_tag":[],"class_list":{"0":"post-16751","1":"product","2":"type-product","3":"status-publish","4":"has-post-thumbnail","6":"product_cat-architecture-landscape-design","7":"author-edited-by-kunsthaus-zurich","8":"publisher-scheidegger-und-spiess-ag-verlag","10":"first","11":"instock","12":"shipping-taxable","13":"purchasable","14":"product-type-simple"},"acf":[],"yoast_head":"<!-- This site is optimized with the Yoast SEO plugin v27.0 - https:\/\/yoast.com\/product\/yoast-seo-wordpress\/ -->\n<title>Le nouveau Kunsthaus Z\u00fcrich - ACC Art Books UK<\/title>\n<meta name=\"description\" content=\"Title: Le nouveau Kunsthaus Z\u00fcrich, Pages: 52 Pages, Publish Date: 21st Dec 2020, Author: Edited by Kunsthaus Z\u00fcrich, ISBN: 9783858818768. An introduction to the new Kunsthaus Z&uuml;rich as an art museum for the 21st century, published to coincide with the completion and opening to the public of David Chipperfield&#039;s distinctive new extension building in December 2020. Text in French.\" \/>\n<meta name=\"robots\" content=\"index, follow, max-snippet:-1, max-image-preview:large, max-video-preview:-1\" \/>\n<link rel=\"canonical\" href=\"https:\/\/www.accartbooks.com\/uk\/book\/le-nouveau-kunsthaus-zurich\/\" \/>\n<meta property=\"og:locale\" content=\"en_GB\" \/>\n<meta property=\"og:type\" content=\"article\" \/>\n<meta property=\"og:title\" content=\"Le nouveau Kunsthaus Z\u00fcrich - ACC Art Books UK\" \/>\n<meta property=\"og:description\" content=\"Title: Le nouveau Kunsthaus Z\u00fcrich, Pages: 52 Pages, Publish Date: 21st Dec 2020, Author: Edited by Kunsthaus Z\u00fcrich, ISBN: 9783858818768. An introduction to the new Kunsthaus Z&uuml;rich as an art museum for the 21st century, published to coincide with the completion and opening to the public of David Chipperfield&#039;s distinctive new extension building in December 2020. Text in French.\" \/>\n<meta property=\"og:url\" content=\"https:\/\/www.accartbooks.com\/uk\/book\/le-nouveau-kunsthaus-zurich\/\" \/>\n<meta property=\"og:site_name\" content=\"ACC Art Books UK\" \/>\n<meta property=\"article:publisher\" content=\"https:\/\/www.facebook.com\/ACCArtBooks\/\" \/>\n<meta property=\"article:modified_time\" content=\"2026-02-24T12:12:14+00:00\" \/>\n<meta property=\"og:image\" content=\"https:\/\/www.accartbooks.com\/app\/uploads\/books\/9783858818768-04-1.jpg\" \/>\n\t<meta property=\"og:image:width\" content=\"835\" \/>\n\t<meta property=\"og:image:height\" content=\"1000\" \/>\n\t<meta property=\"og:image:type\" content=\"image\/jpeg\" \/>\n<meta name=\"twitter:card\" content=\"summary_large_image\" \/>\n<meta name=\"twitter:site\" content=\"@accartbooks\" \/>\n<meta name=\"twitter:label1\" content=\"Estimated reading time\" \/>\n\t<meta name=\"twitter:data1\" content=\"1 minute\" \/>\n<script type=\"application\/ld+json\" class=\"yoast-schema-graph\">{\"@context\":\"https:\/\/schema.org\",\"@graph\":[{\"@type\":\"WebPage\",\"@id\":\"https:\/\/www.accartbooks.com\/uk\/book\/le-nouveau-kunsthaus-zurich\/\",\"url\":\"https:\/\/www.accartbooks.com\/uk\/book\/le-nouveau-kunsthaus-zurich\/\",\"name\":\"Le nouveau Kunsthaus Z\u00fcrich - ACC Art Books UK\",\"isPartOf\":{\"@id\":\"https:\/\/www.accartbooks.com\/uk\/#website\"},\"primaryImageOfPage\":{\"@id\":\"https:\/\/www.accartbooks.com\/uk\/book\/le-nouveau-kunsthaus-zurich\/#primaryimage\"},\"image\":{\"@id\":\"https:\/\/www.accartbooks.com\/uk\/book\/le-nouveau-kunsthaus-zurich\/#primaryimage\"},\"thumbnailUrl\":\"https:\/\/www.accartbooks.com\/app\/uploads\/books\/9783858818768-04-1.jpg\",\"datePublished\":\"2020-08-14T17:10:43+00:00\",\"dateModified\":\"2026-02-24T12:12:14+00:00\",\"description\":\"Title: Le nouveau Kunsthaus Z\u00fcrich, Pages: 52 Pages, Publish Date: 21st Dec 2020, Author: Edited by Kunsthaus Z\u00fcrich, ISBN: 9783858818768. An introduction to the new Kunsthaus Z&uuml;rich as an art museum for the 21st century, published to coincide with the completion and opening to the public of David Chipperfield's distinctive new extension building in December 2020. Text in French.\",\"breadcrumb\":{\"@id\":\"https:\/\/www.accartbooks.com\/uk\/book\/le-nouveau-kunsthaus-zurich\/#breadcrumb\"},\"inLanguage\":\"en-GB\",\"potentialAction\":[{\"@type\":\"ReadAction\",\"target\":[\"https:\/\/www.accartbooks.com\/uk\/book\/le-nouveau-kunsthaus-zurich\/\"]}]},{\"@type\":\"ImageObject\",\"inLanguage\":\"en-GB\",\"@id\":\"https:\/\/www.accartbooks.com\/uk\/book\/le-nouveau-kunsthaus-zurich\/#primaryimage\",\"url\":\"https:\/\/www.accartbooks.com\/app\/uploads\/books\/9783858818768-04-1.jpg\",\"contentUrl\":\"https:\/\/www.accartbooks.com\/app\/uploads\/books\/9783858818768-04-1.jpg\",\"width\":835,\"height\":1000},{\"@type\":\"BreadcrumbList\",\"@id\":\"https:\/\/www.accartbooks.com\/uk\/book\/le-nouveau-kunsthaus-zurich\/#breadcrumb\",\"itemListElement\":[{\"@type\":\"ListItem\",\"position\":1,\"name\":\"Home\",\"item\":\"https:\/\/www.accartbooks.com\/uk\/\"},{\"@type\":\"ListItem\",\"position\":2,\"name\":\"Books\",\"item\":\"https:\/\/www.accartbooks.com\/uk\/books\/\"},{\"@type\":\"ListItem\",\"position\":3,\"name\":\"Le nouveau Kunsthaus Z\u00fcrich\"}]},{\"@type\":\"WebSite\",\"@id\":\"https:\/\/www.accartbooks.com\/uk\/#website\",\"url\":\"https:\/\/www.accartbooks.com\/uk\/\",\"name\":\"ACC Art Books UK\",\"description\":\"One of the world\u2019s leading publishers and distributors of books on the arts and visual culture\",\"publisher\":{\"@id\":\"https:\/\/www.accartbooks.com\/uk\/#organization\"},\"potentialAction\":[{\"@type\":\"SearchAction\",\"target\":{\"@type\":\"EntryPoint\",\"urlTemplate\":\"https:\/\/www.accartbooks.com\/uk\/?s={search_term_string}\"},\"query-input\":{\"@type\":\"PropertyValueSpecification\",\"valueRequired\":true,\"valueName\":\"search_term_string\"}}],\"inLanguage\":\"en-GB\"},{\"@type\":\"Organization\",\"@id\":\"https:\/\/www.accartbooks.com\/uk\/#organization\",\"name\":\"ACC Art Books UK\",\"url\":\"https:\/\/www.accartbooks.com\/uk\/\",\"logo\":{\"@type\":\"ImageObject\",\"inLanguage\":\"en-GB\",\"@id\":\"https:\/\/www.accartbooks.com\/uk\/#\/schema\/logo\/image\/\",\"url\":\"https:\/\/www.accartbooks.com\/app\/uploads\/2020\/05\/Acc-Logo.png\",\"contentUrl\":\"https:\/\/www.accartbooks.com\/app\/uploads\/2020\/05\/Acc-Logo.png\",\"width\":64,\"height\":100,\"caption\":\"ACC Art Books UK\"},\"image\":{\"@id\":\"https:\/\/www.accartbooks.com\/uk\/#\/schema\/logo\/image\/\"},\"sameAs\":[\"https:\/\/www.facebook.com\/ACCArtBooks\/\",\"https:\/\/x.com\/accartbooks\"]}]}<\/script>\n<!-- \/ Yoast SEO plugin. -->","yoast_head_json":{"title":"Le nouveau Kunsthaus Z\u00fcrich - ACC Art Books UK","description":"Title: Le nouveau Kunsthaus Z\u00fcrich, Pages: 52 Pages, Publish Date: 21st Dec 2020, Author: Edited by Kunsthaus Z\u00fcrich, ISBN: 9783858818768. An introduction to the new Kunsthaus Z&uuml;rich as an art museum for the 21st century, published to coincide with the completion and opening to the public of David Chipperfield's distinctive new extension building in December 2020. Text in French.","robots":{"index":"index","follow":"follow","max-snippet":"max-snippet:-1","max-image-preview":"max-image-preview:large","max-video-preview":"max-video-preview:-1"},"canonical":"https:\/\/www.accartbooks.com\/uk\/book\/le-nouveau-kunsthaus-zurich\/","og_locale":"en_GB","og_type":"article","og_title":"Le nouveau Kunsthaus Z\u00fcrich - ACC Art Books UK","og_description":"Title: Le nouveau Kunsthaus Z\u00fcrich, Pages: 52 Pages, Publish Date: 21st Dec 2020, Author: Edited by Kunsthaus Z\u00fcrich, ISBN: 9783858818768. An introduction to the new Kunsthaus Z&uuml;rich as an art museum for the 21st century, published to coincide with the completion and opening to the public of David Chipperfield's distinctive new extension building in December 2020. Text in French.","og_url":"https:\/\/www.accartbooks.com\/uk\/book\/le-nouveau-kunsthaus-zurich\/","og_site_name":"ACC Art Books UK","article_publisher":"https:\/\/www.facebook.com\/ACCArtBooks\/","article_modified_time":"2026-02-24T12:12:14+00:00","og_image":[{"width":835,"height":1000,"url":"https:\/\/www.accartbooks.com\/app\/uploads\/books\/9783858818768-04-1.jpg","type":"image\/jpeg"}],"twitter_card":"summary_large_image","twitter_site":"@accartbooks","twitter_misc":{"Estimated reading time":"1 minute"},"schema":{"@context":"https:\/\/schema.org","@graph":[{"@type":"WebPage","@id":"https:\/\/www.accartbooks.com\/uk\/book\/le-nouveau-kunsthaus-zurich\/","url":"https:\/\/www.accartbooks.com\/uk\/book\/le-nouveau-kunsthaus-zurich\/","name":"Le nouveau Kunsthaus Z\u00fcrich - ACC Art Books UK","isPartOf":{"@id":"https:\/\/www.accartbooks.com\/uk\/#website"},"primaryImageOfPage":{"@id":"https:\/\/www.accartbooks.com\/uk\/book\/le-nouveau-kunsthaus-zurich\/#primaryimage"},"image":{"@id":"https:\/\/www.accartbooks.com\/uk\/book\/le-nouveau-kunsthaus-zurich\/#primaryimage"},"thumbnailUrl":"https:\/\/www.accartbooks.com\/app\/uploads\/books\/9783858818768-04-1.jpg","datePublished":"2020-08-14T17:10:43+00:00","dateModified":"2026-02-24T12:12:14+00:00","description":"Title: Le nouveau Kunsthaus Z\u00fcrich, Pages: 52 Pages, Publish Date: 21st Dec 2020, Author: Edited by Kunsthaus Z\u00fcrich, ISBN: 9783858818768. An introduction to the new Kunsthaus Z&uuml;rich as an art museum for the 21st century, published to coincide with the completion and opening to the public of David Chipperfield's distinctive new extension building in December 2020. Text in French.","breadcrumb":{"@id":"https:\/\/www.accartbooks.com\/uk\/book\/le-nouveau-kunsthaus-zurich\/#breadcrumb"},"inLanguage":"en-GB","potentialAction":[{"@type":"ReadAction","target":["https:\/\/www.accartbooks.com\/uk\/book\/le-nouveau-kunsthaus-zurich\/"]}]},{"@type":"ImageObject","inLanguage":"en-GB","@id":"https:\/\/www.accartbooks.com\/uk\/book\/le-nouveau-kunsthaus-zurich\/#primaryimage","url":"https:\/\/www.accartbooks.com\/app\/uploads\/books\/9783858818768-04-1.jpg","contentUrl":"https:\/\/www.accartbooks.com\/app\/uploads\/books\/9783858818768-04-1.jpg","width":835,"height":1000},{"@type":"BreadcrumbList","@id":"https:\/\/www.accartbooks.com\/uk\/book\/le-nouveau-kunsthaus-zurich\/#breadcrumb","itemListElement":[{"@type":"ListItem","position":1,"name":"Home","item":"https:\/\/www.accartbooks.com\/uk\/"},{"@type":"ListItem","position":2,"name":"Books","item":"https:\/\/www.accartbooks.com\/uk\/books\/"},{"@type":"ListItem","position":3,"name":"Le nouveau Kunsthaus Z\u00fcrich"}]},{"@type":"WebSite","@id":"https:\/\/www.accartbooks.com\/uk\/#website","url":"https:\/\/www.accartbooks.com\/uk\/","name":"ACC Art Books UK","description":"One of the world\u2019s leading publishers and distributors of books on the arts and visual culture","publisher":{"@id":"https:\/\/www.accartbooks.com\/uk\/#organization"},"potentialAction":[{"@type":"SearchAction","target":{"@type":"EntryPoint","urlTemplate":"https:\/\/www.accartbooks.com\/uk\/?s={search_term_string}"},"query-input":{"@type":"PropertyValueSpecification","valueRequired":true,"valueName":"search_term_string"}}],"inLanguage":"en-GB"},{"@type":"Organization","@id":"https:\/\/www.accartbooks.com\/uk\/#organization","name":"ACC Art Books UK","url":"https:\/\/www.accartbooks.com\/uk\/","logo":{"@type":"ImageObject","inLanguage":"en-GB","@id":"https:\/\/www.accartbooks.com\/uk\/#\/schema\/logo\/image\/","url":"https:\/\/www.accartbooks.com\/app\/uploads\/2020\/05\/Acc-Logo.png","contentUrl":"https:\/\/www.accartbooks.com\/app\/uploads\/2020\/05\/Acc-Logo.png","width":64,"height":100,"caption":"ACC Art Books UK"},"image":{"@id":"https:\/\/www.accartbooks.com\/uk\/#\/schema\/logo\/image\/"},"sameAs":["https:\/\/www.facebook.com\/ACCArtBooks\/","https:\/\/x.com\/accartbooks"]}]}},"_links":{"self":[{"href":"https:\/\/www.accartbooks.com\/uk\/wp-json\/wp\/v2\/product\/16751","targetHints":{"allow":["GET"]}}],"collection":[{"href":"https:\/\/www.accartbooks.com\/uk\/wp-json\/wp\/v2\/product"}],"about":[{"href":"https:\/\/www.accartbooks.com\/uk\/wp-json\/wp\/v2\/types\/product"}],"wp:featuredmedia":[{"embeddable":true,"href":"https:\/\/www.accartbooks.com\/uk\/wp-json\/wp\/v2\/media\/18856"}],"wp:attachment":[{"href":"https:\/\/www.accartbooks.com\/uk\/wp-json\/wp\/v2\/media?parent=16751"}],"wp:term":[{"taxonomy":"product_brand","embeddable":true,"href":"https:\/\/www.accartbooks.com\/uk\/wp-json\/wp\/v2\/product_brand?post=16751"},{"taxonomy":"product_cat","embeddable":true,"href":"https:\/\/www.accartbooks.com\/uk\/wp-json\/wp\/v2\/product_cat?post=16751"},{"taxonomy":"product_tag","embeddable":true,"href":"https:\/\/www.accartbooks.com\/uk\/wp-json\/wp\/v2\/product_tag?post=16751"}],"curies":[{"name":"wp","href":"https:\/\/api.w.org\/{rel}","templated":true}]}}