{"id":1703,"date":"2020-03-16T13:34:27","date_gmt":"2020-03-16T13:34:27","guid":{"rendered":"https:\/\/www.accartbooks.com\/uk\/?post_type=product&#038;p=1703"},"modified":"2025-03-13T12:10:16","modified_gmt":"2025-03-13T12:10:16","slug":"kadri-malk","status":"publish","type":"product","link":"https:\/\/www.accartbooks.com\/uk\/book\/kadri-malk\/","title":{"rendered":"Kadri M\u00e4lk"},"content":{"rendered":"<p>In <strong><em>Testament<\/em><\/strong> Kadri M&auml;lk leaves more than just the legacy of her prodigious artistic output of recent years. Alongside impressive new jewellery pieces and breathtaking detailed photographs, the publication conveys an emotional creative aspiration. The jewellery artist&#8217;s works are not merely decoration; they teem with expression. The unusual format and creative photography transform the book into an experience. What at first are regarded as accents of colour are assigned new values in their detail; structures, materials and cuts are visible and at once experienceable. Nature photography and sketched models add further levels of contemplation and understanding, immersing the reader fully in the wild and poetic dark world of Estonian art jewellery. <\/p>\n<p>Text in English and Estonian.<\/p>\n","protected":false},"excerpt":{"rendered":"<p>New pieces are featured from Kadri Malk&#8217;s very creative phase of recent years, with detailed photographs from offbeat vantage points to provide a new perspective on her jewellery.<\/p>\n","protected":false},"featured_media":1704,"template":"","meta":{"_acf_changed":false,"_relevanssi_hide_post":"","_relevanssi_hide_content":"","_relevanssi_pin_for_all":"","_relevanssi_pin_keywords":"","_relevanssi_unpin_keywords":"","_relevanssi_related_keywords":"","_relevanssi_related_include_ids":"","_relevanssi_related_exclude_ids":"","_relevanssi_related_no_append":"","_relevanssi_related_not_related":"","_relevanssi_related_posts":"","_relevanssi_noindex_reason":""},"product_brand":[],"product_cat":[5565],"product_tag":[],"class_list":{"0":"post-1703","1":"product","2":"type-product","3":"status-publish","4":"has-post-thumbnail","6":"product_cat-jewellery-watches","7":"author-by-author-kadri-malk","8":"publisher-arnoldsche-art-publishers","10":"first","11":"instock","12":"shipping-taxable","13":"purchasable","14":"product-type-simple"},"acf":[],"yoast_head":"<!-- This site is optimized with the Yoast SEO plugin v27.0 - https:\/\/yoast.com\/product\/yoast-seo-wordpress\/ -->\n<title>Kadri M\u00e4lk - ACC Art Books UK<\/title>\n<meta name=\"description\" content=\"Title: Kadri M\u00e4lk, Pages: 328 Pages, Publish Date: 22nd Nov 2016, Author: Kadri M\u00e4lk, ISBN: 9783897904859. New pieces are featured from Kadri Malk&#039;s very creative phase of recent years, with detailed photographs from offbeat vantage points to provide a new perspective on her jewellery.\" \/>\n<meta name=\"robots\" content=\"index, follow, max-snippet:-1, max-image-preview:large, max-video-preview:-1\" \/>\n<link rel=\"canonical\" href=\"https:\/\/www.accartbooks.com\/uk\/book\/kadri-malk\/\" \/>\n<meta property=\"og:locale\" content=\"en_GB\" \/>\n<meta property=\"og:type\" content=\"article\" \/>\n<meta property=\"og:title\" content=\"Kadri M\u00e4lk - ACC Art Books UK\" \/>\n<meta property=\"og:description\" content=\"Title: Kadri M\u00e4lk, Pages: 328 Pages, Publish Date: 22nd Nov 2016, Author: Kadri M\u00e4lk, ISBN: 9783897904859. New pieces are featured from Kadri Malk&#039;s very creative phase of recent years, with detailed photographs from offbeat vantage points to provide a new perspective on her jewellery.\" \/>\n<meta property=\"og:url\" content=\"https:\/\/www.accartbooks.com\/uk\/book\/kadri-malk\/\" \/>\n<meta property=\"og:site_name\" content=\"ACC Art Books UK\" \/>\n<meta property=\"article:publisher\" content=\"https:\/\/www.facebook.com\/ACCArtBooks\/\" \/>\n<meta property=\"article:modified_time\" content=\"2025-03-13T12:10:16+00:00\" \/>\n<meta property=\"og:image\" content=\"https:\/\/www.accartbooks.com\/app\/uploads\/books\/9783897904859-04-1.jpg\" \/>\n\t<meta property=\"og:image:width\" content=\"609\" \/>\n\t<meta property=\"og:image:height\" content=\"1000\" \/>\n\t<meta property=\"og:image:type\" content=\"image\/jpeg\" \/>\n<meta name=\"twitter:card\" content=\"summary_large_image\" \/>\n<meta name=\"twitter:site\" content=\"@accartbooks\" \/>\n<meta name=\"twitter:label1\" content=\"Estimated reading time\" \/>\n\t<meta name=\"twitter:data1\" content=\"1 minute\" \/>\n<script type=\"application\/ld+json\" class=\"yoast-schema-graph\">{\"@context\":\"https:\/\/schema.org\",\"@graph\":[{\"@type\":\"WebPage\",\"@id\":\"https:\/\/www.accartbooks.com\/uk\/book\/kadri-malk\/\",\"url\":\"https:\/\/www.accartbooks.com\/uk\/book\/kadri-malk\/\",\"name\":\"Kadri M\u00e4lk - ACC Art Books UK\",\"isPartOf\":{\"@id\":\"https:\/\/www.accartbooks.com\/uk\/#website\"},\"primaryImageOfPage\":{\"@id\":\"https:\/\/www.accartbooks.com\/uk\/book\/kadri-malk\/#primaryimage\"},\"image\":{\"@id\":\"https:\/\/www.accartbooks.com\/uk\/book\/kadri-malk\/#primaryimage\"},\"thumbnailUrl\":\"https:\/\/www.accartbooks.com\/app\/uploads\/books\/9783897904859-04-1.jpg\",\"datePublished\":\"2020-03-16T13:34:27+00:00\",\"dateModified\":\"2025-03-13T12:10:16+00:00\",\"description\":\"Title: Kadri M\u00e4lk, Pages: 328 Pages, Publish Date: 22nd Nov 2016, Author: Kadri M\u00e4lk, ISBN: 9783897904859. New pieces are featured from Kadri Malk's very creative phase of recent years, with detailed photographs from offbeat vantage points to provide a new perspective on her jewellery.\",\"breadcrumb\":{\"@id\":\"https:\/\/www.accartbooks.com\/uk\/book\/kadri-malk\/#breadcrumb\"},\"inLanguage\":\"en-GB\",\"potentialAction\":[{\"@type\":\"ReadAction\",\"target\":[\"https:\/\/www.accartbooks.com\/uk\/book\/kadri-malk\/\"]}]},{\"@type\":\"ImageObject\",\"inLanguage\":\"en-GB\",\"@id\":\"https:\/\/www.accartbooks.com\/uk\/book\/kadri-malk\/#primaryimage\",\"url\":\"https:\/\/www.accartbooks.com\/app\/uploads\/books\/9783897904859-04-1.jpg\",\"contentUrl\":\"https:\/\/www.accartbooks.com\/app\/uploads\/books\/9783897904859-04-1.jpg\",\"width\":609,\"height\":1000},{\"@type\":\"BreadcrumbList\",\"@id\":\"https:\/\/www.accartbooks.com\/uk\/book\/kadri-malk\/#breadcrumb\",\"itemListElement\":[{\"@type\":\"ListItem\",\"position\":1,\"name\":\"Home\",\"item\":\"https:\/\/www.accartbooks.com\/uk\/\"},{\"@type\":\"ListItem\",\"position\":2,\"name\":\"Books\",\"item\":\"https:\/\/www.accartbooks.com\/uk\/books\/\"},{\"@type\":\"ListItem\",\"position\":3,\"name\":\"Kadri M\u00e4lk\"}]},{\"@type\":\"WebSite\",\"@id\":\"https:\/\/www.accartbooks.com\/uk\/#website\",\"url\":\"https:\/\/www.accartbooks.com\/uk\/\",\"name\":\"ACC Art Books UK\",\"description\":\"One of the world\u2019s leading publishers and distributors of books on the arts and visual culture\",\"publisher\":{\"@id\":\"https:\/\/www.accartbooks.com\/uk\/#organization\"},\"potentialAction\":[{\"@type\":\"SearchAction\",\"target\":{\"@type\":\"EntryPoint\",\"urlTemplate\":\"https:\/\/www.accartbooks.com\/uk\/?s={search_term_string}\"},\"query-input\":{\"@type\":\"PropertyValueSpecification\",\"valueRequired\":true,\"valueName\":\"search_term_string\"}}],\"inLanguage\":\"en-GB\"},{\"@type\":\"Organization\",\"@id\":\"https:\/\/www.accartbooks.com\/uk\/#organization\",\"name\":\"ACC Art Books UK\",\"url\":\"https:\/\/www.accartbooks.com\/uk\/\",\"logo\":{\"@type\":\"ImageObject\",\"inLanguage\":\"en-GB\",\"@id\":\"https:\/\/www.accartbooks.com\/uk\/#\/schema\/logo\/image\/\",\"url\":\"https:\/\/www.accartbooks.com\/app\/uploads\/2020\/05\/Acc-Logo.png\",\"contentUrl\":\"https:\/\/www.accartbooks.com\/app\/uploads\/2020\/05\/Acc-Logo.png\",\"width\":64,\"height\":100,\"caption\":\"ACC Art Books UK\"},\"image\":{\"@id\":\"https:\/\/www.accartbooks.com\/uk\/#\/schema\/logo\/image\/\"},\"sameAs\":[\"https:\/\/www.facebook.com\/ACCArtBooks\/\",\"https:\/\/x.com\/accartbooks\"]}]}<\/script>\n<!-- \/ Yoast SEO plugin. -->","yoast_head_json":{"title":"Kadri M\u00e4lk - ACC Art Books UK","description":"Title: Kadri M\u00e4lk, Pages: 328 Pages, Publish Date: 22nd Nov 2016, Author: Kadri M\u00e4lk, ISBN: 9783897904859. New pieces are featured from Kadri Malk's very creative phase of recent years, with detailed photographs from offbeat vantage points to provide a new perspective on her jewellery.","robots":{"index":"index","follow":"follow","max-snippet":"max-snippet:-1","max-image-preview":"max-image-preview:large","max-video-preview":"max-video-preview:-1"},"canonical":"https:\/\/www.accartbooks.com\/uk\/book\/kadri-malk\/","og_locale":"en_GB","og_type":"article","og_title":"Kadri M\u00e4lk - ACC Art Books UK","og_description":"Title: Kadri M\u00e4lk, Pages: 328 Pages, Publish Date: 22nd Nov 2016, Author: Kadri M\u00e4lk, ISBN: 9783897904859. New pieces are featured from Kadri Malk's very creative phase of recent years, with detailed photographs from offbeat vantage points to provide a new perspective on her jewellery.","og_url":"https:\/\/www.accartbooks.com\/uk\/book\/kadri-malk\/","og_site_name":"ACC Art Books UK","article_publisher":"https:\/\/www.facebook.com\/ACCArtBooks\/","article_modified_time":"2025-03-13T12:10:16+00:00","og_image":[{"width":609,"height":1000,"url":"https:\/\/www.accartbooks.com\/app\/uploads\/books\/9783897904859-04-1.jpg","type":"image\/jpeg"}],"twitter_card":"summary_large_image","twitter_site":"@accartbooks","twitter_misc":{"Estimated reading time":"1 minute"},"schema":{"@context":"https:\/\/schema.org","@graph":[{"@type":"WebPage","@id":"https:\/\/www.accartbooks.com\/uk\/book\/kadri-malk\/","url":"https:\/\/www.accartbooks.com\/uk\/book\/kadri-malk\/","name":"Kadri M\u00e4lk - ACC Art Books UK","isPartOf":{"@id":"https:\/\/www.accartbooks.com\/uk\/#website"},"primaryImageOfPage":{"@id":"https:\/\/www.accartbooks.com\/uk\/book\/kadri-malk\/#primaryimage"},"image":{"@id":"https:\/\/www.accartbooks.com\/uk\/book\/kadri-malk\/#primaryimage"},"thumbnailUrl":"https:\/\/www.accartbooks.com\/app\/uploads\/books\/9783897904859-04-1.jpg","datePublished":"2020-03-16T13:34:27+00:00","dateModified":"2025-03-13T12:10:16+00:00","description":"Title: Kadri M\u00e4lk, Pages: 328 Pages, Publish Date: 22nd Nov 2016, Author: Kadri M\u00e4lk, ISBN: 9783897904859. New pieces are featured from Kadri Malk's very creative phase of recent years, with detailed photographs from offbeat vantage points to provide a new perspective on her jewellery.","breadcrumb":{"@id":"https:\/\/www.accartbooks.com\/uk\/book\/kadri-malk\/#breadcrumb"},"inLanguage":"en-GB","potentialAction":[{"@type":"ReadAction","target":["https:\/\/www.accartbooks.com\/uk\/book\/kadri-malk\/"]}]},{"@type":"ImageObject","inLanguage":"en-GB","@id":"https:\/\/www.accartbooks.com\/uk\/book\/kadri-malk\/#primaryimage","url":"https:\/\/www.accartbooks.com\/app\/uploads\/books\/9783897904859-04-1.jpg","contentUrl":"https:\/\/www.accartbooks.com\/app\/uploads\/books\/9783897904859-04-1.jpg","width":609,"height":1000},{"@type":"BreadcrumbList","@id":"https:\/\/www.accartbooks.com\/uk\/book\/kadri-malk\/#breadcrumb","itemListElement":[{"@type":"ListItem","position":1,"name":"Home","item":"https:\/\/www.accartbooks.com\/uk\/"},{"@type":"ListItem","position":2,"name":"Books","item":"https:\/\/www.accartbooks.com\/uk\/books\/"},{"@type":"ListItem","position":3,"name":"Kadri M\u00e4lk"}]},{"@type":"WebSite","@id":"https:\/\/www.accartbooks.com\/uk\/#website","url":"https:\/\/www.accartbooks.com\/uk\/","name":"ACC Art Books UK","description":"One of the world\u2019s leading publishers and distributors of books on the arts and visual culture","publisher":{"@id":"https:\/\/www.accartbooks.com\/uk\/#organization"},"potentialAction":[{"@type":"SearchAction","target":{"@type":"EntryPoint","urlTemplate":"https:\/\/www.accartbooks.com\/uk\/?s={search_term_string}"},"query-input":{"@type":"PropertyValueSpecification","valueRequired":true,"valueName":"search_term_string"}}],"inLanguage":"en-GB"},{"@type":"Organization","@id":"https:\/\/www.accartbooks.com\/uk\/#organization","name":"ACC Art Books UK","url":"https:\/\/www.accartbooks.com\/uk\/","logo":{"@type":"ImageObject","inLanguage":"en-GB","@id":"https:\/\/www.accartbooks.com\/uk\/#\/schema\/logo\/image\/","url":"https:\/\/www.accartbooks.com\/app\/uploads\/2020\/05\/Acc-Logo.png","contentUrl":"https:\/\/www.accartbooks.com\/app\/uploads\/2020\/05\/Acc-Logo.png","width":64,"height":100,"caption":"ACC Art Books UK"},"image":{"@id":"https:\/\/www.accartbooks.com\/uk\/#\/schema\/logo\/image\/"},"sameAs":["https:\/\/www.facebook.com\/ACCArtBooks\/","https:\/\/x.com\/accartbooks"]}]}},"_links":{"self":[{"href":"https:\/\/www.accartbooks.com\/uk\/wp-json\/wp\/v2\/product\/1703","targetHints":{"allow":["GET"]}}],"collection":[{"href":"https:\/\/www.accartbooks.com\/uk\/wp-json\/wp\/v2\/product"}],"about":[{"href":"https:\/\/www.accartbooks.com\/uk\/wp-json\/wp\/v2\/types\/product"}],"wp:featuredmedia":[{"embeddable":true,"href":"https:\/\/www.accartbooks.com\/uk\/wp-json\/wp\/v2\/media\/1704"}],"wp:attachment":[{"href":"https:\/\/www.accartbooks.com\/uk\/wp-json\/wp\/v2\/media?parent=1703"}],"wp:term":[{"taxonomy":"product_brand","embeddable":true,"href":"https:\/\/www.accartbooks.com\/uk\/wp-json\/wp\/v2\/product_brand?post=1703"},{"taxonomy":"product_cat","embeddable":true,"href":"https:\/\/www.accartbooks.com\/uk\/wp-json\/wp\/v2\/product_cat?post=1703"},{"taxonomy":"product_tag","embeddable":true,"href":"https:\/\/www.accartbooks.com\/uk\/wp-json\/wp\/v2\/product_tag?post=1703"}],"curies":[{"name":"wp","href":"https:\/\/api.w.org\/{rel}","templated":true}]}}