{"id":21282,"date":"2021-02-04T12:11:38","date_gmt":"2021-02-04T12:11:38","guid":{"rendered":"https:\/\/www.accartbooks.com\/uk\/book\/muller-sigrist\/"},"modified":"2026-01-29T10:10:38","modified_gmt":"2026-01-29T10:10:38","slug":"muller-sigrist","status":"publish","type":"product","link":"https:\/\/www.accartbooks.com\/uk\/book\/muller-sigrist\/","title":{"rendered":"M\u00fcller Sigrist"},"content":{"rendered":"<p>In 2001, Pascal M&uuml;ller and Peter Sigrist, who died in 2012, founded their architectural office in Zurich. Their dynamism led them to construct two exceptional buildings in 2006 and 2007, which were highly regarded by experts: the municipal administration centre in Affoltern am Albis and the festival cabin in Amriswil, a concentric structure that fittingly reflects the atmosphere of a festive tent. Since then, several residential developments have followed, such as the coherent Frohheim estate in Zurich-Affoltern and the widely regarded Kalkbreite in Zurich, which was developed over a tram garage and was the result of a new cooperative concept. Public buildings such as the Kunstfreilager Dreispitz in Basel and the Volketswil community centre also attracted attention.<\/p>\n<p>This volume presents in detail 18 buildings and projects from the past 16 years, including texts, plans and images. A further 21 buildings are described with texts and one or two images in the list of works. The exciting presentation of works is complemented by illuminating essays by Sabine von Fischer (with interview sections), Ariel Huber and Kornel Ringli. \n<\/p>\n<p>Text in English and German. <\/p>\n","protected":false},"excerpt":{"rendered":"<p>This volume presents in detail 18 buildings and projects from the past 16 years, including texts, plans and images. Text in English and German.<\/p>\n","protected":false},"featured_media":30166,"template":"","meta":{"_acf_changed":false,"_relevanssi_hide_post":"","_relevanssi_hide_content":"","_relevanssi_pin_for_all":"","_relevanssi_pin_keywords":"","_relevanssi_unpin_keywords":"","_relevanssi_related_keywords":"","_relevanssi_related_include_ids":"","_relevanssi_related_exclude_ids":"","_relevanssi_related_no_append":"","_relevanssi_related_not_related":"","_relevanssi_related_posts":"","_relevanssi_noindex_reason":""},"product_brand":[],"product_cat":[5559],"product_tag":[],"class_list":{"0":"post-21282","1":"product","2":"type-product","3":"status-publish","4":"has-post-thumbnail","6":"product_cat-architecture-landscape-design","7":"author-edited-by-muller-sigrist-architekten","8":"publisher-quart-publishers","9":"series-monograph","11":"first","12":"instock","13":"shipping-taxable","14":"purchasable","15":"product-type-simple"},"acf":[],"yoast_head":"<!-- This site is optimized with the Yoast SEO plugin v27.0 - https:\/\/yoast.com\/product\/yoast-seo-wordpress\/ -->\n<title>M\u00fcller Sigrist - ACC Art Books UK<\/title>\n<meta name=\"description\" content=\"Title: M\u00fcller Sigrist, Pages: 284 Pages, Publish Date: 26th Aug 2021, Author: Edited by M\u00fcller Sigrist Architekten, ISBN: 9783037612385. This volume presents in detail 18 buildings and projects from the past 16 years, including texts, plans and images. Text in English and German.\" \/>\n<meta name=\"robots\" content=\"index, follow, max-snippet:-1, max-image-preview:large, max-video-preview:-1\" \/>\n<link rel=\"canonical\" href=\"https:\/\/www.accartbooks.com\/uk\/book\/muller-sigrist\/\" \/>\n<meta property=\"og:locale\" content=\"en_GB\" \/>\n<meta property=\"og:type\" content=\"article\" \/>\n<meta property=\"og:title\" content=\"M\u00fcller Sigrist - ACC Art Books UK\" \/>\n<meta property=\"og:description\" content=\"Title: M\u00fcller Sigrist, Pages: 284 Pages, Publish Date: 26th Aug 2021, Author: Edited by M\u00fcller Sigrist Architekten, ISBN: 9783037612385. This volume presents in detail 18 buildings and projects from the past 16 years, including texts, plans and images. Text in English and German.\" \/>\n<meta property=\"og:url\" content=\"https:\/\/www.accartbooks.com\/uk\/book\/muller-sigrist\/\" \/>\n<meta property=\"og:site_name\" content=\"ACC Art Books UK\" \/>\n<meta property=\"article:publisher\" content=\"https:\/\/www.facebook.com\/ACCArtBooks\/\" \/>\n<meta property=\"article:modified_time\" content=\"2026-01-29T10:10:38+00:00\" \/>\n<meta property=\"og:image\" content=\"https:\/\/www.accartbooks.com\/app\/uploads\/books\/9783037612385-04-1.jpg\" \/>\n\t<meta property=\"og:image:width\" content=\"776\" \/>\n\t<meta property=\"og:image:height\" content=\"1000\" \/>\n\t<meta property=\"og:image:type\" content=\"image\/jpeg\" \/>\n<meta name=\"twitter:card\" content=\"summary_large_image\" \/>\n<meta name=\"twitter:site\" content=\"@accartbooks\" \/>\n<meta name=\"twitter:label1\" content=\"Estimated reading time\" \/>\n\t<meta name=\"twitter:data1\" content=\"1 minute\" \/>\n<script type=\"application\/ld+json\" class=\"yoast-schema-graph\">{\"@context\":\"https:\/\/schema.org\",\"@graph\":[{\"@type\":\"WebPage\",\"@id\":\"https:\/\/www.accartbooks.com\/uk\/book\/muller-sigrist\/\",\"url\":\"https:\/\/www.accartbooks.com\/uk\/book\/muller-sigrist\/\",\"name\":\"M\u00fcller Sigrist - ACC Art Books UK\",\"isPartOf\":{\"@id\":\"https:\/\/www.accartbooks.com\/uk\/#website\"},\"primaryImageOfPage\":{\"@id\":\"https:\/\/www.accartbooks.com\/uk\/book\/muller-sigrist\/#primaryimage\"},\"image\":{\"@id\":\"https:\/\/www.accartbooks.com\/uk\/book\/muller-sigrist\/#primaryimage\"},\"thumbnailUrl\":\"https:\/\/www.accartbooks.com\/app\/uploads\/books\/9783037612385-04-1.jpg\",\"datePublished\":\"2021-02-04T12:11:38+00:00\",\"dateModified\":\"2026-01-29T10:10:38+00:00\",\"description\":\"Title: M\u00fcller Sigrist, Pages: 284 Pages, Publish Date: 26th Aug 2021, Author: Edited by M\u00fcller Sigrist Architekten, ISBN: 9783037612385. This volume presents in detail 18 buildings and projects from the past 16 years, including texts, plans and images. Text in English and German.\",\"breadcrumb\":{\"@id\":\"https:\/\/www.accartbooks.com\/uk\/book\/muller-sigrist\/#breadcrumb\"},\"inLanguage\":\"en-GB\",\"potentialAction\":[{\"@type\":\"ReadAction\",\"target\":[\"https:\/\/www.accartbooks.com\/uk\/book\/muller-sigrist\/\"]}]},{\"@type\":\"ImageObject\",\"inLanguage\":\"en-GB\",\"@id\":\"https:\/\/www.accartbooks.com\/uk\/book\/muller-sigrist\/#primaryimage\",\"url\":\"https:\/\/www.accartbooks.com\/app\/uploads\/books\/9783037612385-04-1.jpg\",\"contentUrl\":\"https:\/\/www.accartbooks.com\/app\/uploads\/books\/9783037612385-04-1.jpg\",\"width\":776,\"height\":1000},{\"@type\":\"BreadcrumbList\",\"@id\":\"https:\/\/www.accartbooks.com\/uk\/book\/muller-sigrist\/#breadcrumb\",\"itemListElement\":[{\"@type\":\"ListItem\",\"position\":1,\"name\":\"Home\",\"item\":\"https:\/\/www.accartbooks.com\/uk\/\"},{\"@type\":\"ListItem\",\"position\":2,\"name\":\"Books\",\"item\":\"https:\/\/www.accartbooks.com\/uk\/books\/\"},{\"@type\":\"ListItem\",\"position\":3,\"name\":\"M\u00fcller Sigrist\"}]},{\"@type\":\"WebSite\",\"@id\":\"https:\/\/www.accartbooks.com\/uk\/#website\",\"url\":\"https:\/\/www.accartbooks.com\/uk\/\",\"name\":\"ACC Art Books UK\",\"description\":\"One of the world\u2019s leading publishers and distributors of books on the arts and visual culture\",\"publisher\":{\"@id\":\"https:\/\/www.accartbooks.com\/uk\/#organization\"},\"potentialAction\":[{\"@type\":\"SearchAction\",\"target\":{\"@type\":\"EntryPoint\",\"urlTemplate\":\"https:\/\/www.accartbooks.com\/uk\/?s={search_term_string}\"},\"query-input\":{\"@type\":\"PropertyValueSpecification\",\"valueRequired\":true,\"valueName\":\"search_term_string\"}}],\"inLanguage\":\"en-GB\"},{\"@type\":\"Organization\",\"@id\":\"https:\/\/www.accartbooks.com\/uk\/#organization\",\"name\":\"ACC Art Books UK\",\"url\":\"https:\/\/www.accartbooks.com\/uk\/\",\"logo\":{\"@type\":\"ImageObject\",\"inLanguage\":\"en-GB\",\"@id\":\"https:\/\/www.accartbooks.com\/uk\/#\/schema\/logo\/image\/\",\"url\":\"https:\/\/www.accartbooks.com\/app\/uploads\/2020\/05\/Acc-Logo.png\",\"contentUrl\":\"https:\/\/www.accartbooks.com\/app\/uploads\/2020\/05\/Acc-Logo.png\",\"width\":64,\"height\":100,\"caption\":\"ACC Art Books UK\"},\"image\":{\"@id\":\"https:\/\/www.accartbooks.com\/uk\/#\/schema\/logo\/image\/\"},\"sameAs\":[\"https:\/\/www.facebook.com\/ACCArtBooks\/\",\"https:\/\/x.com\/accartbooks\"]}]}<\/script>\n<!-- \/ Yoast SEO plugin. -->","yoast_head_json":{"title":"M\u00fcller Sigrist - ACC Art Books UK","description":"Title: M\u00fcller Sigrist, Pages: 284 Pages, Publish Date: 26th Aug 2021, Author: Edited by M\u00fcller Sigrist Architekten, ISBN: 9783037612385. This volume presents in detail 18 buildings and projects from the past 16 years, including texts, plans and images. Text in English and German.","robots":{"index":"index","follow":"follow","max-snippet":"max-snippet:-1","max-image-preview":"max-image-preview:large","max-video-preview":"max-video-preview:-1"},"canonical":"https:\/\/www.accartbooks.com\/uk\/book\/muller-sigrist\/","og_locale":"en_GB","og_type":"article","og_title":"M\u00fcller Sigrist - ACC Art Books UK","og_description":"Title: M\u00fcller Sigrist, Pages: 284 Pages, Publish Date: 26th Aug 2021, Author: Edited by M\u00fcller Sigrist Architekten, ISBN: 9783037612385. This volume presents in detail 18 buildings and projects from the past 16 years, including texts, plans and images. Text in English and German.","og_url":"https:\/\/www.accartbooks.com\/uk\/book\/muller-sigrist\/","og_site_name":"ACC Art Books UK","article_publisher":"https:\/\/www.facebook.com\/ACCArtBooks\/","article_modified_time":"2026-01-29T10:10:38+00:00","og_image":[{"width":776,"height":1000,"url":"https:\/\/www.accartbooks.com\/app\/uploads\/books\/9783037612385-04-1.jpg","type":"image\/jpeg"}],"twitter_card":"summary_large_image","twitter_site":"@accartbooks","twitter_misc":{"Estimated reading time":"1 minute"},"schema":{"@context":"https:\/\/schema.org","@graph":[{"@type":"WebPage","@id":"https:\/\/www.accartbooks.com\/uk\/book\/muller-sigrist\/","url":"https:\/\/www.accartbooks.com\/uk\/book\/muller-sigrist\/","name":"M\u00fcller Sigrist - ACC Art Books UK","isPartOf":{"@id":"https:\/\/www.accartbooks.com\/uk\/#website"},"primaryImageOfPage":{"@id":"https:\/\/www.accartbooks.com\/uk\/book\/muller-sigrist\/#primaryimage"},"image":{"@id":"https:\/\/www.accartbooks.com\/uk\/book\/muller-sigrist\/#primaryimage"},"thumbnailUrl":"https:\/\/www.accartbooks.com\/app\/uploads\/books\/9783037612385-04-1.jpg","datePublished":"2021-02-04T12:11:38+00:00","dateModified":"2026-01-29T10:10:38+00:00","description":"Title: M\u00fcller Sigrist, Pages: 284 Pages, Publish Date: 26th Aug 2021, Author: Edited by M\u00fcller Sigrist Architekten, ISBN: 9783037612385. This volume presents in detail 18 buildings and projects from the past 16 years, including texts, plans and images. Text in English and German.","breadcrumb":{"@id":"https:\/\/www.accartbooks.com\/uk\/book\/muller-sigrist\/#breadcrumb"},"inLanguage":"en-GB","potentialAction":[{"@type":"ReadAction","target":["https:\/\/www.accartbooks.com\/uk\/book\/muller-sigrist\/"]}]},{"@type":"ImageObject","inLanguage":"en-GB","@id":"https:\/\/www.accartbooks.com\/uk\/book\/muller-sigrist\/#primaryimage","url":"https:\/\/www.accartbooks.com\/app\/uploads\/books\/9783037612385-04-1.jpg","contentUrl":"https:\/\/www.accartbooks.com\/app\/uploads\/books\/9783037612385-04-1.jpg","width":776,"height":1000},{"@type":"BreadcrumbList","@id":"https:\/\/www.accartbooks.com\/uk\/book\/muller-sigrist\/#breadcrumb","itemListElement":[{"@type":"ListItem","position":1,"name":"Home","item":"https:\/\/www.accartbooks.com\/uk\/"},{"@type":"ListItem","position":2,"name":"Books","item":"https:\/\/www.accartbooks.com\/uk\/books\/"},{"@type":"ListItem","position":3,"name":"M\u00fcller Sigrist"}]},{"@type":"WebSite","@id":"https:\/\/www.accartbooks.com\/uk\/#website","url":"https:\/\/www.accartbooks.com\/uk\/","name":"ACC Art Books UK","description":"One of the world\u2019s leading publishers and distributors of books on the arts and visual culture","publisher":{"@id":"https:\/\/www.accartbooks.com\/uk\/#organization"},"potentialAction":[{"@type":"SearchAction","target":{"@type":"EntryPoint","urlTemplate":"https:\/\/www.accartbooks.com\/uk\/?s={search_term_string}"},"query-input":{"@type":"PropertyValueSpecification","valueRequired":true,"valueName":"search_term_string"}}],"inLanguage":"en-GB"},{"@type":"Organization","@id":"https:\/\/www.accartbooks.com\/uk\/#organization","name":"ACC Art Books UK","url":"https:\/\/www.accartbooks.com\/uk\/","logo":{"@type":"ImageObject","inLanguage":"en-GB","@id":"https:\/\/www.accartbooks.com\/uk\/#\/schema\/logo\/image\/","url":"https:\/\/www.accartbooks.com\/app\/uploads\/2020\/05\/Acc-Logo.png","contentUrl":"https:\/\/www.accartbooks.com\/app\/uploads\/2020\/05\/Acc-Logo.png","width":64,"height":100,"caption":"ACC Art Books UK"},"image":{"@id":"https:\/\/www.accartbooks.com\/uk\/#\/schema\/logo\/image\/"},"sameAs":["https:\/\/www.facebook.com\/ACCArtBooks\/","https:\/\/x.com\/accartbooks"]}]}},"_links":{"self":[{"href":"https:\/\/www.accartbooks.com\/uk\/wp-json\/wp\/v2\/product\/21282","targetHints":{"allow":["GET"]}}],"collection":[{"href":"https:\/\/www.accartbooks.com\/uk\/wp-json\/wp\/v2\/product"}],"about":[{"href":"https:\/\/www.accartbooks.com\/uk\/wp-json\/wp\/v2\/types\/product"}],"wp:featuredmedia":[{"embeddable":true,"href":"https:\/\/www.accartbooks.com\/uk\/wp-json\/wp\/v2\/media\/30166"}],"wp:attachment":[{"href":"https:\/\/www.accartbooks.com\/uk\/wp-json\/wp\/v2\/media?parent=21282"}],"wp:term":[{"taxonomy":"product_brand","embeddable":true,"href":"https:\/\/www.accartbooks.com\/uk\/wp-json\/wp\/v2\/product_brand?post=21282"},{"taxonomy":"product_cat","embeddable":true,"href":"https:\/\/www.accartbooks.com\/uk\/wp-json\/wp\/v2\/product_cat?post=21282"},{"taxonomy":"product_tag","embeddable":true,"href":"https:\/\/www.accartbooks.com\/uk\/wp-json\/wp\/v2\/product_tag?post=21282"}],"curies":[{"name":"wp","href":"https:\/\/api.w.org\/{rel}","templated":true}]}}