{"id":21363,"date":"2021-02-04T18:11:02","date_gmt":"2021-02-04T18:11:02","guid":{"rendered":"https:\/\/www.accartbooks.com\/uk\/book\/les-collections-du-art-et-marges-musee\/"},"modified":"2024-03-22T20:07:10","modified_gmt":"2024-03-22T20:07:10","slug":"les-collections-du-art-et-marges-musee","status":"publish","type":"product","link":"https:\/\/www.accartbooks.com\/uk\/book\/les-collections-du-art-et-marges-musee\/","title":{"rendered":"Les collections du Art et marges mus\u00e9e"},"content":{"rendered":"<p>Located in the heart of Brussels, the Art et Margins Museum, an outsider art museum, questions art and its borders. Its collection has been built up since the mid-1980s with self-taught artists, art workshops for psychiatric patients and for those with learning difficulties. Its temporary exhibitions, at the rate of three per year, bring together artists from both sides of the margin, questioning the boundaries of art and its very definition. The museum&#8217;s anniversary year is an opportunity to propose a book richly illustrated with visuals, specially produced by a team of professionals, and to take stock of its rich collections of works by outsider artists built up over time.<\/p>\n<p>Text in English, French, and Dutch.<\/p>\n","protected":false},"excerpt":{"rendered":"<p>Located in the heart of Brussels, the Art et Margins Museum, an outsider art museum, questions art and its borders. Text in English, French, and Dutch.<\/p>\n","protected":false},"featured_media":21364,"template":"","meta":{"_acf_changed":false,"_relevanssi_hide_post":"","_relevanssi_hide_content":"","_relevanssi_pin_for_all":"","_relevanssi_pin_keywords":"","_relevanssi_unpin_keywords":"","_relevanssi_related_keywords":"","_relevanssi_related_include_ids":"","_relevanssi_related_exclude_ids":"","_relevanssi_related_no_append":"","_relevanssi_related_not_related":"","_relevanssi_related_posts":"","_relevanssi_noindex_reason":""},"product_brand":[],"product_cat":[5568],"product_tag":[],"class_list":{"0":"post-21363","1":"product","2":"type-product","3":"status-publish","4":"has-post-thumbnail","6":"product_cat-art","7":"author-edited-by-cfc-editions","8":"publisher-exhibitions-international","10":"first","11":"instock","12":"shipping-taxable","13":"purchasable","14":"product-type-simple"},"acf":[],"yoast_head":"<!-- This site is optimized with the Yoast SEO plugin v27.0 - https:\/\/yoast.com\/product\/yoast-seo-wordpress\/ -->\n<title>Les collections du Art et marges mus\u00e9e - ACC Art Books UK<\/title>\n<meta name=\"description\" content=\"Title: Les collections du Art et marges mus\u00e9e, Pages: 224 Pages, Publish Date: 28th Apr 2021, Author: Edited by CFC-\u00c9ditions, ISBN: 9782875720573. Located in the heart of Brussels, the Art et Margins Museum, an outsider art museum, questions art and its borders. Text in English, French, and Dutch.\" \/>\n<meta name=\"robots\" content=\"index, follow, max-snippet:-1, max-image-preview:large, max-video-preview:-1\" \/>\n<link rel=\"canonical\" href=\"https:\/\/www.accartbooks.com\/uk\/book\/les-collections-du-art-et-marges-musee\/\" \/>\n<meta property=\"og:locale\" content=\"en_GB\" \/>\n<meta property=\"og:type\" content=\"article\" \/>\n<meta property=\"og:title\" content=\"Les collections du Art et marges mus\u00e9e - ACC Art Books UK\" \/>\n<meta property=\"og:description\" content=\"Title: Les collections du Art et marges mus\u00e9e, Pages: 224 Pages, Publish Date: 28th Apr 2021, Author: Edited by CFC-\u00c9ditions, ISBN: 9782875720573. Located in the heart of Brussels, the Art et Margins Museum, an outsider art museum, questions art and its borders. Text in English, French, and Dutch.\" \/>\n<meta property=\"og:url\" content=\"https:\/\/www.accartbooks.com\/uk\/book\/les-collections-du-art-et-marges-musee\/\" \/>\n<meta property=\"og:site_name\" content=\"ACC Art Books UK\" \/>\n<meta property=\"article:publisher\" content=\"https:\/\/www.facebook.com\/ACCArtBooks\/\" \/>\n<meta property=\"article:modified_time\" content=\"2024-03-22T20:07:10+00:00\" \/>\n<meta property=\"og:image\" content=\"https:\/\/www.accartbooks.com\/app\/uploads\/books\/9782875720573-04-1.jpg\" \/>\n\t<meta property=\"og:image:width\" content=\"869\" \/>\n\t<meta property=\"og:image:height\" content=\"1000\" \/>\n\t<meta property=\"og:image:type\" content=\"image\/jpeg\" \/>\n<meta name=\"twitter:card\" content=\"summary_large_image\" \/>\n<meta name=\"twitter:site\" content=\"@accartbooks\" \/>\n<meta name=\"twitter:label1\" content=\"Estimated reading time\" \/>\n\t<meta name=\"twitter:data1\" content=\"1 minute\" \/>\n<script type=\"application\/ld+json\" class=\"yoast-schema-graph\">{\"@context\":\"https:\/\/schema.org\",\"@graph\":[{\"@type\":\"WebPage\",\"@id\":\"https:\/\/www.accartbooks.com\/uk\/book\/les-collections-du-art-et-marges-musee\/\",\"url\":\"https:\/\/www.accartbooks.com\/uk\/book\/les-collections-du-art-et-marges-musee\/\",\"name\":\"Les collections du Art et marges mus\u00e9e - ACC Art Books UK\",\"isPartOf\":{\"@id\":\"https:\/\/www.accartbooks.com\/uk\/#website\"},\"primaryImageOfPage\":{\"@id\":\"https:\/\/www.accartbooks.com\/uk\/book\/les-collections-du-art-et-marges-musee\/#primaryimage\"},\"image\":{\"@id\":\"https:\/\/www.accartbooks.com\/uk\/book\/les-collections-du-art-et-marges-musee\/#primaryimage\"},\"thumbnailUrl\":\"https:\/\/www.accartbooks.com\/app\/uploads\/books\/9782875720573-04-1.jpg\",\"datePublished\":\"2021-02-04T18:11:02+00:00\",\"dateModified\":\"2024-03-22T20:07:10+00:00\",\"description\":\"Title: Les collections du Art et marges mus\u00e9e, Pages: 224 Pages, Publish Date: 28th Apr 2021, Author: Edited by CFC-\u00c9ditions, ISBN: 9782875720573. Located in the heart of Brussels, the Art et Margins Museum, an outsider art museum, questions art and its borders. Text in English, French, and Dutch.\",\"breadcrumb\":{\"@id\":\"https:\/\/www.accartbooks.com\/uk\/book\/les-collections-du-art-et-marges-musee\/#breadcrumb\"},\"inLanguage\":\"en-GB\",\"potentialAction\":[{\"@type\":\"ReadAction\",\"target\":[\"https:\/\/www.accartbooks.com\/uk\/book\/les-collections-du-art-et-marges-musee\/\"]}]},{\"@type\":\"ImageObject\",\"inLanguage\":\"en-GB\",\"@id\":\"https:\/\/www.accartbooks.com\/uk\/book\/les-collections-du-art-et-marges-musee\/#primaryimage\",\"url\":\"https:\/\/www.accartbooks.com\/app\/uploads\/books\/9782875720573-04-1.jpg\",\"contentUrl\":\"https:\/\/www.accartbooks.com\/app\/uploads\/books\/9782875720573-04-1.jpg\",\"width\":869,\"height\":1000},{\"@type\":\"BreadcrumbList\",\"@id\":\"https:\/\/www.accartbooks.com\/uk\/book\/les-collections-du-art-et-marges-musee\/#breadcrumb\",\"itemListElement\":[{\"@type\":\"ListItem\",\"position\":1,\"name\":\"Home\",\"item\":\"https:\/\/www.accartbooks.com\/uk\/\"},{\"@type\":\"ListItem\",\"position\":2,\"name\":\"Books\",\"item\":\"https:\/\/www.accartbooks.com\/uk\/books\/\"},{\"@type\":\"ListItem\",\"position\":3,\"name\":\"Les collections du Art et marges mus\u00e9e\"}]},{\"@type\":\"WebSite\",\"@id\":\"https:\/\/www.accartbooks.com\/uk\/#website\",\"url\":\"https:\/\/www.accartbooks.com\/uk\/\",\"name\":\"ACC Art Books UK\",\"description\":\"One of the world\u2019s leading publishers and distributors of books on the arts and visual culture\",\"publisher\":{\"@id\":\"https:\/\/www.accartbooks.com\/uk\/#organization\"},\"potentialAction\":[{\"@type\":\"SearchAction\",\"target\":{\"@type\":\"EntryPoint\",\"urlTemplate\":\"https:\/\/www.accartbooks.com\/uk\/?s={search_term_string}\"},\"query-input\":{\"@type\":\"PropertyValueSpecification\",\"valueRequired\":true,\"valueName\":\"search_term_string\"}}],\"inLanguage\":\"en-GB\"},{\"@type\":\"Organization\",\"@id\":\"https:\/\/www.accartbooks.com\/uk\/#organization\",\"name\":\"ACC Art Books UK\",\"url\":\"https:\/\/www.accartbooks.com\/uk\/\",\"logo\":{\"@type\":\"ImageObject\",\"inLanguage\":\"en-GB\",\"@id\":\"https:\/\/www.accartbooks.com\/uk\/#\/schema\/logo\/image\/\",\"url\":\"https:\/\/www.accartbooks.com\/app\/uploads\/2020\/05\/Acc-Logo.png\",\"contentUrl\":\"https:\/\/www.accartbooks.com\/app\/uploads\/2020\/05\/Acc-Logo.png\",\"width\":64,\"height\":100,\"caption\":\"ACC Art Books UK\"},\"image\":{\"@id\":\"https:\/\/www.accartbooks.com\/uk\/#\/schema\/logo\/image\/\"},\"sameAs\":[\"https:\/\/www.facebook.com\/ACCArtBooks\/\",\"https:\/\/x.com\/accartbooks\"]}]}<\/script>\n<!-- \/ Yoast SEO plugin. -->","yoast_head_json":{"title":"Les collections du Art et marges mus\u00e9e - ACC Art Books UK","description":"Title: Les collections du Art et marges mus\u00e9e, Pages: 224 Pages, Publish Date: 28th Apr 2021, Author: Edited by CFC-\u00c9ditions, ISBN: 9782875720573. Located in the heart of Brussels, the Art et Margins Museum, an outsider art museum, questions art and its borders. Text in English, French, and Dutch.","robots":{"index":"index","follow":"follow","max-snippet":"max-snippet:-1","max-image-preview":"max-image-preview:large","max-video-preview":"max-video-preview:-1"},"canonical":"https:\/\/www.accartbooks.com\/uk\/book\/les-collections-du-art-et-marges-musee\/","og_locale":"en_GB","og_type":"article","og_title":"Les collections du Art et marges mus\u00e9e - ACC Art Books UK","og_description":"Title: Les collections du Art et marges mus\u00e9e, Pages: 224 Pages, Publish Date: 28th Apr 2021, Author: Edited by CFC-\u00c9ditions, ISBN: 9782875720573. Located in the heart of Brussels, the Art et Margins Museum, an outsider art museum, questions art and its borders. Text in English, French, and Dutch.","og_url":"https:\/\/www.accartbooks.com\/uk\/book\/les-collections-du-art-et-marges-musee\/","og_site_name":"ACC Art Books UK","article_publisher":"https:\/\/www.facebook.com\/ACCArtBooks\/","article_modified_time":"2024-03-22T20:07:10+00:00","og_image":[{"width":869,"height":1000,"url":"https:\/\/www.accartbooks.com\/app\/uploads\/books\/9782875720573-04-1.jpg","type":"image\/jpeg"}],"twitter_card":"summary_large_image","twitter_site":"@accartbooks","twitter_misc":{"Estimated reading time":"1 minute"},"schema":{"@context":"https:\/\/schema.org","@graph":[{"@type":"WebPage","@id":"https:\/\/www.accartbooks.com\/uk\/book\/les-collections-du-art-et-marges-musee\/","url":"https:\/\/www.accartbooks.com\/uk\/book\/les-collections-du-art-et-marges-musee\/","name":"Les collections du Art et marges mus\u00e9e - ACC Art Books UK","isPartOf":{"@id":"https:\/\/www.accartbooks.com\/uk\/#website"},"primaryImageOfPage":{"@id":"https:\/\/www.accartbooks.com\/uk\/book\/les-collections-du-art-et-marges-musee\/#primaryimage"},"image":{"@id":"https:\/\/www.accartbooks.com\/uk\/book\/les-collections-du-art-et-marges-musee\/#primaryimage"},"thumbnailUrl":"https:\/\/www.accartbooks.com\/app\/uploads\/books\/9782875720573-04-1.jpg","datePublished":"2021-02-04T18:11:02+00:00","dateModified":"2024-03-22T20:07:10+00:00","description":"Title: Les collections du Art et marges mus\u00e9e, Pages: 224 Pages, Publish Date: 28th Apr 2021, Author: Edited by CFC-\u00c9ditions, ISBN: 9782875720573. Located in the heart of Brussels, the Art et Margins Museum, an outsider art museum, questions art and its borders. Text in English, French, and Dutch.","breadcrumb":{"@id":"https:\/\/www.accartbooks.com\/uk\/book\/les-collections-du-art-et-marges-musee\/#breadcrumb"},"inLanguage":"en-GB","potentialAction":[{"@type":"ReadAction","target":["https:\/\/www.accartbooks.com\/uk\/book\/les-collections-du-art-et-marges-musee\/"]}]},{"@type":"ImageObject","inLanguage":"en-GB","@id":"https:\/\/www.accartbooks.com\/uk\/book\/les-collections-du-art-et-marges-musee\/#primaryimage","url":"https:\/\/www.accartbooks.com\/app\/uploads\/books\/9782875720573-04-1.jpg","contentUrl":"https:\/\/www.accartbooks.com\/app\/uploads\/books\/9782875720573-04-1.jpg","width":869,"height":1000},{"@type":"BreadcrumbList","@id":"https:\/\/www.accartbooks.com\/uk\/book\/les-collections-du-art-et-marges-musee\/#breadcrumb","itemListElement":[{"@type":"ListItem","position":1,"name":"Home","item":"https:\/\/www.accartbooks.com\/uk\/"},{"@type":"ListItem","position":2,"name":"Books","item":"https:\/\/www.accartbooks.com\/uk\/books\/"},{"@type":"ListItem","position":3,"name":"Les collections du Art et marges mus\u00e9e"}]},{"@type":"WebSite","@id":"https:\/\/www.accartbooks.com\/uk\/#website","url":"https:\/\/www.accartbooks.com\/uk\/","name":"ACC Art Books UK","description":"One of the world\u2019s leading publishers and distributors of books on the arts and visual culture","publisher":{"@id":"https:\/\/www.accartbooks.com\/uk\/#organization"},"potentialAction":[{"@type":"SearchAction","target":{"@type":"EntryPoint","urlTemplate":"https:\/\/www.accartbooks.com\/uk\/?s={search_term_string}"},"query-input":{"@type":"PropertyValueSpecification","valueRequired":true,"valueName":"search_term_string"}}],"inLanguage":"en-GB"},{"@type":"Organization","@id":"https:\/\/www.accartbooks.com\/uk\/#organization","name":"ACC Art Books UK","url":"https:\/\/www.accartbooks.com\/uk\/","logo":{"@type":"ImageObject","inLanguage":"en-GB","@id":"https:\/\/www.accartbooks.com\/uk\/#\/schema\/logo\/image\/","url":"https:\/\/www.accartbooks.com\/app\/uploads\/2020\/05\/Acc-Logo.png","contentUrl":"https:\/\/www.accartbooks.com\/app\/uploads\/2020\/05\/Acc-Logo.png","width":64,"height":100,"caption":"ACC Art Books UK"},"image":{"@id":"https:\/\/www.accartbooks.com\/uk\/#\/schema\/logo\/image\/"},"sameAs":["https:\/\/www.facebook.com\/ACCArtBooks\/","https:\/\/x.com\/accartbooks"]}]}},"_links":{"self":[{"href":"https:\/\/www.accartbooks.com\/uk\/wp-json\/wp\/v2\/product\/21363","targetHints":{"allow":["GET"]}}],"collection":[{"href":"https:\/\/www.accartbooks.com\/uk\/wp-json\/wp\/v2\/product"}],"about":[{"href":"https:\/\/www.accartbooks.com\/uk\/wp-json\/wp\/v2\/types\/product"}],"wp:featuredmedia":[{"embeddable":true,"href":"https:\/\/www.accartbooks.com\/uk\/wp-json\/wp\/v2\/media\/21364"}],"wp:attachment":[{"href":"https:\/\/www.accartbooks.com\/uk\/wp-json\/wp\/v2\/media?parent=21363"}],"wp:term":[{"taxonomy":"product_brand","embeddable":true,"href":"https:\/\/www.accartbooks.com\/uk\/wp-json\/wp\/v2\/product_brand?post=21363"},{"taxonomy":"product_cat","embeddable":true,"href":"https:\/\/www.accartbooks.com\/uk\/wp-json\/wp\/v2\/product_cat?post=21363"},{"taxonomy":"product_tag","embeddable":true,"href":"https:\/\/www.accartbooks.com\/uk\/wp-json\/wp\/v2\/product_tag?post=21363"}],"curies":[{"name":"wp","href":"https:\/\/api.w.org\/{rel}","templated":true}]}}