{"id":26472,"date":"2021-05-25T09:10:09","date_gmt":"2021-05-25T09:10:09","guid":{"rendered":"https:\/\/www.accartbooks.com\/uk\/book\/chartierdalix-built-work-2016-2021\/"},"modified":"2026-03-27T16:12:09","modified_gmt":"2026-03-27T16:12:09","slug":"chartierdalix-built-work-archives","status":"publish","type":"product","link":"https:\/\/www.accartbooks.com\/uk\/book\/chartierdalix-built-work-archives\/","title":{"rendered":"ChartierDalix. Built Work, Archives"},"content":{"rendered":"<p>Paris-based firm ChartierDalix, founded in 2008 by Fr&eacute;d&eacute;ric Chartier and Pascale Dalix, can look back on a successful first 12 years of design practice. They have garnered attention at various international competitions and were awarded several prizes, such as the Europe 40 under 40 Award. In 2019, their first book ChartierDalix. <em>Hosting Life<\/em> explored their unique approach to link ecosystem and architecture and their research and practical implementation of this connection.<\/p>\n<p>In this new series of books, ChartierDalix present their entire body of work, beginning with two volumes covering the years 2008 to 2022. It showcases 28 designs the firm has realized in Paris and the surrounding area, all described in detail with texts, photographs and plans. This is supplemented by a complete illustrated catalogue of ChartierDalix&#8217;s projects since 2008.<\/p>\n","protected":false},"excerpt":{"rendered":"<p>First volume of a multi-part monograph on successful Paris-based design studio ChartierDalix, featuring 11 projects realised 2016&ndash;2021.  Text in English and French.<\/p>\n","protected":false},"featured_media":26473,"template":"","meta":{"_acf_changed":false,"_relevanssi_hide_post":"","_relevanssi_hide_content":"","_relevanssi_pin_for_all":"","_relevanssi_pin_keywords":"","_relevanssi_unpin_keywords":"","_relevanssi_related_keywords":"","_relevanssi_related_include_ids":"","_relevanssi_related_exclude_ids":"","_relevanssi_related_no_append":"","_relevanssi_related_not_related":"","_relevanssi_related_posts":"","_relevanssi_noindex_reason":""},"product_brand":[],"product_cat":[5559],"product_tag":[],"class_list":{"0":"post-26472","1":"product","2":"type-product","3":"status-publish","4":"has-post-thumbnail","6":"product_cat-architecture-landscape-design","7":"author-edited-by-aleja-castellanos","8":"author-edited-by-benoit-santiard","9":"author-edited-by-cecile-legnaghi","10":"author-edited-by-frederic-chartier","11":"author-edited-by-guillaume-grall","12":"author-edited-by-loic-altaber","13":"author-edited-by-pascale-dalix","14":"author-edited-by-sophie-deramond","15":"publisher-park-books","17":"first","18":"instock","19":"shipping-taxable","20":"purchasable","21":"product-type-simple"},"acf":[],"yoast_head":"<!-- This site is optimized with the Yoast SEO plugin v27.0 - https:\/\/yoast.com\/product\/yoast-seo-wordpress\/ -->\n<title>ChartierDalix. Built Work, Archives - ACC Art Books UK<\/title>\n<meta name=\"description\" content=\"Title: ChartierDalix. Built Work, Archives, Pages: 416 Pages, Publish Date: 9th Nov 2023, Author: Edited by Aleja Castellanos, Edited by Beno\u00eet Santiard, Edited by C\u00e9cile Legnaghi, Edited by Fr\u00e9d\u00e9ric Chartier, Edited by Guillaume Grall, Edited by Lo\u00efc Altaber, Edited by Pascale Dalix, Edited by Sophie Deramond, ISBN: 9783038602576. First volume of a multi-part monograph on successful Paris-based design studio ChartierDalix, featuring 11 projects realised 2016&ndash;2021. Text in English and French.\" \/>\n<meta name=\"robots\" content=\"index, follow, max-snippet:-1, max-image-preview:large, max-video-preview:-1\" \/>\n<link rel=\"canonical\" href=\"https:\/\/www.accartbooks.com\/uk\/book\/chartierdalix-built-work-2016-2021\/\" \/>\n<meta property=\"og:locale\" content=\"en_GB\" \/>\n<meta property=\"og:type\" content=\"article\" \/>\n<meta property=\"og:title\" content=\"ChartierDalix. Built Work, Archives - ACC Art Books UK\" \/>\n<meta property=\"og:description\" content=\"Title: ChartierDalix. Built Work, Archives, Pages: 416 Pages, Publish Date: 9th Nov 2023, Author: Edited by Aleja Castellanos, Edited by Beno\u00eet Santiard, Edited by C\u00e9cile Legnaghi, Edited by Fr\u00e9d\u00e9ric Chartier, Edited by Guillaume Grall, Edited by Lo\u00efc Altaber, Edited by Pascale Dalix, Edited by Sophie Deramond, ISBN: 9783038602576. First volume of a multi-part monograph on successful Paris-based design studio ChartierDalix, featuring 11 projects realised 2016&ndash;2021. Text in English and French.\" \/>\n<meta property=\"og:url\" content=\"https:\/\/www.accartbooks.com\/uk\/book\/chartierdalix-built-work-2016-2021\/\" \/>\n<meta property=\"og:site_name\" content=\"ACC Art Books UK\" \/>\n<meta property=\"article:publisher\" content=\"https:\/\/www.facebook.com\/ACCArtBooks\/\" \/>\n<meta property=\"article:modified_time\" content=\"2026-03-27T16:12:09+00:00\" \/>\n<meta property=\"og:image\" content=\"https:\/\/www.accartbooks.com\/app\/uploads\/books\/9783038602576-04-1.jpg\" \/>\n\t<meta property=\"og:image:width\" content=\"750\" \/>\n\t<meta property=\"og:image:height\" content=\"1000\" \/>\n\t<meta property=\"og:image:type\" content=\"image\/jpeg\" \/>\n<meta name=\"twitter:card\" content=\"summary_large_image\" \/>\n<meta name=\"twitter:site\" content=\"@accartbooks\" \/>\n<meta name=\"twitter:label1\" content=\"Estimated reading time\" \/>\n\t<meta name=\"twitter:data1\" content=\"1 minute\" \/>\n<script type=\"application\/ld+json\" class=\"yoast-schema-graph\">{\"@context\":\"https:\/\/schema.org\",\"@graph\":[{\"@type\":\"WebPage\",\"@id\":\"https:\/\/www.accartbooks.com\/uk\/book\/chartierdalix-built-work-2016-2021\/\",\"url\":\"https:\/\/www.accartbooks.com\/uk\/book\/chartierdalix-built-work-2016-2021\/\",\"name\":\"ChartierDalix. Built Work, Archives - ACC Art Books UK\",\"isPartOf\":{\"@id\":\"https:\/\/www.accartbooks.com\/uk\/#website\"},\"primaryImageOfPage\":{\"@id\":\"https:\/\/www.accartbooks.com\/uk\/book\/chartierdalix-built-work-2016-2021\/#primaryimage\"},\"image\":{\"@id\":\"https:\/\/www.accartbooks.com\/uk\/book\/chartierdalix-built-work-2016-2021\/#primaryimage\"},\"thumbnailUrl\":\"https:\/\/www.accartbooks.com\/app\/uploads\/books\/9783038602576-04-1.jpg\",\"datePublished\":\"2021-05-25T09:10:09+00:00\",\"dateModified\":\"2026-03-27T16:12:09+00:00\",\"description\":\"Title: ChartierDalix. Built Work, Archives, Pages: 416 Pages, Publish Date: 9th Nov 2023, Author: Edited by Aleja Castellanos, Edited by Beno\u00eet Santiard, Edited by C\u00e9cile Legnaghi, Edited by Fr\u00e9d\u00e9ric Chartier, Edited by Guillaume Grall, Edited by Lo\u00efc Altaber, Edited by Pascale Dalix, Edited by Sophie Deramond, ISBN: 9783038602576. First volume of a multi-part monograph on successful Paris-based design studio ChartierDalix, featuring 11 projects realised 2016&ndash;2021. Text in English and French.\",\"breadcrumb\":{\"@id\":\"https:\/\/www.accartbooks.com\/uk\/book\/chartierdalix-built-work-2016-2021\/#breadcrumb\"},\"inLanguage\":\"en-GB\",\"potentialAction\":[{\"@type\":\"ReadAction\",\"target\":[\"https:\/\/www.accartbooks.com\/uk\/book\/chartierdalix-built-work-2016-2021\/\"]}]},{\"@type\":\"ImageObject\",\"inLanguage\":\"en-GB\",\"@id\":\"https:\/\/www.accartbooks.com\/uk\/book\/chartierdalix-built-work-2016-2021\/#primaryimage\",\"url\":\"https:\/\/www.accartbooks.com\/app\/uploads\/books\/9783038602576-04-1.jpg\",\"contentUrl\":\"https:\/\/www.accartbooks.com\/app\/uploads\/books\/9783038602576-04-1.jpg\",\"width\":1055,\"height\":1400},{\"@type\":\"BreadcrumbList\",\"@id\":\"https:\/\/www.accartbooks.com\/uk\/book\/chartierdalix-built-work-2016-2021\/#breadcrumb\",\"itemListElement\":[{\"@type\":\"ListItem\",\"position\":1,\"name\":\"Home\",\"item\":\"https:\/\/www.accartbooks.com\/uk\/\"},{\"@type\":\"ListItem\",\"position\":2,\"name\":\"Books\",\"item\":\"https:\/\/www.accartbooks.com\/uk\/books\/\"},{\"@type\":\"ListItem\",\"position\":3,\"name\":\"ChartierDalix. Built Work, Archives\"}]},{\"@type\":\"WebSite\",\"@id\":\"https:\/\/www.accartbooks.com\/uk\/#website\",\"url\":\"https:\/\/www.accartbooks.com\/uk\/\",\"name\":\"ACC Art Books UK\",\"description\":\"One of the world\u2019s leading publishers and distributors of books on the arts and visual culture\",\"publisher\":{\"@id\":\"https:\/\/www.accartbooks.com\/uk\/#organization\"},\"potentialAction\":[{\"@type\":\"SearchAction\",\"target\":{\"@type\":\"EntryPoint\",\"urlTemplate\":\"https:\/\/www.accartbooks.com\/uk\/?s={search_term_string}\"},\"query-input\":{\"@type\":\"PropertyValueSpecification\",\"valueRequired\":true,\"valueName\":\"search_term_string\"}}],\"inLanguage\":\"en-GB\"},{\"@type\":\"Organization\",\"@id\":\"https:\/\/www.accartbooks.com\/uk\/#organization\",\"name\":\"ACC Art Books UK\",\"url\":\"https:\/\/www.accartbooks.com\/uk\/\",\"logo\":{\"@type\":\"ImageObject\",\"inLanguage\":\"en-GB\",\"@id\":\"https:\/\/www.accartbooks.com\/uk\/#\/schema\/logo\/image\/\",\"url\":\"https:\/\/www.accartbooks.com\/app\/uploads\/2020\/05\/Acc-Logo.png\",\"contentUrl\":\"https:\/\/www.accartbooks.com\/app\/uploads\/2020\/05\/Acc-Logo.png\",\"width\":64,\"height\":100,\"caption\":\"ACC Art Books UK\"},\"image\":{\"@id\":\"https:\/\/www.accartbooks.com\/uk\/#\/schema\/logo\/image\/\"},\"sameAs\":[\"https:\/\/www.facebook.com\/ACCArtBooks\/\",\"https:\/\/x.com\/accartbooks\"]}]}<\/script>\n<!-- \/ Yoast SEO plugin. -->","yoast_head_json":{"title":"ChartierDalix. Built Work, Archives - ACC Art Books UK","description":"Title: ChartierDalix. Built Work, Archives, Pages: 416 Pages, Publish Date: 9th Nov 2023, Author: Edited by Aleja Castellanos, Edited by Beno\u00eet Santiard, Edited by C\u00e9cile Legnaghi, Edited by Fr\u00e9d\u00e9ric Chartier, Edited by Guillaume Grall, Edited by Lo\u00efc Altaber, Edited by Pascale Dalix, Edited by Sophie Deramond, ISBN: 9783038602576. First volume of a multi-part monograph on successful Paris-based design studio ChartierDalix, featuring 11 projects realised 2016&ndash;2021. Text in English and French.","robots":{"index":"index","follow":"follow","max-snippet":"max-snippet:-1","max-image-preview":"max-image-preview:large","max-video-preview":"max-video-preview:-1"},"canonical":"https:\/\/www.accartbooks.com\/uk\/book\/chartierdalix-built-work-2016-2021\/","og_locale":"en_GB","og_type":"article","og_title":"ChartierDalix. Built Work, Archives - ACC Art Books UK","og_description":"Title: ChartierDalix. Built Work, Archives, Pages: 416 Pages, Publish Date: 9th Nov 2023, Author: Edited by Aleja Castellanos, Edited by Beno\u00eet Santiard, Edited by C\u00e9cile Legnaghi, Edited by Fr\u00e9d\u00e9ric Chartier, Edited by Guillaume Grall, Edited by Lo\u00efc Altaber, Edited by Pascale Dalix, Edited by Sophie Deramond, ISBN: 9783038602576. First volume of a multi-part monograph on successful Paris-based design studio ChartierDalix, featuring 11 projects realised 2016&ndash;2021. Text in English and French.","og_url":"https:\/\/www.accartbooks.com\/uk\/book\/chartierdalix-built-work-2016-2021\/","og_site_name":"ACC Art Books UK","article_publisher":"https:\/\/www.facebook.com\/ACCArtBooks\/","article_modified_time":"2026-03-27T16:12:09+00:00","og_image":[{"width":750,"height":1000,"url":"https:\/\/www.accartbooks.com\/app\/uploads\/books\/9783038602576-04-1.jpg","type":"image\/jpeg"}],"twitter_card":"summary_large_image","twitter_site":"@accartbooks","twitter_misc":{"Estimated reading time":"1 minute"},"schema":{"@context":"https:\/\/schema.org","@graph":[{"@type":"WebPage","@id":"https:\/\/www.accartbooks.com\/uk\/book\/chartierdalix-built-work-2016-2021\/","url":"https:\/\/www.accartbooks.com\/uk\/book\/chartierdalix-built-work-2016-2021\/","name":"ChartierDalix. Built Work, Archives - ACC Art Books UK","isPartOf":{"@id":"https:\/\/www.accartbooks.com\/uk\/#website"},"primaryImageOfPage":{"@id":"https:\/\/www.accartbooks.com\/uk\/book\/chartierdalix-built-work-2016-2021\/#primaryimage"},"image":{"@id":"https:\/\/www.accartbooks.com\/uk\/book\/chartierdalix-built-work-2016-2021\/#primaryimage"},"thumbnailUrl":"https:\/\/www.accartbooks.com\/app\/uploads\/books\/9783038602576-04-1.jpg","datePublished":"2021-05-25T09:10:09+00:00","dateModified":"2026-03-27T16:12:09+00:00","description":"Title: ChartierDalix. Built Work, Archives, Pages: 416 Pages, Publish Date: 9th Nov 2023, Author: Edited by Aleja Castellanos, Edited by Beno\u00eet Santiard, Edited by C\u00e9cile Legnaghi, Edited by Fr\u00e9d\u00e9ric Chartier, Edited by Guillaume Grall, Edited by Lo\u00efc Altaber, Edited by Pascale Dalix, Edited by Sophie Deramond, ISBN: 9783038602576. First volume of a multi-part monograph on successful Paris-based design studio ChartierDalix, featuring 11 projects realised 2016&ndash;2021. Text in English and French.","breadcrumb":{"@id":"https:\/\/www.accartbooks.com\/uk\/book\/chartierdalix-built-work-2016-2021\/#breadcrumb"},"inLanguage":"en-GB","potentialAction":[{"@type":"ReadAction","target":["https:\/\/www.accartbooks.com\/uk\/book\/chartierdalix-built-work-2016-2021\/"]}]},{"@type":"ImageObject","inLanguage":"en-GB","@id":"https:\/\/www.accartbooks.com\/uk\/book\/chartierdalix-built-work-2016-2021\/#primaryimage","url":"https:\/\/www.accartbooks.com\/app\/uploads\/books\/9783038602576-04-1.jpg","contentUrl":"https:\/\/www.accartbooks.com\/app\/uploads\/books\/9783038602576-04-1.jpg","width":1055,"height":1400},{"@type":"BreadcrumbList","@id":"https:\/\/www.accartbooks.com\/uk\/book\/chartierdalix-built-work-2016-2021\/#breadcrumb","itemListElement":[{"@type":"ListItem","position":1,"name":"Home","item":"https:\/\/www.accartbooks.com\/uk\/"},{"@type":"ListItem","position":2,"name":"Books","item":"https:\/\/www.accartbooks.com\/uk\/books\/"},{"@type":"ListItem","position":3,"name":"ChartierDalix. Built Work, Archives"}]},{"@type":"WebSite","@id":"https:\/\/www.accartbooks.com\/uk\/#website","url":"https:\/\/www.accartbooks.com\/uk\/","name":"ACC Art Books UK","description":"One of the world\u2019s leading publishers and distributors of books on the arts and visual culture","publisher":{"@id":"https:\/\/www.accartbooks.com\/uk\/#organization"},"potentialAction":[{"@type":"SearchAction","target":{"@type":"EntryPoint","urlTemplate":"https:\/\/www.accartbooks.com\/uk\/?s={search_term_string}"},"query-input":{"@type":"PropertyValueSpecification","valueRequired":true,"valueName":"search_term_string"}}],"inLanguage":"en-GB"},{"@type":"Organization","@id":"https:\/\/www.accartbooks.com\/uk\/#organization","name":"ACC Art Books UK","url":"https:\/\/www.accartbooks.com\/uk\/","logo":{"@type":"ImageObject","inLanguage":"en-GB","@id":"https:\/\/www.accartbooks.com\/uk\/#\/schema\/logo\/image\/","url":"https:\/\/www.accartbooks.com\/app\/uploads\/2020\/05\/Acc-Logo.png","contentUrl":"https:\/\/www.accartbooks.com\/app\/uploads\/2020\/05\/Acc-Logo.png","width":64,"height":100,"caption":"ACC Art Books UK"},"image":{"@id":"https:\/\/www.accartbooks.com\/uk\/#\/schema\/logo\/image\/"},"sameAs":["https:\/\/www.facebook.com\/ACCArtBooks\/","https:\/\/x.com\/accartbooks"]}]}},"_links":{"self":[{"href":"https:\/\/www.accartbooks.com\/uk\/wp-json\/wp\/v2\/product\/26472","targetHints":{"allow":["GET"]}}],"collection":[{"href":"https:\/\/www.accartbooks.com\/uk\/wp-json\/wp\/v2\/product"}],"about":[{"href":"https:\/\/www.accartbooks.com\/uk\/wp-json\/wp\/v2\/types\/product"}],"wp:featuredmedia":[{"embeddable":true,"href":"https:\/\/www.accartbooks.com\/uk\/wp-json\/wp\/v2\/media\/26473"}],"wp:attachment":[{"href":"https:\/\/www.accartbooks.com\/uk\/wp-json\/wp\/v2\/media?parent=26472"}],"wp:term":[{"taxonomy":"product_brand","embeddable":true,"href":"https:\/\/www.accartbooks.com\/uk\/wp-json\/wp\/v2\/product_brand?post=26472"},{"taxonomy":"product_cat","embeddable":true,"href":"https:\/\/www.accartbooks.com\/uk\/wp-json\/wp\/v2\/product_cat?post=26472"},{"taxonomy":"product_tag","embeddable":true,"href":"https:\/\/www.accartbooks.com\/uk\/wp-json\/wp\/v2\/product_tag?post=26472"}],"curies":[{"name":"wp","href":"https:\/\/api.w.org\/{rel}","templated":true}]}}