{"id":26521,"date":"2021-05-25T15:10:13","date_gmt":"2021-05-25T15:10:13","guid":{"rendered":"https:\/\/www.accartbooks.com\/uk\/book\/david-chipperfield-architects-berlin-et-le-kunsthaus-zurich\/"},"modified":"2026-03-30T11:10:31","modified_gmt":"2026-03-30T11:10:31","slug":"david-chipperfield-architects-berlin-et-le-kunsthaus-zurich","status":"publish","type":"product","link":"https:\/\/www.accartbooks.com\/uk\/book\/david-chipperfield-architects-berlin-et-le-kunsthaus-zurich\/","title":{"rendered":"David Chipperfield Architects Berlin et le Kunsthaus Z\u00fcrich"},"content":{"rendered":"<p>David Chipperfield&rsquo;s new building for the Kunsthaus Z&uuml;rich now stands in all its splendour on Zurich&rsquo;s Heimplatz, opposite the old museum building of 1910 designed by Karl Moser. Its opening to the public in October 2021 will make the Kunsthaus Z&uuml;rich Switzerland&rsquo;s largest art museum.<\/p>\n<p>Following the two previous volumes on Kunsthaus Z&uuml;rich&rsquo;s architectural history and the design for turning it into an art museum for the twenty-first century, this book documents the genesis of David Chipperfield&rsquo;s extension from proposal through political debates about the entire project to completed structure. It features a foreword by David Chipperfield and an essay by Christoph Felger, executive architect for the project at David Chipperfield Architects Berlin, that discusses the design concept, the promise made with it, and its fulfilment. A conversation between Christoph Felger, the director of the City of Zurich&rsquo;s Building Surveyor&#8217;s Office Wiebke R&ouml;sler, and Kunsthaus Z&uuml;rich&rsquo;s director Christoph Becker, and architecture critic Sabine von Fischer, as well as numerous illustrations and plans sound out this new volume.<\/p>\n<p>Text in French.<\/p>\n","protected":false},"excerpt":{"rendered":"<p>This book documents the genesis and the architecture of David Chipperfield&rsquo;s extension of the Kunsthaus Z&uuml;rich from proposal through political debates about the entire project to completed structure. Text in French.<\/p>\n","protected":false},"featured_media":26522,"template":"","meta":{"_acf_changed":false,"_relevanssi_hide_post":"","_relevanssi_hide_content":"","_relevanssi_pin_for_all":"","_relevanssi_pin_keywords":"","_relevanssi_unpin_keywords":"","_relevanssi_related_keywords":"","_relevanssi_related_include_ids":"","_relevanssi_related_exclude_ids":"","_relevanssi_related_no_append":"","_relevanssi_related_not_related":"","_relevanssi_related_posts":"","_relevanssi_noindex_reason":""},"product_brand":[],"product_cat":[5559],"product_tag":[],"class_list":{"0":"post-26521","1":"product","2":"type-product","3":"status-publish","4":"has-post-thumbnail","6":"product_cat-architecture-landscape-design","7":"author-edited-by-kunsthaus-zurich","8":"publisher-scheidegger-und-spiess-ag-verlag","10":"first","11":"instock","12":"shipping-taxable","13":"purchasable","14":"product-type-simple"},"acf":[],"yoast_head":"<!-- This site is optimized with the Yoast SEO plugin v27.0 - https:\/\/yoast.com\/product\/yoast-seo-wordpress\/ -->\n<title>David Chipperfield Architects Berlin et le Kunsthaus Z\u00fcrich - ACC Art Books UK<\/title>\n<meta name=\"description\" content=\"Title: David Chipperfield Architects Berlin et le Kunsthaus Z\u00fcrich, Pages: 72 Pages, Publish Date: 14th Oct 2021, Author: Edited by Kunsthaus Z\u00fcrich, ISBN: 9783039420285. This book documents the genesis and the architecture of David Chipperfield&rsquo;s extension of the Kunsthaus Z&uuml;rich from proposal through political debates about the entire project to completed structure. Text in French.\" \/>\n<meta name=\"robots\" content=\"index, follow, max-snippet:-1, max-image-preview:large, max-video-preview:-1\" \/>\n<link rel=\"canonical\" href=\"https:\/\/www.accartbooks.com\/uk\/book\/david-chipperfield-architects-berlin-et-le-kunsthaus-zurich\/\" \/>\n<meta property=\"og:locale\" content=\"en_GB\" \/>\n<meta property=\"og:type\" content=\"article\" \/>\n<meta property=\"og:title\" content=\"David Chipperfield Architects Berlin et le Kunsthaus Z\u00fcrich - ACC Art Books UK\" \/>\n<meta property=\"og:description\" content=\"Title: David Chipperfield Architects Berlin et le Kunsthaus Z\u00fcrich, Pages: 72 Pages, Publish Date: 14th Oct 2021, Author: Edited by Kunsthaus Z\u00fcrich, ISBN: 9783039420285. This book documents the genesis and the architecture of David Chipperfield&rsquo;s extension of the Kunsthaus Z&uuml;rich from proposal through political debates about the entire project to completed structure. Text in French.\" \/>\n<meta property=\"og:url\" content=\"https:\/\/www.accartbooks.com\/uk\/book\/david-chipperfield-architects-berlin-et-le-kunsthaus-zurich\/\" \/>\n<meta property=\"og:site_name\" content=\"ACC Art Books UK\" \/>\n<meta property=\"article:publisher\" content=\"https:\/\/www.facebook.com\/ACCArtBooks\/\" \/>\n<meta property=\"article:modified_time\" content=\"2026-03-30T11:10:31+00:00\" \/>\n<meta property=\"og:image\" content=\"https:\/\/www.accartbooks.com\/app\/uploads\/books\/9783039420285-04-1.jpg\" \/>\n\t<meta property=\"og:image:width\" content=\"834\" \/>\n\t<meta property=\"og:image:height\" content=\"1000\" \/>\n\t<meta property=\"og:image:type\" content=\"image\/jpeg\" \/>\n<meta name=\"twitter:card\" content=\"summary_large_image\" \/>\n<meta name=\"twitter:site\" content=\"@accartbooks\" \/>\n<meta name=\"twitter:label1\" content=\"Estimated reading time\" \/>\n\t<meta name=\"twitter:data1\" content=\"1 minute\" \/>\n<script type=\"application\/ld+json\" class=\"yoast-schema-graph\">{\"@context\":\"https:\/\/schema.org\",\"@graph\":[{\"@type\":\"WebPage\",\"@id\":\"https:\/\/www.accartbooks.com\/uk\/book\/david-chipperfield-architects-berlin-et-le-kunsthaus-zurich\/\",\"url\":\"https:\/\/www.accartbooks.com\/uk\/book\/david-chipperfield-architects-berlin-et-le-kunsthaus-zurich\/\",\"name\":\"David Chipperfield Architects Berlin et le Kunsthaus Z\u00fcrich - ACC Art Books UK\",\"isPartOf\":{\"@id\":\"https:\/\/www.accartbooks.com\/uk\/#website\"},\"primaryImageOfPage\":{\"@id\":\"https:\/\/www.accartbooks.com\/uk\/book\/david-chipperfield-architects-berlin-et-le-kunsthaus-zurich\/#primaryimage\"},\"image\":{\"@id\":\"https:\/\/www.accartbooks.com\/uk\/book\/david-chipperfield-architects-berlin-et-le-kunsthaus-zurich\/#primaryimage\"},\"thumbnailUrl\":\"https:\/\/www.accartbooks.com\/app\/uploads\/books\/9783039420285-04-1.jpg\",\"datePublished\":\"2021-05-25T15:10:13+00:00\",\"dateModified\":\"2026-03-30T11:10:31+00:00\",\"description\":\"Title: David Chipperfield Architects Berlin et le Kunsthaus Z\u00fcrich, Pages: 72 Pages, Publish Date: 14th Oct 2021, Author: Edited by Kunsthaus Z\u00fcrich, ISBN: 9783039420285. This book documents the genesis and the architecture of David Chipperfield&rsquo;s extension of the Kunsthaus Z&uuml;rich from proposal through political debates about the entire project to completed structure. Text in French.\",\"breadcrumb\":{\"@id\":\"https:\/\/www.accartbooks.com\/uk\/book\/david-chipperfield-architects-berlin-et-le-kunsthaus-zurich\/#breadcrumb\"},\"inLanguage\":\"en-GB\",\"potentialAction\":[{\"@type\":\"ReadAction\",\"target\":[\"https:\/\/www.accartbooks.com\/uk\/book\/david-chipperfield-architects-berlin-et-le-kunsthaus-zurich\/\"]}]},{\"@type\":\"ImageObject\",\"inLanguage\":\"en-GB\",\"@id\":\"https:\/\/www.accartbooks.com\/uk\/book\/david-chipperfield-architects-berlin-et-le-kunsthaus-zurich\/#primaryimage\",\"url\":\"https:\/\/www.accartbooks.com\/app\/uploads\/books\/9783039420285-04-1.jpg\",\"contentUrl\":\"https:\/\/www.accartbooks.com\/app\/uploads\/books\/9783039420285-04-1.jpg\",\"width\":834,\"height\":1000},{\"@type\":\"BreadcrumbList\",\"@id\":\"https:\/\/www.accartbooks.com\/uk\/book\/david-chipperfield-architects-berlin-et-le-kunsthaus-zurich\/#breadcrumb\",\"itemListElement\":[{\"@type\":\"ListItem\",\"position\":1,\"name\":\"Home\",\"item\":\"https:\/\/www.accartbooks.com\/uk\/\"},{\"@type\":\"ListItem\",\"position\":2,\"name\":\"Books\",\"item\":\"https:\/\/www.accartbooks.com\/uk\/books\/\"},{\"@type\":\"ListItem\",\"position\":3,\"name\":\"David Chipperfield Architects Berlin et le Kunsthaus Z\u00fcrich\"}]},{\"@type\":\"WebSite\",\"@id\":\"https:\/\/www.accartbooks.com\/uk\/#website\",\"url\":\"https:\/\/www.accartbooks.com\/uk\/\",\"name\":\"ACC Art Books UK\",\"description\":\"One of the world\u2019s leading publishers and distributors of books on the arts and visual culture\",\"publisher\":{\"@id\":\"https:\/\/www.accartbooks.com\/uk\/#organization\"},\"potentialAction\":[{\"@type\":\"SearchAction\",\"target\":{\"@type\":\"EntryPoint\",\"urlTemplate\":\"https:\/\/www.accartbooks.com\/uk\/?s={search_term_string}\"},\"query-input\":{\"@type\":\"PropertyValueSpecification\",\"valueRequired\":true,\"valueName\":\"search_term_string\"}}],\"inLanguage\":\"en-GB\"},{\"@type\":\"Organization\",\"@id\":\"https:\/\/www.accartbooks.com\/uk\/#organization\",\"name\":\"ACC Art Books UK\",\"url\":\"https:\/\/www.accartbooks.com\/uk\/\",\"logo\":{\"@type\":\"ImageObject\",\"inLanguage\":\"en-GB\",\"@id\":\"https:\/\/www.accartbooks.com\/uk\/#\/schema\/logo\/image\/\",\"url\":\"https:\/\/www.accartbooks.com\/app\/uploads\/2020\/05\/Acc-Logo.png\",\"contentUrl\":\"https:\/\/www.accartbooks.com\/app\/uploads\/2020\/05\/Acc-Logo.png\",\"width\":64,\"height\":100,\"caption\":\"ACC Art Books UK\"},\"image\":{\"@id\":\"https:\/\/www.accartbooks.com\/uk\/#\/schema\/logo\/image\/\"},\"sameAs\":[\"https:\/\/www.facebook.com\/ACCArtBooks\/\",\"https:\/\/x.com\/accartbooks\"]}]}<\/script>\n<!-- \/ Yoast SEO plugin. -->","yoast_head_json":{"title":"David Chipperfield Architects Berlin et le Kunsthaus Z\u00fcrich - ACC Art Books UK","description":"Title: David Chipperfield Architects Berlin et le Kunsthaus Z\u00fcrich, Pages: 72 Pages, Publish Date: 14th Oct 2021, Author: Edited by Kunsthaus Z\u00fcrich, ISBN: 9783039420285. This book documents the genesis and the architecture of David Chipperfield&rsquo;s extension of the Kunsthaus Z&uuml;rich from proposal through political debates about the entire project to completed structure. Text in French.","robots":{"index":"index","follow":"follow","max-snippet":"max-snippet:-1","max-image-preview":"max-image-preview:large","max-video-preview":"max-video-preview:-1"},"canonical":"https:\/\/www.accartbooks.com\/uk\/book\/david-chipperfield-architects-berlin-et-le-kunsthaus-zurich\/","og_locale":"en_GB","og_type":"article","og_title":"David Chipperfield Architects Berlin et le Kunsthaus Z\u00fcrich - ACC Art Books UK","og_description":"Title: David Chipperfield Architects Berlin et le Kunsthaus Z\u00fcrich, Pages: 72 Pages, Publish Date: 14th Oct 2021, Author: Edited by Kunsthaus Z\u00fcrich, ISBN: 9783039420285. This book documents the genesis and the architecture of David Chipperfield&rsquo;s extension of the Kunsthaus Z&uuml;rich from proposal through political debates about the entire project to completed structure. Text in French.","og_url":"https:\/\/www.accartbooks.com\/uk\/book\/david-chipperfield-architects-berlin-et-le-kunsthaus-zurich\/","og_site_name":"ACC Art Books UK","article_publisher":"https:\/\/www.facebook.com\/ACCArtBooks\/","article_modified_time":"2026-03-30T11:10:31+00:00","og_image":[{"width":834,"height":1000,"url":"https:\/\/www.accartbooks.com\/app\/uploads\/books\/9783039420285-04-1.jpg","type":"image\/jpeg"}],"twitter_card":"summary_large_image","twitter_site":"@accartbooks","twitter_misc":{"Estimated reading time":"1 minute"},"schema":{"@context":"https:\/\/schema.org","@graph":[{"@type":"WebPage","@id":"https:\/\/www.accartbooks.com\/uk\/book\/david-chipperfield-architects-berlin-et-le-kunsthaus-zurich\/","url":"https:\/\/www.accartbooks.com\/uk\/book\/david-chipperfield-architects-berlin-et-le-kunsthaus-zurich\/","name":"David Chipperfield Architects Berlin et le Kunsthaus Z\u00fcrich - ACC Art Books UK","isPartOf":{"@id":"https:\/\/www.accartbooks.com\/uk\/#website"},"primaryImageOfPage":{"@id":"https:\/\/www.accartbooks.com\/uk\/book\/david-chipperfield-architects-berlin-et-le-kunsthaus-zurich\/#primaryimage"},"image":{"@id":"https:\/\/www.accartbooks.com\/uk\/book\/david-chipperfield-architects-berlin-et-le-kunsthaus-zurich\/#primaryimage"},"thumbnailUrl":"https:\/\/www.accartbooks.com\/app\/uploads\/books\/9783039420285-04-1.jpg","datePublished":"2021-05-25T15:10:13+00:00","dateModified":"2026-03-30T11:10:31+00:00","description":"Title: David Chipperfield Architects Berlin et le Kunsthaus Z\u00fcrich, Pages: 72 Pages, Publish Date: 14th Oct 2021, Author: Edited by Kunsthaus Z\u00fcrich, ISBN: 9783039420285. This book documents the genesis and the architecture of David Chipperfield&rsquo;s extension of the Kunsthaus Z&uuml;rich from proposal through political debates about the entire project to completed structure. Text in French.","breadcrumb":{"@id":"https:\/\/www.accartbooks.com\/uk\/book\/david-chipperfield-architects-berlin-et-le-kunsthaus-zurich\/#breadcrumb"},"inLanguage":"en-GB","potentialAction":[{"@type":"ReadAction","target":["https:\/\/www.accartbooks.com\/uk\/book\/david-chipperfield-architects-berlin-et-le-kunsthaus-zurich\/"]}]},{"@type":"ImageObject","inLanguage":"en-GB","@id":"https:\/\/www.accartbooks.com\/uk\/book\/david-chipperfield-architects-berlin-et-le-kunsthaus-zurich\/#primaryimage","url":"https:\/\/www.accartbooks.com\/app\/uploads\/books\/9783039420285-04-1.jpg","contentUrl":"https:\/\/www.accartbooks.com\/app\/uploads\/books\/9783039420285-04-1.jpg","width":834,"height":1000},{"@type":"BreadcrumbList","@id":"https:\/\/www.accartbooks.com\/uk\/book\/david-chipperfield-architects-berlin-et-le-kunsthaus-zurich\/#breadcrumb","itemListElement":[{"@type":"ListItem","position":1,"name":"Home","item":"https:\/\/www.accartbooks.com\/uk\/"},{"@type":"ListItem","position":2,"name":"Books","item":"https:\/\/www.accartbooks.com\/uk\/books\/"},{"@type":"ListItem","position":3,"name":"David Chipperfield Architects Berlin et le Kunsthaus Z\u00fcrich"}]},{"@type":"WebSite","@id":"https:\/\/www.accartbooks.com\/uk\/#website","url":"https:\/\/www.accartbooks.com\/uk\/","name":"ACC Art Books UK","description":"One of the world\u2019s leading publishers and distributors of books on the arts and visual culture","publisher":{"@id":"https:\/\/www.accartbooks.com\/uk\/#organization"},"potentialAction":[{"@type":"SearchAction","target":{"@type":"EntryPoint","urlTemplate":"https:\/\/www.accartbooks.com\/uk\/?s={search_term_string}"},"query-input":{"@type":"PropertyValueSpecification","valueRequired":true,"valueName":"search_term_string"}}],"inLanguage":"en-GB"},{"@type":"Organization","@id":"https:\/\/www.accartbooks.com\/uk\/#organization","name":"ACC Art Books UK","url":"https:\/\/www.accartbooks.com\/uk\/","logo":{"@type":"ImageObject","inLanguage":"en-GB","@id":"https:\/\/www.accartbooks.com\/uk\/#\/schema\/logo\/image\/","url":"https:\/\/www.accartbooks.com\/app\/uploads\/2020\/05\/Acc-Logo.png","contentUrl":"https:\/\/www.accartbooks.com\/app\/uploads\/2020\/05\/Acc-Logo.png","width":64,"height":100,"caption":"ACC Art Books UK"},"image":{"@id":"https:\/\/www.accartbooks.com\/uk\/#\/schema\/logo\/image\/"},"sameAs":["https:\/\/www.facebook.com\/ACCArtBooks\/","https:\/\/x.com\/accartbooks"]}]}},"_links":{"self":[{"href":"https:\/\/www.accartbooks.com\/uk\/wp-json\/wp\/v2\/product\/26521","targetHints":{"allow":["GET"]}}],"collection":[{"href":"https:\/\/www.accartbooks.com\/uk\/wp-json\/wp\/v2\/product"}],"about":[{"href":"https:\/\/www.accartbooks.com\/uk\/wp-json\/wp\/v2\/types\/product"}],"wp:featuredmedia":[{"embeddable":true,"href":"https:\/\/www.accartbooks.com\/uk\/wp-json\/wp\/v2\/media\/26522"}],"wp:attachment":[{"href":"https:\/\/www.accartbooks.com\/uk\/wp-json\/wp\/v2\/media?parent=26521"}],"wp:term":[{"taxonomy":"product_brand","embeddable":true,"href":"https:\/\/www.accartbooks.com\/uk\/wp-json\/wp\/v2\/product_brand?post=26521"},{"taxonomy":"product_cat","embeddable":true,"href":"https:\/\/www.accartbooks.com\/uk\/wp-json\/wp\/v2\/product_cat?post=26521"},{"taxonomy":"product_tag","embeddable":true,"href":"https:\/\/www.accartbooks.com\/uk\/wp-json\/wp\/v2\/product_tag?post=26521"}],"curies":[{"name":"wp","href":"https:\/\/api.w.org\/{rel}","templated":true}]}}