{"id":31744,"date":"2021-10-04T13:10:35","date_gmt":"2021-10-04T13:10:35","guid":{"rendered":"https:\/\/www.accartbooks.com\/uk\/book\/henri-quille\/"},"modified":"2025-08-12T11:40:01","modified_gmt":"2025-08-12T11:40:01","slug":"henri-quille","status":"publish","type":"product","link":"https:\/\/www.accartbooks.com\/uk\/book\/henri-quille\/","title":{"rendered":"Henri Quill\u00e9"},"content":{"rendered":"<p>Graduated from Ecole Boulle and ENSAD, Henri Quill&eacute; (1928-2020), settled on the island of Formentera (Balearic Islands) in 1972. There, he built for a mainly international clientele 30 houses of great consistency and is part of both principles derived from vernacular know-how and in those of the great masters of modernity. He says to &#8220;pursue&#8221; the local architecture, in particular by making extensive use of the Catalan vault, reducing openings to protect against the heat, covering the exterior walls with a lime plaster and sand. A pioneer of ecological housing, he will build a dozen self-sufficient houses.<\/p>\n<p>With the architects Felix Julbe and Raimon Torres, he collaborated on the regulatory plan and planning work on the island of Formentera from 1973 to 1976.&nbsp;<\/p>\n<p>Combining plans, period photographs and contemporary shots, this book allows this architect and his houses to be given their rightful place in the history of 20th century architecture.<\/p>\n<p>Text in French and Spanish.<\/p>\n","protected":false},"excerpt":{"rendered":"<p>Henri Quill&eacute; (1928-2020), pioneer of ecological housing, is an architect who has built in Formentera (Balearic Islands) 30 houses of great consistency. Combining plans, period photographs and contemporary shots, this book gives Quill&eacute; its rightful place in the history of 20th century architecture. Text in French and Spanish.<\/p>\n","protected":false},"featured_media":63264,"template":"","meta":{"_acf_changed":false,"_relevanssi_hide_post":"","_relevanssi_hide_content":"","_relevanssi_pin_for_all":"","_relevanssi_pin_keywords":"","_relevanssi_unpin_keywords":"","_relevanssi_related_keywords":"","_relevanssi_related_include_ids":"","_relevanssi_related_exclude_ids":"","_relevanssi_related_no_append":"","_relevanssi_related_not_related":"","_relevanssi_related_posts":"","_relevanssi_noindex_reason":""},"product_brand":[],"product_cat":[5559],"product_tag":[],"class_list":{"0":"post-31744","1":"product","2":"type-product","3":"status-publish","4":"has-post-thumbnail","6":"product_cat-architecture-landscape-design","7":"author-by-author-guy-bloch-champfort","8":"author-by-author-sophie-cambrillat","9":"author-by-author-tanit-quille","10":"publisher-editions-norma","12":"first","13":"instock","14":"shipping-taxable","15":"purchasable","16":"product-type-simple"},"acf":[],"yoast_head":"<!-- This site is optimized with the Yoast SEO plugin v27.0 - https:\/\/yoast.com\/product\/yoast-seo-wordpress\/ -->\n<title>Henri Quill\u00e9 - ACC Art Books UK<\/title>\n<meta name=\"description\" content=\"Title: Henri Quill\u00e9, Pages: 224 Pages, Publish Date: 7th Jul 2025, Author: Guy Bloch-Champfort, Sophie Cambrillat, Tanit Quill\u00e9, ISBN: 9782376660507. Henri Quill&eacute; (1928-2020), pioneer of ecological housing, is an architect who has built in Formentera (Balearic Islands) 30 houses of great consistency. Combining plans, period photographs and contemporary shots, this book gives Quill&eacute; its rightful place in the history of 20th century architecture. Text in French and Spanish.\" \/>\n<meta name=\"robots\" content=\"index, follow, max-snippet:-1, max-image-preview:large, max-video-preview:-1\" \/>\n<link rel=\"canonical\" href=\"https:\/\/www.accartbooks.com\/uk\/book\/henri-quille\/\" \/>\n<meta property=\"og:locale\" content=\"en_GB\" \/>\n<meta property=\"og:type\" content=\"article\" \/>\n<meta property=\"og:title\" content=\"Henri Quill\u00e9 - ACC Art Books UK\" \/>\n<meta property=\"og:description\" content=\"Title: Henri Quill\u00e9, Pages: 224 Pages, Publish Date: 7th Jul 2025, Author: Guy Bloch-Champfort, Sophie Cambrillat, Tanit Quill\u00e9, ISBN: 9782376660507. Henri Quill&eacute; (1928-2020), pioneer of ecological housing, is an architect who has built in Formentera (Balearic Islands) 30 houses of great consistency. Combining plans, period photographs and contemporary shots, this book gives Quill&eacute; its rightful place in the history of 20th century architecture. Text in French and Spanish.\" \/>\n<meta property=\"og:url\" content=\"https:\/\/www.accartbooks.com\/uk\/book\/henri-quille\/\" \/>\n<meta property=\"og:site_name\" content=\"ACC Art Books UK\" \/>\n<meta property=\"article:publisher\" content=\"https:\/\/www.facebook.com\/ACCArtBooks\/\" \/>\n<meta property=\"article:modified_time\" content=\"2025-08-12T11:40:01+00:00\" \/>\n<meta name=\"twitter:card\" content=\"summary_large_image\" \/>\n<meta name=\"twitter:site\" content=\"@accartbooks\" \/>\n<meta name=\"twitter:label1\" content=\"Estimated reading time\" \/>\n\t<meta name=\"twitter:data1\" content=\"1 minute\" \/>\n<script type=\"application\/ld+json\" class=\"yoast-schema-graph\">{\"@context\":\"https:\/\/schema.org\",\"@graph\":[{\"@type\":\"WebPage\",\"@id\":\"https:\/\/www.accartbooks.com\/uk\/book\/henri-quille\/\",\"url\":\"https:\/\/www.accartbooks.com\/uk\/book\/henri-quille\/\",\"name\":\"Henri Quill\u00e9 - ACC Art Books UK\",\"isPartOf\":{\"@id\":\"https:\/\/www.accartbooks.com\/uk\/#website\"},\"primaryImageOfPage\":{\"@id\":\"https:\/\/www.accartbooks.com\/uk\/book\/henri-quille\/#primaryimage\"},\"image\":{\"@id\":\"https:\/\/www.accartbooks.com\/uk\/book\/henri-quille\/#primaryimage\"},\"thumbnailUrl\":\"https:\/\/www.accartbooks.com\/app\/uploads\/books\/9782376660507-04-2.jpg\",\"datePublished\":\"2021-10-04T13:10:35+00:00\",\"dateModified\":\"2025-08-12T11:40:01+00:00\",\"description\":\"Title: Henri Quill\u00e9, Pages: 224 Pages, Publish Date: 7th Jul 2025, Author: Guy Bloch-Champfort, Sophie Cambrillat, Tanit Quill\u00e9, ISBN: 9782376660507. Henri Quill&eacute; (1928-2020), pioneer of ecological housing, is an architect who has built in Formentera (Balearic Islands) 30 houses of great consistency. Combining plans, period photographs and contemporary shots, this book gives Quill&eacute; its rightful place in the history of 20th century architecture. Text in French and Spanish.\",\"breadcrumb\":{\"@id\":\"https:\/\/www.accartbooks.com\/uk\/book\/henri-quille\/#breadcrumb\"},\"inLanguage\":\"en-GB\",\"potentialAction\":[{\"@type\":\"ReadAction\",\"target\":[\"https:\/\/www.accartbooks.com\/uk\/book\/henri-quille\/\"]}]},{\"@type\":\"ImageObject\",\"inLanguage\":\"en-GB\",\"@id\":\"https:\/\/www.accartbooks.com\/uk\/book\/henri-quille\/#primaryimage\",\"url\":\"https:\/\/www.accartbooks.com\/app\/uploads\/books\/9782376660507-04-2.jpg\",\"contentUrl\":\"https:\/\/www.accartbooks.com\/app\/uploads\/books\/9782376660507-04-2.jpg\",\"width\":1400,\"height\":2020},{\"@type\":\"BreadcrumbList\",\"@id\":\"https:\/\/www.accartbooks.com\/uk\/book\/henri-quille\/#breadcrumb\",\"itemListElement\":[{\"@type\":\"ListItem\",\"position\":1,\"name\":\"Home\",\"item\":\"https:\/\/www.accartbooks.com\/uk\/\"},{\"@type\":\"ListItem\",\"position\":2,\"name\":\"Books\",\"item\":\"https:\/\/www.accartbooks.com\/uk\/books\/\"},{\"@type\":\"ListItem\",\"position\":3,\"name\":\"Henri Quill\u00e9\"}]},{\"@type\":\"WebSite\",\"@id\":\"https:\/\/www.accartbooks.com\/uk\/#website\",\"url\":\"https:\/\/www.accartbooks.com\/uk\/\",\"name\":\"ACC Art Books UK\",\"description\":\"One of the world\u2019s leading publishers and distributors of books on the arts and visual culture\",\"publisher\":{\"@id\":\"https:\/\/www.accartbooks.com\/uk\/#organization\"},\"potentialAction\":[{\"@type\":\"SearchAction\",\"target\":{\"@type\":\"EntryPoint\",\"urlTemplate\":\"https:\/\/www.accartbooks.com\/uk\/?s={search_term_string}\"},\"query-input\":{\"@type\":\"PropertyValueSpecification\",\"valueRequired\":true,\"valueName\":\"search_term_string\"}}],\"inLanguage\":\"en-GB\"},{\"@type\":\"Organization\",\"@id\":\"https:\/\/www.accartbooks.com\/uk\/#organization\",\"name\":\"ACC Art Books UK\",\"url\":\"https:\/\/www.accartbooks.com\/uk\/\",\"logo\":{\"@type\":\"ImageObject\",\"inLanguage\":\"en-GB\",\"@id\":\"https:\/\/www.accartbooks.com\/uk\/#\/schema\/logo\/image\/\",\"url\":\"https:\/\/www.accartbooks.com\/app\/uploads\/2020\/05\/Acc-Logo.png\",\"contentUrl\":\"https:\/\/www.accartbooks.com\/app\/uploads\/2020\/05\/Acc-Logo.png\",\"width\":64,\"height\":100,\"caption\":\"ACC Art Books UK\"},\"image\":{\"@id\":\"https:\/\/www.accartbooks.com\/uk\/#\/schema\/logo\/image\/\"},\"sameAs\":[\"https:\/\/www.facebook.com\/ACCArtBooks\/\",\"https:\/\/x.com\/accartbooks\"]}]}<\/script>\n<!-- \/ Yoast SEO plugin. -->","yoast_head_json":{"title":"Henri Quill\u00e9 - ACC Art Books UK","description":"Title: Henri Quill\u00e9, Pages: 224 Pages, Publish Date: 7th Jul 2025, Author: Guy Bloch-Champfort, Sophie Cambrillat, Tanit Quill\u00e9, ISBN: 9782376660507. Henri Quill&eacute; (1928-2020), pioneer of ecological housing, is an architect who has built in Formentera (Balearic Islands) 30 houses of great consistency. Combining plans, period photographs and contemporary shots, this book gives Quill&eacute; its rightful place in the history of 20th century architecture. Text in French and Spanish.","robots":{"index":"index","follow":"follow","max-snippet":"max-snippet:-1","max-image-preview":"max-image-preview:large","max-video-preview":"max-video-preview:-1"},"canonical":"https:\/\/www.accartbooks.com\/uk\/book\/henri-quille\/","og_locale":"en_GB","og_type":"article","og_title":"Henri Quill\u00e9 - ACC Art Books UK","og_description":"Title: Henri Quill\u00e9, Pages: 224 Pages, Publish Date: 7th Jul 2025, Author: Guy Bloch-Champfort, Sophie Cambrillat, Tanit Quill\u00e9, ISBN: 9782376660507. Henri Quill&eacute; (1928-2020), pioneer of ecological housing, is an architect who has built in Formentera (Balearic Islands) 30 houses of great consistency. Combining plans, period photographs and contemporary shots, this book gives Quill&eacute; its rightful place in the history of 20th century architecture. Text in French and Spanish.","og_url":"https:\/\/www.accartbooks.com\/uk\/book\/henri-quille\/","og_site_name":"ACC Art Books UK","article_publisher":"https:\/\/www.facebook.com\/ACCArtBooks\/","article_modified_time":"2025-08-12T11:40:01+00:00","twitter_card":"summary_large_image","twitter_site":"@accartbooks","twitter_misc":{"Estimated reading time":"1 minute"},"schema":{"@context":"https:\/\/schema.org","@graph":[{"@type":"WebPage","@id":"https:\/\/www.accartbooks.com\/uk\/book\/henri-quille\/","url":"https:\/\/www.accartbooks.com\/uk\/book\/henri-quille\/","name":"Henri Quill\u00e9 - ACC Art Books UK","isPartOf":{"@id":"https:\/\/www.accartbooks.com\/uk\/#website"},"primaryImageOfPage":{"@id":"https:\/\/www.accartbooks.com\/uk\/book\/henri-quille\/#primaryimage"},"image":{"@id":"https:\/\/www.accartbooks.com\/uk\/book\/henri-quille\/#primaryimage"},"thumbnailUrl":"https:\/\/www.accartbooks.com\/app\/uploads\/books\/9782376660507-04-2.jpg","datePublished":"2021-10-04T13:10:35+00:00","dateModified":"2025-08-12T11:40:01+00:00","description":"Title: Henri Quill\u00e9, Pages: 224 Pages, Publish Date: 7th Jul 2025, Author: Guy Bloch-Champfort, Sophie Cambrillat, Tanit Quill\u00e9, ISBN: 9782376660507. Henri Quill&eacute; (1928-2020), pioneer of ecological housing, is an architect who has built in Formentera (Balearic Islands) 30 houses of great consistency. Combining plans, period photographs and contemporary shots, this book gives Quill&eacute; its rightful place in the history of 20th century architecture. Text in French and Spanish.","breadcrumb":{"@id":"https:\/\/www.accartbooks.com\/uk\/book\/henri-quille\/#breadcrumb"},"inLanguage":"en-GB","potentialAction":[{"@type":"ReadAction","target":["https:\/\/www.accartbooks.com\/uk\/book\/henri-quille\/"]}]},{"@type":"ImageObject","inLanguage":"en-GB","@id":"https:\/\/www.accartbooks.com\/uk\/book\/henri-quille\/#primaryimage","url":"https:\/\/www.accartbooks.com\/app\/uploads\/books\/9782376660507-04-2.jpg","contentUrl":"https:\/\/www.accartbooks.com\/app\/uploads\/books\/9782376660507-04-2.jpg","width":1400,"height":2020},{"@type":"BreadcrumbList","@id":"https:\/\/www.accartbooks.com\/uk\/book\/henri-quille\/#breadcrumb","itemListElement":[{"@type":"ListItem","position":1,"name":"Home","item":"https:\/\/www.accartbooks.com\/uk\/"},{"@type":"ListItem","position":2,"name":"Books","item":"https:\/\/www.accartbooks.com\/uk\/books\/"},{"@type":"ListItem","position":3,"name":"Henri Quill\u00e9"}]},{"@type":"WebSite","@id":"https:\/\/www.accartbooks.com\/uk\/#website","url":"https:\/\/www.accartbooks.com\/uk\/","name":"ACC Art Books UK","description":"One of the world\u2019s leading publishers and distributors of books on the arts and visual culture","publisher":{"@id":"https:\/\/www.accartbooks.com\/uk\/#organization"},"potentialAction":[{"@type":"SearchAction","target":{"@type":"EntryPoint","urlTemplate":"https:\/\/www.accartbooks.com\/uk\/?s={search_term_string}"},"query-input":{"@type":"PropertyValueSpecification","valueRequired":true,"valueName":"search_term_string"}}],"inLanguage":"en-GB"},{"@type":"Organization","@id":"https:\/\/www.accartbooks.com\/uk\/#organization","name":"ACC Art Books UK","url":"https:\/\/www.accartbooks.com\/uk\/","logo":{"@type":"ImageObject","inLanguage":"en-GB","@id":"https:\/\/www.accartbooks.com\/uk\/#\/schema\/logo\/image\/","url":"https:\/\/www.accartbooks.com\/app\/uploads\/2020\/05\/Acc-Logo.png","contentUrl":"https:\/\/www.accartbooks.com\/app\/uploads\/2020\/05\/Acc-Logo.png","width":64,"height":100,"caption":"ACC Art Books UK"},"image":{"@id":"https:\/\/www.accartbooks.com\/uk\/#\/schema\/logo\/image\/"},"sameAs":["https:\/\/www.facebook.com\/ACCArtBooks\/","https:\/\/x.com\/accartbooks"]}]}},"_links":{"self":[{"href":"https:\/\/www.accartbooks.com\/uk\/wp-json\/wp\/v2\/product\/31744","targetHints":{"allow":["GET"]}}],"collection":[{"href":"https:\/\/www.accartbooks.com\/uk\/wp-json\/wp\/v2\/product"}],"about":[{"href":"https:\/\/www.accartbooks.com\/uk\/wp-json\/wp\/v2\/types\/product"}],"wp:featuredmedia":[{"embeddable":true,"href":"https:\/\/www.accartbooks.com\/uk\/wp-json\/wp\/v2\/media\/63264"}],"wp:attachment":[{"href":"https:\/\/www.accartbooks.com\/uk\/wp-json\/wp\/v2\/media?parent=31744"}],"wp:term":[{"taxonomy":"product_brand","embeddable":true,"href":"https:\/\/www.accartbooks.com\/uk\/wp-json\/wp\/v2\/product_brand?post=31744"},{"taxonomy":"product_cat","embeddable":true,"href":"https:\/\/www.accartbooks.com\/uk\/wp-json\/wp\/v2\/product_cat?post=31744"},{"taxonomy":"product_tag","embeddable":true,"href":"https:\/\/www.accartbooks.com\/uk\/wp-json\/wp\/v2\/product_tag?post=31744"}],"curies":[{"name":"wp","href":"https:\/\/api.w.org\/{rel}","templated":true}]}}