{"id":32857,"date":"2021-11-25T14:10:22","date_gmt":"2021-11-25T14:10:22","guid":{"rendered":"https:\/\/www.accartbooks.com\/uk\/book\/catherine-francois\/"},"modified":"2024-03-22T20:05:55","modified_gmt":"2024-03-22T20:05:55","slug":"catherine-francois","status":"publish","type":"product","link":"https:\/\/www.accartbooks.com\/uk\/book\/catherine-francois\/","title":{"rendered":"Catherine Fran\u00e7ois"},"content":{"rendered":"<p>&#8220;Nature is the great Creator, the maker of all things; I am merely her instrument&#8221; says Catherine Fran&ccedil;ois, with the humility of the greatest. The oeuvre of the sculptor reflects the escalating chaos that grips the world and feeds her anxiety and our own. The disorder is deep, organic. But for the artist, these accidents are the source of an ambitious research which aims, through art, to underline the necessity for humankind to finally respect Nature, on which our survival depends. This book illustrates the artist&#8217;s prolific career: 30 years of sculpture and a creativity that expresses itself with all the energy of the living.<\/p>\n<p>Text in English and French. <\/p>\n","protected":false},"excerpt":{"rendered":"<p>This oeuvre of sculptor Catherine Fran&ccedil;ois reflects the escalating chaos that grips the world and feeds her anxiety and our own. Text in English and French.<\/p>\n","protected":false},"featured_media":32858,"template":"","meta":{"_acf_changed":false,"_relevanssi_hide_post":"","_relevanssi_hide_content":"","_relevanssi_pin_for_all":"","_relevanssi_pin_keywords":"","_relevanssi_unpin_keywords":"","_relevanssi_related_keywords":"","_relevanssi_related_include_ids":"","_relevanssi_related_exclude_ids":"","_relevanssi_related_no_append":"","_relevanssi_related_not_related":"","_relevanssi_related_posts":"","_relevanssi_noindex_reason":""},"product_brand":[],"product_cat":[5568],"product_tag":[],"class_list":{"0":"post-32857","1":"product","2":"type-product","3":"status-publish","4":"has-post-thumbnail","6":"product_cat-art","7":"author-by-author-guy-duplat","8":"author-by-author-steve-polus","9":"publisher-exhibitions-international","11":"first","12":"instock","13":"shipping-taxable","14":"purchasable","15":"product-type-simple"},"acf":[],"yoast_head":"<!-- This site is optimized with the Yoast SEO plugin v27.0 - https:\/\/yoast.com\/product\/yoast-seo-wordpress\/ -->\n<title>Catherine Fran\u00e7ois - ACC Art Books UK<\/title>\n<meta name=\"description\" content=\"Title: Catherine Fran\u00e7ois, Pages: 224 Pages, Publish Date: 10th Mar 2022, Author: Guy Duplat, St\u00e8ve Polus, ISBN: 9782930451381. This oeuvre of sculptor Catherine Fran&ccedil;ois reflects the escalating chaos that grips the world and feeds her anxiety and our own. Text in English and French.\" \/>\n<meta name=\"robots\" content=\"index, follow, max-snippet:-1, max-image-preview:large, max-video-preview:-1\" \/>\n<link rel=\"canonical\" href=\"https:\/\/www.accartbooks.com\/uk\/book\/catherine-francois\/\" \/>\n<meta property=\"og:locale\" content=\"en_GB\" \/>\n<meta property=\"og:type\" content=\"article\" \/>\n<meta property=\"og:title\" content=\"Catherine Fran\u00e7ois - ACC Art Books UK\" \/>\n<meta property=\"og:description\" content=\"Title: Catherine Fran\u00e7ois, Pages: 224 Pages, Publish Date: 10th Mar 2022, Author: Guy Duplat, St\u00e8ve Polus, ISBN: 9782930451381. This oeuvre of sculptor Catherine Fran&ccedil;ois reflects the escalating chaos that grips the world and feeds her anxiety and our own. Text in English and French.\" \/>\n<meta property=\"og:url\" content=\"https:\/\/www.accartbooks.com\/uk\/book\/catherine-francois\/\" \/>\n<meta property=\"og:site_name\" content=\"ACC Art Books UK\" \/>\n<meta property=\"article:publisher\" content=\"https:\/\/www.facebook.com\/ACCArtBooks\/\" \/>\n<meta property=\"article:modified_time\" content=\"2024-03-22T20:05:55+00:00\" \/>\n<meta property=\"og:image\" content=\"https:\/\/www.accartbooks.com\/app\/uploads\/books\/9782930451381-04-1.jpg\" \/>\n\t<meta property=\"og:image:width\" content=\"703\" \/>\n\t<meta property=\"og:image:height\" content=\"1000\" \/>\n\t<meta property=\"og:image:type\" content=\"image\/jpeg\" \/>\n<meta name=\"twitter:card\" content=\"summary_large_image\" \/>\n<meta name=\"twitter:site\" content=\"@accartbooks\" \/>\n<meta name=\"twitter:label1\" content=\"Estimated reading time\" \/>\n\t<meta name=\"twitter:data1\" content=\"1 minute\" \/>\n<script type=\"application\/ld+json\" class=\"yoast-schema-graph\">{\"@context\":\"https:\/\/schema.org\",\"@graph\":[{\"@type\":\"WebPage\",\"@id\":\"https:\/\/www.accartbooks.com\/uk\/book\/catherine-francois\/\",\"url\":\"https:\/\/www.accartbooks.com\/uk\/book\/catherine-francois\/\",\"name\":\"Catherine Fran\u00e7ois - ACC Art Books UK\",\"isPartOf\":{\"@id\":\"https:\/\/www.accartbooks.com\/uk\/#website\"},\"primaryImageOfPage\":{\"@id\":\"https:\/\/www.accartbooks.com\/uk\/book\/catherine-francois\/#primaryimage\"},\"image\":{\"@id\":\"https:\/\/www.accartbooks.com\/uk\/book\/catherine-francois\/#primaryimage\"},\"thumbnailUrl\":\"https:\/\/www.accartbooks.com\/app\/uploads\/books\/9782930451381-04-1.jpg\",\"datePublished\":\"2021-11-25T14:10:22+00:00\",\"dateModified\":\"2024-03-22T20:05:55+00:00\",\"description\":\"Title: Catherine Fran\u00e7ois, Pages: 224 Pages, Publish Date: 10th Mar 2022, Author: Guy Duplat, St\u00e8ve Polus, ISBN: 9782930451381. This oeuvre of sculptor Catherine Fran&ccedil;ois reflects the escalating chaos that grips the world and feeds her anxiety and our own. Text in English and French.\",\"breadcrumb\":{\"@id\":\"https:\/\/www.accartbooks.com\/uk\/book\/catherine-francois\/#breadcrumb\"},\"inLanguage\":\"en-GB\",\"potentialAction\":[{\"@type\":\"ReadAction\",\"target\":[\"https:\/\/www.accartbooks.com\/uk\/book\/catherine-francois\/\"]}]},{\"@type\":\"ImageObject\",\"inLanguage\":\"en-GB\",\"@id\":\"https:\/\/www.accartbooks.com\/uk\/book\/catherine-francois\/#primaryimage\",\"url\":\"https:\/\/www.accartbooks.com\/app\/uploads\/books\/9782930451381-04-1.jpg\",\"contentUrl\":\"https:\/\/www.accartbooks.com\/app\/uploads\/books\/9782930451381-04-1.jpg\",\"width\":703,\"height\":1000},{\"@type\":\"BreadcrumbList\",\"@id\":\"https:\/\/www.accartbooks.com\/uk\/book\/catherine-francois\/#breadcrumb\",\"itemListElement\":[{\"@type\":\"ListItem\",\"position\":1,\"name\":\"Home\",\"item\":\"https:\/\/www.accartbooks.com\/uk\/\"},{\"@type\":\"ListItem\",\"position\":2,\"name\":\"Books\",\"item\":\"https:\/\/www.accartbooks.com\/uk\/books\/\"},{\"@type\":\"ListItem\",\"position\":3,\"name\":\"Catherine Fran\u00e7ois\"}]},{\"@type\":\"WebSite\",\"@id\":\"https:\/\/www.accartbooks.com\/uk\/#website\",\"url\":\"https:\/\/www.accartbooks.com\/uk\/\",\"name\":\"ACC Art Books UK\",\"description\":\"One of the world\u2019s leading publishers and distributors of books on the arts and visual culture\",\"publisher\":{\"@id\":\"https:\/\/www.accartbooks.com\/uk\/#organization\"},\"potentialAction\":[{\"@type\":\"SearchAction\",\"target\":{\"@type\":\"EntryPoint\",\"urlTemplate\":\"https:\/\/www.accartbooks.com\/uk\/?s={search_term_string}\"},\"query-input\":{\"@type\":\"PropertyValueSpecification\",\"valueRequired\":true,\"valueName\":\"search_term_string\"}}],\"inLanguage\":\"en-GB\"},{\"@type\":\"Organization\",\"@id\":\"https:\/\/www.accartbooks.com\/uk\/#organization\",\"name\":\"ACC Art Books UK\",\"url\":\"https:\/\/www.accartbooks.com\/uk\/\",\"logo\":{\"@type\":\"ImageObject\",\"inLanguage\":\"en-GB\",\"@id\":\"https:\/\/www.accartbooks.com\/uk\/#\/schema\/logo\/image\/\",\"url\":\"https:\/\/www.accartbooks.com\/app\/uploads\/2020\/05\/Acc-Logo.png\",\"contentUrl\":\"https:\/\/www.accartbooks.com\/app\/uploads\/2020\/05\/Acc-Logo.png\",\"width\":64,\"height\":100,\"caption\":\"ACC Art Books UK\"},\"image\":{\"@id\":\"https:\/\/www.accartbooks.com\/uk\/#\/schema\/logo\/image\/\"},\"sameAs\":[\"https:\/\/www.facebook.com\/ACCArtBooks\/\",\"https:\/\/x.com\/accartbooks\"]}]}<\/script>\n<!-- \/ Yoast SEO plugin. -->","yoast_head_json":{"title":"Catherine Fran\u00e7ois - ACC Art Books UK","description":"Title: Catherine Fran\u00e7ois, Pages: 224 Pages, Publish Date: 10th Mar 2022, Author: Guy Duplat, St\u00e8ve Polus, ISBN: 9782930451381. This oeuvre of sculptor Catherine Fran&ccedil;ois reflects the escalating chaos that grips the world and feeds her anxiety and our own. Text in English and French.","robots":{"index":"index","follow":"follow","max-snippet":"max-snippet:-1","max-image-preview":"max-image-preview:large","max-video-preview":"max-video-preview:-1"},"canonical":"https:\/\/www.accartbooks.com\/uk\/book\/catherine-francois\/","og_locale":"en_GB","og_type":"article","og_title":"Catherine Fran\u00e7ois - ACC Art Books UK","og_description":"Title: Catherine Fran\u00e7ois, Pages: 224 Pages, Publish Date: 10th Mar 2022, Author: Guy Duplat, St\u00e8ve Polus, ISBN: 9782930451381. This oeuvre of sculptor Catherine Fran&ccedil;ois reflects the escalating chaos that grips the world and feeds her anxiety and our own. Text in English and French.","og_url":"https:\/\/www.accartbooks.com\/uk\/book\/catherine-francois\/","og_site_name":"ACC Art Books UK","article_publisher":"https:\/\/www.facebook.com\/ACCArtBooks\/","article_modified_time":"2024-03-22T20:05:55+00:00","og_image":[{"width":703,"height":1000,"url":"https:\/\/www.accartbooks.com\/app\/uploads\/books\/9782930451381-04-1.jpg","type":"image\/jpeg"}],"twitter_card":"summary_large_image","twitter_site":"@accartbooks","twitter_misc":{"Estimated reading time":"1 minute"},"schema":{"@context":"https:\/\/schema.org","@graph":[{"@type":"WebPage","@id":"https:\/\/www.accartbooks.com\/uk\/book\/catherine-francois\/","url":"https:\/\/www.accartbooks.com\/uk\/book\/catherine-francois\/","name":"Catherine Fran\u00e7ois - ACC Art Books UK","isPartOf":{"@id":"https:\/\/www.accartbooks.com\/uk\/#website"},"primaryImageOfPage":{"@id":"https:\/\/www.accartbooks.com\/uk\/book\/catherine-francois\/#primaryimage"},"image":{"@id":"https:\/\/www.accartbooks.com\/uk\/book\/catherine-francois\/#primaryimage"},"thumbnailUrl":"https:\/\/www.accartbooks.com\/app\/uploads\/books\/9782930451381-04-1.jpg","datePublished":"2021-11-25T14:10:22+00:00","dateModified":"2024-03-22T20:05:55+00:00","description":"Title: Catherine Fran\u00e7ois, Pages: 224 Pages, Publish Date: 10th Mar 2022, Author: Guy Duplat, St\u00e8ve Polus, ISBN: 9782930451381. This oeuvre of sculptor Catherine Fran&ccedil;ois reflects the escalating chaos that grips the world and feeds her anxiety and our own. Text in English and French.","breadcrumb":{"@id":"https:\/\/www.accartbooks.com\/uk\/book\/catherine-francois\/#breadcrumb"},"inLanguage":"en-GB","potentialAction":[{"@type":"ReadAction","target":["https:\/\/www.accartbooks.com\/uk\/book\/catherine-francois\/"]}]},{"@type":"ImageObject","inLanguage":"en-GB","@id":"https:\/\/www.accartbooks.com\/uk\/book\/catherine-francois\/#primaryimage","url":"https:\/\/www.accartbooks.com\/app\/uploads\/books\/9782930451381-04-1.jpg","contentUrl":"https:\/\/www.accartbooks.com\/app\/uploads\/books\/9782930451381-04-1.jpg","width":703,"height":1000},{"@type":"BreadcrumbList","@id":"https:\/\/www.accartbooks.com\/uk\/book\/catherine-francois\/#breadcrumb","itemListElement":[{"@type":"ListItem","position":1,"name":"Home","item":"https:\/\/www.accartbooks.com\/uk\/"},{"@type":"ListItem","position":2,"name":"Books","item":"https:\/\/www.accartbooks.com\/uk\/books\/"},{"@type":"ListItem","position":3,"name":"Catherine Fran\u00e7ois"}]},{"@type":"WebSite","@id":"https:\/\/www.accartbooks.com\/uk\/#website","url":"https:\/\/www.accartbooks.com\/uk\/","name":"ACC Art Books UK","description":"One of the world\u2019s leading publishers and distributors of books on the arts and visual culture","publisher":{"@id":"https:\/\/www.accartbooks.com\/uk\/#organization"},"potentialAction":[{"@type":"SearchAction","target":{"@type":"EntryPoint","urlTemplate":"https:\/\/www.accartbooks.com\/uk\/?s={search_term_string}"},"query-input":{"@type":"PropertyValueSpecification","valueRequired":true,"valueName":"search_term_string"}}],"inLanguage":"en-GB"},{"@type":"Organization","@id":"https:\/\/www.accartbooks.com\/uk\/#organization","name":"ACC Art Books UK","url":"https:\/\/www.accartbooks.com\/uk\/","logo":{"@type":"ImageObject","inLanguage":"en-GB","@id":"https:\/\/www.accartbooks.com\/uk\/#\/schema\/logo\/image\/","url":"https:\/\/www.accartbooks.com\/app\/uploads\/2020\/05\/Acc-Logo.png","contentUrl":"https:\/\/www.accartbooks.com\/app\/uploads\/2020\/05\/Acc-Logo.png","width":64,"height":100,"caption":"ACC Art Books UK"},"image":{"@id":"https:\/\/www.accartbooks.com\/uk\/#\/schema\/logo\/image\/"},"sameAs":["https:\/\/www.facebook.com\/ACCArtBooks\/","https:\/\/x.com\/accartbooks"]}]}},"_links":{"self":[{"href":"https:\/\/www.accartbooks.com\/uk\/wp-json\/wp\/v2\/product\/32857","targetHints":{"allow":["GET"]}}],"collection":[{"href":"https:\/\/www.accartbooks.com\/uk\/wp-json\/wp\/v2\/product"}],"about":[{"href":"https:\/\/www.accartbooks.com\/uk\/wp-json\/wp\/v2\/types\/product"}],"wp:featuredmedia":[{"embeddable":true,"href":"https:\/\/www.accartbooks.com\/uk\/wp-json\/wp\/v2\/media\/32858"}],"wp:attachment":[{"href":"https:\/\/www.accartbooks.com\/uk\/wp-json\/wp\/v2\/media?parent=32857"}],"wp:term":[{"taxonomy":"product_brand","embeddable":true,"href":"https:\/\/www.accartbooks.com\/uk\/wp-json\/wp\/v2\/product_brand?post=32857"},{"taxonomy":"product_cat","embeddable":true,"href":"https:\/\/www.accartbooks.com\/uk\/wp-json\/wp\/v2\/product_cat?post=32857"},{"taxonomy":"product_tag","embeddable":true,"href":"https:\/\/www.accartbooks.com\/uk\/wp-json\/wp\/v2\/product_tag?post=32857"}],"curies":[{"name":"wp","href":"https:\/\/api.w.org\/{rel}","templated":true}]}}