{"id":3379,"date":"2020-03-16T14:14:47","date_gmt":"2020-03-16T14:14:47","guid":{"rendered":"https:\/\/www.accartbooks.com\/uk\/?post_type=product&#038;p=3379"},"modified":"2026-04-01T02:47:04","modified_gmt":"2026-04-01T02:47:04","slug":"gaelle-lauriot-prevost-design-dominique-perrault-architectures","status":"publish","type":"product","link":"https:\/\/www.accartbooks.com\/uk\/book\/gaelle-lauriot-prevost-design-dominique-perrault-architectures\/","title":{"rendered":"Ga\u00eblle Lauriot-Pr\u00e9vost, Design. Dominique Perrault, Architectures"},"content":{"rendered":"<p>Dominique Perrault is recognised as one of the outstanding architects of the 21st century. In 2015 he was awarded the prestigious Praemium Imperiale prize. The general public knows him as the architect of the BnF Fran&ccedil;ois Mitterrand. He has authored major projects around the world, such as the Ewha Womans University in Seoul, Velodrome in Berlin, the Court of Justice of the European Union in Luxembourg (2008), and the Albi Grand Theater. Recently, the DPA office was selected to create a new hippodrome for Longchamp and to transform the former central office of La Poste rue du Louvre, in Paris.<\/p>\n<p>In 2016, the public will discover his transformation of the Dufour Pavilion in the Ch&acirc;teau of Versailles where the new ticket office, restaurant, conference rooms and bookstore will be located. Metal mesh tapestries and light fixtures here will evoke the majesty of the &#8220;Grand Si&egrave;cle&#8221; in a modern language of design.<\/p>\n<p>For over twenty years now, Ga&euml;lle Lauriot-Pr&eacute;vost, in her role as architect-designer associate of Dominique Perrault&#8217;s, has been designing the interiors for his architectural projects: seating, light fixtures, partitions composed of metal mesh, etc. The work of these two designers creates environments in which architecture and furniture blend together. The objects designed by Ga&euml;lle Lauriot-Pr&eacute;vost are edited by manufacturers around the globe: Fontana Arte, DCW, Silvera, Poltrona Frau, Alessi, Baccarrat, Chevalier, Sawaya &amp; Moroni, Galerie Kr&eacute;o, FSB, etc. The book offers an analysis of the influences underpinning the design of these furniture pieces and light fixtures, enabling the reader to understand the reflection preceding behind conception. It also presents possible variations in the paths they are likely to take from one project to the next.<\/p>\n<p>For the first time, this work presents, thanks to over 600 illustrations &#8211; plans, models and photographs &#8211; the complete range of objects Ga&euml;lle Lauriot-Pr&eacute;vost has created, some of which, such as the seats for the BnF, have already become emblematic.<\/p>\n<p>Text in English and French.<\/p>\n","protected":false},"excerpt":{"rendered":"<p>A fascinating look at Ga&euml;lle Lauriot-Pr&eacute;vost in her role as architect-designer associate for Dominique Perrault, a leading figure in French architecture<\/p>\n","protected":false},"featured_media":3380,"template":"","meta":{"_acf_changed":false,"_relevanssi_hide_post":"","_relevanssi_hide_content":"","_relevanssi_pin_for_all":"","_relevanssi_pin_keywords":"","_relevanssi_unpin_keywords":"","_relevanssi_related_keywords":"","_relevanssi_related_include_ids":"","_relevanssi_related_exclude_ids":"","_relevanssi_related_no_append":"","_relevanssi_related_not_related":"","_relevanssi_related_posts":"","_relevanssi_noindex_reason":""},"product_brand":[],"product_cat":[5559],"product_tag":[],"class_list":{"0":"post-3379","1":"product","2":"type-product","3":"status-publish","4":"has-post-thumbnail","6":"product_cat-architecture-landscape-design","7":"author-by-author-michele-champenois","8":"publisher-editions-norma","10":"first","11":"instock","12":"shipping-taxable","13":"purchasable","14":"product-type-simple"},"acf":[],"yoast_head":"<!-- This site is optimized with the Yoast SEO plugin v27.0 - https:\/\/yoast.com\/product\/yoast-seo-wordpress\/ -->\n<title>Ga\u00eblle Lauriot-Pr\u00e9vost, Design. Dominique Perrault, Architectures - ACC Art Books UK<\/title>\n<meta name=\"description\" content=\"Title: Ga\u00eblle Lauriot-Pr\u00e9vost, Design. Dominique Perrault, Architectures, Pages: 320 Pages, Publish Date: 3rd Mar 2017, Author: Mich\u00e8le Champenois, ISBN: 9782915542851. A fascinating look at Ga&euml;lle Lauriot-Pr&eacute;vost in her role as architect-designer associate for Dominique Perrault, a leading figure in French architecture\" \/>\n<meta name=\"robots\" content=\"index, follow, max-snippet:-1, max-image-preview:large, max-video-preview:-1\" \/>\n<link rel=\"canonical\" href=\"https:\/\/www.accartbooks.com\/uk\/book\/gaelle-lauriot-prevost-design-dominique-perrault-architectures\/\" \/>\n<meta property=\"og:locale\" content=\"en_GB\" \/>\n<meta property=\"og:type\" content=\"article\" \/>\n<meta property=\"og:title\" content=\"Ga\u00eblle Lauriot-Pr\u00e9vost, Design. Dominique Perrault, Architectures - ACC Art Books UK\" \/>\n<meta property=\"og:description\" content=\"Title: Ga\u00eblle Lauriot-Pr\u00e9vost, Design. Dominique Perrault, Architectures, Pages: 320 Pages, Publish Date: 3rd Mar 2017, Author: Mich\u00e8le Champenois, ISBN: 9782915542851. A fascinating look at Ga&euml;lle Lauriot-Pr&eacute;vost in her role as architect-designer associate for Dominique Perrault, a leading figure in French architecture\" \/>\n<meta property=\"og:url\" content=\"https:\/\/www.accartbooks.com\/uk\/book\/gaelle-lauriot-prevost-design-dominique-perrault-architectures\/\" \/>\n<meta property=\"og:site_name\" content=\"ACC Art Books UK\" \/>\n<meta property=\"article:publisher\" content=\"https:\/\/www.facebook.com\/ACCArtBooks\/\" \/>\n<meta property=\"article:modified_time\" content=\"2026-04-01T02:47:04+00:00\" \/>\n<meta property=\"og:image\" content=\"https:\/\/www.accartbooks.com\/app\/uploads\/books\/9782915542851-04-1.jpg\" \/>\n\t<meta property=\"og:image:width\" content=\"744\" \/>\n\t<meta property=\"og:image:height\" content=\"1000\" \/>\n\t<meta property=\"og:image:type\" content=\"image\/jpeg\" \/>\n<meta name=\"twitter:card\" content=\"summary_large_image\" \/>\n<meta name=\"twitter:site\" content=\"@accartbooks\" \/>\n<meta name=\"twitter:label1\" content=\"Estimated reading time\" \/>\n\t<meta name=\"twitter:data1\" content=\"2 minutes\" \/>\n<script type=\"application\/ld+json\" class=\"yoast-schema-graph\">{\"@context\":\"https:\/\/schema.org\",\"@graph\":[{\"@type\":\"WebPage\",\"@id\":\"https:\/\/www.accartbooks.com\/uk\/book\/gaelle-lauriot-prevost-design-dominique-perrault-architectures\/\",\"url\":\"https:\/\/www.accartbooks.com\/uk\/book\/gaelle-lauriot-prevost-design-dominique-perrault-architectures\/\",\"name\":\"Ga\u00eblle Lauriot-Pr\u00e9vost, Design. Dominique Perrault, Architectures - ACC Art Books UK\",\"isPartOf\":{\"@id\":\"https:\/\/www.accartbooks.com\/uk\/#website\"},\"primaryImageOfPage\":{\"@id\":\"https:\/\/www.accartbooks.com\/uk\/book\/gaelle-lauriot-prevost-design-dominique-perrault-architectures\/#primaryimage\"},\"image\":{\"@id\":\"https:\/\/www.accartbooks.com\/uk\/book\/gaelle-lauriot-prevost-design-dominique-perrault-architectures\/#primaryimage\"},\"thumbnailUrl\":\"https:\/\/www.accartbooks.com\/app\/uploads\/books\/9782915542851-04-1.jpg\",\"datePublished\":\"2020-03-16T14:14:47+00:00\",\"dateModified\":\"2026-04-01T02:47:04+00:00\",\"description\":\"Title: Ga\u00eblle Lauriot-Pr\u00e9vost, Design. Dominique Perrault, Architectures, Pages: 320 Pages, Publish Date: 3rd Mar 2017, Author: Mich\u00e8le Champenois, ISBN: 9782915542851. A fascinating look at Ga&euml;lle Lauriot-Pr&eacute;vost in her role as architect-designer associate for Dominique Perrault, a leading figure in French architecture\",\"breadcrumb\":{\"@id\":\"https:\/\/www.accartbooks.com\/uk\/book\/gaelle-lauriot-prevost-design-dominique-perrault-architectures\/#breadcrumb\"},\"inLanguage\":\"en-GB\",\"potentialAction\":[{\"@type\":\"ReadAction\",\"target\":[\"https:\/\/www.accartbooks.com\/uk\/book\/gaelle-lauriot-prevost-design-dominique-perrault-architectures\/\"]}]},{\"@type\":\"ImageObject\",\"inLanguage\":\"en-GB\",\"@id\":\"https:\/\/www.accartbooks.com\/uk\/book\/gaelle-lauriot-prevost-design-dominique-perrault-architectures\/#primaryimage\",\"url\":\"https:\/\/www.accartbooks.com\/app\/uploads\/books\/9782915542851-04-1.jpg\",\"contentUrl\":\"https:\/\/www.accartbooks.com\/app\/uploads\/books\/9782915542851-04-1.jpg\",\"width\":744,\"height\":1000},{\"@type\":\"BreadcrumbList\",\"@id\":\"https:\/\/www.accartbooks.com\/uk\/book\/gaelle-lauriot-prevost-design-dominique-perrault-architectures\/#breadcrumb\",\"itemListElement\":[{\"@type\":\"ListItem\",\"position\":1,\"name\":\"Home\",\"item\":\"https:\/\/www.accartbooks.com\/uk\/\"},{\"@type\":\"ListItem\",\"position\":2,\"name\":\"Books\",\"item\":\"https:\/\/www.accartbooks.com\/uk\/books\/\"},{\"@type\":\"ListItem\",\"position\":3,\"name\":\"Ga\u00eblle Lauriot-Pr\u00e9vost, Design. Dominique Perrault, Architectures\"}]},{\"@type\":\"WebSite\",\"@id\":\"https:\/\/www.accartbooks.com\/uk\/#website\",\"url\":\"https:\/\/www.accartbooks.com\/uk\/\",\"name\":\"ACC Art Books UK\",\"description\":\"One of the world\u2019s leading publishers and distributors of books on the arts and visual culture\",\"publisher\":{\"@id\":\"https:\/\/www.accartbooks.com\/uk\/#organization\"},\"potentialAction\":[{\"@type\":\"SearchAction\",\"target\":{\"@type\":\"EntryPoint\",\"urlTemplate\":\"https:\/\/www.accartbooks.com\/uk\/?s={search_term_string}\"},\"query-input\":{\"@type\":\"PropertyValueSpecification\",\"valueRequired\":true,\"valueName\":\"search_term_string\"}}],\"inLanguage\":\"en-GB\"},{\"@type\":\"Organization\",\"@id\":\"https:\/\/www.accartbooks.com\/uk\/#organization\",\"name\":\"ACC Art Books UK\",\"url\":\"https:\/\/www.accartbooks.com\/uk\/\",\"logo\":{\"@type\":\"ImageObject\",\"inLanguage\":\"en-GB\",\"@id\":\"https:\/\/www.accartbooks.com\/uk\/#\/schema\/logo\/image\/\",\"url\":\"https:\/\/www.accartbooks.com\/app\/uploads\/2020\/05\/Acc-Logo.png\",\"contentUrl\":\"https:\/\/www.accartbooks.com\/app\/uploads\/2020\/05\/Acc-Logo.png\",\"width\":64,\"height\":100,\"caption\":\"ACC Art Books UK\"},\"image\":{\"@id\":\"https:\/\/www.accartbooks.com\/uk\/#\/schema\/logo\/image\/\"},\"sameAs\":[\"https:\/\/www.facebook.com\/ACCArtBooks\/\",\"https:\/\/x.com\/accartbooks\"]}]}<\/script>\n<!-- \/ Yoast SEO plugin. -->","yoast_head_json":{"title":"Ga\u00eblle Lauriot-Pr\u00e9vost, Design. Dominique Perrault, Architectures - ACC Art Books UK","description":"Title: Ga\u00eblle Lauriot-Pr\u00e9vost, Design. Dominique Perrault, Architectures, Pages: 320 Pages, Publish Date: 3rd Mar 2017, Author: Mich\u00e8le Champenois, ISBN: 9782915542851. A fascinating look at Ga&euml;lle Lauriot-Pr&eacute;vost in her role as architect-designer associate for Dominique Perrault, a leading figure in French architecture","robots":{"index":"index","follow":"follow","max-snippet":"max-snippet:-1","max-image-preview":"max-image-preview:large","max-video-preview":"max-video-preview:-1"},"canonical":"https:\/\/www.accartbooks.com\/uk\/book\/gaelle-lauriot-prevost-design-dominique-perrault-architectures\/","og_locale":"en_GB","og_type":"article","og_title":"Ga\u00eblle Lauriot-Pr\u00e9vost, Design. Dominique Perrault, Architectures - ACC Art Books UK","og_description":"Title: Ga\u00eblle Lauriot-Pr\u00e9vost, Design. Dominique Perrault, Architectures, Pages: 320 Pages, Publish Date: 3rd Mar 2017, Author: Mich\u00e8le Champenois, ISBN: 9782915542851. A fascinating look at Ga&euml;lle Lauriot-Pr&eacute;vost in her role as architect-designer associate for Dominique Perrault, a leading figure in French architecture","og_url":"https:\/\/www.accartbooks.com\/uk\/book\/gaelle-lauriot-prevost-design-dominique-perrault-architectures\/","og_site_name":"ACC Art Books UK","article_publisher":"https:\/\/www.facebook.com\/ACCArtBooks\/","article_modified_time":"2026-04-01T02:47:04+00:00","og_image":[{"width":744,"height":1000,"url":"https:\/\/www.accartbooks.com\/app\/uploads\/books\/9782915542851-04-1.jpg","type":"image\/jpeg"}],"twitter_card":"summary_large_image","twitter_site":"@accartbooks","twitter_misc":{"Estimated reading time":"2 minutes"},"schema":{"@context":"https:\/\/schema.org","@graph":[{"@type":"WebPage","@id":"https:\/\/www.accartbooks.com\/uk\/book\/gaelle-lauriot-prevost-design-dominique-perrault-architectures\/","url":"https:\/\/www.accartbooks.com\/uk\/book\/gaelle-lauriot-prevost-design-dominique-perrault-architectures\/","name":"Ga\u00eblle Lauriot-Pr\u00e9vost, Design. Dominique Perrault, Architectures - ACC Art Books UK","isPartOf":{"@id":"https:\/\/www.accartbooks.com\/uk\/#website"},"primaryImageOfPage":{"@id":"https:\/\/www.accartbooks.com\/uk\/book\/gaelle-lauriot-prevost-design-dominique-perrault-architectures\/#primaryimage"},"image":{"@id":"https:\/\/www.accartbooks.com\/uk\/book\/gaelle-lauriot-prevost-design-dominique-perrault-architectures\/#primaryimage"},"thumbnailUrl":"https:\/\/www.accartbooks.com\/app\/uploads\/books\/9782915542851-04-1.jpg","datePublished":"2020-03-16T14:14:47+00:00","dateModified":"2026-04-01T02:47:04+00:00","description":"Title: Ga\u00eblle Lauriot-Pr\u00e9vost, Design. Dominique Perrault, Architectures, Pages: 320 Pages, Publish Date: 3rd Mar 2017, Author: Mich\u00e8le Champenois, ISBN: 9782915542851. A fascinating look at Ga&euml;lle Lauriot-Pr&eacute;vost in her role as architect-designer associate for Dominique Perrault, a leading figure in French architecture","breadcrumb":{"@id":"https:\/\/www.accartbooks.com\/uk\/book\/gaelle-lauriot-prevost-design-dominique-perrault-architectures\/#breadcrumb"},"inLanguage":"en-GB","potentialAction":[{"@type":"ReadAction","target":["https:\/\/www.accartbooks.com\/uk\/book\/gaelle-lauriot-prevost-design-dominique-perrault-architectures\/"]}]},{"@type":"ImageObject","inLanguage":"en-GB","@id":"https:\/\/www.accartbooks.com\/uk\/book\/gaelle-lauriot-prevost-design-dominique-perrault-architectures\/#primaryimage","url":"https:\/\/www.accartbooks.com\/app\/uploads\/books\/9782915542851-04-1.jpg","contentUrl":"https:\/\/www.accartbooks.com\/app\/uploads\/books\/9782915542851-04-1.jpg","width":744,"height":1000},{"@type":"BreadcrumbList","@id":"https:\/\/www.accartbooks.com\/uk\/book\/gaelle-lauriot-prevost-design-dominique-perrault-architectures\/#breadcrumb","itemListElement":[{"@type":"ListItem","position":1,"name":"Home","item":"https:\/\/www.accartbooks.com\/uk\/"},{"@type":"ListItem","position":2,"name":"Books","item":"https:\/\/www.accartbooks.com\/uk\/books\/"},{"@type":"ListItem","position":3,"name":"Ga\u00eblle Lauriot-Pr\u00e9vost, Design. Dominique Perrault, Architectures"}]},{"@type":"WebSite","@id":"https:\/\/www.accartbooks.com\/uk\/#website","url":"https:\/\/www.accartbooks.com\/uk\/","name":"ACC Art Books UK","description":"One of the world\u2019s leading publishers and distributors of books on the arts and visual culture","publisher":{"@id":"https:\/\/www.accartbooks.com\/uk\/#organization"},"potentialAction":[{"@type":"SearchAction","target":{"@type":"EntryPoint","urlTemplate":"https:\/\/www.accartbooks.com\/uk\/?s={search_term_string}"},"query-input":{"@type":"PropertyValueSpecification","valueRequired":true,"valueName":"search_term_string"}}],"inLanguage":"en-GB"},{"@type":"Organization","@id":"https:\/\/www.accartbooks.com\/uk\/#organization","name":"ACC Art Books UK","url":"https:\/\/www.accartbooks.com\/uk\/","logo":{"@type":"ImageObject","inLanguage":"en-GB","@id":"https:\/\/www.accartbooks.com\/uk\/#\/schema\/logo\/image\/","url":"https:\/\/www.accartbooks.com\/app\/uploads\/2020\/05\/Acc-Logo.png","contentUrl":"https:\/\/www.accartbooks.com\/app\/uploads\/2020\/05\/Acc-Logo.png","width":64,"height":100,"caption":"ACC Art Books UK"},"image":{"@id":"https:\/\/www.accartbooks.com\/uk\/#\/schema\/logo\/image\/"},"sameAs":["https:\/\/www.facebook.com\/ACCArtBooks\/","https:\/\/x.com\/accartbooks"]}]}},"_links":{"self":[{"href":"https:\/\/www.accartbooks.com\/uk\/wp-json\/wp\/v2\/product\/3379","targetHints":{"allow":["GET"]}}],"collection":[{"href":"https:\/\/www.accartbooks.com\/uk\/wp-json\/wp\/v2\/product"}],"about":[{"href":"https:\/\/www.accartbooks.com\/uk\/wp-json\/wp\/v2\/types\/product"}],"wp:featuredmedia":[{"embeddable":true,"href":"https:\/\/www.accartbooks.com\/uk\/wp-json\/wp\/v2\/media\/3380"}],"wp:attachment":[{"href":"https:\/\/www.accartbooks.com\/uk\/wp-json\/wp\/v2\/media?parent=3379"}],"wp:term":[{"taxonomy":"product_brand","embeddable":true,"href":"https:\/\/www.accartbooks.com\/uk\/wp-json\/wp\/v2\/product_brand?post=3379"},{"taxonomy":"product_cat","embeddable":true,"href":"https:\/\/www.accartbooks.com\/uk\/wp-json\/wp\/v2\/product_cat?post=3379"},{"taxonomy":"product_tag","embeddable":true,"href":"https:\/\/www.accartbooks.com\/uk\/wp-json\/wp\/v2\/product_tag?post=3379"}],"curies":[{"name":"wp","href":"https:\/\/api.w.org\/{rel}","templated":true}]}}