{"id":34179,"date":"2022-03-01T10:10:44","date_gmt":"2022-03-01T10:10:44","guid":{"rendered":"https:\/\/www.accartbooks.com\/uk\/book\/susanne-walstrom\/"},"modified":"2025-08-07T15:11:34","modified_gmt":"2025-08-07T15:11:34","slug":"susanne-walstrom","status":"publish","type":"product","link":"https:\/\/www.accartbooks.com\/uk\/book\/susanne-walstrom\/","title":{"rendered":"Susanne Walstr\u00f6m"},"content":{"rendered":"<p>The Icelandic horse played a major role in Norse mythology. Among other things they helped the gods conquer nature. In return, the very strong carriers were endowed with supernatural powers. Today, when riding with a herd of loose horses across the Icelandic landscape it&rsquo;s like traveling thousands of years back in time, or to another galaxy in a movie set in an indeterminate future. In recent years, photographer Susanne Walstrom has returned to Iceland many times to document the poetic interaction between horses and nature. In <strong><em>Black Lava Fairy Tale<\/em><\/strong> time ceases and the saga commences; a saga in which all humans have dismounted and the horses are on their own. Arctic winds, lava burning under hoofs and new unknown dangers &ndash; are the gods still their guardians?<\/p>\n","protected":false},"excerpt":{"rendered":"<p>In recent years, photographer Susanne Walstrom has returned to Iceland many times to document the poetic interaction between horses and nature. In Black Lava Fairy Tale time ceases and the saga commences; a saga in which all humans have dismounted and the horses are on their own.<\/p>\n","protected":false},"featured_media":34180,"template":"","meta":{"_acf_changed":false,"_relevanssi_hide_post":"","_relevanssi_hide_content":"","_relevanssi_pin_for_all":"","_relevanssi_pin_keywords":"","_relevanssi_unpin_keywords":"","_relevanssi_related_keywords":"","_relevanssi_related_include_ids":"","_relevanssi_related_exclude_ids":"","_relevanssi_related_no_append":"","_relevanssi_related_not_related":"","_relevanssi_related_posts":"","_relevanssi_noindex_reason":""},"product_brand":[],"product_cat":[5485],"product_tag":[],"class_list":{"0":"post-34179","1":"product","2":"type-product","3":"status-publish","4":"has-post-thumbnail","6":"product_cat-photography","7":"author-edited-by-susanne-walstrom","8":"author-text-by-hildur-knutsdottir","9":"author-translated-by-elisabeth-wenno","10":"author-translated-by-k-b-thors","11":"publisher-kerber-verlag","13":"first","14":"instock","15":"shipping-taxable","16":"purchasable","17":"product-type-simple"},"acf":[],"yoast_head":"<!-- This site is optimized with the Yoast SEO plugin v27.0 - https:\/\/yoast.com\/product\/yoast-seo-wordpress\/ -->\n<title>Susanne Walstr\u00f6m - ACC Art Books UK<\/title>\n<meta name=\"description\" content=\"Title: Susanne Walstr\u00f6m, Pages: 152 Pages, Publish Date: 21st Jul 2020, Author: Edited by Susanne Walstr\u00f6m, Text by Hildur Kn\u00fatsd\u00f3ttir, Translated by Elisabeth Wenn\u00f6, Translated by K.B. Thors, ISBN: 9783735604507. In recent years, photographer Susanne Walstrom has returned to Iceland many times to document the poetic interaction between horses and nature. In Black Lava Fairy Tale time ceases and the saga commences; a saga in which all humans have dismounted and the horses are on their own.\" \/>\n<meta name=\"robots\" content=\"index, follow, max-snippet:-1, max-image-preview:large, max-video-preview:-1\" \/>\n<link rel=\"canonical\" href=\"https:\/\/www.accartbooks.com\/uk\/book\/susanne-walstrom\/\" \/>\n<meta property=\"og:locale\" content=\"en_GB\" \/>\n<meta property=\"og:type\" content=\"article\" \/>\n<meta property=\"og:title\" content=\"Susanne Walstr\u00f6m - ACC Art Books UK\" \/>\n<meta property=\"og:description\" content=\"Title: Susanne Walstr\u00f6m, Pages: 152 Pages, Publish Date: 21st Jul 2020, Author: Edited by Susanne Walstr\u00f6m, Text by Hildur Kn\u00fatsd\u00f3ttir, Translated by Elisabeth Wenn\u00f6, Translated by K.B. Thors, ISBN: 9783735604507. In recent years, photographer Susanne Walstrom has returned to Iceland many times to document the poetic interaction between horses and nature. In Black Lava Fairy Tale time ceases and the saga commences; a saga in which all humans have dismounted and the horses are on their own.\" \/>\n<meta property=\"og:url\" content=\"https:\/\/www.accartbooks.com\/uk\/book\/susanne-walstrom\/\" \/>\n<meta property=\"og:site_name\" content=\"ACC Art Books UK\" \/>\n<meta property=\"article:publisher\" content=\"https:\/\/www.facebook.com\/ACCArtBooks\/\" \/>\n<meta property=\"article:modified_time\" content=\"2025-08-07T15:11:34+00:00\" \/>\n<meta property=\"og:image\" content=\"https:\/\/www.accartbooks.com\/app\/uploads\/books\/9783735604507-04-1.jpg\" \/>\n\t<meta property=\"og:image:width\" content=\"831\" \/>\n\t<meta property=\"og:image:height\" content=\"1000\" \/>\n\t<meta property=\"og:image:type\" content=\"image\/jpeg\" \/>\n<meta name=\"twitter:card\" content=\"summary_large_image\" \/>\n<meta name=\"twitter:site\" content=\"@accartbooks\" \/>\n<meta name=\"twitter:label1\" content=\"Estimated reading time\" \/>\n\t<meta name=\"twitter:data1\" content=\"1 minute\" \/>\n<script type=\"application\/ld+json\" class=\"yoast-schema-graph\">{\"@context\":\"https:\/\/schema.org\",\"@graph\":[{\"@type\":\"WebPage\",\"@id\":\"https:\/\/www.accartbooks.com\/uk\/book\/susanne-walstrom\/\",\"url\":\"https:\/\/www.accartbooks.com\/uk\/book\/susanne-walstrom\/\",\"name\":\"Susanne Walstr\u00f6m - ACC Art Books UK\",\"isPartOf\":{\"@id\":\"https:\/\/www.accartbooks.com\/uk\/#website\"},\"primaryImageOfPage\":{\"@id\":\"https:\/\/www.accartbooks.com\/uk\/book\/susanne-walstrom\/#primaryimage\"},\"image\":{\"@id\":\"https:\/\/www.accartbooks.com\/uk\/book\/susanne-walstrom\/#primaryimage\"},\"thumbnailUrl\":\"https:\/\/www.accartbooks.com\/app\/uploads\/books\/9783735604507-04-1.jpg\",\"datePublished\":\"2022-03-01T10:10:44+00:00\",\"dateModified\":\"2025-08-07T15:11:34+00:00\",\"description\":\"Title: Susanne Walstr\u00f6m, Pages: 152 Pages, Publish Date: 21st Jul 2020, Author: Edited by Susanne Walstr\u00f6m, Text by Hildur Kn\u00fatsd\u00f3ttir, Translated by Elisabeth Wenn\u00f6, Translated by K.B. Thors, ISBN: 9783735604507. In recent years, photographer Susanne Walstrom has returned to Iceland many times to document the poetic interaction between horses and nature. In Black Lava Fairy Tale time ceases and the saga commences; a saga in which all humans have dismounted and the horses are on their own.\",\"breadcrumb\":{\"@id\":\"https:\/\/www.accartbooks.com\/uk\/book\/susanne-walstrom\/#breadcrumb\"},\"inLanguage\":\"en-GB\",\"potentialAction\":[{\"@type\":\"ReadAction\",\"target\":[\"https:\/\/www.accartbooks.com\/uk\/book\/susanne-walstrom\/\"]}]},{\"@type\":\"ImageObject\",\"inLanguage\":\"en-GB\",\"@id\":\"https:\/\/www.accartbooks.com\/uk\/book\/susanne-walstrom\/#primaryimage\",\"url\":\"https:\/\/www.accartbooks.com\/app\/uploads\/books\/9783735604507-04-1.jpg\",\"contentUrl\":\"https:\/\/www.accartbooks.com\/app\/uploads\/books\/9783735604507-04-1.jpg\",\"width\":831,\"height\":1000},{\"@type\":\"BreadcrumbList\",\"@id\":\"https:\/\/www.accartbooks.com\/uk\/book\/susanne-walstrom\/#breadcrumb\",\"itemListElement\":[{\"@type\":\"ListItem\",\"position\":1,\"name\":\"Home\",\"item\":\"https:\/\/www.accartbooks.com\/uk\/\"},{\"@type\":\"ListItem\",\"position\":2,\"name\":\"Books\",\"item\":\"https:\/\/www.accartbooks.com\/uk\/books\/\"},{\"@type\":\"ListItem\",\"position\":3,\"name\":\"Susanne Walstr\u00f6m\"}]},{\"@type\":\"WebSite\",\"@id\":\"https:\/\/www.accartbooks.com\/uk\/#website\",\"url\":\"https:\/\/www.accartbooks.com\/uk\/\",\"name\":\"ACC Art Books UK\",\"description\":\"One of the world\u2019s leading publishers and distributors of books on the arts and visual culture\",\"publisher\":{\"@id\":\"https:\/\/www.accartbooks.com\/uk\/#organization\"},\"potentialAction\":[{\"@type\":\"SearchAction\",\"target\":{\"@type\":\"EntryPoint\",\"urlTemplate\":\"https:\/\/www.accartbooks.com\/uk\/?s={search_term_string}\"},\"query-input\":{\"@type\":\"PropertyValueSpecification\",\"valueRequired\":true,\"valueName\":\"search_term_string\"}}],\"inLanguage\":\"en-GB\"},{\"@type\":\"Organization\",\"@id\":\"https:\/\/www.accartbooks.com\/uk\/#organization\",\"name\":\"ACC Art Books UK\",\"url\":\"https:\/\/www.accartbooks.com\/uk\/\",\"logo\":{\"@type\":\"ImageObject\",\"inLanguage\":\"en-GB\",\"@id\":\"https:\/\/www.accartbooks.com\/uk\/#\/schema\/logo\/image\/\",\"url\":\"https:\/\/www.accartbooks.com\/app\/uploads\/2020\/05\/Acc-Logo.png\",\"contentUrl\":\"https:\/\/www.accartbooks.com\/app\/uploads\/2020\/05\/Acc-Logo.png\",\"width\":64,\"height\":100,\"caption\":\"ACC Art Books UK\"},\"image\":{\"@id\":\"https:\/\/www.accartbooks.com\/uk\/#\/schema\/logo\/image\/\"},\"sameAs\":[\"https:\/\/www.facebook.com\/ACCArtBooks\/\",\"https:\/\/x.com\/accartbooks\"]}]}<\/script>\n<!-- \/ Yoast SEO plugin. -->","yoast_head_json":{"title":"Susanne Walstr\u00f6m - ACC Art Books UK","description":"Title: Susanne Walstr\u00f6m, Pages: 152 Pages, Publish Date: 21st Jul 2020, Author: Edited by Susanne Walstr\u00f6m, Text by Hildur Kn\u00fatsd\u00f3ttir, Translated by Elisabeth Wenn\u00f6, Translated by K.B. Thors, ISBN: 9783735604507. In recent years, photographer Susanne Walstrom has returned to Iceland many times to document the poetic interaction between horses and nature. In Black Lava Fairy Tale time ceases and the saga commences; a saga in which all humans have dismounted and the horses are on their own.","robots":{"index":"index","follow":"follow","max-snippet":"max-snippet:-1","max-image-preview":"max-image-preview:large","max-video-preview":"max-video-preview:-1"},"canonical":"https:\/\/www.accartbooks.com\/uk\/book\/susanne-walstrom\/","og_locale":"en_GB","og_type":"article","og_title":"Susanne Walstr\u00f6m - ACC Art Books UK","og_description":"Title: Susanne Walstr\u00f6m, Pages: 152 Pages, Publish Date: 21st Jul 2020, Author: Edited by Susanne Walstr\u00f6m, Text by Hildur Kn\u00fatsd\u00f3ttir, Translated by Elisabeth Wenn\u00f6, Translated by K.B. Thors, ISBN: 9783735604507. In recent years, photographer Susanne Walstrom has returned to Iceland many times to document the poetic interaction between horses and nature. In Black Lava Fairy Tale time ceases and the saga commences; a saga in which all humans have dismounted and the horses are on their own.","og_url":"https:\/\/www.accartbooks.com\/uk\/book\/susanne-walstrom\/","og_site_name":"ACC Art Books UK","article_publisher":"https:\/\/www.facebook.com\/ACCArtBooks\/","article_modified_time":"2025-08-07T15:11:34+00:00","og_image":[{"width":831,"height":1000,"url":"https:\/\/www.accartbooks.com\/app\/uploads\/books\/9783735604507-04-1.jpg","type":"image\/jpeg"}],"twitter_card":"summary_large_image","twitter_site":"@accartbooks","twitter_misc":{"Estimated reading time":"1 minute"},"schema":{"@context":"https:\/\/schema.org","@graph":[{"@type":"WebPage","@id":"https:\/\/www.accartbooks.com\/uk\/book\/susanne-walstrom\/","url":"https:\/\/www.accartbooks.com\/uk\/book\/susanne-walstrom\/","name":"Susanne Walstr\u00f6m - ACC Art Books UK","isPartOf":{"@id":"https:\/\/www.accartbooks.com\/uk\/#website"},"primaryImageOfPage":{"@id":"https:\/\/www.accartbooks.com\/uk\/book\/susanne-walstrom\/#primaryimage"},"image":{"@id":"https:\/\/www.accartbooks.com\/uk\/book\/susanne-walstrom\/#primaryimage"},"thumbnailUrl":"https:\/\/www.accartbooks.com\/app\/uploads\/books\/9783735604507-04-1.jpg","datePublished":"2022-03-01T10:10:44+00:00","dateModified":"2025-08-07T15:11:34+00:00","description":"Title: Susanne Walstr\u00f6m, Pages: 152 Pages, Publish Date: 21st Jul 2020, Author: Edited by Susanne Walstr\u00f6m, Text by Hildur Kn\u00fatsd\u00f3ttir, Translated by Elisabeth Wenn\u00f6, Translated by K.B. Thors, ISBN: 9783735604507. In recent years, photographer Susanne Walstrom has returned to Iceland many times to document the poetic interaction between horses and nature. In Black Lava Fairy Tale time ceases and the saga commences; a saga in which all humans have dismounted and the horses are on their own.","breadcrumb":{"@id":"https:\/\/www.accartbooks.com\/uk\/book\/susanne-walstrom\/#breadcrumb"},"inLanguage":"en-GB","potentialAction":[{"@type":"ReadAction","target":["https:\/\/www.accartbooks.com\/uk\/book\/susanne-walstrom\/"]}]},{"@type":"ImageObject","inLanguage":"en-GB","@id":"https:\/\/www.accartbooks.com\/uk\/book\/susanne-walstrom\/#primaryimage","url":"https:\/\/www.accartbooks.com\/app\/uploads\/books\/9783735604507-04-1.jpg","contentUrl":"https:\/\/www.accartbooks.com\/app\/uploads\/books\/9783735604507-04-1.jpg","width":831,"height":1000},{"@type":"BreadcrumbList","@id":"https:\/\/www.accartbooks.com\/uk\/book\/susanne-walstrom\/#breadcrumb","itemListElement":[{"@type":"ListItem","position":1,"name":"Home","item":"https:\/\/www.accartbooks.com\/uk\/"},{"@type":"ListItem","position":2,"name":"Books","item":"https:\/\/www.accartbooks.com\/uk\/books\/"},{"@type":"ListItem","position":3,"name":"Susanne Walstr\u00f6m"}]},{"@type":"WebSite","@id":"https:\/\/www.accartbooks.com\/uk\/#website","url":"https:\/\/www.accartbooks.com\/uk\/","name":"ACC Art Books UK","description":"One of the world\u2019s leading publishers and distributors of books on the arts and visual culture","publisher":{"@id":"https:\/\/www.accartbooks.com\/uk\/#organization"},"potentialAction":[{"@type":"SearchAction","target":{"@type":"EntryPoint","urlTemplate":"https:\/\/www.accartbooks.com\/uk\/?s={search_term_string}"},"query-input":{"@type":"PropertyValueSpecification","valueRequired":true,"valueName":"search_term_string"}}],"inLanguage":"en-GB"},{"@type":"Organization","@id":"https:\/\/www.accartbooks.com\/uk\/#organization","name":"ACC Art Books UK","url":"https:\/\/www.accartbooks.com\/uk\/","logo":{"@type":"ImageObject","inLanguage":"en-GB","@id":"https:\/\/www.accartbooks.com\/uk\/#\/schema\/logo\/image\/","url":"https:\/\/www.accartbooks.com\/app\/uploads\/2020\/05\/Acc-Logo.png","contentUrl":"https:\/\/www.accartbooks.com\/app\/uploads\/2020\/05\/Acc-Logo.png","width":64,"height":100,"caption":"ACC Art Books UK"},"image":{"@id":"https:\/\/www.accartbooks.com\/uk\/#\/schema\/logo\/image\/"},"sameAs":["https:\/\/www.facebook.com\/ACCArtBooks\/","https:\/\/x.com\/accartbooks"]}]}},"_links":{"self":[{"href":"https:\/\/www.accartbooks.com\/uk\/wp-json\/wp\/v2\/product\/34179","targetHints":{"allow":["GET"]}}],"collection":[{"href":"https:\/\/www.accartbooks.com\/uk\/wp-json\/wp\/v2\/product"}],"about":[{"href":"https:\/\/www.accartbooks.com\/uk\/wp-json\/wp\/v2\/types\/product"}],"wp:featuredmedia":[{"embeddable":true,"href":"https:\/\/www.accartbooks.com\/uk\/wp-json\/wp\/v2\/media\/34180"}],"wp:attachment":[{"href":"https:\/\/www.accartbooks.com\/uk\/wp-json\/wp\/v2\/media?parent=34179"}],"wp:term":[{"taxonomy":"product_brand","embeddable":true,"href":"https:\/\/www.accartbooks.com\/uk\/wp-json\/wp\/v2\/product_brand?post=34179"},{"taxonomy":"product_cat","embeddable":true,"href":"https:\/\/www.accartbooks.com\/uk\/wp-json\/wp\/v2\/product_cat?post=34179"},{"taxonomy":"product_tag","embeddable":true,"href":"https:\/\/www.accartbooks.com\/uk\/wp-json\/wp\/v2\/product_tag?post=34179"}],"curies":[{"name":"wp","href":"https:\/\/api.w.org\/{rel}","templated":true}]}}