{"id":34369,"date":"2022-03-04T10:10:31","date_gmt":"2022-03-04T10:10:31","guid":{"rendered":"https:\/\/www.accartbooks.com\/uk\/book\/gunter-valda\/"},"modified":"2024-05-28T13:11:15","modified_gmt":"2024-05-28T13:11:15","slug":"gunter-valda","status":"publish","type":"product","link":"https:\/\/www.accartbooks.com\/uk\/book\/gunter-valda\/","title":{"rendered":"G\u00fcnter Valda"},"content":{"rendered":"<p>For nearly two years, hospital staff and nurses have been working at the limit of their capacity on hermetically sealed COVID wards. Struggling with worsening physical and mental health, having to wear protective equipment for hours on end and being constantly worried about contracting the virus and passing it on to family members, they have endured ordeals that are hard for outsiders to appreciate.<\/p>\n<p>With his new project, the photographer G&uuml;nter Valda &ndash; himself working as a hospital nurse &ndash; aims to give frontline healthcare workers a voice and put a face to their experience. He asked hospital staff to send him self-portraits from work and to jot down their thoughts and feelings. The result is a collection of snapshots showing faces that are marked by the dramatic scenes that unfold before them every day, with furrows, dents, and red lines caused by tightly fitting masks and protective gear. Who are the people behind these masks? What keeps them motivated? What are their thoughts? Valda&rsquo;s book is a deeply emotional testimony to our time. With its powerful images, it stands in solidarity with those on the frontline of the fight against the pandemic.<\/p>\n<p>Text in English and German.<\/p>\n","protected":false},"excerpt":{"rendered":"<p>Powerful self-portraits of intensive care hospital workers, along with their thoughts and feelings about the work they do and their lives on the frontline of the pandemic. Text in English and German.<\/p>\n","protected":false},"featured_media":34370,"template":"","meta":{"_acf_changed":false,"_relevanssi_hide_post":"","_relevanssi_hide_content":"","_relevanssi_pin_for_all":"","_relevanssi_pin_keywords":"","_relevanssi_unpin_keywords":"","_relevanssi_related_keywords":"","_relevanssi_related_include_ids":"","_relevanssi_related_exclude_ids":"","_relevanssi_related_no_append":"","_relevanssi_related_not_related":"","_relevanssi_related_posts":"","_relevanssi_noindex_reason":""},"product_brand":[],"product_cat":[5485],"product_tag":[],"class_list":{"0":"post-34369","1":"product","2":"type-product","3":"status-publish","4":"has-post-thumbnail","6":"product_cat-photography","7":"author-by-author-gunter-valda","8":"publisher-verlag-kettler","10":"first","11":"instock","12":"shipping-taxable","13":"purchasable","14":"product-type-simple"},"acf":[],"yoast_head":"<!-- This site is optimized with the Yoast SEO plugin v27.0 - https:\/\/yoast.com\/product\/yoast-seo-wordpress\/ -->\n<title>G\u00fcnter Valda - ACC Art Books UK<\/title>\n<meta name=\"description\" content=\"Title: G\u00fcnter Valda, Pages: 112 Pages, Publish Date: 19th Sep 2023, Author: G\u00fcnter Valda, ISBN: 9783862069729. Powerful self-portraits of intensive care hospital workers, along with their thoughts and feelings about the work they do and their lives on the frontline of the pandemic. Text in English and German.\" \/>\n<meta name=\"robots\" content=\"index, follow, max-snippet:-1, max-image-preview:large, max-video-preview:-1\" \/>\n<link rel=\"canonical\" href=\"https:\/\/www.accartbooks.com\/uk\/book\/gunter-valda\/\" \/>\n<meta property=\"og:locale\" content=\"en_GB\" \/>\n<meta property=\"og:type\" content=\"article\" \/>\n<meta property=\"og:title\" content=\"G\u00fcnter Valda - ACC Art Books UK\" \/>\n<meta property=\"og:description\" content=\"Title: G\u00fcnter Valda, Pages: 112 Pages, Publish Date: 19th Sep 2023, Author: G\u00fcnter Valda, ISBN: 9783862069729. Powerful self-portraits of intensive care hospital workers, along with their thoughts and feelings about the work they do and their lives on the frontline of the pandemic. Text in English and German.\" \/>\n<meta property=\"og:url\" content=\"https:\/\/www.accartbooks.com\/uk\/book\/gunter-valda\/\" \/>\n<meta property=\"og:site_name\" content=\"ACC Art Books UK\" \/>\n<meta property=\"article:publisher\" content=\"https:\/\/www.facebook.com\/ACCArtBooks\/\" \/>\n<meta property=\"article:modified_time\" content=\"2024-05-28T13:11:15+00:00\" \/>\n<meta property=\"og:image\" content=\"https:\/\/www.accartbooks.com\/app\/uploads\/books\/9783862069729-04-1.jpg\" \/>\n\t<meta property=\"og:image:width\" content=\"696\" \/>\n\t<meta property=\"og:image:height\" content=\"1000\" \/>\n\t<meta property=\"og:image:type\" content=\"image\/jpeg\" \/>\n<meta name=\"twitter:card\" content=\"summary_large_image\" \/>\n<meta name=\"twitter:site\" content=\"@accartbooks\" \/>\n<meta name=\"twitter:label1\" content=\"Estimated reading time\" \/>\n\t<meta name=\"twitter:data1\" content=\"1 minute\" \/>\n<script type=\"application\/ld+json\" class=\"yoast-schema-graph\">{\"@context\":\"https:\/\/schema.org\",\"@graph\":[{\"@type\":\"WebPage\",\"@id\":\"https:\/\/www.accartbooks.com\/uk\/book\/gunter-valda\/\",\"url\":\"https:\/\/www.accartbooks.com\/uk\/book\/gunter-valda\/\",\"name\":\"G\u00fcnter Valda - ACC Art Books UK\",\"isPartOf\":{\"@id\":\"https:\/\/www.accartbooks.com\/uk\/#website\"},\"primaryImageOfPage\":{\"@id\":\"https:\/\/www.accartbooks.com\/uk\/book\/gunter-valda\/#primaryimage\"},\"image\":{\"@id\":\"https:\/\/www.accartbooks.com\/uk\/book\/gunter-valda\/#primaryimage\"},\"thumbnailUrl\":\"https:\/\/www.accartbooks.com\/app\/uploads\/books\/9783862069729-04-1.jpg\",\"datePublished\":\"2022-03-04T10:10:31+00:00\",\"dateModified\":\"2024-05-28T13:11:15+00:00\",\"description\":\"Title: G\u00fcnter Valda, Pages: 112 Pages, Publish Date: 19th Sep 2023, Author: G\u00fcnter Valda, ISBN: 9783862069729. Powerful self-portraits of intensive care hospital workers, along with their thoughts and feelings about the work they do and their lives on the frontline of the pandemic. Text in English and German.\",\"breadcrumb\":{\"@id\":\"https:\/\/www.accartbooks.com\/uk\/book\/gunter-valda\/#breadcrumb\"},\"inLanguage\":\"en-GB\",\"potentialAction\":[{\"@type\":\"ReadAction\",\"target\":[\"https:\/\/www.accartbooks.com\/uk\/book\/gunter-valda\/\"]}]},{\"@type\":\"ImageObject\",\"inLanguage\":\"en-GB\",\"@id\":\"https:\/\/www.accartbooks.com\/uk\/book\/gunter-valda\/#primaryimage\",\"url\":\"https:\/\/www.accartbooks.com\/app\/uploads\/books\/9783862069729-04-1.jpg\",\"contentUrl\":\"https:\/\/www.accartbooks.com\/app\/uploads\/books\/9783862069729-04-1.jpg\",\"width\":696,\"height\":1000},{\"@type\":\"BreadcrumbList\",\"@id\":\"https:\/\/www.accartbooks.com\/uk\/book\/gunter-valda\/#breadcrumb\",\"itemListElement\":[{\"@type\":\"ListItem\",\"position\":1,\"name\":\"Home\",\"item\":\"https:\/\/www.accartbooks.com\/uk\/\"},{\"@type\":\"ListItem\",\"position\":2,\"name\":\"Books\",\"item\":\"https:\/\/www.accartbooks.com\/uk\/books\/\"},{\"@type\":\"ListItem\",\"position\":3,\"name\":\"G\u00fcnter Valda\"}]},{\"@type\":\"WebSite\",\"@id\":\"https:\/\/www.accartbooks.com\/uk\/#website\",\"url\":\"https:\/\/www.accartbooks.com\/uk\/\",\"name\":\"ACC Art Books UK\",\"description\":\"One of the world\u2019s leading publishers and distributors of books on the arts and visual culture\",\"publisher\":{\"@id\":\"https:\/\/www.accartbooks.com\/uk\/#organization\"},\"potentialAction\":[{\"@type\":\"SearchAction\",\"target\":{\"@type\":\"EntryPoint\",\"urlTemplate\":\"https:\/\/www.accartbooks.com\/uk\/?s={search_term_string}\"},\"query-input\":{\"@type\":\"PropertyValueSpecification\",\"valueRequired\":true,\"valueName\":\"search_term_string\"}}],\"inLanguage\":\"en-GB\"},{\"@type\":\"Organization\",\"@id\":\"https:\/\/www.accartbooks.com\/uk\/#organization\",\"name\":\"ACC Art Books UK\",\"url\":\"https:\/\/www.accartbooks.com\/uk\/\",\"logo\":{\"@type\":\"ImageObject\",\"inLanguage\":\"en-GB\",\"@id\":\"https:\/\/www.accartbooks.com\/uk\/#\/schema\/logo\/image\/\",\"url\":\"https:\/\/www.accartbooks.com\/app\/uploads\/2020\/05\/Acc-Logo.png\",\"contentUrl\":\"https:\/\/www.accartbooks.com\/app\/uploads\/2020\/05\/Acc-Logo.png\",\"width\":64,\"height\":100,\"caption\":\"ACC Art Books UK\"},\"image\":{\"@id\":\"https:\/\/www.accartbooks.com\/uk\/#\/schema\/logo\/image\/\"},\"sameAs\":[\"https:\/\/www.facebook.com\/ACCArtBooks\/\",\"https:\/\/x.com\/accartbooks\"]}]}<\/script>\n<!-- \/ Yoast SEO plugin. -->","yoast_head_json":{"title":"G\u00fcnter Valda - ACC Art Books UK","description":"Title: G\u00fcnter Valda, Pages: 112 Pages, Publish Date: 19th Sep 2023, Author: G\u00fcnter Valda, ISBN: 9783862069729. Powerful self-portraits of intensive care hospital workers, along with their thoughts and feelings about the work they do and their lives on the frontline of the pandemic. Text in English and German.","robots":{"index":"index","follow":"follow","max-snippet":"max-snippet:-1","max-image-preview":"max-image-preview:large","max-video-preview":"max-video-preview:-1"},"canonical":"https:\/\/www.accartbooks.com\/uk\/book\/gunter-valda\/","og_locale":"en_GB","og_type":"article","og_title":"G\u00fcnter Valda - ACC Art Books UK","og_description":"Title: G\u00fcnter Valda, Pages: 112 Pages, Publish Date: 19th Sep 2023, Author: G\u00fcnter Valda, ISBN: 9783862069729. Powerful self-portraits of intensive care hospital workers, along with their thoughts and feelings about the work they do and their lives on the frontline of the pandemic. Text in English and German.","og_url":"https:\/\/www.accartbooks.com\/uk\/book\/gunter-valda\/","og_site_name":"ACC Art Books UK","article_publisher":"https:\/\/www.facebook.com\/ACCArtBooks\/","article_modified_time":"2024-05-28T13:11:15+00:00","og_image":[{"width":696,"height":1000,"url":"https:\/\/www.accartbooks.com\/app\/uploads\/books\/9783862069729-04-1.jpg","type":"image\/jpeg"}],"twitter_card":"summary_large_image","twitter_site":"@accartbooks","twitter_misc":{"Estimated reading time":"1 minute"},"schema":{"@context":"https:\/\/schema.org","@graph":[{"@type":"WebPage","@id":"https:\/\/www.accartbooks.com\/uk\/book\/gunter-valda\/","url":"https:\/\/www.accartbooks.com\/uk\/book\/gunter-valda\/","name":"G\u00fcnter Valda - ACC Art Books UK","isPartOf":{"@id":"https:\/\/www.accartbooks.com\/uk\/#website"},"primaryImageOfPage":{"@id":"https:\/\/www.accartbooks.com\/uk\/book\/gunter-valda\/#primaryimage"},"image":{"@id":"https:\/\/www.accartbooks.com\/uk\/book\/gunter-valda\/#primaryimage"},"thumbnailUrl":"https:\/\/www.accartbooks.com\/app\/uploads\/books\/9783862069729-04-1.jpg","datePublished":"2022-03-04T10:10:31+00:00","dateModified":"2024-05-28T13:11:15+00:00","description":"Title: G\u00fcnter Valda, Pages: 112 Pages, Publish Date: 19th Sep 2023, Author: G\u00fcnter Valda, ISBN: 9783862069729. Powerful self-portraits of intensive care hospital workers, along with their thoughts and feelings about the work they do and their lives on the frontline of the pandemic. Text in English and German.","breadcrumb":{"@id":"https:\/\/www.accartbooks.com\/uk\/book\/gunter-valda\/#breadcrumb"},"inLanguage":"en-GB","potentialAction":[{"@type":"ReadAction","target":["https:\/\/www.accartbooks.com\/uk\/book\/gunter-valda\/"]}]},{"@type":"ImageObject","inLanguage":"en-GB","@id":"https:\/\/www.accartbooks.com\/uk\/book\/gunter-valda\/#primaryimage","url":"https:\/\/www.accartbooks.com\/app\/uploads\/books\/9783862069729-04-1.jpg","contentUrl":"https:\/\/www.accartbooks.com\/app\/uploads\/books\/9783862069729-04-1.jpg","width":696,"height":1000},{"@type":"BreadcrumbList","@id":"https:\/\/www.accartbooks.com\/uk\/book\/gunter-valda\/#breadcrumb","itemListElement":[{"@type":"ListItem","position":1,"name":"Home","item":"https:\/\/www.accartbooks.com\/uk\/"},{"@type":"ListItem","position":2,"name":"Books","item":"https:\/\/www.accartbooks.com\/uk\/books\/"},{"@type":"ListItem","position":3,"name":"G\u00fcnter Valda"}]},{"@type":"WebSite","@id":"https:\/\/www.accartbooks.com\/uk\/#website","url":"https:\/\/www.accartbooks.com\/uk\/","name":"ACC Art Books UK","description":"One of the world\u2019s leading publishers and distributors of books on the arts and visual culture","publisher":{"@id":"https:\/\/www.accartbooks.com\/uk\/#organization"},"potentialAction":[{"@type":"SearchAction","target":{"@type":"EntryPoint","urlTemplate":"https:\/\/www.accartbooks.com\/uk\/?s={search_term_string}"},"query-input":{"@type":"PropertyValueSpecification","valueRequired":true,"valueName":"search_term_string"}}],"inLanguage":"en-GB"},{"@type":"Organization","@id":"https:\/\/www.accartbooks.com\/uk\/#organization","name":"ACC Art Books UK","url":"https:\/\/www.accartbooks.com\/uk\/","logo":{"@type":"ImageObject","inLanguage":"en-GB","@id":"https:\/\/www.accartbooks.com\/uk\/#\/schema\/logo\/image\/","url":"https:\/\/www.accartbooks.com\/app\/uploads\/2020\/05\/Acc-Logo.png","contentUrl":"https:\/\/www.accartbooks.com\/app\/uploads\/2020\/05\/Acc-Logo.png","width":64,"height":100,"caption":"ACC Art Books UK"},"image":{"@id":"https:\/\/www.accartbooks.com\/uk\/#\/schema\/logo\/image\/"},"sameAs":["https:\/\/www.facebook.com\/ACCArtBooks\/","https:\/\/x.com\/accartbooks"]}]}},"_links":{"self":[{"href":"https:\/\/www.accartbooks.com\/uk\/wp-json\/wp\/v2\/product\/34369","targetHints":{"allow":["GET"]}}],"collection":[{"href":"https:\/\/www.accartbooks.com\/uk\/wp-json\/wp\/v2\/product"}],"about":[{"href":"https:\/\/www.accartbooks.com\/uk\/wp-json\/wp\/v2\/types\/product"}],"wp:featuredmedia":[{"embeddable":true,"href":"https:\/\/www.accartbooks.com\/uk\/wp-json\/wp\/v2\/media\/34370"}],"wp:attachment":[{"href":"https:\/\/www.accartbooks.com\/uk\/wp-json\/wp\/v2\/media?parent=34369"}],"wp:term":[{"taxonomy":"product_brand","embeddable":true,"href":"https:\/\/www.accartbooks.com\/uk\/wp-json\/wp\/v2\/product_brand?post=34369"},{"taxonomy":"product_cat","embeddable":true,"href":"https:\/\/www.accartbooks.com\/uk\/wp-json\/wp\/v2\/product_cat?post=34369"},{"taxonomy":"product_tag","embeddable":true,"href":"https:\/\/www.accartbooks.com\/uk\/wp-json\/wp\/v2\/product_tag?post=34369"}],"curies":[{"name":"wp","href":"https:\/\/api.w.org\/{rel}","templated":true}]}}