{"id":35106,"date":"2022-03-25T18:11:03","date_gmt":"2022-03-25T18:11:03","guid":{"rendered":"https:\/\/www.accartbooks.com\/uk\/book\/olga-jevric\/"},"modified":"2023-04-26T14:37:15","modified_gmt":"2023-04-26T14:37:15","slug":"olga-jevric","status":"publish","type":"product","link":"https:\/\/www.accartbooks.com\/uk\/book\/olga-jevric\/","title":{"rendered":"Olga Jevri\u0107"},"content":{"rendered":"<p>This first ever monograph in English on Olga Jevri\u0107 offers a unique opportunity to discover the work of a remarkable Serbian artist whose long and distinguished career established her as the most significant modernist sculptor from the former Yugoslavia. <\/p>\n<p>Despite gaining widespread acclaim from her contemporaries both in Europe and the USA, economic, social and geopolitical upheavals meant that her work has been little seen outside Serbia in the past four decades. <\/p>\n<p>As a witness to the Second World War and its aftermath, Jevri\u0107 sought to give voice to the spiritual roots, cultural foundation and social conditions of the war-torn environment in which her work developed. <\/p>\n<p>Through her materials \u2013 primarily a mixture of cement, iron oxide, rods and nails \u2013 she created distinctive forms that communicate the relationship between matter and void; weight and weightlessness; containment and release. Though many of her works are modest in scale, they have an immensely powerful presence. <\/p>\n<p>This collection of texts and images provides a range of perspectives on, and a thorough contextual overview of, Jevri\u0107\u2019s work from some of the UK\u2019s most influential sculptors, alongside prominent art historians from the former Yugoslavia. It was produced in celebration of Jevri\u0107&#8217;s exhibitions at London art platforms PEER (28 June\u201314 September 2019) and Handel Street Projects (28 June\u201313 December 2019), along with the acquisition of nine of her sculptures by Tate Modern.<\/p>\n","protected":false},"excerpt":{"rendered":"<p>This publication \u2013 the first monograph in English on Olga Jevri\u0107 \u2013 offers a unique opportunity to discover the work of a remarkable Serbian female sculptor.<br \/>Preface 6<br \/>\nIngrid Swenson<br \/>\nOlga Jevri\u0107: Spatial Compositions 9<br \/>\nFedja Klikovac<br \/>\nA Wonderful Artist 17<br \/>\nRichard Deacon<br \/>\nin her own time 23<br \/>\nPhyllida Barlow<br \/>\nOlga Jevri\u0107 37<br \/>\nJe\u0161a Denegri<br \/>\nOlga Jevri\u0107 at peer 46<br \/>\nOlga Jevri\u0107 at Handel Street Projects 68<br \/>\nOlga Jevri\u0107: Space and Time 79<br \/>\n43 Theses 84<br \/>\nOlga Jevri\u0107<br \/>\nOlga Jevri\u0107 sculptures, 1950\u20131970 87<br \/>\nJoan Key<br \/>\nPhotographic credits 95<\/p>\n","protected":false},"featured_media":35107,"template":"","meta":{"_acf_changed":false,"_relevanssi_hide_post":"","_relevanssi_hide_content":"","_relevanssi_pin_for_all":"","_relevanssi_pin_keywords":"","_relevanssi_unpin_keywords":"","_relevanssi_related_keywords":"","_relevanssi_related_include_ids":"","_relevanssi_related_exclude_ids":"","_relevanssi_related_no_append":"","_relevanssi_related_not_related":"","_relevanssi_related_posts":"","_relevanssi_noindex_reason":""},"product_brand":[],"product_cat":[5568],"product_tag":[],"class_list":{"0":"post-35106","1":"product","2":"type-product","3":"status-publish","4":"has-post-thumbnail","6":"product_cat-art","7":"author-introduction-by-fedja-klikovac","8":"author-preface-by-ingrid-swenson","9":"author-text-by-jesa-denegri","10":"author-text-by-joan-key","11":"author-text-by-phyllida-barlow","12":"author-text-by-richard-deacon","13":"publisher-ridinghouse","15":"first","16":"instock","17":"shipping-taxable","18":"purchasable","19":"product-type-simple"},"acf":[],"yoast_head":"<!-- This site is optimized with the Yoast SEO plugin v27.0 - https:\/\/yoast.com\/product\/yoast-seo-wordpress\/ -->\n<title>Olga Jevri\u0107 - ACC Art Books UK<\/title>\n<meta name=\"description\" content=\"Title: Olga Jevri\u0107, Pages: 96 Pages, Publish Date: 17th Mar 2022, Author: Introduction by Fedja Klikovac, Preface by Ingrid Swenson, Text by Je\u0161a Denegri, Text by Joan Key, Text by Phyllida Barlow, Text by Richard Deacon, ISBN: 9781909932579. This publication \u2013 the first monograph in English on Olga Jevri\u0107 \u2013 offers a unique opportunity to discover the work of a remarkable Serbian female sculptor.Preface 6 Ingrid Swenson Olga Jevri\u0107: Spatial Compositions 9 Fedja Klikovac A Wonderful Artist 17 Richard Deacon in her own time 23 Phyllida Barlow Olga Jevri\u0107 37 Je\u0161a Denegri Olga Jevri\u0107 at peer 46 Olga Jevri\u0107 at Handel Street Projects 68 Olga Jevri\u0107: Space and Time 79 43 Theses 84 Olga Jevri\u0107 Olga Jevri\u0107 sculptures, 1950\u20131970 87 Joan Key Photographic credits 95\" \/>\n<meta name=\"robots\" content=\"index, follow, max-snippet:-1, max-image-preview:large, max-video-preview:-1\" \/>\n<link rel=\"canonical\" href=\"https:\/\/www.accartbooks.com\/uk\/book\/olga-jevric\/\" \/>\n<meta property=\"og:locale\" content=\"en_GB\" \/>\n<meta property=\"og:type\" content=\"article\" \/>\n<meta property=\"og:title\" content=\"Olga Jevri\u0107 - ACC Art Books UK\" \/>\n<meta property=\"og:description\" content=\"Title: Olga Jevri\u0107, Pages: 96 Pages, Publish Date: 17th Mar 2022, Author: Introduction by Fedja Klikovac, Preface by Ingrid Swenson, Text by Je\u0161a Denegri, Text by Joan Key, Text by Phyllida Barlow, Text by Richard Deacon, ISBN: 9781909932579. This publication \u2013 the first monograph in English on Olga Jevri\u0107 \u2013 offers a unique opportunity to discover the work of a remarkable Serbian female sculptor.Preface 6 Ingrid Swenson Olga Jevri\u0107: Spatial Compositions 9 Fedja Klikovac A Wonderful Artist 17 Richard Deacon in her own time 23 Phyllida Barlow Olga Jevri\u0107 37 Je\u0161a Denegri Olga Jevri\u0107 at peer 46 Olga Jevri\u0107 at Handel Street Projects 68 Olga Jevri\u0107: Space and Time 79 43 Theses 84 Olga Jevri\u0107 Olga Jevri\u0107 sculptures, 1950\u20131970 87 Joan Key Photographic credits 95\" \/>\n<meta property=\"og:url\" content=\"https:\/\/www.accartbooks.com\/uk\/book\/olga-jevric\/\" \/>\n<meta property=\"og:site_name\" content=\"ACC Art Books UK\" \/>\n<meta property=\"article:publisher\" content=\"https:\/\/www.facebook.com\/ACCArtBooks\/\" \/>\n<meta property=\"article:modified_time\" content=\"2023-04-26T14:37:15+00:00\" \/>\n<meta property=\"og:image\" content=\"https:\/\/www.accartbooks.com\/app\/uploads\/books\/9781909932579-04-1.jpg\" \/>\n\t<meta property=\"og:image:width\" content=\"1097\" \/>\n\t<meta property=\"og:image:height\" content=\"1000\" \/>\n\t<meta property=\"og:image:type\" content=\"image\/jpeg\" \/>\n<meta name=\"twitter:card\" content=\"summary_large_image\" \/>\n<meta name=\"twitter:site\" content=\"@accartbooks\" \/>\n<meta name=\"twitter:label1\" content=\"Estimated reading time\" \/>\n\t<meta name=\"twitter:data1\" content=\"1 minute\" \/>\n<script type=\"application\/ld+json\" class=\"yoast-schema-graph\">{\"@context\":\"https:\/\/schema.org\",\"@graph\":[{\"@type\":\"WebPage\",\"@id\":\"https:\/\/www.accartbooks.com\/uk\/book\/olga-jevric\/\",\"url\":\"https:\/\/www.accartbooks.com\/uk\/book\/olga-jevric\/\",\"name\":\"Olga Jevri\u0107 - ACC Art Books UK\",\"isPartOf\":{\"@id\":\"https:\/\/www.accartbooks.com\/uk\/#website\"},\"primaryImageOfPage\":{\"@id\":\"https:\/\/www.accartbooks.com\/uk\/book\/olga-jevric\/#primaryimage\"},\"image\":{\"@id\":\"https:\/\/www.accartbooks.com\/uk\/book\/olga-jevric\/#primaryimage\"},\"thumbnailUrl\":\"https:\/\/www.accartbooks.com\/app\/uploads\/books\/9781909932579-04-1.jpg\",\"datePublished\":\"2022-03-25T18:11:03+00:00\",\"dateModified\":\"2023-04-26T14:37:15+00:00\",\"description\":\"Title: Olga Jevri\u0107, Pages: 96 Pages, Publish Date: 17th Mar 2022, Author: Introduction by Fedja Klikovac, Preface by Ingrid Swenson, Text by Je\u0161a Denegri, Text by Joan Key, Text by Phyllida Barlow, Text by Richard Deacon, ISBN: 9781909932579. This publication \u2013 the first monograph in English on Olga Jevri\u0107 \u2013 offers a unique opportunity to discover the work of a remarkable Serbian female sculptor.Preface 6 Ingrid Swenson Olga Jevri\u0107: Spatial Compositions 9 Fedja Klikovac A Wonderful Artist 17 Richard Deacon in her own time 23 Phyllida Barlow Olga Jevri\u0107 37 Je\u0161a Denegri Olga Jevri\u0107 at peer 46 Olga Jevri\u0107 at Handel Street Projects 68 Olga Jevri\u0107: Space and Time 79 43 Theses 84 Olga Jevri\u0107 Olga Jevri\u0107 sculptures, 1950\u20131970 87 Joan Key Photographic credits 95\",\"breadcrumb\":{\"@id\":\"https:\/\/www.accartbooks.com\/uk\/book\/olga-jevric\/#breadcrumb\"},\"inLanguage\":\"en-GB\",\"potentialAction\":[{\"@type\":\"ReadAction\",\"target\":[\"https:\/\/www.accartbooks.com\/uk\/book\/olga-jevric\/\"]}]},{\"@type\":\"ImageObject\",\"inLanguage\":\"en-GB\",\"@id\":\"https:\/\/www.accartbooks.com\/uk\/book\/olga-jevric\/#primaryimage\",\"url\":\"https:\/\/www.accartbooks.com\/app\/uploads\/books\/9781909932579-04-1.jpg\",\"contentUrl\":\"https:\/\/www.accartbooks.com\/app\/uploads\/books\/9781909932579-04-1.jpg\",\"width\":1097,\"height\":1000},{\"@type\":\"BreadcrumbList\",\"@id\":\"https:\/\/www.accartbooks.com\/uk\/book\/olga-jevric\/#breadcrumb\",\"itemListElement\":[{\"@type\":\"ListItem\",\"position\":1,\"name\":\"Home\",\"item\":\"https:\/\/www.accartbooks.com\/uk\/\"},{\"@type\":\"ListItem\",\"position\":2,\"name\":\"Books\",\"item\":\"https:\/\/www.accartbooks.com\/uk\/books\/\"},{\"@type\":\"ListItem\",\"position\":3,\"name\":\"Olga Jevri\u0107\"}]},{\"@type\":\"WebSite\",\"@id\":\"https:\/\/www.accartbooks.com\/uk\/#website\",\"url\":\"https:\/\/www.accartbooks.com\/uk\/\",\"name\":\"ACC Art Books UK\",\"description\":\"One of the world\u2019s leading publishers and distributors of books on the arts and visual culture\",\"publisher\":{\"@id\":\"https:\/\/www.accartbooks.com\/uk\/#organization\"},\"potentialAction\":[{\"@type\":\"SearchAction\",\"target\":{\"@type\":\"EntryPoint\",\"urlTemplate\":\"https:\/\/www.accartbooks.com\/uk\/?s={search_term_string}\"},\"query-input\":{\"@type\":\"PropertyValueSpecification\",\"valueRequired\":true,\"valueName\":\"search_term_string\"}}],\"inLanguage\":\"en-GB\"},{\"@type\":\"Organization\",\"@id\":\"https:\/\/www.accartbooks.com\/uk\/#organization\",\"name\":\"ACC Art Books UK\",\"url\":\"https:\/\/www.accartbooks.com\/uk\/\",\"logo\":{\"@type\":\"ImageObject\",\"inLanguage\":\"en-GB\",\"@id\":\"https:\/\/www.accartbooks.com\/uk\/#\/schema\/logo\/image\/\",\"url\":\"https:\/\/www.accartbooks.com\/app\/uploads\/2020\/05\/Acc-Logo.png\",\"contentUrl\":\"https:\/\/www.accartbooks.com\/app\/uploads\/2020\/05\/Acc-Logo.png\",\"width\":64,\"height\":100,\"caption\":\"ACC Art Books UK\"},\"image\":{\"@id\":\"https:\/\/www.accartbooks.com\/uk\/#\/schema\/logo\/image\/\"},\"sameAs\":[\"https:\/\/www.facebook.com\/ACCArtBooks\/\",\"https:\/\/x.com\/accartbooks\"]}]}<\/script>\n<!-- \/ Yoast SEO plugin. -->","yoast_head_json":{"title":"Olga Jevri\u0107 - ACC Art Books UK","description":"Title: Olga Jevri\u0107, Pages: 96 Pages, Publish Date: 17th Mar 2022, Author: Introduction by Fedja Klikovac, Preface by Ingrid Swenson, Text by Je\u0161a Denegri, Text by Joan Key, Text by Phyllida Barlow, Text by Richard Deacon, ISBN: 9781909932579. This publication \u2013 the first monograph in English on Olga Jevri\u0107 \u2013 offers a unique opportunity to discover the work of a remarkable Serbian female sculptor.Preface 6 Ingrid Swenson Olga Jevri\u0107: Spatial Compositions 9 Fedja Klikovac A Wonderful Artist 17 Richard Deacon in her own time 23 Phyllida Barlow Olga Jevri\u0107 37 Je\u0161a Denegri Olga Jevri\u0107 at peer 46 Olga Jevri\u0107 at Handel Street Projects 68 Olga Jevri\u0107: Space and Time 79 43 Theses 84 Olga Jevri\u0107 Olga Jevri\u0107 sculptures, 1950\u20131970 87 Joan Key Photographic credits 95","robots":{"index":"index","follow":"follow","max-snippet":"max-snippet:-1","max-image-preview":"max-image-preview:large","max-video-preview":"max-video-preview:-1"},"canonical":"https:\/\/www.accartbooks.com\/uk\/book\/olga-jevric\/","og_locale":"en_GB","og_type":"article","og_title":"Olga Jevri\u0107 - ACC Art Books UK","og_description":"Title: Olga Jevri\u0107, Pages: 96 Pages, Publish Date: 17th Mar 2022, Author: Introduction by Fedja Klikovac, Preface by Ingrid Swenson, Text by Je\u0161a Denegri, Text by Joan Key, Text by Phyllida Barlow, Text by Richard Deacon, ISBN: 9781909932579. This publication \u2013 the first monograph in English on Olga Jevri\u0107 \u2013 offers a unique opportunity to discover the work of a remarkable Serbian female sculptor.Preface 6 Ingrid Swenson Olga Jevri\u0107: Spatial Compositions 9 Fedja Klikovac A Wonderful Artist 17 Richard Deacon in her own time 23 Phyllida Barlow Olga Jevri\u0107 37 Je\u0161a Denegri Olga Jevri\u0107 at peer 46 Olga Jevri\u0107 at Handel Street Projects 68 Olga Jevri\u0107: Space and Time 79 43 Theses 84 Olga Jevri\u0107 Olga Jevri\u0107 sculptures, 1950\u20131970 87 Joan Key Photographic credits 95","og_url":"https:\/\/www.accartbooks.com\/uk\/book\/olga-jevric\/","og_site_name":"ACC Art Books UK","article_publisher":"https:\/\/www.facebook.com\/ACCArtBooks\/","article_modified_time":"2023-04-26T14:37:15+00:00","og_image":[{"width":1097,"height":1000,"url":"https:\/\/www.accartbooks.com\/app\/uploads\/books\/9781909932579-04-1.jpg","type":"image\/jpeg"}],"twitter_card":"summary_large_image","twitter_site":"@accartbooks","twitter_misc":{"Estimated reading time":"1 minute"},"schema":{"@context":"https:\/\/schema.org","@graph":[{"@type":"WebPage","@id":"https:\/\/www.accartbooks.com\/uk\/book\/olga-jevric\/","url":"https:\/\/www.accartbooks.com\/uk\/book\/olga-jevric\/","name":"Olga Jevri\u0107 - ACC Art Books UK","isPartOf":{"@id":"https:\/\/www.accartbooks.com\/uk\/#website"},"primaryImageOfPage":{"@id":"https:\/\/www.accartbooks.com\/uk\/book\/olga-jevric\/#primaryimage"},"image":{"@id":"https:\/\/www.accartbooks.com\/uk\/book\/olga-jevric\/#primaryimage"},"thumbnailUrl":"https:\/\/www.accartbooks.com\/app\/uploads\/books\/9781909932579-04-1.jpg","datePublished":"2022-03-25T18:11:03+00:00","dateModified":"2023-04-26T14:37:15+00:00","description":"Title: Olga Jevri\u0107, Pages: 96 Pages, Publish Date: 17th Mar 2022, Author: Introduction by Fedja Klikovac, Preface by Ingrid Swenson, Text by Je\u0161a Denegri, Text by Joan Key, Text by Phyllida Barlow, Text by Richard Deacon, ISBN: 9781909932579. This publication \u2013 the first monograph in English on Olga Jevri\u0107 \u2013 offers a unique opportunity to discover the work of a remarkable Serbian female sculptor.Preface 6 Ingrid Swenson Olga Jevri\u0107: Spatial Compositions 9 Fedja Klikovac A Wonderful Artist 17 Richard Deacon in her own time 23 Phyllida Barlow Olga Jevri\u0107 37 Je\u0161a Denegri Olga Jevri\u0107 at peer 46 Olga Jevri\u0107 at Handel Street Projects 68 Olga Jevri\u0107: Space and Time 79 43 Theses 84 Olga Jevri\u0107 Olga Jevri\u0107 sculptures, 1950\u20131970 87 Joan Key Photographic credits 95","breadcrumb":{"@id":"https:\/\/www.accartbooks.com\/uk\/book\/olga-jevric\/#breadcrumb"},"inLanguage":"en-GB","potentialAction":[{"@type":"ReadAction","target":["https:\/\/www.accartbooks.com\/uk\/book\/olga-jevric\/"]}]},{"@type":"ImageObject","inLanguage":"en-GB","@id":"https:\/\/www.accartbooks.com\/uk\/book\/olga-jevric\/#primaryimage","url":"https:\/\/www.accartbooks.com\/app\/uploads\/books\/9781909932579-04-1.jpg","contentUrl":"https:\/\/www.accartbooks.com\/app\/uploads\/books\/9781909932579-04-1.jpg","width":1097,"height":1000},{"@type":"BreadcrumbList","@id":"https:\/\/www.accartbooks.com\/uk\/book\/olga-jevric\/#breadcrumb","itemListElement":[{"@type":"ListItem","position":1,"name":"Home","item":"https:\/\/www.accartbooks.com\/uk\/"},{"@type":"ListItem","position":2,"name":"Books","item":"https:\/\/www.accartbooks.com\/uk\/books\/"},{"@type":"ListItem","position":3,"name":"Olga Jevri\u0107"}]},{"@type":"WebSite","@id":"https:\/\/www.accartbooks.com\/uk\/#website","url":"https:\/\/www.accartbooks.com\/uk\/","name":"ACC Art Books UK","description":"One of the world\u2019s leading publishers and distributors of books on the arts and visual culture","publisher":{"@id":"https:\/\/www.accartbooks.com\/uk\/#organization"},"potentialAction":[{"@type":"SearchAction","target":{"@type":"EntryPoint","urlTemplate":"https:\/\/www.accartbooks.com\/uk\/?s={search_term_string}"},"query-input":{"@type":"PropertyValueSpecification","valueRequired":true,"valueName":"search_term_string"}}],"inLanguage":"en-GB"},{"@type":"Organization","@id":"https:\/\/www.accartbooks.com\/uk\/#organization","name":"ACC Art Books UK","url":"https:\/\/www.accartbooks.com\/uk\/","logo":{"@type":"ImageObject","inLanguage":"en-GB","@id":"https:\/\/www.accartbooks.com\/uk\/#\/schema\/logo\/image\/","url":"https:\/\/www.accartbooks.com\/app\/uploads\/2020\/05\/Acc-Logo.png","contentUrl":"https:\/\/www.accartbooks.com\/app\/uploads\/2020\/05\/Acc-Logo.png","width":64,"height":100,"caption":"ACC Art Books UK"},"image":{"@id":"https:\/\/www.accartbooks.com\/uk\/#\/schema\/logo\/image\/"},"sameAs":["https:\/\/www.facebook.com\/ACCArtBooks\/","https:\/\/x.com\/accartbooks"]}]}},"_links":{"self":[{"href":"https:\/\/www.accartbooks.com\/uk\/wp-json\/wp\/v2\/product\/35106","targetHints":{"allow":["GET"]}}],"collection":[{"href":"https:\/\/www.accartbooks.com\/uk\/wp-json\/wp\/v2\/product"}],"about":[{"href":"https:\/\/www.accartbooks.com\/uk\/wp-json\/wp\/v2\/types\/product"}],"wp:featuredmedia":[{"embeddable":true,"href":"https:\/\/www.accartbooks.com\/uk\/wp-json\/wp\/v2\/media\/35107"}],"wp:attachment":[{"href":"https:\/\/www.accartbooks.com\/uk\/wp-json\/wp\/v2\/media?parent=35106"}],"wp:term":[{"taxonomy":"product_brand","embeddable":true,"href":"https:\/\/www.accartbooks.com\/uk\/wp-json\/wp\/v2\/product_brand?post=35106"},{"taxonomy":"product_cat","embeddable":true,"href":"https:\/\/www.accartbooks.com\/uk\/wp-json\/wp\/v2\/product_cat?post=35106"},{"taxonomy":"product_tag","embeddable":true,"href":"https:\/\/www.accartbooks.com\/uk\/wp-json\/wp\/v2\/product_tag?post=35106"}],"curies":[{"name":"wp","href":"https:\/\/api.w.org\/{rel}","templated":true}]}}