{"id":36460,"date":"2022-05-11T11:11:07","date_gmt":"2022-05-11T11:11:07","guid":{"rendered":"https:\/\/www.accartbooks.com\/uk\/book\/frederic-bruly-bouabre\/"},"modified":"2024-12-03T12:12:43","modified_gmt":"2024-12-03T12:12:43","slug":"frederic-bruly-bouabre","status":"publish","type":"product","link":"https:\/\/www.accartbooks.com\/uk\/book\/frederic-bruly-bouabre\/","title":{"rendered":"Fr\u00e9d\u00e9ric Bruly Bouabr\u00e9"},"content":{"rendered":"<p>Fr&eacute;d&eacute;ric Bruly Bouabr&eacute; (Ivory Coast, 1923-2014) was a self-taught artist and one of the most relevant international voices of the second half of the 20th century, not only for his visual creation, but also thanks to his contributions to other cultural fields, such as poetry, philosophy, and essay writing. In 1948 he experienced a &ldquo;revelation&rdquo;: from that moment on, he called himself &ldquo;Cheik Nadro&rdquo; (he who does not forget) and he not only undertook a philosophical research into African reality and the meaning of life, but he also began creating a monumental work of art entitled <em>Connaissance du monde<\/em>. With pen and coloured pencils on 10&#215;15 cm (3.9&#215;5.9 in) sheets of construction paper, he gave life to a sort of visual encyclopaedia that grew richer by the day.<\/p>\n<p>Another especially interesting work by this artist is <em>Alphabet B&eacute;t&eacute;<\/em>, an alphabet made up of 448 monosyllabic pictograms intended to establish a connection between the European and African cultures and to inspire a sense of brotherhood.<\/p>\n<p>These two extremely relevant works, as well as other series of drawings by the artist, are the central nucleus of this volume, which complements the exhibition at the MoMA in New York, <em>Fr&eacute;d&eacute;ric Bruly Bouabr&eacute;: World Unbound<\/em>. Bouabr&eacute; has been featured in all the most prestigious international venues, from the Centre George Pompidou in Paris, to the Guggenheim Museum in Bilbao, from the Tate Modern in London to the Portikus in Frankfurt. He was also present at the 55th Biennale in Venice, at Documenta in Kassel, and at the Bienal in S&atilde;o Paulo.<\/p>\n<p>Text in French.<\/p>\n","protected":false},"excerpt":{"rendered":"<p>Two extremely relevant works are the central nucleus of this volume, which complements the exhibition at the MoMA in New York, Fr&eacute;d&eacute;ric Bruly Bouabr&eacute;: World Unbound. Text in French.<\/p>\n","protected":false},"featured_media":36461,"template":"","meta":{"_acf_changed":false,"_relevanssi_hide_post":"","_relevanssi_hide_content":"","_relevanssi_pin_for_all":"","_relevanssi_pin_keywords":"","_relevanssi_unpin_keywords":"","_relevanssi_related_keywords":"","_relevanssi_related_include_ids":"","_relevanssi_related_exclude_ids":"","_relevanssi_related_no_append":"","_relevanssi_related_not_related":"","_relevanssi_related_posts":"","_relevanssi_noindex_reason":""},"product_brand":[],"product_cat":[5568],"product_tag":[],"class_list":{"0":"post-36460","1":"product","2":"type-product","3":"status-publish","4":"has-post-thumbnail","6":"product_cat-art","7":"author-edited-by-5-continents-editions","8":"publisher-five-continents-editions","10":"first","11":"instock","12":"shipping-taxable","13":"purchasable","14":"product-type-simple"},"acf":[],"yoast_head":"<!-- This site is optimized with the Yoast SEO plugin v27.0 - https:\/\/yoast.com\/product\/yoast-seo-wordpress\/ -->\n<title>Fr\u00e9d\u00e9ric Bruly Bouabr\u00e9 - ACC Art Books UK<\/title>\n<meta name=\"description\" content=\"Title: Fr\u00e9d\u00e9ric Bruly Bouabr\u00e9, Pages: 96 Pages, Publish Date: 14th Jun 2022, Author: Edited by 5 Continents Editions, ISBN: 9791254600061. Two extremely relevant works are the central nucleus of this volume, which complements the exhibition at the MoMA in New York, Fr&eacute;d&eacute;ric Bruly Bouabr&eacute;: World Unbound. Text in French.\" \/>\n<meta name=\"robots\" content=\"index, follow, max-snippet:-1, max-image-preview:large, max-video-preview:-1\" \/>\n<link rel=\"canonical\" href=\"https:\/\/www.accartbooks.com\/uk\/book\/frederic-bruly-bouabre\/\" \/>\n<meta property=\"og:locale\" content=\"en_GB\" \/>\n<meta property=\"og:type\" content=\"article\" \/>\n<meta property=\"og:title\" content=\"Fr\u00e9d\u00e9ric Bruly Bouabr\u00e9 - ACC Art Books UK\" \/>\n<meta property=\"og:description\" content=\"Title: Fr\u00e9d\u00e9ric Bruly Bouabr\u00e9, Pages: 96 Pages, Publish Date: 14th Jun 2022, Author: Edited by 5 Continents Editions, ISBN: 9791254600061. Two extremely relevant works are the central nucleus of this volume, which complements the exhibition at the MoMA in New York, Fr&eacute;d&eacute;ric Bruly Bouabr&eacute;: World Unbound. Text in French.\" \/>\n<meta property=\"og:url\" content=\"https:\/\/www.accartbooks.com\/uk\/book\/frederic-bruly-bouabre\/\" \/>\n<meta property=\"og:site_name\" content=\"ACC Art Books UK\" \/>\n<meta property=\"article:publisher\" content=\"https:\/\/www.facebook.com\/ACCArtBooks\/\" \/>\n<meta property=\"article:modified_time\" content=\"2024-12-03T12:12:43+00:00\" \/>\n<meta property=\"og:image\" content=\"https:\/\/www.accartbooks.com\/app\/uploads\/books\/9791254600061-04-1.jpg\" \/>\n\t<meta property=\"og:image:width\" content=\"941\" \/>\n\t<meta property=\"og:image:height\" content=\"1000\" \/>\n\t<meta property=\"og:image:type\" content=\"image\/jpeg\" \/>\n<meta name=\"twitter:card\" content=\"summary_large_image\" \/>\n<meta name=\"twitter:site\" content=\"@accartbooks\" \/>\n<meta name=\"twitter:label1\" content=\"Estimated reading time\" \/>\n\t<meta name=\"twitter:data1\" content=\"1 minute\" \/>\n<script type=\"application\/ld+json\" class=\"yoast-schema-graph\">{\"@context\":\"https:\/\/schema.org\",\"@graph\":[{\"@type\":\"WebPage\",\"@id\":\"https:\/\/www.accartbooks.com\/uk\/book\/frederic-bruly-bouabre\/\",\"url\":\"https:\/\/www.accartbooks.com\/uk\/book\/frederic-bruly-bouabre\/\",\"name\":\"Fr\u00e9d\u00e9ric Bruly Bouabr\u00e9 - ACC Art Books UK\",\"isPartOf\":{\"@id\":\"https:\/\/www.accartbooks.com\/uk\/#website\"},\"primaryImageOfPage\":{\"@id\":\"https:\/\/www.accartbooks.com\/uk\/book\/frederic-bruly-bouabre\/#primaryimage\"},\"image\":{\"@id\":\"https:\/\/www.accartbooks.com\/uk\/book\/frederic-bruly-bouabre\/#primaryimage\"},\"thumbnailUrl\":\"https:\/\/www.accartbooks.com\/app\/uploads\/books\/9791254600061-04-1.jpg\",\"datePublished\":\"2022-05-11T11:11:07+00:00\",\"dateModified\":\"2024-12-03T12:12:43+00:00\",\"description\":\"Title: Fr\u00e9d\u00e9ric Bruly Bouabr\u00e9, Pages: 96 Pages, Publish Date: 14th Jun 2022, Author: Edited by 5 Continents Editions, ISBN: 9791254600061. Two extremely relevant works are the central nucleus of this volume, which complements the exhibition at the MoMA in New York, Fr&eacute;d&eacute;ric Bruly Bouabr&eacute;: World Unbound. Text in French.\",\"breadcrumb\":{\"@id\":\"https:\/\/www.accartbooks.com\/uk\/book\/frederic-bruly-bouabre\/#breadcrumb\"},\"inLanguage\":\"en-GB\",\"potentialAction\":[{\"@type\":\"ReadAction\",\"target\":[\"https:\/\/www.accartbooks.com\/uk\/book\/frederic-bruly-bouabre\/\"]}]},{\"@type\":\"ImageObject\",\"inLanguage\":\"en-GB\",\"@id\":\"https:\/\/www.accartbooks.com\/uk\/book\/frederic-bruly-bouabre\/#primaryimage\",\"url\":\"https:\/\/www.accartbooks.com\/app\/uploads\/books\/9791254600061-04-1.jpg\",\"contentUrl\":\"https:\/\/www.accartbooks.com\/app\/uploads\/books\/9791254600061-04-1.jpg\",\"width\":941,\"height\":1000},{\"@type\":\"BreadcrumbList\",\"@id\":\"https:\/\/www.accartbooks.com\/uk\/book\/frederic-bruly-bouabre\/#breadcrumb\",\"itemListElement\":[{\"@type\":\"ListItem\",\"position\":1,\"name\":\"Home\",\"item\":\"https:\/\/www.accartbooks.com\/uk\/\"},{\"@type\":\"ListItem\",\"position\":2,\"name\":\"Books\",\"item\":\"https:\/\/www.accartbooks.com\/uk\/books\/\"},{\"@type\":\"ListItem\",\"position\":3,\"name\":\"Fr\u00e9d\u00e9ric Bruly Bouabr\u00e9\"}]},{\"@type\":\"WebSite\",\"@id\":\"https:\/\/www.accartbooks.com\/uk\/#website\",\"url\":\"https:\/\/www.accartbooks.com\/uk\/\",\"name\":\"ACC Art Books UK\",\"description\":\"One of the world\u2019s leading publishers and distributors of books on the arts and visual culture\",\"publisher\":{\"@id\":\"https:\/\/www.accartbooks.com\/uk\/#organization\"},\"potentialAction\":[{\"@type\":\"SearchAction\",\"target\":{\"@type\":\"EntryPoint\",\"urlTemplate\":\"https:\/\/www.accartbooks.com\/uk\/?s={search_term_string}\"},\"query-input\":{\"@type\":\"PropertyValueSpecification\",\"valueRequired\":true,\"valueName\":\"search_term_string\"}}],\"inLanguage\":\"en-GB\"},{\"@type\":\"Organization\",\"@id\":\"https:\/\/www.accartbooks.com\/uk\/#organization\",\"name\":\"ACC Art Books UK\",\"url\":\"https:\/\/www.accartbooks.com\/uk\/\",\"logo\":{\"@type\":\"ImageObject\",\"inLanguage\":\"en-GB\",\"@id\":\"https:\/\/www.accartbooks.com\/uk\/#\/schema\/logo\/image\/\",\"url\":\"https:\/\/www.accartbooks.com\/app\/uploads\/2020\/05\/Acc-Logo.png\",\"contentUrl\":\"https:\/\/www.accartbooks.com\/app\/uploads\/2020\/05\/Acc-Logo.png\",\"width\":64,\"height\":100,\"caption\":\"ACC Art Books UK\"},\"image\":{\"@id\":\"https:\/\/www.accartbooks.com\/uk\/#\/schema\/logo\/image\/\"},\"sameAs\":[\"https:\/\/www.facebook.com\/ACCArtBooks\/\",\"https:\/\/x.com\/accartbooks\"]}]}<\/script>\n<!-- \/ Yoast SEO plugin. -->","yoast_head_json":{"title":"Fr\u00e9d\u00e9ric Bruly Bouabr\u00e9 - ACC Art Books UK","description":"Title: Fr\u00e9d\u00e9ric Bruly Bouabr\u00e9, Pages: 96 Pages, Publish Date: 14th Jun 2022, Author: Edited by 5 Continents Editions, ISBN: 9791254600061. Two extremely relevant works are the central nucleus of this volume, which complements the exhibition at the MoMA in New York, Fr&eacute;d&eacute;ric Bruly Bouabr&eacute;: World Unbound. Text in French.","robots":{"index":"index","follow":"follow","max-snippet":"max-snippet:-1","max-image-preview":"max-image-preview:large","max-video-preview":"max-video-preview:-1"},"canonical":"https:\/\/www.accartbooks.com\/uk\/book\/frederic-bruly-bouabre\/","og_locale":"en_GB","og_type":"article","og_title":"Fr\u00e9d\u00e9ric Bruly Bouabr\u00e9 - ACC Art Books UK","og_description":"Title: Fr\u00e9d\u00e9ric Bruly Bouabr\u00e9, Pages: 96 Pages, Publish Date: 14th Jun 2022, Author: Edited by 5 Continents Editions, ISBN: 9791254600061. Two extremely relevant works are the central nucleus of this volume, which complements the exhibition at the MoMA in New York, Fr&eacute;d&eacute;ric Bruly Bouabr&eacute;: World Unbound. Text in French.","og_url":"https:\/\/www.accartbooks.com\/uk\/book\/frederic-bruly-bouabre\/","og_site_name":"ACC Art Books UK","article_publisher":"https:\/\/www.facebook.com\/ACCArtBooks\/","article_modified_time":"2024-12-03T12:12:43+00:00","og_image":[{"width":941,"height":1000,"url":"https:\/\/www.accartbooks.com\/app\/uploads\/books\/9791254600061-04-1.jpg","type":"image\/jpeg"}],"twitter_card":"summary_large_image","twitter_site":"@accartbooks","twitter_misc":{"Estimated reading time":"1 minute"},"schema":{"@context":"https:\/\/schema.org","@graph":[{"@type":"WebPage","@id":"https:\/\/www.accartbooks.com\/uk\/book\/frederic-bruly-bouabre\/","url":"https:\/\/www.accartbooks.com\/uk\/book\/frederic-bruly-bouabre\/","name":"Fr\u00e9d\u00e9ric Bruly Bouabr\u00e9 - ACC Art Books UK","isPartOf":{"@id":"https:\/\/www.accartbooks.com\/uk\/#website"},"primaryImageOfPage":{"@id":"https:\/\/www.accartbooks.com\/uk\/book\/frederic-bruly-bouabre\/#primaryimage"},"image":{"@id":"https:\/\/www.accartbooks.com\/uk\/book\/frederic-bruly-bouabre\/#primaryimage"},"thumbnailUrl":"https:\/\/www.accartbooks.com\/app\/uploads\/books\/9791254600061-04-1.jpg","datePublished":"2022-05-11T11:11:07+00:00","dateModified":"2024-12-03T12:12:43+00:00","description":"Title: Fr\u00e9d\u00e9ric Bruly Bouabr\u00e9, Pages: 96 Pages, Publish Date: 14th Jun 2022, Author: Edited by 5 Continents Editions, ISBN: 9791254600061. Two extremely relevant works are the central nucleus of this volume, which complements the exhibition at the MoMA in New York, Fr&eacute;d&eacute;ric Bruly Bouabr&eacute;: World Unbound. Text in French.","breadcrumb":{"@id":"https:\/\/www.accartbooks.com\/uk\/book\/frederic-bruly-bouabre\/#breadcrumb"},"inLanguage":"en-GB","potentialAction":[{"@type":"ReadAction","target":["https:\/\/www.accartbooks.com\/uk\/book\/frederic-bruly-bouabre\/"]}]},{"@type":"ImageObject","inLanguage":"en-GB","@id":"https:\/\/www.accartbooks.com\/uk\/book\/frederic-bruly-bouabre\/#primaryimage","url":"https:\/\/www.accartbooks.com\/app\/uploads\/books\/9791254600061-04-1.jpg","contentUrl":"https:\/\/www.accartbooks.com\/app\/uploads\/books\/9791254600061-04-1.jpg","width":941,"height":1000},{"@type":"BreadcrumbList","@id":"https:\/\/www.accartbooks.com\/uk\/book\/frederic-bruly-bouabre\/#breadcrumb","itemListElement":[{"@type":"ListItem","position":1,"name":"Home","item":"https:\/\/www.accartbooks.com\/uk\/"},{"@type":"ListItem","position":2,"name":"Books","item":"https:\/\/www.accartbooks.com\/uk\/books\/"},{"@type":"ListItem","position":3,"name":"Fr\u00e9d\u00e9ric Bruly Bouabr\u00e9"}]},{"@type":"WebSite","@id":"https:\/\/www.accartbooks.com\/uk\/#website","url":"https:\/\/www.accartbooks.com\/uk\/","name":"ACC Art Books UK","description":"One of the world\u2019s leading publishers and distributors of books on the arts and visual culture","publisher":{"@id":"https:\/\/www.accartbooks.com\/uk\/#organization"},"potentialAction":[{"@type":"SearchAction","target":{"@type":"EntryPoint","urlTemplate":"https:\/\/www.accartbooks.com\/uk\/?s={search_term_string}"},"query-input":{"@type":"PropertyValueSpecification","valueRequired":true,"valueName":"search_term_string"}}],"inLanguage":"en-GB"},{"@type":"Organization","@id":"https:\/\/www.accartbooks.com\/uk\/#organization","name":"ACC Art Books UK","url":"https:\/\/www.accartbooks.com\/uk\/","logo":{"@type":"ImageObject","inLanguage":"en-GB","@id":"https:\/\/www.accartbooks.com\/uk\/#\/schema\/logo\/image\/","url":"https:\/\/www.accartbooks.com\/app\/uploads\/2020\/05\/Acc-Logo.png","contentUrl":"https:\/\/www.accartbooks.com\/app\/uploads\/2020\/05\/Acc-Logo.png","width":64,"height":100,"caption":"ACC Art Books UK"},"image":{"@id":"https:\/\/www.accartbooks.com\/uk\/#\/schema\/logo\/image\/"},"sameAs":["https:\/\/www.facebook.com\/ACCArtBooks\/","https:\/\/x.com\/accartbooks"]}]}},"_links":{"self":[{"href":"https:\/\/www.accartbooks.com\/uk\/wp-json\/wp\/v2\/product\/36460","targetHints":{"allow":["GET"]}}],"collection":[{"href":"https:\/\/www.accartbooks.com\/uk\/wp-json\/wp\/v2\/product"}],"about":[{"href":"https:\/\/www.accartbooks.com\/uk\/wp-json\/wp\/v2\/types\/product"}],"wp:featuredmedia":[{"embeddable":true,"href":"https:\/\/www.accartbooks.com\/uk\/wp-json\/wp\/v2\/media\/36461"}],"wp:attachment":[{"href":"https:\/\/www.accartbooks.com\/uk\/wp-json\/wp\/v2\/media?parent=36460"}],"wp:term":[{"taxonomy":"product_brand","embeddable":true,"href":"https:\/\/www.accartbooks.com\/uk\/wp-json\/wp\/v2\/product_brand?post=36460"},{"taxonomy":"product_cat","embeddable":true,"href":"https:\/\/www.accartbooks.com\/uk\/wp-json\/wp\/v2\/product_cat?post=36460"},{"taxonomy":"product_tag","embeddable":true,"href":"https:\/\/www.accartbooks.com\/uk\/wp-json\/wp\/v2\/product_tag?post=36460"}],"curies":[{"name":"wp","href":"https:\/\/api.w.org\/{rel}","templated":true}]}}