{"id":38106,"date":"2022-08-02T13:10:37","date_gmt":"2022-08-02T13:10:37","guid":{"rendered":"https:\/\/www.accartbooks.com\/uk\/book\/frank-stella\/"},"modified":"2024-11-27T16:11:19","modified_gmt":"2024-11-27T16:11:19","slug":"frank-stella","status":"publish","type":"product","link":"https:\/\/www.accartbooks.com\/uk\/book\/frank-stella\/","title":{"rendered":"Frank Stella"},"content":{"rendered":"<p>Frank Stella (*1936) situates his oeuvre not only in the present. Abstraction or representation, simulacrum, sign, and ornament, as well as questions of surface and space have fascinated him anew time and again.<\/p>\n<p>The publication presents the following phases in his oeuvre in the context of the Museum Wiesbaden&rsquo;s collection: the early works, the stripe paintings attributed to minimalism, the departure into space, and thus from the picture to the relief, as well as the use of ornament and arabesque. In interplay with current sculptures by the artist, not only the rigorousness of his oeuvre but also the relevance of his work until today is thus shown.<\/p>\n<p>Text in English and German.<\/p>\n","protected":false},"excerpt":{"rendered":"<p>The publication presents different phases in the oeuvre of Frank Stella (*1936) in the context of the Museum Wiesbaden&rsquo;s collection. Text in English and German.<\/p>\n","protected":false},"featured_media":38107,"template":"","meta":{"_acf_changed":false,"_relevanssi_hide_post":"","_relevanssi_hide_content":"","_relevanssi_pin_for_all":"","_relevanssi_pin_keywords":"","_relevanssi_unpin_keywords":"","_relevanssi_related_keywords":"","_relevanssi_related_include_ids":"","_relevanssi_related_exclude_ids":"","_relevanssi_related_no_append":"","_relevanssi_related_not_related":"","_relevanssi_related_posts":"","_relevanssi_noindex_reason":""},"product_brand":[],"product_cat":[5568],"product_tag":[],"class_list":{"0":"post-38106","1":"product","2":"type-product","3":"status-publish","4":"has-post-thumbnail","6":"product_cat-art","7":"author-edited-by-jorg-daur","8":"author-text-by-andreas-henning","9":"author-text-by-bernard-ceysson","10":"author-text-by-jorg-daur","11":"author-text-by-lea-schafer","12":"publisher-kerber-verlag","14":"first","15":"instock","16":"shipping-taxable","17":"purchasable","18":"product-type-simple"},"acf":[],"yoast_head":"<!-- This site is optimized with the Yoast SEO plugin v27.0 - https:\/\/yoast.com\/product\/yoast-seo-wordpress\/ -->\n<title>Frank Stella - ACC Art Books UK<\/title>\n<meta name=\"description\" content=\"Title: Frank Stella, Pages: 144 Pages, Publish Date: 23rd Sep 2022, Author: Edited by J\u00f6rg Daur, Text by Andreas Henning, Text by Bernard Ceysson, Text by J\u00f6rg Daur, Text by Lea Sch\u00e4fer, ISBN: 9783735608734. The publication presents different phases in the oeuvre of Frank Stella (*1936) in the context of the Museum Wiesbaden&rsquo;s collection. Text in English and German.\" \/>\n<meta name=\"robots\" content=\"index, follow, max-snippet:-1, max-image-preview:large, max-video-preview:-1\" \/>\n<link rel=\"canonical\" href=\"https:\/\/www.accartbooks.com\/uk\/book\/frank-stella\/\" \/>\n<meta property=\"og:locale\" content=\"en_GB\" \/>\n<meta property=\"og:type\" content=\"article\" \/>\n<meta property=\"og:title\" content=\"Frank Stella - ACC Art Books UK\" \/>\n<meta property=\"og:description\" content=\"Title: Frank Stella, Pages: 144 Pages, Publish Date: 23rd Sep 2022, Author: Edited by J\u00f6rg Daur, Text by Andreas Henning, Text by Bernard Ceysson, Text by J\u00f6rg Daur, Text by Lea Sch\u00e4fer, ISBN: 9783735608734. The publication presents different phases in the oeuvre of Frank Stella (*1936) in the context of the Museum Wiesbaden&rsquo;s collection. Text in English and German.\" \/>\n<meta property=\"og:url\" content=\"https:\/\/www.accartbooks.com\/uk\/book\/frank-stella\/\" \/>\n<meta property=\"og:site_name\" content=\"ACC Art Books UK\" \/>\n<meta property=\"article:publisher\" content=\"https:\/\/www.facebook.com\/ACCArtBooks\/\" \/>\n<meta property=\"article:modified_time\" content=\"2024-11-27T16:11:19+00:00\" \/>\n<meta property=\"og:image\" content=\"https:\/\/www.accartbooks.com\/app\/uploads\/books\/9783735608734-04-1.jpg\" \/>\n\t<meta property=\"og:image:width\" content=\"828\" \/>\n\t<meta property=\"og:image:height\" content=\"1000\" \/>\n\t<meta property=\"og:image:type\" content=\"image\/jpeg\" \/>\n<meta name=\"twitter:card\" content=\"summary_large_image\" \/>\n<meta name=\"twitter:site\" content=\"@accartbooks\" \/>\n<meta name=\"twitter:label1\" content=\"Estimated reading time\" \/>\n\t<meta name=\"twitter:data1\" content=\"1 minute\" \/>\n<script type=\"application\/ld+json\" class=\"yoast-schema-graph\">{\"@context\":\"https:\/\/schema.org\",\"@graph\":[{\"@type\":\"WebPage\",\"@id\":\"https:\/\/www.accartbooks.com\/uk\/book\/frank-stella\/\",\"url\":\"https:\/\/www.accartbooks.com\/uk\/book\/frank-stella\/\",\"name\":\"Frank Stella - ACC Art Books UK\",\"isPartOf\":{\"@id\":\"https:\/\/www.accartbooks.com\/uk\/#website\"},\"primaryImageOfPage\":{\"@id\":\"https:\/\/www.accartbooks.com\/uk\/book\/frank-stella\/#primaryimage\"},\"image\":{\"@id\":\"https:\/\/www.accartbooks.com\/uk\/book\/frank-stella\/#primaryimage\"},\"thumbnailUrl\":\"https:\/\/www.accartbooks.com\/app\/uploads\/books\/9783735608734-04-1.jpg\",\"datePublished\":\"2022-08-02T13:10:37+00:00\",\"dateModified\":\"2024-11-27T16:11:19+00:00\",\"description\":\"Title: Frank Stella, Pages: 144 Pages, Publish Date: 23rd Sep 2022, Author: Edited by J\u00f6rg Daur, Text by Andreas Henning, Text by Bernard Ceysson, Text by J\u00f6rg Daur, Text by Lea Sch\u00e4fer, ISBN: 9783735608734. The publication presents different phases in the oeuvre of Frank Stella (*1936) in the context of the Museum Wiesbaden&rsquo;s collection. Text in English and German.\",\"breadcrumb\":{\"@id\":\"https:\/\/www.accartbooks.com\/uk\/book\/frank-stella\/#breadcrumb\"},\"inLanguage\":\"en-GB\",\"potentialAction\":[{\"@type\":\"ReadAction\",\"target\":[\"https:\/\/www.accartbooks.com\/uk\/book\/frank-stella\/\"]}]},{\"@type\":\"ImageObject\",\"inLanguage\":\"en-GB\",\"@id\":\"https:\/\/www.accartbooks.com\/uk\/book\/frank-stella\/#primaryimage\",\"url\":\"https:\/\/www.accartbooks.com\/app\/uploads\/books\/9783735608734-04-1.jpg\",\"contentUrl\":\"https:\/\/www.accartbooks.com\/app\/uploads\/books\/9783735608734-04-1.jpg\",\"width\":828,\"height\":1000},{\"@type\":\"BreadcrumbList\",\"@id\":\"https:\/\/www.accartbooks.com\/uk\/book\/frank-stella\/#breadcrumb\",\"itemListElement\":[{\"@type\":\"ListItem\",\"position\":1,\"name\":\"Home\",\"item\":\"https:\/\/www.accartbooks.com\/uk\/\"},{\"@type\":\"ListItem\",\"position\":2,\"name\":\"Books\",\"item\":\"https:\/\/www.accartbooks.com\/uk\/books\/\"},{\"@type\":\"ListItem\",\"position\":3,\"name\":\"Frank Stella\"}]},{\"@type\":\"WebSite\",\"@id\":\"https:\/\/www.accartbooks.com\/uk\/#website\",\"url\":\"https:\/\/www.accartbooks.com\/uk\/\",\"name\":\"ACC Art Books UK\",\"description\":\"One of the world\u2019s leading publishers and distributors of books on the arts and visual culture\",\"publisher\":{\"@id\":\"https:\/\/www.accartbooks.com\/uk\/#organization\"},\"potentialAction\":[{\"@type\":\"SearchAction\",\"target\":{\"@type\":\"EntryPoint\",\"urlTemplate\":\"https:\/\/www.accartbooks.com\/uk\/?s={search_term_string}\"},\"query-input\":{\"@type\":\"PropertyValueSpecification\",\"valueRequired\":true,\"valueName\":\"search_term_string\"}}],\"inLanguage\":\"en-GB\"},{\"@type\":\"Organization\",\"@id\":\"https:\/\/www.accartbooks.com\/uk\/#organization\",\"name\":\"ACC Art Books UK\",\"url\":\"https:\/\/www.accartbooks.com\/uk\/\",\"logo\":{\"@type\":\"ImageObject\",\"inLanguage\":\"en-GB\",\"@id\":\"https:\/\/www.accartbooks.com\/uk\/#\/schema\/logo\/image\/\",\"url\":\"https:\/\/www.accartbooks.com\/app\/uploads\/2020\/05\/Acc-Logo.png\",\"contentUrl\":\"https:\/\/www.accartbooks.com\/app\/uploads\/2020\/05\/Acc-Logo.png\",\"width\":64,\"height\":100,\"caption\":\"ACC Art Books UK\"},\"image\":{\"@id\":\"https:\/\/www.accartbooks.com\/uk\/#\/schema\/logo\/image\/\"},\"sameAs\":[\"https:\/\/www.facebook.com\/ACCArtBooks\/\",\"https:\/\/x.com\/accartbooks\"]}]}<\/script>\n<!-- \/ Yoast SEO plugin. -->","yoast_head_json":{"title":"Frank Stella - ACC Art Books UK","description":"Title: Frank Stella, Pages: 144 Pages, Publish Date: 23rd Sep 2022, Author: Edited by J\u00f6rg Daur, Text by Andreas Henning, Text by Bernard Ceysson, Text by J\u00f6rg Daur, Text by Lea Sch\u00e4fer, ISBN: 9783735608734. The publication presents different phases in the oeuvre of Frank Stella (*1936) in the context of the Museum Wiesbaden&rsquo;s collection. Text in English and German.","robots":{"index":"index","follow":"follow","max-snippet":"max-snippet:-1","max-image-preview":"max-image-preview:large","max-video-preview":"max-video-preview:-1"},"canonical":"https:\/\/www.accartbooks.com\/uk\/book\/frank-stella\/","og_locale":"en_GB","og_type":"article","og_title":"Frank Stella - ACC Art Books UK","og_description":"Title: Frank Stella, Pages: 144 Pages, Publish Date: 23rd Sep 2022, Author: Edited by J\u00f6rg Daur, Text by Andreas Henning, Text by Bernard Ceysson, Text by J\u00f6rg Daur, Text by Lea Sch\u00e4fer, ISBN: 9783735608734. The publication presents different phases in the oeuvre of Frank Stella (*1936) in the context of the Museum Wiesbaden&rsquo;s collection. Text in English and German.","og_url":"https:\/\/www.accartbooks.com\/uk\/book\/frank-stella\/","og_site_name":"ACC Art Books UK","article_publisher":"https:\/\/www.facebook.com\/ACCArtBooks\/","article_modified_time":"2024-11-27T16:11:19+00:00","og_image":[{"width":828,"height":1000,"url":"https:\/\/www.accartbooks.com\/app\/uploads\/books\/9783735608734-04-1.jpg","type":"image\/jpeg"}],"twitter_card":"summary_large_image","twitter_site":"@accartbooks","twitter_misc":{"Estimated reading time":"1 minute"},"schema":{"@context":"https:\/\/schema.org","@graph":[{"@type":"WebPage","@id":"https:\/\/www.accartbooks.com\/uk\/book\/frank-stella\/","url":"https:\/\/www.accartbooks.com\/uk\/book\/frank-stella\/","name":"Frank Stella - ACC Art Books UK","isPartOf":{"@id":"https:\/\/www.accartbooks.com\/uk\/#website"},"primaryImageOfPage":{"@id":"https:\/\/www.accartbooks.com\/uk\/book\/frank-stella\/#primaryimage"},"image":{"@id":"https:\/\/www.accartbooks.com\/uk\/book\/frank-stella\/#primaryimage"},"thumbnailUrl":"https:\/\/www.accartbooks.com\/app\/uploads\/books\/9783735608734-04-1.jpg","datePublished":"2022-08-02T13:10:37+00:00","dateModified":"2024-11-27T16:11:19+00:00","description":"Title: Frank Stella, Pages: 144 Pages, Publish Date: 23rd Sep 2022, Author: Edited by J\u00f6rg Daur, Text by Andreas Henning, Text by Bernard Ceysson, Text by J\u00f6rg Daur, Text by Lea Sch\u00e4fer, ISBN: 9783735608734. The publication presents different phases in the oeuvre of Frank Stella (*1936) in the context of the Museum Wiesbaden&rsquo;s collection. Text in English and German.","breadcrumb":{"@id":"https:\/\/www.accartbooks.com\/uk\/book\/frank-stella\/#breadcrumb"},"inLanguage":"en-GB","potentialAction":[{"@type":"ReadAction","target":["https:\/\/www.accartbooks.com\/uk\/book\/frank-stella\/"]}]},{"@type":"ImageObject","inLanguage":"en-GB","@id":"https:\/\/www.accartbooks.com\/uk\/book\/frank-stella\/#primaryimage","url":"https:\/\/www.accartbooks.com\/app\/uploads\/books\/9783735608734-04-1.jpg","contentUrl":"https:\/\/www.accartbooks.com\/app\/uploads\/books\/9783735608734-04-1.jpg","width":828,"height":1000},{"@type":"BreadcrumbList","@id":"https:\/\/www.accartbooks.com\/uk\/book\/frank-stella\/#breadcrumb","itemListElement":[{"@type":"ListItem","position":1,"name":"Home","item":"https:\/\/www.accartbooks.com\/uk\/"},{"@type":"ListItem","position":2,"name":"Books","item":"https:\/\/www.accartbooks.com\/uk\/books\/"},{"@type":"ListItem","position":3,"name":"Frank Stella"}]},{"@type":"WebSite","@id":"https:\/\/www.accartbooks.com\/uk\/#website","url":"https:\/\/www.accartbooks.com\/uk\/","name":"ACC Art Books UK","description":"One of the world\u2019s leading publishers and distributors of books on the arts and visual culture","publisher":{"@id":"https:\/\/www.accartbooks.com\/uk\/#organization"},"potentialAction":[{"@type":"SearchAction","target":{"@type":"EntryPoint","urlTemplate":"https:\/\/www.accartbooks.com\/uk\/?s={search_term_string}"},"query-input":{"@type":"PropertyValueSpecification","valueRequired":true,"valueName":"search_term_string"}}],"inLanguage":"en-GB"},{"@type":"Organization","@id":"https:\/\/www.accartbooks.com\/uk\/#organization","name":"ACC Art Books UK","url":"https:\/\/www.accartbooks.com\/uk\/","logo":{"@type":"ImageObject","inLanguage":"en-GB","@id":"https:\/\/www.accartbooks.com\/uk\/#\/schema\/logo\/image\/","url":"https:\/\/www.accartbooks.com\/app\/uploads\/2020\/05\/Acc-Logo.png","contentUrl":"https:\/\/www.accartbooks.com\/app\/uploads\/2020\/05\/Acc-Logo.png","width":64,"height":100,"caption":"ACC Art Books UK"},"image":{"@id":"https:\/\/www.accartbooks.com\/uk\/#\/schema\/logo\/image\/"},"sameAs":["https:\/\/www.facebook.com\/ACCArtBooks\/","https:\/\/x.com\/accartbooks"]}]}},"_links":{"self":[{"href":"https:\/\/www.accartbooks.com\/uk\/wp-json\/wp\/v2\/product\/38106","targetHints":{"allow":["GET"]}}],"collection":[{"href":"https:\/\/www.accartbooks.com\/uk\/wp-json\/wp\/v2\/product"}],"about":[{"href":"https:\/\/www.accartbooks.com\/uk\/wp-json\/wp\/v2\/types\/product"}],"wp:featuredmedia":[{"embeddable":true,"href":"https:\/\/www.accartbooks.com\/uk\/wp-json\/wp\/v2\/media\/38107"}],"wp:attachment":[{"href":"https:\/\/www.accartbooks.com\/uk\/wp-json\/wp\/v2\/media?parent=38106"}],"wp:term":[{"taxonomy":"product_brand","embeddable":true,"href":"https:\/\/www.accartbooks.com\/uk\/wp-json\/wp\/v2\/product_brand?post=38106"},{"taxonomy":"product_cat","embeddable":true,"href":"https:\/\/www.accartbooks.com\/uk\/wp-json\/wp\/v2\/product_cat?post=38106"},{"taxonomy":"product_tag","embeddable":true,"href":"https:\/\/www.accartbooks.com\/uk\/wp-json\/wp\/v2\/product_tag?post=38106"}],"curies":[{"name":"wp","href":"https:\/\/api.w.org\/{rel}","templated":true}]}}