{"id":38220,"date":"2022-08-09T11:11:04","date_gmt":"2022-08-09T11:11:04","guid":{"rendered":"https:\/\/www.accartbooks.com\/uk\/book\/nele-gulck\/"},"modified":"2022-08-16T13:12:34","modified_gmt":"2022-08-16T13:12:34","slug":"nele-gulck","status":"publish","type":"product","link":"https:\/\/www.accartbooks.com\/uk\/book\/nele-gulck\/","title":{"rendered":"Nele G\u00fclck"},"content":{"rendered":"<p>Palm Trees. A dream, a hope, an escape from everyday life. Where palms grow, paradise is not far away. With candles and ashtrays in the shape of palms or a glitter palm in an ice-cream sundae, we take a bit of it home &#8211; an admission that we dream a dream of great happiness, combined with a genial petty bourgeois mentality. Alf Trojan&#8217;s private collection of palms, with over 1500 objects, is a total work of art. It shows how the palm as a motif has remained unchanged, but that the longing connected with it has again and again sought new contexts over the course of time. This book is a journey of discovery through the facets of a culture of longing and a collecting mania.<\/p>\n","protected":false},"excerpt":{"rendered":"<p>Nele G\u00fclck s new book is a marvellous discovery journey through the curious world of collecting palm tree-shaped objects. Text in English and German.<\/p>\n","protected":false},"featured_media":38221,"template":"","meta":{"_acf_changed":false,"_relevanssi_hide_post":"","_relevanssi_hide_content":"","_relevanssi_pin_for_all":"","_relevanssi_pin_keywords":"","_relevanssi_unpin_keywords":"","_relevanssi_related_keywords":"","_relevanssi_related_include_ids":"","_relevanssi_related_exclude_ids":"","_relevanssi_related_no_append":"","_relevanssi_related_not_related":"","_relevanssi_related_posts":"","_relevanssi_noindex_reason":""},"product_brand":[],"product_cat":[5485],"product_tag":[],"class_list":{"0":"post-38220","1":"product","2":"type-product","3":"status-publish","4":"has-post-thumbnail","6":"product_cat-photography","7":"author-text-by-nele-gulck","8":"author-text-by-sabine-danek","9":"publisher-kerber-verlag","11":"first","12":"instock","13":"shipping-taxable","14":"purchasable","15":"product-type-simple"},"acf":[],"yoast_head":"<!-- This site is optimized with the Yoast SEO plugin v27.0 - https:\/\/yoast.com\/product\/yoast-seo-wordpress\/ -->\n<title>Nele G\u00fclck - ACC Art Books UK<\/title>\n<meta name=\"description\" content=\"Title: Nele G\u00fclck, Pages: 96 Pages, Publish Date: 1st Jan 2018, Author: Text by Nele G\u00fclck, Text by Sabine Danek, ISBN: 9783735605511. Nele G\u00fclck s new book is a marvellous discovery journey through the curious world of collecting palm tree-shaped objects. Text in English and German.\" \/>\n<meta name=\"robots\" content=\"index, follow, max-snippet:-1, max-image-preview:large, max-video-preview:-1\" \/>\n<link rel=\"canonical\" href=\"https:\/\/www.accartbooks.com\/uk\/book\/nele-gulck\/\" \/>\n<meta property=\"og:locale\" content=\"en_GB\" \/>\n<meta property=\"og:type\" content=\"article\" \/>\n<meta property=\"og:title\" content=\"Nele G\u00fclck - ACC Art Books UK\" \/>\n<meta property=\"og:description\" content=\"Title: Nele G\u00fclck, Pages: 96 Pages, Publish Date: 1st Jan 2018, Author: Text by Nele G\u00fclck, Text by Sabine Danek, ISBN: 9783735605511. Nele G\u00fclck s new book is a marvellous discovery journey through the curious world of collecting palm tree-shaped objects. Text in English and German.\" \/>\n<meta property=\"og:url\" content=\"https:\/\/www.accartbooks.com\/uk\/book\/nele-gulck\/\" \/>\n<meta property=\"og:site_name\" content=\"ACC Art Books UK\" \/>\n<meta property=\"article:publisher\" content=\"https:\/\/www.facebook.com\/ACCArtBooks\/\" \/>\n<meta property=\"article:modified_time\" content=\"2022-08-16T13:12:34+00:00\" \/>\n<meta property=\"og:image\" content=\"https:\/\/www.accartbooks.com\/app\/uploads\/books\/9783735605511-04-1.jpg\" \/>\n\t<meta property=\"og:image:width\" content=\"792\" \/>\n\t<meta property=\"og:image:height\" content=\"1000\" \/>\n\t<meta property=\"og:image:type\" content=\"image\/jpeg\" \/>\n<meta name=\"twitter:card\" content=\"summary_large_image\" \/>\n<meta name=\"twitter:site\" content=\"@accartbooks\" \/>\n<meta name=\"twitter:label1\" content=\"Estimated reading time\" \/>\n\t<meta name=\"twitter:data1\" content=\"1 minute\" \/>\n<script type=\"application\/ld+json\" class=\"yoast-schema-graph\">{\"@context\":\"https:\/\/schema.org\",\"@graph\":[{\"@type\":\"WebPage\",\"@id\":\"https:\/\/www.accartbooks.com\/uk\/book\/nele-gulck\/\",\"url\":\"https:\/\/www.accartbooks.com\/uk\/book\/nele-gulck\/\",\"name\":\"Nele G\u00fclck - ACC Art Books UK\",\"isPartOf\":{\"@id\":\"https:\/\/www.accartbooks.com\/uk\/#website\"},\"primaryImageOfPage\":{\"@id\":\"https:\/\/www.accartbooks.com\/uk\/book\/nele-gulck\/#primaryimage\"},\"image\":{\"@id\":\"https:\/\/www.accartbooks.com\/uk\/book\/nele-gulck\/#primaryimage\"},\"thumbnailUrl\":\"https:\/\/www.accartbooks.com\/app\/uploads\/books\/9783735605511-04-1.jpg\",\"datePublished\":\"2022-08-09T11:11:04+00:00\",\"dateModified\":\"2022-08-16T13:12:34+00:00\",\"description\":\"Title: Nele G\u00fclck, Pages: 96 Pages, Publish Date: 1st Jan 2018, Author: Text by Nele G\u00fclck, Text by Sabine Danek, ISBN: 9783735605511. Nele G\u00fclck s new book is a marvellous discovery journey through the curious world of collecting palm tree-shaped objects. Text in English and German.\",\"breadcrumb\":{\"@id\":\"https:\/\/www.accartbooks.com\/uk\/book\/nele-gulck\/#breadcrumb\"},\"inLanguage\":\"en-GB\",\"potentialAction\":[{\"@type\":\"ReadAction\",\"target\":[\"https:\/\/www.accartbooks.com\/uk\/book\/nele-gulck\/\"]}]},{\"@type\":\"ImageObject\",\"inLanguage\":\"en-GB\",\"@id\":\"https:\/\/www.accartbooks.com\/uk\/book\/nele-gulck\/#primaryimage\",\"url\":\"https:\/\/www.accartbooks.com\/app\/uploads\/books\/9783735605511-04-1.jpg\",\"contentUrl\":\"https:\/\/www.accartbooks.com\/app\/uploads\/books\/9783735605511-04-1.jpg\",\"width\":792,\"height\":1000},{\"@type\":\"BreadcrumbList\",\"@id\":\"https:\/\/www.accartbooks.com\/uk\/book\/nele-gulck\/#breadcrumb\",\"itemListElement\":[{\"@type\":\"ListItem\",\"position\":1,\"name\":\"Home\",\"item\":\"https:\/\/www.accartbooks.com\/uk\/\"},{\"@type\":\"ListItem\",\"position\":2,\"name\":\"Books\",\"item\":\"https:\/\/www.accartbooks.com\/uk\/books\/\"},{\"@type\":\"ListItem\",\"position\":3,\"name\":\"Nele G\u00fclck\"}]},{\"@type\":\"WebSite\",\"@id\":\"https:\/\/www.accartbooks.com\/uk\/#website\",\"url\":\"https:\/\/www.accartbooks.com\/uk\/\",\"name\":\"ACC Art Books UK\",\"description\":\"One of the world\u2019s leading publishers and distributors of books on the arts and visual culture\",\"publisher\":{\"@id\":\"https:\/\/www.accartbooks.com\/uk\/#organization\"},\"potentialAction\":[{\"@type\":\"SearchAction\",\"target\":{\"@type\":\"EntryPoint\",\"urlTemplate\":\"https:\/\/www.accartbooks.com\/uk\/?s={search_term_string}\"},\"query-input\":{\"@type\":\"PropertyValueSpecification\",\"valueRequired\":true,\"valueName\":\"search_term_string\"}}],\"inLanguage\":\"en-GB\"},{\"@type\":\"Organization\",\"@id\":\"https:\/\/www.accartbooks.com\/uk\/#organization\",\"name\":\"ACC Art Books UK\",\"url\":\"https:\/\/www.accartbooks.com\/uk\/\",\"logo\":{\"@type\":\"ImageObject\",\"inLanguage\":\"en-GB\",\"@id\":\"https:\/\/www.accartbooks.com\/uk\/#\/schema\/logo\/image\/\",\"url\":\"https:\/\/www.accartbooks.com\/app\/uploads\/2020\/05\/Acc-Logo.png\",\"contentUrl\":\"https:\/\/www.accartbooks.com\/app\/uploads\/2020\/05\/Acc-Logo.png\",\"width\":64,\"height\":100,\"caption\":\"ACC Art Books UK\"},\"image\":{\"@id\":\"https:\/\/www.accartbooks.com\/uk\/#\/schema\/logo\/image\/\"},\"sameAs\":[\"https:\/\/www.facebook.com\/ACCArtBooks\/\",\"https:\/\/x.com\/accartbooks\"]}]}<\/script>\n<!-- \/ Yoast SEO plugin. -->","yoast_head_json":{"title":"Nele G\u00fclck - ACC Art Books UK","description":"Title: Nele G\u00fclck, Pages: 96 Pages, Publish Date: 1st Jan 2018, Author: Text by Nele G\u00fclck, Text by Sabine Danek, ISBN: 9783735605511. Nele G\u00fclck s new book is a marvellous discovery journey through the curious world of collecting palm tree-shaped objects. Text in English and German.","robots":{"index":"index","follow":"follow","max-snippet":"max-snippet:-1","max-image-preview":"max-image-preview:large","max-video-preview":"max-video-preview:-1"},"canonical":"https:\/\/www.accartbooks.com\/uk\/book\/nele-gulck\/","og_locale":"en_GB","og_type":"article","og_title":"Nele G\u00fclck - ACC Art Books UK","og_description":"Title: Nele G\u00fclck, Pages: 96 Pages, Publish Date: 1st Jan 2018, Author: Text by Nele G\u00fclck, Text by Sabine Danek, ISBN: 9783735605511. Nele G\u00fclck s new book is a marvellous discovery journey through the curious world of collecting palm tree-shaped objects. Text in English and German.","og_url":"https:\/\/www.accartbooks.com\/uk\/book\/nele-gulck\/","og_site_name":"ACC Art Books UK","article_publisher":"https:\/\/www.facebook.com\/ACCArtBooks\/","article_modified_time":"2022-08-16T13:12:34+00:00","og_image":[{"width":792,"height":1000,"url":"https:\/\/www.accartbooks.com\/app\/uploads\/books\/9783735605511-04-1.jpg","type":"image\/jpeg"}],"twitter_card":"summary_large_image","twitter_site":"@accartbooks","twitter_misc":{"Estimated reading time":"1 minute"},"schema":{"@context":"https:\/\/schema.org","@graph":[{"@type":"WebPage","@id":"https:\/\/www.accartbooks.com\/uk\/book\/nele-gulck\/","url":"https:\/\/www.accartbooks.com\/uk\/book\/nele-gulck\/","name":"Nele G\u00fclck - ACC Art Books UK","isPartOf":{"@id":"https:\/\/www.accartbooks.com\/uk\/#website"},"primaryImageOfPage":{"@id":"https:\/\/www.accartbooks.com\/uk\/book\/nele-gulck\/#primaryimage"},"image":{"@id":"https:\/\/www.accartbooks.com\/uk\/book\/nele-gulck\/#primaryimage"},"thumbnailUrl":"https:\/\/www.accartbooks.com\/app\/uploads\/books\/9783735605511-04-1.jpg","datePublished":"2022-08-09T11:11:04+00:00","dateModified":"2022-08-16T13:12:34+00:00","description":"Title: Nele G\u00fclck, Pages: 96 Pages, Publish Date: 1st Jan 2018, Author: Text by Nele G\u00fclck, Text by Sabine Danek, ISBN: 9783735605511. Nele G\u00fclck s new book is a marvellous discovery journey through the curious world of collecting palm tree-shaped objects. Text in English and German.","breadcrumb":{"@id":"https:\/\/www.accartbooks.com\/uk\/book\/nele-gulck\/#breadcrumb"},"inLanguage":"en-GB","potentialAction":[{"@type":"ReadAction","target":["https:\/\/www.accartbooks.com\/uk\/book\/nele-gulck\/"]}]},{"@type":"ImageObject","inLanguage":"en-GB","@id":"https:\/\/www.accartbooks.com\/uk\/book\/nele-gulck\/#primaryimage","url":"https:\/\/www.accartbooks.com\/app\/uploads\/books\/9783735605511-04-1.jpg","contentUrl":"https:\/\/www.accartbooks.com\/app\/uploads\/books\/9783735605511-04-1.jpg","width":792,"height":1000},{"@type":"BreadcrumbList","@id":"https:\/\/www.accartbooks.com\/uk\/book\/nele-gulck\/#breadcrumb","itemListElement":[{"@type":"ListItem","position":1,"name":"Home","item":"https:\/\/www.accartbooks.com\/uk\/"},{"@type":"ListItem","position":2,"name":"Books","item":"https:\/\/www.accartbooks.com\/uk\/books\/"},{"@type":"ListItem","position":3,"name":"Nele G\u00fclck"}]},{"@type":"WebSite","@id":"https:\/\/www.accartbooks.com\/uk\/#website","url":"https:\/\/www.accartbooks.com\/uk\/","name":"ACC Art Books UK","description":"One of the world\u2019s leading publishers and distributors of books on the arts and visual culture","publisher":{"@id":"https:\/\/www.accartbooks.com\/uk\/#organization"},"potentialAction":[{"@type":"SearchAction","target":{"@type":"EntryPoint","urlTemplate":"https:\/\/www.accartbooks.com\/uk\/?s={search_term_string}"},"query-input":{"@type":"PropertyValueSpecification","valueRequired":true,"valueName":"search_term_string"}}],"inLanguage":"en-GB"},{"@type":"Organization","@id":"https:\/\/www.accartbooks.com\/uk\/#organization","name":"ACC Art Books UK","url":"https:\/\/www.accartbooks.com\/uk\/","logo":{"@type":"ImageObject","inLanguage":"en-GB","@id":"https:\/\/www.accartbooks.com\/uk\/#\/schema\/logo\/image\/","url":"https:\/\/www.accartbooks.com\/app\/uploads\/2020\/05\/Acc-Logo.png","contentUrl":"https:\/\/www.accartbooks.com\/app\/uploads\/2020\/05\/Acc-Logo.png","width":64,"height":100,"caption":"ACC Art Books UK"},"image":{"@id":"https:\/\/www.accartbooks.com\/uk\/#\/schema\/logo\/image\/"},"sameAs":["https:\/\/www.facebook.com\/ACCArtBooks\/","https:\/\/x.com\/accartbooks"]}]}},"_links":{"self":[{"href":"https:\/\/www.accartbooks.com\/uk\/wp-json\/wp\/v2\/product\/38220","targetHints":{"allow":["GET"]}}],"collection":[{"href":"https:\/\/www.accartbooks.com\/uk\/wp-json\/wp\/v2\/product"}],"about":[{"href":"https:\/\/www.accartbooks.com\/uk\/wp-json\/wp\/v2\/types\/product"}],"wp:featuredmedia":[{"embeddable":true,"href":"https:\/\/www.accartbooks.com\/uk\/wp-json\/wp\/v2\/media\/38221"}],"wp:attachment":[{"href":"https:\/\/www.accartbooks.com\/uk\/wp-json\/wp\/v2\/media?parent=38220"}],"wp:term":[{"taxonomy":"product_brand","embeddable":true,"href":"https:\/\/www.accartbooks.com\/uk\/wp-json\/wp\/v2\/product_brand?post=38220"},{"taxonomy":"product_cat","embeddable":true,"href":"https:\/\/www.accartbooks.com\/uk\/wp-json\/wp\/v2\/product_cat?post=38220"},{"taxonomy":"product_tag","embeddable":true,"href":"https:\/\/www.accartbooks.com\/uk\/wp-json\/wp\/v2\/product_tag?post=38220"}],"curies":[{"name":"wp","href":"https:\/\/api.w.org\/{rel}","templated":true}]}}