{"id":38266,"date":"2022-08-09T15:11:35","date_gmt":"2022-08-09T15:11:35","guid":{"rendered":"https:\/\/www.accartbooks.com\/uk\/book\/the-opera-2022\/"},"modified":"2026-03-26T12:10:19","modified_gmt":"2026-03-26T12:10:19","slug":"the-opera-6","status":"publish","type":"product","link":"https:\/\/www.accartbooks.com\/uk\/book\/the-opera-6\/","title":{"rendered":"The Op\u00e9ra"},"content":{"rendered":"<p>Since the founding of <strong><em>The Op&eacute;ra &ndash; Magazine for Contemporary Nude Photography<\/em><\/strong> in 2012, a new issue with works by more than 30 photographers per magazine has been produced each year under the creative direction of changing designers. The most beautiful series from 10 issues are now being published for the first time and in a new layout within part new motifs in a unique omnibus volume. The dedication of each artist is also honoured in a personal text contribution.<\/p>\n<p>Artists: Evelyn Bencicova, Rachel de Joode, Henny de la Motte, Fabien Dettori, Julia Fullerton-Batten, Thomas Hauser, Bart Hess, Petrina Hicks, Mayumi Hosokura, David PD Hyde, Maciek Jasik, Nadav Kander, Mona Kuhn, Joanne Leah, Kenny Lemes, Julia Luzina, Ed Maximus, Stefan Milev, Thomas Sing, Laura Stevens, Erika Svensson, Marc van Dalen, Sean Patrick Watters, Roger Weiss, Milena Wojhan, Bastiaan Woudt, Daisuke Yokota, Lin Zhipeng.<\/p>\n","protected":false},"excerpt":{"rendered":"<p>The most beautiful series from 10 issues are now being published for the first time and in a new layout with in part new motifs in a unique omnibus volume.<\/p>\n","protected":false},"featured_media":38267,"template":"","meta":{"_acf_changed":false,"_relevanssi_hide_post":"","_relevanssi_hide_content":"","_relevanssi_pin_for_all":"","_relevanssi_pin_keywords":"","_relevanssi_unpin_keywords":"","_relevanssi_related_keywords":"","_relevanssi_related_include_ids":"","_relevanssi_related_exclude_ids":"","_relevanssi_related_no_append":"","_relevanssi_related_not_related":"","_relevanssi_related_posts":"","_relevanssi_noindex_reason":""},"product_brand":[],"product_cat":[5485],"product_tag":[],"class_list":{"0":"post-38266","1":"product","2":"type-product","3":"status-publish","4":"has-post-thumbnail","6":"product_cat-photography","7":"author-designed-by-steffen-knoll","8":"author-designed-by-sven-tillack","9":"author-edited-by-matthias-straub","10":"publisher-kerber-verlag","11":"series-the-opera","13":"first","14":"instock","15":"shipping-taxable","16":"purchasable","17":"product-type-simple"},"acf":[],"yoast_head":"<!-- This site is optimized with the Yoast SEO plugin v27.0 - https:\/\/yoast.com\/product\/yoast-seo-wordpress\/ -->\n<title>The Op\u00e9ra - ACC Art Books UK<\/title>\n<meta name=\"description\" content=\"Title: The Op\u00e9ra, Pages: 320 Pages, Publish Date: 9th Jan 2023, Author: Designed by Steffen Kn\u00f6ll, Designed by Sven Tillack, Edited by Matthias Straub, ISBN: 9783735608529. The most beautiful series from 10 issues are now being published for the first time and in a new layout with in part new motifs in a unique omnibus volume.\" \/>\n<meta name=\"robots\" content=\"index, follow, max-snippet:-1, max-image-preview:large, max-video-preview:-1\" \/>\n<link rel=\"canonical\" href=\"https:\/\/www.accartbooks.com\/uk\/book\/the-opera-2022\/\" \/>\n<meta property=\"og:locale\" content=\"en_GB\" \/>\n<meta property=\"og:type\" content=\"article\" \/>\n<meta property=\"og:title\" content=\"The Op\u00e9ra - ACC Art Books UK\" \/>\n<meta property=\"og:description\" content=\"Title: The Op\u00e9ra, Pages: 320 Pages, Publish Date: 9th Jan 2023, Author: Designed by Steffen Kn\u00f6ll, Designed by Sven Tillack, Edited by Matthias Straub, ISBN: 9783735608529. The most beautiful series from 10 issues are now being published for the first time and in a new layout with in part new motifs in a unique omnibus volume.\" \/>\n<meta property=\"og:url\" content=\"https:\/\/www.accartbooks.com\/uk\/book\/the-opera-2022\/\" \/>\n<meta property=\"og:site_name\" content=\"ACC Art Books UK\" \/>\n<meta property=\"article:publisher\" content=\"https:\/\/www.facebook.com\/ACCArtBooks\/\" \/>\n<meta property=\"article:modified_time\" content=\"2026-03-26T12:10:19+00:00\" \/>\n<meta property=\"og:image\" content=\"https:\/\/www.accartbooks.com\/app\/uploads\/books\/9783735608529-04-1.jpg\" \/>\n\t<meta property=\"og:image:width\" content=\"774\" \/>\n\t<meta property=\"og:image:height\" content=\"1000\" \/>\n\t<meta property=\"og:image:type\" content=\"image\/jpeg\" \/>\n<meta name=\"twitter:card\" content=\"summary_large_image\" \/>\n<meta name=\"twitter:site\" content=\"@accartbooks\" \/>\n<meta name=\"twitter:label1\" content=\"Estimated reading time\" \/>\n\t<meta name=\"twitter:data1\" content=\"1 minute\" \/>\n<script type=\"application\/ld+json\" class=\"yoast-schema-graph\">{\"@context\":\"https:\/\/schema.org\",\"@graph\":[{\"@type\":\"WebPage\",\"@id\":\"https:\/\/www.accartbooks.com\/uk\/book\/the-opera-2022\/\",\"url\":\"https:\/\/www.accartbooks.com\/uk\/book\/the-opera-2022\/\",\"name\":\"The Op\u00e9ra - ACC Art Books UK\",\"isPartOf\":{\"@id\":\"https:\/\/www.accartbooks.com\/uk\/#website\"},\"primaryImageOfPage\":{\"@id\":\"https:\/\/www.accartbooks.com\/uk\/book\/the-opera-2022\/#primaryimage\"},\"image\":{\"@id\":\"https:\/\/www.accartbooks.com\/uk\/book\/the-opera-2022\/#primaryimage\"},\"thumbnailUrl\":\"https:\/\/www.accartbooks.com\/app\/uploads\/books\/9783735608529-04-1.jpg\",\"datePublished\":\"2022-08-09T15:11:35+00:00\",\"dateModified\":\"2026-03-26T12:10:19+00:00\",\"description\":\"Title: The Op\u00e9ra, Pages: 320 Pages, Publish Date: 9th Jan 2023, Author: Designed by Steffen Kn\u00f6ll, Designed by Sven Tillack, Edited by Matthias Straub, ISBN: 9783735608529. The most beautiful series from 10 issues are now being published for the first time and in a new layout with in part new motifs in a unique omnibus volume.\",\"breadcrumb\":{\"@id\":\"https:\/\/www.accartbooks.com\/uk\/book\/the-opera-2022\/#breadcrumb\"},\"inLanguage\":\"en-GB\",\"potentialAction\":[{\"@type\":\"ReadAction\",\"target\":[\"https:\/\/www.accartbooks.com\/uk\/book\/the-opera-2022\/\"]}]},{\"@type\":\"ImageObject\",\"inLanguage\":\"en-GB\",\"@id\":\"https:\/\/www.accartbooks.com\/uk\/book\/the-opera-2022\/#primaryimage\",\"url\":\"https:\/\/www.accartbooks.com\/app\/uploads\/books\/9783735608529-04-1.jpg\",\"contentUrl\":\"https:\/\/www.accartbooks.com\/app\/uploads\/books\/9783735608529-04-1.jpg\",\"width\":778,\"height\":1000},{\"@type\":\"BreadcrumbList\",\"@id\":\"https:\/\/www.accartbooks.com\/uk\/book\/the-opera-2022\/#breadcrumb\",\"itemListElement\":[{\"@type\":\"ListItem\",\"position\":1,\"name\":\"Home\",\"item\":\"https:\/\/www.accartbooks.com\/uk\/\"},{\"@type\":\"ListItem\",\"position\":2,\"name\":\"Books\",\"item\":\"https:\/\/www.accartbooks.com\/uk\/books\/\"},{\"@type\":\"ListItem\",\"position\":3,\"name\":\"The Op\u00e9ra 2022\"}]},{\"@type\":\"WebSite\",\"@id\":\"https:\/\/www.accartbooks.com\/uk\/#website\",\"url\":\"https:\/\/www.accartbooks.com\/uk\/\",\"name\":\"ACC Art Books UK\",\"description\":\"One of the world\u2019s leading publishers and distributors of books on the arts and visual culture\",\"publisher\":{\"@id\":\"https:\/\/www.accartbooks.com\/uk\/#organization\"},\"potentialAction\":[{\"@type\":\"SearchAction\",\"target\":{\"@type\":\"EntryPoint\",\"urlTemplate\":\"https:\/\/www.accartbooks.com\/uk\/?s={search_term_string}\"},\"query-input\":{\"@type\":\"PropertyValueSpecification\",\"valueRequired\":true,\"valueName\":\"search_term_string\"}}],\"inLanguage\":\"en-GB\"},{\"@type\":\"Organization\",\"@id\":\"https:\/\/www.accartbooks.com\/uk\/#organization\",\"name\":\"ACC Art Books UK\",\"url\":\"https:\/\/www.accartbooks.com\/uk\/\",\"logo\":{\"@type\":\"ImageObject\",\"inLanguage\":\"en-GB\",\"@id\":\"https:\/\/www.accartbooks.com\/uk\/#\/schema\/logo\/image\/\",\"url\":\"https:\/\/www.accartbooks.com\/app\/uploads\/2020\/05\/Acc-Logo.png\",\"contentUrl\":\"https:\/\/www.accartbooks.com\/app\/uploads\/2020\/05\/Acc-Logo.png\",\"width\":64,\"height\":100,\"caption\":\"ACC Art Books UK\"},\"image\":{\"@id\":\"https:\/\/www.accartbooks.com\/uk\/#\/schema\/logo\/image\/\"},\"sameAs\":[\"https:\/\/www.facebook.com\/ACCArtBooks\/\",\"https:\/\/x.com\/accartbooks\"]}]}<\/script>\n<!-- \/ Yoast SEO plugin. -->","yoast_head_json":{"title":"The Op\u00e9ra - ACC Art Books UK","description":"Title: The Op\u00e9ra, Pages: 320 Pages, Publish Date: 9th Jan 2023, Author: Designed by Steffen Kn\u00f6ll, Designed by Sven Tillack, Edited by Matthias Straub, ISBN: 9783735608529. The most beautiful series from 10 issues are now being published for the first time and in a new layout with in part new motifs in a unique omnibus volume.","robots":{"index":"index","follow":"follow","max-snippet":"max-snippet:-1","max-image-preview":"max-image-preview:large","max-video-preview":"max-video-preview:-1"},"canonical":"https:\/\/www.accartbooks.com\/uk\/book\/the-opera-2022\/","og_locale":"en_GB","og_type":"article","og_title":"The Op\u00e9ra - ACC Art Books UK","og_description":"Title: The Op\u00e9ra, Pages: 320 Pages, Publish Date: 9th Jan 2023, Author: Designed by Steffen Kn\u00f6ll, Designed by Sven Tillack, Edited by Matthias Straub, ISBN: 9783735608529. The most beautiful series from 10 issues are now being published for the first time and in a new layout with in part new motifs in a unique omnibus volume.","og_url":"https:\/\/www.accartbooks.com\/uk\/book\/the-opera-2022\/","og_site_name":"ACC Art Books UK","article_publisher":"https:\/\/www.facebook.com\/ACCArtBooks\/","article_modified_time":"2026-03-26T12:10:19+00:00","og_image":[{"width":774,"height":1000,"url":"https:\/\/www.accartbooks.com\/app\/uploads\/books\/9783735608529-04-1.jpg","type":"image\/jpeg"}],"twitter_card":"summary_large_image","twitter_site":"@accartbooks","twitter_misc":{"Estimated reading time":"1 minute"},"schema":{"@context":"https:\/\/schema.org","@graph":[{"@type":"WebPage","@id":"https:\/\/www.accartbooks.com\/uk\/book\/the-opera-2022\/","url":"https:\/\/www.accartbooks.com\/uk\/book\/the-opera-2022\/","name":"The Op\u00e9ra - ACC Art Books UK","isPartOf":{"@id":"https:\/\/www.accartbooks.com\/uk\/#website"},"primaryImageOfPage":{"@id":"https:\/\/www.accartbooks.com\/uk\/book\/the-opera-2022\/#primaryimage"},"image":{"@id":"https:\/\/www.accartbooks.com\/uk\/book\/the-opera-2022\/#primaryimage"},"thumbnailUrl":"https:\/\/www.accartbooks.com\/app\/uploads\/books\/9783735608529-04-1.jpg","datePublished":"2022-08-09T15:11:35+00:00","dateModified":"2026-03-26T12:10:19+00:00","description":"Title: The Op\u00e9ra, Pages: 320 Pages, Publish Date: 9th Jan 2023, Author: Designed by Steffen Kn\u00f6ll, Designed by Sven Tillack, Edited by Matthias Straub, ISBN: 9783735608529. The most beautiful series from 10 issues are now being published for the first time and in a new layout with in part new motifs in a unique omnibus volume.","breadcrumb":{"@id":"https:\/\/www.accartbooks.com\/uk\/book\/the-opera-2022\/#breadcrumb"},"inLanguage":"en-GB","potentialAction":[{"@type":"ReadAction","target":["https:\/\/www.accartbooks.com\/uk\/book\/the-opera-2022\/"]}]},{"@type":"ImageObject","inLanguage":"en-GB","@id":"https:\/\/www.accartbooks.com\/uk\/book\/the-opera-2022\/#primaryimage","url":"https:\/\/www.accartbooks.com\/app\/uploads\/books\/9783735608529-04-1.jpg","contentUrl":"https:\/\/www.accartbooks.com\/app\/uploads\/books\/9783735608529-04-1.jpg","width":778,"height":1000},{"@type":"BreadcrumbList","@id":"https:\/\/www.accartbooks.com\/uk\/book\/the-opera-2022\/#breadcrumb","itemListElement":[{"@type":"ListItem","position":1,"name":"Home","item":"https:\/\/www.accartbooks.com\/uk\/"},{"@type":"ListItem","position":2,"name":"Books","item":"https:\/\/www.accartbooks.com\/uk\/books\/"},{"@type":"ListItem","position":3,"name":"The Op\u00e9ra 2022"}]},{"@type":"WebSite","@id":"https:\/\/www.accartbooks.com\/uk\/#website","url":"https:\/\/www.accartbooks.com\/uk\/","name":"ACC Art Books UK","description":"One of the world\u2019s leading publishers and distributors of books on the arts and visual culture","publisher":{"@id":"https:\/\/www.accartbooks.com\/uk\/#organization"},"potentialAction":[{"@type":"SearchAction","target":{"@type":"EntryPoint","urlTemplate":"https:\/\/www.accartbooks.com\/uk\/?s={search_term_string}"},"query-input":{"@type":"PropertyValueSpecification","valueRequired":true,"valueName":"search_term_string"}}],"inLanguage":"en-GB"},{"@type":"Organization","@id":"https:\/\/www.accartbooks.com\/uk\/#organization","name":"ACC Art Books UK","url":"https:\/\/www.accartbooks.com\/uk\/","logo":{"@type":"ImageObject","inLanguage":"en-GB","@id":"https:\/\/www.accartbooks.com\/uk\/#\/schema\/logo\/image\/","url":"https:\/\/www.accartbooks.com\/app\/uploads\/2020\/05\/Acc-Logo.png","contentUrl":"https:\/\/www.accartbooks.com\/app\/uploads\/2020\/05\/Acc-Logo.png","width":64,"height":100,"caption":"ACC Art Books UK"},"image":{"@id":"https:\/\/www.accartbooks.com\/uk\/#\/schema\/logo\/image\/"},"sameAs":["https:\/\/www.facebook.com\/ACCArtBooks\/","https:\/\/x.com\/accartbooks"]}]}},"_links":{"self":[{"href":"https:\/\/www.accartbooks.com\/uk\/wp-json\/wp\/v2\/product\/38266","targetHints":{"allow":["GET"]}}],"collection":[{"href":"https:\/\/www.accartbooks.com\/uk\/wp-json\/wp\/v2\/product"}],"about":[{"href":"https:\/\/www.accartbooks.com\/uk\/wp-json\/wp\/v2\/types\/product"}],"wp:featuredmedia":[{"embeddable":true,"href":"https:\/\/www.accartbooks.com\/uk\/wp-json\/wp\/v2\/media\/38267"}],"wp:attachment":[{"href":"https:\/\/www.accartbooks.com\/uk\/wp-json\/wp\/v2\/media?parent=38266"}],"wp:term":[{"taxonomy":"product_brand","embeddable":true,"href":"https:\/\/www.accartbooks.com\/uk\/wp-json\/wp\/v2\/product_brand?post=38266"},{"taxonomy":"product_cat","embeddable":true,"href":"https:\/\/www.accartbooks.com\/uk\/wp-json\/wp\/v2\/product_cat?post=38266"},{"taxonomy":"product_tag","embeddable":true,"href":"https:\/\/www.accartbooks.com\/uk\/wp-json\/wp\/v2\/product_tag?post=38266"}],"curies":[{"name":"wp","href":"https:\/\/api.w.org\/{rel}","templated":true}]}}