{"id":38440,"date":"2022-08-12T11:11:05","date_gmt":"2022-08-12T11:11:05","guid":{"rendered":"https:\/\/www.accartbooks.com\/uk\/book\/theresa-moller\/"},"modified":"2024-11-25T16:13:12","modified_gmt":"2024-11-25T16:13:12","slug":"theresa-moller","status":"publish","type":"product","link":"https:\/\/www.accartbooks.com\/uk\/book\/theresa-moller\/","title":{"rendered":"Theresa M\u00f6ller"},"content":{"rendered":"<p>Theresa M&ouml;ller (*1988) explores the tragic entanglement and indissoluble interdependency of natural evolution and cultural development. Her work is inspired by the deep vulnerability and the sensual opulence of colours and forms of nature. The shades she uses are sweet mauves, powdery blues, fruity oranges, and sea greens. Architectures reappear occasionally through horizon lines and geometrical forms created by nature. The artistic approach is phantasmagorical and reflects a tormented inner space, which also outlines major current contemporary concerns. Theresa M&ouml;ller&rsquo;s book <strong><em>Dis-Nature <\/em><\/strong>is an invitation to discover her own nature and her vision of contemporary painting.<\/p>\n<p>Text in English, German and French.<\/p>\n","protected":false},"excerpt":{"rendered":"<p>In her paintings Theresa M&ouml;ller (*1988) explores the tragic entanglement and indissoluble interdependency of natural evolution and cultural development. Text in English, German and French.<\/p>\n","protected":false},"featured_media":38441,"template":"","meta":{"_acf_changed":false,"_relevanssi_hide_post":"","_relevanssi_hide_content":"","_relevanssi_pin_for_all":"","_relevanssi_pin_keywords":"","_relevanssi_unpin_keywords":"","_relevanssi_related_keywords":"","_relevanssi_related_include_ids":"","_relevanssi_related_exclude_ids":"","_relevanssi_related_no_append":"","_relevanssi_related_not_related":"","_relevanssi_related_posts":"","_relevanssi_noindex_reason":""},"product_brand":[],"product_cat":[5568],"product_tag":[],"class_list":{"0":"post-38440","1":"product","2":"type-product","3":"status-publish","4":"has-post-thumbnail","6":"product_cat-art","7":"author-edited-by-she-bam-galerie-laetitia-gorsy","8":"author-text-by-laetitia-gorsy","9":"author-text-by-sarie-nijboer","10":"publisher-kerber-verlag","12":"first","13":"instock","14":"shipping-taxable","15":"purchasable","16":"product-type-simple"},"acf":[],"yoast_head":"<!-- This site is optimized with the Yoast SEO plugin v27.0 - https:\/\/yoast.com\/product\/yoast-seo-wordpress\/ -->\n<title>Theresa M\u00f6ller - ACC Art Books UK<\/title>\n<meta name=\"description\" content=\"Title: Theresa M\u00f6ller, Pages: 64 Pages, Publish Date: 9th Jan 2023, Author: Edited by She BAM! Galerie L\u00e6titia Gorsy, Text by L\u00e6titia Gorsy, Text by Sarie Nijboer, ISBN: 9783735608499. In her paintings Theresa M&ouml;ller (*1988) explores the tragic entanglement and indissoluble interdependency of natural evolution and cultural development. Text in English, German and French.\" \/>\n<meta name=\"robots\" content=\"index, follow, max-snippet:-1, max-image-preview:large, max-video-preview:-1\" \/>\n<link rel=\"canonical\" href=\"https:\/\/www.accartbooks.com\/uk\/book\/theresa-moller\/\" \/>\n<meta property=\"og:locale\" content=\"en_GB\" \/>\n<meta property=\"og:type\" content=\"article\" \/>\n<meta property=\"og:title\" content=\"Theresa M\u00f6ller - ACC Art Books UK\" \/>\n<meta property=\"og:description\" content=\"Title: Theresa M\u00f6ller, Pages: 64 Pages, Publish Date: 9th Jan 2023, Author: Edited by She BAM! Galerie L\u00e6titia Gorsy, Text by L\u00e6titia Gorsy, Text by Sarie Nijboer, ISBN: 9783735608499. In her paintings Theresa M&ouml;ller (*1988) explores the tragic entanglement and indissoluble interdependency of natural evolution and cultural development. Text in English, German and French.\" \/>\n<meta property=\"og:url\" content=\"https:\/\/www.accartbooks.com\/uk\/book\/theresa-moller\/\" \/>\n<meta property=\"og:site_name\" content=\"ACC Art Books UK\" \/>\n<meta property=\"article:publisher\" content=\"https:\/\/www.facebook.com\/ACCArtBooks\/\" \/>\n<meta property=\"article:modified_time\" content=\"2024-11-25T16:13:12+00:00\" \/>\n<meta property=\"og:image\" content=\"https:\/\/www.accartbooks.com\/app\/uploads\/books\/9783735608499-04-1.jpg\" \/>\n\t<meta property=\"og:image:width\" content=\"877\" \/>\n\t<meta property=\"og:image:height\" content=\"1000\" \/>\n\t<meta property=\"og:image:type\" content=\"image\/jpeg\" \/>\n<meta name=\"twitter:card\" content=\"summary_large_image\" \/>\n<meta name=\"twitter:site\" content=\"@accartbooks\" \/>\n<meta name=\"twitter:label1\" content=\"Estimated reading time\" \/>\n\t<meta name=\"twitter:data1\" content=\"1 minute\" \/>\n<script type=\"application\/ld+json\" class=\"yoast-schema-graph\">{\"@context\":\"https:\/\/schema.org\",\"@graph\":[{\"@type\":\"WebPage\",\"@id\":\"https:\/\/www.accartbooks.com\/uk\/book\/theresa-moller\/\",\"url\":\"https:\/\/www.accartbooks.com\/uk\/book\/theresa-moller\/\",\"name\":\"Theresa M\u00f6ller - ACC Art Books UK\",\"isPartOf\":{\"@id\":\"https:\/\/www.accartbooks.com\/uk\/#website\"},\"primaryImageOfPage\":{\"@id\":\"https:\/\/www.accartbooks.com\/uk\/book\/theresa-moller\/#primaryimage\"},\"image\":{\"@id\":\"https:\/\/www.accartbooks.com\/uk\/book\/theresa-moller\/#primaryimage\"},\"thumbnailUrl\":\"https:\/\/www.accartbooks.com\/app\/uploads\/books\/9783735608499-04-1.jpg\",\"datePublished\":\"2022-08-12T11:11:05+00:00\",\"dateModified\":\"2024-11-25T16:13:12+00:00\",\"description\":\"Title: Theresa M\u00f6ller, Pages: 64 Pages, Publish Date: 9th Jan 2023, Author: Edited by She BAM! Galerie L\u00e6titia Gorsy, Text by L\u00e6titia Gorsy, Text by Sarie Nijboer, ISBN: 9783735608499. In her paintings Theresa M&ouml;ller (*1988) explores the tragic entanglement and indissoluble interdependency of natural evolution and cultural development. Text in English, German and French.\",\"breadcrumb\":{\"@id\":\"https:\/\/www.accartbooks.com\/uk\/book\/theresa-moller\/#breadcrumb\"},\"inLanguage\":\"en-GB\",\"potentialAction\":[{\"@type\":\"ReadAction\",\"target\":[\"https:\/\/www.accartbooks.com\/uk\/book\/theresa-moller\/\"]}]},{\"@type\":\"ImageObject\",\"inLanguage\":\"en-GB\",\"@id\":\"https:\/\/www.accartbooks.com\/uk\/book\/theresa-moller\/#primaryimage\",\"url\":\"https:\/\/www.accartbooks.com\/app\/uploads\/books\/9783735608499-04-1.jpg\",\"contentUrl\":\"https:\/\/www.accartbooks.com\/app\/uploads\/books\/9783735608499-04-1.jpg\",\"width\":877,\"height\":1000},{\"@type\":\"BreadcrumbList\",\"@id\":\"https:\/\/www.accartbooks.com\/uk\/book\/theresa-moller\/#breadcrumb\",\"itemListElement\":[{\"@type\":\"ListItem\",\"position\":1,\"name\":\"Home\",\"item\":\"https:\/\/www.accartbooks.com\/uk\/\"},{\"@type\":\"ListItem\",\"position\":2,\"name\":\"Books\",\"item\":\"https:\/\/www.accartbooks.com\/uk\/books\/\"},{\"@type\":\"ListItem\",\"position\":3,\"name\":\"Theresa M\u00f6ller\"}]},{\"@type\":\"WebSite\",\"@id\":\"https:\/\/www.accartbooks.com\/uk\/#website\",\"url\":\"https:\/\/www.accartbooks.com\/uk\/\",\"name\":\"ACC Art Books UK\",\"description\":\"One of the world\u2019s leading publishers and distributors of books on the arts and visual culture\",\"publisher\":{\"@id\":\"https:\/\/www.accartbooks.com\/uk\/#organization\"},\"potentialAction\":[{\"@type\":\"SearchAction\",\"target\":{\"@type\":\"EntryPoint\",\"urlTemplate\":\"https:\/\/www.accartbooks.com\/uk\/?s={search_term_string}\"},\"query-input\":{\"@type\":\"PropertyValueSpecification\",\"valueRequired\":true,\"valueName\":\"search_term_string\"}}],\"inLanguage\":\"en-GB\"},{\"@type\":\"Organization\",\"@id\":\"https:\/\/www.accartbooks.com\/uk\/#organization\",\"name\":\"ACC Art Books UK\",\"url\":\"https:\/\/www.accartbooks.com\/uk\/\",\"logo\":{\"@type\":\"ImageObject\",\"inLanguage\":\"en-GB\",\"@id\":\"https:\/\/www.accartbooks.com\/uk\/#\/schema\/logo\/image\/\",\"url\":\"https:\/\/www.accartbooks.com\/app\/uploads\/2020\/05\/Acc-Logo.png\",\"contentUrl\":\"https:\/\/www.accartbooks.com\/app\/uploads\/2020\/05\/Acc-Logo.png\",\"width\":64,\"height\":100,\"caption\":\"ACC Art Books UK\"},\"image\":{\"@id\":\"https:\/\/www.accartbooks.com\/uk\/#\/schema\/logo\/image\/\"},\"sameAs\":[\"https:\/\/www.facebook.com\/ACCArtBooks\/\",\"https:\/\/x.com\/accartbooks\"]}]}<\/script>\n<!-- \/ Yoast SEO plugin. -->","yoast_head_json":{"title":"Theresa M\u00f6ller - ACC Art Books UK","description":"Title: Theresa M\u00f6ller, Pages: 64 Pages, Publish Date: 9th Jan 2023, Author: Edited by She BAM! Galerie L\u00e6titia Gorsy, Text by L\u00e6titia Gorsy, Text by Sarie Nijboer, ISBN: 9783735608499. In her paintings Theresa M&ouml;ller (*1988) explores the tragic entanglement and indissoluble interdependency of natural evolution and cultural development. Text in English, German and French.","robots":{"index":"index","follow":"follow","max-snippet":"max-snippet:-1","max-image-preview":"max-image-preview:large","max-video-preview":"max-video-preview:-1"},"canonical":"https:\/\/www.accartbooks.com\/uk\/book\/theresa-moller\/","og_locale":"en_GB","og_type":"article","og_title":"Theresa M\u00f6ller - ACC Art Books UK","og_description":"Title: Theresa M\u00f6ller, Pages: 64 Pages, Publish Date: 9th Jan 2023, Author: Edited by She BAM! Galerie L\u00e6titia Gorsy, Text by L\u00e6titia Gorsy, Text by Sarie Nijboer, ISBN: 9783735608499. In her paintings Theresa M&ouml;ller (*1988) explores the tragic entanglement and indissoluble interdependency of natural evolution and cultural development. Text in English, German and French.","og_url":"https:\/\/www.accartbooks.com\/uk\/book\/theresa-moller\/","og_site_name":"ACC Art Books UK","article_publisher":"https:\/\/www.facebook.com\/ACCArtBooks\/","article_modified_time":"2024-11-25T16:13:12+00:00","og_image":[{"width":877,"height":1000,"url":"https:\/\/www.accartbooks.com\/app\/uploads\/books\/9783735608499-04-1.jpg","type":"image\/jpeg"}],"twitter_card":"summary_large_image","twitter_site":"@accartbooks","twitter_misc":{"Estimated reading time":"1 minute"},"schema":{"@context":"https:\/\/schema.org","@graph":[{"@type":"WebPage","@id":"https:\/\/www.accartbooks.com\/uk\/book\/theresa-moller\/","url":"https:\/\/www.accartbooks.com\/uk\/book\/theresa-moller\/","name":"Theresa M\u00f6ller - ACC Art Books UK","isPartOf":{"@id":"https:\/\/www.accartbooks.com\/uk\/#website"},"primaryImageOfPage":{"@id":"https:\/\/www.accartbooks.com\/uk\/book\/theresa-moller\/#primaryimage"},"image":{"@id":"https:\/\/www.accartbooks.com\/uk\/book\/theresa-moller\/#primaryimage"},"thumbnailUrl":"https:\/\/www.accartbooks.com\/app\/uploads\/books\/9783735608499-04-1.jpg","datePublished":"2022-08-12T11:11:05+00:00","dateModified":"2024-11-25T16:13:12+00:00","description":"Title: Theresa M\u00f6ller, Pages: 64 Pages, Publish Date: 9th Jan 2023, Author: Edited by She BAM! Galerie L\u00e6titia Gorsy, Text by L\u00e6titia Gorsy, Text by Sarie Nijboer, ISBN: 9783735608499. In her paintings Theresa M&ouml;ller (*1988) explores the tragic entanglement and indissoluble interdependency of natural evolution and cultural development. Text in English, German and French.","breadcrumb":{"@id":"https:\/\/www.accartbooks.com\/uk\/book\/theresa-moller\/#breadcrumb"},"inLanguage":"en-GB","potentialAction":[{"@type":"ReadAction","target":["https:\/\/www.accartbooks.com\/uk\/book\/theresa-moller\/"]}]},{"@type":"ImageObject","inLanguage":"en-GB","@id":"https:\/\/www.accartbooks.com\/uk\/book\/theresa-moller\/#primaryimage","url":"https:\/\/www.accartbooks.com\/app\/uploads\/books\/9783735608499-04-1.jpg","contentUrl":"https:\/\/www.accartbooks.com\/app\/uploads\/books\/9783735608499-04-1.jpg","width":877,"height":1000},{"@type":"BreadcrumbList","@id":"https:\/\/www.accartbooks.com\/uk\/book\/theresa-moller\/#breadcrumb","itemListElement":[{"@type":"ListItem","position":1,"name":"Home","item":"https:\/\/www.accartbooks.com\/uk\/"},{"@type":"ListItem","position":2,"name":"Books","item":"https:\/\/www.accartbooks.com\/uk\/books\/"},{"@type":"ListItem","position":3,"name":"Theresa M\u00f6ller"}]},{"@type":"WebSite","@id":"https:\/\/www.accartbooks.com\/uk\/#website","url":"https:\/\/www.accartbooks.com\/uk\/","name":"ACC Art Books UK","description":"One of the world\u2019s leading publishers and distributors of books on the arts and visual culture","publisher":{"@id":"https:\/\/www.accartbooks.com\/uk\/#organization"},"potentialAction":[{"@type":"SearchAction","target":{"@type":"EntryPoint","urlTemplate":"https:\/\/www.accartbooks.com\/uk\/?s={search_term_string}"},"query-input":{"@type":"PropertyValueSpecification","valueRequired":true,"valueName":"search_term_string"}}],"inLanguage":"en-GB"},{"@type":"Organization","@id":"https:\/\/www.accartbooks.com\/uk\/#organization","name":"ACC Art Books UK","url":"https:\/\/www.accartbooks.com\/uk\/","logo":{"@type":"ImageObject","inLanguage":"en-GB","@id":"https:\/\/www.accartbooks.com\/uk\/#\/schema\/logo\/image\/","url":"https:\/\/www.accartbooks.com\/app\/uploads\/2020\/05\/Acc-Logo.png","contentUrl":"https:\/\/www.accartbooks.com\/app\/uploads\/2020\/05\/Acc-Logo.png","width":64,"height":100,"caption":"ACC Art Books UK"},"image":{"@id":"https:\/\/www.accartbooks.com\/uk\/#\/schema\/logo\/image\/"},"sameAs":["https:\/\/www.facebook.com\/ACCArtBooks\/","https:\/\/x.com\/accartbooks"]}]}},"_links":{"self":[{"href":"https:\/\/www.accartbooks.com\/uk\/wp-json\/wp\/v2\/product\/38440","targetHints":{"allow":["GET"]}}],"collection":[{"href":"https:\/\/www.accartbooks.com\/uk\/wp-json\/wp\/v2\/product"}],"about":[{"href":"https:\/\/www.accartbooks.com\/uk\/wp-json\/wp\/v2\/types\/product"}],"wp:featuredmedia":[{"embeddable":true,"href":"https:\/\/www.accartbooks.com\/uk\/wp-json\/wp\/v2\/media\/38441"}],"wp:attachment":[{"href":"https:\/\/www.accartbooks.com\/uk\/wp-json\/wp\/v2\/media?parent=38440"}],"wp:term":[{"taxonomy":"product_brand","embeddable":true,"href":"https:\/\/www.accartbooks.com\/uk\/wp-json\/wp\/v2\/product_brand?post=38440"},{"taxonomy":"product_cat","embeddable":true,"href":"https:\/\/www.accartbooks.com\/uk\/wp-json\/wp\/v2\/product_cat?post=38440"},{"taxonomy":"product_tag","embeddable":true,"href":"https:\/\/www.accartbooks.com\/uk\/wp-json\/wp\/v2\/product_tag?post=38440"}],"curies":[{"name":"wp","href":"https:\/\/api.w.org\/{rel}","templated":true}]}}