{"id":39657,"date":"2022-10-07T15:10:15","date_gmt":"2022-10-07T15:10:15","guid":{"rendered":"https:\/\/www.accartbooks.com\/uk\/book\/adele-naude\/"},"modified":"2026-02-11T20:10:22","modified_gmt":"2026-02-11T20:10:22","slug":"adele-naude","status":"publish","type":"product","link":"https:\/\/www.accartbooks.com\/uk\/book\/adele-naude\/","title":{"rendered":"Ad\u00e8le Naud\u00e9"},"content":{"rendered":"<p><em>&#8220;Learning more about the people and personalities is always a surefire way to find renewed inspiration or change your perspective. This collection of beautiful new monographs, interviews, and personal histories might help.&#8221;<\/em>&nbsp;&mdash;&nbsp;<strong>The Architect&#8217;s Newspaper<\/strong>\n<\/p>\n<p><strong><em>Ad&egrave;le Naud&eacute;: A Form of Practice <\/em><\/strong>celebrates the architect&rsquo;s 40 years of practice and teaching. In notable academic leadership positions, Naud&eacute; taught across many locations globally, and her practice followed to new locations around the world. <strong><em>A Form of Practice<\/em><\/strong> is the first comprehensive monograph presenting the work and academic contributions by Naud&eacute; &#8211; from South Africa and Chile to Japan and the United States.<\/p>\n<p><em>&ldquo;&hellip;my teaching career at important institutions led to offers for increasingly important leadership positions including Architecture Chair at the University of Pennsylvania, the deanships at the University of California San Diego (UCSD) and later at MIT.&rdquo;<\/em><\/p>\n","protected":false},"excerpt":{"rendered":"<p>A Form of Practice is the first comprehensive monograph presenting the work and academic contributions by Naud&eacute; &mdash; from South Africa and Chile to Japan and the United States.<\/p>\n","protected":false},"featured_media":40903,"template":"","meta":{"_acf_changed":false,"_relevanssi_hide_post":"","_relevanssi_hide_content":"","_relevanssi_pin_for_all":"","_relevanssi_pin_keywords":"","_relevanssi_unpin_keywords":"","_relevanssi_related_keywords":"","_relevanssi_related_include_ids":"","_relevanssi_related_exclude_ids":"","_relevanssi_related_no_append":"","_relevanssi_related_not_related":"","_relevanssi_related_posts":"","_relevanssi_noindex_reason":""},"product_brand":[],"product_cat":[5559],"product_tag":[],"class_list":{"0":"post-39657","1":"product","2":"type-product","3":"status-publish","4":"has-post-thumbnail","6":"product_cat-architecture-landscape-design","7":"author-by-author-adele-naude","8":"publisher-oro-editions","10":"first","11":"instock","12":"shipping-taxable","13":"purchasable","14":"product-type-simple"},"acf":[],"yoast_head":"<!-- This site is optimized with the Yoast SEO plugin v27.0 - https:\/\/yoast.com\/product\/yoast-seo-wordpress\/ -->\n<title>Ad\u00e8le Naud\u00e9 - ACC Art Books UK<\/title>\n<meta name=\"description\" content=\"Title: Ad\u00e8le Naud\u00e9, Pages: 340 Pages, Publish Date: 20th Feb 2024, Author: Ad\u00e8le Naud\u00e9, ISBN: 9781957183435. A Form of Practice is the first comprehensive monograph presenting the work and academic contributions by Naud&eacute; &mdash; from South Africa and Chile to Japan and the United States.\" \/>\n<meta name=\"robots\" content=\"index, follow, max-snippet:-1, max-image-preview:large, max-video-preview:-1\" \/>\n<link rel=\"canonical\" href=\"https:\/\/www.accartbooks.com\/uk\/book\/adele-naude\/\" \/>\n<meta property=\"og:locale\" content=\"en_GB\" \/>\n<meta property=\"og:type\" content=\"article\" \/>\n<meta property=\"og:title\" content=\"Ad\u00e8le Naud\u00e9 - ACC Art Books UK\" \/>\n<meta property=\"og:description\" content=\"Title: Ad\u00e8le Naud\u00e9, Pages: 340 Pages, Publish Date: 20th Feb 2024, Author: Ad\u00e8le Naud\u00e9, ISBN: 9781957183435. A Form of Practice is the first comprehensive monograph presenting the work and academic contributions by Naud&eacute; &mdash; from South Africa and Chile to Japan and the United States.\" \/>\n<meta property=\"og:url\" content=\"https:\/\/www.accartbooks.com\/uk\/book\/adele-naude\/\" \/>\n<meta property=\"og:site_name\" content=\"ACC Art Books UK\" \/>\n<meta property=\"article:publisher\" content=\"https:\/\/www.facebook.com\/ACCArtBooks\/\" \/>\n<meta property=\"article:modified_time\" content=\"2026-02-11T20:10:22+00:00\" \/>\n<meta name=\"twitter:card\" content=\"summary_large_image\" \/>\n<meta name=\"twitter:site\" content=\"@accartbooks\" \/>\n<meta name=\"twitter:label1\" content=\"Estimated reading time\" \/>\n\t<meta name=\"twitter:data1\" content=\"1 minute\" \/>\n<script type=\"application\/ld+json\" class=\"yoast-schema-graph\">{\"@context\":\"https:\/\/schema.org\",\"@graph\":[{\"@type\":\"WebPage\",\"@id\":\"https:\/\/www.accartbooks.com\/uk\/book\/adele-naude\/\",\"url\":\"https:\/\/www.accartbooks.com\/uk\/book\/adele-naude\/\",\"name\":\"Ad\u00e8le Naud\u00e9 - ACC Art Books UK\",\"isPartOf\":{\"@id\":\"https:\/\/www.accartbooks.com\/uk\/#website\"},\"primaryImageOfPage\":{\"@id\":\"https:\/\/www.accartbooks.com\/uk\/book\/adele-naude\/#primaryimage\"},\"image\":{\"@id\":\"https:\/\/www.accartbooks.com\/uk\/book\/adele-naude\/#primaryimage\"},\"thumbnailUrl\":\"https:\/\/www.accartbooks.com\/app\/uploads\/books\/9781957183435-04-1.jpg\",\"datePublished\":\"2022-10-07T15:10:15+00:00\",\"dateModified\":\"2026-02-11T20:10:22+00:00\",\"description\":\"Title: Ad\u00e8le Naud\u00e9, Pages: 340 Pages, Publish Date: 20th Feb 2024, Author: Ad\u00e8le Naud\u00e9, ISBN: 9781957183435. A Form of Practice is the first comprehensive monograph presenting the work and academic contributions by Naud&eacute; &mdash; from South Africa and Chile to Japan and the United States.\",\"breadcrumb\":{\"@id\":\"https:\/\/www.accartbooks.com\/uk\/book\/adele-naude\/#breadcrumb\"},\"inLanguage\":\"en-GB\",\"potentialAction\":[{\"@type\":\"ReadAction\",\"target\":[\"https:\/\/www.accartbooks.com\/uk\/book\/adele-naude\/\"]}]},{\"@type\":\"ImageObject\",\"inLanguage\":\"en-GB\",\"@id\":\"https:\/\/www.accartbooks.com\/uk\/book\/adele-naude\/#primaryimage\",\"url\":\"https:\/\/www.accartbooks.com\/app\/uploads\/books\/9781957183435-04-1.jpg\",\"contentUrl\":\"https:\/\/www.accartbooks.com\/app\/uploads\/books\/9781957183435-04-1.jpg\",\"width\":1000,\"height\":1226},{\"@type\":\"BreadcrumbList\",\"@id\":\"https:\/\/www.accartbooks.com\/uk\/book\/adele-naude\/#breadcrumb\",\"itemListElement\":[{\"@type\":\"ListItem\",\"position\":1,\"name\":\"Home\",\"item\":\"https:\/\/www.accartbooks.com\/uk\/\"},{\"@type\":\"ListItem\",\"position\":2,\"name\":\"Books\",\"item\":\"https:\/\/www.accartbooks.com\/uk\/books\/\"},{\"@type\":\"ListItem\",\"position\":3,\"name\":\"Ad\u00e8le Naud\u00e9\"}]},{\"@type\":\"WebSite\",\"@id\":\"https:\/\/www.accartbooks.com\/uk\/#website\",\"url\":\"https:\/\/www.accartbooks.com\/uk\/\",\"name\":\"ACC Art Books UK\",\"description\":\"One of the world\u2019s leading publishers and distributors of books on the arts and visual culture\",\"publisher\":{\"@id\":\"https:\/\/www.accartbooks.com\/uk\/#organization\"},\"potentialAction\":[{\"@type\":\"SearchAction\",\"target\":{\"@type\":\"EntryPoint\",\"urlTemplate\":\"https:\/\/www.accartbooks.com\/uk\/?s={search_term_string}\"},\"query-input\":{\"@type\":\"PropertyValueSpecification\",\"valueRequired\":true,\"valueName\":\"search_term_string\"}}],\"inLanguage\":\"en-GB\"},{\"@type\":\"Organization\",\"@id\":\"https:\/\/www.accartbooks.com\/uk\/#organization\",\"name\":\"ACC Art Books UK\",\"url\":\"https:\/\/www.accartbooks.com\/uk\/\",\"logo\":{\"@type\":\"ImageObject\",\"inLanguage\":\"en-GB\",\"@id\":\"https:\/\/www.accartbooks.com\/uk\/#\/schema\/logo\/image\/\",\"url\":\"https:\/\/www.accartbooks.com\/app\/uploads\/2020\/05\/Acc-Logo.png\",\"contentUrl\":\"https:\/\/www.accartbooks.com\/app\/uploads\/2020\/05\/Acc-Logo.png\",\"width\":64,\"height\":100,\"caption\":\"ACC Art Books UK\"},\"image\":{\"@id\":\"https:\/\/www.accartbooks.com\/uk\/#\/schema\/logo\/image\/\"},\"sameAs\":[\"https:\/\/www.facebook.com\/ACCArtBooks\/\",\"https:\/\/x.com\/accartbooks\"]}]}<\/script>\n<!-- \/ Yoast SEO plugin. -->","yoast_head_json":{"title":"Ad\u00e8le Naud\u00e9 - ACC Art Books UK","description":"Title: Ad\u00e8le Naud\u00e9, Pages: 340 Pages, Publish Date: 20th Feb 2024, Author: Ad\u00e8le Naud\u00e9, ISBN: 9781957183435. A Form of Practice is the first comprehensive monograph presenting the work and academic contributions by Naud&eacute; &mdash; from South Africa and Chile to Japan and the United States.","robots":{"index":"index","follow":"follow","max-snippet":"max-snippet:-1","max-image-preview":"max-image-preview:large","max-video-preview":"max-video-preview:-1"},"canonical":"https:\/\/www.accartbooks.com\/uk\/book\/adele-naude\/","og_locale":"en_GB","og_type":"article","og_title":"Ad\u00e8le Naud\u00e9 - ACC Art Books UK","og_description":"Title: Ad\u00e8le Naud\u00e9, Pages: 340 Pages, Publish Date: 20th Feb 2024, Author: Ad\u00e8le Naud\u00e9, ISBN: 9781957183435. A Form of Practice is the first comprehensive monograph presenting the work and academic contributions by Naud&eacute; &mdash; from South Africa and Chile to Japan and the United States.","og_url":"https:\/\/www.accartbooks.com\/uk\/book\/adele-naude\/","og_site_name":"ACC Art Books UK","article_publisher":"https:\/\/www.facebook.com\/ACCArtBooks\/","article_modified_time":"2026-02-11T20:10:22+00:00","twitter_card":"summary_large_image","twitter_site":"@accartbooks","twitter_misc":{"Estimated reading time":"1 minute"},"schema":{"@context":"https:\/\/schema.org","@graph":[{"@type":"WebPage","@id":"https:\/\/www.accartbooks.com\/uk\/book\/adele-naude\/","url":"https:\/\/www.accartbooks.com\/uk\/book\/adele-naude\/","name":"Ad\u00e8le Naud\u00e9 - ACC Art Books UK","isPartOf":{"@id":"https:\/\/www.accartbooks.com\/uk\/#website"},"primaryImageOfPage":{"@id":"https:\/\/www.accartbooks.com\/uk\/book\/adele-naude\/#primaryimage"},"image":{"@id":"https:\/\/www.accartbooks.com\/uk\/book\/adele-naude\/#primaryimage"},"thumbnailUrl":"https:\/\/www.accartbooks.com\/app\/uploads\/books\/9781957183435-04-1.jpg","datePublished":"2022-10-07T15:10:15+00:00","dateModified":"2026-02-11T20:10:22+00:00","description":"Title: Ad\u00e8le Naud\u00e9, Pages: 340 Pages, Publish Date: 20th Feb 2024, Author: Ad\u00e8le Naud\u00e9, ISBN: 9781957183435. A Form of Practice is the first comprehensive monograph presenting the work and academic contributions by Naud&eacute; &mdash; from South Africa and Chile to Japan and the United States.","breadcrumb":{"@id":"https:\/\/www.accartbooks.com\/uk\/book\/adele-naude\/#breadcrumb"},"inLanguage":"en-GB","potentialAction":[{"@type":"ReadAction","target":["https:\/\/www.accartbooks.com\/uk\/book\/adele-naude\/"]}]},{"@type":"ImageObject","inLanguage":"en-GB","@id":"https:\/\/www.accartbooks.com\/uk\/book\/adele-naude\/#primaryimage","url":"https:\/\/www.accartbooks.com\/app\/uploads\/books\/9781957183435-04-1.jpg","contentUrl":"https:\/\/www.accartbooks.com\/app\/uploads\/books\/9781957183435-04-1.jpg","width":1000,"height":1226},{"@type":"BreadcrumbList","@id":"https:\/\/www.accartbooks.com\/uk\/book\/adele-naude\/#breadcrumb","itemListElement":[{"@type":"ListItem","position":1,"name":"Home","item":"https:\/\/www.accartbooks.com\/uk\/"},{"@type":"ListItem","position":2,"name":"Books","item":"https:\/\/www.accartbooks.com\/uk\/books\/"},{"@type":"ListItem","position":3,"name":"Ad\u00e8le Naud\u00e9"}]},{"@type":"WebSite","@id":"https:\/\/www.accartbooks.com\/uk\/#website","url":"https:\/\/www.accartbooks.com\/uk\/","name":"ACC Art Books UK","description":"One of the world\u2019s leading publishers and distributors of books on the arts and visual culture","publisher":{"@id":"https:\/\/www.accartbooks.com\/uk\/#organization"},"potentialAction":[{"@type":"SearchAction","target":{"@type":"EntryPoint","urlTemplate":"https:\/\/www.accartbooks.com\/uk\/?s={search_term_string}"},"query-input":{"@type":"PropertyValueSpecification","valueRequired":true,"valueName":"search_term_string"}}],"inLanguage":"en-GB"},{"@type":"Organization","@id":"https:\/\/www.accartbooks.com\/uk\/#organization","name":"ACC Art Books UK","url":"https:\/\/www.accartbooks.com\/uk\/","logo":{"@type":"ImageObject","inLanguage":"en-GB","@id":"https:\/\/www.accartbooks.com\/uk\/#\/schema\/logo\/image\/","url":"https:\/\/www.accartbooks.com\/app\/uploads\/2020\/05\/Acc-Logo.png","contentUrl":"https:\/\/www.accartbooks.com\/app\/uploads\/2020\/05\/Acc-Logo.png","width":64,"height":100,"caption":"ACC Art Books UK"},"image":{"@id":"https:\/\/www.accartbooks.com\/uk\/#\/schema\/logo\/image\/"},"sameAs":["https:\/\/www.facebook.com\/ACCArtBooks\/","https:\/\/x.com\/accartbooks"]}]}},"_links":{"self":[{"href":"https:\/\/www.accartbooks.com\/uk\/wp-json\/wp\/v2\/product\/39657","targetHints":{"allow":["GET"]}}],"collection":[{"href":"https:\/\/www.accartbooks.com\/uk\/wp-json\/wp\/v2\/product"}],"about":[{"href":"https:\/\/www.accartbooks.com\/uk\/wp-json\/wp\/v2\/types\/product"}],"wp:featuredmedia":[{"embeddable":true,"href":"https:\/\/www.accartbooks.com\/uk\/wp-json\/wp\/v2\/media\/40903"}],"wp:attachment":[{"href":"https:\/\/www.accartbooks.com\/uk\/wp-json\/wp\/v2\/media?parent=39657"}],"wp:term":[{"taxonomy":"product_brand","embeddable":true,"href":"https:\/\/www.accartbooks.com\/uk\/wp-json\/wp\/v2\/product_brand?post=39657"},{"taxonomy":"product_cat","embeddable":true,"href":"https:\/\/www.accartbooks.com\/uk\/wp-json\/wp\/v2\/product_cat?post=39657"},{"taxonomy":"product_tag","embeddable":true,"href":"https:\/\/www.accartbooks.com\/uk\/wp-json\/wp\/v2\/product_tag?post=39657"}],"curies":[{"name":"wp","href":"https:\/\/api.w.org\/{rel}","templated":true}]}}