{"id":40303,"date":"2022-11-03T20:05:13","date_gmt":"2022-11-03T20:05:13","guid":{"rendered":"https:\/\/www.accartbooks.com\/uk\/book\/fernand-leger-and-the-rooftops-of-paris\/"},"modified":"2024-11-25T16:11:10","modified_gmt":"2024-11-25T16:11:10","slug":"fernand-leger-and-the-rooftops-of-paris","status":"publish","type":"product","link":"https:\/\/www.accartbooks.com\/uk\/book\/fernand-leger-and-the-rooftops-of-paris\/","title":{"rendered":"Fernand L\u00e9ger and the Rooftops of Paris"},"content":{"rendered":"<p>Between 1909 and 1914, Fernand L&eacute;ger developed into one of the foremost Cubists. An important role in that development was played by a series of paintings he made in 1911-1912, the so-called <em>Fum&eacute;es sur les toits (Smoke Over Rooftops).<\/em><\/p>\n<p>These works depict the view from his Paris studio, where he looked out over rooftops with plumes of smoke drifting above. He seized upon the contrast between soft, ever changing clouds of smoke and hard, angular architectural masses as a means of paving the way to a more abstract and radical artistic language.<\/p>\n<p>Several years ago a previously unknown painting was discovered on the back of a canvas by L&eacute;ger in the Triton Collection Foundation. That discovery prompted this publication, which also examines the influence exerted on L&eacute;ger by such artists as C&eacute;zanne, Picasso and Braque.<\/p>\n<p>In cooperation with the Triton Collection Foundation and the Kr&ouml;ller-M&uuml;ller Museum.<\/p>\n","protected":false},"excerpt":{"rendered":"<p>This publication on works by Cubist artist Fernand L&eacute;ger examines the influence exerted on L&eacute;ger by such artists as C&eacute;zanne, Picasso and Braque.<\/p>\n","protected":false},"featured_media":40304,"template":"","meta":{"_acf_changed":false,"_relevanssi_hide_post":"","_relevanssi_hide_content":"","_relevanssi_pin_for_all":"","_relevanssi_pin_keywords":"","_relevanssi_unpin_keywords":"","_relevanssi_related_keywords":"","_relevanssi_related_include_ids":"","_relevanssi_related_exclude_ids":"","_relevanssi_related_no_append":"","_relevanssi_related_not_related":"","_relevanssi_related_posts":"","_relevanssi_noindex_reason":""},"product_brand":[],"product_cat":[5568],"product_tag":[],"class_list":{"0":"post-40303","1":"product","2":"type-product","3":"status-publish","4":"has-post-thumbnail","6":"product_cat-art","7":"author-by-author-gwendolyn-boeve-jones","8":"author-by-author-sjraar-van-heugten","9":"publisher-exhibitions-international","11":"first","12":"instock","13":"shipping-taxable","14":"purchasable","15":"product-type-simple"},"acf":[],"yoast_head":"<!-- This site is optimized with the Yoast SEO plugin v27.0 - https:\/\/yoast.com\/product\/yoast-seo-wordpress\/ -->\n<title>Fernand L\u00e9ger and the Rooftops of Paris - ACC Art Books UK<\/title>\n<meta name=\"description\" content=\"Title: Fernand L\u00e9ger and the Rooftops of Paris, Pages: 104 Pages, Publish Date: 20th Dec 2022, Author: Gwendolyn Boev\u00e9-Jones, Sjraar van Heugten, ISBN: 9789490880408. This publication on works by Cubist artist Fernand L&eacute;ger examines the influence exerted on L&eacute;ger by such artists as C&eacute;zanne, Picasso and Braque.\" \/>\n<meta name=\"robots\" content=\"index, follow, max-snippet:-1, max-image-preview:large, max-video-preview:-1\" \/>\n<link rel=\"canonical\" href=\"https:\/\/www.accartbooks.com\/uk\/book\/fernand-leger-and-the-rooftops-of-paris\/\" \/>\n<meta property=\"og:locale\" content=\"en_GB\" \/>\n<meta property=\"og:type\" content=\"article\" \/>\n<meta property=\"og:title\" content=\"Fernand L\u00e9ger and the Rooftops of Paris - ACC Art Books UK\" \/>\n<meta property=\"og:description\" content=\"Title: Fernand L\u00e9ger and the Rooftops of Paris, Pages: 104 Pages, Publish Date: 20th Dec 2022, Author: Gwendolyn Boev\u00e9-Jones, Sjraar van Heugten, ISBN: 9789490880408. This publication on works by Cubist artist Fernand L&eacute;ger examines the influence exerted on L&eacute;ger by such artists as C&eacute;zanne, Picasso and Braque.\" \/>\n<meta property=\"og:url\" content=\"https:\/\/www.accartbooks.com\/uk\/book\/fernand-leger-and-the-rooftops-of-paris\/\" \/>\n<meta property=\"og:site_name\" content=\"ACC Art Books UK\" \/>\n<meta property=\"article:publisher\" content=\"https:\/\/www.facebook.com\/ACCArtBooks\/\" \/>\n<meta property=\"article:modified_time\" content=\"2024-11-25T16:11:10+00:00\" \/>\n<meta property=\"og:image\" content=\"https:\/\/www.accartbooks.com\/app\/uploads\/books\/9789490880408-04-1.jpg\" \/>\n\t<meta property=\"og:image:width\" content=\"767\" \/>\n\t<meta property=\"og:image:height\" content=\"1000\" \/>\n\t<meta property=\"og:image:type\" content=\"image\/jpeg\" \/>\n<meta name=\"twitter:card\" content=\"summary_large_image\" \/>\n<meta name=\"twitter:site\" content=\"@accartbooks\" \/>\n<meta name=\"twitter:label1\" content=\"Estimated reading time\" \/>\n\t<meta name=\"twitter:data1\" content=\"1 minute\" \/>\n<script type=\"application\/ld+json\" class=\"yoast-schema-graph\">{\"@context\":\"https:\/\/schema.org\",\"@graph\":[{\"@type\":\"WebPage\",\"@id\":\"https:\/\/www.accartbooks.com\/uk\/book\/fernand-leger-and-the-rooftops-of-paris\/\",\"url\":\"https:\/\/www.accartbooks.com\/uk\/book\/fernand-leger-and-the-rooftops-of-paris\/\",\"name\":\"Fernand L\u00e9ger and the Rooftops of Paris - ACC Art Books UK\",\"isPartOf\":{\"@id\":\"https:\/\/www.accartbooks.com\/uk\/#website\"},\"primaryImageOfPage\":{\"@id\":\"https:\/\/www.accartbooks.com\/uk\/book\/fernand-leger-and-the-rooftops-of-paris\/#primaryimage\"},\"image\":{\"@id\":\"https:\/\/www.accartbooks.com\/uk\/book\/fernand-leger-and-the-rooftops-of-paris\/#primaryimage\"},\"thumbnailUrl\":\"https:\/\/www.accartbooks.com\/app\/uploads\/books\/9789490880408-04-1.jpg\",\"datePublished\":\"2022-11-03T20:05:13+00:00\",\"dateModified\":\"2024-11-25T16:11:10+00:00\",\"description\":\"Title: Fernand L\u00e9ger and the Rooftops of Paris, Pages: 104 Pages, Publish Date: 20th Dec 2022, Author: Gwendolyn Boev\u00e9-Jones, Sjraar van Heugten, ISBN: 9789490880408. This publication on works by Cubist artist Fernand L&eacute;ger examines the influence exerted on L&eacute;ger by such artists as C&eacute;zanne, Picasso and Braque.\",\"breadcrumb\":{\"@id\":\"https:\/\/www.accartbooks.com\/uk\/book\/fernand-leger-and-the-rooftops-of-paris\/#breadcrumb\"},\"inLanguage\":\"en-GB\",\"potentialAction\":[{\"@type\":\"ReadAction\",\"target\":[\"https:\/\/www.accartbooks.com\/uk\/book\/fernand-leger-and-the-rooftops-of-paris\/\"]}]},{\"@type\":\"ImageObject\",\"inLanguage\":\"en-GB\",\"@id\":\"https:\/\/www.accartbooks.com\/uk\/book\/fernand-leger-and-the-rooftops-of-paris\/#primaryimage\",\"url\":\"https:\/\/www.accartbooks.com\/app\/uploads\/books\/9789490880408-04-1.jpg\",\"contentUrl\":\"https:\/\/www.accartbooks.com\/app\/uploads\/books\/9789490880408-04-1.jpg\",\"width\":1033,\"height\":1400},{\"@type\":\"BreadcrumbList\",\"@id\":\"https:\/\/www.accartbooks.com\/uk\/book\/fernand-leger-and-the-rooftops-of-paris\/#breadcrumb\",\"itemListElement\":[{\"@type\":\"ListItem\",\"position\":1,\"name\":\"Home\",\"item\":\"https:\/\/www.accartbooks.com\/uk\/\"},{\"@type\":\"ListItem\",\"position\":2,\"name\":\"Books\",\"item\":\"https:\/\/www.accartbooks.com\/uk\/books\/\"},{\"@type\":\"ListItem\",\"position\":3,\"name\":\"Fernand L\u00e9ger and the Rooftops of Paris\"}]},{\"@type\":\"WebSite\",\"@id\":\"https:\/\/www.accartbooks.com\/uk\/#website\",\"url\":\"https:\/\/www.accartbooks.com\/uk\/\",\"name\":\"ACC Art Books UK\",\"description\":\"One of the world\u2019s leading publishers and distributors of books on the arts and visual culture\",\"publisher\":{\"@id\":\"https:\/\/www.accartbooks.com\/uk\/#organization\"},\"potentialAction\":[{\"@type\":\"SearchAction\",\"target\":{\"@type\":\"EntryPoint\",\"urlTemplate\":\"https:\/\/www.accartbooks.com\/uk\/?s={search_term_string}\"},\"query-input\":{\"@type\":\"PropertyValueSpecification\",\"valueRequired\":true,\"valueName\":\"search_term_string\"}}],\"inLanguage\":\"en-GB\"},{\"@type\":\"Organization\",\"@id\":\"https:\/\/www.accartbooks.com\/uk\/#organization\",\"name\":\"ACC Art Books UK\",\"url\":\"https:\/\/www.accartbooks.com\/uk\/\",\"logo\":{\"@type\":\"ImageObject\",\"inLanguage\":\"en-GB\",\"@id\":\"https:\/\/www.accartbooks.com\/uk\/#\/schema\/logo\/image\/\",\"url\":\"https:\/\/www.accartbooks.com\/app\/uploads\/2020\/05\/Acc-Logo.png\",\"contentUrl\":\"https:\/\/www.accartbooks.com\/app\/uploads\/2020\/05\/Acc-Logo.png\",\"width\":64,\"height\":100,\"caption\":\"ACC Art Books UK\"},\"image\":{\"@id\":\"https:\/\/www.accartbooks.com\/uk\/#\/schema\/logo\/image\/\"},\"sameAs\":[\"https:\/\/www.facebook.com\/ACCArtBooks\/\",\"https:\/\/x.com\/accartbooks\"]}]}<\/script>\n<!-- \/ Yoast SEO plugin. -->","yoast_head_json":{"title":"Fernand L\u00e9ger and the Rooftops of Paris - ACC Art Books UK","description":"Title: Fernand L\u00e9ger and the Rooftops of Paris, Pages: 104 Pages, Publish Date: 20th Dec 2022, Author: Gwendolyn Boev\u00e9-Jones, Sjraar van Heugten, ISBN: 9789490880408. This publication on works by Cubist artist Fernand L&eacute;ger examines the influence exerted on L&eacute;ger by such artists as C&eacute;zanne, Picasso and Braque.","robots":{"index":"index","follow":"follow","max-snippet":"max-snippet:-1","max-image-preview":"max-image-preview:large","max-video-preview":"max-video-preview:-1"},"canonical":"https:\/\/www.accartbooks.com\/uk\/book\/fernand-leger-and-the-rooftops-of-paris\/","og_locale":"en_GB","og_type":"article","og_title":"Fernand L\u00e9ger and the Rooftops of Paris - ACC Art Books UK","og_description":"Title: Fernand L\u00e9ger and the Rooftops of Paris, Pages: 104 Pages, Publish Date: 20th Dec 2022, Author: Gwendolyn Boev\u00e9-Jones, Sjraar van Heugten, ISBN: 9789490880408. This publication on works by Cubist artist Fernand L&eacute;ger examines the influence exerted on L&eacute;ger by such artists as C&eacute;zanne, Picasso and Braque.","og_url":"https:\/\/www.accartbooks.com\/uk\/book\/fernand-leger-and-the-rooftops-of-paris\/","og_site_name":"ACC Art Books UK","article_publisher":"https:\/\/www.facebook.com\/ACCArtBooks\/","article_modified_time":"2024-11-25T16:11:10+00:00","og_image":[{"width":767,"height":1000,"url":"https:\/\/www.accartbooks.com\/app\/uploads\/books\/9789490880408-04-1.jpg","type":"image\/jpeg"}],"twitter_card":"summary_large_image","twitter_site":"@accartbooks","twitter_misc":{"Estimated reading time":"1 minute"},"schema":{"@context":"https:\/\/schema.org","@graph":[{"@type":"WebPage","@id":"https:\/\/www.accartbooks.com\/uk\/book\/fernand-leger-and-the-rooftops-of-paris\/","url":"https:\/\/www.accartbooks.com\/uk\/book\/fernand-leger-and-the-rooftops-of-paris\/","name":"Fernand L\u00e9ger and the Rooftops of Paris - ACC Art Books UK","isPartOf":{"@id":"https:\/\/www.accartbooks.com\/uk\/#website"},"primaryImageOfPage":{"@id":"https:\/\/www.accartbooks.com\/uk\/book\/fernand-leger-and-the-rooftops-of-paris\/#primaryimage"},"image":{"@id":"https:\/\/www.accartbooks.com\/uk\/book\/fernand-leger-and-the-rooftops-of-paris\/#primaryimage"},"thumbnailUrl":"https:\/\/www.accartbooks.com\/app\/uploads\/books\/9789490880408-04-1.jpg","datePublished":"2022-11-03T20:05:13+00:00","dateModified":"2024-11-25T16:11:10+00:00","description":"Title: Fernand L\u00e9ger and the Rooftops of Paris, Pages: 104 Pages, Publish Date: 20th Dec 2022, Author: Gwendolyn Boev\u00e9-Jones, Sjraar van Heugten, ISBN: 9789490880408. This publication on works by Cubist artist Fernand L&eacute;ger examines the influence exerted on L&eacute;ger by such artists as C&eacute;zanne, Picasso and Braque.","breadcrumb":{"@id":"https:\/\/www.accartbooks.com\/uk\/book\/fernand-leger-and-the-rooftops-of-paris\/#breadcrumb"},"inLanguage":"en-GB","potentialAction":[{"@type":"ReadAction","target":["https:\/\/www.accartbooks.com\/uk\/book\/fernand-leger-and-the-rooftops-of-paris\/"]}]},{"@type":"ImageObject","inLanguage":"en-GB","@id":"https:\/\/www.accartbooks.com\/uk\/book\/fernand-leger-and-the-rooftops-of-paris\/#primaryimage","url":"https:\/\/www.accartbooks.com\/app\/uploads\/books\/9789490880408-04-1.jpg","contentUrl":"https:\/\/www.accartbooks.com\/app\/uploads\/books\/9789490880408-04-1.jpg","width":1033,"height":1400},{"@type":"BreadcrumbList","@id":"https:\/\/www.accartbooks.com\/uk\/book\/fernand-leger-and-the-rooftops-of-paris\/#breadcrumb","itemListElement":[{"@type":"ListItem","position":1,"name":"Home","item":"https:\/\/www.accartbooks.com\/uk\/"},{"@type":"ListItem","position":2,"name":"Books","item":"https:\/\/www.accartbooks.com\/uk\/books\/"},{"@type":"ListItem","position":3,"name":"Fernand L\u00e9ger and the Rooftops of Paris"}]},{"@type":"WebSite","@id":"https:\/\/www.accartbooks.com\/uk\/#website","url":"https:\/\/www.accartbooks.com\/uk\/","name":"ACC Art Books UK","description":"One of the world\u2019s leading publishers and distributors of books on the arts and visual culture","publisher":{"@id":"https:\/\/www.accartbooks.com\/uk\/#organization"},"potentialAction":[{"@type":"SearchAction","target":{"@type":"EntryPoint","urlTemplate":"https:\/\/www.accartbooks.com\/uk\/?s={search_term_string}"},"query-input":{"@type":"PropertyValueSpecification","valueRequired":true,"valueName":"search_term_string"}}],"inLanguage":"en-GB"},{"@type":"Organization","@id":"https:\/\/www.accartbooks.com\/uk\/#organization","name":"ACC Art Books UK","url":"https:\/\/www.accartbooks.com\/uk\/","logo":{"@type":"ImageObject","inLanguage":"en-GB","@id":"https:\/\/www.accartbooks.com\/uk\/#\/schema\/logo\/image\/","url":"https:\/\/www.accartbooks.com\/app\/uploads\/2020\/05\/Acc-Logo.png","contentUrl":"https:\/\/www.accartbooks.com\/app\/uploads\/2020\/05\/Acc-Logo.png","width":64,"height":100,"caption":"ACC Art Books UK"},"image":{"@id":"https:\/\/www.accartbooks.com\/uk\/#\/schema\/logo\/image\/"},"sameAs":["https:\/\/www.facebook.com\/ACCArtBooks\/","https:\/\/x.com\/accartbooks"]}]}},"_links":{"self":[{"href":"https:\/\/www.accartbooks.com\/uk\/wp-json\/wp\/v2\/product\/40303","targetHints":{"allow":["GET"]}}],"collection":[{"href":"https:\/\/www.accartbooks.com\/uk\/wp-json\/wp\/v2\/product"}],"about":[{"href":"https:\/\/www.accartbooks.com\/uk\/wp-json\/wp\/v2\/types\/product"}],"wp:featuredmedia":[{"embeddable":true,"href":"https:\/\/www.accartbooks.com\/uk\/wp-json\/wp\/v2\/media\/40304"}],"wp:attachment":[{"href":"https:\/\/www.accartbooks.com\/uk\/wp-json\/wp\/v2\/media?parent=40303"}],"wp:term":[{"taxonomy":"product_brand","embeddable":true,"href":"https:\/\/www.accartbooks.com\/uk\/wp-json\/wp\/v2\/product_brand?post=40303"},{"taxonomy":"product_cat","embeddable":true,"href":"https:\/\/www.accartbooks.com\/uk\/wp-json\/wp\/v2\/product_cat?post=40303"},{"taxonomy":"product_tag","embeddable":true,"href":"https:\/\/www.accartbooks.com\/uk\/wp-json\/wp\/v2\/product_tag?post=40303"}],"curies":[{"name":"wp","href":"https:\/\/api.w.org\/{rel}","templated":true}]}}