{"id":40366,"date":"2022-11-07T20:05:08","date_gmt":"2022-11-07T20:05:08","guid":{"rendered":"https:\/\/www.accartbooks.com\/uk\/book\/jerome-boutterin\/"},"modified":"2024-11-22T16:11:36","modified_gmt":"2024-11-22T16:11:36","slug":"jerome-boutterin","status":"publish","type":"product","link":"https:\/\/www.accartbooks.com\/uk\/book\/jerome-boutterin\/","title":{"rendered":"J\u00e9r\u00f4me Boutterin"},"content":{"rendered":"<p>Since the mid-1990s, the French artist J&eacute;r&ocirc;me Boutterin has been constructing an impressive work, mainly abstract, remarkable for the dynamism of its interplay of lines, its multiple perspectives and its chromatic exuberance. In different formats, he creates images in a particular formal language. His works are presented in France, but also in Germany, China, South Korea and the United States. He often exhibits in partnership with the Marc Minjauw gallery in Brussels.<\/p>\n<p>This book gives an overview of his work from 1999 to the present day. Organised by theme and interspersed with gallery and workshop views, the series benefits from a fresh and contemporary design.<\/p>\n","protected":false},"excerpt":{"rendered":"<p>This book gives an overview of works by the French artist J&eacute;r&ocirc;me Boutterin from 1999 to the present day. Organised by theme and interspersed with gallery and workshop views, the series benefits from a fresh and contemporary design.<\/p>\n","protected":false},"featured_media":43757,"template":"","meta":{"_acf_changed":false,"_relevanssi_hide_post":"","_relevanssi_hide_content":"","_relevanssi_pin_for_all":"","_relevanssi_pin_keywords":"","_relevanssi_unpin_keywords":"","_relevanssi_related_keywords":"","_relevanssi_related_include_ids":"","_relevanssi_related_exclude_ids":"","_relevanssi_related_no_append":"","_relevanssi_related_not_related":"","_relevanssi_related_posts":"","_relevanssi_noindex_reason":""},"product_brand":[],"product_cat":[5568],"product_tag":[],"class_list":{"0":"post-40366","1":"product","2":"type-product","3":"status-publish","4":"has-post-thumbnail","6":"product_cat-art","7":"publisher-exhibitions-international","9":"first","10":"instock","11":"shipping-taxable","12":"purchasable","13":"product-type-simple"},"acf":[],"yoast_head":"<!-- This site is optimized with the Yoast SEO plugin v27.0 - https:\/\/yoast.com\/product\/yoast-seo-wordpress\/ -->\n<title>J\u00e9r\u00f4me Boutterin - ACC Art Books UK<\/title>\n<meta name=\"description\" content=\"Title: J\u00e9r\u00f4me Boutterin, Pages: 256 Pages, Publish Date: 12th May 2023, Author: , ISBN: 9789461618375. This book gives an overview of works by the French artist J&eacute;r&ocirc;me Boutterin from 1999 to the present day. Organised by theme and interspersed with gallery and workshop views, the series benefits from a fresh and contemporary design.\" \/>\n<meta name=\"robots\" content=\"index, follow, max-snippet:-1, max-image-preview:large, max-video-preview:-1\" \/>\n<link rel=\"canonical\" href=\"https:\/\/www.accartbooks.com\/uk\/book\/jerome-boutterin\/\" \/>\n<meta property=\"og:locale\" content=\"en_GB\" \/>\n<meta property=\"og:type\" content=\"article\" \/>\n<meta property=\"og:title\" content=\"J\u00e9r\u00f4me Boutterin - ACC Art Books UK\" \/>\n<meta property=\"og:description\" content=\"Title: J\u00e9r\u00f4me Boutterin, Pages: 256 Pages, Publish Date: 12th May 2023, Author: , ISBN: 9789461618375. This book gives an overview of works by the French artist J&eacute;r&ocirc;me Boutterin from 1999 to the present day. Organised by theme and interspersed with gallery and workshop views, the series benefits from a fresh and contemporary design.\" \/>\n<meta property=\"og:url\" content=\"https:\/\/www.accartbooks.com\/uk\/book\/jerome-boutterin\/\" \/>\n<meta property=\"og:site_name\" content=\"ACC Art Books UK\" \/>\n<meta property=\"article:publisher\" content=\"https:\/\/www.facebook.com\/ACCArtBooks\/\" \/>\n<meta property=\"article:modified_time\" content=\"2024-11-22T16:11:36+00:00\" \/>\n<meta name=\"twitter:card\" content=\"summary_large_image\" \/>\n<meta name=\"twitter:site\" content=\"@accartbooks\" \/>\n<meta name=\"twitter:label1\" content=\"Estimated reading time\" \/>\n\t<meta name=\"twitter:data1\" content=\"1 minute\" \/>\n<script type=\"application\/ld+json\" class=\"yoast-schema-graph\">{\"@context\":\"https:\/\/schema.org\",\"@graph\":[{\"@type\":\"WebPage\",\"@id\":\"https:\/\/www.accartbooks.com\/uk\/book\/jerome-boutterin\/\",\"url\":\"https:\/\/www.accartbooks.com\/uk\/book\/jerome-boutterin\/\",\"name\":\"J\u00e9r\u00f4me Boutterin - ACC Art Books UK\",\"isPartOf\":{\"@id\":\"https:\/\/www.accartbooks.com\/uk\/#website\"},\"primaryImageOfPage\":{\"@id\":\"https:\/\/www.accartbooks.com\/uk\/book\/jerome-boutterin\/#primaryimage\"},\"image\":{\"@id\":\"https:\/\/www.accartbooks.com\/uk\/book\/jerome-boutterin\/#primaryimage\"},\"thumbnailUrl\":\"https:\/\/www.accartbooks.com\/app\/uploads\/books\/9789461618375-04-1.jpg\",\"datePublished\":\"2022-11-07T20:05:08+00:00\",\"dateModified\":\"2024-11-22T16:11:36+00:00\",\"description\":\"Title: J\u00e9r\u00f4me Boutterin, Pages: 256 Pages, Publish Date: 12th May 2023, Author: , ISBN: 9789461618375. This book gives an overview of works by the French artist J&eacute;r&ocirc;me Boutterin from 1999 to the present day. Organised by theme and interspersed with gallery and workshop views, the series benefits from a fresh and contemporary design.\",\"breadcrumb\":{\"@id\":\"https:\/\/www.accartbooks.com\/uk\/book\/jerome-boutterin\/#breadcrumb\"},\"inLanguage\":\"en-GB\",\"potentialAction\":[{\"@type\":\"ReadAction\",\"target\":[\"https:\/\/www.accartbooks.com\/uk\/book\/jerome-boutterin\/\"]}]},{\"@type\":\"ImageObject\",\"inLanguage\":\"en-GB\",\"@id\":\"https:\/\/www.accartbooks.com\/uk\/book\/jerome-boutterin\/#primaryimage\",\"url\":\"https:\/\/www.accartbooks.com\/app\/uploads\/books\/9789461618375-04-1.jpg\",\"contentUrl\":\"https:\/\/www.accartbooks.com\/app\/uploads\/books\/9789461618375-04-1.jpg\",\"width\":1080,\"height\":1400},{\"@type\":\"BreadcrumbList\",\"@id\":\"https:\/\/www.accartbooks.com\/uk\/book\/jerome-boutterin\/#breadcrumb\",\"itemListElement\":[{\"@type\":\"ListItem\",\"position\":1,\"name\":\"Home\",\"item\":\"https:\/\/www.accartbooks.com\/uk\/\"},{\"@type\":\"ListItem\",\"position\":2,\"name\":\"Books\",\"item\":\"https:\/\/www.accartbooks.com\/uk\/books\/\"},{\"@type\":\"ListItem\",\"position\":3,\"name\":\"J\u00e9r\u00f4me Boutterin\"}]},{\"@type\":\"WebSite\",\"@id\":\"https:\/\/www.accartbooks.com\/uk\/#website\",\"url\":\"https:\/\/www.accartbooks.com\/uk\/\",\"name\":\"ACC Art Books UK\",\"description\":\"One of the world\u2019s leading publishers and distributors of books on the arts and visual culture\",\"publisher\":{\"@id\":\"https:\/\/www.accartbooks.com\/uk\/#organization\"},\"potentialAction\":[{\"@type\":\"SearchAction\",\"target\":{\"@type\":\"EntryPoint\",\"urlTemplate\":\"https:\/\/www.accartbooks.com\/uk\/?s={search_term_string}\"},\"query-input\":{\"@type\":\"PropertyValueSpecification\",\"valueRequired\":true,\"valueName\":\"search_term_string\"}}],\"inLanguage\":\"en-GB\"},{\"@type\":\"Organization\",\"@id\":\"https:\/\/www.accartbooks.com\/uk\/#organization\",\"name\":\"ACC Art Books UK\",\"url\":\"https:\/\/www.accartbooks.com\/uk\/\",\"logo\":{\"@type\":\"ImageObject\",\"inLanguage\":\"en-GB\",\"@id\":\"https:\/\/www.accartbooks.com\/uk\/#\/schema\/logo\/image\/\",\"url\":\"https:\/\/www.accartbooks.com\/app\/uploads\/2020\/05\/Acc-Logo.png\",\"contentUrl\":\"https:\/\/www.accartbooks.com\/app\/uploads\/2020\/05\/Acc-Logo.png\",\"width\":64,\"height\":100,\"caption\":\"ACC Art Books UK\"},\"image\":{\"@id\":\"https:\/\/www.accartbooks.com\/uk\/#\/schema\/logo\/image\/\"},\"sameAs\":[\"https:\/\/www.facebook.com\/ACCArtBooks\/\",\"https:\/\/x.com\/accartbooks\"]}]}<\/script>\n<!-- \/ Yoast SEO plugin. -->","yoast_head_json":{"title":"J\u00e9r\u00f4me Boutterin - ACC Art Books UK","description":"Title: J\u00e9r\u00f4me Boutterin, Pages: 256 Pages, Publish Date: 12th May 2023, Author: , ISBN: 9789461618375. This book gives an overview of works by the French artist J&eacute;r&ocirc;me Boutterin from 1999 to the present day. Organised by theme and interspersed with gallery and workshop views, the series benefits from a fresh and contemporary design.","robots":{"index":"index","follow":"follow","max-snippet":"max-snippet:-1","max-image-preview":"max-image-preview:large","max-video-preview":"max-video-preview:-1"},"canonical":"https:\/\/www.accartbooks.com\/uk\/book\/jerome-boutterin\/","og_locale":"en_GB","og_type":"article","og_title":"J\u00e9r\u00f4me Boutterin - ACC Art Books UK","og_description":"Title: J\u00e9r\u00f4me Boutterin, Pages: 256 Pages, Publish Date: 12th May 2023, Author: , ISBN: 9789461618375. This book gives an overview of works by the French artist J&eacute;r&ocirc;me Boutterin from 1999 to the present day. Organised by theme and interspersed with gallery and workshop views, the series benefits from a fresh and contemporary design.","og_url":"https:\/\/www.accartbooks.com\/uk\/book\/jerome-boutterin\/","og_site_name":"ACC Art Books UK","article_publisher":"https:\/\/www.facebook.com\/ACCArtBooks\/","article_modified_time":"2024-11-22T16:11:36+00:00","twitter_card":"summary_large_image","twitter_site":"@accartbooks","twitter_misc":{"Estimated reading time":"1 minute"},"schema":{"@context":"https:\/\/schema.org","@graph":[{"@type":"WebPage","@id":"https:\/\/www.accartbooks.com\/uk\/book\/jerome-boutterin\/","url":"https:\/\/www.accartbooks.com\/uk\/book\/jerome-boutterin\/","name":"J\u00e9r\u00f4me Boutterin - ACC Art Books UK","isPartOf":{"@id":"https:\/\/www.accartbooks.com\/uk\/#website"},"primaryImageOfPage":{"@id":"https:\/\/www.accartbooks.com\/uk\/book\/jerome-boutterin\/#primaryimage"},"image":{"@id":"https:\/\/www.accartbooks.com\/uk\/book\/jerome-boutterin\/#primaryimage"},"thumbnailUrl":"https:\/\/www.accartbooks.com\/app\/uploads\/books\/9789461618375-04-1.jpg","datePublished":"2022-11-07T20:05:08+00:00","dateModified":"2024-11-22T16:11:36+00:00","description":"Title: J\u00e9r\u00f4me Boutterin, Pages: 256 Pages, Publish Date: 12th May 2023, Author: , ISBN: 9789461618375. This book gives an overview of works by the French artist J&eacute;r&ocirc;me Boutterin from 1999 to the present day. Organised by theme and interspersed with gallery and workshop views, the series benefits from a fresh and contemporary design.","breadcrumb":{"@id":"https:\/\/www.accartbooks.com\/uk\/book\/jerome-boutterin\/#breadcrumb"},"inLanguage":"en-GB","potentialAction":[{"@type":"ReadAction","target":["https:\/\/www.accartbooks.com\/uk\/book\/jerome-boutterin\/"]}]},{"@type":"ImageObject","inLanguage":"en-GB","@id":"https:\/\/www.accartbooks.com\/uk\/book\/jerome-boutterin\/#primaryimage","url":"https:\/\/www.accartbooks.com\/app\/uploads\/books\/9789461618375-04-1.jpg","contentUrl":"https:\/\/www.accartbooks.com\/app\/uploads\/books\/9789461618375-04-1.jpg","width":1080,"height":1400},{"@type":"BreadcrumbList","@id":"https:\/\/www.accartbooks.com\/uk\/book\/jerome-boutterin\/#breadcrumb","itemListElement":[{"@type":"ListItem","position":1,"name":"Home","item":"https:\/\/www.accartbooks.com\/uk\/"},{"@type":"ListItem","position":2,"name":"Books","item":"https:\/\/www.accartbooks.com\/uk\/books\/"},{"@type":"ListItem","position":3,"name":"J\u00e9r\u00f4me Boutterin"}]},{"@type":"WebSite","@id":"https:\/\/www.accartbooks.com\/uk\/#website","url":"https:\/\/www.accartbooks.com\/uk\/","name":"ACC Art Books UK","description":"One of the world\u2019s leading publishers and distributors of books on the arts and visual culture","publisher":{"@id":"https:\/\/www.accartbooks.com\/uk\/#organization"},"potentialAction":[{"@type":"SearchAction","target":{"@type":"EntryPoint","urlTemplate":"https:\/\/www.accartbooks.com\/uk\/?s={search_term_string}"},"query-input":{"@type":"PropertyValueSpecification","valueRequired":true,"valueName":"search_term_string"}}],"inLanguage":"en-GB"},{"@type":"Organization","@id":"https:\/\/www.accartbooks.com\/uk\/#organization","name":"ACC Art Books UK","url":"https:\/\/www.accartbooks.com\/uk\/","logo":{"@type":"ImageObject","inLanguage":"en-GB","@id":"https:\/\/www.accartbooks.com\/uk\/#\/schema\/logo\/image\/","url":"https:\/\/www.accartbooks.com\/app\/uploads\/2020\/05\/Acc-Logo.png","contentUrl":"https:\/\/www.accartbooks.com\/app\/uploads\/2020\/05\/Acc-Logo.png","width":64,"height":100,"caption":"ACC Art Books UK"},"image":{"@id":"https:\/\/www.accartbooks.com\/uk\/#\/schema\/logo\/image\/"},"sameAs":["https:\/\/www.facebook.com\/ACCArtBooks\/","https:\/\/x.com\/accartbooks"]}]}},"_links":{"self":[{"href":"https:\/\/www.accartbooks.com\/uk\/wp-json\/wp\/v2\/product\/40366","targetHints":{"allow":["GET"]}}],"collection":[{"href":"https:\/\/www.accartbooks.com\/uk\/wp-json\/wp\/v2\/product"}],"about":[{"href":"https:\/\/www.accartbooks.com\/uk\/wp-json\/wp\/v2\/types\/product"}],"wp:featuredmedia":[{"embeddable":true,"href":"https:\/\/www.accartbooks.com\/uk\/wp-json\/wp\/v2\/media\/43757"}],"wp:attachment":[{"href":"https:\/\/www.accartbooks.com\/uk\/wp-json\/wp\/v2\/media?parent=40366"}],"wp:term":[{"taxonomy":"product_brand","embeddable":true,"href":"https:\/\/www.accartbooks.com\/uk\/wp-json\/wp\/v2\/product_brand?post=40366"},{"taxonomy":"product_cat","embeddable":true,"href":"https:\/\/www.accartbooks.com\/uk\/wp-json\/wp\/v2\/product_cat?post=40366"},{"taxonomy":"product_tag","embeddable":true,"href":"https:\/\/www.accartbooks.com\/uk\/wp-json\/wp\/v2\/product_tag?post=40366"}],"curies":[{"name":"wp","href":"https:\/\/api.w.org\/{rel}","templated":true}]}}