{"id":41769,"date":"2023-02-06T18:10:18","date_gmt":"2023-02-06T18:10:18","guid":{"rendered":"https:\/\/www.accartbooks.com\/uk\/book\/the-jewellery-collection-at-the-musee-des-arts-decoratifs\/"},"modified":"2025-07-17T13:10:40","modified_gmt":"2025-07-17T13:10:40","slug":"the-jewellery-collection-of-the-musee-des-arts-decoratifs","status":"publish","type":"product","link":"https:\/\/www.accartbooks.com\/uk\/book\/the-jewellery-collection-of-the-musee-des-arts-decoratifs\/","title":{"rendered":"The Jewellery Collection of the Mus\u00e9e des Arts D\u00e9coratifs"},"content":{"rendered":"<p>The jewellery department at the Mus&eacute;e des Arts D&eacute;coratifs in Paris comprises some 3,500 pieces and is the only national collection of its kind in France. This book presents bijouterie and joaillerie masterpieces from this high-profile collection which ranges from the Middle Ages to the contemporary period and shines a particular spotlight on the 18th century and the age of Art Nouveau.<\/p>\n<p>Daytime or evening jewellery and art jewellery pieces in the form of tiaras, necklaces, bracelets, earrings, pendants, hair or tie pins, rings and stomacher brooches illustrate the boundless creativity of designers.<\/p>\n<p>The greatest artists are represented: Sandoz, Vever, Falize, Boucheron, Lalique, Fouquet and Gaillard for Art Nouveau, Raymond Templier and Jean Despr&eacute;s for Art Deco, Georges Braque, Jean Lur&ccedil;at, Line Vautrin, Jean Schlumberger, Torun, Dinh Van, Jonemann and Claude Lalanne for the post-war period, and a number of contemporary designers. The collection also features pieces by the great jewellery houses: Cartier, Boucheron, Chanel, Van Cleef &amp; Arpels and, more recently, JAR.<\/p>\n<p>This richly illustrated book accompanies the display in the Galerie des Bijoux at the Mus&eacute;e des Arts D&eacute;coratifs, which features the collection&rsquo;s highlights.<\/p>\n","protected":false},"excerpt":{"rendered":"<p>The Jewellery Collection of the Mus&eacute;e des Arts D&eacute;coratifs in Paris illustrates the boundless creativity of designers trough centuries, with masterpieces from the Middle Ages to the most contemporary design scene.<br \/>History of a collection<br \/>\nBijouterie and joaillerie<br \/>\nFrom the Middle Ages to the 18th century<br \/>\nThe nineteenth century<br \/>\nArt Nouveau<br \/>\nArt Deco<br \/>\nThe Modern Era<br \/>\nThe Contemporary Period<br \/>\nThe present-day scene<\/p>\n","protected":false},"featured_media":41770,"template":"","meta":{"_acf_changed":false,"_relevanssi_hide_post":"","_relevanssi_hide_content":"","_relevanssi_pin_for_all":"","_relevanssi_pin_keywords":"","_relevanssi_unpin_keywords":"","_relevanssi_related_keywords":"","_relevanssi_related_include_ids":"","_relevanssi_related_exclude_ids":"","_relevanssi_related_no_append":"","_relevanssi_related_not_related":"","_relevanssi_related_posts":"","_relevanssi_noindex_reason":""},"product_brand":[],"product_cat":[5565],"product_tag":[],"class_list":{"0":"post-41769","1":"product","2":"type-product","3":"status-publish","4":"has-post-thumbnail","6":"product_cat-jewellery-watches","7":"author-by-author-dominique-forest","8":"author-by-author-evelyne-posseme","9":"author-by-author-karine-lacquemant","10":"publisher-musee-des-arts-decoratifs","12":"first","13":"instock","14":"shipping-taxable","15":"purchasable","16":"product-type-simple"},"acf":[],"yoast_head":"<!-- This site is optimized with the Yoast SEO plugin v27.0 - https:\/\/yoast.com\/product\/yoast-seo-wordpress\/ -->\n<title>The Jewellery Collection of the Mus\u00e9e des Arts D\u00e9coratifs - ACC Art Books UK<\/title>\n<meta name=\"description\" content=\"Title: The Jewellery Collection of the Mus\u00e9e des Arts D\u00e9coratifs, Pages: 40 Pages, Publish Date: 27th Apr 2023, Author: Dominique Forest, \u00c9velyne Poss\u00e9m\u00e9, Karine Lacquemant, ISBN: 9782383140061. The Jewellery Collection of the Mus&eacute;e des Arts D&eacute;coratifs in Paris illustrates the boundless creativity of designers trough centuries, with masterpieces from the Middle Ages to the most contemporary design scene.History of a collection Bijouterie and joaillerie From the Middle Ages to the 18th century The nineteenth century Art Nouveau Art Deco The Modern Era The Contemporary Period The present-day scene\" \/>\n<meta name=\"robots\" content=\"index, follow, max-snippet:-1, max-image-preview:large, max-video-preview:-1\" \/>\n<link rel=\"canonical\" href=\"https:\/\/www.accartbooks.com\/uk\/book\/the-jewellery-collection-at-the-musee-des-arts-decoratifs\/\" \/>\n<meta property=\"og:locale\" content=\"en_GB\" \/>\n<meta property=\"og:type\" content=\"article\" \/>\n<meta property=\"og:title\" content=\"The Jewellery Collection of the Mus\u00e9e des Arts D\u00e9coratifs - ACC Art Books UK\" \/>\n<meta property=\"og:description\" content=\"Title: The Jewellery Collection of the Mus\u00e9e des Arts D\u00e9coratifs, Pages: 40 Pages, Publish Date: 27th Apr 2023, Author: Dominique Forest, \u00c9velyne Poss\u00e9m\u00e9, Karine Lacquemant, ISBN: 9782383140061. The Jewellery Collection of the Mus&eacute;e des Arts D&eacute;coratifs in Paris illustrates the boundless creativity of designers trough centuries, with masterpieces from the Middle Ages to the most contemporary design scene.History of a collection Bijouterie and joaillerie From the Middle Ages to the 18th century The nineteenth century Art Nouveau Art Deco The Modern Era The Contemporary Period The present-day scene\" \/>\n<meta property=\"og:url\" content=\"https:\/\/www.accartbooks.com\/uk\/book\/the-jewellery-collection-at-the-musee-des-arts-decoratifs\/\" \/>\n<meta property=\"og:site_name\" content=\"ACC Art Books UK\" \/>\n<meta property=\"article:publisher\" content=\"https:\/\/www.facebook.com\/ACCArtBooks\/\" \/>\n<meta property=\"article:modified_time\" content=\"2025-07-17T13:10:40+00:00\" \/>\n<meta property=\"og:image\" content=\"https:\/\/www.accartbooks.com\/app\/uploads\/books\/9782383140061-04-1.jpg\" \/>\n\t<meta property=\"og:image:width\" content=\"769\" \/>\n\t<meta property=\"og:image:height\" content=\"1000\" \/>\n\t<meta property=\"og:image:type\" content=\"image\/jpeg\" \/>\n<meta name=\"twitter:card\" content=\"summary_large_image\" \/>\n<meta name=\"twitter:site\" content=\"@accartbooks\" \/>\n<meta name=\"twitter:label1\" content=\"Estimated reading time\" \/>\n\t<meta name=\"twitter:data1\" content=\"1 minute\" \/>\n<script type=\"application\/ld+json\" class=\"yoast-schema-graph\">{\"@context\":\"https:\/\/schema.org\",\"@graph\":[{\"@type\":\"WebPage\",\"@id\":\"https:\/\/www.accartbooks.com\/uk\/book\/the-jewellery-collection-at-the-musee-des-arts-decoratifs\/\",\"url\":\"https:\/\/www.accartbooks.com\/uk\/book\/the-jewellery-collection-at-the-musee-des-arts-decoratifs\/\",\"name\":\"The Jewellery Collection of the Mus\u00e9e des Arts D\u00e9coratifs - ACC Art Books UK\",\"isPartOf\":{\"@id\":\"https:\/\/www.accartbooks.com\/uk\/#website\"},\"primaryImageOfPage\":{\"@id\":\"https:\/\/www.accartbooks.com\/uk\/book\/the-jewellery-collection-at-the-musee-des-arts-decoratifs\/#primaryimage\"},\"image\":{\"@id\":\"https:\/\/www.accartbooks.com\/uk\/book\/the-jewellery-collection-at-the-musee-des-arts-decoratifs\/#primaryimage\"},\"thumbnailUrl\":\"https:\/\/www.accartbooks.com\/app\/uploads\/books\/9782383140061-04-1.jpg\",\"datePublished\":\"2023-02-06T18:10:18+00:00\",\"dateModified\":\"2025-07-17T13:10:40+00:00\",\"description\":\"Title: The Jewellery Collection of the Mus\u00e9e des Arts D\u00e9coratifs, Pages: 40 Pages, Publish Date: 27th Apr 2023, Author: Dominique Forest, \u00c9velyne Poss\u00e9m\u00e9, Karine Lacquemant, ISBN: 9782383140061. The Jewellery Collection of the Mus&eacute;e des Arts D&eacute;coratifs in Paris illustrates the boundless creativity of designers trough centuries, with masterpieces from the Middle Ages to the most contemporary design scene.History of a collection Bijouterie and joaillerie From the Middle Ages to the 18th century The nineteenth century Art Nouveau Art Deco The Modern Era The Contemporary Period The present-day scene\",\"breadcrumb\":{\"@id\":\"https:\/\/www.accartbooks.com\/uk\/book\/the-jewellery-collection-at-the-musee-des-arts-decoratifs\/#breadcrumb\"},\"inLanguage\":\"en-GB\",\"potentialAction\":[{\"@type\":\"ReadAction\",\"target\":[\"https:\/\/www.accartbooks.com\/uk\/book\/the-jewellery-collection-at-the-musee-des-arts-decoratifs\/\"]}]},{\"@type\":\"ImageObject\",\"inLanguage\":\"en-GB\",\"@id\":\"https:\/\/www.accartbooks.com\/uk\/book\/the-jewellery-collection-at-the-musee-des-arts-decoratifs\/#primaryimage\",\"url\":\"https:\/\/www.accartbooks.com\/app\/uploads\/books\/9782383140061-04-1.jpg\",\"contentUrl\":\"https:\/\/www.accartbooks.com\/app\/uploads\/books\/9782383140061-04-1.jpg\",\"width\":769,\"height\":1000},{\"@type\":\"BreadcrumbList\",\"@id\":\"https:\/\/www.accartbooks.com\/uk\/book\/the-jewellery-collection-at-the-musee-des-arts-decoratifs\/#breadcrumb\",\"itemListElement\":[{\"@type\":\"ListItem\",\"position\":1,\"name\":\"Home\",\"item\":\"https:\/\/www.accartbooks.com\/uk\/\"},{\"@type\":\"ListItem\",\"position\":2,\"name\":\"Books\",\"item\":\"https:\/\/www.accartbooks.com\/uk\/books\/\"},{\"@type\":\"ListItem\",\"position\":3,\"name\":\"The Jewellery Collection of the Mus\u00e9e des Arts D\u00e9coratifs\"}]},{\"@type\":\"WebSite\",\"@id\":\"https:\/\/www.accartbooks.com\/uk\/#website\",\"url\":\"https:\/\/www.accartbooks.com\/uk\/\",\"name\":\"ACC Art Books UK\",\"description\":\"One of the world\u2019s leading publishers and distributors of books on the arts and visual culture\",\"publisher\":{\"@id\":\"https:\/\/www.accartbooks.com\/uk\/#organization\"},\"potentialAction\":[{\"@type\":\"SearchAction\",\"target\":{\"@type\":\"EntryPoint\",\"urlTemplate\":\"https:\/\/www.accartbooks.com\/uk\/?s={search_term_string}\"},\"query-input\":{\"@type\":\"PropertyValueSpecification\",\"valueRequired\":true,\"valueName\":\"search_term_string\"}}],\"inLanguage\":\"en-GB\"},{\"@type\":\"Organization\",\"@id\":\"https:\/\/www.accartbooks.com\/uk\/#organization\",\"name\":\"ACC Art Books UK\",\"url\":\"https:\/\/www.accartbooks.com\/uk\/\",\"logo\":{\"@type\":\"ImageObject\",\"inLanguage\":\"en-GB\",\"@id\":\"https:\/\/www.accartbooks.com\/uk\/#\/schema\/logo\/image\/\",\"url\":\"https:\/\/www.accartbooks.com\/app\/uploads\/2020\/05\/Acc-Logo.png\",\"contentUrl\":\"https:\/\/www.accartbooks.com\/app\/uploads\/2020\/05\/Acc-Logo.png\",\"width\":64,\"height\":100,\"caption\":\"ACC Art Books UK\"},\"image\":{\"@id\":\"https:\/\/www.accartbooks.com\/uk\/#\/schema\/logo\/image\/\"},\"sameAs\":[\"https:\/\/www.facebook.com\/ACCArtBooks\/\",\"https:\/\/x.com\/accartbooks\"]}]}<\/script>\n<!-- \/ Yoast SEO plugin. -->","yoast_head_json":{"title":"The Jewellery Collection of the Mus\u00e9e des Arts D\u00e9coratifs - ACC Art Books UK","description":"Title: The Jewellery Collection of the Mus\u00e9e des Arts D\u00e9coratifs, Pages: 40 Pages, Publish Date: 27th Apr 2023, Author: Dominique Forest, \u00c9velyne Poss\u00e9m\u00e9, Karine Lacquemant, ISBN: 9782383140061. The Jewellery Collection of the Mus&eacute;e des Arts D&eacute;coratifs in Paris illustrates the boundless creativity of designers trough centuries, with masterpieces from the Middle Ages to the most contemporary design scene.History of a collection Bijouterie and joaillerie From the Middle Ages to the 18th century The nineteenth century Art Nouveau Art Deco The Modern Era The Contemporary Period The present-day scene","robots":{"index":"index","follow":"follow","max-snippet":"max-snippet:-1","max-image-preview":"max-image-preview:large","max-video-preview":"max-video-preview:-1"},"canonical":"https:\/\/www.accartbooks.com\/uk\/book\/the-jewellery-collection-at-the-musee-des-arts-decoratifs\/","og_locale":"en_GB","og_type":"article","og_title":"The Jewellery Collection of the Mus\u00e9e des Arts D\u00e9coratifs - ACC Art Books UK","og_description":"Title: The Jewellery Collection of the Mus\u00e9e des Arts D\u00e9coratifs, Pages: 40 Pages, Publish Date: 27th Apr 2023, Author: Dominique Forest, \u00c9velyne Poss\u00e9m\u00e9, Karine Lacquemant, ISBN: 9782383140061. The Jewellery Collection of the Mus&eacute;e des Arts D&eacute;coratifs in Paris illustrates the boundless creativity of designers trough centuries, with masterpieces from the Middle Ages to the most contemporary design scene.History of a collection Bijouterie and joaillerie From the Middle Ages to the 18th century The nineteenth century Art Nouveau Art Deco The Modern Era The Contemporary Period The present-day scene","og_url":"https:\/\/www.accartbooks.com\/uk\/book\/the-jewellery-collection-at-the-musee-des-arts-decoratifs\/","og_site_name":"ACC Art Books UK","article_publisher":"https:\/\/www.facebook.com\/ACCArtBooks\/","article_modified_time":"2025-07-17T13:10:40+00:00","og_image":[{"width":769,"height":1000,"url":"https:\/\/www.accartbooks.com\/app\/uploads\/books\/9782383140061-04-1.jpg","type":"image\/jpeg"}],"twitter_card":"summary_large_image","twitter_site":"@accartbooks","twitter_misc":{"Estimated reading time":"1 minute"},"schema":{"@context":"https:\/\/schema.org","@graph":[{"@type":"WebPage","@id":"https:\/\/www.accartbooks.com\/uk\/book\/the-jewellery-collection-at-the-musee-des-arts-decoratifs\/","url":"https:\/\/www.accartbooks.com\/uk\/book\/the-jewellery-collection-at-the-musee-des-arts-decoratifs\/","name":"The Jewellery Collection of the Mus\u00e9e des Arts D\u00e9coratifs - ACC Art Books UK","isPartOf":{"@id":"https:\/\/www.accartbooks.com\/uk\/#website"},"primaryImageOfPage":{"@id":"https:\/\/www.accartbooks.com\/uk\/book\/the-jewellery-collection-at-the-musee-des-arts-decoratifs\/#primaryimage"},"image":{"@id":"https:\/\/www.accartbooks.com\/uk\/book\/the-jewellery-collection-at-the-musee-des-arts-decoratifs\/#primaryimage"},"thumbnailUrl":"https:\/\/www.accartbooks.com\/app\/uploads\/books\/9782383140061-04-1.jpg","datePublished":"2023-02-06T18:10:18+00:00","dateModified":"2025-07-17T13:10:40+00:00","description":"Title: The Jewellery Collection of the Mus\u00e9e des Arts D\u00e9coratifs, Pages: 40 Pages, Publish Date: 27th Apr 2023, Author: Dominique Forest, \u00c9velyne Poss\u00e9m\u00e9, Karine Lacquemant, ISBN: 9782383140061. The Jewellery Collection of the Mus&eacute;e des Arts D&eacute;coratifs in Paris illustrates the boundless creativity of designers trough centuries, with masterpieces from the Middle Ages to the most contemporary design scene.History of a collection Bijouterie and joaillerie From the Middle Ages to the 18th century The nineteenth century Art Nouveau Art Deco The Modern Era The Contemporary Period The present-day scene","breadcrumb":{"@id":"https:\/\/www.accartbooks.com\/uk\/book\/the-jewellery-collection-at-the-musee-des-arts-decoratifs\/#breadcrumb"},"inLanguage":"en-GB","potentialAction":[{"@type":"ReadAction","target":["https:\/\/www.accartbooks.com\/uk\/book\/the-jewellery-collection-at-the-musee-des-arts-decoratifs\/"]}]},{"@type":"ImageObject","inLanguage":"en-GB","@id":"https:\/\/www.accartbooks.com\/uk\/book\/the-jewellery-collection-at-the-musee-des-arts-decoratifs\/#primaryimage","url":"https:\/\/www.accartbooks.com\/app\/uploads\/books\/9782383140061-04-1.jpg","contentUrl":"https:\/\/www.accartbooks.com\/app\/uploads\/books\/9782383140061-04-1.jpg","width":769,"height":1000},{"@type":"BreadcrumbList","@id":"https:\/\/www.accartbooks.com\/uk\/book\/the-jewellery-collection-at-the-musee-des-arts-decoratifs\/#breadcrumb","itemListElement":[{"@type":"ListItem","position":1,"name":"Home","item":"https:\/\/www.accartbooks.com\/uk\/"},{"@type":"ListItem","position":2,"name":"Books","item":"https:\/\/www.accartbooks.com\/uk\/books\/"},{"@type":"ListItem","position":3,"name":"The Jewellery Collection of the Mus\u00e9e des Arts D\u00e9coratifs"}]},{"@type":"WebSite","@id":"https:\/\/www.accartbooks.com\/uk\/#website","url":"https:\/\/www.accartbooks.com\/uk\/","name":"ACC Art Books UK","description":"One of the world\u2019s leading publishers and distributors of books on the arts and visual culture","publisher":{"@id":"https:\/\/www.accartbooks.com\/uk\/#organization"},"potentialAction":[{"@type":"SearchAction","target":{"@type":"EntryPoint","urlTemplate":"https:\/\/www.accartbooks.com\/uk\/?s={search_term_string}"},"query-input":{"@type":"PropertyValueSpecification","valueRequired":true,"valueName":"search_term_string"}}],"inLanguage":"en-GB"},{"@type":"Organization","@id":"https:\/\/www.accartbooks.com\/uk\/#organization","name":"ACC Art Books UK","url":"https:\/\/www.accartbooks.com\/uk\/","logo":{"@type":"ImageObject","inLanguage":"en-GB","@id":"https:\/\/www.accartbooks.com\/uk\/#\/schema\/logo\/image\/","url":"https:\/\/www.accartbooks.com\/app\/uploads\/2020\/05\/Acc-Logo.png","contentUrl":"https:\/\/www.accartbooks.com\/app\/uploads\/2020\/05\/Acc-Logo.png","width":64,"height":100,"caption":"ACC Art Books UK"},"image":{"@id":"https:\/\/www.accartbooks.com\/uk\/#\/schema\/logo\/image\/"},"sameAs":["https:\/\/www.facebook.com\/ACCArtBooks\/","https:\/\/x.com\/accartbooks"]}]}},"_links":{"self":[{"href":"https:\/\/www.accartbooks.com\/uk\/wp-json\/wp\/v2\/product\/41769","targetHints":{"allow":["GET"]}}],"collection":[{"href":"https:\/\/www.accartbooks.com\/uk\/wp-json\/wp\/v2\/product"}],"about":[{"href":"https:\/\/www.accartbooks.com\/uk\/wp-json\/wp\/v2\/types\/product"}],"wp:featuredmedia":[{"embeddable":true,"href":"https:\/\/www.accartbooks.com\/uk\/wp-json\/wp\/v2\/media\/41770"}],"wp:attachment":[{"href":"https:\/\/www.accartbooks.com\/uk\/wp-json\/wp\/v2\/media?parent=41769"}],"wp:term":[{"taxonomy":"product_brand","embeddable":true,"href":"https:\/\/www.accartbooks.com\/uk\/wp-json\/wp\/v2\/product_brand?post=41769"},{"taxonomy":"product_cat","embeddable":true,"href":"https:\/\/www.accartbooks.com\/uk\/wp-json\/wp\/v2\/product_cat?post=41769"},{"taxonomy":"product_tag","embeddable":true,"href":"https:\/\/www.accartbooks.com\/uk\/wp-json\/wp\/v2\/product_tag?post=41769"}],"curies":[{"name":"wp","href":"https:\/\/api.w.org\/{rel}","templated":true}]}}