{"id":41853,"date":"2023-02-09T16:10:33","date_gmt":"2023-02-09T16:10:33","guid":{"rendered":"https:\/\/www.accartbooks.com\/uk\/book\/leopold-et-aurele-robert\/"},"modified":"2024-11-19T14:13:11","modified_gmt":"2024-11-19T14:13:11","slug":"leopold-et-aurele-robert","status":"publish","type":"product","link":"https:\/\/www.accartbooks.com\/uk\/book\/leopold-et-aurele-robert\/","title":{"rendered":"L\u00e9opold et Aur\u00e8le Robert"},"content":{"rendered":"<p>Swiss painter L&eacute;opold Robert (1794&ndash;1835) is emblematic of the romantic myth of the artist with a tragic destiny. Educated in Paris at the &Eacute;cole des Beaux-Arts and in the studios of artists Jacques-Louis David and Edouard Girardet, he moved to Italy in 1818. With the substantial assistance of his brother and fellow artist Aur&egrave;le (1805&ndash;71), he created idealised depictions of Italian brigand life and gained recognition throughout Europe. Yet, his success as a painter did not save him from the deep melancholy that eventually led to his suicide in 1835, due also to his unrequited love for Princess Charlotte Bonaparte. Loved and praised by collectors and art critics of their time, the Robert brothers&rsquo; oeuvre gradually fell into oblivion after L&eacute;opold&#8217;s death and Aur&egrave;le&#8217;s subsequent return to Switzerland.<\/p>\n<p>This book, published to coincide with a dual exhibition at the Mus&eacute;e d&rsquo;art et d&rsquo;histoire in Neuch&acirc;tel and the Mus&eacute;e des beaux-arts in the Robert brothers&rsquo; native town of La Chaux-de-Fonds, pays tribute to their art and brings their great skill as painters back into focus. Based on a major research project at the University of Neuch&acirc;tel and the &Eacute;cole du Louvre in Paris, it offers scholarly essays alongside some 170 colour plates.<\/p>\n<p>Text in French.<\/p>\n","protected":false},"excerpt":{"rendered":"<p>First major book in four decades on the 19th-century Swiss artist brothers L&eacute;opold and Aur&egrave;le Robert. Text in French.<\/p>\n","protected":false},"featured_media":41854,"template":"","meta":{"_acf_changed":false,"_relevanssi_hide_post":"","_relevanssi_hide_content":"","_relevanssi_pin_for_all":"","_relevanssi_pin_keywords":"","_relevanssi_unpin_keywords":"","_relevanssi_related_keywords":"","_relevanssi_related_include_ids":"","_relevanssi_related_exclude_ids":"","_relevanssi_related_no_append":"","_relevanssi_related_not_related":"","_relevanssi_related_posts":"","_relevanssi_noindex_reason":""},"product_brand":[],"product_cat":[5568],"product_tag":[],"class_list":{"0":"post-41853","1":"product","2":"type-product","3":"status-publish","4":"has-post-thumbnail","6":"product_cat-art","7":"author-edited-by-antonia-nessi","8":"author-edited-by-david-lemaire","9":"publisher-scheidegger-und-spiess-ag-verlag","11":"first","12":"instock","13":"shipping-taxable","14":"purchasable","15":"product-type-simple"},"acf":[],"yoast_head":"<!-- This site is optimized with the Yoast SEO plugin v27.0 - https:\/\/yoast.com\/product\/yoast-seo-wordpress\/ -->\n<title>L\u00e9opold et Aur\u00e8le Robert - ACC Art Books UK<\/title>\n<meta name=\"description\" content=\"Title: L\u00e9opold et Aur\u00e8le Robert, Pages: 240 Pages, Publish Date: 16th Aug 2023, Author: Edited by Antonia Nessi, Edited by David Lemaire, ISBN: 9783858818874. First major book in four decades on the 19th-century Swiss artist brothers L&eacute;opold and Aur&egrave;le Robert. Text in French.\" \/>\n<meta name=\"robots\" content=\"index, follow, max-snippet:-1, max-image-preview:large, max-video-preview:-1\" \/>\n<link rel=\"canonical\" href=\"https:\/\/www.accartbooks.com\/uk\/book\/leopold-et-aurele-robert\/\" \/>\n<meta property=\"og:locale\" content=\"en_GB\" \/>\n<meta property=\"og:type\" content=\"article\" \/>\n<meta property=\"og:title\" content=\"L\u00e9opold et Aur\u00e8le Robert - ACC Art Books UK\" \/>\n<meta property=\"og:description\" content=\"Title: L\u00e9opold et Aur\u00e8le Robert, Pages: 240 Pages, Publish Date: 16th Aug 2023, Author: Edited by Antonia Nessi, Edited by David Lemaire, ISBN: 9783858818874. First major book in four decades on the 19th-century Swiss artist brothers L&eacute;opold and Aur&egrave;le Robert. Text in French.\" \/>\n<meta property=\"og:url\" content=\"https:\/\/www.accartbooks.com\/uk\/book\/leopold-et-aurele-robert\/\" \/>\n<meta property=\"og:site_name\" content=\"ACC Art Books UK\" \/>\n<meta property=\"article:publisher\" content=\"https:\/\/www.facebook.com\/ACCArtBooks\/\" \/>\n<meta property=\"article:modified_time\" content=\"2024-11-19T14:13:11+00:00\" \/>\n<meta property=\"og:image\" content=\"https:\/\/www.accartbooks.com\/app\/uploads\/books\/9783858818874-04-1.jpg\" \/>\n\t<meta property=\"og:image:width\" content=\"707\" \/>\n\t<meta property=\"og:image:height\" content=\"1000\" \/>\n\t<meta property=\"og:image:type\" content=\"image\/jpeg\" \/>\n<meta name=\"twitter:card\" content=\"summary_large_image\" \/>\n<meta name=\"twitter:site\" content=\"@accartbooks\" \/>\n<meta name=\"twitter:label1\" content=\"Estimated reading time\" \/>\n\t<meta name=\"twitter:data1\" content=\"1 minute\" \/>\n<script type=\"application\/ld+json\" class=\"yoast-schema-graph\">{\"@context\":\"https:\/\/schema.org\",\"@graph\":[{\"@type\":\"WebPage\",\"@id\":\"https:\/\/www.accartbooks.com\/uk\/book\/leopold-et-aurele-robert\/\",\"url\":\"https:\/\/www.accartbooks.com\/uk\/book\/leopold-et-aurele-robert\/\",\"name\":\"L\u00e9opold et Aur\u00e8le Robert - ACC Art Books UK\",\"isPartOf\":{\"@id\":\"https:\/\/www.accartbooks.com\/uk\/#website\"},\"primaryImageOfPage\":{\"@id\":\"https:\/\/www.accartbooks.com\/uk\/book\/leopold-et-aurele-robert\/#primaryimage\"},\"image\":{\"@id\":\"https:\/\/www.accartbooks.com\/uk\/book\/leopold-et-aurele-robert\/#primaryimage\"},\"thumbnailUrl\":\"https:\/\/www.accartbooks.com\/app\/uploads\/books\/9783858818874-04-1.jpg\",\"datePublished\":\"2023-02-09T16:10:33+00:00\",\"dateModified\":\"2024-11-19T14:13:11+00:00\",\"description\":\"Title: L\u00e9opold et Aur\u00e8le Robert, Pages: 240 Pages, Publish Date: 16th Aug 2023, Author: Edited by Antonia Nessi, Edited by David Lemaire, ISBN: 9783858818874. First major book in four decades on the 19th-century Swiss artist brothers L&eacute;opold and Aur&egrave;le Robert. Text in French.\",\"breadcrumb\":{\"@id\":\"https:\/\/www.accartbooks.com\/uk\/book\/leopold-et-aurele-robert\/#breadcrumb\"},\"inLanguage\":\"en-GB\",\"potentialAction\":[{\"@type\":\"ReadAction\",\"target\":[\"https:\/\/www.accartbooks.com\/uk\/book\/leopold-et-aurele-robert\/\"]}]},{\"@type\":\"ImageObject\",\"inLanguage\":\"en-GB\",\"@id\":\"https:\/\/www.accartbooks.com\/uk\/book\/leopold-et-aurele-robert\/#primaryimage\",\"url\":\"https:\/\/www.accartbooks.com\/app\/uploads\/books\/9783858818874-04-1.jpg\",\"contentUrl\":\"https:\/\/www.accartbooks.com\/app\/uploads\/books\/9783858818874-04-1.jpg\",\"width\":707,\"height\":1000},{\"@type\":\"BreadcrumbList\",\"@id\":\"https:\/\/www.accartbooks.com\/uk\/book\/leopold-et-aurele-robert\/#breadcrumb\",\"itemListElement\":[{\"@type\":\"ListItem\",\"position\":1,\"name\":\"Home\",\"item\":\"https:\/\/www.accartbooks.com\/uk\/\"},{\"@type\":\"ListItem\",\"position\":2,\"name\":\"Books\",\"item\":\"https:\/\/www.accartbooks.com\/uk\/books\/\"},{\"@type\":\"ListItem\",\"position\":3,\"name\":\"L\u00e9opold et Aur\u00e8le Robert\"}]},{\"@type\":\"WebSite\",\"@id\":\"https:\/\/www.accartbooks.com\/uk\/#website\",\"url\":\"https:\/\/www.accartbooks.com\/uk\/\",\"name\":\"ACC Art Books UK\",\"description\":\"One of the world\u2019s leading publishers and distributors of books on the arts and visual culture\",\"publisher\":{\"@id\":\"https:\/\/www.accartbooks.com\/uk\/#organization\"},\"potentialAction\":[{\"@type\":\"SearchAction\",\"target\":{\"@type\":\"EntryPoint\",\"urlTemplate\":\"https:\/\/www.accartbooks.com\/uk\/?s={search_term_string}\"},\"query-input\":{\"@type\":\"PropertyValueSpecification\",\"valueRequired\":true,\"valueName\":\"search_term_string\"}}],\"inLanguage\":\"en-GB\"},{\"@type\":\"Organization\",\"@id\":\"https:\/\/www.accartbooks.com\/uk\/#organization\",\"name\":\"ACC Art Books UK\",\"url\":\"https:\/\/www.accartbooks.com\/uk\/\",\"logo\":{\"@type\":\"ImageObject\",\"inLanguage\":\"en-GB\",\"@id\":\"https:\/\/www.accartbooks.com\/uk\/#\/schema\/logo\/image\/\",\"url\":\"https:\/\/www.accartbooks.com\/app\/uploads\/2020\/05\/Acc-Logo.png\",\"contentUrl\":\"https:\/\/www.accartbooks.com\/app\/uploads\/2020\/05\/Acc-Logo.png\",\"width\":64,\"height\":100,\"caption\":\"ACC Art Books UK\"},\"image\":{\"@id\":\"https:\/\/www.accartbooks.com\/uk\/#\/schema\/logo\/image\/\"},\"sameAs\":[\"https:\/\/www.facebook.com\/ACCArtBooks\/\",\"https:\/\/x.com\/accartbooks\"]}]}<\/script>\n<!-- \/ Yoast SEO plugin. -->","yoast_head_json":{"title":"L\u00e9opold et Aur\u00e8le Robert - ACC Art Books UK","description":"Title: L\u00e9opold et Aur\u00e8le Robert, Pages: 240 Pages, Publish Date: 16th Aug 2023, Author: Edited by Antonia Nessi, Edited by David Lemaire, ISBN: 9783858818874. First major book in four decades on the 19th-century Swiss artist brothers L&eacute;opold and Aur&egrave;le Robert. Text in French.","robots":{"index":"index","follow":"follow","max-snippet":"max-snippet:-1","max-image-preview":"max-image-preview:large","max-video-preview":"max-video-preview:-1"},"canonical":"https:\/\/www.accartbooks.com\/uk\/book\/leopold-et-aurele-robert\/","og_locale":"en_GB","og_type":"article","og_title":"L\u00e9opold et Aur\u00e8le Robert - ACC Art Books UK","og_description":"Title: L\u00e9opold et Aur\u00e8le Robert, Pages: 240 Pages, Publish Date: 16th Aug 2023, Author: Edited by Antonia Nessi, Edited by David Lemaire, ISBN: 9783858818874. First major book in four decades on the 19th-century Swiss artist brothers L&eacute;opold and Aur&egrave;le Robert. Text in French.","og_url":"https:\/\/www.accartbooks.com\/uk\/book\/leopold-et-aurele-robert\/","og_site_name":"ACC Art Books UK","article_publisher":"https:\/\/www.facebook.com\/ACCArtBooks\/","article_modified_time":"2024-11-19T14:13:11+00:00","og_image":[{"width":707,"height":1000,"url":"https:\/\/www.accartbooks.com\/app\/uploads\/books\/9783858818874-04-1.jpg","type":"image\/jpeg"}],"twitter_card":"summary_large_image","twitter_site":"@accartbooks","twitter_misc":{"Estimated reading time":"1 minute"},"schema":{"@context":"https:\/\/schema.org","@graph":[{"@type":"WebPage","@id":"https:\/\/www.accartbooks.com\/uk\/book\/leopold-et-aurele-robert\/","url":"https:\/\/www.accartbooks.com\/uk\/book\/leopold-et-aurele-robert\/","name":"L\u00e9opold et Aur\u00e8le Robert - ACC Art Books UK","isPartOf":{"@id":"https:\/\/www.accartbooks.com\/uk\/#website"},"primaryImageOfPage":{"@id":"https:\/\/www.accartbooks.com\/uk\/book\/leopold-et-aurele-robert\/#primaryimage"},"image":{"@id":"https:\/\/www.accartbooks.com\/uk\/book\/leopold-et-aurele-robert\/#primaryimage"},"thumbnailUrl":"https:\/\/www.accartbooks.com\/app\/uploads\/books\/9783858818874-04-1.jpg","datePublished":"2023-02-09T16:10:33+00:00","dateModified":"2024-11-19T14:13:11+00:00","description":"Title: L\u00e9opold et Aur\u00e8le Robert, Pages: 240 Pages, Publish Date: 16th Aug 2023, Author: Edited by Antonia Nessi, Edited by David Lemaire, ISBN: 9783858818874. First major book in four decades on the 19th-century Swiss artist brothers L&eacute;opold and Aur&egrave;le Robert. Text in French.","breadcrumb":{"@id":"https:\/\/www.accartbooks.com\/uk\/book\/leopold-et-aurele-robert\/#breadcrumb"},"inLanguage":"en-GB","potentialAction":[{"@type":"ReadAction","target":["https:\/\/www.accartbooks.com\/uk\/book\/leopold-et-aurele-robert\/"]}]},{"@type":"ImageObject","inLanguage":"en-GB","@id":"https:\/\/www.accartbooks.com\/uk\/book\/leopold-et-aurele-robert\/#primaryimage","url":"https:\/\/www.accartbooks.com\/app\/uploads\/books\/9783858818874-04-1.jpg","contentUrl":"https:\/\/www.accartbooks.com\/app\/uploads\/books\/9783858818874-04-1.jpg","width":707,"height":1000},{"@type":"BreadcrumbList","@id":"https:\/\/www.accartbooks.com\/uk\/book\/leopold-et-aurele-robert\/#breadcrumb","itemListElement":[{"@type":"ListItem","position":1,"name":"Home","item":"https:\/\/www.accartbooks.com\/uk\/"},{"@type":"ListItem","position":2,"name":"Books","item":"https:\/\/www.accartbooks.com\/uk\/books\/"},{"@type":"ListItem","position":3,"name":"L\u00e9opold et Aur\u00e8le Robert"}]},{"@type":"WebSite","@id":"https:\/\/www.accartbooks.com\/uk\/#website","url":"https:\/\/www.accartbooks.com\/uk\/","name":"ACC Art Books UK","description":"One of the world\u2019s leading publishers and distributors of books on the arts and visual culture","publisher":{"@id":"https:\/\/www.accartbooks.com\/uk\/#organization"},"potentialAction":[{"@type":"SearchAction","target":{"@type":"EntryPoint","urlTemplate":"https:\/\/www.accartbooks.com\/uk\/?s={search_term_string}"},"query-input":{"@type":"PropertyValueSpecification","valueRequired":true,"valueName":"search_term_string"}}],"inLanguage":"en-GB"},{"@type":"Organization","@id":"https:\/\/www.accartbooks.com\/uk\/#organization","name":"ACC Art Books UK","url":"https:\/\/www.accartbooks.com\/uk\/","logo":{"@type":"ImageObject","inLanguage":"en-GB","@id":"https:\/\/www.accartbooks.com\/uk\/#\/schema\/logo\/image\/","url":"https:\/\/www.accartbooks.com\/app\/uploads\/2020\/05\/Acc-Logo.png","contentUrl":"https:\/\/www.accartbooks.com\/app\/uploads\/2020\/05\/Acc-Logo.png","width":64,"height":100,"caption":"ACC Art Books UK"},"image":{"@id":"https:\/\/www.accartbooks.com\/uk\/#\/schema\/logo\/image\/"},"sameAs":["https:\/\/www.facebook.com\/ACCArtBooks\/","https:\/\/x.com\/accartbooks"]}]}},"_links":{"self":[{"href":"https:\/\/www.accartbooks.com\/uk\/wp-json\/wp\/v2\/product\/41853","targetHints":{"allow":["GET"]}}],"collection":[{"href":"https:\/\/www.accartbooks.com\/uk\/wp-json\/wp\/v2\/product"}],"about":[{"href":"https:\/\/www.accartbooks.com\/uk\/wp-json\/wp\/v2\/types\/product"}],"wp:featuredmedia":[{"embeddable":true,"href":"https:\/\/www.accartbooks.com\/uk\/wp-json\/wp\/v2\/media\/41854"}],"wp:attachment":[{"href":"https:\/\/www.accartbooks.com\/uk\/wp-json\/wp\/v2\/media?parent=41853"}],"wp:term":[{"taxonomy":"product_brand","embeddable":true,"href":"https:\/\/www.accartbooks.com\/uk\/wp-json\/wp\/v2\/product_brand?post=41853"},{"taxonomy":"product_cat","embeddable":true,"href":"https:\/\/www.accartbooks.com\/uk\/wp-json\/wp\/v2\/product_cat?post=41853"},{"taxonomy":"product_tag","embeddable":true,"href":"https:\/\/www.accartbooks.com\/uk\/wp-json\/wp\/v2\/product_tag?post=41853"}],"curies":[{"name":"wp","href":"https:\/\/api.w.org\/{rel}","templated":true}]}}