{"id":42898,"date":"2023-03-30T13:10:35","date_gmt":"2023-03-30T13:10:35","guid":{"rendered":"https:\/\/www.accartbooks.com\/uk\/book\/designing-for-empathy\/"},"modified":"2026-02-14T15:14:53","modified_gmt":"2026-02-14T15:14:53","slug":"designing-for-empathy","status":"publish","type":"product","link":"https:\/\/www.accartbooks.com\/uk\/book\/designing-for-empathy\/","title":{"rendered":"Designing for Empathy"},"content":{"rendered":"<p><strong><em>Designing for Empathy: The Architecture of Connections in Learning Environments<\/em><\/strong> explores the intersections between human development theories and spatial perception, and proposes design strategies for creating learning environments that catalyse empathy. The critical question guiding the book is: how can architecture influence human development, and by extension, how can concepts of empathy in development be influenced and catalysed by architecture? Planners, architects, and designers are responsible for shaping our physical environment &mdash; from our homes, schools, and cultural and religious centres to the wider neighbourhoods and cities within which human development takes place. However, architecture is conspicuously absent in most development theories, even though the environment is omnipresent.<\/p>\n<p>In <strong><em>Designing for Empathy<\/em><\/strong><em>,<\/em> architect Aybars A&#351;&ccedil;&#305; puts forth a new perspective on empathy in architecture, which shifts focus toward designing emphatic spaces. If the empathic imagination of the designer is at play during the creative process, designing for empathy occurs after the design reaches its intended users. Applied to the design of learning environments, this proposed approach aligns closely with development theories and explores the important impact of spatial environments on the experience of learning. Through examples of projects designed by A&#351;&ccedil;&#305;, the book illustrates how physical spaces have the potency to catalyse empathy in learning environments.<\/p>\n","protected":false},"excerpt":{"rendered":"<p>In Designing for Empathy, architect Aybars A&#351;&ccedil;&#305; puts forth a new perspective on empathy in architecture, which shifts focus toward designing emphatic spaces.<\/p>\n","protected":false},"featured_media":55434,"template":"","meta":{"_acf_changed":false,"_relevanssi_hide_post":"","_relevanssi_hide_content":"","_relevanssi_pin_for_all":"","_relevanssi_pin_keywords":"","_relevanssi_unpin_keywords":"","_relevanssi_related_keywords":"","_relevanssi_related_include_ids":"","_relevanssi_related_exclude_ids":"","_relevanssi_related_no_append":"","_relevanssi_related_not_related":"","_relevanssi_related_posts":"","_relevanssi_noindex_reason":""},"product_brand":[],"product_cat":[5559],"product_tag":[],"class_list":{"0":"post-42898","1":"product","2":"type-product","3":"status-publish","4":"has-post-thumbnail","6":"product_cat-architecture-landscape-design","7":"author-by-author-aybars-asci","8":"publisher-oro-editions","10":"first","11":"instock","12":"shipping-taxable","13":"purchasable","14":"product-type-simple"},"acf":[],"yoast_head":"<!-- This site is optimized with the Yoast SEO plugin v27.0 - https:\/\/yoast.com\/product\/yoast-seo-wordpress\/ -->\n<title>Designing for Empathy - ACC Art Books UK<\/title>\n<meta name=\"description\" content=\"Title: Designing for Empathy, Pages: 232 Pages, Publish Date: 7th Oct 2024, Author: Aybars A\u015f\u00e7\u0131, ISBN: 9781957183428. In Designing for Empathy, architect Aybars A&#351;&ccedil;&#305; puts forth a new perspective on empathy in architecture, which shifts focus toward designing emphatic spaces.\" \/>\n<meta name=\"robots\" content=\"index, follow, max-snippet:-1, max-image-preview:large, max-video-preview:-1\" \/>\n<link rel=\"canonical\" href=\"https:\/\/www.accartbooks.com\/uk\/book\/designing-for-empathy\/\" \/>\n<meta property=\"og:locale\" content=\"en_GB\" \/>\n<meta property=\"og:type\" content=\"article\" \/>\n<meta property=\"og:title\" content=\"Designing for Empathy - ACC Art Books UK\" \/>\n<meta property=\"og:description\" content=\"Title: Designing for Empathy, Pages: 232 Pages, Publish Date: 7th Oct 2024, Author: Aybars A\u015f\u00e7\u0131, ISBN: 9781957183428. In Designing for Empathy, architect Aybars A&#351;&ccedil;&#305; puts forth a new perspective on empathy in architecture, which shifts focus toward designing emphatic spaces.\" \/>\n<meta property=\"og:url\" content=\"https:\/\/www.accartbooks.com\/uk\/book\/designing-for-empathy\/\" \/>\n<meta property=\"og:site_name\" content=\"ACC Art Books UK\" \/>\n<meta property=\"article:publisher\" content=\"https:\/\/www.facebook.com\/ACCArtBooks\/\" \/>\n<meta property=\"article:modified_time\" content=\"2026-02-14T15:14:53+00:00\" \/>\n<meta property=\"og:image\" content=\"https:\/\/www.accartbooks.com\/app\/uploads\/books\/9781957183428-04-1.jpg\" \/>\n\t<meta property=\"og:image:width\" content=\"1104\" \/>\n\t<meta property=\"og:image:height\" content=\"1400\" \/>\n\t<meta property=\"og:image:type\" content=\"image\/jpeg\" \/>\n<meta name=\"twitter:card\" content=\"summary_large_image\" \/>\n<meta name=\"twitter:site\" content=\"@accartbooks\" \/>\n<meta name=\"twitter:label1\" content=\"Estimated reading time\" \/>\n\t<meta name=\"twitter:data1\" content=\"1 minute\" \/>\n<script type=\"application\/ld+json\" class=\"yoast-schema-graph\">{\"@context\":\"https:\/\/schema.org\",\"@graph\":[{\"@type\":\"WebPage\",\"@id\":\"https:\/\/www.accartbooks.com\/uk\/book\/designing-for-empathy\/\",\"url\":\"https:\/\/www.accartbooks.com\/uk\/book\/designing-for-empathy\/\",\"name\":\"Designing for Empathy - ACC Art Books UK\",\"isPartOf\":{\"@id\":\"https:\/\/www.accartbooks.com\/uk\/#website\"},\"primaryImageOfPage\":{\"@id\":\"https:\/\/www.accartbooks.com\/uk\/book\/designing-for-empathy\/#primaryimage\"},\"image\":{\"@id\":\"https:\/\/www.accartbooks.com\/uk\/book\/designing-for-empathy\/#primaryimage\"},\"thumbnailUrl\":\"https:\/\/www.accartbooks.com\/app\/uploads\/books\/9781957183428-04-6.jpg\",\"datePublished\":\"2023-03-30T13:10:35+00:00\",\"dateModified\":\"2026-02-14T15:14:53+00:00\",\"description\":\"Title: Designing for Empathy, Pages: 232 Pages, Publish Date: 7th Oct 2024, Author: Aybars A\u015f\u00e7\u0131, ISBN: 9781957183428. In Designing for Empathy, architect Aybars A&#351;&ccedil;&#305; puts forth a new perspective on empathy in architecture, which shifts focus toward designing emphatic spaces.\",\"breadcrumb\":{\"@id\":\"https:\/\/www.accartbooks.com\/uk\/book\/designing-for-empathy\/#breadcrumb\"},\"inLanguage\":\"en-GB\",\"potentialAction\":[{\"@type\":\"ReadAction\",\"target\":[\"https:\/\/www.accartbooks.com\/uk\/book\/designing-for-empathy\/\"]}]},{\"@type\":\"ImageObject\",\"inLanguage\":\"en-GB\",\"@id\":\"https:\/\/www.accartbooks.com\/uk\/book\/designing-for-empathy\/#primaryimage\",\"url\":\"https:\/\/www.accartbooks.com\/app\/uploads\/books\/9781957183428-04-6.jpg\",\"contentUrl\":\"https:\/\/www.accartbooks.com\/app\/uploads\/books\/9781957183428-04-6.jpg\",\"width\":1118,\"height\":1400},{\"@type\":\"BreadcrumbList\",\"@id\":\"https:\/\/www.accartbooks.com\/uk\/book\/designing-for-empathy\/#breadcrumb\",\"itemListElement\":[{\"@type\":\"ListItem\",\"position\":1,\"name\":\"Home\",\"item\":\"https:\/\/www.accartbooks.com\/uk\/\"},{\"@type\":\"ListItem\",\"position\":2,\"name\":\"Books\",\"item\":\"https:\/\/www.accartbooks.com\/uk\/books\/\"},{\"@type\":\"ListItem\",\"position\":3,\"name\":\"Designing for Empathy\"}]},{\"@type\":\"WebSite\",\"@id\":\"https:\/\/www.accartbooks.com\/uk\/#website\",\"url\":\"https:\/\/www.accartbooks.com\/uk\/\",\"name\":\"ACC Art Books UK\",\"description\":\"One of the world\u2019s leading publishers and distributors of books on the arts and visual culture\",\"publisher\":{\"@id\":\"https:\/\/www.accartbooks.com\/uk\/#organization\"},\"potentialAction\":[{\"@type\":\"SearchAction\",\"target\":{\"@type\":\"EntryPoint\",\"urlTemplate\":\"https:\/\/www.accartbooks.com\/uk\/?s={search_term_string}\"},\"query-input\":{\"@type\":\"PropertyValueSpecification\",\"valueRequired\":true,\"valueName\":\"search_term_string\"}}],\"inLanguage\":\"en-GB\"},{\"@type\":\"Organization\",\"@id\":\"https:\/\/www.accartbooks.com\/uk\/#organization\",\"name\":\"ACC Art Books UK\",\"url\":\"https:\/\/www.accartbooks.com\/uk\/\",\"logo\":{\"@type\":\"ImageObject\",\"inLanguage\":\"en-GB\",\"@id\":\"https:\/\/www.accartbooks.com\/uk\/#\/schema\/logo\/image\/\",\"url\":\"https:\/\/www.accartbooks.com\/app\/uploads\/2020\/05\/Acc-Logo.png\",\"contentUrl\":\"https:\/\/www.accartbooks.com\/app\/uploads\/2020\/05\/Acc-Logo.png\",\"width\":64,\"height\":100,\"caption\":\"ACC Art Books UK\"},\"image\":{\"@id\":\"https:\/\/www.accartbooks.com\/uk\/#\/schema\/logo\/image\/\"},\"sameAs\":[\"https:\/\/www.facebook.com\/ACCArtBooks\/\",\"https:\/\/x.com\/accartbooks\"]}]}<\/script>\n<!-- \/ Yoast SEO plugin. -->","yoast_head_json":{"title":"Designing for Empathy - ACC Art Books UK","description":"Title: Designing for Empathy, Pages: 232 Pages, Publish Date: 7th Oct 2024, Author: Aybars A\u015f\u00e7\u0131, ISBN: 9781957183428. In Designing for Empathy, architect Aybars A&#351;&ccedil;&#305; puts forth a new perspective on empathy in architecture, which shifts focus toward designing emphatic spaces.","robots":{"index":"index","follow":"follow","max-snippet":"max-snippet:-1","max-image-preview":"max-image-preview:large","max-video-preview":"max-video-preview:-1"},"canonical":"https:\/\/www.accartbooks.com\/uk\/book\/designing-for-empathy\/","og_locale":"en_GB","og_type":"article","og_title":"Designing for Empathy - ACC Art Books UK","og_description":"Title: Designing for Empathy, Pages: 232 Pages, Publish Date: 7th Oct 2024, Author: Aybars A\u015f\u00e7\u0131, ISBN: 9781957183428. In Designing for Empathy, architect Aybars A&#351;&ccedil;&#305; puts forth a new perspective on empathy in architecture, which shifts focus toward designing emphatic spaces.","og_url":"https:\/\/www.accartbooks.com\/uk\/book\/designing-for-empathy\/","og_site_name":"ACC Art Books UK","article_publisher":"https:\/\/www.facebook.com\/ACCArtBooks\/","article_modified_time":"2026-02-14T15:14:53+00:00","og_image":[{"width":1104,"height":1400,"url":"https:\/\/www.accartbooks.com\/app\/uploads\/books\/9781957183428-04-1.jpg","type":"image\/jpeg"}],"twitter_card":"summary_large_image","twitter_site":"@accartbooks","twitter_misc":{"Estimated reading time":"1 minute"},"schema":{"@context":"https:\/\/schema.org","@graph":[{"@type":"WebPage","@id":"https:\/\/www.accartbooks.com\/uk\/book\/designing-for-empathy\/","url":"https:\/\/www.accartbooks.com\/uk\/book\/designing-for-empathy\/","name":"Designing for Empathy - ACC Art Books UK","isPartOf":{"@id":"https:\/\/www.accartbooks.com\/uk\/#website"},"primaryImageOfPage":{"@id":"https:\/\/www.accartbooks.com\/uk\/book\/designing-for-empathy\/#primaryimage"},"image":{"@id":"https:\/\/www.accartbooks.com\/uk\/book\/designing-for-empathy\/#primaryimage"},"thumbnailUrl":"https:\/\/www.accartbooks.com\/app\/uploads\/books\/9781957183428-04-6.jpg","datePublished":"2023-03-30T13:10:35+00:00","dateModified":"2026-02-14T15:14:53+00:00","description":"Title: Designing for Empathy, Pages: 232 Pages, Publish Date: 7th Oct 2024, Author: Aybars A\u015f\u00e7\u0131, ISBN: 9781957183428. In Designing for Empathy, architect Aybars A&#351;&ccedil;&#305; puts forth a new perspective on empathy in architecture, which shifts focus toward designing emphatic spaces.","breadcrumb":{"@id":"https:\/\/www.accartbooks.com\/uk\/book\/designing-for-empathy\/#breadcrumb"},"inLanguage":"en-GB","potentialAction":[{"@type":"ReadAction","target":["https:\/\/www.accartbooks.com\/uk\/book\/designing-for-empathy\/"]}]},{"@type":"ImageObject","inLanguage":"en-GB","@id":"https:\/\/www.accartbooks.com\/uk\/book\/designing-for-empathy\/#primaryimage","url":"https:\/\/www.accartbooks.com\/app\/uploads\/books\/9781957183428-04-6.jpg","contentUrl":"https:\/\/www.accartbooks.com\/app\/uploads\/books\/9781957183428-04-6.jpg","width":1118,"height":1400},{"@type":"BreadcrumbList","@id":"https:\/\/www.accartbooks.com\/uk\/book\/designing-for-empathy\/#breadcrumb","itemListElement":[{"@type":"ListItem","position":1,"name":"Home","item":"https:\/\/www.accartbooks.com\/uk\/"},{"@type":"ListItem","position":2,"name":"Books","item":"https:\/\/www.accartbooks.com\/uk\/books\/"},{"@type":"ListItem","position":3,"name":"Designing for Empathy"}]},{"@type":"WebSite","@id":"https:\/\/www.accartbooks.com\/uk\/#website","url":"https:\/\/www.accartbooks.com\/uk\/","name":"ACC Art Books UK","description":"One of the world\u2019s leading publishers and distributors of books on the arts and visual culture","publisher":{"@id":"https:\/\/www.accartbooks.com\/uk\/#organization"},"potentialAction":[{"@type":"SearchAction","target":{"@type":"EntryPoint","urlTemplate":"https:\/\/www.accartbooks.com\/uk\/?s={search_term_string}"},"query-input":{"@type":"PropertyValueSpecification","valueRequired":true,"valueName":"search_term_string"}}],"inLanguage":"en-GB"},{"@type":"Organization","@id":"https:\/\/www.accartbooks.com\/uk\/#organization","name":"ACC Art Books UK","url":"https:\/\/www.accartbooks.com\/uk\/","logo":{"@type":"ImageObject","inLanguage":"en-GB","@id":"https:\/\/www.accartbooks.com\/uk\/#\/schema\/logo\/image\/","url":"https:\/\/www.accartbooks.com\/app\/uploads\/2020\/05\/Acc-Logo.png","contentUrl":"https:\/\/www.accartbooks.com\/app\/uploads\/2020\/05\/Acc-Logo.png","width":64,"height":100,"caption":"ACC Art Books UK"},"image":{"@id":"https:\/\/www.accartbooks.com\/uk\/#\/schema\/logo\/image\/"},"sameAs":["https:\/\/www.facebook.com\/ACCArtBooks\/","https:\/\/x.com\/accartbooks"]}]}},"_links":{"self":[{"href":"https:\/\/www.accartbooks.com\/uk\/wp-json\/wp\/v2\/product\/42898","targetHints":{"allow":["GET"]}}],"collection":[{"href":"https:\/\/www.accartbooks.com\/uk\/wp-json\/wp\/v2\/product"}],"about":[{"href":"https:\/\/www.accartbooks.com\/uk\/wp-json\/wp\/v2\/types\/product"}],"wp:featuredmedia":[{"embeddable":true,"href":"https:\/\/www.accartbooks.com\/uk\/wp-json\/wp\/v2\/media\/55434"}],"wp:attachment":[{"href":"https:\/\/www.accartbooks.com\/uk\/wp-json\/wp\/v2\/media?parent=42898"}],"wp:term":[{"taxonomy":"product_brand","embeddable":true,"href":"https:\/\/www.accartbooks.com\/uk\/wp-json\/wp\/v2\/product_brand?post=42898"},{"taxonomy":"product_cat","embeddable":true,"href":"https:\/\/www.accartbooks.com\/uk\/wp-json\/wp\/v2\/product_cat?post=42898"},{"taxonomy":"product_tag","embeddable":true,"href":"https:\/\/www.accartbooks.com\/uk\/wp-json\/wp\/v2\/product_tag?post=42898"}],"curies":[{"name":"wp","href":"https:\/\/api.w.org\/{rel}","templated":true}]}}