{"id":43343,"date":"2023-04-26T11:12:02","date_gmt":"2023-04-26T11:12:02","guid":{"rendered":"https:\/\/www.accartbooks.com\/uk\/book\/ingmar-bjorn-nolting\/"},"modified":"2026-03-31T15:10:53","modified_gmt":"2026-03-31T15:10:53","slug":"ingmar-bjorn-nolting","status":"publish","type":"product","link":"https:\/\/www.accartbooks.com\/uk\/book\/ingmar-bjorn-nolting\/","title":{"rendered":"Ingmar Bj\u00f6rn Nolting"},"content":{"rendered":"<p>In response to the first Covid-19 lockdown in the spring of 2020, photographer Ingmar Bj&ouml;rn Nolting (*1995) embarked on a road trip through Germany. Travelling under strict security precautions, he covered about 15,500 miles over the period of one year. During these strange journeys across the country, Nolting created with his camera a personal and comprehensive document of life in times of global crisis. His photo project <em>About the Days Ahead<\/em> reflects German society in a state of collective isolation, anguish, despair, and longing for an improvised normality.<\/p>\n<p>Nolting describes the photo project as a kind of confrontational therapy, as his way of dealing with the impotence and fear that he felt at the onset of the pandemic. His images are quiet and distant: with their muted colours and clear compositions, they have captured moments that transcend the horror of the pandemic, telling stories of social interaction and the absurdity of everyday life. The interplay of these condensed moments creates a complex mosaic, a narrative about a changing society.<\/p>\n<p>Text in English and German.<\/p>\n","protected":false},"excerpt":{"rendered":"<p>A photographic account of the effects of the Covid-19 lockdown and life in times of global crisis. Text in English and German.<\/p>\n","protected":false},"featured_media":43344,"template":"","meta":{"_acf_changed":false,"_relevanssi_hide_post":"","_relevanssi_hide_content":"","_relevanssi_pin_for_all":"","_relevanssi_pin_keywords":"","_relevanssi_unpin_keywords":"","_relevanssi_related_keywords":"","_relevanssi_related_include_ids":"","_relevanssi_related_exclude_ids":"","_relevanssi_related_no_append":"","_relevanssi_related_not_related":"","_relevanssi_related_posts":"","_relevanssi_noindex_reason":""},"product_brand":[],"product_cat":[5485],"product_tag":[],"class_list":{"0":"post-43343","1":"product","2":"type-product","3":"status-publish","4":"has-post-thumbnail","6":"product_cat-photography","7":"author-by-author-ingmar-bjorn-nolting","8":"publisher-verlag-kettler","10":"first","11":"instock","12":"shipping-taxable","13":"purchasable","14":"product-type-simple"},"acf":[],"yoast_head":"<!-- This site is optimized with the Yoast SEO plugin v27.0 - https:\/\/yoast.com\/product\/yoast-seo-wordpress\/ -->\n<title>Ingmar Bj\u00f6rn Nolting - ACC Art Books UK<\/title>\n<meta name=\"description\" content=\"Title: Ingmar Bj\u00f6rn Nolting, Pages: 128 Pages, Publish Date: 19th Sep 2023, Author: Ingmar Bj\u00f6rn Nolting, ISBN: 9783987410314. A photographic account of the effects of the Covid-19 lockdown and life in times of global crisis. Text in English and German.\" \/>\n<meta name=\"robots\" content=\"index, follow, max-snippet:-1, max-image-preview:large, max-video-preview:-1\" \/>\n<link rel=\"canonical\" href=\"https:\/\/www.accartbooks.com\/uk\/book\/ingmar-bjorn-nolting\/\" \/>\n<meta property=\"og:locale\" content=\"en_GB\" \/>\n<meta property=\"og:type\" content=\"article\" \/>\n<meta property=\"og:title\" content=\"Ingmar Bj\u00f6rn Nolting - ACC Art Books UK\" \/>\n<meta property=\"og:description\" content=\"Title: Ingmar Bj\u00f6rn Nolting, Pages: 128 Pages, Publish Date: 19th Sep 2023, Author: Ingmar Bj\u00f6rn Nolting, ISBN: 9783987410314. A photographic account of the effects of the Covid-19 lockdown and life in times of global crisis. Text in English and German.\" \/>\n<meta property=\"og:url\" content=\"https:\/\/www.accartbooks.com\/uk\/book\/ingmar-bjorn-nolting\/\" \/>\n<meta property=\"og:site_name\" content=\"ACC Art Books UK\" \/>\n<meta property=\"article:publisher\" content=\"https:\/\/www.facebook.com\/ACCArtBooks\/\" \/>\n<meta property=\"article:modified_time\" content=\"2026-03-31T15:10:53+00:00\" \/>\n<meta property=\"og:image\" content=\"https:\/\/www.accartbooks.com\/app\/uploads\/books\/9783987410314-04-1.jpg\" \/>\n\t<meta property=\"og:image:width\" content=\"749\" \/>\n\t<meta property=\"og:image:height\" content=\"1000\" \/>\n\t<meta property=\"og:image:type\" content=\"image\/jpeg\" \/>\n<meta name=\"twitter:card\" content=\"summary_large_image\" \/>\n<meta name=\"twitter:site\" content=\"@accartbooks\" \/>\n<meta name=\"twitter:label1\" content=\"Estimated reading time\" \/>\n\t<meta name=\"twitter:data1\" content=\"1 minute\" \/>\n<script type=\"application\/ld+json\" class=\"yoast-schema-graph\">{\"@context\":\"https:\/\/schema.org\",\"@graph\":[{\"@type\":\"WebPage\",\"@id\":\"https:\/\/www.accartbooks.com\/uk\/book\/ingmar-bjorn-nolting\/\",\"url\":\"https:\/\/www.accartbooks.com\/uk\/book\/ingmar-bjorn-nolting\/\",\"name\":\"Ingmar Bj\u00f6rn Nolting - ACC Art Books UK\",\"isPartOf\":{\"@id\":\"https:\/\/www.accartbooks.com\/uk\/#website\"},\"primaryImageOfPage\":{\"@id\":\"https:\/\/www.accartbooks.com\/uk\/book\/ingmar-bjorn-nolting\/#primaryimage\"},\"image\":{\"@id\":\"https:\/\/www.accartbooks.com\/uk\/book\/ingmar-bjorn-nolting\/#primaryimage\"},\"thumbnailUrl\":\"https:\/\/www.accartbooks.com\/app\/uploads\/books\/9783987410314-04-1.jpg\",\"datePublished\":\"2023-04-26T11:12:02+00:00\",\"dateModified\":\"2026-03-31T15:10:53+00:00\",\"description\":\"Title: Ingmar Bj\u00f6rn Nolting, Pages: 128 Pages, Publish Date: 19th Sep 2023, Author: Ingmar Bj\u00f6rn Nolting, ISBN: 9783987410314. A photographic account of the effects of the Covid-19 lockdown and life in times of global crisis. Text in English and German.\",\"breadcrumb\":{\"@id\":\"https:\/\/www.accartbooks.com\/uk\/book\/ingmar-bjorn-nolting\/#breadcrumb\"},\"inLanguage\":\"en-GB\",\"potentialAction\":[{\"@type\":\"ReadAction\",\"target\":[\"https:\/\/www.accartbooks.com\/uk\/book\/ingmar-bjorn-nolting\/\"]}]},{\"@type\":\"ImageObject\",\"inLanguage\":\"en-GB\",\"@id\":\"https:\/\/www.accartbooks.com\/uk\/book\/ingmar-bjorn-nolting\/#primaryimage\",\"url\":\"https:\/\/www.accartbooks.com\/app\/uploads\/books\/9783987410314-04-1.jpg\",\"contentUrl\":\"https:\/\/www.accartbooks.com\/app\/uploads\/books\/9783987410314-04-1.jpg\",\"width\":749,\"height\":1000},{\"@type\":\"BreadcrumbList\",\"@id\":\"https:\/\/www.accartbooks.com\/uk\/book\/ingmar-bjorn-nolting\/#breadcrumb\",\"itemListElement\":[{\"@type\":\"ListItem\",\"position\":1,\"name\":\"Home\",\"item\":\"https:\/\/www.accartbooks.com\/uk\/\"},{\"@type\":\"ListItem\",\"position\":2,\"name\":\"Books\",\"item\":\"https:\/\/www.accartbooks.com\/uk\/books\/\"},{\"@type\":\"ListItem\",\"position\":3,\"name\":\"Ingmar Bj\u00f6rn Nolting\"}]},{\"@type\":\"WebSite\",\"@id\":\"https:\/\/www.accartbooks.com\/uk\/#website\",\"url\":\"https:\/\/www.accartbooks.com\/uk\/\",\"name\":\"ACC Art Books UK\",\"description\":\"One of the world\u2019s leading publishers and distributors of books on the arts and visual culture\",\"publisher\":{\"@id\":\"https:\/\/www.accartbooks.com\/uk\/#organization\"},\"potentialAction\":[{\"@type\":\"SearchAction\",\"target\":{\"@type\":\"EntryPoint\",\"urlTemplate\":\"https:\/\/www.accartbooks.com\/uk\/?s={search_term_string}\"},\"query-input\":{\"@type\":\"PropertyValueSpecification\",\"valueRequired\":true,\"valueName\":\"search_term_string\"}}],\"inLanguage\":\"en-GB\"},{\"@type\":\"Organization\",\"@id\":\"https:\/\/www.accartbooks.com\/uk\/#organization\",\"name\":\"ACC Art Books UK\",\"url\":\"https:\/\/www.accartbooks.com\/uk\/\",\"logo\":{\"@type\":\"ImageObject\",\"inLanguage\":\"en-GB\",\"@id\":\"https:\/\/www.accartbooks.com\/uk\/#\/schema\/logo\/image\/\",\"url\":\"https:\/\/www.accartbooks.com\/app\/uploads\/2020\/05\/Acc-Logo.png\",\"contentUrl\":\"https:\/\/www.accartbooks.com\/app\/uploads\/2020\/05\/Acc-Logo.png\",\"width\":64,\"height\":100,\"caption\":\"ACC Art Books UK\"},\"image\":{\"@id\":\"https:\/\/www.accartbooks.com\/uk\/#\/schema\/logo\/image\/\"},\"sameAs\":[\"https:\/\/www.facebook.com\/ACCArtBooks\/\",\"https:\/\/x.com\/accartbooks\"]}]}<\/script>\n<!-- \/ Yoast SEO plugin. -->","yoast_head_json":{"title":"Ingmar Bj\u00f6rn Nolting - ACC Art Books UK","description":"Title: Ingmar Bj\u00f6rn Nolting, Pages: 128 Pages, Publish Date: 19th Sep 2023, Author: Ingmar Bj\u00f6rn Nolting, ISBN: 9783987410314. A photographic account of the effects of the Covid-19 lockdown and life in times of global crisis. Text in English and German.","robots":{"index":"index","follow":"follow","max-snippet":"max-snippet:-1","max-image-preview":"max-image-preview:large","max-video-preview":"max-video-preview:-1"},"canonical":"https:\/\/www.accartbooks.com\/uk\/book\/ingmar-bjorn-nolting\/","og_locale":"en_GB","og_type":"article","og_title":"Ingmar Bj\u00f6rn Nolting - ACC Art Books UK","og_description":"Title: Ingmar Bj\u00f6rn Nolting, Pages: 128 Pages, Publish Date: 19th Sep 2023, Author: Ingmar Bj\u00f6rn Nolting, ISBN: 9783987410314. A photographic account of the effects of the Covid-19 lockdown and life in times of global crisis. Text in English and German.","og_url":"https:\/\/www.accartbooks.com\/uk\/book\/ingmar-bjorn-nolting\/","og_site_name":"ACC Art Books UK","article_publisher":"https:\/\/www.facebook.com\/ACCArtBooks\/","article_modified_time":"2026-03-31T15:10:53+00:00","og_image":[{"width":749,"height":1000,"url":"https:\/\/www.accartbooks.com\/app\/uploads\/books\/9783987410314-04-1.jpg","type":"image\/jpeg"}],"twitter_card":"summary_large_image","twitter_site":"@accartbooks","twitter_misc":{"Estimated reading time":"1 minute"},"schema":{"@context":"https:\/\/schema.org","@graph":[{"@type":"WebPage","@id":"https:\/\/www.accartbooks.com\/uk\/book\/ingmar-bjorn-nolting\/","url":"https:\/\/www.accartbooks.com\/uk\/book\/ingmar-bjorn-nolting\/","name":"Ingmar Bj\u00f6rn Nolting - ACC Art Books UK","isPartOf":{"@id":"https:\/\/www.accartbooks.com\/uk\/#website"},"primaryImageOfPage":{"@id":"https:\/\/www.accartbooks.com\/uk\/book\/ingmar-bjorn-nolting\/#primaryimage"},"image":{"@id":"https:\/\/www.accartbooks.com\/uk\/book\/ingmar-bjorn-nolting\/#primaryimage"},"thumbnailUrl":"https:\/\/www.accartbooks.com\/app\/uploads\/books\/9783987410314-04-1.jpg","datePublished":"2023-04-26T11:12:02+00:00","dateModified":"2026-03-31T15:10:53+00:00","description":"Title: Ingmar Bj\u00f6rn Nolting, Pages: 128 Pages, Publish Date: 19th Sep 2023, Author: Ingmar Bj\u00f6rn Nolting, ISBN: 9783987410314. A photographic account of the effects of the Covid-19 lockdown and life in times of global crisis. Text in English and German.","breadcrumb":{"@id":"https:\/\/www.accartbooks.com\/uk\/book\/ingmar-bjorn-nolting\/#breadcrumb"},"inLanguage":"en-GB","potentialAction":[{"@type":"ReadAction","target":["https:\/\/www.accartbooks.com\/uk\/book\/ingmar-bjorn-nolting\/"]}]},{"@type":"ImageObject","inLanguage":"en-GB","@id":"https:\/\/www.accartbooks.com\/uk\/book\/ingmar-bjorn-nolting\/#primaryimage","url":"https:\/\/www.accartbooks.com\/app\/uploads\/books\/9783987410314-04-1.jpg","contentUrl":"https:\/\/www.accartbooks.com\/app\/uploads\/books\/9783987410314-04-1.jpg","width":749,"height":1000},{"@type":"BreadcrumbList","@id":"https:\/\/www.accartbooks.com\/uk\/book\/ingmar-bjorn-nolting\/#breadcrumb","itemListElement":[{"@type":"ListItem","position":1,"name":"Home","item":"https:\/\/www.accartbooks.com\/uk\/"},{"@type":"ListItem","position":2,"name":"Books","item":"https:\/\/www.accartbooks.com\/uk\/books\/"},{"@type":"ListItem","position":3,"name":"Ingmar Bj\u00f6rn Nolting"}]},{"@type":"WebSite","@id":"https:\/\/www.accartbooks.com\/uk\/#website","url":"https:\/\/www.accartbooks.com\/uk\/","name":"ACC Art Books UK","description":"One of the world\u2019s leading publishers and distributors of books on the arts and visual culture","publisher":{"@id":"https:\/\/www.accartbooks.com\/uk\/#organization"},"potentialAction":[{"@type":"SearchAction","target":{"@type":"EntryPoint","urlTemplate":"https:\/\/www.accartbooks.com\/uk\/?s={search_term_string}"},"query-input":{"@type":"PropertyValueSpecification","valueRequired":true,"valueName":"search_term_string"}}],"inLanguage":"en-GB"},{"@type":"Organization","@id":"https:\/\/www.accartbooks.com\/uk\/#organization","name":"ACC Art Books UK","url":"https:\/\/www.accartbooks.com\/uk\/","logo":{"@type":"ImageObject","inLanguage":"en-GB","@id":"https:\/\/www.accartbooks.com\/uk\/#\/schema\/logo\/image\/","url":"https:\/\/www.accartbooks.com\/app\/uploads\/2020\/05\/Acc-Logo.png","contentUrl":"https:\/\/www.accartbooks.com\/app\/uploads\/2020\/05\/Acc-Logo.png","width":64,"height":100,"caption":"ACC Art Books UK"},"image":{"@id":"https:\/\/www.accartbooks.com\/uk\/#\/schema\/logo\/image\/"},"sameAs":["https:\/\/www.facebook.com\/ACCArtBooks\/","https:\/\/x.com\/accartbooks"]}]}},"_links":{"self":[{"href":"https:\/\/www.accartbooks.com\/uk\/wp-json\/wp\/v2\/product\/43343","targetHints":{"allow":["GET"]}}],"collection":[{"href":"https:\/\/www.accartbooks.com\/uk\/wp-json\/wp\/v2\/product"}],"about":[{"href":"https:\/\/www.accartbooks.com\/uk\/wp-json\/wp\/v2\/types\/product"}],"wp:featuredmedia":[{"embeddable":true,"href":"https:\/\/www.accartbooks.com\/uk\/wp-json\/wp\/v2\/media\/43344"}],"wp:attachment":[{"href":"https:\/\/www.accartbooks.com\/uk\/wp-json\/wp\/v2\/media?parent=43343"}],"wp:term":[{"taxonomy":"product_brand","embeddable":true,"href":"https:\/\/www.accartbooks.com\/uk\/wp-json\/wp\/v2\/product_brand?post=43343"},{"taxonomy":"product_cat","embeddable":true,"href":"https:\/\/www.accartbooks.com\/uk\/wp-json\/wp\/v2\/product_cat?post=43343"},{"taxonomy":"product_tag","embeddable":true,"href":"https:\/\/www.accartbooks.com\/uk\/wp-json\/wp\/v2\/product_tag?post=43343"}],"curies":[{"name":"wp","href":"https:\/\/api.w.org\/{rel}","templated":true}]}}