{"id":44110,"date":"2023-06-02T15:10:28","date_gmt":"2023-06-02T15:10:28","guid":{"rendered":"https:\/\/www.accartbooks.com\/uk\/book\/the-grand-rotunda-of-the-royal-museum-for-central-africa\/"},"modified":"2024-11-19T16:12:15","modified_gmt":"2024-11-19T16:12:15","slug":"the-grand-rotunda-of-the-royal-museum-for-central-africa","status":"publish","type":"product","link":"https:\/\/www.accartbooks.com\/uk\/book\/the-grand-rotunda-of-the-royal-museum-for-central-africa\/","title":{"rendered":"The Grand Rotunda of the Royal Museum for Central Africa"},"content":{"rendered":"<p>The Royal Museum for Central Africa, in Tervuren, Belgium, was founded in 1898, but its current building was inaugurated in 1910 and is characterised by many symbols reflecting the colonial propaganda of the time. The grand rotunda, designed to serve as the museum entrance, plays host to a series of statues that are strong examples of such imagery, reflecting fundamentally racist stereotypes.<\/p>\n<p>Between 2013 and 2018, the RMCA underwent a major renovation that saw a substantial redesign of the permanent exhibition, with the involvement of members of the African diaspora in Belgium. A major challenge of the renovation was to demonstrate the will to decolonise a listed building that is legally protected against changes. As removal of the colonial statues was not allowed, the museum was forced to find innovative solutions, notably by inviting contemporary African artists to create installations to dialogue, contrast, and discuss with colonial messages.<\/p>\n<p>Congolese artist Aim&eacute; Mpan&eacute; was chosen to make such an installation in the rotunda in 2018 with <em>New breath<\/em>, or <em>Burgeoning Congo<\/em>. Public reaction helped the AfricaMuseum realise that it needed to go further. Along with the creation of a second sculpture, Aim&eacute; Mpan&eacute;, in co-creation with Belgian artist Jean Pierre M&uuml;ller, proposed the <em>RE\/STORE<\/em> project: a permanent installation of transparent veils, each bearing a contemporary message, hung in front of every statue in the rotunda. The themes addressed in this collection of veils interact with the viewer in a powerful and eloquent manner.<\/p>\n<p>This richly illustrated book is a compilation of texts written by renowned experts about the history of the rotunda and its statues, as well as the semantic and artistic analysis of <em>RE\/STORE<\/em>, providing a full catalogue of the installations, sculptures, and veils.<\/p>\n","protected":false},"excerpt":{"rendered":"<p>A richly illustrated book, compiling texts by renowned experts about the history of the rotunda of the Royal Museum for Central Africa, Tervuren, Belgium.<\/p>\n","protected":false},"featured_media":44111,"template":"","meta":{"_acf_changed":false,"_relevanssi_hide_post":"","_relevanssi_hide_content":"","_relevanssi_pin_for_all":"","_relevanssi_pin_keywords":"","_relevanssi_unpin_keywords":"","_relevanssi_related_keywords":"","_relevanssi_related_include_ids":"","_relevanssi_related_exclude_ids":"","_relevanssi_related_no_append":"","_relevanssi_related_not_related":"","_relevanssi_related_posts":"","_relevanssi_noindex_reason":""},"product_brand":[],"product_cat":[5568],"product_tag":[],"class_list":{"0":"post-44110","1":"product","2":"type-product","3":"status-publish","4":"has-post-thumbnail","6":"product_cat-art","7":"author-edited-by-aime-mpane","8":"author-edited-by-jean-pierre-muller","9":"publisher-exhibitions-international","11":"first","12":"instock","13":"shipping-taxable","14":"purchasable","15":"product-type-simple"},"acf":[],"yoast_head":"<!-- This site is optimized with the Yoast SEO plugin v27.0 - https:\/\/yoast.com\/product\/yoast-seo-wordpress\/ -->\n<title>The Grand Rotunda of the Royal Museum for Central Africa - ACC Art Books UK<\/title>\n<meta name=\"description\" content=\"Title: The Grand Rotunda of the Royal Museum for Central Africa, Pages: 184 Pages, Publish Date: 8th Aug 2023, Author: Edited by Aim\u00e9 Mpan\u00e9, Edited by Jean Pierre M\u00fcller, ISBN: 9789085868378. A richly illustrated book, compiling texts by renowned experts about the history of the rotunda of the Royal Museum for Central Africa, Tervuren, Belgium.\" \/>\n<meta name=\"robots\" content=\"index, follow, max-snippet:-1, max-image-preview:large, max-video-preview:-1\" \/>\n<link rel=\"canonical\" href=\"https:\/\/www.accartbooks.com\/uk\/book\/the-grand-rotunda-of-the-royal-museum-for-central-africa\/\" \/>\n<meta property=\"og:locale\" content=\"en_GB\" \/>\n<meta property=\"og:type\" content=\"article\" \/>\n<meta property=\"og:title\" content=\"The Grand Rotunda of the Royal Museum for Central Africa - ACC Art Books UK\" \/>\n<meta property=\"og:description\" content=\"Title: The Grand Rotunda of the Royal Museum for Central Africa, Pages: 184 Pages, Publish Date: 8th Aug 2023, Author: Edited by Aim\u00e9 Mpan\u00e9, Edited by Jean Pierre M\u00fcller, ISBN: 9789085868378. A richly illustrated book, compiling texts by renowned experts about the history of the rotunda of the Royal Museum for Central Africa, Tervuren, Belgium.\" \/>\n<meta property=\"og:url\" content=\"https:\/\/www.accartbooks.com\/uk\/book\/the-grand-rotunda-of-the-royal-museum-for-central-africa\/\" \/>\n<meta property=\"og:site_name\" content=\"ACC Art Books UK\" \/>\n<meta property=\"article:publisher\" content=\"https:\/\/www.facebook.com\/ACCArtBooks\/\" \/>\n<meta property=\"article:modified_time\" content=\"2024-11-19T16:12:15+00:00\" \/>\n<meta property=\"og:image\" content=\"https:\/\/www.accartbooks.com\/app\/uploads\/books\/9789085868378-04-1.jpg\" \/>\n\t<meta property=\"og:image:width\" content=\"1108\" \/>\n\t<meta property=\"og:image:height\" content=\"1400\" \/>\n\t<meta property=\"og:image:type\" content=\"image\/jpeg\" \/>\n<meta name=\"twitter:card\" content=\"summary_large_image\" \/>\n<meta name=\"twitter:site\" content=\"@accartbooks\" \/>\n<meta name=\"twitter:label1\" content=\"Estimated reading time\" \/>\n\t<meta name=\"twitter:data1\" content=\"1 minute\" \/>\n<script type=\"application\/ld+json\" class=\"yoast-schema-graph\">{\"@context\":\"https:\/\/schema.org\",\"@graph\":[{\"@type\":\"WebPage\",\"@id\":\"https:\/\/www.accartbooks.com\/uk\/book\/the-grand-rotunda-of-the-royal-museum-for-central-africa\/\",\"url\":\"https:\/\/www.accartbooks.com\/uk\/book\/the-grand-rotunda-of-the-royal-museum-for-central-africa\/\",\"name\":\"The Grand Rotunda of the Royal Museum for Central Africa - ACC Art Books UK\",\"isPartOf\":{\"@id\":\"https:\/\/www.accartbooks.com\/uk\/#website\"},\"primaryImageOfPage\":{\"@id\":\"https:\/\/www.accartbooks.com\/uk\/book\/the-grand-rotunda-of-the-royal-museum-for-central-africa\/#primaryimage\"},\"image\":{\"@id\":\"https:\/\/www.accartbooks.com\/uk\/book\/the-grand-rotunda-of-the-royal-museum-for-central-africa\/#primaryimage\"},\"thumbnailUrl\":\"https:\/\/www.accartbooks.com\/app\/uploads\/books\/9789085868378-04-1.jpg\",\"datePublished\":\"2023-06-02T15:10:28+00:00\",\"dateModified\":\"2024-11-19T16:12:15+00:00\",\"description\":\"Title: The Grand Rotunda of the Royal Museum for Central Africa, Pages: 184 Pages, Publish Date: 8th Aug 2023, Author: Edited by Aim\u00e9 Mpan\u00e9, Edited by Jean Pierre M\u00fcller, ISBN: 9789085868378. A richly illustrated book, compiling texts by renowned experts about the history of the rotunda of the Royal Museum for Central Africa, Tervuren, Belgium.\",\"breadcrumb\":{\"@id\":\"https:\/\/www.accartbooks.com\/uk\/book\/the-grand-rotunda-of-the-royal-museum-for-central-africa\/#breadcrumb\"},\"inLanguage\":\"en-GB\",\"potentialAction\":[{\"@type\":\"ReadAction\",\"target\":[\"https:\/\/www.accartbooks.com\/uk\/book\/the-grand-rotunda-of-the-royal-museum-for-central-africa\/\"]}]},{\"@type\":\"ImageObject\",\"inLanguage\":\"en-GB\",\"@id\":\"https:\/\/www.accartbooks.com\/uk\/book\/the-grand-rotunda-of-the-royal-museum-for-central-africa\/#primaryimage\",\"url\":\"https:\/\/www.accartbooks.com\/app\/uploads\/books\/9789085868378-04-1.jpg\",\"contentUrl\":\"https:\/\/www.accartbooks.com\/app\/uploads\/books\/9789085868378-04-1.jpg\",\"width\":1108,\"height\":1400},{\"@type\":\"BreadcrumbList\",\"@id\":\"https:\/\/www.accartbooks.com\/uk\/book\/the-grand-rotunda-of-the-royal-museum-for-central-africa\/#breadcrumb\",\"itemListElement\":[{\"@type\":\"ListItem\",\"position\":1,\"name\":\"Home\",\"item\":\"https:\/\/www.accartbooks.com\/uk\/\"},{\"@type\":\"ListItem\",\"position\":2,\"name\":\"Books\",\"item\":\"https:\/\/www.accartbooks.com\/uk\/books\/\"},{\"@type\":\"ListItem\",\"position\":3,\"name\":\"The Grand Rotunda of the Royal Museum for Central Africa\"}]},{\"@type\":\"WebSite\",\"@id\":\"https:\/\/www.accartbooks.com\/uk\/#website\",\"url\":\"https:\/\/www.accartbooks.com\/uk\/\",\"name\":\"ACC Art Books UK\",\"description\":\"One of the world\u2019s leading publishers and distributors of books on the arts and visual culture\",\"publisher\":{\"@id\":\"https:\/\/www.accartbooks.com\/uk\/#organization\"},\"potentialAction\":[{\"@type\":\"SearchAction\",\"target\":{\"@type\":\"EntryPoint\",\"urlTemplate\":\"https:\/\/www.accartbooks.com\/uk\/?s={search_term_string}\"},\"query-input\":{\"@type\":\"PropertyValueSpecification\",\"valueRequired\":true,\"valueName\":\"search_term_string\"}}],\"inLanguage\":\"en-GB\"},{\"@type\":\"Organization\",\"@id\":\"https:\/\/www.accartbooks.com\/uk\/#organization\",\"name\":\"ACC Art Books UK\",\"url\":\"https:\/\/www.accartbooks.com\/uk\/\",\"logo\":{\"@type\":\"ImageObject\",\"inLanguage\":\"en-GB\",\"@id\":\"https:\/\/www.accartbooks.com\/uk\/#\/schema\/logo\/image\/\",\"url\":\"https:\/\/www.accartbooks.com\/app\/uploads\/2020\/05\/Acc-Logo.png\",\"contentUrl\":\"https:\/\/www.accartbooks.com\/app\/uploads\/2020\/05\/Acc-Logo.png\",\"width\":64,\"height\":100,\"caption\":\"ACC Art Books UK\"},\"image\":{\"@id\":\"https:\/\/www.accartbooks.com\/uk\/#\/schema\/logo\/image\/\"},\"sameAs\":[\"https:\/\/www.facebook.com\/ACCArtBooks\/\",\"https:\/\/x.com\/accartbooks\"]}]}<\/script>\n<!-- \/ Yoast SEO plugin. -->","yoast_head_json":{"title":"The Grand Rotunda of the Royal Museum for Central Africa - ACC Art Books UK","description":"Title: The Grand Rotunda of the Royal Museum for Central Africa, Pages: 184 Pages, Publish Date: 8th Aug 2023, Author: Edited by Aim\u00e9 Mpan\u00e9, Edited by Jean Pierre M\u00fcller, ISBN: 9789085868378. A richly illustrated book, compiling texts by renowned experts about the history of the rotunda of the Royal Museum for Central Africa, Tervuren, Belgium.","robots":{"index":"index","follow":"follow","max-snippet":"max-snippet:-1","max-image-preview":"max-image-preview:large","max-video-preview":"max-video-preview:-1"},"canonical":"https:\/\/www.accartbooks.com\/uk\/book\/the-grand-rotunda-of-the-royal-museum-for-central-africa\/","og_locale":"en_GB","og_type":"article","og_title":"The Grand Rotunda of the Royal Museum for Central Africa - ACC Art Books UK","og_description":"Title: The Grand Rotunda of the Royal Museum for Central Africa, Pages: 184 Pages, Publish Date: 8th Aug 2023, Author: Edited by Aim\u00e9 Mpan\u00e9, Edited by Jean Pierre M\u00fcller, ISBN: 9789085868378. A richly illustrated book, compiling texts by renowned experts about the history of the rotunda of the Royal Museum for Central Africa, Tervuren, Belgium.","og_url":"https:\/\/www.accartbooks.com\/uk\/book\/the-grand-rotunda-of-the-royal-museum-for-central-africa\/","og_site_name":"ACC Art Books UK","article_publisher":"https:\/\/www.facebook.com\/ACCArtBooks\/","article_modified_time":"2024-11-19T16:12:15+00:00","og_image":[{"width":1108,"height":1400,"url":"https:\/\/www.accartbooks.com\/app\/uploads\/books\/9789085868378-04-1.jpg","type":"image\/jpeg"}],"twitter_card":"summary_large_image","twitter_site":"@accartbooks","twitter_misc":{"Estimated reading time":"1 minute"},"schema":{"@context":"https:\/\/schema.org","@graph":[{"@type":"WebPage","@id":"https:\/\/www.accartbooks.com\/uk\/book\/the-grand-rotunda-of-the-royal-museum-for-central-africa\/","url":"https:\/\/www.accartbooks.com\/uk\/book\/the-grand-rotunda-of-the-royal-museum-for-central-africa\/","name":"The Grand Rotunda of the Royal Museum for Central Africa - ACC Art Books UK","isPartOf":{"@id":"https:\/\/www.accartbooks.com\/uk\/#website"},"primaryImageOfPage":{"@id":"https:\/\/www.accartbooks.com\/uk\/book\/the-grand-rotunda-of-the-royal-museum-for-central-africa\/#primaryimage"},"image":{"@id":"https:\/\/www.accartbooks.com\/uk\/book\/the-grand-rotunda-of-the-royal-museum-for-central-africa\/#primaryimage"},"thumbnailUrl":"https:\/\/www.accartbooks.com\/app\/uploads\/books\/9789085868378-04-1.jpg","datePublished":"2023-06-02T15:10:28+00:00","dateModified":"2024-11-19T16:12:15+00:00","description":"Title: The Grand Rotunda of the Royal Museum for Central Africa, Pages: 184 Pages, Publish Date: 8th Aug 2023, Author: Edited by Aim\u00e9 Mpan\u00e9, Edited by Jean Pierre M\u00fcller, ISBN: 9789085868378. A richly illustrated book, compiling texts by renowned experts about the history of the rotunda of the Royal Museum for Central Africa, Tervuren, Belgium.","breadcrumb":{"@id":"https:\/\/www.accartbooks.com\/uk\/book\/the-grand-rotunda-of-the-royal-museum-for-central-africa\/#breadcrumb"},"inLanguage":"en-GB","potentialAction":[{"@type":"ReadAction","target":["https:\/\/www.accartbooks.com\/uk\/book\/the-grand-rotunda-of-the-royal-museum-for-central-africa\/"]}]},{"@type":"ImageObject","inLanguage":"en-GB","@id":"https:\/\/www.accartbooks.com\/uk\/book\/the-grand-rotunda-of-the-royal-museum-for-central-africa\/#primaryimage","url":"https:\/\/www.accartbooks.com\/app\/uploads\/books\/9789085868378-04-1.jpg","contentUrl":"https:\/\/www.accartbooks.com\/app\/uploads\/books\/9789085868378-04-1.jpg","width":1108,"height":1400},{"@type":"BreadcrumbList","@id":"https:\/\/www.accartbooks.com\/uk\/book\/the-grand-rotunda-of-the-royal-museum-for-central-africa\/#breadcrumb","itemListElement":[{"@type":"ListItem","position":1,"name":"Home","item":"https:\/\/www.accartbooks.com\/uk\/"},{"@type":"ListItem","position":2,"name":"Books","item":"https:\/\/www.accartbooks.com\/uk\/books\/"},{"@type":"ListItem","position":3,"name":"The Grand Rotunda of the Royal Museum for Central Africa"}]},{"@type":"WebSite","@id":"https:\/\/www.accartbooks.com\/uk\/#website","url":"https:\/\/www.accartbooks.com\/uk\/","name":"ACC Art Books UK","description":"One of the world\u2019s leading publishers and distributors of books on the arts and visual culture","publisher":{"@id":"https:\/\/www.accartbooks.com\/uk\/#organization"},"potentialAction":[{"@type":"SearchAction","target":{"@type":"EntryPoint","urlTemplate":"https:\/\/www.accartbooks.com\/uk\/?s={search_term_string}"},"query-input":{"@type":"PropertyValueSpecification","valueRequired":true,"valueName":"search_term_string"}}],"inLanguage":"en-GB"},{"@type":"Organization","@id":"https:\/\/www.accartbooks.com\/uk\/#organization","name":"ACC Art Books UK","url":"https:\/\/www.accartbooks.com\/uk\/","logo":{"@type":"ImageObject","inLanguage":"en-GB","@id":"https:\/\/www.accartbooks.com\/uk\/#\/schema\/logo\/image\/","url":"https:\/\/www.accartbooks.com\/app\/uploads\/2020\/05\/Acc-Logo.png","contentUrl":"https:\/\/www.accartbooks.com\/app\/uploads\/2020\/05\/Acc-Logo.png","width":64,"height":100,"caption":"ACC Art Books UK"},"image":{"@id":"https:\/\/www.accartbooks.com\/uk\/#\/schema\/logo\/image\/"},"sameAs":["https:\/\/www.facebook.com\/ACCArtBooks\/","https:\/\/x.com\/accartbooks"]}]}},"_links":{"self":[{"href":"https:\/\/www.accartbooks.com\/uk\/wp-json\/wp\/v2\/product\/44110","targetHints":{"allow":["GET"]}}],"collection":[{"href":"https:\/\/www.accartbooks.com\/uk\/wp-json\/wp\/v2\/product"}],"about":[{"href":"https:\/\/www.accartbooks.com\/uk\/wp-json\/wp\/v2\/types\/product"}],"wp:featuredmedia":[{"embeddable":true,"href":"https:\/\/www.accartbooks.com\/uk\/wp-json\/wp\/v2\/media\/44111"}],"wp:attachment":[{"href":"https:\/\/www.accartbooks.com\/uk\/wp-json\/wp\/v2\/media?parent=44110"}],"wp:term":[{"taxonomy":"product_brand","embeddable":true,"href":"https:\/\/www.accartbooks.com\/uk\/wp-json\/wp\/v2\/product_brand?post=44110"},{"taxonomy":"product_cat","embeddable":true,"href":"https:\/\/www.accartbooks.com\/uk\/wp-json\/wp\/v2\/product_cat?post=44110"},{"taxonomy":"product_tag","embeddable":true,"href":"https:\/\/www.accartbooks.com\/uk\/wp-json\/wp\/v2\/product_tag?post=44110"}],"curies":[{"name":"wp","href":"https:\/\/api.w.org\/{rel}","templated":true}]}}