{"id":45248,"date":"2023-07-28T11:10:20","date_gmt":"2023-07-28T11:10:20","guid":{"rendered":"https:\/\/www.accartbooks.com\/uk\/book\/les-murs-de-burhan-dogancay\/"},"modified":"2023-11-10T12:10:12","modified_gmt":"2023-11-10T12:10:12","slug":"les-murs-de-burhan-dogancay","status":"publish","type":"product","link":"https:\/\/www.accartbooks.com\/uk\/book\/les-murs-de-burhan-dogancay\/","title":{"rendered":"Les murs de Burhan Do\u011fan\u00e7ay"},"content":{"rendered":"<p>Upon his arrival in New York in the 1960s, Istanbul-born artist Burhan Do&#287;an&ccedil;ay (1929&ndash;2013) became deeply fascinated by the visual aesthetics of urban walls and murals. His interest focused on exploring public space and its significance as a forum for the debate of social and political as well as artistic norms. He continuously sketched and photographed walls and doorways, transferring many of the captured motifs into paintings. Over more than four decades, Do&#287;an&ccedil;ay compiled a vast body of photographic testimonials of urban life and discourse which he titled <em>Walls of the World:<\/em> a unique archive comprising some 30,000 images from 114 countries.<br \/>\nThis bilingual French&ndash;German book features a selection of Do&#287;an&ccedil;ay&rsquo;s paintings and photographs from various series within the entire <em>Walls of the World<\/em> collection. The pictures &mdash; like the walls themselves &mdash; are the result of superimposed layers and techniques. Through this use of different painting and collage techniques, they reflect the temporal dimension of these surfaces with the scribbles, posters, scraps, and graffiti accumulated on them. The essays that supplement the images investigate Do&#287;an&ccedil;ay&rsquo;s ongoing engagement with the urban wall as a projection surface as well as his method of combining photography and sketching as the basis for his remarkable graphic and painted art.<\/p>\n<p>Text in French and German.<\/p>\n","protected":false},"excerpt":{"rendered":"<p>This is the first new book on Turkish American artist Burhan Do&#287;an&ccedil;ay (1929&ndash;2013) in ten years. Text in French and German.<\/p>\n","protected":false},"featured_media":45981,"template":"","meta":{"_acf_changed":false,"_relevanssi_hide_post":"","_relevanssi_hide_content":"","_relevanssi_pin_for_all":"","_relevanssi_pin_keywords":"","_relevanssi_unpin_keywords":"","_relevanssi_related_keywords":"","_relevanssi_related_include_ids":"","_relevanssi_related_exclude_ids":"","_relevanssi_related_no_append":"","_relevanssi_related_not_related":"","_relevanssi_related_posts":"","_relevanssi_noindex_reason":""},"product_brand":[],"product_cat":[5568],"product_tag":[],"class_list":{"0":"post-45248","1":"product","2":"type-product","3":"status-publish","4":"has-post-thumbnail","6":"product_cat-art","7":"author-edited-by-benedicte-de-donker","8":"publisher-scheidegger-und-spiess-ag-verlag","10":"first","11":"instock","12":"shipping-taxable","13":"purchasable","14":"product-type-simple"},"acf":[],"yoast_head":"<!-- This site is optimized with the Yoast SEO plugin v27.0 - https:\/\/yoast.com\/product\/yoast-seo-wordpress\/ -->\n<title>Les murs de Burhan Do\u011fan\u00e7ay - ACC Art Books UK<\/title>\n<meta name=\"description\" content=\"Title: Les murs de Burhan Do\u011fan\u00e7ay, Pages: 143 Pages, Publish Date: 10th Nov 2023, Author: Edited by B\u00e9n\u00e9dicte De Donker, ISBN: 9783039421800. This is the first new book on Turkish American artist Burhan Do&#287;an&ccedil;ay (1929&ndash;2013) in ten years. Text in French and German.\" \/>\n<meta name=\"robots\" content=\"index, follow, max-snippet:-1, max-image-preview:large, max-video-preview:-1\" \/>\n<link rel=\"canonical\" href=\"https:\/\/www.accartbooks.com\/uk\/book\/les-murs-de-burhan-dogancay\/\" \/>\n<meta property=\"og:locale\" content=\"en_GB\" \/>\n<meta property=\"og:type\" content=\"article\" \/>\n<meta property=\"og:title\" content=\"Les murs de Burhan Do\u011fan\u00e7ay - ACC Art Books UK\" \/>\n<meta property=\"og:description\" content=\"Title: Les murs de Burhan Do\u011fan\u00e7ay, Pages: 143 Pages, Publish Date: 10th Nov 2023, Author: Edited by B\u00e9n\u00e9dicte De Donker, ISBN: 9783039421800. This is the first new book on Turkish American artist Burhan Do&#287;an&ccedil;ay (1929&ndash;2013) in ten years. Text in French and German.\" \/>\n<meta property=\"og:url\" content=\"https:\/\/www.accartbooks.com\/uk\/book\/les-murs-de-burhan-dogancay\/\" \/>\n<meta property=\"og:site_name\" content=\"ACC Art Books UK\" \/>\n<meta property=\"article:publisher\" content=\"https:\/\/www.facebook.com\/ACCArtBooks\/\" \/>\n<meta property=\"article:modified_time\" content=\"2023-11-10T12:10:12+00:00\" \/>\n<meta name=\"twitter:card\" content=\"summary_large_image\" \/>\n<meta name=\"twitter:site\" content=\"@accartbooks\" \/>\n<meta name=\"twitter:label1\" content=\"Estimated reading time\" \/>\n\t<meta name=\"twitter:data1\" content=\"1 minute\" \/>\n<script type=\"application\/ld+json\" class=\"yoast-schema-graph\">{\"@context\":\"https:\/\/schema.org\",\"@graph\":[{\"@type\":\"WebPage\",\"@id\":\"https:\/\/www.accartbooks.com\/uk\/book\/les-murs-de-burhan-dogancay\/\",\"url\":\"https:\/\/www.accartbooks.com\/uk\/book\/les-murs-de-burhan-dogancay\/\",\"name\":\"Les murs de Burhan Do\u011fan\u00e7ay - ACC Art Books UK\",\"isPartOf\":{\"@id\":\"https:\/\/www.accartbooks.com\/uk\/#website\"},\"primaryImageOfPage\":{\"@id\":\"https:\/\/www.accartbooks.com\/uk\/book\/les-murs-de-burhan-dogancay\/#primaryimage\"},\"image\":{\"@id\":\"https:\/\/www.accartbooks.com\/uk\/book\/les-murs-de-burhan-dogancay\/#primaryimage\"},\"thumbnailUrl\":\"https:\/\/www.accartbooks.com\/app\/uploads\/books\/9783039421800-04-1.jpg\",\"datePublished\":\"2023-07-28T11:10:20+00:00\",\"dateModified\":\"2023-11-10T12:10:12+00:00\",\"description\":\"Title: Les murs de Burhan Do\u011fan\u00e7ay, Pages: 143 Pages, Publish Date: 10th Nov 2023, Author: Edited by B\u00e9n\u00e9dicte De Donker, ISBN: 9783039421800. This is the first new book on Turkish American artist Burhan Do&#287;an&ccedil;ay (1929&ndash;2013) in ten years. Text in French and German.\",\"breadcrumb\":{\"@id\":\"https:\/\/www.accartbooks.com\/uk\/book\/les-murs-de-burhan-dogancay\/#breadcrumb\"},\"inLanguage\":\"en-GB\",\"potentialAction\":[{\"@type\":\"ReadAction\",\"target\":[\"https:\/\/www.accartbooks.com\/uk\/book\/les-murs-de-burhan-dogancay\/\"]}]},{\"@type\":\"ImageObject\",\"inLanguage\":\"en-GB\",\"@id\":\"https:\/\/www.accartbooks.com\/uk\/book\/les-murs-de-burhan-dogancay\/#primaryimage\",\"url\":\"https:\/\/www.accartbooks.com\/app\/uploads\/books\/9783039421800-04-1.jpg\",\"contentUrl\":\"https:\/\/www.accartbooks.com\/app\/uploads\/books\/9783039421800-04-1.jpg\",\"width\":980,\"height\":1400},{\"@type\":\"BreadcrumbList\",\"@id\":\"https:\/\/www.accartbooks.com\/uk\/book\/les-murs-de-burhan-dogancay\/#breadcrumb\",\"itemListElement\":[{\"@type\":\"ListItem\",\"position\":1,\"name\":\"Home\",\"item\":\"https:\/\/www.accartbooks.com\/uk\/\"},{\"@type\":\"ListItem\",\"position\":2,\"name\":\"Books\",\"item\":\"https:\/\/www.accartbooks.com\/uk\/books\/\"},{\"@type\":\"ListItem\",\"position\":3,\"name\":\"Les murs de Burhan Do\u011fan\u00e7ay\"}]},{\"@type\":\"WebSite\",\"@id\":\"https:\/\/www.accartbooks.com\/uk\/#website\",\"url\":\"https:\/\/www.accartbooks.com\/uk\/\",\"name\":\"ACC Art Books UK\",\"description\":\"One of the world\u2019s leading publishers and distributors of books on the arts and visual culture\",\"publisher\":{\"@id\":\"https:\/\/www.accartbooks.com\/uk\/#organization\"},\"potentialAction\":[{\"@type\":\"SearchAction\",\"target\":{\"@type\":\"EntryPoint\",\"urlTemplate\":\"https:\/\/www.accartbooks.com\/uk\/?s={search_term_string}\"},\"query-input\":{\"@type\":\"PropertyValueSpecification\",\"valueRequired\":true,\"valueName\":\"search_term_string\"}}],\"inLanguage\":\"en-GB\"},{\"@type\":\"Organization\",\"@id\":\"https:\/\/www.accartbooks.com\/uk\/#organization\",\"name\":\"ACC Art Books UK\",\"url\":\"https:\/\/www.accartbooks.com\/uk\/\",\"logo\":{\"@type\":\"ImageObject\",\"inLanguage\":\"en-GB\",\"@id\":\"https:\/\/www.accartbooks.com\/uk\/#\/schema\/logo\/image\/\",\"url\":\"https:\/\/www.accartbooks.com\/app\/uploads\/2020\/05\/Acc-Logo.png\",\"contentUrl\":\"https:\/\/www.accartbooks.com\/app\/uploads\/2020\/05\/Acc-Logo.png\",\"width\":64,\"height\":100,\"caption\":\"ACC Art Books UK\"},\"image\":{\"@id\":\"https:\/\/www.accartbooks.com\/uk\/#\/schema\/logo\/image\/\"},\"sameAs\":[\"https:\/\/www.facebook.com\/ACCArtBooks\/\",\"https:\/\/x.com\/accartbooks\"]}]}<\/script>\n<!-- \/ Yoast SEO plugin. -->","yoast_head_json":{"title":"Les murs de Burhan Do\u011fan\u00e7ay - ACC Art Books UK","description":"Title: Les murs de Burhan Do\u011fan\u00e7ay, Pages: 143 Pages, Publish Date: 10th Nov 2023, Author: Edited by B\u00e9n\u00e9dicte De Donker, ISBN: 9783039421800. This is the first new book on Turkish American artist Burhan Do&#287;an&ccedil;ay (1929&ndash;2013) in ten years. Text in French and German.","robots":{"index":"index","follow":"follow","max-snippet":"max-snippet:-1","max-image-preview":"max-image-preview:large","max-video-preview":"max-video-preview:-1"},"canonical":"https:\/\/www.accartbooks.com\/uk\/book\/les-murs-de-burhan-dogancay\/","og_locale":"en_GB","og_type":"article","og_title":"Les murs de Burhan Do\u011fan\u00e7ay - ACC Art Books UK","og_description":"Title: Les murs de Burhan Do\u011fan\u00e7ay, Pages: 143 Pages, Publish Date: 10th Nov 2023, Author: Edited by B\u00e9n\u00e9dicte De Donker, ISBN: 9783039421800. This is the first new book on Turkish American artist Burhan Do&#287;an&ccedil;ay (1929&ndash;2013) in ten years. Text in French and German.","og_url":"https:\/\/www.accartbooks.com\/uk\/book\/les-murs-de-burhan-dogancay\/","og_site_name":"ACC Art Books UK","article_publisher":"https:\/\/www.facebook.com\/ACCArtBooks\/","article_modified_time":"2023-11-10T12:10:12+00:00","twitter_card":"summary_large_image","twitter_site":"@accartbooks","twitter_misc":{"Estimated reading time":"1 minute"},"schema":{"@context":"https:\/\/schema.org","@graph":[{"@type":"WebPage","@id":"https:\/\/www.accartbooks.com\/uk\/book\/les-murs-de-burhan-dogancay\/","url":"https:\/\/www.accartbooks.com\/uk\/book\/les-murs-de-burhan-dogancay\/","name":"Les murs de Burhan Do\u011fan\u00e7ay - ACC Art Books UK","isPartOf":{"@id":"https:\/\/www.accartbooks.com\/uk\/#website"},"primaryImageOfPage":{"@id":"https:\/\/www.accartbooks.com\/uk\/book\/les-murs-de-burhan-dogancay\/#primaryimage"},"image":{"@id":"https:\/\/www.accartbooks.com\/uk\/book\/les-murs-de-burhan-dogancay\/#primaryimage"},"thumbnailUrl":"https:\/\/www.accartbooks.com\/app\/uploads\/books\/9783039421800-04-1.jpg","datePublished":"2023-07-28T11:10:20+00:00","dateModified":"2023-11-10T12:10:12+00:00","description":"Title: Les murs de Burhan Do\u011fan\u00e7ay, Pages: 143 Pages, Publish Date: 10th Nov 2023, Author: Edited by B\u00e9n\u00e9dicte De Donker, ISBN: 9783039421800. This is the first new book on Turkish American artist Burhan Do&#287;an&ccedil;ay (1929&ndash;2013) in ten years. Text in French and German.","breadcrumb":{"@id":"https:\/\/www.accartbooks.com\/uk\/book\/les-murs-de-burhan-dogancay\/#breadcrumb"},"inLanguage":"en-GB","potentialAction":[{"@type":"ReadAction","target":["https:\/\/www.accartbooks.com\/uk\/book\/les-murs-de-burhan-dogancay\/"]}]},{"@type":"ImageObject","inLanguage":"en-GB","@id":"https:\/\/www.accartbooks.com\/uk\/book\/les-murs-de-burhan-dogancay\/#primaryimage","url":"https:\/\/www.accartbooks.com\/app\/uploads\/books\/9783039421800-04-1.jpg","contentUrl":"https:\/\/www.accartbooks.com\/app\/uploads\/books\/9783039421800-04-1.jpg","width":980,"height":1400},{"@type":"BreadcrumbList","@id":"https:\/\/www.accartbooks.com\/uk\/book\/les-murs-de-burhan-dogancay\/#breadcrumb","itemListElement":[{"@type":"ListItem","position":1,"name":"Home","item":"https:\/\/www.accartbooks.com\/uk\/"},{"@type":"ListItem","position":2,"name":"Books","item":"https:\/\/www.accartbooks.com\/uk\/books\/"},{"@type":"ListItem","position":3,"name":"Les murs de Burhan Do\u011fan\u00e7ay"}]},{"@type":"WebSite","@id":"https:\/\/www.accartbooks.com\/uk\/#website","url":"https:\/\/www.accartbooks.com\/uk\/","name":"ACC Art Books UK","description":"One of the world\u2019s leading publishers and distributors of books on the arts and visual culture","publisher":{"@id":"https:\/\/www.accartbooks.com\/uk\/#organization"},"potentialAction":[{"@type":"SearchAction","target":{"@type":"EntryPoint","urlTemplate":"https:\/\/www.accartbooks.com\/uk\/?s={search_term_string}"},"query-input":{"@type":"PropertyValueSpecification","valueRequired":true,"valueName":"search_term_string"}}],"inLanguage":"en-GB"},{"@type":"Organization","@id":"https:\/\/www.accartbooks.com\/uk\/#organization","name":"ACC Art Books UK","url":"https:\/\/www.accartbooks.com\/uk\/","logo":{"@type":"ImageObject","inLanguage":"en-GB","@id":"https:\/\/www.accartbooks.com\/uk\/#\/schema\/logo\/image\/","url":"https:\/\/www.accartbooks.com\/app\/uploads\/2020\/05\/Acc-Logo.png","contentUrl":"https:\/\/www.accartbooks.com\/app\/uploads\/2020\/05\/Acc-Logo.png","width":64,"height":100,"caption":"ACC Art Books UK"},"image":{"@id":"https:\/\/www.accartbooks.com\/uk\/#\/schema\/logo\/image\/"},"sameAs":["https:\/\/www.facebook.com\/ACCArtBooks\/","https:\/\/x.com\/accartbooks"]}]}},"_links":{"self":[{"href":"https:\/\/www.accartbooks.com\/uk\/wp-json\/wp\/v2\/product\/45248","targetHints":{"allow":["GET"]}}],"collection":[{"href":"https:\/\/www.accartbooks.com\/uk\/wp-json\/wp\/v2\/product"}],"about":[{"href":"https:\/\/www.accartbooks.com\/uk\/wp-json\/wp\/v2\/types\/product"}],"wp:featuredmedia":[{"embeddable":true,"href":"https:\/\/www.accartbooks.com\/uk\/wp-json\/wp\/v2\/media\/45981"}],"wp:attachment":[{"href":"https:\/\/www.accartbooks.com\/uk\/wp-json\/wp\/v2\/media?parent=45248"}],"wp:term":[{"taxonomy":"product_brand","embeddable":true,"href":"https:\/\/www.accartbooks.com\/uk\/wp-json\/wp\/v2\/product_brand?post=45248"},{"taxonomy":"product_cat","embeddable":true,"href":"https:\/\/www.accartbooks.com\/uk\/wp-json\/wp\/v2\/product_cat?post=45248"},{"taxonomy":"product_tag","embeddable":true,"href":"https:\/\/www.accartbooks.com\/uk\/wp-json\/wp\/v2\/product_tag?post=45248"}],"curies":[{"name":"wp","href":"https:\/\/api.w.org\/{rel}","templated":true}]}}