{"id":47179,"date":"2023-09-20T19:10:48","date_gmt":"2023-09-20T19:10:48","guid":{"rendered":"https:\/\/www.accartbooks.com\/uk\/book\/cybele-varela-2\/"},"modified":"2025-10-10T13:12:59","modified_gmt":"2025-10-10T13:12:59","slug":"cybele-varela-2","status":"publish","type":"product","link":"https:\/\/www.accartbooks.com\/uk\/book\/cybele-varela-2\/","title":{"rendered":"Cyb\u00e8le Varela"},"content":{"rendered":"<p> Cyb&egrave;le Varela (born in Petr&oacute;polis, 1943) is one of the key figures of the New Figuration in Brazil.<br \/>\n The essays and interview included in this volume shed new light on Varela&rsquo;s emergence in the 1960s Brazilian and 1970s French art scenes. They examine her unique approach to the exploration of Pop Art visuality by considering the role played by mass culture, social and political issues, as well as transnational experiences in the making of the artist&rsquo;s early production.<br \/>\n The volume also explores Varela&rsquo;s contribution to international artistic discourses, including Pop Art, Narrative Figuration, Photography and Video Art.<\/p>\n","protected":false},"excerpt":{"rendered":"<p>Cyb&egrave;le Varela (born in Petr&oacute;polis, 1943) is one of the key figures of the New Figuration in Brazil. The essays and interview included in this volume shed new light on Varela&rsquo;s emergence in the 1960s Brazilian and 1970s French art scenes.  Text in English and Portuguese.<\/p>\n","protected":false},"featured_media":47180,"template":"","meta":{"_acf_changed":false,"_relevanssi_hide_post":"","_relevanssi_hide_content":"","_relevanssi_pin_for_all":"","_relevanssi_pin_keywords":"","_relevanssi_unpin_keywords":"","_relevanssi_related_keywords":"","_relevanssi_related_include_ids":"","_relevanssi_related_exclude_ids":"","_relevanssi_related_no_append":"","_relevanssi_related_not_related":"","_relevanssi_related_posts":"","_relevanssi_noindex_reason":""},"product_brand":[],"product_cat":[5568],"product_tag":[],"class_list":{"0":"post-47179","1":"product","2":"type-product","3":"status-publish","4":"has-post-thumbnail","6":"product_cat-art","7":"author-edited-by-ana-magalhaes","8":"author-edited-by-ariane-varela-braga","9":"publisher-silvana","11":"first","12":"instock","13":"shipping-taxable","14":"purchasable","15":"product-type-simple"},"acf":[],"yoast_head":"<!-- This site is optimized with the Yoast SEO plugin v27.0 - https:\/\/yoast.com\/product\/yoast-seo-wordpress\/ -->\n<title>Cyb\u00e8le Varela - ACC Art Books UK<\/title>\n<meta name=\"description\" content=\"Title: Cyb\u00e8le Varela, Pages: 256 Pages, Publish Date: 24th Oct 2023, Author: Edited by Ana Magalh\u00e3es, Edited by Ariane Varela Braga, ISBN: 9788836652617. Cyb&egrave;le Varela (born in Petr&oacute;polis, 1943) is one of the key figures of the New Figuration in Brazil. The essays and interview included in this volume shed new light on Varela&rsquo;s emergence in the 1960s Brazilian and 1970s French art scenes. Text in English and Portuguese.\" \/>\n<meta name=\"robots\" content=\"index, follow, max-snippet:-1, max-image-preview:large, max-video-preview:-1\" \/>\n<link rel=\"canonical\" href=\"https:\/\/www.accartbooks.com\/uk\/book\/cybele-varela-2\/\" \/>\n<meta property=\"og:locale\" content=\"en_GB\" \/>\n<meta property=\"og:type\" content=\"article\" \/>\n<meta property=\"og:title\" content=\"Cyb\u00e8le Varela - ACC Art Books UK\" \/>\n<meta property=\"og:description\" content=\"Title: Cyb\u00e8le Varela, Pages: 256 Pages, Publish Date: 24th Oct 2023, Author: Edited by Ana Magalh\u00e3es, Edited by Ariane Varela Braga, ISBN: 9788836652617. Cyb&egrave;le Varela (born in Petr&oacute;polis, 1943) is one of the key figures of the New Figuration in Brazil. The essays and interview included in this volume shed new light on Varela&rsquo;s emergence in the 1960s Brazilian and 1970s French art scenes. Text in English and Portuguese.\" \/>\n<meta property=\"og:url\" content=\"https:\/\/www.accartbooks.com\/uk\/book\/cybele-varela-2\/\" \/>\n<meta property=\"og:site_name\" content=\"ACC Art Books UK\" \/>\n<meta property=\"article:publisher\" content=\"https:\/\/www.facebook.com\/ACCArtBooks\/\" \/>\n<meta property=\"article:modified_time\" content=\"2025-10-10T13:12:59+00:00\" \/>\n<meta property=\"og:image\" content=\"https:\/\/www.accartbooks.com\/app\/uploads\/books\/9788836652617-04-1.jpg\" \/>\n\t<meta property=\"og:image:width\" content=\"1137\" \/>\n\t<meta property=\"og:image:height\" content=\"1400\" \/>\n\t<meta property=\"og:image:type\" content=\"image\/jpeg\" \/>\n<meta name=\"twitter:card\" content=\"summary_large_image\" \/>\n<meta name=\"twitter:site\" content=\"@accartbooks\" \/>\n<meta name=\"twitter:label1\" content=\"Estimated reading time\" \/>\n\t<meta name=\"twitter:data1\" content=\"1 minute\" \/>\n<script type=\"application\/ld+json\" class=\"yoast-schema-graph\">{\"@context\":\"https:\/\/schema.org\",\"@graph\":[{\"@type\":\"WebPage\",\"@id\":\"https:\/\/www.accartbooks.com\/uk\/book\/cybele-varela-2\/\",\"url\":\"https:\/\/www.accartbooks.com\/uk\/book\/cybele-varela-2\/\",\"name\":\"Cyb\u00e8le Varela - ACC Art Books UK\",\"isPartOf\":{\"@id\":\"https:\/\/www.accartbooks.com\/uk\/#website\"},\"primaryImageOfPage\":{\"@id\":\"https:\/\/www.accartbooks.com\/uk\/book\/cybele-varela-2\/#primaryimage\"},\"image\":{\"@id\":\"https:\/\/www.accartbooks.com\/uk\/book\/cybele-varela-2\/#primaryimage\"},\"thumbnailUrl\":\"https:\/\/www.accartbooks.com\/app\/uploads\/books\/9788836652617-04-1.jpg\",\"datePublished\":\"2023-09-20T19:10:48+00:00\",\"dateModified\":\"2025-10-10T13:12:59+00:00\",\"description\":\"Title: Cyb\u00e8le Varela, Pages: 256 Pages, Publish Date: 24th Oct 2023, Author: Edited by Ana Magalh\u00e3es, Edited by Ariane Varela Braga, ISBN: 9788836652617. Cyb&egrave;le Varela (born in Petr&oacute;polis, 1943) is one of the key figures of the New Figuration in Brazil. The essays and interview included in this volume shed new light on Varela&rsquo;s emergence in the 1960s Brazilian and 1970s French art scenes. Text in English and Portuguese.\",\"breadcrumb\":{\"@id\":\"https:\/\/www.accartbooks.com\/uk\/book\/cybele-varela-2\/#breadcrumb\"},\"inLanguage\":\"en-GB\",\"potentialAction\":[{\"@type\":\"ReadAction\",\"target\":[\"https:\/\/www.accartbooks.com\/uk\/book\/cybele-varela-2\/\"]}]},{\"@type\":\"ImageObject\",\"inLanguage\":\"en-GB\",\"@id\":\"https:\/\/www.accartbooks.com\/uk\/book\/cybele-varela-2\/#primaryimage\",\"url\":\"https:\/\/www.accartbooks.com\/app\/uploads\/books\/9788836652617-04-1.jpg\",\"contentUrl\":\"https:\/\/www.accartbooks.com\/app\/uploads\/books\/9788836652617-04-1.jpg\",\"width\":1137,\"height\":1400},{\"@type\":\"BreadcrumbList\",\"@id\":\"https:\/\/www.accartbooks.com\/uk\/book\/cybele-varela-2\/#breadcrumb\",\"itemListElement\":[{\"@type\":\"ListItem\",\"position\":1,\"name\":\"Home\",\"item\":\"https:\/\/www.accartbooks.com\/uk\/\"},{\"@type\":\"ListItem\",\"position\":2,\"name\":\"Books\",\"item\":\"https:\/\/www.accartbooks.com\/uk\/books\/\"},{\"@type\":\"ListItem\",\"position\":3,\"name\":\"Cyb\u00e8le Varela\"}]},{\"@type\":\"WebSite\",\"@id\":\"https:\/\/www.accartbooks.com\/uk\/#website\",\"url\":\"https:\/\/www.accartbooks.com\/uk\/\",\"name\":\"ACC Art Books UK\",\"description\":\"One of the world\u2019s leading publishers and distributors of books on the arts and visual culture\",\"publisher\":{\"@id\":\"https:\/\/www.accartbooks.com\/uk\/#organization\"},\"potentialAction\":[{\"@type\":\"SearchAction\",\"target\":{\"@type\":\"EntryPoint\",\"urlTemplate\":\"https:\/\/www.accartbooks.com\/uk\/?s={search_term_string}\"},\"query-input\":{\"@type\":\"PropertyValueSpecification\",\"valueRequired\":true,\"valueName\":\"search_term_string\"}}],\"inLanguage\":\"en-GB\"},{\"@type\":\"Organization\",\"@id\":\"https:\/\/www.accartbooks.com\/uk\/#organization\",\"name\":\"ACC Art Books UK\",\"url\":\"https:\/\/www.accartbooks.com\/uk\/\",\"logo\":{\"@type\":\"ImageObject\",\"inLanguage\":\"en-GB\",\"@id\":\"https:\/\/www.accartbooks.com\/uk\/#\/schema\/logo\/image\/\",\"url\":\"https:\/\/www.accartbooks.com\/app\/uploads\/2020\/05\/Acc-Logo.png\",\"contentUrl\":\"https:\/\/www.accartbooks.com\/app\/uploads\/2020\/05\/Acc-Logo.png\",\"width\":64,\"height\":100,\"caption\":\"ACC Art Books UK\"},\"image\":{\"@id\":\"https:\/\/www.accartbooks.com\/uk\/#\/schema\/logo\/image\/\"},\"sameAs\":[\"https:\/\/www.facebook.com\/ACCArtBooks\/\",\"https:\/\/x.com\/accartbooks\"]}]}<\/script>\n<!-- \/ Yoast SEO plugin. -->","yoast_head_json":{"title":"Cyb\u00e8le Varela - ACC Art Books UK","description":"Title: Cyb\u00e8le Varela, Pages: 256 Pages, Publish Date: 24th Oct 2023, Author: Edited by Ana Magalh\u00e3es, Edited by Ariane Varela Braga, ISBN: 9788836652617. Cyb&egrave;le Varela (born in Petr&oacute;polis, 1943) is one of the key figures of the New Figuration in Brazil. The essays and interview included in this volume shed new light on Varela&rsquo;s emergence in the 1960s Brazilian and 1970s French art scenes. Text in English and Portuguese.","robots":{"index":"index","follow":"follow","max-snippet":"max-snippet:-1","max-image-preview":"max-image-preview:large","max-video-preview":"max-video-preview:-1"},"canonical":"https:\/\/www.accartbooks.com\/uk\/book\/cybele-varela-2\/","og_locale":"en_GB","og_type":"article","og_title":"Cyb\u00e8le Varela - ACC Art Books UK","og_description":"Title: Cyb\u00e8le Varela, Pages: 256 Pages, Publish Date: 24th Oct 2023, Author: Edited by Ana Magalh\u00e3es, Edited by Ariane Varela Braga, ISBN: 9788836652617. Cyb&egrave;le Varela (born in Petr&oacute;polis, 1943) is one of the key figures of the New Figuration in Brazil. The essays and interview included in this volume shed new light on Varela&rsquo;s emergence in the 1960s Brazilian and 1970s French art scenes. Text in English and Portuguese.","og_url":"https:\/\/www.accartbooks.com\/uk\/book\/cybele-varela-2\/","og_site_name":"ACC Art Books UK","article_publisher":"https:\/\/www.facebook.com\/ACCArtBooks\/","article_modified_time":"2025-10-10T13:12:59+00:00","og_image":[{"width":1137,"height":1400,"url":"https:\/\/www.accartbooks.com\/app\/uploads\/books\/9788836652617-04-1.jpg","type":"image\/jpeg"}],"twitter_card":"summary_large_image","twitter_site":"@accartbooks","twitter_misc":{"Estimated reading time":"1 minute"},"schema":{"@context":"https:\/\/schema.org","@graph":[{"@type":"WebPage","@id":"https:\/\/www.accartbooks.com\/uk\/book\/cybele-varela-2\/","url":"https:\/\/www.accartbooks.com\/uk\/book\/cybele-varela-2\/","name":"Cyb\u00e8le Varela - ACC Art Books UK","isPartOf":{"@id":"https:\/\/www.accartbooks.com\/uk\/#website"},"primaryImageOfPage":{"@id":"https:\/\/www.accartbooks.com\/uk\/book\/cybele-varela-2\/#primaryimage"},"image":{"@id":"https:\/\/www.accartbooks.com\/uk\/book\/cybele-varela-2\/#primaryimage"},"thumbnailUrl":"https:\/\/www.accartbooks.com\/app\/uploads\/books\/9788836652617-04-1.jpg","datePublished":"2023-09-20T19:10:48+00:00","dateModified":"2025-10-10T13:12:59+00:00","description":"Title: Cyb\u00e8le Varela, Pages: 256 Pages, Publish Date: 24th Oct 2023, Author: Edited by Ana Magalh\u00e3es, Edited by Ariane Varela Braga, ISBN: 9788836652617. Cyb&egrave;le Varela (born in Petr&oacute;polis, 1943) is one of the key figures of the New Figuration in Brazil. The essays and interview included in this volume shed new light on Varela&rsquo;s emergence in the 1960s Brazilian and 1970s French art scenes. Text in English and Portuguese.","breadcrumb":{"@id":"https:\/\/www.accartbooks.com\/uk\/book\/cybele-varela-2\/#breadcrumb"},"inLanguage":"en-GB","potentialAction":[{"@type":"ReadAction","target":["https:\/\/www.accartbooks.com\/uk\/book\/cybele-varela-2\/"]}]},{"@type":"ImageObject","inLanguage":"en-GB","@id":"https:\/\/www.accartbooks.com\/uk\/book\/cybele-varela-2\/#primaryimage","url":"https:\/\/www.accartbooks.com\/app\/uploads\/books\/9788836652617-04-1.jpg","contentUrl":"https:\/\/www.accartbooks.com\/app\/uploads\/books\/9788836652617-04-1.jpg","width":1137,"height":1400},{"@type":"BreadcrumbList","@id":"https:\/\/www.accartbooks.com\/uk\/book\/cybele-varela-2\/#breadcrumb","itemListElement":[{"@type":"ListItem","position":1,"name":"Home","item":"https:\/\/www.accartbooks.com\/uk\/"},{"@type":"ListItem","position":2,"name":"Books","item":"https:\/\/www.accartbooks.com\/uk\/books\/"},{"@type":"ListItem","position":3,"name":"Cyb\u00e8le Varela"}]},{"@type":"WebSite","@id":"https:\/\/www.accartbooks.com\/uk\/#website","url":"https:\/\/www.accartbooks.com\/uk\/","name":"ACC Art Books UK","description":"One of the world\u2019s leading publishers and distributors of books on the arts and visual culture","publisher":{"@id":"https:\/\/www.accartbooks.com\/uk\/#organization"},"potentialAction":[{"@type":"SearchAction","target":{"@type":"EntryPoint","urlTemplate":"https:\/\/www.accartbooks.com\/uk\/?s={search_term_string}"},"query-input":{"@type":"PropertyValueSpecification","valueRequired":true,"valueName":"search_term_string"}}],"inLanguage":"en-GB"},{"@type":"Organization","@id":"https:\/\/www.accartbooks.com\/uk\/#organization","name":"ACC Art Books UK","url":"https:\/\/www.accartbooks.com\/uk\/","logo":{"@type":"ImageObject","inLanguage":"en-GB","@id":"https:\/\/www.accartbooks.com\/uk\/#\/schema\/logo\/image\/","url":"https:\/\/www.accartbooks.com\/app\/uploads\/2020\/05\/Acc-Logo.png","contentUrl":"https:\/\/www.accartbooks.com\/app\/uploads\/2020\/05\/Acc-Logo.png","width":64,"height":100,"caption":"ACC Art Books UK"},"image":{"@id":"https:\/\/www.accartbooks.com\/uk\/#\/schema\/logo\/image\/"},"sameAs":["https:\/\/www.facebook.com\/ACCArtBooks\/","https:\/\/x.com\/accartbooks"]}]}},"_links":{"self":[{"href":"https:\/\/www.accartbooks.com\/uk\/wp-json\/wp\/v2\/product\/47179","targetHints":{"allow":["GET"]}}],"collection":[{"href":"https:\/\/www.accartbooks.com\/uk\/wp-json\/wp\/v2\/product"}],"about":[{"href":"https:\/\/www.accartbooks.com\/uk\/wp-json\/wp\/v2\/types\/product"}],"wp:featuredmedia":[{"embeddable":true,"href":"https:\/\/www.accartbooks.com\/uk\/wp-json\/wp\/v2\/media\/47180"}],"wp:attachment":[{"href":"https:\/\/www.accartbooks.com\/uk\/wp-json\/wp\/v2\/media?parent=47179"}],"wp:term":[{"taxonomy":"product_brand","embeddable":true,"href":"https:\/\/www.accartbooks.com\/uk\/wp-json\/wp\/v2\/product_brand?post=47179"},{"taxonomy":"product_cat","embeddable":true,"href":"https:\/\/www.accartbooks.com\/uk\/wp-json\/wp\/v2\/product_cat?post=47179"},{"taxonomy":"product_tag","embeddable":true,"href":"https:\/\/www.accartbooks.com\/uk\/wp-json\/wp\/v2\/product_tag?post=47179"}],"curies":[{"name":"wp","href":"https:\/\/api.w.org\/{rel}","templated":true}]}}