{"id":49111,"date":"2024-01-04T16:11:27","date_gmt":"2024-01-04T16:11:27","guid":{"rendered":"https:\/\/www.accartbooks.com\/uk\/?post_type=product&#038;p=49111"},"modified":"2025-07-03T17:10:22","modified_gmt":"2025-07-03T17:10:22","slug":"only-an-instant","status":"publish","type":"product","link":"https:\/\/www.accartbooks.com\/uk\/book\/only-an-instant\/","title":{"rendered":"only an instant"},"content":{"rendered":"<p>Edvard Munch wrote his whole life, but most of his texts remained in the drawer. In <strong><em>only an instant<\/em><\/strong>, significant voices from a range of different fields &ndash; from visual art to music, critique and astrophysics &ndash; enter into dialogue with one of these unpublished texts. Through the contributors&rsquo; diverse reactions to Munch&rsquo;s text, the book explores the potential of the sketch-like and unfinished. With contributions by Sumaya Jirde Ali, Arif, Hilde B&oslash;e, &Oslash;ystein Elgar&oslash;y, Marit Gr&oslash;tta, Nils-&Oslash;ivind Haagensen, Jeanine El Khawand, Mette Henriette, Felipe &#8216;Fela&#8217; Orellana, Manuel Pelmus, Morten Str&oslash;ksnes, Constance Tenvik, Ahmed Umar, and Gunnhild &Oslash;yehaug.<\/p>\n","protected":false},"excerpt":{"rendered":"<p>Text was an important tool for Munch in cultivating and developing thoughts, experiences and ideas. In this book we explore how one of his texts can be understood through the responses of different contributors who are from a number of different interdisiplinary fields.<br \/>Gunnhild &Oslash;yehaug<br \/>\nBut out there &ndash; out there &ndash;                  <\/p>\n<p>Arif Murakami<br \/>\nOslo, 27\/5 21<\/p>\n<p>Marit Gr&oslash;tta<br \/>\nThe Depths and the Horizon, or Beyond Google Earth<\/p>\n<p>Hilde B&oslash;e<br \/>\nThe Philologist and the Fluid Text<\/p>\n<p>Jeanine El Khawand<br \/>\nEscape, Fail, Repeat<\/p>\n<p>Manuel Pelmu&#351;<br \/>\nTriangle, 1974 to 2021<br \/>\nwith Ingunn Rimestad &amp; Elizabeth Ward<\/p>\n<p>Mette Henriette<br \/>\n&#268;ie&#273;&#273;a, fas<\/p>\n<p>Ahmed Umar<br \/>\nWave &ndash; Cloud &ndash; Horizon<\/p>\n<p>Constance Tenvik<br \/>\nThe Wave<\/p>\n<p>Nils-&Oslash;ivind Haagensen<br \/>\nA Little Word of Encouragement<br \/>\n&Oslash;ystein Elgar&oslash;y<br \/>\nWaves From the Ends of Time<br \/>\nSumaya Jirde Ali<br \/>\nThe Wretched of the Earth<br \/>\nMorten A. Str&oslash;ksnes<br \/>\nRimbaud&rsquo;s Death<\/p>\n<p>Felipe &ldquo;Fela&rdquo; Orellana<br \/>\nPaulo<\/p>\n","protected":false},"featured_media":49122,"template":"","meta":{"_acf_changed":false,"_relevanssi_hide_post":"","_relevanssi_hide_content":"","_relevanssi_pin_for_all":"","_relevanssi_pin_keywords":"","_relevanssi_unpin_keywords":"","_relevanssi_related_keywords":"","_relevanssi_related_include_ids":"","_relevanssi_related_exclude_ids":"","_relevanssi_related_no_append":"","_relevanssi_related_not_related":"","_relevanssi_related_posts":"","_relevanssi_noindex_reason":""},"product_brand":[],"product_cat":[5568],"product_tag":[],"class_list":{"0":"post-49111","1":"product","2":"type-product","3":"status-publish","4":"has-post-thumbnail","6":"product_cat-art","7":"author-by-author-hilde-boe","8":"author-by-author-oystein-elgaroy","9":"author-by-author-sumaya-jirde-ali","10":"author-edited-by-heidi-bale-amundsen","11":"publisher-munch","13":"first","14":"instock","15":"shipping-taxable","16":"purchasable","17":"product-type-simple"},"acf":[],"yoast_head":"<!-- This site is optimized with the Yoast SEO plugin v27.0 - https:\/\/yoast.com\/product\/yoast-seo-wordpress\/ -->\n<title>only an instant - ACC Art Books UK<\/title>\n<meta name=\"description\" content=\"Title: only an instant, Pages: 86 Pages, Publish Date: 29th Feb 2024, Author: Hilde B\u00f8e, \u00d8ystein Elgar\u00f8y, Sumaya Jirde Ali, Edited by Heidi Bale Amundsen, ISBN: 9788293560678. Text was an important tool for Munch in cultivating and developing thoughts, experiences and ideas. In this book we explore how one of his texts can be understood through the responses of different contributors who are from a number of different interdisiplinary fields.Gunnhild &Oslash;yehaug But out there &ndash; out there &ndash;                                           Arif Murakami Oslo, 27\/5 21 Marit Gr&oslash;tta The Depths and the Horizon, or Beyond Google Earth Hilde B&oslash;e The Philologist and the Fluid Text Jeanine El Khawand Escape, Fail, Repeat Manuel Pelmu&#351; Triangle, 1974 to 2021 with Ingunn Rimestad &amp; Elizabeth Ward Mette Henriette &#268;ie&#273;&#273;a, fas Ahmed Umar Wave &ndash; Cloud &ndash; Horizon Constance Tenvik The Wave Nils-&Oslash;ivind Haagensen A Little Word of Encouragement &Oslash;ystein Elgar&oslash;y Waves From the Ends of Time Sumaya Jirde Ali The Wretched of the Earth Morten A. Str&oslash;ksnes Rimbaud&rsquo;s Death Felipe &ldquo;Fela&rdquo; Orellana Paulo\" \/>\n<meta name=\"robots\" content=\"index, follow, max-snippet:-1, max-image-preview:large, max-video-preview:-1\" \/>\n<link rel=\"canonical\" href=\"https:\/\/www.accartbooks.com\/uk\/book\/only-an-instant\/\" \/>\n<meta property=\"og:locale\" content=\"en_GB\" \/>\n<meta property=\"og:type\" content=\"article\" \/>\n<meta property=\"og:title\" content=\"only an instant - ACC Art Books UK\" \/>\n<meta property=\"og:description\" content=\"Title: only an instant, Pages: 86 Pages, Publish Date: 29th Feb 2024, Author: Hilde B\u00f8e, \u00d8ystein Elgar\u00f8y, Sumaya Jirde Ali, Edited by Heidi Bale Amundsen, ISBN: 9788293560678. Text was an important tool for Munch in cultivating and developing thoughts, experiences and ideas. In this book we explore how one of his texts can be understood through the responses of different contributors who are from a number of different interdisiplinary fields.Gunnhild &Oslash;yehaug But out there &ndash; out there &ndash;                                           Arif Murakami Oslo, 27\/5 21 Marit Gr&oslash;tta The Depths and the Horizon, or Beyond Google Earth Hilde B&oslash;e The Philologist and the Fluid Text Jeanine El Khawand Escape, Fail, Repeat Manuel Pelmu&#351; Triangle, 1974 to 2021 with Ingunn Rimestad &amp; Elizabeth Ward Mette Henriette &#268;ie&#273;&#273;a, fas Ahmed Umar Wave &ndash; Cloud &ndash; Horizon Constance Tenvik The Wave Nils-&Oslash;ivind Haagensen A Little Word of Encouragement &Oslash;ystein Elgar&oslash;y Waves From the Ends of Time Sumaya Jirde Ali The Wretched of the Earth Morten A. Str&oslash;ksnes Rimbaud&rsquo;s Death Felipe &ldquo;Fela&rdquo; Orellana Paulo\" \/>\n<meta property=\"og:url\" content=\"https:\/\/www.accartbooks.com\/uk\/book\/only-an-instant\/\" \/>\n<meta property=\"og:site_name\" content=\"ACC Art Books UK\" \/>\n<meta property=\"article:publisher\" content=\"https:\/\/www.facebook.com\/ACCArtBooks\/\" \/>\n<meta property=\"article:modified_time\" content=\"2025-07-03T17:10:22+00:00\" \/>\n<meta property=\"og:image\" content=\"https:\/\/www.accartbooks.com\/app\/uploads\/books\/9788293560678-04-1.jpg\" \/>\n\t<meta property=\"og:image:width\" content=\"1063\" \/>\n\t<meta property=\"og:image:height\" content=\"1400\" \/>\n\t<meta property=\"og:image:type\" content=\"image\/jpeg\" \/>\n<meta name=\"twitter:card\" content=\"summary_large_image\" \/>\n<meta name=\"twitter:site\" content=\"@accartbooks\" \/>\n<meta name=\"twitter:label1\" content=\"Estimated reading time\" \/>\n\t<meta name=\"twitter:data1\" content=\"1 minute\" \/>\n<script type=\"application\/ld+json\" class=\"yoast-schema-graph\">{\"@context\":\"https:\/\/schema.org\",\"@graph\":[{\"@type\":\"WebPage\",\"@id\":\"https:\/\/www.accartbooks.com\/uk\/book\/only-an-instant\/\",\"url\":\"https:\/\/www.accartbooks.com\/uk\/book\/only-an-instant\/\",\"name\":\"only an instant - ACC Art Books UK\",\"isPartOf\":{\"@id\":\"https:\/\/www.accartbooks.com\/uk\/#website\"},\"primaryImageOfPage\":{\"@id\":\"https:\/\/www.accartbooks.com\/uk\/book\/only-an-instant\/#primaryimage\"},\"image\":{\"@id\":\"https:\/\/www.accartbooks.com\/uk\/book\/only-an-instant\/#primaryimage\"},\"thumbnailUrl\":\"https:\/\/www.accartbooks.com\/app\/uploads\/books\/9788293560678-04-1.jpg\",\"datePublished\":\"2024-01-04T16:11:27+00:00\",\"dateModified\":\"2025-07-03T17:10:22+00:00\",\"description\":\"Title: only an instant, Pages: 86 Pages, Publish Date: 29th Feb 2024, Author: Hilde B\u00f8e, \u00d8ystein Elgar\u00f8y, Sumaya Jirde Ali, Edited by Heidi Bale Amundsen, ISBN: 9788293560678. Text was an important tool for Munch in cultivating and developing thoughts, experiences and ideas. In this book we explore how one of his texts can be understood through the responses of different contributors who are from a number of different interdisiplinary fields.Gunnhild &Oslash;yehaug But out there &ndash; out there &ndash; Arif Murakami Oslo, 27\/5 21 Marit Gr&oslash;tta The Depths and the Horizon, or Beyond Google Earth Hilde B&oslash;e The Philologist and the Fluid Text Jeanine El Khawand Escape, Fail, Repeat Manuel Pelmu&#351; Triangle, 1974 to 2021 with Ingunn Rimestad &amp; Elizabeth Ward Mette Henriette &#268;ie&#273;&#273;a, fas Ahmed Umar Wave &ndash; Cloud &ndash; Horizon Constance Tenvik The Wave Nils-&Oslash;ivind Haagensen A Little Word of Encouragement &Oslash;ystein Elgar&oslash;y Waves From the Ends of Time Sumaya Jirde Ali The Wretched of the Earth Morten A. Str&oslash;ksnes Rimbaud&rsquo;s Death Felipe &ldquo;Fela&rdquo; Orellana Paulo\",\"breadcrumb\":{\"@id\":\"https:\/\/www.accartbooks.com\/uk\/book\/only-an-instant\/#breadcrumb\"},\"inLanguage\":\"en-GB\",\"potentialAction\":[{\"@type\":\"ReadAction\",\"target\":[\"https:\/\/www.accartbooks.com\/uk\/book\/only-an-instant\/\"]}]},{\"@type\":\"ImageObject\",\"inLanguage\":\"en-GB\",\"@id\":\"https:\/\/www.accartbooks.com\/uk\/book\/only-an-instant\/#primaryimage\",\"url\":\"https:\/\/www.accartbooks.com\/app\/uploads\/books\/9788293560678-04-1.jpg\",\"contentUrl\":\"https:\/\/www.accartbooks.com\/app\/uploads\/books\/9788293560678-04-1.jpg\",\"width\":1063,\"height\":1400},{\"@type\":\"BreadcrumbList\",\"@id\":\"https:\/\/www.accartbooks.com\/uk\/book\/only-an-instant\/#breadcrumb\",\"itemListElement\":[{\"@type\":\"ListItem\",\"position\":1,\"name\":\"Home\",\"item\":\"https:\/\/www.accartbooks.com\/uk\/\"},{\"@type\":\"ListItem\",\"position\":2,\"name\":\"Books\",\"item\":\"https:\/\/www.accartbooks.com\/uk\/books\/\"},{\"@type\":\"ListItem\",\"position\":3,\"name\":\"only an instant\"}]},{\"@type\":\"WebSite\",\"@id\":\"https:\/\/www.accartbooks.com\/uk\/#website\",\"url\":\"https:\/\/www.accartbooks.com\/uk\/\",\"name\":\"ACC Art Books UK\",\"description\":\"One of the world\u2019s leading publishers and distributors of books on the arts and visual culture\",\"publisher\":{\"@id\":\"https:\/\/www.accartbooks.com\/uk\/#organization\"},\"potentialAction\":[{\"@type\":\"SearchAction\",\"target\":{\"@type\":\"EntryPoint\",\"urlTemplate\":\"https:\/\/www.accartbooks.com\/uk\/?s={search_term_string}\"},\"query-input\":{\"@type\":\"PropertyValueSpecification\",\"valueRequired\":true,\"valueName\":\"search_term_string\"}}],\"inLanguage\":\"en-GB\"},{\"@type\":\"Organization\",\"@id\":\"https:\/\/www.accartbooks.com\/uk\/#organization\",\"name\":\"ACC Art Books UK\",\"url\":\"https:\/\/www.accartbooks.com\/uk\/\",\"logo\":{\"@type\":\"ImageObject\",\"inLanguage\":\"en-GB\",\"@id\":\"https:\/\/www.accartbooks.com\/uk\/#\/schema\/logo\/image\/\",\"url\":\"https:\/\/www.accartbooks.com\/app\/uploads\/2020\/05\/Acc-Logo.png\",\"contentUrl\":\"https:\/\/www.accartbooks.com\/app\/uploads\/2020\/05\/Acc-Logo.png\",\"width\":64,\"height\":100,\"caption\":\"ACC Art Books UK\"},\"image\":{\"@id\":\"https:\/\/www.accartbooks.com\/uk\/#\/schema\/logo\/image\/\"},\"sameAs\":[\"https:\/\/www.facebook.com\/ACCArtBooks\/\",\"https:\/\/x.com\/accartbooks\"]}]}<\/script>\n<!-- \/ Yoast SEO plugin. -->","yoast_head_json":{"title":"only an instant - ACC Art Books UK","description":"Title: only an instant, Pages: 86 Pages, Publish Date: 29th Feb 2024, Author: Hilde B\u00f8e, \u00d8ystein Elgar\u00f8y, Sumaya Jirde Ali, Edited by Heidi Bale Amundsen, ISBN: 9788293560678. Text was an important tool for Munch in cultivating and developing thoughts, experiences and ideas. In this book we explore how one of his texts can be understood through the responses of different contributors who are from a number of different interdisiplinary fields.Gunnhild &Oslash;yehaug But out there &ndash; out there &ndash;                                           Arif Murakami Oslo, 27\/5 21 Marit Gr&oslash;tta The Depths and the Horizon, or Beyond Google Earth Hilde B&oslash;e The Philologist and the Fluid Text Jeanine El Khawand Escape, Fail, Repeat Manuel Pelmu&#351; Triangle, 1974 to 2021 with Ingunn Rimestad &amp; Elizabeth Ward Mette Henriette &#268;ie&#273;&#273;a, fas Ahmed Umar Wave &ndash; Cloud &ndash; Horizon Constance Tenvik The Wave Nils-&Oslash;ivind Haagensen A Little Word of Encouragement &Oslash;ystein Elgar&oslash;y Waves From the Ends of Time Sumaya Jirde Ali The Wretched of the Earth Morten A. Str&oslash;ksnes Rimbaud&rsquo;s Death Felipe &ldquo;Fela&rdquo; Orellana Paulo","robots":{"index":"index","follow":"follow","max-snippet":"max-snippet:-1","max-image-preview":"max-image-preview:large","max-video-preview":"max-video-preview:-1"},"canonical":"https:\/\/www.accartbooks.com\/uk\/book\/only-an-instant\/","og_locale":"en_GB","og_type":"article","og_title":"only an instant - ACC Art Books UK","og_description":"Title: only an instant, Pages: 86 Pages, Publish Date: 29th Feb 2024, Author: Hilde B\u00f8e, \u00d8ystein Elgar\u00f8y, Sumaya Jirde Ali, Edited by Heidi Bale Amundsen, ISBN: 9788293560678. Text was an important tool for Munch in cultivating and developing thoughts, experiences and ideas. In this book we explore how one of his texts can be understood through the responses of different contributors who are from a number of different interdisiplinary fields.Gunnhild &Oslash;yehaug But out there &ndash; out there &ndash;                                           Arif Murakami Oslo, 27\/5 21 Marit Gr&oslash;tta The Depths and the Horizon, or Beyond Google Earth Hilde B&oslash;e The Philologist and the Fluid Text Jeanine El Khawand Escape, Fail, Repeat Manuel Pelmu&#351; Triangle, 1974 to 2021 with Ingunn Rimestad &amp; Elizabeth Ward Mette Henriette &#268;ie&#273;&#273;a, fas Ahmed Umar Wave &ndash; Cloud &ndash; Horizon Constance Tenvik The Wave Nils-&Oslash;ivind Haagensen A Little Word of Encouragement &Oslash;ystein Elgar&oslash;y Waves From the Ends of Time Sumaya Jirde Ali The Wretched of the Earth Morten A. Str&oslash;ksnes Rimbaud&rsquo;s Death Felipe &ldquo;Fela&rdquo; Orellana Paulo","og_url":"https:\/\/www.accartbooks.com\/uk\/book\/only-an-instant\/","og_site_name":"ACC Art Books UK","article_publisher":"https:\/\/www.facebook.com\/ACCArtBooks\/","article_modified_time":"2025-07-03T17:10:22+00:00","og_image":[{"width":1063,"height":1400,"url":"https:\/\/www.accartbooks.com\/app\/uploads\/books\/9788293560678-04-1.jpg","type":"image\/jpeg"}],"twitter_card":"summary_large_image","twitter_site":"@accartbooks","twitter_misc":{"Estimated reading time":"1 minute"},"schema":{"@context":"https:\/\/schema.org","@graph":[{"@type":"WebPage","@id":"https:\/\/www.accartbooks.com\/uk\/book\/only-an-instant\/","url":"https:\/\/www.accartbooks.com\/uk\/book\/only-an-instant\/","name":"only an instant - ACC Art Books UK","isPartOf":{"@id":"https:\/\/www.accartbooks.com\/uk\/#website"},"primaryImageOfPage":{"@id":"https:\/\/www.accartbooks.com\/uk\/book\/only-an-instant\/#primaryimage"},"image":{"@id":"https:\/\/www.accartbooks.com\/uk\/book\/only-an-instant\/#primaryimage"},"thumbnailUrl":"https:\/\/www.accartbooks.com\/app\/uploads\/books\/9788293560678-04-1.jpg","datePublished":"2024-01-04T16:11:27+00:00","dateModified":"2025-07-03T17:10:22+00:00","description":"Title: only an instant, Pages: 86 Pages, Publish Date: 29th Feb 2024, Author: Hilde B\u00f8e, \u00d8ystein Elgar\u00f8y, Sumaya Jirde Ali, Edited by Heidi Bale Amundsen, ISBN: 9788293560678. Text was an important tool for Munch in cultivating and developing thoughts, experiences and ideas. In this book we explore how one of his texts can be understood through the responses of different contributors who are from a number of different interdisiplinary fields.Gunnhild &Oslash;yehaug But out there &ndash; out there &ndash; Arif Murakami Oslo, 27\/5 21 Marit Gr&oslash;tta The Depths and the Horizon, or Beyond Google Earth Hilde B&oslash;e The Philologist and the Fluid Text Jeanine El Khawand Escape, Fail, Repeat Manuel Pelmu&#351; Triangle, 1974 to 2021 with Ingunn Rimestad &amp; Elizabeth Ward Mette Henriette &#268;ie&#273;&#273;a, fas Ahmed Umar Wave &ndash; Cloud &ndash; Horizon Constance Tenvik The Wave Nils-&Oslash;ivind Haagensen A Little Word of Encouragement &Oslash;ystein Elgar&oslash;y Waves From the Ends of Time Sumaya Jirde Ali The Wretched of the Earth Morten A. Str&oslash;ksnes Rimbaud&rsquo;s Death Felipe &ldquo;Fela&rdquo; Orellana Paulo","breadcrumb":{"@id":"https:\/\/www.accartbooks.com\/uk\/book\/only-an-instant\/#breadcrumb"},"inLanguage":"en-GB","potentialAction":[{"@type":"ReadAction","target":["https:\/\/www.accartbooks.com\/uk\/book\/only-an-instant\/"]}]},{"@type":"ImageObject","inLanguage":"en-GB","@id":"https:\/\/www.accartbooks.com\/uk\/book\/only-an-instant\/#primaryimage","url":"https:\/\/www.accartbooks.com\/app\/uploads\/books\/9788293560678-04-1.jpg","contentUrl":"https:\/\/www.accartbooks.com\/app\/uploads\/books\/9788293560678-04-1.jpg","width":1063,"height":1400},{"@type":"BreadcrumbList","@id":"https:\/\/www.accartbooks.com\/uk\/book\/only-an-instant\/#breadcrumb","itemListElement":[{"@type":"ListItem","position":1,"name":"Home","item":"https:\/\/www.accartbooks.com\/uk\/"},{"@type":"ListItem","position":2,"name":"Books","item":"https:\/\/www.accartbooks.com\/uk\/books\/"},{"@type":"ListItem","position":3,"name":"only an instant"}]},{"@type":"WebSite","@id":"https:\/\/www.accartbooks.com\/uk\/#website","url":"https:\/\/www.accartbooks.com\/uk\/","name":"ACC Art Books UK","description":"One of the world\u2019s leading publishers and distributors of books on the arts and visual culture","publisher":{"@id":"https:\/\/www.accartbooks.com\/uk\/#organization"},"potentialAction":[{"@type":"SearchAction","target":{"@type":"EntryPoint","urlTemplate":"https:\/\/www.accartbooks.com\/uk\/?s={search_term_string}"},"query-input":{"@type":"PropertyValueSpecification","valueRequired":true,"valueName":"search_term_string"}}],"inLanguage":"en-GB"},{"@type":"Organization","@id":"https:\/\/www.accartbooks.com\/uk\/#organization","name":"ACC Art Books UK","url":"https:\/\/www.accartbooks.com\/uk\/","logo":{"@type":"ImageObject","inLanguage":"en-GB","@id":"https:\/\/www.accartbooks.com\/uk\/#\/schema\/logo\/image\/","url":"https:\/\/www.accartbooks.com\/app\/uploads\/2020\/05\/Acc-Logo.png","contentUrl":"https:\/\/www.accartbooks.com\/app\/uploads\/2020\/05\/Acc-Logo.png","width":64,"height":100,"caption":"ACC Art Books UK"},"image":{"@id":"https:\/\/www.accartbooks.com\/uk\/#\/schema\/logo\/image\/"},"sameAs":["https:\/\/www.facebook.com\/ACCArtBooks\/","https:\/\/x.com\/accartbooks"]}]}},"_links":{"self":[{"href":"https:\/\/www.accartbooks.com\/uk\/wp-json\/wp\/v2\/product\/49111","targetHints":{"allow":["GET"]}}],"collection":[{"href":"https:\/\/www.accartbooks.com\/uk\/wp-json\/wp\/v2\/product"}],"about":[{"href":"https:\/\/www.accartbooks.com\/uk\/wp-json\/wp\/v2\/types\/product"}],"wp:featuredmedia":[{"embeddable":true,"href":"https:\/\/www.accartbooks.com\/uk\/wp-json\/wp\/v2\/media\/49122"}],"wp:attachment":[{"href":"https:\/\/www.accartbooks.com\/uk\/wp-json\/wp\/v2\/media?parent=49111"}],"wp:term":[{"taxonomy":"product_brand","embeddable":true,"href":"https:\/\/www.accartbooks.com\/uk\/wp-json\/wp\/v2\/product_brand?post=49111"},{"taxonomy":"product_cat","embeddable":true,"href":"https:\/\/www.accartbooks.com\/uk\/wp-json\/wp\/v2\/product_cat?post=49111"},{"taxonomy":"product_tag","embeddable":true,"href":"https:\/\/www.accartbooks.com\/uk\/wp-json\/wp\/v2\/product_tag?post=49111"}],"curies":[{"name":"wp","href":"https:\/\/api.w.org\/{rel}","templated":true}]}}