{"id":49372,"date":"2024-01-23T16:10:37","date_gmt":"2024-01-23T16:10:37","guid":{"rendered":"https:\/\/www.accartbooks.com\/uk\/book\/de-la-verticalite\/"},"modified":"2026-03-30T11:10:51","modified_gmt":"2026-03-30T11:10:51","slug":"de-la-verticalite","status":"publish","type":"product","link":"https:\/\/www.accartbooks.com\/uk\/book\/de-la-verticalite\/","title":{"rendered":"De la verticalit\u00e9"},"content":{"rendered":"<p>Densification of our cities is an imperative that inevitably brings the topic of new high-rise buildings and the addition of stories to existing buildings to the foreground of discourse. Architecture and urban design must increasingly address the issues of verticality at all stages of planning, design, and composition. Social and cultural aspects must be considered in this process as well.<\/p>\n<p>The French-language book <strong><em>De la verticalit&eacute;<\/em><\/strong> combines two elements: a case study on high-rise buildings in Zurich and an explorative essay on the subject of verticality in philosophy, culture, and society. Together the threads form a dual commentary that highlights the challenges posed by the transformation of our cities. Illustrated with numerous spectacular montages and visualisations designed to broaden thinking, this volume, which comes from the laboratory of acclaimed Swiss architecture firm Made in, also offers concrete proposals aimed at architects and urban planners, politicians and fl&acirc;neurs alike.<\/p>\n<p>Text in French.<\/p>\n","protected":false},"excerpt":{"rendered":"<p>A chronological survey of civic design, featuring 30 park systems on five continents from three centuries. Text in French.<\/p>\n","protected":false},"featured_media":49373,"template":"","meta":{"_acf_changed":false,"_relevanssi_hide_post":"","_relevanssi_hide_content":"","_relevanssi_pin_for_all":"","_relevanssi_pin_keywords":"","_relevanssi_unpin_keywords":"","_relevanssi_related_keywords":"","_relevanssi_related_include_ids":"","_relevanssi_related_exclude_ids":"","_relevanssi_related_no_append":"","_relevanssi_related_not_related":"","_relevanssi_related_posts":"","_relevanssi_noindex_reason":""},"product_brand":[],"product_cat":[5559],"product_tag":[],"class_list":{"0":"post-49372","1":"product","2":"type-product","3":"status-publish","4":"has-post-thumbnail","6":"product_cat-architecture-landscape-design","7":"author-by-author-francois-charbonnet","8":"author-by-author-marine-de-dardel","9":"author-by-author-patrick-heiz","10":"publisher-park-books","12":"first","13":"instock","14":"shipping-taxable","15":"purchasable","16":"product-type-simple"},"acf":[],"yoast_head":"<!-- This site is optimized with the Yoast SEO plugin v27.0 - https:\/\/yoast.com\/product\/yoast-seo-wordpress\/ -->\n<title>De la verticalit\u00e9 - ACC Art Books UK<\/title>\n<meta name=\"description\" content=\"Title: De la verticalit\u00e9, Pages: 128 Pages, Publish Date: 17th Oct 2024, Author: Fran\u00e7ois Charbonnet, Marine de Dardel, Patrick Heiz, ISBN: 9783038603696. A chronological survey of civic design, featuring 30 park systems on five continents from three centuries. Text in French.\" \/>\n<meta name=\"robots\" content=\"index, follow, max-snippet:-1, max-image-preview:large, max-video-preview:-1\" \/>\n<link rel=\"canonical\" href=\"https:\/\/www.accartbooks.com\/uk\/book\/de-la-verticalite\/\" \/>\n<meta property=\"og:locale\" content=\"en_GB\" \/>\n<meta property=\"og:type\" content=\"article\" \/>\n<meta property=\"og:title\" content=\"De la verticalit\u00e9 - ACC Art Books UK\" \/>\n<meta property=\"og:description\" content=\"Title: De la verticalit\u00e9, Pages: 128 Pages, Publish Date: 17th Oct 2024, Author: Fran\u00e7ois Charbonnet, Marine de Dardel, Patrick Heiz, ISBN: 9783038603696. A chronological survey of civic design, featuring 30 park systems on five continents from three centuries. Text in French.\" \/>\n<meta property=\"og:url\" content=\"https:\/\/www.accartbooks.com\/uk\/book\/de-la-verticalite\/\" \/>\n<meta property=\"og:site_name\" content=\"ACC Art Books UK\" \/>\n<meta property=\"article:publisher\" content=\"https:\/\/www.facebook.com\/ACCArtBooks\/\" \/>\n<meta property=\"article:modified_time\" content=\"2026-03-30T11:10:51+00:00\" \/>\n<meta property=\"og:image\" content=\"https:\/\/www.accartbooks.com\/app\/uploads\/books\/9783038603696-04-1.jpg\" \/>\n\t<meta property=\"og:image:width\" content=\"1040\" \/>\n\t<meta property=\"og:image:height\" content=\"1400\" \/>\n\t<meta property=\"og:image:type\" content=\"image\/jpeg\" \/>\n<meta name=\"twitter:card\" content=\"summary_large_image\" \/>\n<meta name=\"twitter:site\" content=\"@accartbooks\" \/>\n<meta name=\"twitter:label1\" content=\"Estimated reading time\" \/>\n\t<meta name=\"twitter:data1\" content=\"1 minute\" \/>\n<script type=\"application\/ld+json\" class=\"yoast-schema-graph\">{\"@context\":\"https:\/\/schema.org\",\"@graph\":[{\"@type\":\"WebPage\",\"@id\":\"https:\/\/www.accartbooks.com\/uk\/book\/de-la-verticalite\/\",\"url\":\"https:\/\/www.accartbooks.com\/uk\/book\/de-la-verticalite\/\",\"name\":\"De la verticalit\u00e9 - ACC Art Books UK\",\"isPartOf\":{\"@id\":\"https:\/\/www.accartbooks.com\/uk\/#website\"},\"primaryImageOfPage\":{\"@id\":\"https:\/\/www.accartbooks.com\/uk\/book\/de-la-verticalite\/#primaryimage\"},\"image\":{\"@id\":\"https:\/\/www.accartbooks.com\/uk\/book\/de-la-verticalite\/#primaryimage\"},\"thumbnailUrl\":\"https:\/\/www.accartbooks.com\/app\/uploads\/books\/9783038603696-04-1.jpg\",\"datePublished\":\"2024-01-23T16:10:37+00:00\",\"dateModified\":\"2026-03-30T11:10:51+00:00\",\"description\":\"Title: De la verticalit\u00e9, Pages: 128 Pages, Publish Date: 17th Oct 2024, Author: Fran\u00e7ois Charbonnet, Marine de Dardel, Patrick Heiz, ISBN: 9783038603696. A chronological survey of civic design, featuring 30 park systems on five continents from three centuries. Text in French.\",\"breadcrumb\":{\"@id\":\"https:\/\/www.accartbooks.com\/uk\/book\/de-la-verticalite\/#breadcrumb\"},\"inLanguage\":\"en-GB\",\"potentialAction\":[{\"@type\":\"ReadAction\",\"target\":[\"https:\/\/www.accartbooks.com\/uk\/book\/de-la-verticalite\/\"]}]},{\"@type\":\"ImageObject\",\"inLanguage\":\"en-GB\",\"@id\":\"https:\/\/www.accartbooks.com\/uk\/book\/de-la-verticalite\/#primaryimage\",\"url\":\"https:\/\/www.accartbooks.com\/app\/uploads\/books\/9783038603696-04-1.jpg\",\"contentUrl\":\"https:\/\/www.accartbooks.com\/app\/uploads\/books\/9783038603696-04-1.jpg\",\"width\":1040,\"height\":1400},{\"@type\":\"BreadcrumbList\",\"@id\":\"https:\/\/www.accartbooks.com\/uk\/book\/de-la-verticalite\/#breadcrumb\",\"itemListElement\":[{\"@type\":\"ListItem\",\"position\":1,\"name\":\"Home\",\"item\":\"https:\/\/www.accartbooks.com\/uk\/\"},{\"@type\":\"ListItem\",\"position\":2,\"name\":\"Books\",\"item\":\"https:\/\/www.accartbooks.com\/uk\/books\/\"},{\"@type\":\"ListItem\",\"position\":3,\"name\":\"De la verticalit\u00e9\"}]},{\"@type\":\"WebSite\",\"@id\":\"https:\/\/www.accartbooks.com\/uk\/#website\",\"url\":\"https:\/\/www.accartbooks.com\/uk\/\",\"name\":\"ACC Art Books UK\",\"description\":\"One of the world\u2019s leading publishers and distributors of books on the arts and visual culture\",\"publisher\":{\"@id\":\"https:\/\/www.accartbooks.com\/uk\/#organization\"},\"potentialAction\":[{\"@type\":\"SearchAction\",\"target\":{\"@type\":\"EntryPoint\",\"urlTemplate\":\"https:\/\/www.accartbooks.com\/uk\/?s={search_term_string}\"},\"query-input\":{\"@type\":\"PropertyValueSpecification\",\"valueRequired\":true,\"valueName\":\"search_term_string\"}}],\"inLanguage\":\"en-GB\"},{\"@type\":\"Organization\",\"@id\":\"https:\/\/www.accartbooks.com\/uk\/#organization\",\"name\":\"ACC Art Books UK\",\"url\":\"https:\/\/www.accartbooks.com\/uk\/\",\"logo\":{\"@type\":\"ImageObject\",\"inLanguage\":\"en-GB\",\"@id\":\"https:\/\/www.accartbooks.com\/uk\/#\/schema\/logo\/image\/\",\"url\":\"https:\/\/www.accartbooks.com\/app\/uploads\/2020\/05\/Acc-Logo.png\",\"contentUrl\":\"https:\/\/www.accartbooks.com\/app\/uploads\/2020\/05\/Acc-Logo.png\",\"width\":64,\"height\":100,\"caption\":\"ACC Art Books UK\"},\"image\":{\"@id\":\"https:\/\/www.accartbooks.com\/uk\/#\/schema\/logo\/image\/\"},\"sameAs\":[\"https:\/\/www.facebook.com\/ACCArtBooks\/\",\"https:\/\/x.com\/accartbooks\"]}]}<\/script>\n<!-- \/ Yoast SEO plugin. -->","yoast_head_json":{"title":"De la verticalit\u00e9 - ACC Art Books UK","description":"Title: De la verticalit\u00e9, Pages: 128 Pages, Publish Date: 17th Oct 2024, Author: Fran\u00e7ois Charbonnet, Marine de Dardel, Patrick Heiz, ISBN: 9783038603696. A chronological survey of civic design, featuring 30 park systems on five continents from three centuries. Text in French.","robots":{"index":"index","follow":"follow","max-snippet":"max-snippet:-1","max-image-preview":"max-image-preview:large","max-video-preview":"max-video-preview:-1"},"canonical":"https:\/\/www.accartbooks.com\/uk\/book\/de-la-verticalite\/","og_locale":"en_GB","og_type":"article","og_title":"De la verticalit\u00e9 - ACC Art Books UK","og_description":"Title: De la verticalit\u00e9, Pages: 128 Pages, Publish Date: 17th Oct 2024, Author: Fran\u00e7ois Charbonnet, Marine de Dardel, Patrick Heiz, ISBN: 9783038603696. A chronological survey of civic design, featuring 30 park systems on five continents from three centuries. Text in French.","og_url":"https:\/\/www.accartbooks.com\/uk\/book\/de-la-verticalite\/","og_site_name":"ACC Art Books UK","article_publisher":"https:\/\/www.facebook.com\/ACCArtBooks\/","article_modified_time":"2026-03-30T11:10:51+00:00","og_image":[{"width":1040,"height":1400,"url":"https:\/\/www.accartbooks.com\/app\/uploads\/books\/9783038603696-04-1.jpg","type":"image\/jpeg"}],"twitter_card":"summary_large_image","twitter_site":"@accartbooks","twitter_misc":{"Estimated reading time":"1 minute"},"schema":{"@context":"https:\/\/schema.org","@graph":[{"@type":"WebPage","@id":"https:\/\/www.accartbooks.com\/uk\/book\/de-la-verticalite\/","url":"https:\/\/www.accartbooks.com\/uk\/book\/de-la-verticalite\/","name":"De la verticalit\u00e9 - ACC Art Books UK","isPartOf":{"@id":"https:\/\/www.accartbooks.com\/uk\/#website"},"primaryImageOfPage":{"@id":"https:\/\/www.accartbooks.com\/uk\/book\/de-la-verticalite\/#primaryimage"},"image":{"@id":"https:\/\/www.accartbooks.com\/uk\/book\/de-la-verticalite\/#primaryimage"},"thumbnailUrl":"https:\/\/www.accartbooks.com\/app\/uploads\/books\/9783038603696-04-1.jpg","datePublished":"2024-01-23T16:10:37+00:00","dateModified":"2026-03-30T11:10:51+00:00","description":"Title: De la verticalit\u00e9, Pages: 128 Pages, Publish Date: 17th Oct 2024, Author: Fran\u00e7ois Charbonnet, Marine de Dardel, Patrick Heiz, ISBN: 9783038603696. A chronological survey of civic design, featuring 30 park systems on five continents from three centuries. Text in French.","breadcrumb":{"@id":"https:\/\/www.accartbooks.com\/uk\/book\/de-la-verticalite\/#breadcrumb"},"inLanguage":"en-GB","potentialAction":[{"@type":"ReadAction","target":["https:\/\/www.accartbooks.com\/uk\/book\/de-la-verticalite\/"]}]},{"@type":"ImageObject","inLanguage":"en-GB","@id":"https:\/\/www.accartbooks.com\/uk\/book\/de-la-verticalite\/#primaryimage","url":"https:\/\/www.accartbooks.com\/app\/uploads\/books\/9783038603696-04-1.jpg","contentUrl":"https:\/\/www.accartbooks.com\/app\/uploads\/books\/9783038603696-04-1.jpg","width":1040,"height":1400},{"@type":"BreadcrumbList","@id":"https:\/\/www.accartbooks.com\/uk\/book\/de-la-verticalite\/#breadcrumb","itemListElement":[{"@type":"ListItem","position":1,"name":"Home","item":"https:\/\/www.accartbooks.com\/uk\/"},{"@type":"ListItem","position":2,"name":"Books","item":"https:\/\/www.accartbooks.com\/uk\/books\/"},{"@type":"ListItem","position":3,"name":"De la verticalit\u00e9"}]},{"@type":"WebSite","@id":"https:\/\/www.accartbooks.com\/uk\/#website","url":"https:\/\/www.accartbooks.com\/uk\/","name":"ACC Art Books UK","description":"One of the world\u2019s leading publishers and distributors of books on the arts and visual culture","publisher":{"@id":"https:\/\/www.accartbooks.com\/uk\/#organization"},"potentialAction":[{"@type":"SearchAction","target":{"@type":"EntryPoint","urlTemplate":"https:\/\/www.accartbooks.com\/uk\/?s={search_term_string}"},"query-input":{"@type":"PropertyValueSpecification","valueRequired":true,"valueName":"search_term_string"}}],"inLanguage":"en-GB"},{"@type":"Organization","@id":"https:\/\/www.accartbooks.com\/uk\/#organization","name":"ACC Art Books UK","url":"https:\/\/www.accartbooks.com\/uk\/","logo":{"@type":"ImageObject","inLanguage":"en-GB","@id":"https:\/\/www.accartbooks.com\/uk\/#\/schema\/logo\/image\/","url":"https:\/\/www.accartbooks.com\/app\/uploads\/2020\/05\/Acc-Logo.png","contentUrl":"https:\/\/www.accartbooks.com\/app\/uploads\/2020\/05\/Acc-Logo.png","width":64,"height":100,"caption":"ACC Art Books UK"},"image":{"@id":"https:\/\/www.accartbooks.com\/uk\/#\/schema\/logo\/image\/"},"sameAs":["https:\/\/www.facebook.com\/ACCArtBooks\/","https:\/\/x.com\/accartbooks"]}]}},"_links":{"self":[{"href":"https:\/\/www.accartbooks.com\/uk\/wp-json\/wp\/v2\/product\/49372","targetHints":{"allow":["GET"]}}],"collection":[{"href":"https:\/\/www.accartbooks.com\/uk\/wp-json\/wp\/v2\/product"}],"about":[{"href":"https:\/\/www.accartbooks.com\/uk\/wp-json\/wp\/v2\/types\/product"}],"wp:featuredmedia":[{"embeddable":true,"href":"https:\/\/www.accartbooks.com\/uk\/wp-json\/wp\/v2\/media\/49373"}],"wp:attachment":[{"href":"https:\/\/www.accartbooks.com\/uk\/wp-json\/wp\/v2\/media?parent=49372"}],"wp:term":[{"taxonomy":"product_brand","embeddable":true,"href":"https:\/\/www.accartbooks.com\/uk\/wp-json\/wp\/v2\/product_brand?post=49372"},{"taxonomy":"product_cat","embeddable":true,"href":"https:\/\/www.accartbooks.com\/uk\/wp-json\/wp\/v2\/product_cat?post=49372"},{"taxonomy":"product_tag","embeddable":true,"href":"https:\/\/www.accartbooks.com\/uk\/wp-json\/wp\/v2\/product_tag?post=49372"}],"curies":[{"name":"wp","href":"https:\/\/api.w.org\/{rel}","templated":true}]}}