{"id":49494,"date":"2024-01-26T16:10:15","date_gmt":"2024-01-26T16:10:15","guid":{"rendered":"https:\/\/www.accartbooks.com\/uk\/book\/alex-muller\/"},"modified":"2026-03-26T16:10:36","modified_gmt":"2026-03-26T16:10:36","slug":"alex-muller","status":"publish","type":"product","link":"https:\/\/www.accartbooks.com\/uk\/book\/alex-muller\/","title":{"rendered":"Alex M\u00fcller"},"content":{"rendered":"<p>A key theme pervading the work of Alex M&uuml;ller (*1969) is her investigation of the complex phenomenon of time. Again and again, the artist finds impressive images representing time &ndash; both its progress as well as its relative nature. For Kunsthalle N&uuml;rnberg, Alex M&uuml;ller has developed an exhibition that combines biographical allusions, cultural and art historical references. In eight chapters, the exhibition takes us on a journey through the artist&rsquo;s universe.<\/p>\n<p>Numerous everyday objects become charged with a specific meaning in Alex M&uuml;ller&rsquo;s oeuvre. Any material can become an artistic material in her work. The artist underlines the open narratives of her art by cleverly playing with the boundaries of painting, drawing, sculpture, installation, film, sound, and performance.<\/p>\n<p>Stories are hinted at, but never fully told. The titles evoke associations with specific people, books, films, or events. Alex M&uuml;ller&rsquo;s art always suggests something unspoken, encouraging further thought, and represents the perpetual search for the self as well as a varied exploration of transience.<\/p>\n<p>Text in English and German.<\/p>\n","protected":false},"excerpt":{"rendered":"<p>This book is a perpetual search for the self and a varied exploration of transience. Text in English and German.<\/p>\n","protected":false},"featured_media":49495,"template":"","meta":{"_acf_changed":false,"_relevanssi_hide_post":"","_relevanssi_hide_content":"","_relevanssi_pin_for_all":"","_relevanssi_pin_keywords":"","_relevanssi_unpin_keywords":"","_relevanssi_related_keywords":"","_relevanssi_related_include_ids":"","_relevanssi_related_exclude_ids":"","_relevanssi_related_no_append":"","_relevanssi_related_not_related":"","_relevanssi_related_posts":"","_relevanssi_noindex_reason":""},"product_brand":[],"product_cat":[5568],"product_tag":[],"class_list":{"0":"post-49494","1":"product","2":"type-product","3":"status-publish","4":"has-post-thumbnail","6":"product_cat-art","7":"author-by-author-kunsthalle-nurnberg-im-kunstkulturquartier","8":"publisher-verlag-kettler","10":"first","11":"instock","12":"shipping-taxable","13":"purchasable","14":"product-type-simple"},"acf":[],"yoast_head":"<!-- This site is optimized with the Yoast SEO plugin v27.0 - https:\/\/yoast.com\/product\/yoast-seo-wordpress\/ -->\n<title>Alex M\u00fcller - ACC Art Books UK<\/title>\n<meta name=\"description\" content=\"Title: Alex M\u00fcller, Pages: 180 Pages, Publish Date: 16th Apr 2024, Author: Kunsthalle N\u00fcrnberg im KunstKulturQuartier, ISBN: 9783987410697. This book is a perpetual search for the self and a varied exploration of transience. Text in English and German.\" \/>\n<meta name=\"robots\" content=\"index, follow, max-snippet:-1, max-image-preview:large, max-video-preview:-1\" \/>\n<link rel=\"canonical\" href=\"https:\/\/www.accartbooks.com\/uk\/book\/alex-muller\/\" \/>\n<meta property=\"og:locale\" content=\"en_GB\" \/>\n<meta property=\"og:type\" content=\"article\" \/>\n<meta property=\"og:title\" content=\"Alex M\u00fcller - ACC Art Books UK\" \/>\n<meta property=\"og:description\" content=\"Title: Alex M\u00fcller, Pages: 180 Pages, Publish Date: 16th Apr 2024, Author: Kunsthalle N\u00fcrnberg im KunstKulturQuartier, ISBN: 9783987410697. This book is a perpetual search for the self and a varied exploration of transience. Text in English and German.\" \/>\n<meta property=\"og:url\" content=\"https:\/\/www.accartbooks.com\/uk\/book\/alex-muller\/\" \/>\n<meta property=\"og:site_name\" content=\"ACC Art Books UK\" \/>\n<meta property=\"article:publisher\" content=\"https:\/\/www.facebook.com\/ACCArtBooks\/\" \/>\n<meta property=\"article:modified_time\" content=\"2026-03-26T16:10:36+00:00\" \/>\n<meta property=\"og:image\" content=\"https:\/\/www.accartbooks.com\/app\/uploads\/books\/9783987410697-04-1.jpg\" \/>\n\t<meta property=\"og:image:width\" content=\"1102\" \/>\n\t<meta property=\"og:image:height\" content=\"1400\" \/>\n\t<meta property=\"og:image:type\" content=\"image\/jpeg\" \/>\n<meta name=\"twitter:card\" content=\"summary_large_image\" \/>\n<meta name=\"twitter:site\" content=\"@accartbooks\" \/>\n<meta name=\"twitter:label1\" content=\"Estimated reading time\" \/>\n\t<meta name=\"twitter:data1\" content=\"1 minute\" \/>\n<script type=\"application\/ld+json\" class=\"yoast-schema-graph\">{\"@context\":\"https:\/\/schema.org\",\"@graph\":[{\"@type\":\"WebPage\",\"@id\":\"https:\/\/www.accartbooks.com\/uk\/book\/alex-muller\/\",\"url\":\"https:\/\/www.accartbooks.com\/uk\/book\/alex-muller\/\",\"name\":\"Alex M\u00fcller - ACC Art Books UK\",\"isPartOf\":{\"@id\":\"https:\/\/www.accartbooks.com\/uk\/#website\"},\"primaryImageOfPage\":{\"@id\":\"https:\/\/www.accartbooks.com\/uk\/book\/alex-muller\/#primaryimage\"},\"image\":{\"@id\":\"https:\/\/www.accartbooks.com\/uk\/book\/alex-muller\/#primaryimage\"},\"thumbnailUrl\":\"https:\/\/www.accartbooks.com\/app\/uploads\/books\/9783987410697-04-1.jpg\",\"datePublished\":\"2024-01-26T16:10:15+00:00\",\"dateModified\":\"2026-03-26T16:10:36+00:00\",\"description\":\"Title: Alex M\u00fcller, Pages: 180 Pages, Publish Date: 16th Apr 2024, Author: Kunsthalle N\u00fcrnberg im KunstKulturQuartier, ISBN: 9783987410697. This book is a perpetual search for the self and a varied exploration of transience. Text in English and German.\",\"breadcrumb\":{\"@id\":\"https:\/\/www.accartbooks.com\/uk\/book\/alex-muller\/#breadcrumb\"},\"inLanguage\":\"en-GB\",\"potentialAction\":[{\"@type\":\"ReadAction\",\"target\":[\"https:\/\/www.accartbooks.com\/uk\/book\/alex-muller\/\"]}]},{\"@type\":\"ImageObject\",\"inLanguage\":\"en-GB\",\"@id\":\"https:\/\/www.accartbooks.com\/uk\/book\/alex-muller\/#primaryimage\",\"url\":\"https:\/\/www.accartbooks.com\/app\/uploads\/books\/9783987410697-04-1.jpg\",\"contentUrl\":\"https:\/\/www.accartbooks.com\/app\/uploads\/books\/9783987410697-04-1.jpg\",\"width\":1102,\"height\":1400},{\"@type\":\"BreadcrumbList\",\"@id\":\"https:\/\/www.accartbooks.com\/uk\/book\/alex-muller\/#breadcrumb\",\"itemListElement\":[{\"@type\":\"ListItem\",\"position\":1,\"name\":\"Home\",\"item\":\"https:\/\/www.accartbooks.com\/uk\/\"},{\"@type\":\"ListItem\",\"position\":2,\"name\":\"Books\",\"item\":\"https:\/\/www.accartbooks.com\/uk\/books\/\"},{\"@type\":\"ListItem\",\"position\":3,\"name\":\"Alex M\u00fcller\"}]},{\"@type\":\"WebSite\",\"@id\":\"https:\/\/www.accartbooks.com\/uk\/#website\",\"url\":\"https:\/\/www.accartbooks.com\/uk\/\",\"name\":\"ACC Art Books UK\",\"description\":\"One of the world\u2019s leading publishers and distributors of books on the arts and visual culture\",\"publisher\":{\"@id\":\"https:\/\/www.accartbooks.com\/uk\/#organization\"},\"potentialAction\":[{\"@type\":\"SearchAction\",\"target\":{\"@type\":\"EntryPoint\",\"urlTemplate\":\"https:\/\/www.accartbooks.com\/uk\/?s={search_term_string}\"},\"query-input\":{\"@type\":\"PropertyValueSpecification\",\"valueRequired\":true,\"valueName\":\"search_term_string\"}}],\"inLanguage\":\"en-GB\"},{\"@type\":\"Organization\",\"@id\":\"https:\/\/www.accartbooks.com\/uk\/#organization\",\"name\":\"ACC Art Books UK\",\"url\":\"https:\/\/www.accartbooks.com\/uk\/\",\"logo\":{\"@type\":\"ImageObject\",\"inLanguage\":\"en-GB\",\"@id\":\"https:\/\/www.accartbooks.com\/uk\/#\/schema\/logo\/image\/\",\"url\":\"https:\/\/www.accartbooks.com\/app\/uploads\/2020\/05\/Acc-Logo.png\",\"contentUrl\":\"https:\/\/www.accartbooks.com\/app\/uploads\/2020\/05\/Acc-Logo.png\",\"width\":64,\"height\":100,\"caption\":\"ACC Art Books UK\"},\"image\":{\"@id\":\"https:\/\/www.accartbooks.com\/uk\/#\/schema\/logo\/image\/\"},\"sameAs\":[\"https:\/\/www.facebook.com\/ACCArtBooks\/\",\"https:\/\/x.com\/accartbooks\"]}]}<\/script>\n<!-- \/ Yoast SEO plugin. -->","yoast_head_json":{"title":"Alex M\u00fcller - ACC Art Books UK","description":"Title: Alex M\u00fcller, Pages: 180 Pages, Publish Date: 16th Apr 2024, Author: Kunsthalle N\u00fcrnberg im KunstKulturQuartier, ISBN: 9783987410697. This book is a perpetual search for the self and a varied exploration of transience. Text in English and German.","robots":{"index":"index","follow":"follow","max-snippet":"max-snippet:-1","max-image-preview":"max-image-preview:large","max-video-preview":"max-video-preview:-1"},"canonical":"https:\/\/www.accartbooks.com\/uk\/book\/alex-muller\/","og_locale":"en_GB","og_type":"article","og_title":"Alex M\u00fcller - ACC Art Books UK","og_description":"Title: Alex M\u00fcller, Pages: 180 Pages, Publish Date: 16th Apr 2024, Author: Kunsthalle N\u00fcrnberg im KunstKulturQuartier, ISBN: 9783987410697. This book is a perpetual search for the self and a varied exploration of transience. Text in English and German.","og_url":"https:\/\/www.accartbooks.com\/uk\/book\/alex-muller\/","og_site_name":"ACC Art Books UK","article_publisher":"https:\/\/www.facebook.com\/ACCArtBooks\/","article_modified_time":"2026-03-26T16:10:36+00:00","og_image":[{"width":1102,"height":1400,"url":"https:\/\/www.accartbooks.com\/app\/uploads\/books\/9783987410697-04-1.jpg","type":"image\/jpeg"}],"twitter_card":"summary_large_image","twitter_site":"@accartbooks","twitter_misc":{"Estimated reading time":"1 minute"},"schema":{"@context":"https:\/\/schema.org","@graph":[{"@type":"WebPage","@id":"https:\/\/www.accartbooks.com\/uk\/book\/alex-muller\/","url":"https:\/\/www.accartbooks.com\/uk\/book\/alex-muller\/","name":"Alex M\u00fcller - ACC Art Books UK","isPartOf":{"@id":"https:\/\/www.accartbooks.com\/uk\/#website"},"primaryImageOfPage":{"@id":"https:\/\/www.accartbooks.com\/uk\/book\/alex-muller\/#primaryimage"},"image":{"@id":"https:\/\/www.accartbooks.com\/uk\/book\/alex-muller\/#primaryimage"},"thumbnailUrl":"https:\/\/www.accartbooks.com\/app\/uploads\/books\/9783987410697-04-1.jpg","datePublished":"2024-01-26T16:10:15+00:00","dateModified":"2026-03-26T16:10:36+00:00","description":"Title: Alex M\u00fcller, Pages: 180 Pages, Publish Date: 16th Apr 2024, Author: Kunsthalle N\u00fcrnberg im KunstKulturQuartier, ISBN: 9783987410697. This book is a perpetual search for the self and a varied exploration of transience. Text in English and German.","breadcrumb":{"@id":"https:\/\/www.accartbooks.com\/uk\/book\/alex-muller\/#breadcrumb"},"inLanguage":"en-GB","potentialAction":[{"@type":"ReadAction","target":["https:\/\/www.accartbooks.com\/uk\/book\/alex-muller\/"]}]},{"@type":"ImageObject","inLanguage":"en-GB","@id":"https:\/\/www.accartbooks.com\/uk\/book\/alex-muller\/#primaryimage","url":"https:\/\/www.accartbooks.com\/app\/uploads\/books\/9783987410697-04-1.jpg","contentUrl":"https:\/\/www.accartbooks.com\/app\/uploads\/books\/9783987410697-04-1.jpg","width":1102,"height":1400},{"@type":"BreadcrumbList","@id":"https:\/\/www.accartbooks.com\/uk\/book\/alex-muller\/#breadcrumb","itemListElement":[{"@type":"ListItem","position":1,"name":"Home","item":"https:\/\/www.accartbooks.com\/uk\/"},{"@type":"ListItem","position":2,"name":"Books","item":"https:\/\/www.accartbooks.com\/uk\/books\/"},{"@type":"ListItem","position":3,"name":"Alex M\u00fcller"}]},{"@type":"WebSite","@id":"https:\/\/www.accartbooks.com\/uk\/#website","url":"https:\/\/www.accartbooks.com\/uk\/","name":"ACC Art Books UK","description":"One of the world\u2019s leading publishers and distributors of books on the arts and visual culture","publisher":{"@id":"https:\/\/www.accartbooks.com\/uk\/#organization"},"potentialAction":[{"@type":"SearchAction","target":{"@type":"EntryPoint","urlTemplate":"https:\/\/www.accartbooks.com\/uk\/?s={search_term_string}"},"query-input":{"@type":"PropertyValueSpecification","valueRequired":true,"valueName":"search_term_string"}}],"inLanguage":"en-GB"},{"@type":"Organization","@id":"https:\/\/www.accartbooks.com\/uk\/#organization","name":"ACC Art Books UK","url":"https:\/\/www.accartbooks.com\/uk\/","logo":{"@type":"ImageObject","inLanguage":"en-GB","@id":"https:\/\/www.accartbooks.com\/uk\/#\/schema\/logo\/image\/","url":"https:\/\/www.accartbooks.com\/app\/uploads\/2020\/05\/Acc-Logo.png","contentUrl":"https:\/\/www.accartbooks.com\/app\/uploads\/2020\/05\/Acc-Logo.png","width":64,"height":100,"caption":"ACC Art Books UK"},"image":{"@id":"https:\/\/www.accartbooks.com\/uk\/#\/schema\/logo\/image\/"},"sameAs":["https:\/\/www.facebook.com\/ACCArtBooks\/","https:\/\/x.com\/accartbooks"]}]}},"_links":{"self":[{"href":"https:\/\/www.accartbooks.com\/uk\/wp-json\/wp\/v2\/product\/49494","targetHints":{"allow":["GET"]}}],"collection":[{"href":"https:\/\/www.accartbooks.com\/uk\/wp-json\/wp\/v2\/product"}],"about":[{"href":"https:\/\/www.accartbooks.com\/uk\/wp-json\/wp\/v2\/types\/product"}],"wp:featuredmedia":[{"embeddable":true,"href":"https:\/\/www.accartbooks.com\/uk\/wp-json\/wp\/v2\/media\/49495"}],"wp:attachment":[{"href":"https:\/\/www.accartbooks.com\/uk\/wp-json\/wp\/v2\/media?parent=49494"}],"wp:term":[{"taxonomy":"product_brand","embeddable":true,"href":"https:\/\/www.accartbooks.com\/uk\/wp-json\/wp\/v2\/product_brand?post=49494"},{"taxonomy":"product_cat","embeddable":true,"href":"https:\/\/www.accartbooks.com\/uk\/wp-json\/wp\/v2\/product_cat?post=49494"},{"taxonomy":"product_tag","embeddable":true,"href":"https:\/\/www.accartbooks.com\/uk\/wp-json\/wp\/v2\/product_tag?post=49494"}],"curies":[{"name":"wp","href":"https:\/\/api.w.org\/{rel}","templated":true}]}}