{"id":52371,"date":"2024-05-28T17:10:42","date_gmt":"2024-05-28T17:10:42","guid":{"rendered":"https:\/\/www.accartbooks.com\/uk\/book\/marylene-madou-prints-patterns\/"},"modified":"2025-04-05T04:26:35","modified_gmt":"2025-04-05T04:26:35","slug":"marylene-madou-prints-patterns","status":"publish","type":"product","link":"https:\/\/www.accartbooks.com\/uk\/book\/marylene-madou-prints-patterns\/","title":{"rendered":"Maryl\u00e8ne Madou: Prints &#038; Patterns"},"content":{"rendered":"<p>Maryl&egrave;ne Madou was established in Belgium early 2017, launching the brand with a successful collection of printed scarves and today print still is the ultimate starting point in each collection. Every textile print is created in-house by the designer herself, exclusively using her own original paintings and digital illustrations.<\/p>\n<p><strong><em>Maryl&egrave;ne Madou: Prints &amp; Patterns<\/em><\/strong> provides an overview of Maryl&egrave;ne&rsquo;s most distinguishing print designs and patterns, a treat for print admirers and textile enthusiasts worldwide with Italy, the UK, and the Benelux being the largest sourcing countries for the materials. For the manufacturing of her ready-to-wear, she is in a unique position, working with a local atelier in Belgium. A collection of both highly detailed and more stylized prints, highlighting Maryl&egrave;ne&rsquo;s multidisciplinary design process, covering more than 190 pages, divided into 5 chapters. <strong><em>Maryl&egrave;ne Madou: Prints &amp; Patterns<\/em><\/strong> is printed on high-end paper, with a recognisable print all over the cover. The holographic pink foil makes the title stand out among the crowd.<\/p>\n<p>Text in English and French.<\/p>\n","protected":false},"excerpt":{"rendered":"<p>Maryl&egrave;ne Madou, one of the top emerging print and patterns textile designers in Belgium. Print &amp; Patterns highlights her oeuvre of eclectic designs. Text in English and French.<br \/>Introduction<br \/>\nAnimals &amp; Living Creature<br \/>\nFlowers &amp; Foliage<br \/>\nObjects &amp; People<br \/>\nAbstract &amp; Geometric<\/p>\n","protected":false},"featured_media":52372,"template":"","meta":{"_acf_changed":false,"_relevanssi_hide_post":"","_relevanssi_hide_content":"","_relevanssi_pin_for_all":"","_relevanssi_pin_keywords":"","_relevanssi_unpin_keywords":"","_relevanssi_related_keywords":"","_relevanssi_related_include_ids":"","_relevanssi_related_exclude_ids":"","_relevanssi_related_no_append":"","_relevanssi_related_not_related":"","_relevanssi_related_posts":"","_relevanssi_noindex_reason":""},"product_brand":[],"product_cat":[5568],"product_tag":[],"class_list":{"0":"post-52371","1":"product","2":"type-product","3":"status-publish","4":"has-post-thumbnail","6":"product_cat-art","7":"author-by-author-marylene-madou","8":"publisher-stockmans-art-books","10":"first","11":"instock","12":"shipping-taxable","13":"purchasable","14":"product-type-simple"},"acf":[],"yoast_head":"<!-- This site is optimized with the Yoast SEO plugin v27.0 - https:\/\/yoast.com\/product\/yoast-seo-wordpress\/ -->\n<title>Maryl\u00e8ne Madou: Prints &amp; Patterns - ACC Art Books UK<\/title>\n<meta name=\"description\" content=\"Title: Maryl\u00e8ne Madou: Prints &amp; Patterns, Pages: 192 Pages, Publish Date: 6th Mar 2025, Author: Maryl\u00e8ne Madou, ISBN: 9789077207994. Maryl&egrave;ne Madou, one of the top emerging print and patterns textile designers in Belgium. Print &amp; Patterns highlights her oeuvre of eclectic designs. Text in English and French.Introduction Animals &amp; Living Creature Flowers &amp; Foliage Objects &amp; People Abstract &amp; Geometric\" \/>\n<meta name=\"robots\" content=\"index, follow, max-snippet:-1, max-image-preview:large, max-video-preview:-1\" \/>\n<link rel=\"canonical\" href=\"https:\/\/www.accartbooks.com\/uk\/book\/marylene-madou-prints-patterns\/\" \/>\n<meta property=\"og:locale\" content=\"en_GB\" \/>\n<meta property=\"og:type\" content=\"article\" \/>\n<meta property=\"og:title\" content=\"Maryl\u00e8ne Madou: Prints &amp; Patterns - ACC Art Books UK\" \/>\n<meta property=\"og:description\" content=\"Title: Maryl\u00e8ne Madou: Prints &amp; Patterns, Pages: 192 Pages, Publish Date: 6th Mar 2025, Author: Maryl\u00e8ne Madou, ISBN: 9789077207994. Maryl&egrave;ne Madou, one of the top emerging print and patterns textile designers in Belgium. Print &amp; Patterns highlights her oeuvre of eclectic designs. Text in English and French.Introduction Animals &amp; Living Creature Flowers &amp; Foliage Objects &amp; People Abstract &amp; Geometric\" \/>\n<meta property=\"og:url\" content=\"https:\/\/www.accartbooks.com\/uk\/book\/marylene-madou-prints-patterns\/\" \/>\n<meta property=\"og:site_name\" content=\"ACC Art Books UK\" \/>\n<meta property=\"article:publisher\" content=\"https:\/\/www.facebook.com\/ACCArtBooks\/\" \/>\n<meta property=\"article:modified_time\" content=\"2025-04-05T04:26:35+00:00\" \/>\n<meta property=\"og:image\" content=\"https:\/\/www.accartbooks.com\/app\/uploads\/books\/9789077207994-04-2.jpg\" \/>\n\t<meta property=\"og:image:width\" content=\"918\" \/>\n\t<meta property=\"og:image:height\" content=\"1024\" \/>\n\t<meta property=\"og:image:type\" content=\"image\/jpeg\" \/>\n<meta name=\"twitter:card\" content=\"summary_large_image\" \/>\n<meta name=\"twitter:site\" content=\"@accartbooks\" \/>\n<meta name=\"twitter:label1\" content=\"Estimated reading time\" \/>\n\t<meta name=\"twitter:data1\" content=\"1 minute\" \/>\n<script type=\"application\/ld+json\" class=\"yoast-schema-graph\">{\"@context\":\"https:\/\/schema.org\",\"@graph\":[{\"@type\":\"WebPage\",\"@id\":\"https:\/\/www.accartbooks.com\/uk\/book\/marylene-madou-prints-patterns\/\",\"url\":\"https:\/\/www.accartbooks.com\/uk\/book\/marylene-madou-prints-patterns\/\",\"name\":\"Maryl\u00e8ne Madou: Prints & Patterns - ACC Art Books UK\",\"isPartOf\":{\"@id\":\"https:\/\/www.accartbooks.com\/uk\/#website\"},\"primaryImageOfPage\":{\"@id\":\"https:\/\/www.accartbooks.com\/uk\/book\/marylene-madou-prints-patterns\/#primaryimage\"},\"image\":{\"@id\":\"https:\/\/www.accartbooks.com\/uk\/book\/marylene-madou-prints-patterns\/#primaryimage\"},\"thumbnailUrl\":\"https:\/\/www.accartbooks.com\/app\/uploads\/books\/9789077207994-04-2.jpg\",\"datePublished\":\"2024-05-28T17:10:42+00:00\",\"dateModified\":\"2025-04-05T04:26:35+00:00\",\"description\":\"Title: Maryl\u00e8ne Madou: Prints & Patterns, Pages: 192 Pages, Publish Date: 6th Mar 2025, Author: Maryl\u00e8ne Madou, ISBN: 9789077207994. Maryl&egrave;ne Madou, one of the top emerging print and patterns textile designers in Belgium. Print &amp; Patterns highlights her oeuvre of eclectic designs. Text in English and French.Introduction Animals &amp; Living Creature Flowers &amp; Foliage Objects &amp; People Abstract &amp; Geometric\",\"breadcrumb\":{\"@id\":\"https:\/\/www.accartbooks.com\/uk\/book\/marylene-madou-prints-patterns\/#breadcrumb\"},\"inLanguage\":\"en-GB\",\"potentialAction\":[{\"@type\":\"ReadAction\",\"target\":[\"https:\/\/www.accartbooks.com\/uk\/book\/marylene-madou-prints-patterns\/\"]}]},{\"@type\":\"ImageObject\",\"inLanguage\":\"en-GB\",\"@id\":\"https:\/\/www.accartbooks.com\/uk\/book\/marylene-madou-prints-patterns\/#primaryimage\",\"url\":\"https:\/\/www.accartbooks.com\/app\/uploads\/books\/9789077207994-04-2.jpg\",\"contentUrl\":\"https:\/\/www.accartbooks.com\/app\/uploads\/books\/9789077207994-04-2.jpg\",\"width\":1255,\"height\":1400},{\"@type\":\"BreadcrumbList\",\"@id\":\"https:\/\/www.accartbooks.com\/uk\/book\/marylene-madou-prints-patterns\/#breadcrumb\",\"itemListElement\":[{\"@type\":\"ListItem\",\"position\":1,\"name\":\"Home\",\"item\":\"https:\/\/www.accartbooks.com\/uk\/\"},{\"@type\":\"ListItem\",\"position\":2,\"name\":\"Books\",\"item\":\"https:\/\/www.accartbooks.com\/uk\/books\/\"},{\"@type\":\"ListItem\",\"position\":3,\"name\":\"Maryl\u00e8ne Madou: Prints &#038; Patterns\"}]},{\"@type\":\"WebSite\",\"@id\":\"https:\/\/www.accartbooks.com\/uk\/#website\",\"url\":\"https:\/\/www.accartbooks.com\/uk\/\",\"name\":\"ACC Art Books UK\",\"description\":\"One of the world\u2019s leading publishers and distributors of books on the arts and visual culture\",\"publisher\":{\"@id\":\"https:\/\/www.accartbooks.com\/uk\/#organization\"},\"potentialAction\":[{\"@type\":\"SearchAction\",\"target\":{\"@type\":\"EntryPoint\",\"urlTemplate\":\"https:\/\/www.accartbooks.com\/uk\/?s={search_term_string}\"},\"query-input\":{\"@type\":\"PropertyValueSpecification\",\"valueRequired\":true,\"valueName\":\"search_term_string\"}}],\"inLanguage\":\"en-GB\"},{\"@type\":\"Organization\",\"@id\":\"https:\/\/www.accartbooks.com\/uk\/#organization\",\"name\":\"ACC Art Books UK\",\"url\":\"https:\/\/www.accartbooks.com\/uk\/\",\"logo\":{\"@type\":\"ImageObject\",\"inLanguage\":\"en-GB\",\"@id\":\"https:\/\/www.accartbooks.com\/uk\/#\/schema\/logo\/image\/\",\"url\":\"https:\/\/www.accartbooks.com\/app\/uploads\/2020\/05\/Acc-Logo.png\",\"contentUrl\":\"https:\/\/www.accartbooks.com\/app\/uploads\/2020\/05\/Acc-Logo.png\",\"width\":64,\"height\":100,\"caption\":\"ACC Art Books UK\"},\"image\":{\"@id\":\"https:\/\/www.accartbooks.com\/uk\/#\/schema\/logo\/image\/\"},\"sameAs\":[\"https:\/\/www.facebook.com\/ACCArtBooks\/\",\"https:\/\/x.com\/accartbooks\"]}]}<\/script>\n<!-- \/ Yoast SEO plugin. -->","yoast_head_json":{"title":"Maryl\u00e8ne Madou: Prints & Patterns - ACC Art Books UK","description":"Title: Maryl\u00e8ne Madou: Prints & Patterns, Pages: 192 Pages, Publish Date: 6th Mar 2025, Author: Maryl\u00e8ne Madou, ISBN: 9789077207994. Maryl&egrave;ne Madou, one of the top emerging print and patterns textile designers in Belgium. Print &amp; Patterns highlights her oeuvre of eclectic designs. Text in English and French.Introduction Animals &amp; Living Creature Flowers &amp; Foliage Objects &amp; People Abstract &amp; Geometric","robots":{"index":"index","follow":"follow","max-snippet":"max-snippet:-1","max-image-preview":"max-image-preview:large","max-video-preview":"max-video-preview:-1"},"canonical":"https:\/\/www.accartbooks.com\/uk\/book\/marylene-madou-prints-patterns\/","og_locale":"en_GB","og_type":"article","og_title":"Maryl\u00e8ne Madou: Prints & Patterns - ACC Art Books UK","og_description":"Title: Maryl\u00e8ne Madou: Prints & Patterns, Pages: 192 Pages, Publish Date: 6th Mar 2025, Author: Maryl\u00e8ne Madou, ISBN: 9789077207994. Maryl&egrave;ne Madou, one of the top emerging print and patterns textile designers in Belgium. Print &amp; Patterns highlights her oeuvre of eclectic designs. Text in English and French.Introduction Animals &amp; Living Creature Flowers &amp; Foliage Objects &amp; People Abstract &amp; Geometric","og_url":"https:\/\/www.accartbooks.com\/uk\/book\/marylene-madou-prints-patterns\/","og_site_name":"ACC Art Books UK","article_publisher":"https:\/\/www.facebook.com\/ACCArtBooks\/","article_modified_time":"2025-04-05T04:26:35+00:00","og_image":[{"url":"https:\/\/www.accartbooks.com\/app\/uploads\/books\/9789077207994-04-2.jpg","width":918,"height":1024,"type":"image\/jpeg"}],"twitter_card":"summary_large_image","twitter_site":"@accartbooks","twitter_misc":{"Estimated reading time":"1 minute"},"schema":{"@context":"https:\/\/schema.org","@graph":[{"@type":"WebPage","@id":"https:\/\/www.accartbooks.com\/uk\/book\/marylene-madou-prints-patterns\/","url":"https:\/\/www.accartbooks.com\/uk\/book\/marylene-madou-prints-patterns\/","name":"Maryl\u00e8ne Madou: Prints & Patterns - ACC Art Books UK","isPartOf":{"@id":"https:\/\/www.accartbooks.com\/uk\/#website"},"primaryImageOfPage":{"@id":"https:\/\/www.accartbooks.com\/uk\/book\/marylene-madou-prints-patterns\/#primaryimage"},"image":{"@id":"https:\/\/www.accartbooks.com\/uk\/book\/marylene-madou-prints-patterns\/#primaryimage"},"thumbnailUrl":"https:\/\/www.accartbooks.com\/app\/uploads\/books\/9789077207994-04-2.jpg","datePublished":"2024-05-28T17:10:42+00:00","dateModified":"2025-04-05T04:26:35+00:00","description":"Title: Maryl\u00e8ne Madou: Prints & Patterns, Pages: 192 Pages, Publish Date: 6th Mar 2025, Author: Maryl\u00e8ne Madou, ISBN: 9789077207994. Maryl&egrave;ne Madou, one of the top emerging print and patterns textile designers in Belgium. Print &amp; Patterns highlights her oeuvre of eclectic designs. Text in English and French.Introduction Animals &amp; Living Creature Flowers &amp; Foliage Objects &amp; People Abstract &amp; Geometric","breadcrumb":{"@id":"https:\/\/www.accartbooks.com\/uk\/book\/marylene-madou-prints-patterns\/#breadcrumb"},"inLanguage":"en-GB","potentialAction":[{"@type":"ReadAction","target":["https:\/\/www.accartbooks.com\/uk\/book\/marylene-madou-prints-patterns\/"]}]},{"@type":"ImageObject","inLanguage":"en-GB","@id":"https:\/\/www.accartbooks.com\/uk\/book\/marylene-madou-prints-patterns\/#primaryimage","url":"https:\/\/www.accartbooks.com\/app\/uploads\/books\/9789077207994-04-2.jpg","contentUrl":"https:\/\/www.accartbooks.com\/app\/uploads\/books\/9789077207994-04-2.jpg","width":1255,"height":1400},{"@type":"BreadcrumbList","@id":"https:\/\/www.accartbooks.com\/uk\/book\/marylene-madou-prints-patterns\/#breadcrumb","itemListElement":[{"@type":"ListItem","position":1,"name":"Home","item":"https:\/\/www.accartbooks.com\/uk\/"},{"@type":"ListItem","position":2,"name":"Books","item":"https:\/\/www.accartbooks.com\/uk\/books\/"},{"@type":"ListItem","position":3,"name":"Maryl\u00e8ne Madou: Prints &#038; Patterns"}]},{"@type":"WebSite","@id":"https:\/\/www.accartbooks.com\/uk\/#website","url":"https:\/\/www.accartbooks.com\/uk\/","name":"ACC Art Books UK","description":"One of the world\u2019s leading publishers and distributors of books on the arts and visual culture","publisher":{"@id":"https:\/\/www.accartbooks.com\/uk\/#organization"},"potentialAction":[{"@type":"SearchAction","target":{"@type":"EntryPoint","urlTemplate":"https:\/\/www.accartbooks.com\/uk\/?s={search_term_string}"},"query-input":{"@type":"PropertyValueSpecification","valueRequired":true,"valueName":"search_term_string"}}],"inLanguage":"en-GB"},{"@type":"Organization","@id":"https:\/\/www.accartbooks.com\/uk\/#organization","name":"ACC Art Books UK","url":"https:\/\/www.accartbooks.com\/uk\/","logo":{"@type":"ImageObject","inLanguage":"en-GB","@id":"https:\/\/www.accartbooks.com\/uk\/#\/schema\/logo\/image\/","url":"https:\/\/www.accartbooks.com\/app\/uploads\/2020\/05\/Acc-Logo.png","contentUrl":"https:\/\/www.accartbooks.com\/app\/uploads\/2020\/05\/Acc-Logo.png","width":64,"height":100,"caption":"ACC Art Books UK"},"image":{"@id":"https:\/\/www.accartbooks.com\/uk\/#\/schema\/logo\/image\/"},"sameAs":["https:\/\/www.facebook.com\/ACCArtBooks\/","https:\/\/x.com\/accartbooks"]}]}},"_links":{"self":[{"href":"https:\/\/www.accartbooks.com\/uk\/wp-json\/wp\/v2\/product\/52371","targetHints":{"allow":["GET"]}}],"collection":[{"href":"https:\/\/www.accartbooks.com\/uk\/wp-json\/wp\/v2\/product"}],"about":[{"href":"https:\/\/www.accartbooks.com\/uk\/wp-json\/wp\/v2\/types\/product"}],"wp:featuredmedia":[{"embeddable":true,"href":"https:\/\/www.accartbooks.com\/uk\/wp-json\/wp\/v2\/media\/52372"}],"wp:attachment":[{"href":"https:\/\/www.accartbooks.com\/uk\/wp-json\/wp\/v2\/media?parent=52371"}],"wp:term":[{"taxonomy":"product_brand","embeddable":true,"href":"https:\/\/www.accartbooks.com\/uk\/wp-json\/wp\/v2\/product_brand?post=52371"},{"taxonomy":"product_cat","embeddable":true,"href":"https:\/\/www.accartbooks.com\/uk\/wp-json\/wp\/v2\/product_cat?post=52371"},{"taxonomy":"product_tag","embeddable":true,"href":"https:\/\/www.accartbooks.com\/uk\/wp-json\/wp\/v2\/product_tag?post=52371"}],"curies":[{"name":"wp","href":"https:\/\/api.w.org\/{rel}","templated":true}]}}