{"id":52713,"date":"2024-06-11T07:10:52","date_gmt":"2024-06-11T07:10:52","guid":{"rendered":"https:\/\/www.accartbooks.com\/uk\/book\/francoise-petrovitch\/"},"modified":"2025-08-11T15:20:41","modified_gmt":"2025-08-11T15:20:41","slug":"francoise-petrovitch","status":"publish","type":"product","link":"https:\/\/www.accartbooks.com\/uk\/book\/francoise-petrovitch\/","title":{"rendered":"Fran\u00e7oise P\u00e9trovitch"},"content":{"rendered":"<p>Fran&ccedil;oise P&eacute;trovitch, born in 1964, is among the most distinguished contemporary artists in France. Her art reveals ambiguous, often transgressive worlds that play with conventional boundaries and defy interpretation. The intimate, the fragment, the disappearance, as well as themes such as doppelg&auml;ngers, transition, and cruelty, run through her works, which are populated by animals, flowers, and creatures and whose atmosphere, alternately bright or nocturnal, rarely leaves a viewer untouched.<\/p>\n<p>Framed by the topic of absence, this volume features new and recent drawings, prints, and video art by Fran&ccedil;oise P&eacute;trovitch. Absence can be agonising, a tragedy. As counterpart to presence, it is characterised by longing and projection. It describes the passing of time, distance, and lack. Painting itself is also characterised by absence: the artist, the model, the landscape, or the past moment are not truly present.<\/p>\n<p>Richly illustrated and with essays on P&eacute;trovitch&rsquo;s art and the various techniques she uses, the book offers a deep look into the worlds she creates.<\/p>\n<p>Text in German and French.<\/p>\n","protected":false},"excerpt":{"rendered":"<p>Features new and recent works by French artist Fran&ccedil;oise P&eacute;trovitch, born in 1964, and is among the most distinguished contemporary artists in France. Accompanies the Fran&ccedil;oise P&eacute;trovitch: De l&#8217;Absence exhibition at the Mus&eacute;e Jenisch in Vevey, Switzerland (January 31 until May 25, 2025).<\/p>\n","protected":false},"featured_media":52714,"template":"","meta":{"_acf_changed":false,"_relevanssi_hide_post":"","_relevanssi_hide_content":"","_relevanssi_pin_for_all":"","_relevanssi_pin_keywords":"","_relevanssi_unpin_keywords":"","_relevanssi_related_keywords":"","_relevanssi_related_include_ids":"","_relevanssi_related_exclude_ids":"","_relevanssi_related_no_append":"","_relevanssi_related_not_related":"","_relevanssi_related_posts":"","_relevanssi_noindex_reason":""},"product_brand":[],"product_cat":[5568],"product_tag":[],"class_list":{"0":"post-52713","1":"product","2":"type-product","3":"status-publish","4":"has-post-thumbnail","6":"product_cat-art","7":"author-edited-by-anne-deltour","8":"author-edited-by-nathalie-chaix","9":"publisher-scheidegger-und-spiess-ag-verlag","11":"first","12":"instock","13":"shipping-taxable","14":"purchasable","15":"product-type-simple"},"acf":[],"yoast_head":"<!-- This site is optimized with the Yoast SEO plugin v27.0 - https:\/\/yoast.com\/product\/yoast-seo-wordpress\/ -->\n<title>Fran\u00e7oise P\u00e9trovitch - ACC Art Books UK<\/title>\n<meta name=\"description\" content=\"Title: Fran\u00e7oise P\u00e9trovitch, Pages: 136 Pages, Publish Date: 21st Mar 2025, Author: Edited by Anne Deltour, Edited by Nathalie Chaix, ISBN: 9783039422449. Features new and recent works by French artist Fran&ccedil;oise P&eacute;trovitch, born in 1964, and is among the most distinguished contemporary artists in France. Accompanies the Fran&ccedil;oise P&eacute;trovitch: De l&#039;Absence exhibition at the Mus&eacute;e Jenisch in Vevey, Switzerland (January 31 until May 25, 2025).\" \/>\n<meta name=\"robots\" content=\"index, follow, max-snippet:-1, max-image-preview:large, max-video-preview:-1\" \/>\n<link rel=\"canonical\" href=\"https:\/\/www.accartbooks.com\/uk\/book\/francoise-petrovitch\/\" \/>\n<meta property=\"og:locale\" content=\"en_GB\" \/>\n<meta property=\"og:type\" content=\"article\" \/>\n<meta property=\"og:title\" content=\"Fran\u00e7oise P\u00e9trovitch - ACC Art Books UK\" \/>\n<meta property=\"og:description\" content=\"Title: Fran\u00e7oise P\u00e9trovitch, Pages: 136 Pages, Publish Date: 21st Mar 2025, Author: Edited by Anne Deltour, Edited by Nathalie Chaix, ISBN: 9783039422449. Features new and recent works by French artist Fran&ccedil;oise P&eacute;trovitch, born in 1964, and is among the most distinguished contemporary artists in France. Accompanies the Fran&ccedil;oise P&eacute;trovitch: De l&#039;Absence exhibition at the Mus&eacute;e Jenisch in Vevey, Switzerland (January 31 until May 25, 2025).\" \/>\n<meta property=\"og:url\" content=\"https:\/\/www.accartbooks.com\/uk\/book\/francoise-petrovitch\/\" \/>\n<meta property=\"og:site_name\" content=\"ACC Art Books UK\" \/>\n<meta property=\"article:publisher\" content=\"https:\/\/www.facebook.com\/ACCArtBooks\/\" \/>\n<meta property=\"article:modified_time\" content=\"2025-08-11T15:20:41+00:00\" \/>\n<meta property=\"og:image\" content=\"https:\/\/www.accartbooks.com\/app\/uploads\/books\/9783039422449-04-1.jpg\" \/>\n\t<meta property=\"og:image:width\" content=\"1050\" \/>\n\t<meta property=\"og:image:height\" content=\"1400\" \/>\n\t<meta property=\"og:image:type\" content=\"image\/jpeg\" \/>\n<meta name=\"twitter:card\" content=\"summary_large_image\" \/>\n<meta name=\"twitter:site\" content=\"@accartbooks\" \/>\n<meta name=\"twitter:label1\" content=\"Estimated reading time\" \/>\n\t<meta name=\"twitter:data1\" content=\"1 minute\" \/>\n<script type=\"application\/ld+json\" class=\"yoast-schema-graph\">{\"@context\":\"https:\/\/schema.org\",\"@graph\":[{\"@type\":\"WebPage\",\"@id\":\"https:\/\/www.accartbooks.com\/uk\/book\/francoise-petrovitch\/\",\"url\":\"https:\/\/www.accartbooks.com\/uk\/book\/francoise-petrovitch\/\",\"name\":\"Fran\u00e7oise P\u00e9trovitch - ACC Art Books UK\",\"isPartOf\":{\"@id\":\"https:\/\/www.accartbooks.com\/uk\/#website\"},\"primaryImageOfPage\":{\"@id\":\"https:\/\/www.accartbooks.com\/uk\/book\/francoise-petrovitch\/#primaryimage\"},\"image\":{\"@id\":\"https:\/\/www.accartbooks.com\/uk\/book\/francoise-petrovitch\/#primaryimage\"},\"thumbnailUrl\":\"https:\/\/www.accartbooks.com\/app\/uploads\/books\/9783039422449-04-1.jpg\",\"datePublished\":\"2024-06-11T07:10:52+00:00\",\"dateModified\":\"2025-08-11T15:20:41+00:00\",\"description\":\"Title: Fran\u00e7oise P\u00e9trovitch, Pages: 136 Pages, Publish Date: 21st Mar 2025, Author: Edited by Anne Deltour, Edited by Nathalie Chaix, ISBN: 9783039422449. Features new and recent works by French artist Fran&ccedil;oise P&eacute;trovitch, born in 1964, and is among the most distinguished contemporary artists in France. Accompanies the Fran&ccedil;oise P&eacute;trovitch: De l'Absence exhibition at the Mus&eacute;e Jenisch in Vevey, Switzerland (January 31 until May 25, 2025).\",\"breadcrumb\":{\"@id\":\"https:\/\/www.accartbooks.com\/uk\/book\/francoise-petrovitch\/#breadcrumb\"},\"inLanguage\":\"en-GB\",\"potentialAction\":[{\"@type\":\"ReadAction\",\"target\":[\"https:\/\/www.accartbooks.com\/uk\/book\/francoise-petrovitch\/\"]}]},{\"@type\":\"ImageObject\",\"inLanguage\":\"en-GB\",\"@id\":\"https:\/\/www.accartbooks.com\/uk\/book\/francoise-petrovitch\/#primaryimage\",\"url\":\"https:\/\/www.accartbooks.com\/app\/uploads\/books\/9783039422449-04-1.jpg\",\"contentUrl\":\"https:\/\/www.accartbooks.com\/app\/uploads\/books\/9783039422449-04-1.jpg\",\"width\":1063,\"height\":1417},{\"@type\":\"BreadcrumbList\",\"@id\":\"https:\/\/www.accartbooks.com\/uk\/book\/francoise-petrovitch\/#breadcrumb\",\"itemListElement\":[{\"@type\":\"ListItem\",\"position\":1,\"name\":\"Home\",\"item\":\"https:\/\/www.accartbooks.com\/uk\/\"},{\"@type\":\"ListItem\",\"position\":2,\"name\":\"Books\",\"item\":\"https:\/\/www.accartbooks.com\/uk\/books\/\"},{\"@type\":\"ListItem\",\"position\":3,\"name\":\"Fran\u00e7oise P\u00e9trovitch\"}]},{\"@type\":\"WebSite\",\"@id\":\"https:\/\/www.accartbooks.com\/uk\/#website\",\"url\":\"https:\/\/www.accartbooks.com\/uk\/\",\"name\":\"ACC Art Books UK\",\"description\":\"One of the world\u2019s leading publishers and distributors of books on the arts and visual culture\",\"publisher\":{\"@id\":\"https:\/\/www.accartbooks.com\/uk\/#organization\"},\"potentialAction\":[{\"@type\":\"SearchAction\",\"target\":{\"@type\":\"EntryPoint\",\"urlTemplate\":\"https:\/\/www.accartbooks.com\/uk\/?s={search_term_string}\"},\"query-input\":{\"@type\":\"PropertyValueSpecification\",\"valueRequired\":true,\"valueName\":\"search_term_string\"}}],\"inLanguage\":\"en-GB\"},{\"@type\":\"Organization\",\"@id\":\"https:\/\/www.accartbooks.com\/uk\/#organization\",\"name\":\"ACC Art Books UK\",\"url\":\"https:\/\/www.accartbooks.com\/uk\/\",\"logo\":{\"@type\":\"ImageObject\",\"inLanguage\":\"en-GB\",\"@id\":\"https:\/\/www.accartbooks.com\/uk\/#\/schema\/logo\/image\/\",\"url\":\"https:\/\/www.accartbooks.com\/app\/uploads\/2020\/05\/Acc-Logo.png\",\"contentUrl\":\"https:\/\/www.accartbooks.com\/app\/uploads\/2020\/05\/Acc-Logo.png\",\"width\":64,\"height\":100,\"caption\":\"ACC Art Books UK\"},\"image\":{\"@id\":\"https:\/\/www.accartbooks.com\/uk\/#\/schema\/logo\/image\/\"},\"sameAs\":[\"https:\/\/www.facebook.com\/ACCArtBooks\/\",\"https:\/\/x.com\/accartbooks\"]}]}<\/script>\n<!-- \/ Yoast SEO plugin. -->","yoast_head_json":{"title":"Fran\u00e7oise P\u00e9trovitch - ACC Art Books UK","description":"Title: Fran\u00e7oise P\u00e9trovitch, Pages: 136 Pages, Publish Date: 21st Mar 2025, Author: Edited by Anne Deltour, Edited by Nathalie Chaix, ISBN: 9783039422449. Features new and recent works by French artist Fran&ccedil;oise P&eacute;trovitch, born in 1964, and is among the most distinguished contemporary artists in France. Accompanies the Fran&ccedil;oise P&eacute;trovitch: De l'Absence exhibition at the Mus&eacute;e Jenisch in Vevey, Switzerland (January 31 until May 25, 2025).","robots":{"index":"index","follow":"follow","max-snippet":"max-snippet:-1","max-image-preview":"max-image-preview:large","max-video-preview":"max-video-preview:-1"},"canonical":"https:\/\/www.accartbooks.com\/uk\/book\/francoise-petrovitch\/","og_locale":"en_GB","og_type":"article","og_title":"Fran\u00e7oise P\u00e9trovitch - ACC Art Books UK","og_description":"Title: Fran\u00e7oise P\u00e9trovitch, Pages: 136 Pages, Publish Date: 21st Mar 2025, Author: Edited by Anne Deltour, Edited by Nathalie Chaix, ISBN: 9783039422449. Features new and recent works by French artist Fran&ccedil;oise P&eacute;trovitch, born in 1964, and is among the most distinguished contemporary artists in France. Accompanies the Fran&ccedil;oise P&eacute;trovitch: De l'Absence exhibition at the Mus&eacute;e Jenisch in Vevey, Switzerland (January 31 until May 25, 2025).","og_url":"https:\/\/www.accartbooks.com\/uk\/book\/francoise-petrovitch\/","og_site_name":"ACC Art Books UK","article_publisher":"https:\/\/www.facebook.com\/ACCArtBooks\/","article_modified_time":"2025-08-11T15:20:41+00:00","og_image":[{"width":1050,"height":1400,"url":"https:\/\/www.accartbooks.com\/app\/uploads\/books\/9783039422449-04-1.jpg","type":"image\/jpeg"}],"twitter_card":"summary_large_image","twitter_site":"@accartbooks","twitter_misc":{"Estimated reading time":"1 minute"},"schema":{"@context":"https:\/\/schema.org","@graph":[{"@type":"WebPage","@id":"https:\/\/www.accartbooks.com\/uk\/book\/francoise-petrovitch\/","url":"https:\/\/www.accartbooks.com\/uk\/book\/francoise-petrovitch\/","name":"Fran\u00e7oise P\u00e9trovitch - ACC Art Books UK","isPartOf":{"@id":"https:\/\/www.accartbooks.com\/uk\/#website"},"primaryImageOfPage":{"@id":"https:\/\/www.accartbooks.com\/uk\/book\/francoise-petrovitch\/#primaryimage"},"image":{"@id":"https:\/\/www.accartbooks.com\/uk\/book\/francoise-petrovitch\/#primaryimage"},"thumbnailUrl":"https:\/\/www.accartbooks.com\/app\/uploads\/books\/9783039422449-04-1.jpg","datePublished":"2024-06-11T07:10:52+00:00","dateModified":"2025-08-11T15:20:41+00:00","description":"Title: Fran\u00e7oise P\u00e9trovitch, Pages: 136 Pages, Publish Date: 21st Mar 2025, Author: Edited by Anne Deltour, Edited by Nathalie Chaix, ISBN: 9783039422449. Features new and recent works by French artist Fran&ccedil;oise P&eacute;trovitch, born in 1964, and is among the most distinguished contemporary artists in France. Accompanies the Fran&ccedil;oise P&eacute;trovitch: De l'Absence exhibition at the Mus&eacute;e Jenisch in Vevey, Switzerland (January 31 until May 25, 2025).","breadcrumb":{"@id":"https:\/\/www.accartbooks.com\/uk\/book\/francoise-petrovitch\/#breadcrumb"},"inLanguage":"en-GB","potentialAction":[{"@type":"ReadAction","target":["https:\/\/www.accartbooks.com\/uk\/book\/francoise-petrovitch\/"]}]},{"@type":"ImageObject","inLanguage":"en-GB","@id":"https:\/\/www.accartbooks.com\/uk\/book\/francoise-petrovitch\/#primaryimage","url":"https:\/\/www.accartbooks.com\/app\/uploads\/books\/9783039422449-04-1.jpg","contentUrl":"https:\/\/www.accartbooks.com\/app\/uploads\/books\/9783039422449-04-1.jpg","width":1063,"height":1417},{"@type":"BreadcrumbList","@id":"https:\/\/www.accartbooks.com\/uk\/book\/francoise-petrovitch\/#breadcrumb","itemListElement":[{"@type":"ListItem","position":1,"name":"Home","item":"https:\/\/www.accartbooks.com\/uk\/"},{"@type":"ListItem","position":2,"name":"Books","item":"https:\/\/www.accartbooks.com\/uk\/books\/"},{"@type":"ListItem","position":3,"name":"Fran\u00e7oise P\u00e9trovitch"}]},{"@type":"WebSite","@id":"https:\/\/www.accartbooks.com\/uk\/#website","url":"https:\/\/www.accartbooks.com\/uk\/","name":"ACC Art Books UK","description":"One of the world\u2019s leading publishers and distributors of books on the arts and visual culture","publisher":{"@id":"https:\/\/www.accartbooks.com\/uk\/#organization"},"potentialAction":[{"@type":"SearchAction","target":{"@type":"EntryPoint","urlTemplate":"https:\/\/www.accartbooks.com\/uk\/?s={search_term_string}"},"query-input":{"@type":"PropertyValueSpecification","valueRequired":true,"valueName":"search_term_string"}}],"inLanguage":"en-GB"},{"@type":"Organization","@id":"https:\/\/www.accartbooks.com\/uk\/#organization","name":"ACC Art Books UK","url":"https:\/\/www.accartbooks.com\/uk\/","logo":{"@type":"ImageObject","inLanguage":"en-GB","@id":"https:\/\/www.accartbooks.com\/uk\/#\/schema\/logo\/image\/","url":"https:\/\/www.accartbooks.com\/app\/uploads\/2020\/05\/Acc-Logo.png","contentUrl":"https:\/\/www.accartbooks.com\/app\/uploads\/2020\/05\/Acc-Logo.png","width":64,"height":100,"caption":"ACC Art Books UK"},"image":{"@id":"https:\/\/www.accartbooks.com\/uk\/#\/schema\/logo\/image\/"},"sameAs":["https:\/\/www.facebook.com\/ACCArtBooks\/","https:\/\/x.com\/accartbooks"]}]}},"_links":{"self":[{"href":"https:\/\/www.accartbooks.com\/uk\/wp-json\/wp\/v2\/product\/52713","targetHints":{"allow":["GET"]}}],"collection":[{"href":"https:\/\/www.accartbooks.com\/uk\/wp-json\/wp\/v2\/product"}],"about":[{"href":"https:\/\/www.accartbooks.com\/uk\/wp-json\/wp\/v2\/types\/product"}],"wp:featuredmedia":[{"embeddable":true,"href":"https:\/\/www.accartbooks.com\/uk\/wp-json\/wp\/v2\/media\/52714"}],"wp:attachment":[{"href":"https:\/\/www.accartbooks.com\/uk\/wp-json\/wp\/v2\/media?parent=52713"}],"wp:term":[{"taxonomy":"product_brand","embeddable":true,"href":"https:\/\/www.accartbooks.com\/uk\/wp-json\/wp\/v2\/product_brand?post=52713"},{"taxonomy":"product_cat","embeddable":true,"href":"https:\/\/www.accartbooks.com\/uk\/wp-json\/wp\/v2\/product_cat?post=52713"},{"taxonomy":"product_tag","embeddable":true,"href":"https:\/\/www.accartbooks.com\/uk\/wp-json\/wp\/v2\/product_tag?post=52713"}],"curies":[{"name":"wp","href":"https:\/\/api.w.org\/{rel}","templated":true}]}}