{"id":52742,"date":"2024-06-11T13:11:24","date_gmt":"2024-06-11T13:11:24","guid":{"rendered":"https:\/\/www.accartbooks.com\/uk\/book\/pays-de-reve\/"},"modified":"2025-07-02T13:26:05","modified_gmt":"2025-07-02T13:26:05","slug":"pays-de-reve","status":"publish","type":"product","link":"https:\/\/www.accartbooks.com\/uk\/book\/pays-de-reve\/","title":{"rendered":"Pays de r\u00eave"},"content":{"rendered":"<p>Zurich&rsquo;s Kronenhalle restaurant is a living legend and 2024 marks the centenary of the likewise legendary Hulda Zumsteg (1890&ndash;1984) taking over as its landlady. For decades, the restaurant and adjacent bar have brought together the city&rsquo;s bohemians and the bourgeoisie. Celebrities from the worlds of art, design, literature, and stage were among the regulars. Works by artists such as Pierre Bonnard, Henri Matisse, Joan Mir&oacute;, and Pablo Picasso are naturally part of its interior.<\/p>\n<p>The revised new edition of this book, first published in 2019, explores the art at the Kronenhalle from various perspectives. Photographs offer atmospheric impressions of the brasserie, dining rooms, and bar, in daylight and at night. Literary texts turn paintings into protagonists. A complete catalogue and the story of its emergence and evolution place the collection in wider context and portray one of Zurich&rsquo;s most traditional restaurants against the backdrop of an extraordinary family and business history.<\/p>\n<p>The restaurant&rsquo;s enduring success is founded in the unique way in which Hulda Zumsteg ran the place, and in the friendships that her son Gustav Zumsteg (1915&ndash;2005) brought to Zurich. His deep appreciation of art fueled the textile creations of Abraham AG, the silk trading firm he owned, and led to him assembling the fine collection that today turns every lunch, dinner, or drink at the Kronenhalle into an encounter with classical modernism in art.<\/p>\n","protected":false},"excerpt":{"rendered":"<p>Zurich&rsquo;s Kronenhalle restaurant is a world-famous icon of gastronomy. This is the only book comprehensively featuring the Kronenhalle art collection.<\/p>\n","protected":false},"featured_media":52743,"template":"","meta":{"_acf_changed":false,"_relevanssi_hide_post":"","_relevanssi_hide_content":"","_relevanssi_pin_for_all":"","_relevanssi_pin_keywords":"","_relevanssi_unpin_keywords":"","_relevanssi_related_keywords":"","_relevanssi_related_include_ids":"","_relevanssi_related_exclude_ids":"","_relevanssi_related_no_append":"","_relevanssi_related_not_related":"","_relevanssi_related_posts":"","_relevanssi_noindex_reason":""},"product_brand":[],"product_cat":[5568],"product_tag":[],"class_list":{"0":"post-52742","1":"product","2":"type-product","3":"status-publish","4":"has-post-thumbnail","6":"product_cat-art","7":"author-edited-by-isabel-zurcher","8":"author-edited-by-sibylle-ryser","9":"publisher-scheidegger-und-spiess-ag-verlag","11":"first","12":"instock","13":"shipping-taxable","14":"purchasable","15":"product-type-simple"},"acf":[],"yoast_head":"<!-- This site is optimized with the Yoast SEO plugin v27.0 - https:\/\/yoast.com\/product\/yoast-seo-wordpress\/ -->\n<title>Pays de r\u00eave - ACC Art Books UK<\/title>\n<meta name=\"description\" content=\"Title: Pays de r\u00eave, Pages: 128 Pages, Publish Date: 21st Mar 2025, Author: Edited by Isabel Z\u00fcrcher, Edited by Sibylle Ryser, ISBN: 9783039422272. Zurich&rsquo;s Kronenhalle restaurant is a world-famous icon of gastronomy. This is the only book comprehensively featuring the Kronenhalle art collection.\" \/>\n<meta name=\"robots\" content=\"index, follow, max-snippet:-1, max-image-preview:large, max-video-preview:-1\" \/>\n<link rel=\"canonical\" href=\"https:\/\/www.accartbooks.com\/uk\/book\/pays-de-reve\/\" \/>\n<meta property=\"og:locale\" content=\"en_GB\" \/>\n<meta property=\"og:type\" content=\"article\" \/>\n<meta property=\"og:title\" content=\"Pays de r\u00eave - ACC Art Books UK\" \/>\n<meta property=\"og:description\" content=\"Title: Pays de r\u00eave, Pages: 128 Pages, Publish Date: 21st Mar 2025, Author: Edited by Isabel Z\u00fcrcher, Edited by Sibylle Ryser, ISBN: 9783039422272. Zurich&rsquo;s Kronenhalle restaurant is a world-famous icon of gastronomy. This is the only book comprehensively featuring the Kronenhalle art collection.\" \/>\n<meta property=\"og:url\" content=\"https:\/\/www.accartbooks.com\/uk\/book\/pays-de-reve\/\" \/>\n<meta property=\"og:site_name\" content=\"ACC Art Books UK\" \/>\n<meta property=\"article:publisher\" content=\"https:\/\/www.facebook.com\/ACCArtBooks\/\" \/>\n<meta property=\"article:modified_time\" content=\"2025-07-02T13:26:05+00:00\" \/>\n<meta property=\"og:image\" content=\"https:\/\/www.accartbooks.com\/app\/uploads\/books\/9783039422272-04-1.jpg\" \/>\n\t<meta property=\"og:image:width\" content=\"1163\" \/>\n\t<meta property=\"og:image:height\" content=\"1400\" \/>\n\t<meta property=\"og:image:type\" content=\"image\/jpeg\" \/>\n<meta name=\"twitter:card\" content=\"summary_large_image\" \/>\n<meta name=\"twitter:site\" content=\"@accartbooks\" \/>\n<meta name=\"twitter:label1\" content=\"Estimated reading time\" \/>\n\t<meta name=\"twitter:data1\" content=\"1 minute\" \/>\n<script type=\"application\/ld+json\" class=\"yoast-schema-graph\">{\"@context\":\"https:\/\/schema.org\",\"@graph\":[{\"@type\":\"WebPage\",\"@id\":\"https:\/\/www.accartbooks.com\/uk\/book\/pays-de-reve\/\",\"url\":\"https:\/\/www.accartbooks.com\/uk\/book\/pays-de-reve\/\",\"name\":\"Pays de r\u00eave - ACC Art Books UK\",\"isPartOf\":{\"@id\":\"https:\/\/www.accartbooks.com\/uk\/#website\"},\"primaryImageOfPage\":{\"@id\":\"https:\/\/www.accartbooks.com\/uk\/book\/pays-de-reve\/#primaryimage\"},\"image\":{\"@id\":\"https:\/\/www.accartbooks.com\/uk\/book\/pays-de-reve\/#primaryimage\"},\"thumbnailUrl\":\"https:\/\/www.accartbooks.com\/app\/uploads\/books\/9783039422272-04-1.jpg\",\"datePublished\":\"2024-06-11T13:11:24+00:00\",\"dateModified\":\"2025-07-02T13:26:05+00:00\",\"description\":\"Title: Pays de r\u00eave, Pages: 128 Pages, Publish Date: 21st Mar 2025, Author: Edited by Isabel Z\u00fcrcher, Edited by Sibylle Ryser, ISBN: 9783039422272. Zurich&rsquo;s Kronenhalle restaurant is a world-famous icon of gastronomy. This is the only book comprehensively featuring the Kronenhalle art collection.\",\"breadcrumb\":{\"@id\":\"https:\/\/www.accartbooks.com\/uk\/book\/pays-de-reve\/#breadcrumb\"},\"inLanguage\":\"en-GB\",\"potentialAction\":[{\"@type\":\"ReadAction\",\"target\":[\"https:\/\/www.accartbooks.com\/uk\/book\/pays-de-reve\/\"]}]},{\"@type\":\"ImageObject\",\"inLanguage\":\"en-GB\",\"@id\":\"https:\/\/www.accartbooks.com\/uk\/book\/pays-de-reve\/#primaryimage\",\"url\":\"https:\/\/www.accartbooks.com\/app\/uploads\/books\/9783039422272-04-1.jpg\",\"contentUrl\":\"https:\/\/www.accartbooks.com\/app\/uploads\/books\/9783039422272-04-1.jpg\",\"width\":1163,\"height\":1400},{\"@type\":\"BreadcrumbList\",\"@id\":\"https:\/\/www.accartbooks.com\/uk\/book\/pays-de-reve\/#breadcrumb\",\"itemListElement\":[{\"@type\":\"ListItem\",\"position\":1,\"name\":\"Home\",\"item\":\"https:\/\/www.accartbooks.com\/uk\/\"},{\"@type\":\"ListItem\",\"position\":2,\"name\":\"Books\",\"item\":\"https:\/\/www.accartbooks.com\/uk\/books\/\"},{\"@type\":\"ListItem\",\"position\":3,\"name\":\"Pays de r\u00eave\"}]},{\"@type\":\"WebSite\",\"@id\":\"https:\/\/www.accartbooks.com\/uk\/#website\",\"url\":\"https:\/\/www.accartbooks.com\/uk\/\",\"name\":\"ACC Art Books UK\",\"description\":\"One of the world\u2019s leading publishers and distributors of books on the arts and visual culture\",\"publisher\":{\"@id\":\"https:\/\/www.accartbooks.com\/uk\/#organization\"},\"potentialAction\":[{\"@type\":\"SearchAction\",\"target\":{\"@type\":\"EntryPoint\",\"urlTemplate\":\"https:\/\/www.accartbooks.com\/uk\/?s={search_term_string}\"},\"query-input\":{\"@type\":\"PropertyValueSpecification\",\"valueRequired\":true,\"valueName\":\"search_term_string\"}}],\"inLanguage\":\"en-GB\"},{\"@type\":\"Organization\",\"@id\":\"https:\/\/www.accartbooks.com\/uk\/#organization\",\"name\":\"ACC Art Books UK\",\"url\":\"https:\/\/www.accartbooks.com\/uk\/\",\"logo\":{\"@type\":\"ImageObject\",\"inLanguage\":\"en-GB\",\"@id\":\"https:\/\/www.accartbooks.com\/uk\/#\/schema\/logo\/image\/\",\"url\":\"https:\/\/www.accartbooks.com\/app\/uploads\/2020\/05\/Acc-Logo.png\",\"contentUrl\":\"https:\/\/www.accartbooks.com\/app\/uploads\/2020\/05\/Acc-Logo.png\",\"width\":64,\"height\":100,\"caption\":\"ACC Art Books UK\"},\"image\":{\"@id\":\"https:\/\/www.accartbooks.com\/uk\/#\/schema\/logo\/image\/\"},\"sameAs\":[\"https:\/\/www.facebook.com\/ACCArtBooks\/\",\"https:\/\/x.com\/accartbooks\"]}]}<\/script>\n<!-- \/ Yoast SEO plugin. -->","yoast_head_json":{"title":"Pays de r\u00eave - ACC Art Books UK","description":"Title: Pays de r\u00eave, Pages: 128 Pages, Publish Date: 21st Mar 2025, Author: Edited by Isabel Z\u00fcrcher, Edited by Sibylle Ryser, ISBN: 9783039422272. Zurich&rsquo;s Kronenhalle restaurant is a world-famous icon of gastronomy. This is the only book comprehensively featuring the Kronenhalle art collection.","robots":{"index":"index","follow":"follow","max-snippet":"max-snippet:-1","max-image-preview":"max-image-preview:large","max-video-preview":"max-video-preview:-1"},"canonical":"https:\/\/www.accartbooks.com\/uk\/book\/pays-de-reve\/","og_locale":"en_GB","og_type":"article","og_title":"Pays de r\u00eave - ACC Art Books UK","og_description":"Title: Pays de r\u00eave, Pages: 128 Pages, Publish Date: 21st Mar 2025, Author: Edited by Isabel Z\u00fcrcher, Edited by Sibylle Ryser, ISBN: 9783039422272. Zurich&rsquo;s Kronenhalle restaurant is a world-famous icon of gastronomy. This is the only book comprehensively featuring the Kronenhalle art collection.","og_url":"https:\/\/www.accartbooks.com\/uk\/book\/pays-de-reve\/","og_site_name":"ACC Art Books UK","article_publisher":"https:\/\/www.facebook.com\/ACCArtBooks\/","article_modified_time":"2025-07-02T13:26:05+00:00","og_image":[{"width":1163,"height":1400,"url":"https:\/\/www.accartbooks.com\/app\/uploads\/books\/9783039422272-04-1.jpg","type":"image\/jpeg"}],"twitter_card":"summary_large_image","twitter_site":"@accartbooks","twitter_misc":{"Estimated reading time":"1 minute"},"schema":{"@context":"https:\/\/schema.org","@graph":[{"@type":"WebPage","@id":"https:\/\/www.accartbooks.com\/uk\/book\/pays-de-reve\/","url":"https:\/\/www.accartbooks.com\/uk\/book\/pays-de-reve\/","name":"Pays de r\u00eave - ACC Art Books UK","isPartOf":{"@id":"https:\/\/www.accartbooks.com\/uk\/#website"},"primaryImageOfPage":{"@id":"https:\/\/www.accartbooks.com\/uk\/book\/pays-de-reve\/#primaryimage"},"image":{"@id":"https:\/\/www.accartbooks.com\/uk\/book\/pays-de-reve\/#primaryimage"},"thumbnailUrl":"https:\/\/www.accartbooks.com\/app\/uploads\/books\/9783039422272-04-1.jpg","datePublished":"2024-06-11T13:11:24+00:00","dateModified":"2025-07-02T13:26:05+00:00","description":"Title: Pays de r\u00eave, Pages: 128 Pages, Publish Date: 21st Mar 2025, Author: Edited by Isabel Z\u00fcrcher, Edited by Sibylle Ryser, ISBN: 9783039422272. Zurich&rsquo;s Kronenhalle restaurant is a world-famous icon of gastronomy. This is the only book comprehensively featuring the Kronenhalle art collection.","breadcrumb":{"@id":"https:\/\/www.accartbooks.com\/uk\/book\/pays-de-reve\/#breadcrumb"},"inLanguage":"en-GB","potentialAction":[{"@type":"ReadAction","target":["https:\/\/www.accartbooks.com\/uk\/book\/pays-de-reve\/"]}]},{"@type":"ImageObject","inLanguage":"en-GB","@id":"https:\/\/www.accartbooks.com\/uk\/book\/pays-de-reve\/#primaryimage","url":"https:\/\/www.accartbooks.com\/app\/uploads\/books\/9783039422272-04-1.jpg","contentUrl":"https:\/\/www.accartbooks.com\/app\/uploads\/books\/9783039422272-04-1.jpg","width":1163,"height":1400},{"@type":"BreadcrumbList","@id":"https:\/\/www.accartbooks.com\/uk\/book\/pays-de-reve\/#breadcrumb","itemListElement":[{"@type":"ListItem","position":1,"name":"Home","item":"https:\/\/www.accartbooks.com\/uk\/"},{"@type":"ListItem","position":2,"name":"Books","item":"https:\/\/www.accartbooks.com\/uk\/books\/"},{"@type":"ListItem","position":3,"name":"Pays de r\u00eave"}]},{"@type":"WebSite","@id":"https:\/\/www.accartbooks.com\/uk\/#website","url":"https:\/\/www.accartbooks.com\/uk\/","name":"ACC Art Books UK","description":"One of the world\u2019s leading publishers and distributors of books on the arts and visual culture","publisher":{"@id":"https:\/\/www.accartbooks.com\/uk\/#organization"},"potentialAction":[{"@type":"SearchAction","target":{"@type":"EntryPoint","urlTemplate":"https:\/\/www.accartbooks.com\/uk\/?s={search_term_string}"},"query-input":{"@type":"PropertyValueSpecification","valueRequired":true,"valueName":"search_term_string"}}],"inLanguage":"en-GB"},{"@type":"Organization","@id":"https:\/\/www.accartbooks.com\/uk\/#organization","name":"ACC Art Books UK","url":"https:\/\/www.accartbooks.com\/uk\/","logo":{"@type":"ImageObject","inLanguage":"en-GB","@id":"https:\/\/www.accartbooks.com\/uk\/#\/schema\/logo\/image\/","url":"https:\/\/www.accartbooks.com\/app\/uploads\/2020\/05\/Acc-Logo.png","contentUrl":"https:\/\/www.accartbooks.com\/app\/uploads\/2020\/05\/Acc-Logo.png","width":64,"height":100,"caption":"ACC Art Books UK"},"image":{"@id":"https:\/\/www.accartbooks.com\/uk\/#\/schema\/logo\/image\/"},"sameAs":["https:\/\/www.facebook.com\/ACCArtBooks\/","https:\/\/x.com\/accartbooks"]}]}},"_links":{"self":[{"href":"https:\/\/www.accartbooks.com\/uk\/wp-json\/wp\/v2\/product\/52742","targetHints":{"allow":["GET"]}}],"collection":[{"href":"https:\/\/www.accartbooks.com\/uk\/wp-json\/wp\/v2\/product"}],"about":[{"href":"https:\/\/www.accartbooks.com\/uk\/wp-json\/wp\/v2\/types\/product"}],"wp:featuredmedia":[{"embeddable":true,"href":"https:\/\/www.accartbooks.com\/uk\/wp-json\/wp\/v2\/media\/52743"}],"wp:attachment":[{"href":"https:\/\/www.accartbooks.com\/uk\/wp-json\/wp\/v2\/media?parent=52742"}],"wp:term":[{"taxonomy":"product_brand","embeddable":true,"href":"https:\/\/www.accartbooks.com\/uk\/wp-json\/wp\/v2\/product_brand?post=52742"},{"taxonomy":"product_cat","embeddable":true,"href":"https:\/\/www.accartbooks.com\/uk\/wp-json\/wp\/v2\/product_cat?post=52742"},{"taxonomy":"product_tag","embeddable":true,"href":"https:\/\/www.accartbooks.com\/uk\/wp-json\/wp\/v2\/product_tag?post=52742"}],"curies":[{"name":"wp","href":"https:\/\/api.w.org\/{rel}","templated":true}]}}