{"id":53560,"date":"2024-07-03T19:11:35","date_gmt":"2024-07-03T19:11:35","guid":{"rendered":"https:\/\/www.accartbooks.com\/uk\/book\/five-good-swiss-plans\/"},"modified":"2025-06-17T13:10:29","modified_gmt":"2025-06-17T13:10:29","slug":"funf-gute-schweizer-plane","status":"publish","type":"product","link":"https:\/\/www.accartbooks.com\/uk\/book\/funf-gute-schweizer-plane\/","title":{"rendered":"F\u00fcnf gute Schweizer Pl\u00e4ne"},"content":{"rendered":"<p>Apartment floor plans have a decisive influence on our lives. In the last 30 years, Swiss housing architecture has successively introduced the new ideal of floor plans with open and flexible uses. The aim is to offer spatial qualities to residents who are not yet clearly defined, thereby fulfilling the changing requirements of a diverse society. This publication presents five Swiss architects providing insight on their &ldquo;good plans&rdquo; with short texts and images: Elli Mosayebi (EMI Architekten); Jeannette Kuo (Karamuk Kuo Architects); Maria Conen (Conen Sigl Architekt:innen); L&uuml;tjens Padmanabhan (L&uuml;tjens Padmanabhan Architekten); Philipp Esch (Esch &shy;Sintzel Architekten).<\/p>\n<p>Text in German.<\/p>\n","protected":false},"excerpt":{"rendered":"<p>This publication presents five Swiss architects providing insight on their &ldquo;good plans&rdquo; with short texts and images: Elli Mosayebi (EMI Architekten); Jeannette Kuo (Karamuk Kuo Architects); Maria Conen (Conen Sigl Architekt:innen); L&uuml;tjens Padmanabhan (L&uuml;tjens Padmanabhan Architekten); Philipp Esch (Esch &shy;Sintzel Architekten). Text in German.<\/p>\n","protected":false},"featured_media":63688,"template":"","meta":{"_acf_changed":false,"_relevanssi_hide_post":"","_relevanssi_hide_content":"","_relevanssi_pin_for_all":"","_relevanssi_pin_keywords":"","_relevanssi_unpin_keywords":"","_relevanssi_related_keywords":"","_relevanssi_related_include_ids":"","_relevanssi_related_exclude_ids":"","_relevanssi_related_no_append":"","_relevanssi_related_not_related":"","_relevanssi_related_posts":"","_relevanssi_noindex_reason":""},"product_brand":[],"product_cat":[5559],"product_tag":[],"class_list":{"0":"post-53560","1":"product","2":"type-product","3":"status-publish","4":"has-post-thumbnail","6":"product_cat-architecture-landscape-design","7":"author-edited-by-guillermo-fernandez-abascal","8":"author-edited-by-kate-finning","9":"publisher-quart-publishers","11":"first","12":"instock","13":"shipping-taxable","14":"purchasable","15":"product-type-simple"},"acf":[],"yoast_head":"<!-- This site is optimized with the Yoast SEO plugin v27.0 - https:\/\/yoast.com\/product\/yoast-seo-wordpress\/ -->\n<title>F\u00fcnf gute Schweizer Pl\u00e4ne - ACC Art Books UK<\/title>\n<meta name=\"description\" content=\"Title: F\u00fcnf gute Schweizer Pl\u00e4ne, Pages: 74 Pages, Publish Date: 2nd Jun 2025, Author: Edited by Guillermo Fern\u00e1ndez-Abascal, Edited by Kate Finning, ISBN: 9783037613146. This publication presents five Swiss architects providing insight on their &ldquo;good plans&rdquo; with short texts and images: Elli Mosayebi (EMI Architekten); Jeannette Kuo (Karamuk Kuo Architects); Maria Conen (Conen Sigl Architekt:innen); L&uuml;tjens Padmanabhan (L&uuml;tjens Padmanabhan Architekten); Philipp Esch (Esch &shy;Sintzel Architekten). Text in German.\" \/>\n<meta name=\"robots\" content=\"index, follow, max-snippet:-1, max-image-preview:large, max-video-preview:-1\" \/>\n<link rel=\"canonical\" href=\"https:\/\/www.accartbooks.com\/uk\/book\/five-good-swiss-plans\/\" \/>\n<meta property=\"og:locale\" content=\"en_GB\" \/>\n<meta property=\"og:type\" content=\"article\" \/>\n<meta property=\"og:title\" content=\"F\u00fcnf gute Schweizer Pl\u00e4ne - ACC Art Books UK\" \/>\n<meta property=\"og:description\" content=\"Title: F\u00fcnf gute Schweizer Pl\u00e4ne, Pages: 74 Pages, Publish Date: 2nd Jun 2025, Author: Edited by Guillermo Fern\u00e1ndez-Abascal, Edited by Kate Finning, ISBN: 9783037613146. This publication presents five Swiss architects providing insight on their &ldquo;good plans&rdquo; with short texts and images: Elli Mosayebi (EMI Architekten); Jeannette Kuo (Karamuk Kuo Architects); Maria Conen (Conen Sigl Architekt:innen); L&uuml;tjens Padmanabhan (L&uuml;tjens Padmanabhan Architekten); Philipp Esch (Esch &shy;Sintzel Architekten). Text in German.\" \/>\n<meta property=\"og:url\" content=\"https:\/\/www.accartbooks.com\/uk\/book\/five-good-swiss-plans\/\" \/>\n<meta property=\"og:site_name\" content=\"ACC Art Books UK\" \/>\n<meta property=\"article:publisher\" content=\"https:\/\/www.facebook.com\/ACCArtBooks\/\" \/>\n<meta property=\"article:modified_time\" content=\"2025-06-17T13:10:29+00:00\" \/>\n<meta name=\"twitter:card\" content=\"summary_large_image\" \/>\n<meta name=\"twitter:site\" content=\"@accartbooks\" \/>\n<meta name=\"twitter:label1\" content=\"Estimated reading time\" \/>\n\t<meta name=\"twitter:data1\" content=\"1 minute\" \/>\n<script type=\"application\/ld+json\" class=\"yoast-schema-graph\">{\"@context\":\"https:\/\/schema.org\",\"@graph\":[{\"@type\":\"WebPage\",\"@id\":\"https:\/\/www.accartbooks.com\/uk\/book\/five-good-swiss-plans\/\",\"url\":\"https:\/\/www.accartbooks.com\/uk\/book\/five-good-swiss-plans\/\",\"name\":\"F\u00fcnf gute Schweizer Pl\u00e4ne - ACC Art Books UK\",\"isPartOf\":{\"@id\":\"https:\/\/www.accartbooks.com\/uk\/#website\"},\"primaryImageOfPage\":{\"@id\":\"https:\/\/www.accartbooks.com\/uk\/book\/five-good-swiss-plans\/#primaryimage\"},\"image\":{\"@id\":\"https:\/\/www.accartbooks.com\/uk\/book\/five-good-swiss-plans\/#primaryimage\"},\"thumbnailUrl\":\"https:\/\/www.accartbooks.com\/app\/uploads\/books\/9783037613146-04-1.jpg\",\"datePublished\":\"2024-07-03T19:11:35+00:00\",\"dateModified\":\"2025-06-17T13:10:29+00:00\",\"description\":\"Title: F\u00fcnf gute Schweizer Pl\u00e4ne, Pages: 74 Pages, Publish Date: 2nd Jun 2025, Author: Edited by Guillermo Fern\u00e1ndez-Abascal, Edited by Kate Finning, ISBN: 9783037613146. This publication presents five Swiss architects providing insight on their &ldquo;good plans&rdquo; with short texts and images: Elli Mosayebi (EMI Architekten); Jeannette Kuo (Karamuk Kuo Architects); Maria Conen (Conen Sigl Architekt:innen); L&uuml;tjens Padmanabhan (L&uuml;tjens Padmanabhan Architekten); Philipp Esch (Esch &shy;Sintzel Architekten). Text in German.\",\"breadcrumb\":{\"@id\":\"https:\/\/www.accartbooks.com\/uk\/book\/five-good-swiss-plans\/#breadcrumb\"},\"inLanguage\":\"en-GB\",\"potentialAction\":[{\"@type\":\"ReadAction\",\"target\":[\"https:\/\/www.accartbooks.com\/uk\/book\/five-good-swiss-plans\/\"]}]},{\"@type\":\"ImageObject\",\"inLanguage\":\"en-GB\",\"@id\":\"https:\/\/www.accartbooks.com\/uk\/book\/five-good-swiss-plans\/#primaryimage\",\"url\":\"https:\/\/www.accartbooks.com\/app\/uploads\/books\/9783037613146-04-1.jpg\",\"contentUrl\":\"https:\/\/www.accartbooks.com\/app\/uploads\/books\/9783037613146-04-1.jpg\",\"width\":1400,\"height\":1690},{\"@type\":\"BreadcrumbList\",\"@id\":\"https:\/\/www.accartbooks.com\/uk\/book\/five-good-swiss-plans\/#breadcrumb\",\"itemListElement\":[{\"@type\":\"ListItem\",\"position\":1,\"name\":\"Home\",\"item\":\"https:\/\/www.accartbooks.com\/uk\/\"},{\"@type\":\"ListItem\",\"position\":2,\"name\":\"Books\",\"item\":\"https:\/\/www.accartbooks.com\/uk\/books\/\"},{\"@type\":\"ListItem\",\"position\":3,\"name\":\"F\u00fcnf gute Schweizer Pl\u00e4ne\"}]},{\"@type\":\"WebSite\",\"@id\":\"https:\/\/www.accartbooks.com\/uk\/#website\",\"url\":\"https:\/\/www.accartbooks.com\/uk\/\",\"name\":\"ACC Art Books UK\",\"description\":\"One of the world\u2019s leading publishers and distributors of books on the arts and visual culture\",\"publisher\":{\"@id\":\"https:\/\/www.accartbooks.com\/uk\/#organization\"},\"potentialAction\":[{\"@type\":\"SearchAction\",\"target\":{\"@type\":\"EntryPoint\",\"urlTemplate\":\"https:\/\/www.accartbooks.com\/uk\/?s={search_term_string}\"},\"query-input\":{\"@type\":\"PropertyValueSpecification\",\"valueRequired\":true,\"valueName\":\"search_term_string\"}}],\"inLanguage\":\"en-GB\"},{\"@type\":\"Organization\",\"@id\":\"https:\/\/www.accartbooks.com\/uk\/#organization\",\"name\":\"ACC Art Books UK\",\"url\":\"https:\/\/www.accartbooks.com\/uk\/\",\"logo\":{\"@type\":\"ImageObject\",\"inLanguage\":\"en-GB\",\"@id\":\"https:\/\/www.accartbooks.com\/uk\/#\/schema\/logo\/image\/\",\"url\":\"https:\/\/www.accartbooks.com\/app\/uploads\/2020\/05\/Acc-Logo.png\",\"contentUrl\":\"https:\/\/www.accartbooks.com\/app\/uploads\/2020\/05\/Acc-Logo.png\",\"width\":64,\"height\":100,\"caption\":\"ACC Art Books UK\"},\"image\":{\"@id\":\"https:\/\/www.accartbooks.com\/uk\/#\/schema\/logo\/image\/\"},\"sameAs\":[\"https:\/\/www.facebook.com\/ACCArtBooks\/\",\"https:\/\/x.com\/accartbooks\"]}]}<\/script>\n<!-- \/ Yoast SEO plugin. -->","yoast_head_json":{"title":"F\u00fcnf gute Schweizer Pl\u00e4ne - ACC Art Books UK","description":"Title: F\u00fcnf gute Schweizer Pl\u00e4ne, Pages: 74 Pages, Publish Date: 2nd Jun 2025, Author: Edited by Guillermo Fern\u00e1ndez-Abascal, Edited by Kate Finning, ISBN: 9783037613146. This publication presents five Swiss architects providing insight on their &ldquo;good plans&rdquo; with short texts and images: Elli Mosayebi (EMI Architekten); Jeannette Kuo (Karamuk Kuo Architects); Maria Conen (Conen Sigl Architekt:innen); L&uuml;tjens Padmanabhan (L&uuml;tjens Padmanabhan Architekten); Philipp Esch (Esch &shy;Sintzel Architekten). Text in German.","robots":{"index":"index","follow":"follow","max-snippet":"max-snippet:-1","max-image-preview":"max-image-preview:large","max-video-preview":"max-video-preview:-1"},"canonical":"https:\/\/www.accartbooks.com\/uk\/book\/five-good-swiss-plans\/","og_locale":"en_GB","og_type":"article","og_title":"F\u00fcnf gute Schweizer Pl\u00e4ne - ACC Art Books UK","og_description":"Title: F\u00fcnf gute Schweizer Pl\u00e4ne, Pages: 74 Pages, Publish Date: 2nd Jun 2025, Author: Edited by Guillermo Fern\u00e1ndez-Abascal, Edited by Kate Finning, ISBN: 9783037613146. This publication presents five Swiss architects providing insight on their &ldquo;good plans&rdquo; with short texts and images: Elli Mosayebi (EMI Architekten); Jeannette Kuo (Karamuk Kuo Architects); Maria Conen (Conen Sigl Architekt:innen); L&uuml;tjens Padmanabhan (L&uuml;tjens Padmanabhan Architekten); Philipp Esch (Esch &shy;Sintzel Architekten). Text in German.","og_url":"https:\/\/www.accartbooks.com\/uk\/book\/five-good-swiss-plans\/","og_site_name":"ACC Art Books UK","article_publisher":"https:\/\/www.facebook.com\/ACCArtBooks\/","article_modified_time":"2025-06-17T13:10:29+00:00","twitter_card":"summary_large_image","twitter_site":"@accartbooks","twitter_misc":{"Estimated reading time":"1 minute"},"schema":{"@context":"https:\/\/schema.org","@graph":[{"@type":"WebPage","@id":"https:\/\/www.accartbooks.com\/uk\/book\/five-good-swiss-plans\/","url":"https:\/\/www.accartbooks.com\/uk\/book\/five-good-swiss-plans\/","name":"F\u00fcnf gute Schweizer Pl\u00e4ne - ACC Art Books UK","isPartOf":{"@id":"https:\/\/www.accartbooks.com\/uk\/#website"},"primaryImageOfPage":{"@id":"https:\/\/www.accartbooks.com\/uk\/book\/five-good-swiss-plans\/#primaryimage"},"image":{"@id":"https:\/\/www.accartbooks.com\/uk\/book\/five-good-swiss-plans\/#primaryimage"},"thumbnailUrl":"https:\/\/www.accartbooks.com\/app\/uploads\/books\/9783037613146-04-1.jpg","datePublished":"2024-07-03T19:11:35+00:00","dateModified":"2025-06-17T13:10:29+00:00","description":"Title: F\u00fcnf gute Schweizer Pl\u00e4ne, Pages: 74 Pages, Publish Date: 2nd Jun 2025, Author: Edited by Guillermo Fern\u00e1ndez-Abascal, Edited by Kate Finning, ISBN: 9783037613146. This publication presents five Swiss architects providing insight on their &ldquo;good plans&rdquo; with short texts and images: Elli Mosayebi (EMI Architekten); Jeannette Kuo (Karamuk Kuo Architects); Maria Conen (Conen Sigl Architekt:innen); L&uuml;tjens Padmanabhan (L&uuml;tjens Padmanabhan Architekten); Philipp Esch (Esch &shy;Sintzel Architekten). Text in German.","breadcrumb":{"@id":"https:\/\/www.accartbooks.com\/uk\/book\/five-good-swiss-plans\/#breadcrumb"},"inLanguage":"en-GB","potentialAction":[{"@type":"ReadAction","target":["https:\/\/www.accartbooks.com\/uk\/book\/five-good-swiss-plans\/"]}]},{"@type":"ImageObject","inLanguage":"en-GB","@id":"https:\/\/www.accartbooks.com\/uk\/book\/five-good-swiss-plans\/#primaryimage","url":"https:\/\/www.accartbooks.com\/app\/uploads\/books\/9783037613146-04-1.jpg","contentUrl":"https:\/\/www.accartbooks.com\/app\/uploads\/books\/9783037613146-04-1.jpg","width":1400,"height":1690},{"@type":"BreadcrumbList","@id":"https:\/\/www.accartbooks.com\/uk\/book\/five-good-swiss-plans\/#breadcrumb","itemListElement":[{"@type":"ListItem","position":1,"name":"Home","item":"https:\/\/www.accartbooks.com\/uk\/"},{"@type":"ListItem","position":2,"name":"Books","item":"https:\/\/www.accartbooks.com\/uk\/books\/"},{"@type":"ListItem","position":3,"name":"F\u00fcnf gute Schweizer Pl\u00e4ne"}]},{"@type":"WebSite","@id":"https:\/\/www.accartbooks.com\/uk\/#website","url":"https:\/\/www.accartbooks.com\/uk\/","name":"ACC Art Books UK","description":"One of the world\u2019s leading publishers and distributors of books on the arts and visual culture","publisher":{"@id":"https:\/\/www.accartbooks.com\/uk\/#organization"},"potentialAction":[{"@type":"SearchAction","target":{"@type":"EntryPoint","urlTemplate":"https:\/\/www.accartbooks.com\/uk\/?s={search_term_string}"},"query-input":{"@type":"PropertyValueSpecification","valueRequired":true,"valueName":"search_term_string"}}],"inLanguage":"en-GB"},{"@type":"Organization","@id":"https:\/\/www.accartbooks.com\/uk\/#organization","name":"ACC Art Books UK","url":"https:\/\/www.accartbooks.com\/uk\/","logo":{"@type":"ImageObject","inLanguage":"en-GB","@id":"https:\/\/www.accartbooks.com\/uk\/#\/schema\/logo\/image\/","url":"https:\/\/www.accartbooks.com\/app\/uploads\/2020\/05\/Acc-Logo.png","contentUrl":"https:\/\/www.accartbooks.com\/app\/uploads\/2020\/05\/Acc-Logo.png","width":64,"height":100,"caption":"ACC Art Books UK"},"image":{"@id":"https:\/\/www.accartbooks.com\/uk\/#\/schema\/logo\/image\/"},"sameAs":["https:\/\/www.facebook.com\/ACCArtBooks\/","https:\/\/x.com\/accartbooks"]}]}},"_links":{"self":[{"href":"https:\/\/www.accartbooks.com\/uk\/wp-json\/wp\/v2\/product\/53560","targetHints":{"allow":["GET"]}}],"collection":[{"href":"https:\/\/www.accartbooks.com\/uk\/wp-json\/wp\/v2\/product"}],"about":[{"href":"https:\/\/www.accartbooks.com\/uk\/wp-json\/wp\/v2\/types\/product"}],"wp:featuredmedia":[{"embeddable":true,"href":"https:\/\/www.accartbooks.com\/uk\/wp-json\/wp\/v2\/media\/63688"}],"wp:attachment":[{"href":"https:\/\/www.accartbooks.com\/uk\/wp-json\/wp\/v2\/media?parent=53560"}],"wp:term":[{"taxonomy":"product_brand","embeddable":true,"href":"https:\/\/www.accartbooks.com\/uk\/wp-json\/wp\/v2\/product_brand?post=53560"},{"taxonomy":"product_cat","embeddable":true,"href":"https:\/\/www.accartbooks.com\/uk\/wp-json\/wp\/v2\/product_cat?post=53560"},{"taxonomy":"product_tag","embeddable":true,"href":"https:\/\/www.accartbooks.com\/uk\/wp-json\/wp\/v2\/product_tag?post=53560"}],"curies":[{"name":"wp","href":"https:\/\/api.w.org\/{rel}","templated":true}]}}