{"id":54405,"date":"2024-08-07T17:12:21","date_gmt":"2024-08-07T17:12:21","guid":{"rendered":"https:\/\/www.accartbooks.com\/uk\/book\/hikobae-2\/"},"modified":"2025-10-30T21:34:51","modified_gmt":"2025-10-30T21:34:51","slug":"hikobae-2","status":"publish","type":"product","link":"https:\/\/www.accartbooks.com\/uk\/book\/hikobae-2\/","title":{"rendered":"Hikobae"},"content":{"rendered":"<p><strong><em>Hikobae<\/em><\/strong> is a book collection of comic works on the border between the genres of sociological comics and comics with a poetic value on the theme of everyday life in Japan. The project is a follow-up to the comic book <em>Iogi<\/em> (2022), in which the same team focused on ordinary life in Tokyo&#8217;s Suginami district. <em>Iogi<\/em> was presented at related exhibitions in Japan and the Czech Republic and won several prestigious awards (a bronze medal in the Japan International Manga Award, the Muriel Award for Best Screenplay, Art Award of the City of Pilsen).<\/p>\n<p>In the loose sequel entitled <strong><em>Hikobae<\/em><\/strong>, each story focuses on a different region of Japan: from the northern island of Hokkaido to Shimane Prefecture in the southwest of the archipelago, from the mountain peaks of Gunma Prefecture to the seashore of Shikoku Island. The stories deal with the theme of everyday life, far from the stereotypical ideas of the Land of the Rising Sun. The key focus of the book is on the tradition and its transmission: some comics deal with contemporary forms of traditional Japanese crafts, customs or ceremonies (pottery, fishing, the tea ceremony, blueprinting, the traditional sak&eacute; bio-production).<\/p>\n<p><strong><em>Hikobae<\/em><\/strong> is a result of an exceptional collaboration between the author of the script, Jean-Gaspard P&aacute;len&iacute;&#269;ek, who brings the perspective of his experience with life in Japan, and students of the Ladislav Sutnar Faculty of Design and Art of the University of West Bohemia in Pilsen under the supervision of V&aacute;clav &Scaron;lajch. The afterword was written by Pavel Ko&#345;&iacute;nek, an acclaimed comic expert and researcher at the Centre for Comics Studies of the CAS.<\/p>\n<p>Text in Japanese. <\/p>\n","protected":false},"excerpt":{"rendered":"<p>A follow-up to the comic book Iogi (2022) featuring stories from Japanese regions reflecting on this country&rsquo;s rich history and tradition as well as the people&#8217;s everyday life. Text in Japanese.<\/p>\n","protected":false},"featured_media":54406,"template":"","meta":{"_acf_changed":false,"_relevanssi_hide_post":"","_relevanssi_hide_content":"","_relevanssi_pin_for_all":"","_relevanssi_pin_keywords":"","_relevanssi_unpin_keywords":"","_relevanssi_related_keywords":"","_relevanssi_related_include_ids":"","_relevanssi_related_exclude_ids":"","_relevanssi_related_no_append":"","_relevanssi_related_not_related":"","_relevanssi_related_posts":"","_relevanssi_noindex_reason":""},"product_brand":[],"product_cat":[5568],"product_tag":[],"class_list":{"0":"post-54405","1":"product","2":"type-product","3":"status-publish","4":"has-post-thumbnail","6":"product_cat-art","7":"author-by-author-jean-gaspard-palenicek","8":"author-by-author-vaclav-slajch","9":"publisher-kulturalis","11":"first","12":"instock","13":"shipping-taxable","14":"purchasable","15":"product-type-simple"},"acf":[],"yoast_head":"<!-- This site is optimized with the Yoast SEO plugin v27.0 - https:\/\/yoast.com\/product\/yoast-seo-wordpress\/ -->\n<title>Hikobae - ACC Art Books UK<\/title>\n<meta name=\"description\" content=\"Title: Hikobae, Pages: 264 Pages, Publish Date: 27th Sep 2024, Author: Jean-Gaspard P\u00e1len\u00ed\u010dek, V\u00e1clav \u0160lajch, ISBN: 9781836360063. A follow-up to the comic book Iogi (2022) featuring stories from Japanese regions reflecting on this country&rsquo;s rich history and tradition as well as the people&#039;s everyday life. Text in Japanese.\" \/>\n<meta name=\"robots\" content=\"index, follow, max-snippet:-1, max-image-preview:large, max-video-preview:-1\" \/>\n<link rel=\"canonical\" href=\"https:\/\/www.accartbooks.com\/uk\/book\/hikobae-2\/\" \/>\n<meta property=\"og:locale\" content=\"en_GB\" \/>\n<meta property=\"og:type\" content=\"article\" \/>\n<meta property=\"og:title\" content=\"Hikobae - ACC Art Books UK\" \/>\n<meta property=\"og:description\" content=\"Title: Hikobae, Pages: 264 Pages, Publish Date: 27th Sep 2024, Author: Jean-Gaspard P\u00e1len\u00ed\u010dek, V\u00e1clav \u0160lajch, ISBN: 9781836360063. A follow-up to the comic book Iogi (2022) featuring stories from Japanese regions reflecting on this country&rsquo;s rich history and tradition as well as the people&#039;s everyday life. Text in Japanese.\" \/>\n<meta property=\"og:url\" content=\"https:\/\/www.accartbooks.com\/uk\/book\/hikobae-2\/\" \/>\n<meta property=\"og:site_name\" content=\"ACC Art Books UK\" \/>\n<meta property=\"article:publisher\" content=\"https:\/\/www.facebook.com\/ACCArtBooks\/\" \/>\n<meta property=\"article:modified_time\" content=\"2025-10-30T21:34:51+00:00\" \/>\n<meta property=\"og:image\" content=\"https:\/\/www.accartbooks.com\/app\/uploads\/books\/9781836360063-04-1.jpg\" \/>\n\t<meta property=\"og:image:width\" content=\"996\" \/>\n\t<meta property=\"og:image:height\" content=\"1400\" \/>\n\t<meta property=\"og:image:type\" content=\"image\/jpeg\" \/>\n<meta name=\"twitter:card\" content=\"summary_large_image\" \/>\n<meta name=\"twitter:site\" content=\"@accartbooks\" \/>\n<meta name=\"twitter:label1\" content=\"Estimated reading time\" \/>\n\t<meta name=\"twitter:data1\" content=\"1 minute\" \/>\n<script type=\"application\/ld+json\" class=\"yoast-schema-graph\">{\"@context\":\"https:\/\/schema.org\",\"@graph\":[{\"@type\":\"WebPage\",\"@id\":\"https:\/\/www.accartbooks.com\/uk\/book\/hikobae-2\/\",\"url\":\"https:\/\/www.accartbooks.com\/uk\/book\/hikobae-2\/\",\"name\":\"Hikobae - ACC Art Books UK\",\"isPartOf\":{\"@id\":\"https:\/\/www.accartbooks.com\/uk\/#website\"},\"primaryImageOfPage\":{\"@id\":\"https:\/\/www.accartbooks.com\/uk\/book\/hikobae-2\/#primaryimage\"},\"image\":{\"@id\":\"https:\/\/www.accartbooks.com\/uk\/book\/hikobae-2\/#primaryimage\"},\"thumbnailUrl\":\"https:\/\/www.accartbooks.com\/app\/uploads\/books\/9781836360063-04-1.jpg\",\"datePublished\":\"2024-08-07T17:12:21+00:00\",\"dateModified\":\"2025-10-30T21:34:51+00:00\",\"description\":\"Title: Hikobae, Pages: 264 Pages, Publish Date: 27th Sep 2024, Author: Jean-Gaspard P\u00e1len\u00ed\u010dek, V\u00e1clav \u0160lajch, ISBN: 9781836360063. A follow-up to the comic book Iogi (2022) featuring stories from Japanese regions reflecting on this country&rsquo;s rich history and tradition as well as the people's everyday life. Text in Japanese.\",\"breadcrumb\":{\"@id\":\"https:\/\/www.accartbooks.com\/uk\/book\/hikobae-2\/#breadcrumb\"},\"inLanguage\":\"en-GB\",\"potentialAction\":[{\"@type\":\"ReadAction\",\"target\":[\"https:\/\/www.accartbooks.com\/uk\/book\/hikobae-2\/\"]}]},{\"@type\":\"ImageObject\",\"inLanguage\":\"en-GB\",\"@id\":\"https:\/\/www.accartbooks.com\/uk\/book\/hikobae-2\/#primaryimage\",\"url\":\"https:\/\/www.accartbooks.com\/app\/uploads\/books\/9781836360063-04-1.jpg\",\"contentUrl\":\"https:\/\/www.accartbooks.com\/app\/uploads\/books\/9781836360063-04-1.jpg\",\"width\":996,\"height\":1400},{\"@type\":\"BreadcrumbList\",\"@id\":\"https:\/\/www.accartbooks.com\/uk\/book\/hikobae-2\/#breadcrumb\",\"itemListElement\":[{\"@type\":\"ListItem\",\"position\":1,\"name\":\"Home\",\"item\":\"https:\/\/www.accartbooks.com\/uk\/\"},{\"@type\":\"ListItem\",\"position\":2,\"name\":\"Books\",\"item\":\"https:\/\/www.accartbooks.com\/uk\/books\/\"},{\"@type\":\"ListItem\",\"position\":3,\"name\":\"Hikobae\"}]},{\"@type\":\"WebSite\",\"@id\":\"https:\/\/www.accartbooks.com\/uk\/#website\",\"url\":\"https:\/\/www.accartbooks.com\/uk\/\",\"name\":\"ACC Art Books UK\",\"description\":\"One of the world\u2019s leading publishers and distributors of books on the arts and visual culture\",\"publisher\":{\"@id\":\"https:\/\/www.accartbooks.com\/uk\/#organization\"},\"potentialAction\":[{\"@type\":\"SearchAction\",\"target\":{\"@type\":\"EntryPoint\",\"urlTemplate\":\"https:\/\/www.accartbooks.com\/uk\/?s={search_term_string}\"},\"query-input\":{\"@type\":\"PropertyValueSpecification\",\"valueRequired\":true,\"valueName\":\"search_term_string\"}}],\"inLanguage\":\"en-GB\"},{\"@type\":\"Organization\",\"@id\":\"https:\/\/www.accartbooks.com\/uk\/#organization\",\"name\":\"ACC Art Books UK\",\"url\":\"https:\/\/www.accartbooks.com\/uk\/\",\"logo\":{\"@type\":\"ImageObject\",\"inLanguage\":\"en-GB\",\"@id\":\"https:\/\/www.accartbooks.com\/uk\/#\/schema\/logo\/image\/\",\"url\":\"https:\/\/www.accartbooks.com\/app\/uploads\/2020\/05\/Acc-Logo.png\",\"contentUrl\":\"https:\/\/www.accartbooks.com\/app\/uploads\/2020\/05\/Acc-Logo.png\",\"width\":64,\"height\":100,\"caption\":\"ACC Art Books UK\"},\"image\":{\"@id\":\"https:\/\/www.accartbooks.com\/uk\/#\/schema\/logo\/image\/\"},\"sameAs\":[\"https:\/\/www.facebook.com\/ACCArtBooks\/\",\"https:\/\/x.com\/accartbooks\"]}]}<\/script>\n<!-- \/ Yoast SEO plugin. -->","yoast_head_json":{"title":"Hikobae - ACC Art Books UK","description":"Title: Hikobae, Pages: 264 Pages, Publish Date: 27th Sep 2024, Author: Jean-Gaspard P\u00e1len\u00ed\u010dek, V\u00e1clav \u0160lajch, ISBN: 9781836360063. A follow-up to the comic book Iogi (2022) featuring stories from Japanese regions reflecting on this country&rsquo;s rich history and tradition as well as the people's everyday life. Text in Japanese.","robots":{"index":"index","follow":"follow","max-snippet":"max-snippet:-1","max-image-preview":"max-image-preview:large","max-video-preview":"max-video-preview:-1"},"canonical":"https:\/\/www.accartbooks.com\/uk\/book\/hikobae-2\/","og_locale":"en_GB","og_type":"article","og_title":"Hikobae - ACC Art Books UK","og_description":"Title: Hikobae, Pages: 264 Pages, Publish Date: 27th Sep 2024, Author: Jean-Gaspard P\u00e1len\u00ed\u010dek, V\u00e1clav \u0160lajch, ISBN: 9781836360063. A follow-up to the comic book Iogi (2022) featuring stories from Japanese regions reflecting on this country&rsquo;s rich history and tradition as well as the people's everyday life. Text in Japanese.","og_url":"https:\/\/www.accartbooks.com\/uk\/book\/hikobae-2\/","og_site_name":"ACC Art Books UK","article_publisher":"https:\/\/www.facebook.com\/ACCArtBooks\/","article_modified_time":"2025-10-30T21:34:51+00:00","og_image":[{"width":996,"height":1400,"url":"https:\/\/www.accartbooks.com\/app\/uploads\/books\/9781836360063-04-1.jpg","type":"image\/jpeg"}],"twitter_card":"summary_large_image","twitter_site":"@accartbooks","twitter_misc":{"Estimated reading time":"1 minute"},"schema":{"@context":"https:\/\/schema.org","@graph":[{"@type":"WebPage","@id":"https:\/\/www.accartbooks.com\/uk\/book\/hikobae-2\/","url":"https:\/\/www.accartbooks.com\/uk\/book\/hikobae-2\/","name":"Hikobae - ACC Art Books UK","isPartOf":{"@id":"https:\/\/www.accartbooks.com\/uk\/#website"},"primaryImageOfPage":{"@id":"https:\/\/www.accartbooks.com\/uk\/book\/hikobae-2\/#primaryimage"},"image":{"@id":"https:\/\/www.accartbooks.com\/uk\/book\/hikobae-2\/#primaryimage"},"thumbnailUrl":"https:\/\/www.accartbooks.com\/app\/uploads\/books\/9781836360063-04-1.jpg","datePublished":"2024-08-07T17:12:21+00:00","dateModified":"2025-10-30T21:34:51+00:00","description":"Title: Hikobae, Pages: 264 Pages, Publish Date: 27th Sep 2024, Author: Jean-Gaspard P\u00e1len\u00ed\u010dek, V\u00e1clav \u0160lajch, ISBN: 9781836360063. A follow-up to the comic book Iogi (2022) featuring stories from Japanese regions reflecting on this country&rsquo;s rich history and tradition as well as the people's everyday life. Text in Japanese.","breadcrumb":{"@id":"https:\/\/www.accartbooks.com\/uk\/book\/hikobae-2\/#breadcrumb"},"inLanguage":"en-GB","potentialAction":[{"@type":"ReadAction","target":["https:\/\/www.accartbooks.com\/uk\/book\/hikobae-2\/"]}]},{"@type":"ImageObject","inLanguage":"en-GB","@id":"https:\/\/www.accartbooks.com\/uk\/book\/hikobae-2\/#primaryimage","url":"https:\/\/www.accartbooks.com\/app\/uploads\/books\/9781836360063-04-1.jpg","contentUrl":"https:\/\/www.accartbooks.com\/app\/uploads\/books\/9781836360063-04-1.jpg","width":996,"height":1400},{"@type":"BreadcrumbList","@id":"https:\/\/www.accartbooks.com\/uk\/book\/hikobae-2\/#breadcrumb","itemListElement":[{"@type":"ListItem","position":1,"name":"Home","item":"https:\/\/www.accartbooks.com\/uk\/"},{"@type":"ListItem","position":2,"name":"Books","item":"https:\/\/www.accartbooks.com\/uk\/books\/"},{"@type":"ListItem","position":3,"name":"Hikobae"}]},{"@type":"WebSite","@id":"https:\/\/www.accartbooks.com\/uk\/#website","url":"https:\/\/www.accartbooks.com\/uk\/","name":"ACC Art Books UK","description":"One of the world\u2019s leading publishers and distributors of books on the arts and visual culture","publisher":{"@id":"https:\/\/www.accartbooks.com\/uk\/#organization"},"potentialAction":[{"@type":"SearchAction","target":{"@type":"EntryPoint","urlTemplate":"https:\/\/www.accartbooks.com\/uk\/?s={search_term_string}"},"query-input":{"@type":"PropertyValueSpecification","valueRequired":true,"valueName":"search_term_string"}}],"inLanguage":"en-GB"},{"@type":"Organization","@id":"https:\/\/www.accartbooks.com\/uk\/#organization","name":"ACC Art Books UK","url":"https:\/\/www.accartbooks.com\/uk\/","logo":{"@type":"ImageObject","inLanguage":"en-GB","@id":"https:\/\/www.accartbooks.com\/uk\/#\/schema\/logo\/image\/","url":"https:\/\/www.accartbooks.com\/app\/uploads\/2020\/05\/Acc-Logo.png","contentUrl":"https:\/\/www.accartbooks.com\/app\/uploads\/2020\/05\/Acc-Logo.png","width":64,"height":100,"caption":"ACC Art Books UK"},"image":{"@id":"https:\/\/www.accartbooks.com\/uk\/#\/schema\/logo\/image\/"},"sameAs":["https:\/\/www.facebook.com\/ACCArtBooks\/","https:\/\/x.com\/accartbooks"]}]}},"_links":{"self":[{"href":"https:\/\/www.accartbooks.com\/uk\/wp-json\/wp\/v2\/product\/54405","targetHints":{"allow":["GET"]}}],"collection":[{"href":"https:\/\/www.accartbooks.com\/uk\/wp-json\/wp\/v2\/product"}],"about":[{"href":"https:\/\/www.accartbooks.com\/uk\/wp-json\/wp\/v2\/types\/product"}],"wp:featuredmedia":[{"embeddable":true,"href":"https:\/\/www.accartbooks.com\/uk\/wp-json\/wp\/v2\/media\/54406"}],"wp:attachment":[{"href":"https:\/\/www.accartbooks.com\/uk\/wp-json\/wp\/v2\/media?parent=54405"}],"wp:term":[{"taxonomy":"product_brand","embeddable":true,"href":"https:\/\/www.accartbooks.com\/uk\/wp-json\/wp\/v2\/product_brand?post=54405"},{"taxonomy":"product_cat","embeddable":true,"href":"https:\/\/www.accartbooks.com\/uk\/wp-json\/wp\/v2\/product_cat?post=54405"},{"taxonomy":"product_tag","embeddable":true,"href":"https:\/\/www.accartbooks.com\/uk\/wp-json\/wp\/v2\/product_tag?post=54405"}],"curies":[{"name":"wp","href":"https:\/\/api.w.org\/{rel}","templated":true}]}}