{"id":55822,"date":"2024-10-02T19:10:27","date_gmt":"2024-10-02T19:10:27","guid":{"rendered":"https:\/\/www.accartbooks.com\/uk\/book\/arturo-mezzedimi-africa-hall\/"},"modified":"2026-04-10T23:45:05","modified_gmt":"2026-04-10T23:45:05","slug":"arturo-mezzedimi-africa-hall","status":"publish","type":"product","link":"https:\/\/www.accartbooks.com\/uk\/book\/arturo-mezzedimi-africa-hall\/","title":{"rendered":"Arturo Mezz\u00e8dimi, Africa Hall"},"content":{"rendered":"<p>This book is a photographic journey on the origin and life of &ldquo;Africa Hall&rdquo; in Addis Ababa, Ethiopia &ndash; a building declared in 2015 &ldquo;Monument to African History&rdquo; and recently renovated &ndash; which was donated in 1961 by Emperor Haile Selassie to the United Nations. Africa Hall was designed by Arturo Mezz&egrave;dimi, a young self-taught architect, to serve as the UN&rsquo;s continental headquarters and was the birthplace, in 1963, of the Organization of African Unity, now African Union.<\/p>\n<p>The building came to life with an inspiring story of reconciliation at a crucial moment in African history, when the continent was emerging out of the colonial period and making headway into a new era of independence and envisaged unity. Through its architectural composition and the embedded artworks, it embodied a Pan-Africanist vision and its rising ideals.<\/p>\n<p>Edited by the grandson of the architect and representing Italy&rsquo;s contribution to the renovation project, the book sits at the crossroads of photography, architecture, history, and art and comprises an amplitude of independent essays, contributions and recollections from authors of diverse profiles. Through impacting images and short articles, it addresses events of historical relevance on a global scale, for the entire continent of Africa, at a national level for Ethiopia, and locally for the city of Addis Ababa, concluding with an introduction to the life and work of its architect.<\/p>\n","protected":false},"excerpt":{"rendered":"<p>A photographic journey complemented by a collection of academic essays on related historical, architectural and artistic topics &ndash; all on the origin and life of &ldquo;Africa Hall&rdquo; in Addis Ababa, Ethiopia.<\/p>\n","protected":false},"featured_media":55823,"template":"","meta":{"_acf_changed":false,"_relevanssi_hide_post":"","_relevanssi_hide_content":"","_relevanssi_pin_for_all":"","_relevanssi_pin_keywords":"","_relevanssi_unpin_keywords":"","_relevanssi_related_keywords":"","_relevanssi_related_include_ids":"","_relevanssi_related_exclude_ids":"","_relevanssi_related_no_append":"","_relevanssi_related_not_related":"","_relevanssi_related_posts":"","_relevanssi_noindex_reason":""},"product_brand":[],"product_cat":[5559],"product_tag":[],"class_list":{"0":"post-55822","1":"product","2":"type-product","3":"status-publish","4":"has-post-thumbnail","6":"product_cat-architecture-landscape-design","7":"author-by-author-marcello-mezzedimi","8":"publisher-oro-editions","10":"first","11":"instock","12":"shipping-taxable","13":"purchasable","14":"product-type-simple"},"acf":[],"yoast_head":"<!-- This site is optimized with the Yoast SEO plugin v27.0 - https:\/\/yoast.com\/product\/yoast-seo-wordpress\/ -->\n<title>Arturo Mezz\u00e8dimi, Africa Hall - ACC Art Books UK<\/title>\n<meta name=\"description\" content=\"Title: Arturo Mezz\u00e8dimi, Africa Hall, Pages: 460 Pages, Publish Date: 11th May 2026, Author: Marcello Mezz\u00e8dimi, ISBN: 9781961856639. A photographic journey complemented by a collection of academic essays on related historical, architectural and artistic topics &ndash; all on the origin and life of &ldquo;Africa Hall&rdquo; in Addis Ababa, Ethiopia.\" \/>\n<meta name=\"robots\" content=\"index, follow, max-snippet:-1, max-image-preview:large, max-video-preview:-1\" \/>\n<link rel=\"canonical\" href=\"https:\/\/www.accartbooks.com\/uk\/book\/arturo-mezzedimi-africa-hall\/\" \/>\n<meta property=\"og:locale\" content=\"en_GB\" \/>\n<meta property=\"og:type\" content=\"article\" \/>\n<meta property=\"og:title\" content=\"Arturo Mezz\u00e8dimi, Africa Hall - ACC Art Books UK\" \/>\n<meta property=\"og:description\" content=\"Title: Arturo Mezz\u00e8dimi, Africa Hall, Pages: 460 Pages, Publish Date: 11th May 2026, Author: Marcello Mezz\u00e8dimi, ISBN: 9781961856639. A photographic journey complemented by a collection of academic essays on related historical, architectural and artistic topics &ndash; all on the origin and life of &ldquo;Africa Hall&rdquo; in Addis Ababa, Ethiopia.\" \/>\n<meta property=\"og:url\" content=\"https:\/\/www.accartbooks.com\/uk\/book\/arturo-mezzedimi-africa-hall\/\" \/>\n<meta property=\"og:site_name\" content=\"ACC Art Books UK\" \/>\n<meta property=\"article:publisher\" content=\"https:\/\/www.facebook.com\/ACCArtBooks\/\" \/>\n<meta property=\"article:modified_time\" content=\"2026-04-10T23:45:05+00:00\" \/>\n<meta property=\"og:image\" content=\"https:\/\/www.accartbooks.com\/app\/uploads\/books\/9781961856639-04-2.jpg\" \/>\n\t<meta property=\"og:image:width\" content=\"1150\" \/>\n\t<meta property=\"og:image:height\" content=\"1400\" \/>\n\t<meta property=\"og:image:type\" content=\"image\/jpeg\" \/>\n<meta name=\"twitter:card\" content=\"summary_large_image\" \/>\n<meta name=\"twitter:site\" content=\"@accartbooks\" \/>\n<meta name=\"twitter:label1\" content=\"Estimated reading time\" \/>\n\t<meta name=\"twitter:data1\" content=\"1 minute\" \/>\n<script type=\"application\/ld+json\" class=\"yoast-schema-graph\">{\"@context\":\"https:\/\/schema.org\",\"@graph\":[{\"@type\":\"WebPage\",\"@id\":\"https:\/\/www.accartbooks.com\/uk\/book\/arturo-mezzedimi-africa-hall\/\",\"url\":\"https:\/\/www.accartbooks.com\/uk\/book\/arturo-mezzedimi-africa-hall\/\",\"name\":\"Arturo Mezz\u00e8dimi, Africa Hall - ACC Art Books UK\",\"isPartOf\":{\"@id\":\"https:\/\/www.accartbooks.com\/uk\/#website\"},\"primaryImageOfPage\":{\"@id\":\"https:\/\/www.accartbooks.com\/uk\/book\/arturo-mezzedimi-africa-hall\/#primaryimage\"},\"image\":{\"@id\":\"https:\/\/www.accartbooks.com\/uk\/book\/arturo-mezzedimi-africa-hall\/#primaryimage\"},\"thumbnailUrl\":\"https:\/\/www.accartbooks.com\/app\/uploads\/books\/9781961856639-04-2.jpg\",\"datePublished\":\"2024-10-02T19:10:27+00:00\",\"dateModified\":\"2026-04-10T23:45:05+00:00\",\"description\":\"Title: Arturo Mezz\u00e8dimi, Africa Hall, Pages: 460 Pages, Publish Date: 11th May 2026, Author: Marcello Mezz\u00e8dimi, ISBN: 9781961856639. A photographic journey complemented by a collection of academic essays on related historical, architectural and artistic topics &ndash; all on the origin and life of &ldquo;Africa Hall&rdquo; in Addis Ababa, Ethiopia.\",\"breadcrumb\":{\"@id\":\"https:\/\/www.accartbooks.com\/uk\/book\/arturo-mezzedimi-africa-hall\/#breadcrumb\"},\"inLanguage\":\"en-GB\",\"potentialAction\":[{\"@type\":\"ReadAction\",\"target\":[\"https:\/\/www.accartbooks.com\/uk\/book\/arturo-mezzedimi-africa-hall\/\"]}]},{\"@type\":\"ImageObject\",\"inLanguage\":\"en-GB\",\"@id\":\"https:\/\/www.accartbooks.com\/uk\/book\/arturo-mezzedimi-africa-hall\/#primaryimage\",\"url\":\"https:\/\/www.accartbooks.com\/app\/uploads\/books\/9781961856639-04-2.jpg\",\"contentUrl\":\"https:\/\/www.accartbooks.com\/app\/uploads\/books\/9781961856639-04-2.jpg\",\"width\":1150,\"height\":1400},{\"@type\":\"BreadcrumbList\",\"@id\":\"https:\/\/www.accartbooks.com\/uk\/book\/arturo-mezzedimi-africa-hall\/#breadcrumb\",\"itemListElement\":[{\"@type\":\"ListItem\",\"position\":1,\"name\":\"Home\",\"item\":\"https:\/\/www.accartbooks.com\/uk\/\"},{\"@type\":\"ListItem\",\"position\":2,\"name\":\"Books\",\"item\":\"https:\/\/www.accartbooks.com\/uk\/books\/\"},{\"@type\":\"ListItem\",\"position\":3,\"name\":\"Arturo Mezz\u00e8dimi, Africa Hall\"}]},{\"@type\":\"WebSite\",\"@id\":\"https:\/\/www.accartbooks.com\/uk\/#website\",\"url\":\"https:\/\/www.accartbooks.com\/uk\/\",\"name\":\"ACC Art Books UK\",\"description\":\"One of the world\u2019s leading publishers and distributors of books on the arts and visual culture\",\"publisher\":{\"@id\":\"https:\/\/www.accartbooks.com\/uk\/#organization\"},\"potentialAction\":[{\"@type\":\"SearchAction\",\"target\":{\"@type\":\"EntryPoint\",\"urlTemplate\":\"https:\/\/www.accartbooks.com\/uk\/?s={search_term_string}\"},\"query-input\":{\"@type\":\"PropertyValueSpecification\",\"valueRequired\":true,\"valueName\":\"search_term_string\"}}],\"inLanguage\":\"en-GB\"},{\"@type\":\"Organization\",\"@id\":\"https:\/\/www.accartbooks.com\/uk\/#organization\",\"name\":\"ACC Art Books UK\",\"url\":\"https:\/\/www.accartbooks.com\/uk\/\",\"logo\":{\"@type\":\"ImageObject\",\"inLanguage\":\"en-GB\",\"@id\":\"https:\/\/www.accartbooks.com\/uk\/#\/schema\/logo\/image\/\",\"url\":\"https:\/\/www.accartbooks.com\/app\/uploads\/2020\/05\/Acc-Logo.png\",\"contentUrl\":\"https:\/\/www.accartbooks.com\/app\/uploads\/2020\/05\/Acc-Logo.png\",\"width\":64,\"height\":100,\"caption\":\"ACC Art Books UK\"},\"image\":{\"@id\":\"https:\/\/www.accartbooks.com\/uk\/#\/schema\/logo\/image\/\"},\"sameAs\":[\"https:\/\/www.facebook.com\/ACCArtBooks\/\",\"https:\/\/x.com\/accartbooks\"]}]}<\/script>\n<!-- \/ Yoast SEO plugin. -->","yoast_head_json":{"title":"Arturo Mezz\u00e8dimi, Africa Hall - ACC Art Books UK","description":"Title: Arturo Mezz\u00e8dimi, Africa Hall, Pages: 460 Pages, Publish Date: 11th May 2026, Author: Marcello Mezz\u00e8dimi, ISBN: 9781961856639. A photographic journey complemented by a collection of academic essays on related historical, architectural and artistic topics &ndash; all on the origin and life of &ldquo;Africa Hall&rdquo; in Addis Ababa, Ethiopia.","robots":{"index":"index","follow":"follow","max-snippet":"max-snippet:-1","max-image-preview":"max-image-preview:large","max-video-preview":"max-video-preview:-1"},"canonical":"https:\/\/www.accartbooks.com\/uk\/book\/arturo-mezzedimi-africa-hall\/","og_locale":"en_GB","og_type":"article","og_title":"Arturo Mezz\u00e8dimi, Africa Hall - ACC Art Books UK","og_description":"Title: Arturo Mezz\u00e8dimi, Africa Hall, Pages: 460 Pages, Publish Date: 11th May 2026, Author: Marcello Mezz\u00e8dimi, ISBN: 9781961856639. A photographic journey complemented by a collection of academic essays on related historical, architectural and artistic topics &ndash; all on the origin and life of &ldquo;Africa Hall&rdquo; in Addis Ababa, Ethiopia.","og_url":"https:\/\/www.accartbooks.com\/uk\/book\/arturo-mezzedimi-africa-hall\/","og_site_name":"ACC Art Books UK","article_publisher":"https:\/\/www.facebook.com\/ACCArtBooks\/","article_modified_time":"2026-04-10T23:45:05+00:00","og_image":[{"width":1150,"height":1400,"url":"https:\/\/www.accartbooks.com\/app\/uploads\/books\/9781961856639-04-2.jpg","type":"image\/jpeg"}],"twitter_card":"summary_large_image","twitter_site":"@accartbooks","twitter_misc":{"Estimated reading time":"1 minute"},"schema":{"@context":"https:\/\/schema.org","@graph":[{"@type":"WebPage","@id":"https:\/\/www.accartbooks.com\/uk\/book\/arturo-mezzedimi-africa-hall\/","url":"https:\/\/www.accartbooks.com\/uk\/book\/arturo-mezzedimi-africa-hall\/","name":"Arturo Mezz\u00e8dimi, Africa Hall - ACC Art Books UK","isPartOf":{"@id":"https:\/\/www.accartbooks.com\/uk\/#website"},"primaryImageOfPage":{"@id":"https:\/\/www.accartbooks.com\/uk\/book\/arturo-mezzedimi-africa-hall\/#primaryimage"},"image":{"@id":"https:\/\/www.accartbooks.com\/uk\/book\/arturo-mezzedimi-africa-hall\/#primaryimage"},"thumbnailUrl":"https:\/\/www.accartbooks.com\/app\/uploads\/books\/9781961856639-04-2.jpg","datePublished":"2024-10-02T19:10:27+00:00","dateModified":"2026-04-10T23:45:05+00:00","description":"Title: Arturo Mezz\u00e8dimi, Africa Hall, Pages: 460 Pages, Publish Date: 11th May 2026, Author: Marcello Mezz\u00e8dimi, ISBN: 9781961856639. A photographic journey complemented by a collection of academic essays on related historical, architectural and artistic topics &ndash; all on the origin and life of &ldquo;Africa Hall&rdquo; in Addis Ababa, Ethiopia.","breadcrumb":{"@id":"https:\/\/www.accartbooks.com\/uk\/book\/arturo-mezzedimi-africa-hall\/#breadcrumb"},"inLanguage":"en-GB","potentialAction":[{"@type":"ReadAction","target":["https:\/\/www.accartbooks.com\/uk\/book\/arturo-mezzedimi-africa-hall\/"]}]},{"@type":"ImageObject","inLanguage":"en-GB","@id":"https:\/\/www.accartbooks.com\/uk\/book\/arturo-mezzedimi-africa-hall\/#primaryimage","url":"https:\/\/www.accartbooks.com\/app\/uploads\/books\/9781961856639-04-2.jpg","contentUrl":"https:\/\/www.accartbooks.com\/app\/uploads\/books\/9781961856639-04-2.jpg","width":1150,"height":1400},{"@type":"BreadcrumbList","@id":"https:\/\/www.accartbooks.com\/uk\/book\/arturo-mezzedimi-africa-hall\/#breadcrumb","itemListElement":[{"@type":"ListItem","position":1,"name":"Home","item":"https:\/\/www.accartbooks.com\/uk\/"},{"@type":"ListItem","position":2,"name":"Books","item":"https:\/\/www.accartbooks.com\/uk\/books\/"},{"@type":"ListItem","position":3,"name":"Arturo Mezz\u00e8dimi, Africa Hall"}]},{"@type":"WebSite","@id":"https:\/\/www.accartbooks.com\/uk\/#website","url":"https:\/\/www.accartbooks.com\/uk\/","name":"ACC Art Books UK","description":"One of the world\u2019s leading publishers and distributors of books on the arts and visual culture","publisher":{"@id":"https:\/\/www.accartbooks.com\/uk\/#organization"},"potentialAction":[{"@type":"SearchAction","target":{"@type":"EntryPoint","urlTemplate":"https:\/\/www.accartbooks.com\/uk\/?s={search_term_string}"},"query-input":{"@type":"PropertyValueSpecification","valueRequired":true,"valueName":"search_term_string"}}],"inLanguage":"en-GB"},{"@type":"Organization","@id":"https:\/\/www.accartbooks.com\/uk\/#organization","name":"ACC Art Books UK","url":"https:\/\/www.accartbooks.com\/uk\/","logo":{"@type":"ImageObject","inLanguage":"en-GB","@id":"https:\/\/www.accartbooks.com\/uk\/#\/schema\/logo\/image\/","url":"https:\/\/www.accartbooks.com\/app\/uploads\/2020\/05\/Acc-Logo.png","contentUrl":"https:\/\/www.accartbooks.com\/app\/uploads\/2020\/05\/Acc-Logo.png","width":64,"height":100,"caption":"ACC Art Books UK"},"image":{"@id":"https:\/\/www.accartbooks.com\/uk\/#\/schema\/logo\/image\/"},"sameAs":["https:\/\/www.facebook.com\/ACCArtBooks\/","https:\/\/x.com\/accartbooks"]}]}},"_links":{"self":[{"href":"https:\/\/www.accartbooks.com\/uk\/wp-json\/wp\/v2\/product\/55822","targetHints":{"allow":["GET"]}}],"collection":[{"href":"https:\/\/www.accartbooks.com\/uk\/wp-json\/wp\/v2\/product"}],"about":[{"href":"https:\/\/www.accartbooks.com\/uk\/wp-json\/wp\/v2\/types\/product"}],"wp:featuredmedia":[{"embeddable":true,"href":"https:\/\/www.accartbooks.com\/uk\/wp-json\/wp\/v2\/media\/55823"}],"wp:attachment":[{"href":"https:\/\/www.accartbooks.com\/uk\/wp-json\/wp\/v2\/media?parent=55822"}],"wp:term":[{"taxonomy":"product_brand","embeddable":true,"href":"https:\/\/www.accartbooks.com\/uk\/wp-json\/wp\/v2\/product_brand?post=55822"},{"taxonomy":"product_cat","embeddable":true,"href":"https:\/\/www.accartbooks.com\/uk\/wp-json\/wp\/v2\/product_cat?post=55822"},{"taxonomy":"product_tag","embeddable":true,"href":"https:\/\/www.accartbooks.com\/uk\/wp-json\/wp\/v2\/product_tag?post=55822"}],"curies":[{"name":"wp","href":"https:\/\/api.w.org\/{rel}","templated":true}]}}