{"id":56763,"date":"2024-10-27T16:12:18","date_gmt":"2024-10-27T16:12:18","guid":{"rendered":"https:\/\/www.accartbooks.com\/uk\/book\/new-architecture-in-south-tyrol-2018-2024\/"},"modified":"2025-02-11T00:54:57","modified_gmt":"2025-02-11T00:54:57","slug":"new-architecture-in-south-tyrol-2018-2024","status":"publish","type":"product","link":"https:\/\/www.accartbooks.com\/uk\/book\/new-architecture-in-south-tyrol-2018-2024\/","title":{"rendered":"New Architecture in South Tyrol 2018\u20132024"},"content":{"rendered":"<p>Fifty-six buildings, realised in South Tyrol in 2018 &ndash;24, were selected by an international jury to tell the region&rsquo;s most recent architectural history. This book features them in groups and lavishly illustrated with photographs, plans, and drawings, many of which have never been published before. Essays and critical observations supplement the images and open up a dialogue, reveals hidden connections, and inspire new reflections. Texts and images invite readers to discover and understand architecture and its motivations.<\/p>\n<p><strong><em>New Architecture in South Tyrol 2018-2024<\/em><\/strong> continues the series of books that has comprehensively documented architectural developments and the rich building culture in South Tyrol since 2000. It is the unique building culture of a region that is characterised by an open, forward-looking view of traditional approaches in architecture.<\/p>\n<p>Text in English, German and Italian.<\/p>\n","protected":false},"excerpt":{"rendered":"<p>Features 56 outstanding buildings from 2018&ndash;24 in South Tyrol through photographs and plans, most of which previously unpublished. Published to accompany the exhibition New Architecture in South Tyrol 2018-2024 at Kunst Meran 27 October 2024 to 16 February 2025. Text in English, German and Italian.<br \/>GIBT ES EINE S&Uuml;DTIROLER<br \/>\nARCHITEKTUR? 12<br \/>\nESISTE UN&rsquo;ARCHITETTURA<br \/>\nDELL&rsquo;ALTO ADIGE? 14<br \/>\nIS THERE SUCH A THING<br \/>\nAS SOUTH TYROLEAN ARCHITECTURE? 17<br \/>\nFilippo Bricolo<br \/>\nREFLEXIVE WIEDERVERWENDUNG 19<br \/>\nRIUSO RIFLESSIVO 21<br \/>\nREFLEXIVE REUSE 22<br \/>\nFilippo Bricolo<br \/>\n24 Markus Scherer<br \/>\n&bdquo;Maria Trost&ldquo; &ndash; Stift Stams<br \/>\nSanierung und Erweiterung | Recupero e ampliamento | Renovation and addition<br \/>\n30 Lukas Wielander<br \/>\nMartin Trebo<br \/>\nFiegele-Prieth-Haus<br \/>\nSanierung | Recupero | Renovation<br \/>\n36 MoDusArchitects<br \/>\nSanierung und Erweiterung Cusanus Akademie<br \/>\nRecupero e ampliamento Accademia Cusanus | Renovation and addition Cusanus Academy<br \/>\n42 Markus Scherer<br \/>\nRevitalisierung Schule Leonardo da Vinci und San Nicol&ograve; | Riqualificazione scuola Leonardo da Vinci<br \/>\ne San Nicol&ograve; | Makeover of Leonardo da Vinci and San Nicol&ograve; school<br \/>\n48 Area Architetti Associati<br \/>\nSinfonia &ndash; Similaun<br \/>\nEnergetische Sanierung | Riqualificazione energetica | Energy retrofit<br \/>\n54 Architekturkollektiv null17<br \/>\nMaireggerhof<br \/>\nAlter Stadel | Antico fienile | Old barn<br \/>\n60 Walter Angonese<br \/>\nmit\/con\/with Flaim Pr&uuml;nster<br \/>\nBadehaus, Seehotel Ambach<br \/>\n61 Area Architetti Associati<br \/>\nSinfonia &ndash; Aslago<br \/>\nEnergetische Sanierung | Riqualificazione energetica | Energy retrofit<br \/>\n62 Busselli Scherer<br \/>\nWaldheim<br \/>\nKONTINUIT&Auml;T | CONTINUIT&Agrave;<br \/>\nCONTINUITY 63<br \/>\nRoland Baldi<br \/>\nGeorg Klotzner<br \/>\nAlexander Zoeggeler<\/p>\n","protected":false},"featured_media":56764,"template":"","meta":{"_acf_changed":false,"_relevanssi_hide_post":"","_relevanssi_hide_content":"","_relevanssi_pin_for_all":"","_relevanssi_pin_keywords":"","_relevanssi_unpin_keywords":"","_relevanssi_related_keywords":"","_relevanssi_related_include_ids":"","_relevanssi_related_exclude_ids":"","_relevanssi_related_no_append":"","_relevanssi_related_not_related":"","_relevanssi_related_posts":"","_relevanssi_noindex_reason":""},"product_brand":[],"product_cat":[5559],"product_tag":[],"class_list":{"0":"post-56763","1":"product","2":"type-product","3":"status-publish","4":"has-post-thumbnail","6":"product_cat-architecture-landscape-design","7":"author-edited-by-architekturstiftung-sudtirol","8":"author-edited-by-kunst-meran","9":"author-edited-by-sudtiroler-kunstlerbund","10":"publisher-park-books","12":"first","13":"instock","14":"shipping-taxable","15":"purchasable","16":"product-type-simple"},"acf":[],"yoast_head":"<!-- This site is optimized with the Yoast SEO plugin v27.0 - https:\/\/yoast.com\/product\/yoast-seo-wordpress\/ -->\n<title>New Architecture in South Tyrol 2018\u20132024 - ACC Art Books UK<\/title>\n<meta name=\"description\" content=\"Title: New Architecture in South Tyrol 2018\u20132024, Pages: 288 Pages, Publish Date: 18th Dec 2024, Author: Edited by Architekturstiftung S\u00fcdtirol, Edited by Kunst Meran, Edited by S\u00fcdtiroler K\u00fcnstlerbund, ISBN: 9783038604167. Features 56 outstanding buildings from 2018&ndash;24 in South Tyrol through photographs and plans, most of which previously unpublished. Published to accompany the exhibition New Architecture in South Tyrol 2018-2024 at Kunst Meran 27 October 2024 to 16 February 2025. Text in English, German and Italian.GIBT ES EINE S&Uuml;DTIROLER ARCHITEKTUR? 12 ESISTE UN&rsquo;ARCHITETTURA DELL&rsquo;ALTO ADIGE? 14 IS THERE SUCH A THING AS SOUTH TYROLEAN ARCHITECTURE? 17 Filippo Bricolo REFLEXIVE WIEDERVERWENDUNG 19 RIUSO RIFLESSIVO 21 REFLEXIVE REUSE 22 Filippo Bricolo 24 Markus Scherer &bdquo;Maria Trost&ldquo; &ndash; Stift Stams Sanierung und Erweiterung | Recupero e ampliamento | Renovation and addition 30 Lukas Wielander Martin Trebo Fiegele-Prieth-Haus Sanierung | Recupero | Renovation 36 MoDusArchitects Sanierung und Erweiterung Cusanus Akademie Recupero e ampliamento Accademia Cusanus | Renovation and addition Cusanus Academy 42 Markus Scherer Revitalisierung Schule Leonardo da Vinci und San Nicol&ograve; | Riqualificazione scuola Leonardo da Vinci e San Nicol&ograve; | Makeover of Leonardo da Vinci and San Nicol&ograve; school 48 Area Architetti Associati Sinfonia &ndash; Similaun Energetische Sanierung | Riqualificazione energetica | Energy retrofit 54 Architekturkollektiv null17 Maireggerhof Alter Stadel | Antico fienile | Old barn 60 Walter Angonese mit\/con\/with Flaim Pr&uuml;nster Badehaus, Seehotel Ambach 61 Area Architetti Associati Sinfonia &ndash; Aslago Energetische Sanierung | Riqualificazione energetica | Energy retrofit 62 Busselli Scherer Waldheim KONTINUIT&Auml;T | CONTINUIT&Agrave; CONTINUITY 63 Roland Baldi Georg Klotzner Alexander Zoeggeler\" \/>\n<meta name=\"robots\" content=\"index, follow, max-snippet:-1, max-image-preview:large, max-video-preview:-1\" \/>\n<link rel=\"canonical\" href=\"https:\/\/www.accartbooks.com\/uk\/book\/new-architecture-in-south-tyrol-2018-2024\/\" \/>\n<meta property=\"og:locale\" content=\"en_GB\" \/>\n<meta property=\"og:type\" content=\"article\" \/>\n<meta property=\"og:title\" content=\"New Architecture in South Tyrol 2018\u20132024 - ACC Art Books UK\" \/>\n<meta property=\"og:description\" content=\"Title: New Architecture in South Tyrol 2018\u20132024, Pages: 288 Pages, Publish Date: 18th Dec 2024, Author: Edited by Architekturstiftung S\u00fcdtirol, Edited by Kunst Meran, Edited by S\u00fcdtiroler K\u00fcnstlerbund, ISBN: 9783038604167. Features 56 outstanding buildings from 2018&ndash;24 in South Tyrol through photographs and plans, most of which previously unpublished. Published to accompany the exhibition New Architecture in South Tyrol 2018-2024 at Kunst Meran 27 October 2024 to 16 February 2025. Text in English, German and Italian.GIBT ES EINE S&Uuml;DTIROLER ARCHITEKTUR? 12 ESISTE UN&rsquo;ARCHITETTURA DELL&rsquo;ALTO ADIGE? 14 IS THERE SUCH A THING AS SOUTH TYROLEAN ARCHITECTURE? 17 Filippo Bricolo REFLEXIVE WIEDERVERWENDUNG 19 RIUSO RIFLESSIVO 21 REFLEXIVE REUSE 22 Filippo Bricolo 24 Markus Scherer &bdquo;Maria Trost&ldquo; &ndash; Stift Stams Sanierung und Erweiterung | Recupero e ampliamento | Renovation and addition 30 Lukas Wielander Martin Trebo Fiegele-Prieth-Haus Sanierung | Recupero | Renovation 36 MoDusArchitects Sanierung und Erweiterung Cusanus Akademie Recupero e ampliamento Accademia Cusanus | Renovation and addition Cusanus Academy 42 Markus Scherer Revitalisierung Schule Leonardo da Vinci und San Nicol&ograve; | Riqualificazione scuola Leonardo da Vinci e San Nicol&ograve; | Makeover of Leonardo da Vinci and San Nicol&ograve; school 48 Area Architetti Associati Sinfonia &ndash; Similaun Energetische Sanierung | Riqualificazione energetica | Energy retrofit 54 Architekturkollektiv null17 Maireggerhof Alter Stadel | Antico fienile | Old barn 60 Walter Angonese mit\/con\/with Flaim Pr&uuml;nster Badehaus, Seehotel Ambach 61 Area Architetti Associati Sinfonia &ndash; Aslago Energetische Sanierung | Riqualificazione energetica | Energy retrofit 62 Busselli Scherer Waldheim KONTINUIT&Auml;T | CONTINUIT&Agrave; CONTINUITY 63 Roland Baldi Georg Klotzner Alexander Zoeggeler\" \/>\n<meta property=\"og:url\" content=\"https:\/\/www.accartbooks.com\/uk\/book\/new-architecture-in-south-tyrol-2018-2024\/\" \/>\n<meta property=\"og:site_name\" content=\"ACC Art Books UK\" \/>\n<meta property=\"article:publisher\" content=\"https:\/\/www.facebook.com\/ACCArtBooks\/\" \/>\n<meta property=\"article:modified_time\" content=\"2025-02-11T00:54:57+00:00\" \/>\n<meta property=\"og:image\" content=\"https:\/\/www.accartbooks.com\/app\/uploads\/books\/9783038604167-04-1.jpg\" \/>\n\t<meta property=\"og:image:width\" content=\"1087\" \/>\n\t<meta property=\"og:image:height\" content=\"1400\" \/>\n\t<meta property=\"og:image:type\" content=\"image\/jpeg\" \/>\n<meta name=\"twitter:card\" content=\"summary_large_image\" \/>\n<meta name=\"twitter:site\" content=\"@accartbooks\" \/>\n<meta name=\"twitter:label1\" content=\"Estimated reading time\" \/>\n\t<meta name=\"twitter:data1\" content=\"1 minute\" \/>\n<script type=\"application\/ld+json\" class=\"yoast-schema-graph\">{\"@context\":\"https:\/\/schema.org\",\"@graph\":[{\"@type\":\"WebPage\",\"@id\":\"https:\/\/www.accartbooks.com\/uk\/book\/new-architecture-in-south-tyrol-2018-2024\/\",\"url\":\"https:\/\/www.accartbooks.com\/uk\/book\/new-architecture-in-south-tyrol-2018-2024\/\",\"name\":\"New Architecture in South Tyrol 2018\u20132024 - ACC Art Books UK\",\"isPartOf\":{\"@id\":\"https:\/\/www.accartbooks.com\/uk\/#website\"},\"primaryImageOfPage\":{\"@id\":\"https:\/\/www.accartbooks.com\/uk\/book\/new-architecture-in-south-tyrol-2018-2024\/#primaryimage\"},\"image\":{\"@id\":\"https:\/\/www.accartbooks.com\/uk\/book\/new-architecture-in-south-tyrol-2018-2024\/#primaryimage\"},\"thumbnailUrl\":\"https:\/\/www.accartbooks.com\/app\/uploads\/books\/9783038604167-04-1.jpg\",\"datePublished\":\"2024-10-27T16:12:18+00:00\",\"dateModified\":\"2025-02-11T00:54:57+00:00\",\"description\":\"Title: New Architecture in South Tyrol 2018\u20132024, Pages: 288 Pages, Publish Date: 18th Dec 2024, Author: Edited by Architekturstiftung S\u00fcdtirol, Edited by Kunst Meran, Edited by S\u00fcdtiroler K\u00fcnstlerbund, ISBN: 9783038604167. Features 56 outstanding buildings from 2018&ndash;24 in South Tyrol through photographs and plans, most of which previously unpublished. Published to accompany the exhibition New Architecture in South Tyrol 2018-2024 at Kunst Meran 27 October 2024 to 16 February 2025. Text in English, German and Italian.GIBT ES EINE S&Uuml;DTIROLER ARCHITEKTUR? 12 ESISTE UN&rsquo;ARCHITETTURA DELL&rsquo;ALTO ADIGE? 14 IS THERE SUCH A THING AS SOUTH TYROLEAN ARCHITECTURE? 17 Filippo Bricolo REFLEXIVE WIEDERVERWENDUNG 19 RIUSO RIFLESSIVO 21 REFLEXIVE REUSE 22 Filippo Bricolo 24 Markus Scherer &bdquo;Maria Trost&ldquo; &ndash; Stift Stams Sanierung und Erweiterung | Recupero e ampliamento | Renovation and addition 30 Lukas Wielander Martin Trebo Fiegele-Prieth-Haus Sanierung | Recupero | Renovation 36 MoDusArchitects Sanierung und Erweiterung Cusanus Akademie Recupero e ampliamento Accademia Cusanus | Renovation and addition Cusanus Academy 42 Markus Scherer Revitalisierung Schule Leonardo da Vinci und San Nicol&ograve; | Riqualificazione scuola Leonardo da Vinci e San Nicol&ograve; | Makeover of Leonardo da Vinci and San Nicol&ograve; school 48 Area Architetti Associati Sinfonia &ndash; Similaun Energetische Sanierung | Riqualificazione energetica | Energy retrofit 54 Architekturkollektiv null17 Maireggerhof Alter Stadel | Antico fienile | Old barn 60 Walter Angonese mit\/con\/with Flaim Pr&uuml;nster Badehaus, Seehotel Ambach 61 Area Architetti Associati Sinfonia &ndash; Aslago Energetische Sanierung | Riqualificazione energetica | Energy retrofit 62 Busselli Scherer Waldheim KONTINUIT&Auml;T | CONTINUIT&Agrave; CONTINUITY 63 Roland Baldi Georg Klotzner Alexander Zoeggeler\",\"breadcrumb\":{\"@id\":\"https:\/\/www.accartbooks.com\/uk\/book\/new-architecture-in-south-tyrol-2018-2024\/#breadcrumb\"},\"inLanguage\":\"en-GB\",\"potentialAction\":[{\"@type\":\"ReadAction\",\"target\":[\"https:\/\/www.accartbooks.com\/uk\/book\/new-architecture-in-south-tyrol-2018-2024\/\"]}]},{\"@type\":\"ImageObject\",\"inLanguage\":\"en-GB\",\"@id\":\"https:\/\/www.accartbooks.com\/uk\/book\/new-architecture-in-south-tyrol-2018-2024\/#primaryimage\",\"url\":\"https:\/\/www.accartbooks.com\/app\/uploads\/books\/9783038604167-04-1.jpg\",\"contentUrl\":\"https:\/\/www.accartbooks.com\/app\/uploads\/books\/9783038604167-04-1.jpg\",\"width\":1087,\"height\":1400},{\"@type\":\"BreadcrumbList\",\"@id\":\"https:\/\/www.accartbooks.com\/uk\/book\/new-architecture-in-south-tyrol-2018-2024\/#breadcrumb\",\"itemListElement\":[{\"@type\":\"ListItem\",\"position\":1,\"name\":\"Home\",\"item\":\"https:\/\/www.accartbooks.com\/uk\/\"},{\"@type\":\"ListItem\",\"position\":2,\"name\":\"Books\",\"item\":\"https:\/\/www.accartbooks.com\/uk\/books\/\"},{\"@type\":\"ListItem\",\"position\":3,\"name\":\"New Architecture in South Tyrol 2018\u20132024\"}]},{\"@type\":\"WebSite\",\"@id\":\"https:\/\/www.accartbooks.com\/uk\/#website\",\"url\":\"https:\/\/www.accartbooks.com\/uk\/\",\"name\":\"ACC Art Books UK\",\"description\":\"One of the world\u2019s leading publishers and distributors of books on the arts and visual culture\",\"publisher\":{\"@id\":\"https:\/\/www.accartbooks.com\/uk\/#organization\"},\"potentialAction\":[{\"@type\":\"SearchAction\",\"target\":{\"@type\":\"EntryPoint\",\"urlTemplate\":\"https:\/\/www.accartbooks.com\/uk\/?s={search_term_string}\"},\"query-input\":{\"@type\":\"PropertyValueSpecification\",\"valueRequired\":true,\"valueName\":\"search_term_string\"}}],\"inLanguage\":\"en-GB\"},{\"@type\":\"Organization\",\"@id\":\"https:\/\/www.accartbooks.com\/uk\/#organization\",\"name\":\"ACC Art Books UK\",\"url\":\"https:\/\/www.accartbooks.com\/uk\/\",\"logo\":{\"@type\":\"ImageObject\",\"inLanguage\":\"en-GB\",\"@id\":\"https:\/\/www.accartbooks.com\/uk\/#\/schema\/logo\/image\/\",\"url\":\"https:\/\/www.accartbooks.com\/app\/uploads\/2020\/05\/Acc-Logo.png\",\"contentUrl\":\"https:\/\/www.accartbooks.com\/app\/uploads\/2020\/05\/Acc-Logo.png\",\"width\":64,\"height\":100,\"caption\":\"ACC Art Books UK\"},\"image\":{\"@id\":\"https:\/\/www.accartbooks.com\/uk\/#\/schema\/logo\/image\/\"},\"sameAs\":[\"https:\/\/www.facebook.com\/ACCArtBooks\/\",\"https:\/\/x.com\/accartbooks\"]}]}<\/script>\n<!-- \/ Yoast SEO plugin. -->","yoast_head_json":{"title":"New Architecture in South Tyrol 2018\u20132024 - ACC Art Books UK","description":"Title: New Architecture in South Tyrol 2018\u20132024, Pages: 288 Pages, Publish Date: 18th Dec 2024, Author: Edited by Architekturstiftung S\u00fcdtirol, Edited by Kunst Meran, Edited by S\u00fcdtiroler K\u00fcnstlerbund, ISBN: 9783038604167. Features 56 outstanding buildings from 2018&ndash;24 in South Tyrol through photographs and plans, most of which previously unpublished. Published to accompany the exhibition New Architecture in South Tyrol 2018-2024 at Kunst Meran 27 October 2024 to 16 February 2025. Text in English, German and Italian.GIBT ES EINE S&Uuml;DTIROLER ARCHITEKTUR? 12 ESISTE UN&rsquo;ARCHITETTURA DELL&rsquo;ALTO ADIGE? 14 IS THERE SUCH A THING AS SOUTH TYROLEAN ARCHITECTURE? 17 Filippo Bricolo REFLEXIVE WIEDERVERWENDUNG 19 RIUSO RIFLESSIVO 21 REFLEXIVE REUSE 22 Filippo Bricolo 24 Markus Scherer &bdquo;Maria Trost&ldquo; &ndash; Stift Stams Sanierung und Erweiterung | Recupero e ampliamento | Renovation and addition 30 Lukas Wielander Martin Trebo Fiegele-Prieth-Haus Sanierung | Recupero | Renovation 36 MoDusArchitects Sanierung und Erweiterung Cusanus Akademie Recupero e ampliamento Accademia Cusanus | Renovation and addition Cusanus Academy 42 Markus Scherer Revitalisierung Schule Leonardo da Vinci und San Nicol&ograve; | Riqualificazione scuola Leonardo da Vinci e San Nicol&ograve; | Makeover of Leonardo da Vinci and San Nicol&ograve; school 48 Area Architetti Associati Sinfonia &ndash; Similaun Energetische Sanierung | Riqualificazione energetica | Energy retrofit 54 Architekturkollektiv null17 Maireggerhof Alter Stadel | Antico fienile | Old barn 60 Walter Angonese mit\/con\/with Flaim Pr&uuml;nster Badehaus, Seehotel Ambach 61 Area Architetti Associati Sinfonia &ndash; Aslago Energetische Sanierung | Riqualificazione energetica | Energy retrofit 62 Busselli Scherer Waldheim KONTINUIT&Auml;T | CONTINUIT&Agrave; CONTINUITY 63 Roland Baldi Georg Klotzner Alexander Zoeggeler","robots":{"index":"index","follow":"follow","max-snippet":"max-snippet:-1","max-image-preview":"max-image-preview:large","max-video-preview":"max-video-preview:-1"},"canonical":"https:\/\/www.accartbooks.com\/uk\/book\/new-architecture-in-south-tyrol-2018-2024\/","og_locale":"en_GB","og_type":"article","og_title":"New Architecture in South Tyrol 2018\u20132024 - ACC Art Books UK","og_description":"Title: New Architecture in South Tyrol 2018\u20132024, Pages: 288 Pages, Publish Date: 18th Dec 2024, Author: Edited by Architekturstiftung S\u00fcdtirol, Edited by Kunst Meran, Edited by S\u00fcdtiroler K\u00fcnstlerbund, ISBN: 9783038604167. Features 56 outstanding buildings from 2018&ndash;24 in South Tyrol through photographs and plans, most of which previously unpublished. Published to accompany the exhibition New Architecture in South Tyrol 2018-2024 at Kunst Meran 27 October 2024 to 16 February 2025. Text in English, German and Italian.GIBT ES EINE S&Uuml;DTIROLER ARCHITEKTUR? 12 ESISTE UN&rsquo;ARCHITETTURA DELL&rsquo;ALTO ADIGE? 14 IS THERE SUCH A THING AS SOUTH TYROLEAN ARCHITECTURE? 17 Filippo Bricolo REFLEXIVE WIEDERVERWENDUNG 19 RIUSO RIFLESSIVO 21 REFLEXIVE REUSE 22 Filippo Bricolo 24 Markus Scherer &bdquo;Maria Trost&ldquo; &ndash; Stift Stams Sanierung und Erweiterung | Recupero e ampliamento | Renovation and addition 30 Lukas Wielander Martin Trebo Fiegele-Prieth-Haus Sanierung | Recupero | Renovation 36 MoDusArchitects Sanierung und Erweiterung Cusanus Akademie Recupero e ampliamento Accademia Cusanus | Renovation and addition Cusanus Academy 42 Markus Scherer Revitalisierung Schule Leonardo da Vinci und San Nicol&ograve; | Riqualificazione scuola Leonardo da Vinci e San Nicol&ograve; | Makeover of Leonardo da Vinci and San Nicol&ograve; school 48 Area Architetti Associati Sinfonia &ndash; Similaun Energetische Sanierung | Riqualificazione energetica | Energy retrofit 54 Architekturkollektiv null17 Maireggerhof Alter Stadel | Antico fienile | Old barn 60 Walter Angonese mit\/con\/with Flaim Pr&uuml;nster Badehaus, Seehotel Ambach 61 Area Architetti Associati Sinfonia &ndash; Aslago Energetische Sanierung | Riqualificazione energetica | Energy retrofit 62 Busselli Scherer Waldheim KONTINUIT&Auml;T | CONTINUIT&Agrave; CONTINUITY 63 Roland Baldi Georg Klotzner Alexander Zoeggeler","og_url":"https:\/\/www.accartbooks.com\/uk\/book\/new-architecture-in-south-tyrol-2018-2024\/","og_site_name":"ACC Art Books UK","article_publisher":"https:\/\/www.facebook.com\/ACCArtBooks\/","article_modified_time":"2025-02-11T00:54:57+00:00","og_image":[{"width":1087,"height":1400,"url":"https:\/\/www.accartbooks.com\/app\/uploads\/books\/9783038604167-04-1.jpg","type":"image\/jpeg"}],"twitter_card":"summary_large_image","twitter_site":"@accartbooks","twitter_misc":{"Estimated reading time":"1 minute"},"schema":{"@context":"https:\/\/schema.org","@graph":[{"@type":"WebPage","@id":"https:\/\/www.accartbooks.com\/uk\/book\/new-architecture-in-south-tyrol-2018-2024\/","url":"https:\/\/www.accartbooks.com\/uk\/book\/new-architecture-in-south-tyrol-2018-2024\/","name":"New Architecture in South Tyrol 2018\u20132024 - ACC Art Books UK","isPartOf":{"@id":"https:\/\/www.accartbooks.com\/uk\/#website"},"primaryImageOfPage":{"@id":"https:\/\/www.accartbooks.com\/uk\/book\/new-architecture-in-south-tyrol-2018-2024\/#primaryimage"},"image":{"@id":"https:\/\/www.accartbooks.com\/uk\/book\/new-architecture-in-south-tyrol-2018-2024\/#primaryimage"},"thumbnailUrl":"https:\/\/www.accartbooks.com\/app\/uploads\/books\/9783038604167-04-1.jpg","datePublished":"2024-10-27T16:12:18+00:00","dateModified":"2025-02-11T00:54:57+00:00","description":"Title: New Architecture in South Tyrol 2018\u20132024, Pages: 288 Pages, Publish Date: 18th Dec 2024, Author: Edited by Architekturstiftung S\u00fcdtirol, Edited by Kunst Meran, Edited by S\u00fcdtiroler K\u00fcnstlerbund, ISBN: 9783038604167. Features 56 outstanding buildings from 2018&ndash;24 in South Tyrol through photographs and plans, most of which previously unpublished. Published to accompany the exhibition New Architecture in South Tyrol 2018-2024 at Kunst Meran 27 October 2024 to 16 February 2025. Text in English, German and Italian.GIBT ES EINE S&Uuml;DTIROLER ARCHITEKTUR? 12 ESISTE UN&rsquo;ARCHITETTURA DELL&rsquo;ALTO ADIGE? 14 IS THERE SUCH A THING AS SOUTH TYROLEAN ARCHITECTURE? 17 Filippo Bricolo REFLEXIVE WIEDERVERWENDUNG 19 RIUSO RIFLESSIVO 21 REFLEXIVE REUSE 22 Filippo Bricolo 24 Markus Scherer &bdquo;Maria Trost&ldquo; &ndash; Stift Stams Sanierung und Erweiterung | Recupero e ampliamento | Renovation and addition 30 Lukas Wielander Martin Trebo Fiegele-Prieth-Haus Sanierung | Recupero | Renovation 36 MoDusArchitects Sanierung und Erweiterung Cusanus Akademie Recupero e ampliamento Accademia Cusanus | Renovation and addition Cusanus Academy 42 Markus Scherer Revitalisierung Schule Leonardo da Vinci und San Nicol&ograve; | Riqualificazione scuola Leonardo da Vinci e San Nicol&ograve; | Makeover of Leonardo da Vinci and San Nicol&ograve; school 48 Area Architetti Associati Sinfonia &ndash; Similaun Energetische Sanierung | Riqualificazione energetica | Energy retrofit 54 Architekturkollektiv null17 Maireggerhof Alter Stadel | Antico fienile | Old barn 60 Walter Angonese mit\/con\/with Flaim Pr&uuml;nster Badehaus, Seehotel Ambach 61 Area Architetti Associati Sinfonia &ndash; Aslago Energetische Sanierung | Riqualificazione energetica | Energy retrofit 62 Busselli Scherer Waldheim KONTINUIT&Auml;T | CONTINUIT&Agrave; CONTINUITY 63 Roland Baldi Georg Klotzner Alexander Zoeggeler","breadcrumb":{"@id":"https:\/\/www.accartbooks.com\/uk\/book\/new-architecture-in-south-tyrol-2018-2024\/#breadcrumb"},"inLanguage":"en-GB","potentialAction":[{"@type":"ReadAction","target":["https:\/\/www.accartbooks.com\/uk\/book\/new-architecture-in-south-tyrol-2018-2024\/"]}]},{"@type":"ImageObject","inLanguage":"en-GB","@id":"https:\/\/www.accartbooks.com\/uk\/book\/new-architecture-in-south-tyrol-2018-2024\/#primaryimage","url":"https:\/\/www.accartbooks.com\/app\/uploads\/books\/9783038604167-04-1.jpg","contentUrl":"https:\/\/www.accartbooks.com\/app\/uploads\/books\/9783038604167-04-1.jpg","width":1087,"height":1400},{"@type":"BreadcrumbList","@id":"https:\/\/www.accartbooks.com\/uk\/book\/new-architecture-in-south-tyrol-2018-2024\/#breadcrumb","itemListElement":[{"@type":"ListItem","position":1,"name":"Home","item":"https:\/\/www.accartbooks.com\/uk\/"},{"@type":"ListItem","position":2,"name":"Books","item":"https:\/\/www.accartbooks.com\/uk\/books\/"},{"@type":"ListItem","position":3,"name":"New Architecture in South Tyrol 2018\u20132024"}]},{"@type":"WebSite","@id":"https:\/\/www.accartbooks.com\/uk\/#website","url":"https:\/\/www.accartbooks.com\/uk\/","name":"ACC Art Books UK","description":"One of the world\u2019s leading publishers and distributors of books on the arts and visual culture","publisher":{"@id":"https:\/\/www.accartbooks.com\/uk\/#organization"},"potentialAction":[{"@type":"SearchAction","target":{"@type":"EntryPoint","urlTemplate":"https:\/\/www.accartbooks.com\/uk\/?s={search_term_string}"},"query-input":{"@type":"PropertyValueSpecification","valueRequired":true,"valueName":"search_term_string"}}],"inLanguage":"en-GB"},{"@type":"Organization","@id":"https:\/\/www.accartbooks.com\/uk\/#organization","name":"ACC Art Books UK","url":"https:\/\/www.accartbooks.com\/uk\/","logo":{"@type":"ImageObject","inLanguage":"en-GB","@id":"https:\/\/www.accartbooks.com\/uk\/#\/schema\/logo\/image\/","url":"https:\/\/www.accartbooks.com\/app\/uploads\/2020\/05\/Acc-Logo.png","contentUrl":"https:\/\/www.accartbooks.com\/app\/uploads\/2020\/05\/Acc-Logo.png","width":64,"height":100,"caption":"ACC Art Books UK"},"image":{"@id":"https:\/\/www.accartbooks.com\/uk\/#\/schema\/logo\/image\/"},"sameAs":["https:\/\/www.facebook.com\/ACCArtBooks\/","https:\/\/x.com\/accartbooks"]}]}},"_links":{"self":[{"href":"https:\/\/www.accartbooks.com\/uk\/wp-json\/wp\/v2\/product\/56763","targetHints":{"allow":["GET"]}}],"collection":[{"href":"https:\/\/www.accartbooks.com\/uk\/wp-json\/wp\/v2\/product"}],"about":[{"href":"https:\/\/www.accartbooks.com\/uk\/wp-json\/wp\/v2\/types\/product"}],"wp:featuredmedia":[{"embeddable":true,"href":"https:\/\/www.accartbooks.com\/uk\/wp-json\/wp\/v2\/media\/56764"}],"wp:attachment":[{"href":"https:\/\/www.accartbooks.com\/uk\/wp-json\/wp\/v2\/media?parent=56763"}],"wp:term":[{"taxonomy":"product_brand","embeddable":true,"href":"https:\/\/www.accartbooks.com\/uk\/wp-json\/wp\/v2\/product_brand?post=56763"},{"taxonomy":"product_cat","embeddable":true,"href":"https:\/\/www.accartbooks.com\/uk\/wp-json\/wp\/v2\/product_cat?post=56763"},{"taxonomy":"product_tag","embeddable":true,"href":"https:\/\/www.accartbooks.com\/uk\/wp-json\/wp\/v2\/product_tag?post=56763"}],"curies":[{"name":"wp","href":"https:\/\/api.w.org\/{rel}","templated":true}]}}