{"id":6087,"date":"2020-03-16T18:02:08","date_gmt":"2020-03-16T18:02:08","guid":{"rendered":"https:\/\/www.accartbooks.com\/uk\/?post_type=product&#038;p=6087"},"modified":"2021-01-05T16:10:12","modified_gmt":"2021-01-05T16:10:12","slug":"picasso-and-spanish-modernity","status":"publish","type":"product","link":"https:\/\/www.accartbooks.com\/uk\/book\/picasso-and-spanish-modernity\/","title":{"rendered":"Picasso and Spanish Modernity"},"content":{"rendered":"<p>Published to accompany an exhibition at Palazzo Strozzi in Florence, this catalogue presents a broad selection of works by Picasso, the great master of modern art, in an effort to stimulate a reflection on his influence and interaction with such leading Spanish artists as Joan Mir\u00f3, Salvador Dal\u00ed, Juan Gris, Mar\u00eda Blanchard and Julio Gonz\u00e1lez: art reflecting on art and on the relationship between the real and the surreal, the artist&#8217;s heartfelt involvement in the tragedy of unfolding history, the emergence of the monster with a human face, and the metaphor of erotic desire as a primary source of inspiration for the artist&#8217;s creativity and world vision.  <b><i>Picasso and Spanish Modernity<\/i><\/b> showcases works by Picasso and other artists, ranging from painting to sculpture, drawing, engraving from the collection of the Museo Nacional Centro de Arte Reina Sof\u00eda in Madrid. The works of art  include such celebrated masterpieces as the <i>Portrait of Dora Maar, Horse&#8217;s Head<\/i> and <i>The Painter and the Model<\/i> by Picasso, <i>Siurana, the Path<\/i> by Mir\u00f3, along with Picasso&#8217;s drawings, engravings and preparatory paintings for his huge masterpiece <i>Guernica.<\/i>.   Included are the biographies of all the artists featured:  Pablo Picasso; Aurelio Arteta; Rafael Barradas; Mar\u00eda Blanchard; Francisco Bores; Eduardo Chillida; Mart\u00edn Chirino; Pancho Coss\u00edo; Leandre Crist\u00f2fol; Salvador Dal\u00ed; \u00d3scar Dom\u00ednguez; Equipo 57; \u00c1ngel Ferrant; Pablo Gargallo; Julio Gonz\u00e1lez; Juan Gris; Jos\u00e9 Guerrero; Antonio L\u00f3pez; Maruja Mallo; Manuel Millares; Joan Mir\u00f3; Manuel \u00c1ngeles Ortiz; Jorge Oteiza; Pablo Palazuelo; Benjam\u00edn Palencia; Alfonso Ponce de Le\u00f3n; Alberto S\u00e1nchez; Antonio Saura; Jos\u00e9 Guti\u00e9rrez Solana; Joaquim Sunyer; Antoni T\u00e0pies; Josep de Togores; Joaqu\u00edn Torres-Garc\u00eda; Jos\u00e9 Val del Omar; Daniel V\u00e1zquez D\u00edaz; Esteban Vicente.<\/p>\n","protected":false},"excerpt":{"rendered":"<p>Published to accompany an exhibition at Palazzo Strozzi in Florence, the catalogue presents a selection of works by Picasso, and examines his influence and interaction with other leading Spanish artists.<\/p>\n","protected":false},"featured_media":12146,"template":"","meta":{"_acf_changed":false,"_relevanssi_hide_post":"","_relevanssi_hide_content":"","_relevanssi_pin_for_all":"","_relevanssi_pin_keywords":"","_relevanssi_unpin_keywords":"","_relevanssi_related_keywords":"","_relevanssi_related_include_ids":"","_relevanssi_related_exclude_ids":"","_relevanssi_related_no_append":"","_relevanssi_related_not_related":"","_relevanssi_related_posts":"","_relevanssi_noindex_reason":""},"product_brand":[],"product_cat":[5568],"product_tag":[],"class_list":{"0":"post-6087","1":"product","2":"type-product","3":"status-publish","4":"has-post-thumbnail","6":"product_cat-art","7":"author-by-author-eugenio-carmona","8":"publisher-mandragora","10":"first","11":"instock","12":"shipping-taxable","13":"purchasable","14":"product-type-simple"},"acf":[],"yoast_head":"<!-- This site is optimized with the Yoast SEO plugin v27.0 - https:\/\/yoast.com\/product\/yoast-seo-wordpress\/ -->\n<title>Picasso and Spanish Modernity - ACC Art Books UK<\/title>\n<meta name=\"description\" content=\"Title: Picasso and Spanish Modernity, Pages: 256 Pages, Publish Date: 28th Jan 2015, Author: Eugenio Carmona, ISBN: 9788874612420. Published to accompany an exhibition at Palazzo Strozzi in Florence, the catalogue presents a selection of works by Picasso, and examines his influence and interaction with other leading Spanish artists.\" \/>\n<meta name=\"robots\" content=\"index, follow, max-snippet:-1, max-image-preview:large, max-video-preview:-1\" \/>\n<link rel=\"canonical\" href=\"https:\/\/www.accartbooks.com\/uk\/book\/picasso-and-spanish-modernity\/\" \/>\n<meta property=\"og:locale\" content=\"en_GB\" \/>\n<meta property=\"og:type\" content=\"article\" \/>\n<meta property=\"og:title\" content=\"Picasso and Spanish Modernity - ACC Art Books UK\" \/>\n<meta property=\"og:description\" content=\"Title: Picasso and Spanish Modernity, Pages: 256 Pages, Publish Date: 28th Jan 2015, Author: Eugenio Carmona, ISBN: 9788874612420. Published to accompany an exhibition at Palazzo Strozzi in Florence, the catalogue presents a selection of works by Picasso, and examines his influence and interaction with other leading Spanish artists.\" \/>\n<meta property=\"og:url\" content=\"https:\/\/www.accartbooks.com\/uk\/book\/picasso-and-spanish-modernity\/\" \/>\n<meta property=\"og:site_name\" content=\"ACC Art Books UK\" \/>\n<meta property=\"article:publisher\" content=\"https:\/\/www.facebook.com\/ACCArtBooks\/\" \/>\n<meta property=\"article:modified_time\" content=\"2021-01-05T16:10:12+00:00\" \/>\n<meta property=\"og:image\" content=\"https:\/\/www.accartbooks.com\/app\/uploads\/books\/9788874612420-04-1.jpg\" \/>\n\t<meta property=\"og:image:width\" content=\"845\" \/>\n\t<meta property=\"og:image:height\" content=\"1000\" \/>\n\t<meta property=\"og:image:type\" content=\"image\/jpeg\" \/>\n<meta name=\"twitter:card\" content=\"summary_large_image\" \/>\n<meta name=\"twitter:site\" content=\"@accartbooks\" \/>\n<meta name=\"twitter:label1\" content=\"Estimated reading time\" \/>\n\t<meta name=\"twitter:data1\" content=\"1 minute\" \/>\n<script type=\"application\/ld+json\" class=\"yoast-schema-graph\">{\"@context\":\"https:\/\/schema.org\",\"@graph\":[{\"@type\":\"WebPage\",\"@id\":\"https:\/\/www.accartbooks.com\/uk\/book\/picasso-and-spanish-modernity\/\",\"url\":\"https:\/\/www.accartbooks.com\/uk\/book\/picasso-and-spanish-modernity\/\",\"name\":\"Picasso and Spanish Modernity - ACC Art Books UK\",\"isPartOf\":{\"@id\":\"https:\/\/www.accartbooks.com\/uk\/#website\"},\"primaryImageOfPage\":{\"@id\":\"https:\/\/www.accartbooks.com\/uk\/book\/picasso-and-spanish-modernity\/#primaryimage\"},\"image\":{\"@id\":\"https:\/\/www.accartbooks.com\/uk\/book\/picasso-and-spanish-modernity\/#primaryimage\"},\"thumbnailUrl\":\"https:\/\/www.accartbooks.com\/app\/uploads\/books\/9788874612420-04-1.jpg\",\"datePublished\":\"2020-03-16T18:02:08+00:00\",\"dateModified\":\"2021-01-05T16:10:12+00:00\",\"description\":\"Title: Picasso and Spanish Modernity, Pages: 256 Pages, Publish Date: 28th Jan 2015, Author: Eugenio Carmona, ISBN: 9788874612420. Published to accompany an exhibition at Palazzo Strozzi in Florence, the catalogue presents a selection of works by Picasso, and examines his influence and interaction with other leading Spanish artists.\",\"breadcrumb\":{\"@id\":\"https:\/\/www.accartbooks.com\/uk\/book\/picasso-and-spanish-modernity\/#breadcrumb\"},\"inLanguage\":\"en-GB\",\"potentialAction\":[{\"@type\":\"ReadAction\",\"target\":[\"https:\/\/www.accartbooks.com\/uk\/book\/picasso-and-spanish-modernity\/\"]}]},{\"@type\":\"ImageObject\",\"inLanguage\":\"en-GB\",\"@id\":\"https:\/\/www.accartbooks.com\/uk\/book\/picasso-and-spanish-modernity\/#primaryimage\",\"url\":\"https:\/\/www.accartbooks.com\/app\/uploads\/books\/9788874612420-04-1.jpg\",\"contentUrl\":\"https:\/\/www.accartbooks.com\/app\/uploads\/books\/9788874612420-04-1.jpg\",\"width\":845,\"height\":1000},{\"@type\":\"BreadcrumbList\",\"@id\":\"https:\/\/www.accartbooks.com\/uk\/book\/picasso-and-spanish-modernity\/#breadcrumb\",\"itemListElement\":[{\"@type\":\"ListItem\",\"position\":1,\"name\":\"Home\",\"item\":\"https:\/\/www.accartbooks.com\/uk\/\"},{\"@type\":\"ListItem\",\"position\":2,\"name\":\"Books\",\"item\":\"https:\/\/www.accartbooks.com\/uk\/books\/\"},{\"@type\":\"ListItem\",\"position\":3,\"name\":\"Picasso and Spanish Modernity\"}]},{\"@type\":\"WebSite\",\"@id\":\"https:\/\/www.accartbooks.com\/uk\/#website\",\"url\":\"https:\/\/www.accartbooks.com\/uk\/\",\"name\":\"ACC Art Books UK\",\"description\":\"One of the world\u2019s leading publishers and distributors of books on the arts and visual culture\",\"publisher\":{\"@id\":\"https:\/\/www.accartbooks.com\/uk\/#organization\"},\"potentialAction\":[{\"@type\":\"SearchAction\",\"target\":{\"@type\":\"EntryPoint\",\"urlTemplate\":\"https:\/\/www.accartbooks.com\/uk\/?s={search_term_string}\"},\"query-input\":{\"@type\":\"PropertyValueSpecification\",\"valueRequired\":true,\"valueName\":\"search_term_string\"}}],\"inLanguage\":\"en-GB\"},{\"@type\":\"Organization\",\"@id\":\"https:\/\/www.accartbooks.com\/uk\/#organization\",\"name\":\"ACC Art Books UK\",\"url\":\"https:\/\/www.accartbooks.com\/uk\/\",\"logo\":{\"@type\":\"ImageObject\",\"inLanguage\":\"en-GB\",\"@id\":\"https:\/\/www.accartbooks.com\/uk\/#\/schema\/logo\/image\/\",\"url\":\"https:\/\/www.accartbooks.com\/app\/uploads\/2020\/05\/Acc-Logo.png\",\"contentUrl\":\"https:\/\/www.accartbooks.com\/app\/uploads\/2020\/05\/Acc-Logo.png\",\"width\":64,\"height\":100,\"caption\":\"ACC Art Books UK\"},\"image\":{\"@id\":\"https:\/\/www.accartbooks.com\/uk\/#\/schema\/logo\/image\/\"},\"sameAs\":[\"https:\/\/www.facebook.com\/ACCArtBooks\/\",\"https:\/\/x.com\/accartbooks\"]}]}<\/script>\n<!-- \/ Yoast SEO plugin. -->","yoast_head_json":{"title":"Picasso and Spanish Modernity - ACC Art Books UK","description":"Title: Picasso and Spanish Modernity, Pages: 256 Pages, Publish Date: 28th Jan 2015, Author: Eugenio Carmona, ISBN: 9788874612420. Published to accompany an exhibition at Palazzo Strozzi in Florence, the catalogue presents a selection of works by Picasso, and examines his influence and interaction with other leading Spanish artists.","robots":{"index":"index","follow":"follow","max-snippet":"max-snippet:-1","max-image-preview":"max-image-preview:large","max-video-preview":"max-video-preview:-1"},"canonical":"https:\/\/www.accartbooks.com\/uk\/book\/picasso-and-spanish-modernity\/","og_locale":"en_GB","og_type":"article","og_title":"Picasso and Spanish Modernity - ACC Art Books UK","og_description":"Title: Picasso and Spanish Modernity, Pages: 256 Pages, Publish Date: 28th Jan 2015, Author: Eugenio Carmona, ISBN: 9788874612420. Published to accompany an exhibition at Palazzo Strozzi in Florence, the catalogue presents a selection of works by Picasso, and examines his influence and interaction with other leading Spanish artists.","og_url":"https:\/\/www.accartbooks.com\/uk\/book\/picasso-and-spanish-modernity\/","og_site_name":"ACC Art Books UK","article_publisher":"https:\/\/www.facebook.com\/ACCArtBooks\/","article_modified_time":"2021-01-05T16:10:12+00:00","og_image":[{"width":845,"height":1000,"url":"https:\/\/www.accartbooks.com\/app\/uploads\/books\/9788874612420-04-1.jpg","type":"image\/jpeg"}],"twitter_card":"summary_large_image","twitter_site":"@accartbooks","twitter_misc":{"Estimated reading time":"1 minute"},"schema":{"@context":"https:\/\/schema.org","@graph":[{"@type":"WebPage","@id":"https:\/\/www.accartbooks.com\/uk\/book\/picasso-and-spanish-modernity\/","url":"https:\/\/www.accartbooks.com\/uk\/book\/picasso-and-spanish-modernity\/","name":"Picasso and Spanish Modernity - ACC Art Books UK","isPartOf":{"@id":"https:\/\/www.accartbooks.com\/uk\/#website"},"primaryImageOfPage":{"@id":"https:\/\/www.accartbooks.com\/uk\/book\/picasso-and-spanish-modernity\/#primaryimage"},"image":{"@id":"https:\/\/www.accartbooks.com\/uk\/book\/picasso-and-spanish-modernity\/#primaryimage"},"thumbnailUrl":"https:\/\/www.accartbooks.com\/app\/uploads\/books\/9788874612420-04-1.jpg","datePublished":"2020-03-16T18:02:08+00:00","dateModified":"2021-01-05T16:10:12+00:00","description":"Title: Picasso and Spanish Modernity, Pages: 256 Pages, Publish Date: 28th Jan 2015, Author: Eugenio Carmona, ISBN: 9788874612420. Published to accompany an exhibition at Palazzo Strozzi in Florence, the catalogue presents a selection of works by Picasso, and examines his influence and interaction with other leading Spanish artists.","breadcrumb":{"@id":"https:\/\/www.accartbooks.com\/uk\/book\/picasso-and-spanish-modernity\/#breadcrumb"},"inLanguage":"en-GB","potentialAction":[{"@type":"ReadAction","target":["https:\/\/www.accartbooks.com\/uk\/book\/picasso-and-spanish-modernity\/"]}]},{"@type":"ImageObject","inLanguage":"en-GB","@id":"https:\/\/www.accartbooks.com\/uk\/book\/picasso-and-spanish-modernity\/#primaryimage","url":"https:\/\/www.accartbooks.com\/app\/uploads\/books\/9788874612420-04-1.jpg","contentUrl":"https:\/\/www.accartbooks.com\/app\/uploads\/books\/9788874612420-04-1.jpg","width":845,"height":1000},{"@type":"BreadcrumbList","@id":"https:\/\/www.accartbooks.com\/uk\/book\/picasso-and-spanish-modernity\/#breadcrumb","itemListElement":[{"@type":"ListItem","position":1,"name":"Home","item":"https:\/\/www.accartbooks.com\/uk\/"},{"@type":"ListItem","position":2,"name":"Books","item":"https:\/\/www.accartbooks.com\/uk\/books\/"},{"@type":"ListItem","position":3,"name":"Picasso and Spanish Modernity"}]},{"@type":"WebSite","@id":"https:\/\/www.accartbooks.com\/uk\/#website","url":"https:\/\/www.accartbooks.com\/uk\/","name":"ACC Art Books UK","description":"One of the world\u2019s leading publishers and distributors of books on the arts and visual culture","publisher":{"@id":"https:\/\/www.accartbooks.com\/uk\/#organization"},"potentialAction":[{"@type":"SearchAction","target":{"@type":"EntryPoint","urlTemplate":"https:\/\/www.accartbooks.com\/uk\/?s={search_term_string}"},"query-input":{"@type":"PropertyValueSpecification","valueRequired":true,"valueName":"search_term_string"}}],"inLanguage":"en-GB"},{"@type":"Organization","@id":"https:\/\/www.accartbooks.com\/uk\/#organization","name":"ACC Art Books UK","url":"https:\/\/www.accartbooks.com\/uk\/","logo":{"@type":"ImageObject","inLanguage":"en-GB","@id":"https:\/\/www.accartbooks.com\/uk\/#\/schema\/logo\/image\/","url":"https:\/\/www.accartbooks.com\/app\/uploads\/2020\/05\/Acc-Logo.png","contentUrl":"https:\/\/www.accartbooks.com\/app\/uploads\/2020\/05\/Acc-Logo.png","width":64,"height":100,"caption":"ACC Art Books UK"},"image":{"@id":"https:\/\/www.accartbooks.com\/uk\/#\/schema\/logo\/image\/"},"sameAs":["https:\/\/www.facebook.com\/ACCArtBooks\/","https:\/\/x.com\/accartbooks"]}]}},"_links":{"self":[{"href":"https:\/\/www.accartbooks.com\/uk\/wp-json\/wp\/v2\/product\/6087","targetHints":{"allow":["GET"]}}],"collection":[{"href":"https:\/\/www.accartbooks.com\/uk\/wp-json\/wp\/v2\/product"}],"about":[{"href":"https:\/\/www.accartbooks.com\/uk\/wp-json\/wp\/v2\/types\/product"}],"wp:featuredmedia":[{"embeddable":true,"href":"https:\/\/www.accartbooks.com\/uk\/wp-json\/wp\/v2\/media\/12146"}],"wp:attachment":[{"href":"https:\/\/www.accartbooks.com\/uk\/wp-json\/wp\/v2\/media?parent=6087"}],"wp:term":[{"taxonomy":"product_brand","embeddable":true,"href":"https:\/\/www.accartbooks.com\/uk\/wp-json\/wp\/v2\/product_brand?post=6087"},{"taxonomy":"product_cat","embeddable":true,"href":"https:\/\/www.accartbooks.com\/uk\/wp-json\/wp\/v2\/product_cat?post=6087"},{"taxonomy":"product_tag","embeddable":true,"href":"https:\/\/www.accartbooks.com\/uk\/wp-json\/wp\/v2\/product_tag?post=6087"}],"curies":[{"name":"wp","href":"https:\/\/api.w.org\/{rel}","templated":true}]}}