{"id":61317,"date":"2025-02-21T14:10:12","date_gmt":"2025-02-21T14:10:12","guid":{"rendered":"https:\/\/www.accartbooks.com\/uk\/book\/atelier-les-deux-garcons\/"},"modified":"2025-11-15T01:34:54","modified_gmt":"2025-11-15T01:34:54","slug":"atelier-les-deux-garcons","status":"publish","type":"product","link":"https:\/\/www.accartbooks.com\/uk\/book\/atelier-les-deux-garcons\/","title":{"rendered":"Atelier Les Deux Gar\u00e7ons"},"content":{"rendered":"<p><strong><em>Atelier Les Deux Gar&ccedil;ons<\/em><\/strong> is the artistic joint venture of Michel Vanderheijden van Tinteren and Roel Moonen. In this book, they celebrate 25 years of creating together. Their work is a mixture of taxidermy, bronze and <em>objet trouv&eacute;<\/em>; the results are collages that both enchant and bewilder. Their sculptures mirror the turbulence of our time, the struggle between humans and animals,&nbsp;the duality between beauty and confrontation. With three essays by leading Dutch art curators,&nbsp;this book shows us the themes that reoccur in the work of &lsquo;Les Deux&rsquo;, the urgency of their art, and the artistic evolution of their practice.&nbsp;The works in the book have been carefully selected by the artists themselves. An oeuvre which is far from finished, as &lsquo;Les Deux&rsquo; still abound with youthful energy and artistic drive.<\/p>\n<p><em>&ldquo;Their works critique humanity&rsquo;s disregard for animals, nature, and let&rsquo;s face it, each other. But here&rsquo;s the kicker: they deliver these truths with a sly wink.&rdquo;<\/em> &#8211; Edwin Becker, Van Gogh Museum. <\/p>\n<p><em>&ldquo;The method involves combining the inorganic (e.g., porcelain or other lifeless materials) with the organic (taxidermy), creating juxtapositions that are at once striking and unsettling.&rdquo;<\/em> &#8211; Dick van Broekhuizen, Museum Beelden Aan Zee. <\/p>\n<p><em>&ldquo;Whether you find their work terrifying or beautiful&mdash;or a combination of both&mdash;depends, I believe, on your perspective on life at the moment you encounter it&#8221;<\/em>. &#8211; Madelief Hoh&eacute;, Kunstmuseum The Hague<\/p>\n","protected":false},"excerpt":{"rendered":"<p>Overview of the work of leading Dutch art duo Atelier Les Deux Gar&ccedil;ons. An intriguing mix of taxidermy, art, and found objects.<br \/>INTRODUCTION 7<br \/>\nL&rsquo;Am&eacute;ricain 8<br \/>\nA SYMBIOSIS OF ART AND LIFE 19<br \/>\nEdwin Becker<br \/>\nLe jour de pardon 32<br \/>\nPure 42<br \/>\nLes immortels 54<br \/>\nANIMALIERS OF THE 21ST CENTURY 81<br \/>\nDick van Broekhuizen<br \/>\nLe jugement de Darwin 114<br \/>\nL&rsquo;adieu impossible 132<br \/>\nTERRIFYING YET BEHOLDING 143<br \/>\nMadelief Hoh&eacute;<br \/>\nL&rsquo;heure de la v&eacute;rit&eacute; 170<br \/>\nLes immortels contemporains 188<br \/>\nLa revanche 202<br \/>\nINDEX 236<\/p>\n","protected":false},"featured_media":61318,"template":"","meta":{"_acf_changed":false,"_relevanssi_hide_post":"","_relevanssi_hide_content":"","_relevanssi_pin_for_all":"","_relevanssi_pin_keywords":"","_relevanssi_unpin_keywords":"","_relevanssi_related_keywords":"","_relevanssi_related_include_ids":"","_relevanssi_related_exclude_ids":"","_relevanssi_related_no_append":"","_relevanssi_related_not_related":"","_relevanssi_related_posts":"","_relevanssi_noindex_reason":""},"product_brand":[],"product_cat":[5568],"product_tag":[],"class_list":{"0":"post-61317","1":"product","2":"type-product","3":"status-publish","4":"has-post-thumbnail","6":"product_cat-art","7":"author-by-author-atelier-les-deux-garcons","8":"publisher-lannoo-publishers","10":"first","11":"instock","12":"shipping-taxable","13":"purchasable","14":"product-type-simple"},"acf":[],"yoast_head":"<!-- This site is optimized with the Yoast SEO plugin v27.0 - https:\/\/yoast.com\/product\/yoast-seo-wordpress\/ -->\n<title>Atelier Les Deux Gar\u00e7ons - ACC Art Books UK<\/title>\n<meta name=\"description\" content=\"Title: Atelier Les Deux Gar\u00e7ons, Pages: 240 Pages, Publish Date: 12th Nov 2025, Author: Atelier Les Deux Gar\u00e7ons, ISBN: 9789020929898. Overview of the work of leading Dutch art duo Atelier Les Deux Gar&ccedil;ons. An intriguing mix of taxidermy, art, and found objects.INTRODUCTION 7 L&rsquo;Am&eacute;ricain 8 A SYMBIOSIS OF ART AND LIFE 19 Edwin Becker Le jour de pardon 32 Pure 42 Les immortels 54 ANIMALIERS OF THE 21ST CENTURY 81 Dick van Broekhuizen Le jugement de Darwin 114 L&rsquo;adieu impossible 132 TERRIFYING YET BEHOLDING 143 Madelief Hoh&eacute; L&rsquo;heure de la v&eacute;rit&eacute; 170 Les immortels contemporains 188 La revanche 202 INDEX 236\" \/>\n<meta name=\"robots\" content=\"index, follow, max-snippet:-1, max-image-preview:large, max-video-preview:-1\" \/>\n<link rel=\"canonical\" href=\"https:\/\/www.accartbooks.com\/uk\/book\/atelier-les-deux-garcons\/\" \/>\n<meta property=\"og:locale\" content=\"en_GB\" \/>\n<meta property=\"og:type\" content=\"article\" \/>\n<meta property=\"og:title\" content=\"Atelier Les Deux Gar\u00e7ons - ACC Art Books UK\" \/>\n<meta property=\"og:description\" content=\"Title: Atelier Les Deux Gar\u00e7ons, Pages: 240 Pages, Publish Date: 12th Nov 2025, Author: Atelier Les Deux Gar\u00e7ons, ISBN: 9789020929898. Overview of the work of leading Dutch art duo Atelier Les Deux Gar&ccedil;ons. An intriguing mix of taxidermy, art, and found objects.INTRODUCTION 7 L&rsquo;Am&eacute;ricain 8 A SYMBIOSIS OF ART AND LIFE 19 Edwin Becker Le jour de pardon 32 Pure 42 Les immortels 54 ANIMALIERS OF THE 21ST CENTURY 81 Dick van Broekhuizen Le jugement de Darwin 114 L&rsquo;adieu impossible 132 TERRIFYING YET BEHOLDING 143 Madelief Hoh&eacute; L&rsquo;heure de la v&eacute;rit&eacute; 170 Les immortels contemporains 188 La revanche 202 INDEX 236\" \/>\n<meta property=\"og:url\" content=\"https:\/\/www.accartbooks.com\/uk\/book\/atelier-les-deux-garcons\/\" \/>\n<meta property=\"og:site_name\" content=\"ACC Art Books UK\" \/>\n<meta property=\"article:publisher\" content=\"https:\/\/www.facebook.com\/ACCArtBooks\/\" \/>\n<meta property=\"article:modified_time\" content=\"2025-11-15T01:34:54+00:00\" \/>\n<meta property=\"og:image\" content=\"https:\/\/www.accartbooks.com\/app\/uploads\/books\/9789020929898-04-2.jpg\" \/>\n\t<meta property=\"og:image:width\" content=\"756\" \/>\n\t<meta property=\"og:image:height\" content=\"1024\" \/>\n\t<meta property=\"og:image:type\" content=\"image\/jpeg\" \/>\n<meta name=\"twitter:card\" content=\"summary_large_image\" \/>\n<meta name=\"twitter:site\" content=\"@accartbooks\" \/>\n<meta name=\"twitter:label1\" content=\"Estimated reading time\" \/>\n\t<meta name=\"twitter:data1\" content=\"1 minute\" \/>\n<script type=\"application\/ld+json\" class=\"yoast-schema-graph\">{\"@context\":\"https:\/\/schema.org\",\"@graph\":[{\"@type\":\"WebPage\",\"@id\":\"https:\/\/www.accartbooks.com\/uk\/book\/atelier-les-deux-garcons\/\",\"url\":\"https:\/\/www.accartbooks.com\/uk\/book\/atelier-les-deux-garcons\/\",\"name\":\"Atelier Les Deux Gar\u00e7ons - ACC Art Books UK\",\"isPartOf\":{\"@id\":\"https:\/\/www.accartbooks.com\/uk\/#website\"},\"primaryImageOfPage\":{\"@id\":\"https:\/\/www.accartbooks.com\/uk\/book\/atelier-les-deux-garcons\/#primaryimage\"},\"image\":{\"@id\":\"https:\/\/www.accartbooks.com\/uk\/book\/atelier-les-deux-garcons\/#primaryimage\"},\"thumbnailUrl\":\"https:\/\/www.accartbooks.com\/app\/uploads\/books\/9789020929898-04-2.jpg\",\"datePublished\":\"2025-02-21T14:10:12+00:00\",\"dateModified\":\"2025-11-15T01:34:54+00:00\",\"description\":\"Title: Atelier Les Deux Gar\u00e7ons, Pages: 240 Pages, Publish Date: 12th Nov 2025, Author: Atelier Les Deux Gar\u00e7ons, ISBN: 9789020929898. Overview of the work of leading Dutch art duo Atelier Les Deux Gar&ccedil;ons. An intriguing mix of taxidermy, art, and found objects.INTRODUCTION 7 L&rsquo;Am&eacute;ricain 8 A SYMBIOSIS OF ART AND LIFE 19 Edwin Becker Le jour de pardon 32 Pure 42 Les immortels 54 ANIMALIERS OF THE 21ST CENTURY 81 Dick van Broekhuizen Le jugement de Darwin 114 L&rsquo;adieu impossible 132 TERRIFYING YET BEHOLDING 143 Madelief Hoh&eacute; L&rsquo;heure de la v&eacute;rit&eacute; 170 Les immortels contemporains 188 La revanche 202 INDEX 236\",\"breadcrumb\":{\"@id\":\"https:\/\/www.accartbooks.com\/uk\/book\/atelier-les-deux-garcons\/#breadcrumb\"},\"inLanguage\":\"en-GB\",\"potentialAction\":[{\"@type\":\"ReadAction\",\"target\":[\"https:\/\/www.accartbooks.com\/uk\/book\/atelier-les-deux-garcons\/\"]}]},{\"@type\":\"ImageObject\",\"inLanguage\":\"en-GB\",\"@id\":\"https:\/\/www.accartbooks.com\/uk\/book\/atelier-les-deux-garcons\/#primaryimage\",\"url\":\"https:\/\/www.accartbooks.com\/app\/uploads\/books\/9789020929898-04-2.jpg\",\"contentUrl\":\"https:\/\/www.accartbooks.com\/app\/uploads\/books\/9789020929898-04-2.jpg\",\"width\":1400,\"height\":1819},{\"@type\":\"BreadcrumbList\",\"@id\":\"https:\/\/www.accartbooks.com\/uk\/book\/atelier-les-deux-garcons\/#breadcrumb\",\"itemListElement\":[{\"@type\":\"ListItem\",\"position\":1,\"name\":\"Home\",\"item\":\"https:\/\/www.accartbooks.com\/uk\/\"},{\"@type\":\"ListItem\",\"position\":2,\"name\":\"Books\",\"item\":\"https:\/\/www.accartbooks.com\/uk\/books\/\"},{\"@type\":\"ListItem\",\"position\":3,\"name\":\"Atelier Les Deux Gar\u00e7ons\"}]},{\"@type\":\"WebSite\",\"@id\":\"https:\/\/www.accartbooks.com\/uk\/#website\",\"url\":\"https:\/\/www.accartbooks.com\/uk\/\",\"name\":\"ACC Art Books UK\",\"description\":\"One of the world\u2019s leading publishers and distributors of books on the arts and visual culture\",\"publisher\":{\"@id\":\"https:\/\/www.accartbooks.com\/uk\/#organization\"},\"potentialAction\":[{\"@type\":\"SearchAction\",\"target\":{\"@type\":\"EntryPoint\",\"urlTemplate\":\"https:\/\/www.accartbooks.com\/uk\/?s={search_term_string}\"},\"query-input\":{\"@type\":\"PropertyValueSpecification\",\"valueRequired\":true,\"valueName\":\"search_term_string\"}}],\"inLanguage\":\"en-GB\"},{\"@type\":\"Organization\",\"@id\":\"https:\/\/www.accartbooks.com\/uk\/#organization\",\"name\":\"ACC Art Books UK\",\"url\":\"https:\/\/www.accartbooks.com\/uk\/\",\"logo\":{\"@type\":\"ImageObject\",\"inLanguage\":\"en-GB\",\"@id\":\"https:\/\/www.accartbooks.com\/uk\/#\/schema\/logo\/image\/\",\"url\":\"https:\/\/www.accartbooks.com\/app\/uploads\/2020\/05\/Acc-Logo.png\",\"contentUrl\":\"https:\/\/www.accartbooks.com\/app\/uploads\/2020\/05\/Acc-Logo.png\",\"width\":64,\"height\":100,\"caption\":\"ACC Art Books UK\"},\"image\":{\"@id\":\"https:\/\/www.accartbooks.com\/uk\/#\/schema\/logo\/image\/\"},\"sameAs\":[\"https:\/\/www.facebook.com\/ACCArtBooks\/\",\"https:\/\/x.com\/accartbooks\"]}]}<\/script>\n<!-- \/ Yoast SEO plugin. -->","yoast_head_json":{"title":"Atelier Les Deux Gar\u00e7ons - ACC Art Books UK","description":"Title: Atelier Les Deux Gar\u00e7ons, Pages: 240 Pages, Publish Date: 12th Nov 2025, Author: Atelier Les Deux Gar\u00e7ons, ISBN: 9789020929898. Overview of the work of leading Dutch art duo Atelier Les Deux Gar&ccedil;ons. An intriguing mix of taxidermy, art, and found objects.INTRODUCTION 7 L&rsquo;Am&eacute;ricain 8 A SYMBIOSIS OF ART AND LIFE 19 Edwin Becker Le jour de pardon 32 Pure 42 Les immortels 54 ANIMALIERS OF THE 21ST CENTURY 81 Dick van Broekhuizen Le jugement de Darwin 114 L&rsquo;adieu impossible 132 TERRIFYING YET BEHOLDING 143 Madelief Hoh&eacute; L&rsquo;heure de la v&eacute;rit&eacute; 170 Les immortels contemporains 188 La revanche 202 INDEX 236","robots":{"index":"index","follow":"follow","max-snippet":"max-snippet:-1","max-image-preview":"max-image-preview:large","max-video-preview":"max-video-preview:-1"},"canonical":"https:\/\/www.accartbooks.com\/uk\/book\/atelier-les-deux-garcons\/","og_locale":"en_GB","og_type":"article","og_title":"Atelier Les Deux Gar\u00e7ons - ACC Art Books UK","og_description":"Title: Atelier Les Deux Gar\u00e7ons, Pages: 240 Pages, Publish Date: 12th Nov 2025, Author: Atelier Les Deux Gar\u00e7ons, ISBN: 9789020929898. Overview of the work of leading Dutch art duo Atelier Les Deux Gar&ccedil;ons. An intriguing mix of taxidermy, art, and found objects.INTRODUCTION 7 L&rsquo;Am&eacute;ricain 8 A SYMBIOSIS OF ART AND LIFE 19 Edwin Becker Le jour de pardon 32 Pure 42 Les immortels 54 ANIMALIERS OF THE 21ST CENTURY 81 Dick van Broekhuizen Le jugement de Darwin 114 L&rsquo;adieu impossible 132 TERRIFYING YET BEHOLDING 143 Madelief Hoh&eacute; L&rsquo;heure de la v&eacute;rit&eacute; 170 Les immortels contemporains 188 La revanche 202 INDEX 236","og_url":"https:\/\/www.accartbooks.com\/uk\/book\/atelier-les-deux-garcons\/","og_site_name":"ACC Art Books UK","article_publisher":"https:\/\/www.facebook.com\/ACCArtBooks\/","article_modified_time":"2025-11-15T01:34:54+00:00","og_image":[{"url":"https:\/\/www.accartbooks.com\/app\/uploads\/books\/9789020929898-04-2.jpg","width":756,"height":1024,"type":"image\/jpeg"}],"twitter_card":"summary_large_image","twitter_site":"@accartbooks","twitter_misc":{"Estimated reading time":"1 minute"},"schema":{"@context":"https:\/\/schema.org","@graph":[{"@type":"WebPage","@id":"https:\/\/www.accartbooks.com\/uk\/book\/atelier-les-deux-garcons\/","url":"https:\/\/www.accartbooks.com\/uk\/book\/atelier-les-deux-garcons\/","name":"Atelier Les Deux Gar\u00e7ons - ACC Art Books UK","isPartOf":{"@id":"https:\/\/www.accartbooks.com\/uk\/#website"},"primaryImageOfPage":{"@id":"https:\/\/www.accartbooks.com\/uk\/book\/atelier-les-deux-garcons\/#primaryimage"},"image":{"@id":"https:\/\/www.accartbooks.com\/uk\/book\/atelier-les-deux-garcons\/#primaryimage"},"thumbnailUrl":"https:\/\/www.accartbooks.com\/app\/uploads\/books\/9789020929898-04-2.jpg","datePublished":"2025-02-21T14:10:12+00:00","dateModified":"2025-11-15T01:34:54+00:00","description":"Title: Atelier Les Deux Gar\u00e7ons, Pages: 240 Pages, Publish Date: 12th Nov 2025, Author: Atelier Les Deux Gar\u00e7ons, ISBN: 9789020929898. Overview of the work of leading Dutch art duo Atelier Les Deux Gar&ccedil;ons. An intriguing mix of taxidermy, art, and found objects.INTRODUCTION 7 L&rsquo;Am&eacute;ricain 8 A SYMBIOSIS OF ART AND LIFE 19 Edwin Becker Le jour de pardon 32 Pure 42 Les immortels 54 ANIMALIERS OF THE 21ST CENTURY 81 Dick van Broekhuizen Le jugement de Darwin 114 L&rsquo;adieu impossible 132 TERRIFYING YET BEHOLDING 143 Madelief Hoh&eacute; L&rsquo;heure de la v&eacute;rit&eacute; 170 Les immortels contemporains 188 La revanche 202 INDEX 236","breadcrumb":{"@id":"https:\/\/www.accartbooks.com\/uk\/book\/atelier-les-deux-garcons\/#breadcrumb"},"inLanguage":"en-GB","potentialAction":[{"@type":"ReadAction","target":["https:\/\/www.accartbooks.com\/uk\/book\/atelier-les-deux-garcons\/"]}]},{"@type":"ImageObject","inLanguage":"en-GB","@id":"https:\/\/www.accartbooks.com\/uk\/book\/atelier-les-deux-garcons\/#primaryimage","url":"https:\/\/www.accartbooks.com\/app\/uploads\/books\/9789020929898-04-2.jpg","contentUrl":"https:\/\/www.accartbooks.com\/app\/uploads\/books\/9789020929898-04-2.jpg","width":1400,"height":1819},{"@type":"BreadcrumbList","@id":"https:\/\/www.accartbooks.com\/uk\/book\/atelier-les-deux-garcons\/#breadcrumb","itemListElement":[{"@type":"ListItem","position":1,"name":"Home","item":"https:\/\/www.accartbooks.com\/uk\/"},{"@type":"ListItem","position":2,"name":"Books","item":"https:\/\/www.accartbooks.com\/uk\/books\/"},{"@type":"ListItem","position":3,"name":"Atelier Les Deux Gar\u00e7ons"}]},{"@type":"WebSite","@id":"https:\/\/www.accartbooks.com\/uk\/#website","url":"https:\/\/www.accartbooks.com\/uk\/","name":"ACC Art Books UK","description":"One of the world\u2019s leading publishers and distributors of books on the arts and visual culture","publisher":{"@id":"https:\/\/www.accartbooks.com\/uk\/#organization"},"potentialAction":[{"@type":"SearchAction","target":{"@type":"EntryPoint","urlTemplate":"https:\/\/www.accartbooks.com\/uk\/?s={search_term_string}"},"query-input":{"@type":"PropertyValueSpecification","valueRequired":true,"valueName":"search_term_string"}}],"inLanguage":"en-GB"},{"@type":"Organization","@id":"https:\/\/www.accartbooks.com\/uk\/#organization","name":"ACC Art Books UK","url":"https:\/\/www.accartbooks.com\/uk\/","logo":{"@type":"ImageObject","inLanguage":"en-GB","@id":"https:\/\/www.accartbooks.com\/uk\/#\/schema\/logo\/image\/","url":"https:\/\/www.accartbooks.com\/app\/uploads\/2020\/05\/Acc-Logo.png","contentUrl":"https:\/\/www.accartbooks.com\/app\/uploads\/2020\/05\/Acc-Logo.png","width":64,"height":100,"caption":"ACC Art Books UK"},"image":{"@id":"https:\/\/www.accartbooks.com\/uk\/#\/schema\/logo\/image\/"},"sameAs":["https:\/\/www.facebook.com\/ACCArtBooks\/","https:\/\/x.com\/accartbooks"]}]}},"_links":{"self":[{"href":"https:\/\/www.accartbooks.com\/uk\/wp-json\/wp\/v2\/product\/61317","targetHints":{"allow":["GET"]}}],"collection":[{"href":"https:\/\/www.accartbooks.com\/uk\/wp-json\/wp\/v2\/product"}],"about":[{"href":"https:\/\/www.accartbooks.com\/uk\/wp-json\/wp\/v2\/types\/product"}],"wp:featuredmedia":[{"embeddable":true,"href":"https:\/\/www.accartbooks.com\/uk\/wp-json\/wp\/v2\/media\/61318"}],"wp:attachment":[{"href":"https:\/\/www.accartbooks.com\/uk\/wp-json\/wp\/v2\/media?parent=61317"}],"wp:term":[{"taxonomy":"product_brand","embeddable":true,"href":"https:\/\/www.accartbooks.com\/uk\/wp-json\/wp\/v2\/product_brand?post=61317"},{"taxonomy":"product_cat","embeddable":true,"href":"https:\/\/www.accartbooks.com\/uk\/wp-json\/wp\/v2\/product_cat?post=61317"},{"taxonomy":"product_tag","embeddable":true,"href":"https:\/\/www.accartbooks.com\/uk\/wp-json\/wp\/v2\/product_tag?post=61317"}],"curies":[{"name":"wp","href":"https:\/\/api.w.org\/{rel}","templated":true}]}}